{"id":55286,"date":"2024-04-17T09:08:09","date_gmt":"2024-04-17T08:08:09","guid":{"rendered":"https:\/\/test.trimedea.com\/imprint\/"},"modified":"2025-11-24T13:20:48","modified_gmt":"2025-11-24T12:20:48","slug":"imprint","status":"publish","type":"page","link":"https:\/\/trimedea.com\/cs\/imprint\/","title":{"rendered":"IMPRINT"},"content":{"rendered":"<p>[et_pb_section fb_built=&#8220;1&#8243; admin_label=&#8220;section&#8220; _builder_version=&#8220;4.16&#8243; global_colors_info=&#8220;{}&#8220;][et_pb_row admin_label=&#8220;row&#8220; _builder_version=&#8220;4.16&#8243; background_size=&#8220;initial&#8220; background_position=&#8220;top_left&#8220; background_repeat=&#8220;repeat&#8220; global_colors_info=&#8220;{}&#8220;][et_pb_column type=&#8220;4_4&#8243; _builder_version=&#8220;4.16&#8243; custom_padding=&#8220;|||&#8220; global_colors_info=&#8220;{}&#8220; custom_padding__hover=&#8220;|||&#8220;][et_pb_text admin_label=&#8220;Text&#8220; _builder_version=&#8220;4.27.4&#8243; background_size=&#8220;initial&#8220; background_position=&#8220;top_left&#8220; background_repeat=&#8220;repeat&#8220; hover_enabled=&#8220;0&#8243; global_colors_info=&#8220;{}&#8220; sticky_enabled=&#8220;0&#8243;]<\/p>\n<p><strong>Trimedea International LLC<br \/><\/strong>30 N Gould St Ste N<br \/>Sheridan, WY 82801<br \/>USA<\/p>\n<p><strong>Email:<\/strong> <a href=\"mailto:office@trimedea.com\">office@trimedea.com<\/a><br \/><a target=\"_blank\" rel=\"noopener\">https:\/\/trimedea.com<\/a><\/p>\n<p><strong>Odpov\u011bdn\u00fd je: <\/strong><strong>Trimedea International LLC<\/strong><br \/>E-mail: <a href=\"mailto:office@trimedea.com\">office@trimedea.com<\/a><\/p>\n<p><strong>Odm\u00edtnut\u00ed odpov\u011bdnosti:<\/strong><\/p>\n<p>\u00a9 2025 <strong>Trimedea International LLC<\/strong><br \/>V\u0161echna pr\u00e1va vyhrazena. Ve\u0161ker\u00e9 texty, obr\u00e1zky, ilustrace, sch\u00e9mata, zvukov\u00e9, video a anima\u010dn\u00ed soubory, stejn\u011b jako rozvr\u017een\u00ed a kompilace pou\u017eit\u00e9 na t\u011bchto webov\u00fdch str\u00e1nk\u00e1ch podl\u00e9haj\u00ed autorsk\u00fdm pr\u00e1v\u016fm a dal\u0161\u00edm z\u00e1kon\u016fm na ochranu du\u0161evn\u00edho vlastnictv\u00ed. Tento obsah nesm\u00ed b\u00fdt kop\u00edrov\u00e1n pro komer\u010dn\u00ed \u00fa\u010dely, ukl\u00e1d\u00e1n pro vlastn\u00ed pot\u0159ebu nebo upravov\u00e1n a pou\u017e\u00edv\u00e1n na jin\u00fdch webov\u00fdch str\u00e1nk\u00e1ch. N\u011bkter\u00e9 internetov\u00e9 str\u00e1nky obsahuj\u00ed tak\u00e9 materi\u00e1l, kter\u00fd podl\u00e9h\u00e1 autorsk\u00fdm pr\u00e1v\u016fm t\u011bch, kte\u0159\u00ed jej zp\u0159\u00edstupnili. Tyto str\u00e1nky obsahuj\u00ed tak\u00e9 odkazy na dal\u0161\u00ed str\u00e1nky na internetu. R\u00e1di bychom upozornili, \u017ee v\u00fdzkumn\u00e9 sdru\u017een\u00ed nem\u00e1 \u017e\u00e1dn\u00fd vliv na podobu a obsah t\u011bchto dal\u0161\u00edch str\u00e1nek, na kter\u00e9 jsou uvedeny odkazy. Za obsah, stav, \u00faplnost a kvalitu zde uveden\u00fdch informac\u00ed nelze poskytnout \u017e\u00e1dnou z\u00e1ruku. Toto prohl\u00e1\u0161en\u00ed se vztahuje na v\u0161echny odkazy na extern\u00ed str\u00e1nky a jejich obsah obsa\u017een\u00e9 na na\u0161ich internetov\u00fdch str\u00e1nk\u00e1ch.<\/p>\n<p>Provozovatel t\u00e9to webov\u00e9 str\u00e1nky, kter\u00fd tyto informace vytvo\u0159il podle sv\u00e9ho nejlep\u0161\u00edho v\u011bdom\u00ed a sv\u011bdom\u00ed, uplat\u0148uje jako lidsk\u00e1 bytost sv\u00e9 pr\u00e1vo na svobodu n\u00e1zoru a projevu podle \u010dl\u00e1nku 19 V\u0161eobecn\u00e9 deklarace lidsk\u00fdch pr\u00e1v (UDHR); obsah t\u00e9to webov\u00e9 str\u00e1nky proto podl\u00e9h\u00e1 t\u011bmto univerz\u00e1ln\u00edm lidsk\u00fdm pr\u00e1v\u016fm na svobodn\u00fd projev a nahrazuje jak\u00e9koli pod\u0159\u00edzen\u00e9 nebo omezuj\u00edc\u00ed pr\u00e1vn\u00ed \u00farovn\u011b.<\/p>\n<p>S v\u00fdjimkou chyb a technick\u00fdch zm\u011bn.<\/p>\n<p>Na t\u011bchto webov\u00fdch str\u00e1nk\u00e1ch jsou pou\u017eity sn\u00edmky z webu shutterstock.com.<\/p>\n<p>[\/et_pb_text][\/et_pb_column][\/et_pb_row][\/et_pb_section]<\/p>\n","protected":false},"excerpt":{"rendered":"<p>Trimedea International LLC30 N Gould St Ste NSheridan, WY 82801USA Email: office@trimedea.comhttps:\/\/trimedea.com Odpov\u011bdn\u00fd je: Trimedea International LLCE-mail: office@trimedea.com Odm\u00edtnut\u00ed odpov\u011bdnosti: \u00a9 2025 Trimedea International LLCV\u0161echna pr\u00e1va vyhrazena. Ve\u0161ker\u00e9 texty, obr\u00e1zky, ilustrace, sch\u00e9mata, zvukov\u00e9, video a anima\u010dn\u00ed soubory, stejn\u011b jako rozvr\u017een\u00ed a kompilace pou\u017eit\u00e9 na t\u011bchto webov\u00fdch str\u00e1nk\u00e1ch podl\u00e9haj\u00ed autorsk\u00fdm pr\u00e1v\u016fm a dal\u0161\u00edm z\u00e1kon\u016fm na ochranu [&hellip;]<\/p>\n","protected":false},"author":2,"featured_media":0,"parent":0,"menu_order":0,"comment_status":"closed","ping_status":"closed","template":"","meta":{"_et_pb_use_builder":"on","_et_pb_old_content":"","_et_gb_content_width":"","footnotes":""},"class_list":["post-55286","page","type-page","status-publish","hentry"],"yoast_head":"<!-- This site is optimized with the Yoast SEO plugin v27.5 - https:\/\/yoast.com\/product\/yoast-seo-wordpress\/ -->\n<title>IMPRINT - TRIMEDEA<\/title>\n<meta name=\"description\" content=\"F\u00fcr einen gesunden K\u00f6rper und Geist\" \/>\n<meta name=\"robots\" content=\"index, follow, max-snippet:-1, max-image-preview:large, max-video-preview:-1\" \/>\n<link rel=\"canonical\" href=\"https:\/\/trimedea.com\/cs\/imprint\/\" \/>\n<meta property=\"og:locale\" content=\"cs_CZ\" \/>\n<meta property=\"og:type\" content=\"article\" \/>\n<meta property=\"og:title\" content=\"IMPRINT - TRIMEDEA\" \/>\n<meta property=\"og:description\" content=\"F\u00fcr einen gesunden K\u00f6rper und Geist\" \/>\n<meta property=\"og:url\" content=\"https:\/\/trimedea.com\/cs\/imprint\/\" \/>\n<meta property=\"og:site_name\" content=\"TRIMEDEA\" \/>\n<meta property=\"article:modified_time\" content=\"2025-11-24T12:20:48+00:00\" \/>\n<meta name=\"twitter:card\" content=\"summary_large_image\" \/>\n<script type=\"application\/ld+json\" class=\"yoast-schema-graph\">{\"@context\":\"https:\\\/\\\/schema.org\",\"@graph\":[{\"@type\":\"WebPage\",\"@id\":\"https:\\\/\\\/trimedea.com\\\/cs\\\/imprint\\\/\",\"url\":\"https:\\\/\\\/trimedea.com\\\/cs\\\/imprint\\\/\",\"name\":\"IMPRINT - TRIMEDEA\",\"isPartOf\":{\"@id\":\"https:\\\/\\\/trimedea.com\\\/cs\\\/#website\"},\"datePublished\":\"2024-04-17T08:08:09+00:00\",\"dateModified\":\"2025-11-24T12:20:48+00:00\",\"description\":\"F\u00fcr einen gesunden K\u00f6rper und Geist\",\"breadcrumb\":{\"@id\":\"https:\\\/\\\/trimedea.com\\\/cs\\\/imprint\\\/#breadcrumb\"},\"inLanguage\":\"cs\",\"potentialAction\":[{\"@type\":\"ReadAction\",\"target\":[\"https:\\\/\\\/trimedea.com\\\/cs\\\/imprint\\\/\"]}]},{\"@type\":\"BreadcrumbList\",\"@id\":\"https:\\\/\\\/trimedea.com\\\/cs\\\/imprint\\\/#breadcrumb\",\"itemListElement\":[{\"@type\":\"ListItem\",\"position\":1,\"name\":\"Startseite\",\"item\":\"https:\\\/\\\/trimedea.com\\\/cs\\\/\"},{\"@type\":\"ListItem\",\"position\":2,\"name\":\"IMPRINT\"}]},{\"@type\":\"WebSite\",\"@id\":\"https:\\\/\\\/trimedea.com\\\/cs\\\/#website\",\"url\":\"https:\\\/\\\/trimedea.com\\\/cs\\\/\",\"name\":\"TRIMEDEA\",\"description\":\"F\u00fcr einen gesunden K\u00f6rper und Geist\",\"publisher\":{\"@id\":\"https:\\\/\\\/trimedea.com\\\/cs\\\/#organization\"},\"potentialAction\":[{\"@type\":\"SearchAction\",\"target\":{\"@type\":\"EntryPoint\",\"urlTemplate\":\"https:\\\/\\\/trimedea.com\\\/cs\\\/?s={search_term_string}\"},\"query-input\":{\"@type\":\"PropertyValueSpecification\",\"valueRequired\":true,\"valueName\":\"search_term_string\"}}],\"inLanguage\":\"cs\"},{\"@type\":\"Organization\",\"@id\":\"https:\\\/\\\/trimedea.com\\\/cs\\\/#organization\",\"name\":\"TRIMEDEA\",\"url\":\"https:\\\/\\\/trimedea.com\\\/cs\\\/\",\"logo\":{\"@type\":\"ImageObject\",\"inLanguage\":\"cs\",\"@id\":\"https:\\\/\\\/trimedea.com\\\/cs\\\/#\\\/schema\\\/logo\\\/image\\\/\",\"url\":\"https:\\\/\\\/trimedea.com\\\/wp-content\\\/uploads\\\/2024\\\/04\\\/TRIMEDEA_LOGO.png\",\"contentUrl\":\"https:\\\/\\\/trimedea.com\\\/wp-content\\\/uploads\\\/2024\\\/04\\\/TRIMEDEA_LOGO.png\",\"width\":540,\"height\":248,\"caption\":\"TRIMEDEA\"},\"image\":{\"@id\":\"https:\\\/\\\/trimedea.com\\\/cs\\\/#\\\/schema\\\/logo\\\/image\\\/\"}}]}<\/script>\n<!-- \/ Yoast SEO plugin. -->","yoast_head_json":{"title":"IMPRINT - TRIMEDEA","description":"F\u00fcr einen gesunden K\u00f6rper und Geist","robots":{"index":"index","follow":"follow","max-snippet":"max-snippet:-1","max-image-preview":"max-image-preview:large","max-video-preview":"max-video-preview:-1"},"canonical":"https:\/\/trimedea.com\/cs\/imprint\/","og_locale":"cs_CZ","og_type":"article","og_title":"IMPRINT - TRIMEDEA","og_description":"F\u00fcr einen gesunden K\u00f6rper und Geist","og_url":"https:\/\/trimedea.com\/cs\/imprint\/","og_site_name":"TRIMEDEA","article_modified_time":"2025-11-24T12:20:48+00:00","twitter_card":"summary_large_image","schema":{"@context":"https:\/\/schema.org","@graph":[{"@type":"WebPage","@id":"https:\/\/trimedea.com\/cs\/imprint\/","url":"https:\/\/trimedea.com\/cs\/imprint\/","name":"IMPRINT - TRIMEDEA","isPartOf":{"@id":"https:\/\/trimedea.com\/cs\/#website"},"datePublished":"2024-04-17T08:08:09+00:00","dateModified":"2025-11-24T12:20:48+00:00","description":"F\u00fcr einen gesunden K\u00f6rper und Geist","breadcrumb":{"@id":"https:\/\/trimedea.com\/cs\/imprint\/#breadcrumb"},"inLanguage":"cs","potentialAction":[{"@type":"ReadAction","target":["https:\/\/trimedea.com\/cs\/imprint\/"]}]},{"@type":"BreadcrumbList","@id":"https:\/\/trimedea.com\/cs\/imprint\/#breadcrumb","itemListElement":[{"@type":"ListItem","position":1,"name":"Startseite","item":"https:\/\/trimedea.com\/cs\/"},{"@type":"ListItem","position":2,"name":"IMPRINT"}]},{"@type":"WebSite","@id":"https:\/\/trimedea.com\/cs\/#website","url":"https:\/\/trimedea.com\/cs\/","name":"TRIMEDEA","description":"F\u00fcr einen gesunden K\u00f6rper und Geist","publisher":{"@id":"https:\/\/trimedea.com\/cs\/#organization"},"potentialAction":[{"@type":"SearchAction","target":{"@type":"EntryPoint","urlTemplate":"https:\/\/trimedea.com\/cs\/?s={search_term_string}"},"query-input":{"@type":"PropertyValueSpecification","valueRequired":true,"valueName":"search_term_string"}}],"inLanguage":"cs"},{"@type":"Organization","@id":"https:\/\/trimedea.com\/cs\/#organization","name":"TRIMEDEA","url":"https:\/\/trimedea.com\/cs\/","logo":{"@type":"ImageObject","inLanguage":"cs","@id":"https:\/\/trimedea.com\/cs\/#\/schema\/logo\/image\/","url":"https:\/\/trimedea.com\/wp-content\/uploads\/2024\/04\/TRIMEDEA_LOGO.png","contentUrl":"https:\/\/trimedea.com\/wp-content\/uploads\/2024\/04\/TRIMEDEA_LOGO.png","width":540,"height":248,"caption":"TRIMEDEA"},"image":{"@id":"https:\/\/trimedea.com\/cs\/#\/schema\/logo\/image\/"}}]}},"_links":{"self":[{"href":"https:\/\/trimedea.com\/cs\/wp-json\/wp\/v2\/pages\/55286","targetHints":{"allow":["GET"]}}],"collection":[{"href":"https:\/\/trimedea.com\/cs\/wp-json\/wp\/v2\/pages"}],"about":[{"href":"https:\/\/trimedea.com\/cs\/wp-json\/wp\/v2\/types\/page"}],"author":[{"embeddable":true,"href":"https:\/\/trimedea.com\/cs\/wp-json\/wp\/v2\/users\/2"}],"replies":[{"embeddable":true,"href":"https:\/\/trimedea.com\/cs\/wp-json\/wp\/v2\/comments?post=55286"}],"version-history":[{"count":8,"href":"https:\/\/trimedea.com\/cs\/wp-json\/wp\/v2\/pages\/55286\/revisions"}],"predecessor-version":[{"id":70004,"href":"https:\/\/trimedea.com\/cs\/wp-json\/wp\/v2\/pages\/55286\/revisions\/70004"}],"wp:attachment":[{"href":"https:\/\/trimedea.com\/cs\/wp-json\/wp\/v2\/media?parent=55286"}],"curies":[{"name":"wp","href":"https:\/\/api.w.org\/{rel}","templated":true}]}}