{"id":55287,"date":"2024-05-01T11:02:57","date_gmt":"2024-05-01T10:02:57","guid":{"rendered":"https:\/\/test.trimedea.com\/platebni-metody\/"},"modified":"2024-07-12T05:07:52","modified_gmt":"2024-07-12T05:07:52","slug":"platebni-metody","status":"publish","type":"page","link":"https:\/\/trimedea.com\/cs\/platebni-metody\/","title":{"rendered":"Platebn\u00ed metody"},"content":{"rendered":"<p>[et_pb_section fb_built=&#8220;1&#8243; admin_label=&#8220;section&#8220; _builder_version=&#8220;4.16&#8243; global_colors_info=&#8220;{}&#8220;][et_pb_row admin_label=&#8220;row&#8220; _builder_version=&#8220;4.16&#8243; background_size=&#8220;initial&#8220; background_position=&#8220;top_left&#8220; background_repeat=&#8220;repeat&#8220; global_colors_info=&#8220;{}&#8220;][et_pb_column type=&#8220;4_4&#8243; _builder_version=&#8220;4.16&#8243; custom_padding=&#8220;|||&#8220; global_colors_info=&#8220;{}&#8220; custom_padding__hover=&#8220;|||&#8220;][et_pb_text admin_label=&#8220;Text&#8220; _builder_version=&#8220;4.26.0&#8243; background_size=&#8220;initial&#8220; background_position=&#8220;top_left&#8220; background_repeat=&#8220;repeat&#8220; hover_enabled=&#8220;0&#8243; global_colors_info=&#8220;{}&#8220; sticky_enabled=&#8220;0&#8243;]<\/p>\n<p><strong>Platebn\u00ed metody<\/strong><\/p>\n<p>Nab\u00edz\u00edme n\u00e1sleduj\u00edc\u00ed platebn\u00ed metody. Jednodu\u0161e si vyberte zp\u016fsob platby, kter\u00fd v\u00e1m nejl\u00e9pe vyhovuje. N\u00e1klady na dopravu jsou \u010d\u00e1ste\u010dn\u011b z\u00e1visl\u00e9 na zvolen\u00e9m zp\u016fsobu platby. Ceny uveden\u00e9 v p\u0159\u00edslu\u0161n\u00fdch nab\u00eddk\u00e1ch jsou kone\u010dn\u00e9. Zahrnuj\u00ed v\u0161echny slo\u017eky ceny v\u010detn\u011b p\u0159\u00edpadn\u00fdch dan\u00ed, jako je DPH. Pouze v p\u0159\u00edpad\u011b p\u0159eshrani\u010dn\u00edch dod\u00e1vek m\u016f\u017eete v jednotliv\u00fdch p\u0159\u00edpadech platit dal\u0161\u00ed dan\u011b (nap\u0159. v p\u0159\u00edpad\u011b po\u0159\u00edzen\u00ed v r\u00e1mci Spole\u010denstv\u00ed) a\/nebo cla (nap\u0159. clo), nikoli v\u0161ak prod\u00e1vaj\u00edc\u00edmu, ale p\u0159\u00edslu\u0161n\u00fdm celn\u00edm nebo da\u0148ov\u00fdm org\u00e1n\u016fm. Vznikl\u00e9 n\u00e1klady na doru\u010den\u00ed a dopravu nejsou zahrnuty v kupn\u00ed cen\u011b, lze je vy\u017e\u00e1dat na str\u00e1nce &#8222;N\u00e1klady na dopravu&#8220;, jsou uvedeny samostatn\u011b b\u011bhem procesu objedn\u00e1v\u00e1n\u00ed a hrad\u00edte je nav\u00edc.<\/p>\n<p><em>Na \u00fa\u010det<\/em><\/p>\n<p>Sta\u010d\u00ed objednat a zaplatit.<\/p>\n<p><em>Klarna<\/em><\/p>\n<p>Pla\u0165te pohodln\u011b ve spl\u00e1tk\u00e1ch<\/p>\n<p><em>Kreditn\u00ed karta<\/em><\/p>\n<p>Sta\u010d\u00ed zaplatit kreditn\u00ed kartou.<\/p>\n<p><em>P\u0159edplacen\u00ed<\/em><\/p>\n<p>Celkovou \u010d\u00e1stku objedn\u00e1vky pros\u00edm p\u0159eve\u010fte na n\u00e1\u0161 \u00fa\u010det:<\/p>\n<p><strong>Bankovn\u00ed \u00fadaje<\/strong><br \/><strong>Dr\u017eitel \u00fa\u010dtu<\/strong>: FG EWIV<br \/><strong>Banka:<\/strong> Raiffeisenbank Seefeld-Leutasch<br \/><strong>IBAN:<\/strong> AT623631400000248609<br \/><strong>BIC:<\/strong> RZTIAT22314<\/p>\n<p>&nbsp;<\/p>\n<p>[\/et_pb_text][\/et_pb_column][\/et_pb_row][\/et_pb_section]<\/p>\n","protected":false},"excerpt":{"rendered":"<p>Platebn\u00ed metody Nab\u00edz\u00edme n\u00e1sleduj\u00edc\u00ed platebn\u00ed metody. Jednodu\u0161e si vyberte zp\u016fsob platby, kter\u00fd v\u00e1m nejl\u00e9pe vyhovuje. N\u00e1klady na dopravu jsou \u010d\u00e1ste\u010dn\u011b z\u00e1visl\u00e9 na zvolen\u00e9m zp\u016fsobu platby. Ceny uveden\u00e9 v p\u0159\u00edslu\u0161n\u00fdch nab\u00eddk\u00e1ch jsou kone\u010dn\u00e9. Zahrnuj\u00ed v\u0161echny slo\u017eky ceny v\u010detn\u011b p\u0159\u00edpadn\u00fdch dan\u00ed, jako je DPH. Pouze v p\u0159\u00edpad\u011b p\u0159eshrani\u010dn\u00edch dod\u00e1vek m\u016f\u017eete v jednotliv\u00fdch p\u0159\u00edpadech platit dal\u0161\u00ed dan\u011b (nap\u0159. [&hellip;]<\/p>\n","protected":false},"author":2,"featured_media":0,"parent":0,"menu_order":0,"comment_status":"closed","ping_status":"closed","template":"","meta":{"_et_pb_use_builder":"on","_et_pb_old_content":"<strong>Platebn\u00ed metody<\/strong>\r\n\r\nNab\u00edz\u00edme n\u00e1sleduj\u00edc\u00ed platebn\u00ed metody. Jednodu\u0161e si vyberte zp\u016fsob platby, kter\u00fd v\u00e1m nejl\u00e9pe vyhovuje. N\u00e1klady na dopravu jsou \u010d\u00e1ste\u010dn\u011b z\u00e1visl\u00e9 na zvolen\u00e9m zp\u016fsobu platby. Ceny uveden\u00e9 v p\u0159\u00edslu\u0161n\u00fdch nab\u00eddk\u00e1ch jsou kone\u010dn\u00e9. Zahrnuj\u00ed v\u0161echny slo\u017eky ceny v\u010detn\u011b p\u0159\u00edpadn\u00fdch dan\u00ed, jako je DPH. Pouze v p\u0159\u00edpad\u011b p\u0159eshrani\u010dn\u00edch dod\u00e1vek m\u016f\u017eete v jednotliv\u00fdch p\u0159\u00edpadech platit dal\u0161\u00ed dan\u011b (nap\u0159. v p\u0159\u00edpad\u011b po\u0159\u00edzen\u00ed v r\u00e1mci Spole\u010denstv\u00ed) a\/nebo cla (nap\u0159. clo), nikoli v\u0161ak prod\u00e1vaj\u00edc\u00edmu, ale p\u0159\u00edslu\u0161n\u00fdm celn\u00edm nebo da\u0148ov\u00fdm org\u00e1n\u016fm. Vznikl\u00e9 n\u00e1klady na doru\u010den\u00ed a dopravu nejsou zahrnuty v kupn\u00ed cen\u011b, lze je vy\u017e\u00e1dat na str\u00e1nce \"N\u00e1klady na dopravu\", jsou uvedeny samostatn\u011b b\u011bhem procesu objedn\u00e1v\u00e1n\u00ed a hrad\u00edte je nav\u00edc.\r\n\r\n<em>Dob\u00edrka<\/em>\r\n\r\nP\u0159ipravte si pros\u00edm \u010d\u00e1stku na faktu\u0159e; doru\u010dovatel bude vyb\u00edrat hotovost p\u0159i doru\u010den\u00ed (bez \u0161ek\u016f). [6,50 EUR Nachnahmegeb\u00fchren] Za dob\u00edrku se \u00fa\u010dtuje p\u0159\u00edplatek ve v\u00fd\u0161i , kter\u00fd se plat\u00ed p\u0159\u00edmo doru\u010dovac\u00ed spole\u010dnosti.\r\n\r\n<em>P\u0159\u00edm\u00e9 inkaso<\/em>\r\n\r\nPo odesl\u00e1n\u00ed objedn\u00e1vky si z va\u0161eho bankovn\u00edho \u00fa\u010dtu ode\u010dteme fakturovanou \u010d\u00e1stku za va\u0161i objedn\u00e1vku.\r\n\r\n<em>Na \u00fa\u010det<\/em>\r\nSta\u010d\u00ed objednat a zaplatit.\r\n\r\n<em>Kreditn\u00ed karta<\/em>\r\n\r\nSta\u010d\u00ed zaplatit kreditn\u00ed kartou.\r\n\r\n<em>PayPal<\/em>\r\n\r\nPla\u0165te je\u0161t\u011b rychleji a bezpe\u010dn\u011bji pomoc\u00ed \u00fa\u010dtu PayPal.\r\n\r\n<em>P\u0159edplacen\u00ed<\/em>\r\n\r\nCelkovou \u010d\u00e1stku objedn\u00e1vky pros\u00edm p\u0159eve\u010fte na n\u00e1\u0161 \u00fa\u010det:\r\n\r\n<strong>Bankovn\u00ed \u00fadaje<\/strong>\r\n<strong>Dr\u017eitel \u00fa\u010dtu<\/strong>: FG EWIV\r\n<strong>Banka:<\/strong> Raiffeisenbank Seefeld-Leutasch\r\n<strong>IBAN:<\/strong> AT623631400000248609\r\n<strong>BIC:<\/strong> RZTIAT22314\r\n\r\n\u00a0","_et_gb_content_width":"","footnotes":""},"class_list":["post-55287","page","type-page","status-publish","hentry"],"yoast_head":"<!-- This site is optimized with the Yoast SEO plugin v27.4 - https:\/\/yoast.com\/product\/yoast-seo-wordpress\/ -->\n<title>Platebn\u00ed metody - TRIMEDEA<\/title>\n<meta name=\"description\" content=\"F\u00fcr einen gesunden K\u00f6rper und Geist\" \/>\n<meta name=\"robots\" content=\"index, follow, max-snippet:-1, max-image-preview:large, max-video-preview:-1\" \/>\n<link rel=\"canonical\" href=\"https:\/\/trimedea.com\/cs\/platebni-metody\/\" \/>\n<meta property=\"og:locale\" content=\"cs_CZ\" \/>\n<meta property=\"og:type\" content=\"article\" \/>\n<meta property=\"og:title\" content=\"Platebn\u00ed metody - TRIMEDEA\" \/>\n<meta property=\"og:description\" content=\"F\u00fcr einen gesunden K\u00f6rper und Geist\" \/>\n<meta property=\"og:url\" content=\"https:\/\/trimedea.com\/cs\/platebni-metody\/\" \/>\n<meta property=\"og:site_name\" content=\"TRIMEDEA\" \/>\n<meta property=\"article:modified_time\" content=\"2024-07-12T05:07:52+00:00\" \/>\n<meta name=\"twitter:card\" content=\"summary_large_image\" \/>\n<script type=\"application\/ld+json\" class=\"yoast-schema-graph\">{\"@context\":\"https:\\\/\\\/schema.org\",\"@graph\":[{\"@type\":\"WebPage\",\"@id\":\"https:\\\/\\\/trimedea.com\\\/cs\\\/platebni-metody\\\/\",\"url\":\"https:\\\/\\\/trimedea.com\\\/cs\\\/platebni-metody\\\/\",\"name\":\"Platebn\u00ed metody - TRIMEDEA\",\"isPartOf\":{\"@id\":\"https:\\\/\\\/trimedea.com\\\/cs\\\/#website\"},\"datePublished\":\"2024-05-01T10:02:57+00:00\",\"dateModified\":\"2024-07-12T05:07:52+00:00\",\"description\":\"F\u00fcr einen gesunden K\u00f6rper und Geist\",\"breadcrumb\":{\"@id\":\"https:\\\/\\\/trimedea.com\\\/cs\\\/platebni-metody\\\/#breadcrumb\"},\"inLanguage\":\"cs\",\"potentialAction\":[{\"@type\":\"ReadAction\",\"target\":[\"https:\\\/\\\/trimedea.com\\\/cs\\\/platebni-metody\\\/\"]}]},{\"@type\":\"BreadcrumbList\",\"@id\":\"https:\\\/\\\/trimedea.com\\\/cs\\\/platebni-metody\\\/#breadcrumb\",\"itemListElement\":[{\"@type\":\"ListItem\",\"position\":1,\"name\":\"Startseite\",\"item\":\"https:\\\/\\\/trimedea.com\\\/cs\\\/\"},{\"@type\":\"ListItem\",\"position\":2,\"name\":\"Platebn\u00ed metody\"}]},{\"@type\":\"WebSite\",\"@id\":\"https:\\\/\\\/trimedea.com\\\/cs\\\/#website\",\"url\":\"https:\\\/\\\/trimedea.com\\\/cs\\\/\",\"name\":\"TRIMEDEA\",\"description\":\"F\u00fcr einen gesunden K\u00f6rper und Geist\",\"publisher\":{\"@id\":\"https:\\\/\\\/trimedea.com\\\/cs\\\/#organization\"},\"potentialAction\":[{\"@type\":\"SearchAction\",\"target\":{\"@type\":\"EntryPoint\",\"urlTemplate\":\"https:\\\/\\\/trimedea.com\\\/cs\\\/?s={search_term_string}\"},\"query-input\":{\"@type\":\"PropertyValueSpecification\",\"valueRequired\":true,\"valueName\":\"search_term_string\"}}],\"inLanguage\":\"cs\"},{\"@type\":\"Organization\",\"@id\":\"https:\\\/\\\/trimedea.com\\\/cs\\\/#organization\",\"name\":\"TRIMEDEA\",\"url\":\"https:\\\/\\\/trimedea.com\\\/cs\\\/\",\"logo\":{\"@type\":\"ImageObject\",\"inLanguage\":\"cs\",\"@id\":\"https:\\\/\\\/trimedea.com\\\/cs\\\/#\\\/schema\\\/logo\\\/image\\\/\",\"url\":\"https:\\\/\\\/trimedea.com\\\/wp-content\\\/uploads\\\/2024\\\/04\\\/TRIMEDEA_LOGO.png\",\"contentUrl\":\"https:\\\/\\\/trimedea.com\\\/wp-content\\\/uploads\\\/2024\\\/04\\\/TRIMEDEA_LOGO.png\",\"width\":540,\"height\":248,\"caption\":\"TRIMEDEA\"},\"image\":{\"@id\":\"https:\\\/\\\/trimedea.com\\\/cs\\\/#\\\/schema\\\/logo\\\/image\\\/\"}}]}<\/script>\n<!-- \/ Yoast SEO plugin. -->","yoast_head_json":{"title":"Platebn\u00ed metody - TRIMEDEA","description":"F\u00fcr einen gesunden K\u00f6rper und Geist","robots":{"index":"index","follow":"follow","max-snippet":"max-snippet:-1","max-image-preview":"max-image-preview:large","max-video-preview":"max-video-preview:-1"},"canonical":"https:\/\/trimedea.com\/cs\/platebni-metody\/","og_locale":"cs_CZ","og_type":"article","og_title":"Platebn\u00ed metody - TRIMEDEA","og_description":"F\u00fcr einen gesunden K\u00f6rper und Geist","og_url":"https:\/\/trimedea.com\/cs\/platebni-metody\/","og_site_name":"TRIMEDEA","article_modified_time":"2024-07-12T05:07:52+00:00","twitter_card":"summary_large_image","schema":{"@context":"https:\/\/schema.org","@graph":[{"@type":"WebPage","@id":"https:\/\/trimedea.com\/cs\/platebni-metody\/","url":"https:\/\/trimedea.com\/cs\/platebni-metody\/","name":"Platebn\u00ed metody - TRIMEDEA","isPartOf":{"@id":"https:\/\/trimedea.com\/cs\/#website"},"datePublished":"2024-05-01T10:02:57+00:00","dateModified":"2024-07-12T05:07:52+00:00","description":"F\u00fcr einen gesunden K\u00f6rper und Geist","breadcrumb":{"@id":"https:\/\/trimedea.com\/cs\/platebni-metody\/#breadcrumb"},"inLanguage":"cs","potentialAction":[{"@type":"ReadAction","target":["https:\/\/trimedea.com\/cs\/platebni-metody\/"]}]},{"@type":"BreadcrumbList","@id":"https:\/\/trimedea.com\/cs\/platebni-metody\/#breadcrumb","itemListElement":[{"@type":"ListItem","position":1,"name":"Startseite","item":"https:\/\/trimedea.com\/cs\/"},{"@type":"ListItem","position":2,"name":"Platebn\u00ed metody"}]},{"@type":"WebSite","@id":"https:\/\/trimedea.com\/cs\/#website","url":"https:\/\/trimedea.com\/cs\/","name":"TRIMEDEA","description":"F\u00fcr einen gesunden K\u00f6rper und Geist","publisher":{"@id":"https:\/\/trimedea.com\/cs\/#organization"},"potentialAction":[{"@type":"SearchAction","target":{"@type":"EntryPoint","urlTemplate":"https:\/\/trimedea.com\/cs\/?s={search_term_string}"},"query-input":{"@type":"PropertyValueSpecification","valueRequired":true,"valueName":"search_term_string"}}],"inLanguage":"cs"},{"@type":"Organization","@id":"https:\/\/trimedea.com\/cs\/#organization","name":"TRIMEDEA","url":"https:\/\/trimedea.com\/cs\/","logo":{"@type":"ImageObject","inLanguage":"cs","@id":"https:\/\/trimedea.com\/cs\/#\/schema\/logo\/image\/","url":"https:\/\/trimedea.com\/wp-content\/uploads\/2024\/04\/TRIMEDEA_LOGO.png","contentUrl":"https:\/\/trimedea.com\/wp-content\/uploads\/2024\/04\/TRIMEDEA_LOGO.png","width":540,"height":248,"caption":"TRIMEDEA"},"image":{"@id":"https:\/\/trimedea.com\/cs\/#\/schema\/logo\/image\/"}}]}},"_links":{"self":[{"href":"https:\/\/trimedea.com\/cs\/wp-json\/wp\/v2\/pages\/55287","targetHints":{"allow":["GET"]}}],"collection":[{"href":"https:\/\/trimedea.com\/cs\/wp-json\/wp\/v2\/pages"}],"about":[{"href":"https:\/\/trimedea.com\/cs\/wp-json\/wp\/v2\/types\/page"}],"author":[{"embeddable":true,"href":"https:\/\/trimedea.com\/cs\/wp-json\/wp\/v2\/users\/2"}],"replies":[{"embeddable":true,"href":"https:\/\/trimedea.com\/cs\/wp-json\/wp\/v2\/comments?post=55287"}],"version-history":[{"count":0,"href":"https:\/\/trimedea.com\/cs\/wp-json\/wp\/v2\/pages\/55287\/revisions"}],"wp:attachment":[{"href":"https:\/\/trimedea.com\/cs\/wp-json\/wp\/v2\/media?parent=55287"}],"curies":[{"name":"wp","href":"https:\/\/api.w.org\/{rel}","templated":true}]}}