{"id":55288,"date":"2024-05-01T11:02:56","date_gmt":"2024-05-01T10:02:56","guid":{"rendered":"https:\/\/test.trimedea.com\/storno-podminky\/"},"modified":"2025-10-22T10:12:57","modified_gmt":"2025-10-22T09:12:57","slug":"storno-podminky","status":"publish","type":"page","link":"https:\/\/trimedea.com\/cs\/storno-podminky\/","title":{"rendered":"STORNO PODM\u00cdNKY"},"content":{"rendered":"<p>[et_pb_section fb_built=&#8220;1&#8243; theme_builder_area=&#8220;post_content&#8220; _builder_version=&#8220;4.27.4&#8243; _module_preset=&#8220;default&#8220;][et_pb_row _builder_version=&#8220;4.27.4&#8243; _module_preset=&#8220;default&#8220; theme_builder_area=&#8220;post_content&#8220;][et_pb_column _builder_version=&#8220;4.27.4&#8243; _module_preset=&#8220;default&#8220; type=&#8220;4_4&#8243; theme_builder_area=&#8220;post_content&#8220;][et_pb_text _builder_version=&#8220;4.27.4&#8243; _module_preset=&#8220;default&#8220; theme_builder_area=&#8220;post_content&#8220; hover_enabled=&#8220;0&#8243; sticky_enabled=&#8220;0&#8243;]<\/p>\n<div id=\"main-content\">\n<article id=\"post-55288\" class=\"post-55288 page type-page status-publish hentry\">\n<div class=\"entry-content\">\n<div class=\"et-l et-l--post\">\n<div class=\"et_builder_inner_content et_pb_gutters3\">\n<p>Jako kone\u010dn\u00fd spot\u0159ebitel m\u00e1te pr\u00e1vo odstoupit od t\u00e9to smlouvy do \u010dtrn\u00e1cti dn\u016f bez ud\u00e1n\u00ed d\u016fvodu. Lh\u016fta pro odstoupen\u00ed od smlouvy je \u010dtrn\u00e1ct dn\u00ed ode dne, kdy jste vy nebo v\u00e1mi ur\u010den\u00e1 t\u0159et\u00ed osoba, kter\u00e1 nen\u00ed dopravcem, p\u0159evzali posledn\u00ed d\u00edl\u010d\u00ed z\u00e1silku nebo posledn\u00ed polo\u017eku.<\/p>\n<p>Chcete-li uplatnit pr\u00e1vo na zru\u0161en\u00ed, mus\u00edte n\u00e1s informovat (<strong>Trimedea International LLC<\/strong>, po\u0161tovn\u00ed adresa: 30 N Gould St Ste N, Sheridan, WY 82801, USA,\u00a0<br \/><strong>Email:<\/strong> office@trimedea.com) o sv\u00e9m rozhodnut\u00ed odstoupit od t\u00e9to smlouvy jednozna\u010dn\u00fdm prohl\u00e1\u0161en\u00edm (nap\u0159. dopisem zaslan\u00fdm po\u0161tou nebo e-mailem). M\u016f\u017eete pou\u017e\u00edt p\u0159ilo\u017een\u00fd vzorov\u00fd formul\u00e1\u0159, ale nen\u00ed to povinn\u00e9.<\/p>\n<p>Pro dodr\u017een\u00ed lh\u016fty pro odstoupen\u00ed od smlouvy sta\u010d\u00ed, kdy\u017e ozn\u00e1men\u00ed o uplatn\u011bn\u00ed pr\u00e1va na odstoupen\u00ed od smlouvy ode\u0161lete p\u0159ed uplynut\u00edm lh\u016fty pro odstoupen\u00ed od smlouvy.<\/p>\n<h3>D\u016eSLEDKY ODVOL\u00c1N\u00cd<\/h3>\n<p>Pokud od t\u00e9to smlouvy odstoup\u00edte, mus\u00edme v\u00e1m vr\u00e1tit v\u0161echny platby, kter\u00e9 jsme od v\u00e1s obdr\u017eeli, po ode\u010dten\u00ed n\u00e1klad\u016f na dod\u00e1n\u00ed a polo\u017eek vylou\u010den\u00fdch z odstoupen\u00ed od smlouvy, a to po obdr\u017een\u00ed a kontrole zbo\u017e\u00ed do \u010dtrn\u00e1cti dn\u016f ode dne, kdy jsme zbo\u017e\u00ed obdr\u017eeli. Uve\u010fte n\u00e1m pros\u00edm bankovn\u00ed \u00fadaje se jm\u00e9nem majitele \u00fa\u010dtu a IBAN pro splacen\u00ed \u010d\u00e1stky. N\u00e1klady na vr\u00e1cen\u00ed zbo\u017e\u00ed nesete vy. Ztr\u00e1tu hodnoty zbo\u017e\u00ed mus\u00edte uhradit pouze v p\u0159\u00edpad\u011b, \u017ee ke ztr\u00e1t\u011b hodnoty do\u0161lo v d\u016fsledku manipulace se zbo\u017e\u00edm, kter\u00e1 nen\u00ed nezbytn\u00e1 pro kontrolu jeho stavu, vlastnost\u00ed a funk\u010dnosti.<\/p>\n<h3>PR\u00c1VO NA ODSTOUPEN\u00cd OD SMLOUVY SE NEVZTAHUJE NA N\u00c1SLEDUJ\u00cdC\u00cd SMLOUVY:<\/h3>\n<p>Smlouvy na dod\u00e1vky zbo\u017e\u00ed, kter\u00e9 nen\u00ed prefabrikovan\u00e9 a pro jeho\u017e v\u00fdrobu je rozhoduj\u00edc\u00ed individu\u00e1ln\u00ed v\u00fdb\u011br nebo ur\u010den\u00ed spot\u0159ebitelem nebo kter\u00e9 je zjevn\u011b p\u0159izp\u016fsobeno osobn\u00edm pot\u0159eb\u00e1m spot\u0159ebitele nebo kter\u00e9 p\u0159i\u0161lo do styku s t\u011blesn\u00fdmi tekutinami.<\/p>\n<p><strong>Z pr\u00e1va na odstoupen\u00ed od smlouvy jsou rovn\u011b\u017e vylou\u010deni<\/strong><\/p>\n<ul>\n<li>V\u0161echny koloidn\u00ed kovy<\/li>\n<li>CDL<\/li>\n<li>Otev\u0159en\u00e9 l\u00e1hve\/plechovky<\/li>\n<li>Jednotliv\u00e9 v\u00fdrobky ze sady<\/li>\n<li>Instalovan\u00e9 vodn\u00ed syst\u00e9my<\/li>\n<li>Zaplaven\u00e9 filtry<\/li>\n<li>Ponorn\u00e9 membr\u00e1ny<\/li>\n<li>Gener\u00e1tor zvuku<\/li>\n<\/ul>\n<p>&nbsp;<\/p>\n<h3>Storno formul\u00e1\u0159<\/h3>\n<p>Pokud si p\u0159ejete smlouvu zru\u0161it, vypl\u0148te pros\u00edm tento formul\u00e1\u0159 a za\u0161lete n\u00e1m jej zp\u011bt.<\/p>\n<p>Po\u0161tovn\u00ed adresa:<\/p>\n<p><strong>Trimedea International LLC<\/strong><br \/>30 N Gould St Ste N<br \/>Sheridan, WY 82801<br \/>USA<br \/><strong>Email:<\/strong> office@trimedea.com<\/p>\n<p>T\u00edmto ru\u0161\u00edm\/ru\u0161\u00edme smlouvu uzav\u0159enou mnou\/n\u00e1mi na n\u00e1kup n\u00e1sleduj\u00edc\u00edho zbo\u017e\u00ed:<\/p>\n<p>\u2026\u2026\u2026\u2026\u2026\u2026\u2026\u2026\u2026\u2026\u2026\u2026\u2026\u2026\u2026\u2026.<\/p>\n<p>\u2026\u2026\u2026\u2026\u2026\u2026\u2026\u2026\u2026\u2026\u2026\u2026\u2026\u2026\u2026\u2026.<br \/>(n\u00e1zev zbo\u017e\u00ed, \u010d\u00edslo faktury, cena)<\/p>\n<p>Objedn\u00e1no dne:<\/p>\n<p>\u2026\u2026\u2026\u2026\u2026\u2026\u2026\u2026\u2026\u2026\u2026\u2026\u2026\u2026\u2026\u2026.<br \/>(datum)<\/p>\n<p>P\u0159ijato dne:<\/p>\n<p>\u2026\u2026\u2026\u2026\u2026\u2026\u2026\u2026\u2026\u2026\u2026\u2026\u2026\u2026\u2026\u2026.<br \/>(datum)<\/p>\n<p>Jm\u00e9no, adresa spot\u0159ebitele (spot\u0159ebitel\u016f):<\/p>\n<p>\u2026\u2026\u2026\u2026\u2026\u2026\u2026\u2026\u2026\u2026\u2026\u2026\u2026\u2026\u2026\u2026.<\/p>\n<p>\u2026\u2026\u2026\u2026\u2026\u2026\u2026\u2026\u2026\u2026\u2026\u2026\u2026\u2026\u2026\u2026.<\/p>\n<p>\u2026\u2026\u2026\u2026\u2026\u2026\u2026\u2026\u2026\u2026\u2026\u2026\u2026\u2026\u2026\u2026.<\/p>\n<p>\u2026\u2026\u2026\u2026\u2026\u2026\u2026\u2026\u2026\u2026\u2026\u2026\u2026\u2026\u2026\u2026.<br \/>(datum)<\/p>\n<p>\u2026\u2026\u2026\u2026\u2026\u2026\u2026\u2026\u2026\u2026\u2026\u2026\u2026\u2026\u2026\u2026.<br \/>(Podpis z\u00e1kazn\u00edka \u2013 pouze v p\u0159\u00edpad\u011b p\u00edsemn\u00e9ho zru\u0161en\u00ed)<\/p>\n<\/div>\n<\/div>\n<\/div>\n<\/article>\n<\/div>\n<p>[\/et_pb_text][\/et_pb_column][\/et_pb_row][\/et_pb_section]<\/p>\n","protected":false},"excerpt":{"rendered":"<p>Jako kone\u010dn\u00fd spot\u0159ebitel m\u00e1te pr\u00e1vo odstoupit od t\u00e9to smlouvy do \u010dtrn\u00e1cti dn\u016f bez ud\u00e1n\u00ed d\u016fvodu. Lh\u016fta pro odstoupen\u00ed od smlouvy je \u010dtrn\u00e1ct dn\u00ed ode dne, kdy jste vy nebo v\u00e1mi ur\u010den\u00e1 t\u0159et\u00ed osoba, kter\u00e1 nen\u00ed dopravcem, p\u0159evzali posledn\u00ed d\u00edl\u010d\u00ed z\u00e1silku nebo posledn\u00ed polo\u017eku. Chcete-li uplatnit pr\u00e1vo na zru\u0161en\u00ed, mus\u00edte n\u00e1s informovat (Trimedea International LLC, po\u0161tovn\u00ed [&hellip;]<\/p>\n","protected":false},"author":2,"featured_media":0,"parent":0,"menu_order":0,"comment_status":"closed","ping_status":"closed","template":"","meta":{"_et_pb_use_builder":"on","_et_pb_old_content":"","_et_gb_content_width":"","footnotes":""},"class_list":["post-55288","page","type-page","status-publish","hentry"],"yoast_head":"<!-- This site is optimized with the Yoast SEO plugin v27.3 - https:\/\/yoast.com\/product\/yoast-seo-wordpress\/ -->\n<title>STORNO PODM\u00cdNKY - TRIMEDEA<\/title>\n<meta name=\"description\" content=\"F\u00fcr einen gesunden K\u00f6rper und Geist\" \/>\n<meta name=\"robots\" content=\"index, follow, max-snippet:-1, max-image-preview:large, max-video-preview:-1\" \/>\n<link rel=\"canonical\" href=\"https:\/\/trimedea.com\/cs\/storno-podminky\/\" \/>\n<meta property=\"og:locale\" content=\"cs_CZ\" \/>\n<meta property=\"og:type\" content=\"article\" \/>\n<meta property=\"og:title\" content=\"STORNO PODM\u00cdNKY - TRIMEDEA\" \/>\n<meta property=\"og:description\" content=\"F\u00fcr einen gesunden K\u00f6rper und Geist\" \/>\n<meta property=\"og:url\" content=\"https:\/\/trimedea.com\/cs\/storno-podminky\/\" \/>\n<meta property=\"og:site_name\" content=\"TRIMEDEA\" \/>\n<meta property=\"article:modified_time\" content=\"2025-10-22T09:12:57+00:00\" \/>\n<meta name=\"twitter:card\" content=\"summary_large_image\" \/>\n<script type=\"application\/ld+json\" class=\"yoast-schema-graph\">{\"@context\":\"https:\\\/\\\/schema.org\",\"@graph\":[{\"@type\":\"WebPage\",\"@id\":\"https:\\\/\\\/trimedea.com\\\/cs\\\/storno-podminky\\\/\",\"url\":\"https:\\\/\\\/trimedea.com\\\/cs\\\/storno-podminky\\\/\",\"name\":\"STORNO PODM\u00cdNKY - TRIMEDEA\",\"isPartOf\":{\"@id\":\"https:\\\/\\\/trimedea.com\\\/cs\\\/#website\"},\"datePublished\":\"2024-05-01T10:02:56+00:00\",\"dateModified\":\"2025-10-22T09:12:57+00:00\",\"description\":\"F\u00fcr einen gesunden K\u00f6rper und Geist\",\"breadcrumb\":{\"@id\":\"https:\\\/\\\/trimedea.com\\\/cs\\\/storno-podminky\\\/#breadcrumb\"},\"inLanguage\":\"cs\",\"potentialAction\":[{\"@type\":\"ReadAction\",\"target\":[\"https:\\\/\\\/trimedea.com\\\/cs\\\/storno-podminky\\\/\"]}]},{\"@type\":\"BreadcrumbList\",\"@id\":\"https:\\\/\\\/trimedea.com\\\/cs\\\/storno-podminky\\\/#breadcrumb\",\"itemListElement\":[{\"@type\":\"ListItem\",\"position\":1,\"name\":\"Startseite\",\"item\":\"https:\\\/\\\/trimedea.com\\\/cs\\\/\"},{\"@type\":\"ListItem\",\"position\":2,\"name\":\"STORNO PODM\u00cdNKY\"}]},{\"@type\":\"WebSite\",\"@id\":\"https:\\\/\\\/trimedea.com\\\/cs\\\/#website\",\"url\":\"https:\\\/\\\/trimedea.com\\\/cs\\\/\",\"name\":\"TRIMEDEA\",\"description\":\"F\u00fcr einen gesunden K\u00f6rper und Geist\",\"publisher\":{\"@id\":\"https:\\\/\\\/trimedea.com\\\/cs\\\/#organization\"},\"potentialAction\":[{\"@type\":\"SearchAction\",\"target\":{\"@type\":\"EntryPoint\",\"urlTemplate\":\"https:\\\/\\\/trimedea.com\\\/cs\\\/?s={search_term_string}\"},\"query-input\":{\"@type\":\"PropertyValueSpecification\",\"valueRequired\":true,\"valueName\":\"search_term_string\"}}],\"inLanguage\":\"cs\"},{\"@type\":\"Organization\",\"@id\":\"https:\\\/\\\/trimedea.com\\\/cs\\\/#organization\",\"name\":\"TRIMEDEA\",\"url\":\"https:\\\/\\\/trimedea.com\\\/cs\\\/\",\"logo\":{\"@type\":\"ImageObject\",\"inLanguage\":\"cs\",\"@id\":\"https:\\\/\\\/trimedea.com\\\/cs\\\/#\\\/schema\\\/logo\\\/image\\\/\",\"url\":\"https:\\\/\\\/trimedea.com\\\/wp-content\\\/uploads\\\/2024\\\/04\\\/TRIMEDEA_LOGO.png\",\"contentUrl\":\"https:\\\/\\\/trimedea.com\\\/wp-content\\\/uploads\\\/2024\\\/04\\\/TRIMEDEA_LOGO.png\",\"width\":540,\"height\":248,\"caption\":\"TRIMEDEA\"},\"image\":{\"@id\":\"https:\\\/\\\/trimedea.com\\\/cs\\\/#\\\/schema\\\/logo\\\/image\\\/\"}}]}<\/script>\n<!-- \/ Yoast SEO plugin. -->","yoast_head_json":{"title":"STORNO PODM\u00cdNKY - TRIMEDEA","description":"F\u00fcr einen gesunden K\u00f6rper und Geist","robots":{"index":"index","follow":"follow","max-snippet":"max-snippet:-1","max-image-preview":"max-image-preview:large","max-video-preview":"max-video-preview:-1"},"canonical":"https:\/\/trimedea.com\/cs\/storno-podminky\/","og_locale":"cs_CZ","og_type":"article","og_title":"STORNO PODM\u00cdNKY - TRIMEDEA","og_description":"F\u00fcr einen gesunden K\u00f6rper und Geist","og_url":"https:\/\/trimedea.com\/cs\/storno-podminky\/","og_site_name":"TRIMEDEA","article_modified_time":"2025-10-22T09:12:57+00:00","twitter_card":"summary_large_image","schema":{"@context":"https:\/\/schema.org","@graph":[{"@type":"WebPage","@id":"https:\/\/trimedea.com\/cs\/storno-podminky\/","url":"https:\/\/trimedea.com\/cs\/storno-podminky\/","name":"STORNO PODM\u00cdNKY - TRIMEDEA","isPartOf":{"@id":"https:\/\/trimedea.com\/cs\/#website"},"datePublished":"2024-05-01T10:02:56+00:00","dateModified":"2025-10-22T09:12:57+00:00","description":"F\u00fcr einen gesunden K\u00f6rper und Geist","breadcrumb":{"@id":"https:\/\/trimedea.com\/cs\/storno-podminky\/#breadcrumb"},"inLanguage":"cs","potentialAction":[{"@type":"ReadAction","target":["https:\/\/trimedea.com\/cs\/storno-podminky\/"]}]},{"@type":"BreadcrumbList","@id":"https:\/\/trimedea.com\/cs\/storno-podminky\/#breadcrumb","itemListElement":[{"@type":"ListItem","position":1,"name":"Startseite","item":"https:\/\/trimedea.com\/cs\/"},{"@type":"ListItem","position":2,"name":"STORNO PODM\u00cdNKY"}]},{"@type":"WebSite","@id":"https:\/\/trimedea.com\/cs\/#website","url":"https:\/\/trimedea.com\/cs\/","name":"TRIMEDEA","description":"F\u00fcr einen gesunden K\u00f6rper und Geist","publisher":{"@id":"https:\/\/trimedea.com\/cs\/#organization"},"potentialAction":[{"@type":"SearchAction","target":{"@type":"EntryPoint","urlTemplate":"https:\/\/trimedea.com\/cs\/?s={search_term_string}"},"query-input":{"@type":"PropertyValueSpecification","valueRequired":true,"valueName":"search_term_string"}}],"inLanguage":"cs"},{"@type":"Organization","@id":"https:\/\/trimedea.com\/cs\/#organization","name":"TRIMEDEA","url":"https:\/\/trimedea.com\/cs\/","logo":{"@type":"ImageObject","inLanguage":"cs","@id":"https:\/\/trimedea.com\/cs\/#\/schema\/logo\/image\/","url":"https:\/\/trimedea.com\/wp-content\/uploads\/2024\/04\/TRIMEDEA_LOGO.png","contentUrl":"https:\/\/trimedea.com\/wp-content\/uploads\/2024\/04\/TRIMEDEA_LOGO.png","width":540,"height":248,"caption":"TRIMEDEA"},"image":{"@id":"https:\/\/trimedea.com\/cs\/#\/schema\/logo\/image\/"}}]}},"_links":{"self":[{"href":"https:\/\/trimedea.com\/cs\/wp-json\/wp\/v2\/pages\/55288","targetHints":{"allow":["GET"]}}],"collection":[{"href":"https:\/\/trimedea.com\/cs\/wp-json\/wp\/v2\/pages"}],"about":[{"href":"https:\/\/trimedea.com\/cs\/wp-json\/wp\/v2\/types\/page"}],"author":[{"embeddable":true,"href":"https:\/\/trimedea.com\/cs\/wp-json\/wp\/v2\/users\/2"}],"replies":[{"embeddable":true,"href":"https:\/\/trimedea.com\/cs\/wp-json\/wp\/v2\/comments?post=55288"}],"version-history":[{"count":2,"href":"https:\/\/trimedea.com\/cs\/wp-json\/wp\/v2\/pages\/55288\/revisions"}],"predecessor-version":[{"id":69726,"href":"https:\/\/trimedea.com\/cs\/wp-json\/wp\/v2\/pages\/55288\/revisions\/69726"}],"wp:attachment":[{"href":"https:\/\/trimedea.com\/cs\/wp-json\/wp\/v2\/media?parent=55288"}],"curies":[{"name":"wp","href":"https:\/\/api.w.org\/{rel}","templated":true}]}}