{"id":55291,"date":"2024-05-01T11:02:56","date_gmt":"2024-05-01T11:02:56","guid":{"rendered":"https:\/\/test.trimedea.com\/preprava-a-dodani\/"},"modified":"2024-07-04T07:47:45","modified_gmt":"2024-07-04T07:47:45","slug":"preprava-a-dodani","status":"publish","type":"page","link":"https:\/\/trimedea.com\/cs\/preprava-a-dodani\/","title":{"rendered":"P\u0159eprava a dod\u00e1n\u00ed"},"content":{"rendered":"<p>[et_pb_section fb_built=&#8220;1&#8243; admin_label=&#8220;section&#8220; _builder_version=&#8220;4.16&#8243; global_colors_info=&#8220;{}&#8220;][et_pb_row admin_label=&#8220;\u0159\u00e1dek&#8220; _builder_version=&#8220;4.16&#8243; background_size=&#8220;initial&#8220; background_position=&#8220;top_left&#8220; background_repeat=&#8220;repeat&#8220; global_colors_info=&#8220;{}&#8220;][et_pb_column type=&#8220;4_4&#8243; _builder_version=&#8220;4.16&#8243; custom_padding=&#8220;|||&#8220; global_colors_info=&#8220;{}&#8220; custom_padding__hover=&#8220;|||&#8220;][et_pb_text admin_label=&#8220;Text&#8220; _builder_version=&#8220;4.25.2&#8243; background_size=&#8220;initial&#8220; background_position=&#8220;top_left&#8220; background_repeat=&#8220;repeat&#8220; global_colors_info=&#8220;{}&#8220;]<\/p>\n<h1>P\u0159eprava a dod\u00e1n\u00ed<\/h1>\n<h3>Dod\u00e1n\u00ed a zpo\u017ed\u011bn\u00ed<\/h3>\n<p>Dod\u00e1v\u00e1me pouze na z\u00e1klad\u011b po\u0161tovn\u00ed objedn\u00e1vky. Zbo\u017e\u00ed nen\u00ed mo\u017en\u00e9 vyzvednout osobn\u011b. K uveden\u00fdm cen\u00e1m v\u00fdrobk\u016f se p\u0159ipo\u010d\u00edt\u00e1vaj\u00ed n\u00e1klady na dopravu. Dal\u0161\u00ed informace o p\u0159\u00edpadn\u00fdch n\u00e1kladech na dopravu z\u00edsk\u00e1te b\u011bhem procesu objedn\u00e1v\u00e1n\u00ed po zad\u00e1n\u00ed dodac\u00ed adresy. V\u00edce o tom v na\u0161ich VOP.<\/p>\n<h3>Dotazy t\u00fdkaj\u00edc\u00ed se va\u0161\u00ed dod\u00e1vky \/ reklamace<\/h3>\n<p><strong>1. doru\u010den\u00ed koloid\u016f v zim\u011b ve velmi chladn\u00e9m stavu. Co je t\u0159eba vz\u00edt v \u00favahu?<\/strong><\/p>\n<p>Pokud obdr\u017e\u00edte koloidy ve studen\u00e9m stavu, jednodu\u0161e je nechte pomalu zah\u0159\u00e1t p\u0159i pokojov\u00e9 teplot\u011b. Energie, kter\u00e1 byla &#8222;odebr\u00e1na&#8220; p\u0159i n\u00edzk\u00fdch teplot\u00e1ch (kovov\u00e9 \u010d\u00e1stice jsou st\u00e1le v uzav\u0159en\u00fdch lahv\u00edch!), je zp\u011btn\u011b dod\u00e1v\u00e1na teplem. Chcete-li dobu zkr\u00e1tit, um\u00edst\u011bte l\u00e1hve na topen\u00ed nebo vedle n\u011bj.  <strong>Koloidy v \u017e\u00e1dn\u00e9m p\u0159\u00edpad\u011b neoh\u0159\u00edvejte p\u0159\u00edmo v mikrovlnn\u00e9 troub\u011b nebo na induk\u010dn\u00ed desce!<\/strong><\/p>\n<p><b>2. zbo\u017e\u00ed dorazilo podle stavu DPD. Z\u00e1silku jste v\u0161ak neobdr\u017eeli:<\/b><\/p>\n<p>Vypl\u0148te <a href=\"https:\/\/trimedea.com\/wp-content\/uploads\/2022\/12\/DPD_Rechtsverbindliche-Erklaerung-DPD.pdf\" target=\"_blank\" rel=\"noopener\">PDF s pr\u00e1vn\u011b z\u00e1vazn\u00fdm prohl\u00e1\u0161en\u00edm<\/a> pro DPD, podepi\u0161te ho a po\u0161lete n\u00e1m ho <a href=\"mailto:info@trimedea.com\" target=\"_blank\" rel=\"noopener\">e-mailem<\/a>, abychom mohli podat st\u00ed\u017enost u DPD. Bez tohoto podepsan\u00e9ho prohl\u00e1\u0161en\u00ed nem\u016f\u017eeme reklamaci z\u00e1silky p\u0159ijmout!<\/p>\n<p><strong>3. zbo\u017e\u00ed dorazilo po\u0161kozen\u00e9 nebo vadn\u00e9. Jak byste m\u011bli postupovat?<\/strong><\/p>\n<p>Pokud zjist\u00edte z\u00e1vadu na n\u00e1mi dodan\u00e9m zbo\u017e\u00ed, za\u0161lete n\u00e1m pros\u00edm e-mail (viz formul\u00e1\u0159 n\u00ed\u017ee) na adresu <a href=\"mailto:info@trimedea.com\" target=\"_blank\" rel=\"noopener\">info@trimedea.com<\/a> s popisem z\u00e1vady a &#8211; pokud je to mo\u017en\u00e9 &#8211; s fotografiemi (zbo\u017e\u00ed a obalu), na kter\u00fdch je z\u00e1vada rozpoznateln\u00e1, abychom si mohli ud\u011blat prvn\u00ed obr\u00e1zek. Pot\u00e9 se v\u00e1m co nejd\u0159\u00edve ozveme s odpov\u011bd\u00ed, jak postupovat.<\/p>\n<p><strong>Upozorn\u011bn\u00ed:<\/strong> Abychom zajistili, \u017ee nedojde k po\u0161kozen\u00ed zbo\u017e\u00ed a \u017ee co nejrychleji obdr\u017e\u00edte bezvadn\u00e9 zbo\u017e\u00ed, za\u0161leme v\u00e1m zpravidla ihned nov\u00e9 zbo\u017e\u00ed &#8211; bez ohledu na to, zda byla nebo bude \u00fasp\u011b\u0161n\u00e1 reklamace u spole\u010dnosti DPD.<\/p>\n<p>[\/et_pb_text][\/et_pb_column][\/et_pb_row][\/et_pb_section][et_pb_section fb_built=&#8220;1&#8243; custom_padding_last_edited=&#8220;on|phone&#8220; module_id=&#8220;mail&#8220; _builder_version=&#8220;4.16&#8243; background_color=&#8220;#eeeeee&#8220; custom_padding_tablet=&#8220;&#8220; custom_padding_phone=&#8220;0px||0px||false|false&#8220; saved_tabs=&#8220;all&#8220; global_colors_info=&#8220;{}&#8220; locked=&#8220;off&#8220;][et_pb_row column_structure=&#8220;3_5,2_5&#8243; use_custom_gutter=&#8220;on&#8220; gutter_width=&#8220;2&#8243; _builder_version=&#8220;4.16&#8243; custom_padding=&#8220;|0px||||&#8220; global_colors_info=&#8220;{}&#8220;][et_pb_column type=&#8220;3_5&#8243; _builder_version=&#8220;4.16&#8243; background_color=&#8220;RGBA(0,0,0,0)&#8220; global_colors_info=&#8220;{}&#8220;][et_pb_contact_form email=&#8220;info@trimedea.com&#8220; custom_message=&#8220;\u017d\u00e1dost o kontakt Trimedea Webov\u00e9 str\u00e1nky||et_pb_line_break_holder||||et_pb_line_break_holder|Jm\u00e9no: %%Name%% %%Email%%%%message%%&#8220; success_message=&#8220;D\u011bkuji mnohokr\u00e1t! Va\u0161i popt\u00e1vku zpracujeme co nejrychleji!&#8220; submit_button_text=&#8220;Odeslat&#8220; module_id=&#8220;et_pb_contact_form_1&#8243; module_class=&#8220;custom&#8220; _builder_version=&#8220;4.23.4&#8243; _unique_id=&#8220;edfbfbaa-8ce4-481e-a175-45837ebdf566&#8243; form_field_background_color=&#8220;#FFFFFF&#8220; form_field_custom_margin=&#8220;||||true|true&#8220; background_color=&#8220;#eeeeee&#8220; custom_button=&#8220;on&#8220; button_text_size=&#8220;18px&#8220; button_text_color=&#8220;#ffffff&#8220; button_bg_color=&#8220;#C0A000&#8243; button_border_width=&#8220;0px&#8220; button_border_radius=&#8220;0px&#8220; button_font=&#8220;|||on|||||&#8220; button_custom_padding=&#8220;10px|20px|10px|20px|true|true&#8220; box_shadow_style_button=&#8220;preset3&#8243; global_colors_info=&#8220;{}&#8220; button_text_color__hover_enabled=&#8220;on|hover&#8220; button_text_color__hover=&#8220;#ffffff&#8220;][et_pb_contact_field field_id=&#8220;Name&#8220; field_title=&#8220;N\u00e1zev&#8220; _builder_version=&#8220;4.16&#8243; global_colors_info=&#8220;{}&#8220; button_text_size__hover_enabled=&#8220;off&#8220; button_one_text_size__hover_enabled=&#8220;off&#8220; button_two_text_size__hover_enabled=&#8220;off&#8220; button_text_color__hover_enabled=&#8220;off&#8220; button_one_text_color__hover_enabled=&#8220;off&#8220; button_two_text_color__hover_enabled=&#8220;off&#8220; button_border_width__hover_enabled=&#8220;off&#8220; button_one_border_width__hover_enabled=&#8220;off&#8220; button_two_border_width__hover_enabled=&#8220;off&#8220; button_border_color__hover_enabled=&#8220;off&#8220; button_one_border_color__hover_enabled=&#8220;off&#8220; button_two_border_color__hover_enabled=&#8220;off&#8220; button_border_radius__hover_enabled=&#8220;off&#8220; button_one_border_radius__hover_enabled=&#8220;off&#8220; button_two_border_radius__hover_enabled=&#8220;off&#8220; button_letter_spacing__hover_enabled=&#8220;off&#8220; button_one_letter_spacing__hover_enabled=&#8220;off&#8220; button_two_letter_spacing__hover_enabled=&#8220;off&#8220; button_bg_color__hover_enabled=&#8220;off&#8220; button_one_bg_color__hover_enabled=&#8220;off&#8220; button_two_bg_color__hover_enabled=&#8220;off&#8220;][\/et_pb_contact_field][et_pb_contact_field field_id=&#8220;Email&#8220; field_title=&#8220;E-mailov\u00e1 adresa&#8220; field_type=&#8220;email&#8220; _builder_version=&#8220;4.16&#8243; global_colors_info=&#8220;{}&#8220; button_text_size__hover_enabled=&#8220;off&#8220; button_one_text_size__hover_enabled=&#8220;off&#8220; button_two_text_size__hover_enabled=&#8220;off&#8220; button_text_color__hover_enabled=&#8220;off&#8220; button_one_text_color__hover_enabled=&#8220;off&#8220; button_two_text_color__hover_enabled=&#8220;off&#8220; button_border_width__hover_enabled=&#8220;off&#8220; button_one_border_width__hover_enabled=&#8220;off&#8220; button_two_border_width__hover_enabled=&#8220;off&#8220; button_border_color__hover_enabled=&#8220;off&#8220; button_one_border_color__hover_enabled=&#8220;off&#8220; button_two_border_color__hover_enabled=&#8220;off&#8220; button_border_radius__hover_enabled=&#8220;off&#8220; button_one_border_radius__hover_enabled=&#8220;off&#8220; button_two_border_radius__hover_enabled=&#8220;off&#8220; button_letter_spacing__hover_enabled=&#8220;off&#8220; button_one_letter_spacing__hover_enabled=&#8220;off&#8220; button_two_letter_spacing__hover_enabled=&#8220;off&#8220; button_bg_color__hover_enabled=&#8220;off&#8220; button_one_bg_color__hover_enabled=&#8220;off&#8220; button_two_bg_color__hover_enabled=&#8220;off&#8220;][\/et_pb_contact_field][et_pb_contact_field field_id=&#8220;Message&#8220; field_title=&#8220;Zpr\u00e1va&#8220; field_type=&#8220;text&#8220; fullwidth_field=&#8220;on&#8220; _builder_version=&#8220;4.16&#8243; global_colors_info=&#8220;{}&#8220; button_text_size__hover_enabled=&#8220;off&#8220; button_one_text_size__hover_enabled=&#8220;off&#8220; button_two_text_size__hover_enabled=&#8220;off&#8220; button_text_color__hover_enabled=&#8220;off&#8220; button_one_text_color__hover_enabled=&#8220;off&#8220; button_two_text_color__hover_enabled=&#8220;off&#8220; button_border_width__hover_enabled=&#8220;off&#8220; button_one_border_width__hover_enabled=&#8220;off&#8220; button_two_border_width__hover_enabled=&#8220;off&#8220; button_border_color__hover_enabled=&#8220;off&#8220; button_one_border_color__hover_enabled=&#8220;off&#8220; button_two_border_color__hover_enabled=&#8220;off&#8220; button_border_radius__hover_enabled=&#8220;off&#8220; button_one_border_radius__hover_enabled=&#8220;off&#8220; button_two_border_radius__hover_enabled=&#8220;off&#8220; button_letter_spacing__hover_enabled=&#8220;off&#8220; button_one_letter_spacing__hover_enabled=&#8220;off&#8220; button_two_letter_spacing__hover_enabled=&#8220;off&#8220; button_bg_color__hover_enabled=&#8220;off&#8220; button_one_bg_color__hover_enabled=&#8220;off&#8220; button_two_bg_color__hover_enabled=&#8220;off&#8220;][\/et_pb_contact_field][\/et_pb_contact_form][\/et_pb_column][et_pb_column type=&#8220;2_5&#8243; _builder_version=&#8220;4.16&#8243; global_colors_info=&#8220;{}&#8220;][et_pb_image src=&#8220;https:\/\/trimedea.com\/wp-content\/uploads\/2024\/05\/TRIMEDEA_LOGO-1.png&#8220; alt=&#8220;Koloidn\u00ed kovy od spole\u010dnosti Trimedea&#8220; title_text=&#8220;Koloidn\u00ed kovy od spole\u010dnosti Trimedea&#8220; _builder_version=&#8220;4.25.2&#8243; _module_preset=&#8220;default&#8220; width=&#8220;50%&#8220; custom_margin=&#8220;||1px|-10px|false|false&#8220; custom_padding=&#8220;||0px|0px|false|false&#8220; global_colors_info=&#8220;{}&#8220;][\/et_pb_image][et_pb_text _builder_version=&#8220;4.19.5&#8243; min_height=&#8220;101px&#8220; custom_margin=&#8220;||-10px||false|false&#8220; custom_padding=&#8220;||0px|||&#8220; global_colors_info=&#8220;{}&#8220;]Vybran\u00e9 produkty pro va\u0161e zdrav\u00ed:<br \/>\nR\u00e1di v\u00e1m nez\u00e1vazn\u011b a podrobn\u011b porad\u00edme. T\u011b\u0161\u00edme se na v\u00e1\u0161 e-mail nebo telefon\u00e1t!<br \/>\n[\/et_pb_text][et_pb_text _builder_version=&#8220;4.25.0&#8243; header_2_text_color=&#8220;#C0A000&#8243; global_colors_info=&#8220;{}&#8220;]<\/p>\n<h2><strong>+49 (0) 178 687 94 24<\/strong><\/h2>\n<p>[\/et_pb_text][et_pb_text _builder_version=&#8220;4.25.2&#8243; min_height=&#8220;101px&#8220; custom_margin=&#8220;||-10px||false|false&#8220; custom_padding=&#8220;||0px|||&#8220; global_colors_info=&#8220;{}&#8220;]<\/p>\n<p>St\u00e1hn\u011bte si na\u0161i aktu\u00e1ln\u00ed bro\u017euru o produktech zde.<br \/>Form\u00e1t PDF: <a href=\"https:\/\/trimedea.com\/wp-content\/PDF\/TRIMEDEA_FOLDER_1_2024_WEB.pdf\" target=\"_blank\" rel=\"noopener\"><br \/>\n  <span style=\"color: #c0a000;\"><br \/>\n    <strong>TRIMEDEA PDF<\/strong><br \/>\n  <\/span><br \/>\n<\/a><\/p>\n<p>[\/et_pb_text][\/et_pb_column][\/et_pb_row][\/et_pb_section]<\/p>\n","protected":false},"excerpt":{"rendered":"<p>P\u0159eprava a dod\u00e1n\u00ed Dod\u00e1n\u00ed a zpo\u017ed\u011bn\u00ed Dod\u00e1v\u00e1me pouze na z\u00e1klad\u011b po\u0161tovn\u00ed objedn\u00e1vky. Zbo\u017e\u00ed nen\u00ed mo\u017en\u00e9 vyzvednout osobn\u011b. K uveden\u00fdm cen\u00e1m v\u00fdrobk\u016f se p\u0159ipo\u010d\u00edt\u00e1vaj\u00ed n\u00e1klady na dopravu. Dal\u0161\u00ed informace o p\u0159\u00edpadn\u00fdch n\u00e1kladech na dopravu z\u00edsk\u00e1te b\u011bhem procesu objedn\u00e1v\u00e1n\u00ed po zad\u00e1n\u00ed dodac\u00ed adresy. V\u00edce o tom v na\u0161ich VOP. Dotazy t\u00fdkaj\u00edc\u00ed se va\u0161\u00ed dod\u00e1vky \/ reklamace 1. [&hellip;]<\/p>\n","protected":false},"author":2,"featured_media":0,"parent":0,"menu_order":0,"comment_status":"closed","ping_status":"closed","template":"","meta":{"_et_pb_use_builder":"on","_et_pb_old_content":"","_et_gb_content_width":"","footnotes":""},"class_list":["post-55291","page","type-page","status-publish","hentry"],"yoast_head":"<!-- This site is optimized with the Yoast SEO plugin v27.3 - https:\/\/yoast.com\/product\/yoast-seo-wordpress\/ -->\n<title>P\u0159eprava a dod\u00e1n\u00ed - TRIMEDEA<\/title>\n<meta name=\"description\" content=\"F\u00fcr einen gesunden K\u00f6rper und Geist\" \/>\n<meta name=\"robots\" content=\"index, follow, max-snippet:-1, max-image-preview:large, max-video-preview:-1\" \/>\n<link rel=\"canonical\" href=\"https:\/\/trimedea.com\/cs\/preprava-a-dodani\/\" \/>\n<meta property=\"og:locale\" content=\"cs_CZ\" \/>\n<meta property=\"og:type\" content=\"article\" \/>\n<meta property=\"og:title\" content=\"P\u0159eprava a dod\u00e1n\u00ed - TRIMEDEA\" \/>\n<meta property=\"og:description\" content=\"F\u00fcr einen gesunden K\u00f6rper und Geist\" \/>\n<meta property=\"og:url\" content=\"https:\/\/trimedea.com\/cs\/preprava-a-dodani\/\" \/>\n<meta property=\"og:site_name\" content=\"TRIMEDEA\" \/>\n<meta property=\"article:modified_time\" content=\"2024-07-04T07:47:45+00:00\" \/>\n<meta name=\"twitter:card\" content=\"summary_large_image\" \/>\n<script type=\"application\/ld+json\" class=\"yoast-schema-graph\">{\"@context\":\"https:\\\/\\\/schema.org\",\"@graph\":[{\"@type\":\"WebPage\",\"@id\":\"https:\\\/\\\/trimedea.com\\\/cs\\\/preprava-a-dodani\\\/\",\"url\":\"https:\\\/\\\/trimedea.com\\\/cs\\\/preprava-a-dodani\\\/\",\"name\":\"P\u0159eprava a dod\u00e1n\u00ed - TRIMEDEA\",\"isPartOf\":{\"@id\":\"https:\\\/\\\/trimedea.com\\\/cs\\\/#website\"},\"datePublished\":\"2024-05-01T11:02:56+00:00\",\"dateModified\":\"2024-07-04T07:47:45+00:00\",\"description\":\"F\u00fcr einen gesunden K\u00f6rper und Geist\",\"breadcrumb\":{\"@id\":\"https:\\\/\\\/trimedea.com\\\/cs\\\/preprava-a-dodani\\\/#breadcrumb\"},\"inLanguage\":\"cs\",\"potentialAction\":[{\"@type\":\"ReadAction\",\"target\":[\"https:\\\/\\\/trimedea.com\\\/cs\\\/preprava-a-dodani\\\/\"]}]},{\"@type\":\"BreadcrumbList\",\"@id\":\"https:\\\/\\\/trimedea.com\\\/cs\\\/preprava-a-dodani\\\/#breadcrumb\",\"itemListElement\":[{\"@type\":\"ListItem\",\"position\":1,\"name\":\"Startseite\",\"item\":\"https:\\\/\\\/trimedea.com\\\/cs\\\/\"},{\"@type\":\"ListItem\",\"position\":2,\"name\":\"P\u0159eprava a dod\u00e1n\u00ed\"}]},{\"@type\":\"WebSite\",\"@id\":\"https:\\\/\\\/trimedea.com\\\/cs\\\/#website\",\"url\":\"https:\\\/\\\/trimedea.com\\\/cs\\\/\",\"name\":\"TRIMEDEA\",\"description\":\"F\u00fcr einen gesunden K\u00f6rper und Geist\",\"publisher\":{\"@id\":\"https:\\\/\\\/trimedea.com\\\/cs\\\/#organization\"},\"potentialAction\":[{\"@type\":\"SearchAction\",\"target\":{\"@type\":\"EntryPoint\",\"urlTemplate\":\"https:\\\/\\\/trimedea.com\\\/cs\\\/?s={search_term_string}\"},\"query-input\":{\"@type\":\"PropertyValueSpecification\",\"valueRequired\":true,\"valueName\":\"search_term_string\"}}],\"inLanguage\":\"cs\"},{\"@type\":\"Organization\",\"@id\":\"https:\\\/\\\/trimedea.com\\\/cs\\\/#organization\",\"name\":\"TRIMEDEA\",\"url\":\"https:\\\/\\\/trimedea.com\\\/cs\\\/\",\"logo\":{\"@type\":\"ImageObject\",\"inLanguage\":\"cs\",\"@id\":\"https:\\\/\\\/trimedea.com\\\/cs\\\/#\\\/schema\\\/logo\\\/image\\\/\",\"url\":\"https:\\\/\\\/trimedea.com\\\/wp-content\\\/uploads\\\/2024\\\/04\\\/TRIMEDEA_LOGO.png\",\"contentUrl\":\"https:\\\/\\\/trimedea.com\\\/wp-content\\\/uploads\\\/2024\\\/04\\\/TRIMEDEA_LOGO.png\",\"width\":540,\"height\":248,\"caption\":\"TRIMEDEA\"},\"image\":{\"@id\":\"https:\\\/\\\/trimedea.com\\\/cs\\\/#\\\/schema\\\/logo\\\/image\\\/\"}}]}<\/script>\n<!-- \/ Yoast SEO plugin. -->","yoast_head_json":{"title":"P\u0159eprava a dod\u00e1n\u00ed - TRIMEDEA","description":"F\u00fcr einen gesunden K\u00f6rper und Geist","robots":{"index":"index","follow":"follow","max-snippet":"max-snippet:-1","max-image-preview":"max-image-preview:large","max-video-preview":"max-video-preview:-1"},"canonical":"https:\/\/trimedea.com\/cs\/preprava-a-dodani\/","og_locale":"cs_CZ","og_type":"article","og_title":"P\u0159eprava a dod\u00e1n\u00ed - TRIMEDEA","og_description":"F\u00fcr einen gesunden K\u00f6rper und Geist","og_url":"https:\/\/trimedea.com\/cs\/preprava-a-dodani\/","og_site_name":"TRIMEDEA","article_modified_time":"2024-07-04T07:47:45+00:00","twitter_card":"summary_large_image","schema":{"@context":"https:\/\/schema.org","@graph":[{"@type":"WebPage","@id":"https:\/\/trimedea.com\/cs\/preprava-a-dodani\/","url":"https:\/\/trimedea.com\/cs\/preprava-a-dodani\/","name":"P\u0159eprava a dod\u00e1n\u00ed - TRIMEDEA","isPartOf":{"@id":"https:\/\/trimedea.com\/cs\/#website"},"datePublished":"2024-05-01T11:02:56+00:00","dateModified":"2024-07-04T07:47:45+00:00","description":"F\u00fcr einen gesunden K\u00f6rper und Geist","breadcrumb":{"@id":"https:\/\/trimedea.com\/cs\/preprava-a-dodani\/#breadcrumb"},"inLanguage":"cs","potentialAction":[{"@type":"ReadAction","target":["https:\/\/trimedea.com\/cs\/preprava-a-dodani\/"]}]},{"@type":"BreadcrumbList","@id":"https:\/\/trimedea.com\/cs\/preprava-a-dodani\/#breadcrumb","itemListElement":[{"@type":"ListItem","position":1,"name":"Startseite","item":"https:\/\/trimedea.com\/cs\/"},{"@type":"ListItem","position":2,"name":"P\u0159eprava a dod\u00e1n\u00ed"}]},{"@type":"WebSite","@id":"https:\/\/trimedea.com\/cs\/#website","url":"https:\/\/trimedea.com\/cs\/","name":"TRIMEDEA","description":"F\u00fcr einen gesunden K\u00f6rper und Geist","publisher":{"@id":"https:\/\/trimedea.com\/cs\/#organization"},"potentialAction":[{"@type":"SearchAction","target":{"@type":"EntryPoint","urlTemplate":"https:\/\/trimedea.com\/cs\/?s={search_term_string}"},"query-input":{"@type":"PropertyValueSpecification","valueRequired":true,"valueName":"search_term_string"}}],"inLanguage":"cs"},{"@type":"Organization","@id":"https:\/\/trimedea.com\/cs\/#organization","name":"TRIMEDEA","url":"https:\/\/trimedea.com\/cs\/","logo":{"@type":"ImageObject","inLanguage":"cs","@id":"https:\/\/trimedea.com\/cs\/#\/schema\/logo\/image\/","url":"https:\/\/trimedea.com\/wp-content\/uploads\/2024\/04\/TRIMEDEA_LOGO.png","contentUrl":"https:\/\/trimedea.com\/wp-content\/uploads\/2024\/04\/TRIMEDEA_LOGO.png","width":540,"height":248,"caption":"TRIMEDEA"},"image":{"@id":"https:\/\/trimedea.com\/cs\/#\/schema\/logo\/image\/"}}]}},"_links":{"self":[{"href":"https:\/\/trimedea.com\/cs\/wp-json\/wp\/v2\/pages\/55291","targetHints":{"allow":["GET"]}}],"collection":[{"href":"https:\/\/trimedea.com\/cs\/wp-json\/wp\/v2\/pages"}],"about":[{"href":"https:\/\/trimedea.com\/cs\/wp-json\/wp\/v2\/types\/page"}],"author":[{"embeddable":true,"href":"https:\/\/trimedea.com\/cs\/wp-json\/wp\/v2\/users\/2"}],"replies":[{"embeddable":true,"href":"https:\/\/trimedea.com\/cs\/wp-json\/wp\/v2\/comments?post=55291"}],"version-history":[{"count":0,"href":"https:\/\/trimedea.com\/cs\/wp-json\/wp\/v2\/pages\/55291\/revisions"}],"wp:attachment":[{"href":"https:\/\/trimedea.com\/cs\/wp-json\/wp\/v2\/media?parent=55291"}],"curies":[{"name":"wp","href":"https:\/\/api.w.org\/{rel}","templated":true}]}}