{"id":55294,"date":"2024-05-01T11:02:57","date_gmt":"2024-05-01T10:02:57","guid":{"rendered":"https:\/\/test.trimedea.com\/vseobecne-podminky\/"},"modified":"2025-07-23T13:55:19","modified_gmt":"2025-07-23T12:55:19","slug":"vseobecne-podminky","status":"publish","type":"page","link":"https:\/\/trimedea.com\/cs\/vseobecne-podminky\/","title":{"rendered":"V\u0161eobecn\u00e9 podm\u00ednky"},"content":{"rendered":"<p>[et_pb_section fb_built=&#8220;1&#8243; admin_label=&#8220;section&#8220; _builder_version=&#8220;4.16&#8243; global_colors_info=&#8220;{}&#8220;][et_pb_row admin_label=&#8220;\u0159\u00e1dek&#8220; _builder_version=&#8220;4.16&#8243; background_size=&#8220;initial&#8220; background_position=&#8220;top_left&#8220; background_repeat=&#8220;repeat&#8220; global_colors_info=&#8220;{}&#8220;][et_pb_column type=&#8220;4_4&#8243; _builder_version=&#8220;4.16&#8243; custom_padding=&#8220;|||&#8220; global_colors_info=&#8220;{}&#8220; custom_padding__hover=&#8220;|||&#8220;][et_pb_text admin_label=&#8220;Text&#8220; _builder_version=&#8220;4.27.4&#8243; background_size=&#8220;initial&#8220; background_position=&#8220;top_left&#8220; background_repeat=&#8220;repeat&#8220; hover_enabled=&#8220;0&#8243; global_colors_info=&#8220;{}&#8220; sticky_enabled=&#8220;0&#8243;]<\/p>\n<div class=\"et_pb_module et_pb_text et_pb_text_0 et_pb_text_align_left et_pb_bg_layout_light\">\n<div class=\"et_pb_text_inner\">\n<h1>V\u0161eobecn\u00e9 podm\u00ednky<\/h1>\n<h3>Rozsah pou\u017eit\u00ed<\/h3>\n<p>Tyto podm\u00ednky se vztahuj\u00ed na v\u0161echny va\u0161e sou\u010dasn\u00e9 i budouc\u00ed n\u00e1kupy v na\u0161em internetov\u00e9m obchod\u011b www.trimedea.com. Tento internetov\u00fd obchod provozuje FG EWIV pro mezin\u00e1rodn\u00ed hospod\u00e1\u0159sk\u00fd rozvoj a komunikaci, prezident Silko G\u00fcnzel. Ve\u0161ker\u00e9 dod\u00e1vky, slu\u017eby a nab\u00eddky FG EWIV pro mezin\u00e1rodn\u00ed hospod\u00e1\u0159sk\u00fd rozvoj a komunikaci. se prov\u00e1d\u00ed v\u00fdhradn\u011b na z\u00e1klad\u011b t\u011bchto podm\u00ednek. Odchyln\u00e9, rozporn\u00e9 nebo dopl\u0148uj\u00edc\u00ed v\u0161eobecn\u00e9 podm\u00ednky se nest\u00e1vaj\u00ed sou\u010d\u00e1st\u00ed smlouvy, i kdy\u017e jsou zn\u00e1my, pokud jejich platnost nen\u00ed v\u00fdslovn\u011b p\u00edsemn\u011b dohodnuta.<\/p>\n<\/div>\n<\/div>\n<div class=\"et_pb_module et_pb_text et_pb_text_1 et_pb_text_align_left et_pb_bg_layout_light\">\n<div class=\"et_pb_text_inner\">\n<h3>Uzav\u0159en\u00ed smlouvy<\/h3>\n<p>Kupn\u00ed smlouva je uzav\u0159ena se spole\u010dnost\u00ed Forschungsverein Gesundheit und Sport.<\/p>\n<p>Prezentace produkt\u016f v internetov\u00e9m obchod\u011b nep\u0159edstavuje pr\u00e1vn\u011b z\u00e1vaznou nab\u00eddku, ale nez\u00e1vazn\u00fd online katalog. Na\u0161e produkty m\u016f\u017eete zpo\u010d\u00e1tku nez\u00e1vazn\u011b vlo\u017eit do n\u00e1kupn\u00edho ko\u0161\u00edku a kdykoli p\u0159ed odesl\u00e1n\u00edm nez\u00e1vazn\u00e9 popt\u00e1vky sv\u00e9 \u00fadaje opravit pomoc\u00ed opravn\u00fdch pom\u016fcek, kter\u00e9 jsou k tomuto \u00fa\u010delu poskytnuty a vysv\u011btleny v procesu objedn\u00e1vky. Kliknut\u00edm na tla\u010d\u00edtko popt\u00e1vky odes\u00edl\u00e1te nez\u00e1vaznou popt\u00e1vku na zbo\u017e\u00ed obsa\u017een\u00e9 v n\u00e1kupn\u00edm ko\u0161\u00edku. Potvrzen\u00ed o p\u0159ijet\u00ed va\u0161\u00ed popt\u00e1vky v\u00e1m bude zasl\u00e1no e-mailem ihned po odesl\u00e1n\u00ed objedn\u00e1vky. Po kr\u00e1tk\u00e9 dob\u011b zpracov\u00e1n\u00ed obdr\u017e\u00edte e-mailem p\u00edsemnou nab\u00eddku, ve kter\u00e9 v\u00e1s budeme informovat o aktu\u00e1ln\u00ed dodac\u00ed lh\u016ft\u011b a mo\u017enostech platby. Pokud n\u00e1m vr\u00e1t\u00edte podepsanou nab\u00eddku, je smlouva pova\u017eov\u00e1na za z\u00e1vaznou.<\/p>\n<h3>Jazyk smlouvy, ukl\u00e1d\u00e1n\u00ed textu smlouvy<\/h3>\n<p>Jazykem pro uzav\u0159en\u00ed smlouvy je n\u011bm\u010dina. Text smlouvy ulo\u017e\u00edme a e-mailem v\u00e1m za\u0161leme \u00fadaje o objedn\u00e1vce a na\u0161e v\u0161eobecn\u00e9 obchodn\u00ed podm\u00ednky.<\/p>\n<\/div>\n<\/div>\n<div class=\"et_pb_module et_pb_text et_pb_text_2 et_pb_text_align_left et_pb_bg_layout_light\">\n<div class=\"et_pb_text_inner\">\n<h3>Ceny<\/h3>\n<p>Uveden\u00e9 ceny jsou v\u010detn\u011b DPH, a pokud nen\u00ed uvedeno jinak, nezahrnuj\u00ed n\u00e1klady na dopravu. Dal\u0161\u00ed slu\u017eby, jako jsou n\u00e1klady na dopravu do jin\u00fdch evropsk\u00fdch zem\u00ed nebo p\u0159\u00edplatky za expresn\u00ed z\u00e1silky, jsou \u00fa\u010dtov\u00e1ny zvl\u00e1\u0161\u0165.<\/p>\n<\/div>\n<\/div>\n<div class=\"et_pb_module et_pb_text et_pb_text_3 et_pb_text_align_left et_pb_bg_layout_light\">\n<div class=\"et_pb_text_inner\">\n<h3>Storno podm\u00ednky<\/h3>\n<p>Pr\u00e1vo na zru\u0161en\u00ed rezervace naleznete v na\u0161ich <a href=\"https:\/\/trimedea.com\/cs\/storno-podminky\/\">storno podm\u00ednk\u00e1ch<\/a>.<\/p>\n<h3>Datum splatnosti\/platby<\/h3>\n<p>Pokud nen\u00ed p\u00edsemn\u011b dohodnuto jinak, jsou faktury spole\u010dnosti Trimedea splatn\u00e9 okam\u017eit\u011b a jsou sou\u010d\u00e1st\u00ed zpracov\u00e1n\u00ed plateb v obchod\u011b. V na\u0161em obchod\u011b m\u00e1te k dispozici r\u016fzn\u00e9 platebn\u00ed metody. V jednotliv\u00fdch p\u0159\u00edpadech nemus\u00ed b\u00fdt k dispozici v\u0161echny platebn\u00ed metody; v\u00edce informac\u00ed naleznete v \u010d\u00e1sti platebn\u00ed metody.<\/p>\n<h3>Platba p\u0159edem:<\/h3>\n<p>Pokud zvol\u00edte zp\u016fsob platby P\u0159\u00edm\u00fd bankovn\u00ed p\u0159evod, obdr\u017e\u00edte samostatn\u00fd e-mail s bankovn\u00edmi \u00fadaji. Objednan\u00e9 zbo\u017e\u00ed dod\u00e1v\u00e1me po obdr\u017een\u00ed platby.<\/p>\n<\/div>\n<\/div>\n<div class=\"et_pb_module et_pb_text et_pb_text_4 et_pb_text_align_left et_pb_bg_layout_light\">\n<div class=\"et_pb_text_inner\">\n<h3>Dod\u00e1n\u00ed a zpo\u017ed\u011bn\u00ed<\/h3>\n<p>Dod\u00e1v\u00e1me pouze na z\u00e1klad\u011b po\u0161tovn\u00ed objedn\u00e1vky. Zbo\u017e\u00ed nen\u00ed mo\u017en\u00e9 vyzvednout osobn\u011b. K uveden\u00fdm cen\u00e1m produkt\u016f mohou b\u00fdt p\u0159ipo\u010dteny n\u00e1klady na dopravu. V\u00edce informac\u00ed o p\u0159\u00edpadn\u00fdch n\u00e1kladech na dopravu se dozv\u00edte b\u011bhem procesu objedn\u00e1v\u00e1n\u00ed po zad\u00e1n\u00ed dodac\u00ed adresy.<\/p>\n<p>Jsme opr\u00e1vn\u011bni prov\u00e1d\u011bt d\u00edl\u010d\u00ed dod\u00e1vky a poskytovat d\u00edl\u010d\u00ed slu\u017eby. Neodpov\u00edd\u00e1me za zpo\u017ed\u011bn\u00ed dod\u00e1vek a pln\u011bn\u00ed v d\u016fsledku vy\u0161\u0161\u00ed moci a v d\u016fsledku ud\u00e1lost\u00ed, kter\u00e9 n\u00e1m v\u00fdrazn\u011b zt\u011b\u017euj\u00ed nebo znemo\u017e\u0148uj\u00ed dod\u00e1vky &#8211; sem pat\u0159\u00ed zejm\u00e9na st\u00e1vky, v\u00fdluky, \u00fa\u0159edn\u00ed p\u0159\u00edkazy apod., a to i v p\u0159\u00edpad\u011b, \u017ee k nim dojde u dodavatel\u016f nebo subdodavatel\u016f spole\u010dnosti Trimedea &#8211; a to i v p\u0159\u00edpad\u011b z\u00e1vazn\u011b dohodnut\u00fdch term\u00edn\u016f a lh\u016ft. V t\u011bchto p\u0159\u00edpadech jsme opr\u00e1vn\u011bni prodlou\u017eit dod\u00e1vku nebo slu\u017ebu o dobu trv\u00e1n\u00ed p\u0159ek\u00e1\u017eky plus p\u0159im\u011b\u0159enou dobu zah\u00e1jen\u00ed provozu. Vyhrazujeme si pr\u00e1vo zru\u0161it objedn\u00e1vku zcela nebo z\u010d\u00e1sti v p\u0159\u00edpad\u011b neplacen\u00ed po del\u0161\u00ed dobu, nap\u0159\u00edklad v p\u0159\u00edpad\u011b platby p\u0159edem a dal\u0161\u00edch n\u00e1mi stanoven\u00fdch mo\u017enost\u00ed platby. Pokud je z\u00e1kazn\u00edk v prodlen\u00ed s p\u0159ijet\u00edm objedn\u00e1vky, vyhrazuje si spole\u010dnost Trimedea pr\u00e1vo prodat zbo\u017e\u00ed t\u0159et\u00ed stran\u011b.<\/p>\n<h3>P\u0159evod rizika<\/h3>\n<p>Pokud je z\u00e1kazn\u00edk kone\u010dn\u00fdm spot\u0159ebitelem, p\u0159ech\u00e1z\u00ed nebezpe\u010d\u00ed n\u00e1hodn\u00e9 ztr\u00e1ty nebo n\u00e1hodn\u00e9ho zhor\u0161en\u00ed prod\u00e1van\u00e9 v\u011bci na kupuj\u00edc\u00edho a\u017e p\u0159i p\u0159ed\u00e1n\u00ed v\u011bci, a to i v p\u0159\u00edpad\u011b prodeje odesl\u00e1n\u00edm. Pokud je kupuj\u00edc\u00ed v prodlen\u00ed s p\u0159evzet\u00edm, pova\u017euje se to za rovnocenn\u00e9 p\u0159ed\u00e1n\u00ed.<\/p>\n<h3>Z\u00e1ruka a z\u00e1ruky<\/h3>\n<p>Plat\u00ed z\u00e1konn\u00e1 odpov\u011bdnost za vady. Informace o p\u0159\u00edpadn\u00fdch dal\u0161\u00edch z\u00e1ruk\u00e1ch a jejich p\u0159esn\u00fdch podm\u00ednk\u00e1ch naleznete u v\u00fdrobku a na zvl\u00e1\u0161tn\u00edch informa\u010dn\u00edch str\u00e1nk\u00e1ch v internetov\u00e9m obchod\u011b.<\/p>\n<p>Jste-li kone\u010dn\u00fdm spot\u0159ebitelem, mus\u00edte zbo\u017e\u00ed nebo slu\u017eby zkontrolovat ihned po jejich obdr\u017een\u00ed. Reklamace zjevn\u00fdch vad budou uzn\u00e1ny a jsou p\u0159\u00edpustn\u00e9 pouze tehdy, pokud budou pod\u00e1ny p\u00edsemn\u011b do jednoho t\u00fddne od p\u0159evzet\u00ed zbo\u017e\u00ed. Pokud jste spot\u0159ebitel, m\u00e1te n\u00e1rok na z\u00e1konn\u00e9 z\u00e1ru\u010dn\u00ed n\u00e1roky, pokud nen\u00ed d\u00e1le uvedeno jinak. V p\u0159\u00edpad\u011b opr\u00e1vn\u011bn\u00e9 reklamace jsme povinni zbo\u017e\u00ed opravit a\/nebo vym\u011bnit podle na\u0161eho uv\u00e1\u017een\u00ed. V p\u0159\u00edpad\u011b opo\u017ed\u011bn\u00e9, opomenut\u00e9 nebo ne\u00fasp\u011b\u0161n\u00e9 opravy nebo n\u00e1hradn\u00ed dod\u00e1vky v\u0161ak m\u00e1te pr\u00e1vo na sn\u00ed\u017een\u00ed kupn\u00ed ceny nebo na odstoupen\u00ed od smlouvy. Ve\u0161ker\u00e1 z\u00e1ru\u010dn\u00ed pr\u00e1va z\u00e1kazn\u00edka zanikaj\u00ed nejpozd\u011bji jeden rok po dod\u00e1n\u00ed smluvn\u00edch slu\u017eeb.<\/p>\n<h3>Vyhrazen\u00ed vlastnick\u00e9ho pr\u00e1va<\/h3>\n<p>Zbo\u017e\u00ed z\u016fst\u00e1v\u00e1 na\u0161\u00edm majetkem a\u017e do \u00fapln\u00e9ho zaplacen\u00ed.<\/p>\n<h3>Odpov\u011bdnost<\/h3>\n<p>V\u017edy odpov\u00edd\u00e1me bez omezen\u00ed za n\u00e1roky zalo\u017een\u00e9 na \u0161kod\u00e1ch zp\u016fsoben\u00fdch n\u00e1mi, na\u0161imi pr\u00e1vn\u00edmi z\u00e1stupci nebo zprost\u0159edkovateli.<\/p>\n<ul>\n<li>v p\u0159\u00edpad\u011b \u00fajmy na \u017eivot\u011b, zdrav\u00ed nebo t\u011ble,<\/li>\n<li>v p\u0159\u00edpad\u011b \u00famysln\u00e9ho nebo hrub\u011b nedbal\u00e9ho poru\u0161en\u00ed povinnost\u00ed,<\/li>\n<li>pro p\u0159\u00edsliby z\u00e1ruky, pokud byly dohodnuty, nebo<\/li>\n<li>pokud se otev\u0159e oblast p\u016fsobnosti z\u00e1kona o odpov\u011bdnosti za \u0161kodu zp\u016fsobenou vadou v\u00fdrobku.<\/li>\n<\/ul>\n<p>V p\u0159\u00edpad\u011b poru\u0161en\u00ed podstatn\u00fdch smluvn\u00edch povinnost\u00ed, jejich\u017e spln\u011bn\u00ed je nezbytn\u00e9 pro \u0159\u00e1dn\u00e9 pln\u011bn\u00ed smlouvy a na jejich\u017e dodr\u017een\u00ed se m\u016f\u017ee smluvn\u00ed partner pravideln\u011b spol\u00e9hat (kardin\u00e1ln\u00ed povinnosti), z d\u016fvodu lehk\u00e9 nedbalosti na na\u0161\u00ed stran\u011b, na\u0161ich pr\u00e1vn\u00edch z\u00e1stupc\u016f nebo zprost\u0159edkovatel\u016f, je v\u00fd\u0161e odpov\u011bdnosti omezena na \u0161kodu p\u0159edv\u00eddatelnou v dob\u011b uzav\u0159en\u00ed smlouvy, jej\u00ed\u017e vznik je t\u0159eba obvykle o\u010dek\u00e1vat. Jinak jsou n\u00e1roky na n\u00e1hradu \u0161kody vylou\u010deny.<\/p>\n<h3>Ochrana \u00fadaj\u016f<\/h3>\n<p>P\u0159e\u010dt\u011bte si pros\u00edm na\u0161e prohl\u00e1\u0161en\u00ed o ochran\u011b osobn\u00edch \u00fadaj\u016f.<\/p>\n<h3>\u0158e\u0161en\u00ed spor\u016f<\/h3>\n<p>Za \u00fa\u010delem \u0159e\u0161en\u00ed spor\u016f vypl\u00fdvaj\u00edc\u00edch ze smluvn\u00edho vztahu se spot\u0159ebitelem nebo zda takov\u00fd smluvn\u00ed vztah v\u016fbec existuje, jsme povinni \u00fa\u010dastnit se \u0159\u00edzen\u00ed o \u0159e\u0161en\u00ed spor\u016f p\u0159ed rozhod\u010d\u00ed komis\u00ed pro rozhodov\u00e1n\u00ed spor\u016f se spot\u0159ebiteli. P\u0159\u00edslu\u0161n\u00e9 je V\u0161eobecn\u00e9 spot\u0159ebitelsk\u00e9 rozhod\u010d\u00ed centrum spole\u010dnosti Zentrum f\u00fcr Schlichtung e.V., Stra\u00dfburger Stra\u00dfe 8, 77694 Kehl am Rhein, www.verbraucher-schlichter.de. Budeme se \u00fa\u010dastnit \u0159\u00edzen\u00ed o \u0159e\u0161en\u00ed spor\u016f p\u0159ed t\u00edmto org\u00e1nem.<\/p>\n<h3>Z\u00e1v\u011bre\u010dn\u00e1 ustanoven\u00ed<\/h3>\n<p>S vylou\u010den\u00edm \u00damluvy OSN o smlouv\u00e1ch o mezin\u00e1rodn\u00ed koupi zbo\u017e\u00ed se pou\u017eije n\u011bmeck\u00e9 pr\u00e1vo. Pokud by n\u011bkter\u00e9 ustanoven\u00ed t\u011bchto VOP bylo nebo se stalo ne\u00fa\u010dinn\u00fdm, z\u016fst\u00e1v\u00e1 zb\u00fdvaj\u00edc\u00ed \u010d\u00e1st smlouvy nedot\u010dena a \u00fa\u010dinn\u00e1. V tomto p\u0159\u00edpad\u011b se strany zavazuj\u00ed dos\u00e1hnout dohody, kter\u00e1 se co nejv\u00edce p\u0159ibl\u00ed\u017e\u00ed ekonomick\u00e9mu \u00fa\u010delu neplatn\u00e9ho ustanoven\u00ed.<\/p>\n<\/div>\n<\/div>\n<p>[\/et_pb_text][\/et_pb_column][\/et_pb_row][\/et_pb_section]<\/p>\n","protected":false},"excerpt":{"rendered":"<p>V\u0161eobecn\u00e9 podm\u00ednky Rozsah pou\u017eit\u00ed Tyto podm\u00ednky se vztahuj\u00ed na v\u0161echny va\u0161e sou\u010dasn\u00e9 i budouc\u00ed n\u00e1kupy v na\u0161em internetov\u00e9m obchod\u011b www.trimedea.com. Tento internetov\u00fd obchod provozuje FG EWIV pro mezin\u00e1rodn\u00ed hospod\u00e1\u0159sk\u00fd rozvoj a komunikaci, prezident Silko G\u00fcnzel. Ve\u0161ker\u00e9 dod\u00e1vky, slu\u017eby a nab\u00eddky FG EWIV pro mezin\u00e1rodn\u00ed hospod\u00e1\u0159sk\u00fd rozvoj a komunikaci. se prov\u00e1d\u00ed v\u00fdhradn\u011b na z\u00e1klad\u011b t\u011bchto podm\u00ednek. [&hellip;]<\/p>\n","protected":false},"author":2,"featured_media":0,"parent":0,"menu_order":0,"comment_status":"closed","ping_status":"closed","template":"","meta":{"_et_pb_use_builder":"on","_et_pb_old_content":"","_et_gb_content_width":"","footnotes":""},"class_list":["post-55294","page","type-page","status-publish","hentry"],"yoast_head":"<!-- This site is optimized with the Yoast SEO plugin v27.3 - https:\/\/yoast.com\/product\/yoast-seo-wordpress\/ -->\n<title>V\u0161eobecn\u00e9 podm\u00ednky - TRIMEDEA<\/title>\n<meta name=\"description\" content=\"Tyto podm\u00ednky se vztahuj\u00ed na v\u0161echny va\u0161e sou\u010dasn\u00e9 i budouc\u00ed n\u00e1kupy v na\u0161em internetov\u00e9m obchod\u011b www.trimedea.com.\" \/>\n<meta name=\"robots\" content=\"index, follow, max-snippet:-1, max-image-preview:large, max-video-preview:-1\" \/>\n<link rel=\"canonical\" href=\"https:\/\/trimedea.com\/cs\/vseobecne-podminky\/\" \/>\n<meta property=\"og:locale\" content=\"cs_CZ\" \/>\n<meta property=\"og:type\" content=\"article\" \/>\n<meta property=\"og:title\" content=\"V\u0161eobecn\u00e9 podm\u00ednky - TRIMEDEA\" \/>\n<meta property=\"og:description\" content=\"Tyto podm\u00ednky se vztahuj\u00ed na v\u0161echny va\u0161e sou\u010dasn\u00e9 i budouc\u00ed n\u00e1kupy v na\u0161em internetov\u00e9m obchod\u011b www.trimedea.com.\" \/>\n<meta property=\"og:url\" content=\"https:\/\/trimedea.com\/cs\/vseobecne-podminky\/\" \/>\n<meta property=\"og:site_name\" content=\"TRIMEDEA\" \/>\n<meta property=\"article:modified_time\" content=\"2025-07-23T12:55:19+00:00\" \/>\n<meta name=\"twitter:card\" content=\"summary_large_image\" \/>\n<script type=\"application\/ld+json\" class=\"yoast-schema-graph\">{\"@context\":\"https:\\\/\\\/schema.org\",\"@graph\":[{\"@type\":\"WebPage\",\"@id\":\"https:\\\/\\\/trimedea.com\\\/cs\\\/vseobecne-podminky\\\/\",\"url\":\"https:\\\/\\\/trimedea.com\\\/cs\\\/vseobecne-podminky\\\/\",\"name\":\"V\u0161eobecn\u00e9 podm\u00ednky - TRIMEDEA\",\"isPartOf\":{\"@id\":\"https:\\\/\\\/trimedea.com\\\/cs\\\/#website\"},\"datePublished\":\"2024-05-01T10:02:57+00:00\",\"dateModified\":\"2025-07-23T12:55:19+00:00\",\"description\":\"Tyto podm\u00ednky se vztahuj\u00ed na v\u0161echny va\u0161e sou\u010dasn\u00e9 i budouc\u00ed n\u00e1kupy v na\u0161em internetov\u00e9m obchod\u011b www.trimedea.com.\",\"breadcrumb\":{\"@id\":\"https:\\\/\\\/trimedea.com\\\/cs\\\/vseobecne-podminky\\\/#breadcrumb\"},\"inLanguage\":\"cs\",\"potentialAction\":[{\"@type\":\"ReadAction\",\"target\":[\"https:\\\/\\\/trimedea.com\\\/cs\\\/vseobecne-podminky\\\/\"]}]},{\"@type\":\"BreadcrumbList\",\"@id\":\"https:\\\/\\\/trimedea.com\\\/cs\\\/vseobecne-podminky\\\/#breadcrumb\",\"itemListElement\":[{\"@type\":\"ListItem\",\"position\":1,\"name\":\"Startseite\",\"item\":\"https:\\\/\\\/trimedea.com\\\/cs\\\/\"},{\"@type\":\"ListItem\",\"position\":2,\"name\":\"V\u0161eobecn\u00e9 podm\u00ednky\"}]},{\"@type\":\"WebSite\",\"@id\":\"https:\\\/\\\/trimedea.com\\\/cs\\\/#website\",\"url\":\"https:\\\/\\\/trimedea.com\\\/cs\\\/\",\"name\":\"TRIMEDEA\",\"description\":\"F\u00fcr einen gesunden K\u00f6rper und Geist\",\"publisher\":{\"@id\":\"https:\\\/\\\/trimedea.com\\\/cs\\\/#organization\"},\"potentialAction\":[{\"@type\":\"SearchAction\",\"target\":{\"@type\":\"EntryPoint\",\"urlTemplate\":\"https:\\\/\\\/trimedea.com\\\/cs\\\/?s={search_term_string}\"},\"query-input\":{\"@type\":\"PropertyValueSpecification\",\"valueRequired\":true,\"valueName\":\"search_term_string\"}}],\"inLanguage\":\"cs\"},{\"@type\":\"Organization\",\"@id\":\"https:\\\/\\\/trimedea.com\\\/cs\\\/#organization\",\"name\":\"TRIMEDEA\",\"url\":\"https:\\\/\\\/trimedea.com\\\/cs\\\/\",\"logo\":{\"@type\":\"ImageObject\",\"inLanguage\":\"cs\",\"@id\":\"https:\\\/\\\/trimedea.com\\\/cs\\\/#\\\/schema\\\/logo\\\/image\\\/\",\"url\":\"https:\\\/\\\/trimedea.com\\\/wp-content\\\/uploads\\\/2024\\\/04\\\/TRIMEDEA_LOGO.png\",\"contentUrl\":\"https:\\\/\\\/trimedea.com\\\/wp-content\\\/uploads\\\/2024\\\/04\\\/TRIMEDEA_LOGO.png\",\"width\":540,\"height\":248,\"caption\":\"TRIMEDEA\"},\"image\":{\"@id\":\"https:\\\/\\\/trimedea.com\\\/cs\\\/#\\\/schema\\\/logo\\\/image\\\/\"}}]}<\/script>\n<!-- \/ Yoast SEO plugin. -->","yoast_head_json":{"title":"V\u0161eobecn\u00e9 podm\u00ednky - TRIMEDEA","description":"Tyto podm\u00ednky se vztahuj\u00ed na v\u0161echny va\u0161e sou\u010dasn\u00e9 i budouc\u00ed n\u00e1kupy v na\u0161em internetov\u00e9m obchod\u011b www.trimedea.com.","robots":{"index":"index","follow":"follow","max-snippet":"max-snippet:-1","max-image-preview":"max-image-preview:large","max-video-preview":"max-video-preview:-1"},"canonical":"https:\/\/trimedea.com\/cs\/vseobecne-podminky\/","og_locale":"cs_CZ","og_type":"article","og_title":"V\u0161eobecn\u00e9 podm\u00ednky - TRIMEDEA","og_description":"Tyto podm\u00ednky se vztahuj\u00ed na v\u0161echny va\u0161e sou\u010dasn\u00e9 i budouc\u00ed n\u00e1kupy v na\u0161em internetov\u00e9m obchod\u011b www.trimedea.com.","og_url":"https:\/\/trimedea.com\/cs\/vseobecne-podminky\/","og_site_name":"TRIMEDEA","article_modified_time":"2025-07-23T12:55:19+00:00","twitter_card":"summary_large_image","schema":{"@context":"https:\/\/schema.org","@graph":[{"@type":"WebPage","@id":"https:\/\/trimedea.com\/cs\/vseobecne-podminky\/","url":"https:\/\/trimedea.com\/cs\/vseobecne-podminky\/","name":"V\u0161eobecn\u00e9 podm\u00ednky - TRIMEDEA","isPartOf":{"@id":"https:\/\/trimedea.com\/cs\/#website"},"datePublished":"2024-05-01T10:02:57+00:00","dateModified":"2025-07-23T12:55:19+00:00","description":"Tyto podm\u00ednky se vztahuj\u00ed na v\u0161echny va\u0161e sou\u010dasn\u00e9 i budouc\u00ed n\u00e1kupy v na\u0161em internetov\u00e9m obchod\u011b www.trimedea.com.","breadcrumb":{"@id":"https:\/\/trimedea.com\/cs\/vseobecne-podminky\/#breadcrumb"},"inLanguage":"cs","potentialAction":[{"@type":"ReadAction","target":["https:\/\/trimedea.com\/cs\/vseobecne-podminky\/"]}]},{"@type":"BreadcrumbList","@id":"https:\/\/trimedea.com\/cs\/vseobecne-podminky\/#breadcrumb","itemListElement":[{"@type":"ListItem","position":1,"name":"Startseite","item":"https:\/\/trimedea.com\/cs\/"},{"@type":"ListItem","position":2,"name":"V\u0161eobecn\u00e9 podm\u00ednky"}]},{"@type":"WebSite","@id":"https:\/\/trimedea.com\/cs\/#website","url":"https:\/\/trimedea.com\/cs\/","name":"TRIMEDEA","description":"F\u00fcr einen gesunden K\u00f6rper und Geist","publisher":{"@id":"https:\/\/trimedea.com\/cs\/#organization"},"potentialAction":[{"@type":"SearchAction","target":{"@type":"EntryPoint","urlTemplate":"https:\/\/trimedea.com\/cs\/?s={search_term_string}"},"query-input":{"@type":"PropertyValueSpecification","valueRequired":true,"valueName":"search_term_string"}}],"inLanguage":"cs"},{"@type":"Organization","@id":"https:\/\/trimedea.com\/cs\/#organization","name":"TRIMEDEA","url":"https:\/\/trimedea.com\/cs\/","logo":{"@type":"ImageObject","inLanguage":"cs","@id":"https:\/\/trimedea.com\/cs\/#\/schema\/logo\/image\/","url":"https:\/\/trimedea.com\/wp-content\/uploads\/2024\/04\/TRIMEDEA_LOGO.png","contentUrl":"https:\/\/trimedea.com\/wp-content\/uploads\/2024\/04\/TRIMEDEA_LOGO.png","width":540,"height":248,"caption":"TRIMEDEA"},"image":{"@id":"https:\/\/trimedea.com\/cs\/#\/schema\/logo\/image\/"}}]}},"_links":{"self":[{"href":"https:\/\/trimedea.com\/cs\/wp-json\/wp\/v2\/pages\/55294","targetHints":{"allow":["GET"]}}],"collection":[{"href":"https:\/\/trimedea.com\/cs\/wp-json\/wp\/v2\/pages"}],"about":[{"href":"https:\/\/trimedea.com\/cs\/wp-json\/wp\/v2\/types\/page"}],"author":[{"embeddable":true,"href":"https:\/\/trimedea.com\/cs\/wp-json\/wp\/v2\/users\/2"}],"replies":[{"embeddable":true,"href":"https:\/\/trimedea.com\/cs\/wp-json\/wp\/v2\/comments?post=55294"}],"version-history":[{"count":1,"href":"https:\/\/trimedea.com\/cs\/wp-json\/wp\/v2\/pages\/55294\/revisions"}],"predecessor-version":[{"id":68622,"href":"https:\/\/trimedea.com\/cs\/wp-json\/wp\/v2\/pages\/55294\/revisions\/68622"}],"wp:attachment":[{"href":"https:\/\/trimedea.com\/cs\/wp-json\/wp\/v2\/media?parent=55294"}],"curies":[{"name":"wp","href":"https:\/\/api.w.org\/{rel}","templated":true}]}}