{"id":63968,"date":"2024-11-05T11:02:20","date_gmt":"2024-11-05T10:02:20","guid":{"rendered":"https:\/\/trimedea.com\/o-nas\/"},"modified":"2024-11-13T11:34:20","modified_gmt":"2024-11-13T11:34:20","slug":"o-nas","status":"publish","type":"page","link":"https:\/\/trimedea.com\/cs\/o-nas\/","title":{"rendered":"O n\u00e1s"},"content":{"rendered":"<p>[et_pb_section fb_built=&#8220;1&#8243; _builder_version=&#8220;4.27.2&#8243; _module_preset=&#8220;default&#8220; background_color=&#8220;#000000&#8243; width=&#8220;100%&#8220; max_width=&#8220;100%&#8220; custom_padding=&#8220;0px||0px||false|false&#8220; global_colors_info=&#8220;{}&#8220;][et_pb_row _builder_version=&#8220;4.27.2&#8243; _module_preset=&#8220;default&#8220; custom_padding=&#8220;0px||0px||false|false&#8220; global_colors_info=&#8220;{}&#8220;][et_pb_column type=&#8220;4_4&#8243; _builder_version=&#8220;4.27.2&#8243; _module_preset=&#8220;default&#8220; global_colors_info=&#8220;{}&#8220;][et_pb_video src=&#8220;https:\/\/trimedea.com\/wp-content\/uploads\/2024\/11\/TRIMEDEA-Intro-ohne-Sound-FullHD.mp4&#8243; src_webm=&#8220;https:\/\/trimedea.com\/wp-content\/uploads\/2024\/11\/TRIMEDEA-Intro-ohne-Sound-FullHD.webm&#8220; image_src=&#8220;https:\/\/trimedea.com\/wp-content\/uploads\/2024\/11\/YT_TRIMEDEA.jpg&#8220; _builder_version=&#8220;4.27.2&#8243; _module_preset=&#8220;default&#8220; width=&#8220;50%&#8220; max_width=&#8220;50%&#8220; module_alignment=&#8220;center&#8220; global_colors_info=&#8220;{}&#8220;][\/et_pb_video][\/et_pb_column][\/et_pb_row][\/et_pb_section][et_pb_section fb_built=&#8220;1&#8243; _builder_version=&#8220;4.27.0&#8243; _module_preset=&#8220;default&#8220; global_colors_info=&#8220;{}&#8220;][et_pb_row _builder_version=&#8220;4.27.0&#8243; _module_preset=&#8220;default&#8220; custom_padding=&#8220;0px||0px||false|false&#8220; global_colors_info=&#8220;{}&#8220;][et_pb_column type=&#8220;4_4&#8243; _builder_version=&#8220;4.27.0&#8243; _module_preset=&#8220;default&#8220; global_colors_info=&#8220;{}&#8220;][et_pb_text _builder_version=&#8220;4.27.3&#8243; _module_preset=&#8220;default&#8220; ul_font=&#8220;|600|||||||&#8220; ul_line_height=&#8220;1.7em&#8220; header_2_text_color=&#8220;#C0A000&#8243; header_2_line_height=&#8220;1.3em&#8220; custom_margin=&#8220;||30px|||&#8220; global_colors_info=&#8220;{}&#8220;]<\/p>\n<h1>Trimedea a FGS: Spole\u010dn\u011b pro va\u0161e zdrav\u00ed<\/h1>\n<p>Ve spole\u010dnosti Trimedea chceme vyu\u017e\u00edt na\u0161i pr\u00e1ci k <strong>v\u00fdvoji nov\u00fdch p\u0159\u00edstup\u016f k diagnostick\u00fdm a terapeutick\u00fdm postup\u016fm<\/strong>, stejn\u011b jako k rozvoji <strong><a href=\"https:\/\/trimedea.com\/cs\/trimedea-shop\/\">inovativn\u00ed produkty v souladu s p\u0159\u00edrodou<\/a> <\/strong>a doprov\u00e1zet lidi na t\u00e9to cest\u011b. Stejn\u011b tak je d\u016fle\u017eit\u00e9 zn\u00e1t p\u0159\u00edm\u00e9 souvislosti (p\u0159\u00ed\u010dina\/n\u00e1sledek) na\u0161eho vlastn\u00edho my\u0161len\u00ed, abychom podle toho mohli jednat.<\/p>\n<p><strong>Spole\u010dnost TRIMEDEA<\/strong> a na\u0161e produkty se op\u00edraj\u00ed o kolektivn\u00ed znalosti<strong> FGS<\/strong>: <strong>V\u00fdzkumn\u00e9 sdru\u017een\u00ed pro zdrav\u00ed a sport<\/strong> si dalo za hlavn\u00ed c\u00edl poskytovat podrobn\u00e9 informace z\u00e1jemc\u016fm a z\u00e1kazn\u00edk\u016fm. D\u00edky na\u0161emu komplexn\u00edmu servisu v\u00e1m nab\u00edz\u00edme nov\u00e9 z\u00e1kladn\u00ed informace o zdravotn\u00edch t\u00e9matech a klinick\u00fdch obrazech &#8211; fundovan\u00e9, jasn\u00e9 a srozumiteln\u00e9.<\/p>\n<h2>Nez\u00e1visl\u00e9 zpravodajstv\u00ed<\/h2>\n<p>Analyzujeme a hodnot\u00edme r\u016fzn\u00e9 diagnostick\u00e9 a terapeutick\u00e9 postupy <strong>podle biologick\u00fdch, fyziologick\u00fdch a p\u0159\u00edrodn\u00edch z\u00e1kon\u016f<\/strong> &#8211; nez\u00e1visle na existuj\u00edc\u00edch hypot\u00e9z\u00e1ch, dogmatech a syst\u00e9mech v\u00edry. D\u00edky tomu, \u017ee se na symptomy a klinick\u00e9 obrazy d\u00edv\u00e1me z jin\u00e9 perspektivy, ji\u017e mnoho lid\u00ed u\u010dinilo pro sebe nekonven\u010dn\u00ed a zdrav\u00e1 rozhodnut\u00ed.<\/p>\n<p>V konven\u010dn\u00ed medic\u00edn\u011b je \u010dasto zn\u00e1ma pouze jedna strana mince &#8211; my v\u00e1s informujeme o druh\u00e9 stran\u011b a p\u0159edstav\u00edme v\u00e1m <strong>inovativn\u00ed diagnostick\u00e9 a terapeutick\u00e9 postupy<\/strong> a vhodn\u00e9 produkty. Ka\u017ed\u00fd by m\u011bl zn\u00e1t procesy ve sv\u00e9m t\u011ble, aby se stal co nejv\u00edce nez\u00e1visl\u00fdm na tzv. odborn\u00edc\u00edch. Je to m\u00e9n\u011b slo\u017eit\u00e9, ne\u017e si mysl\u00edte!<\/p>\n<p>Mnoho teori\u00ed z oblasti v\u011bdy\/konven\u010dn\u00ed medic\u00edny bylo ve sv\u00e9 dob\u011b pova\u017eov\u00e1no za nezvratn\u00e9 a pov\u00fd\u0161eno na dogma. Dnes jsou zastaral\u00e9 a zcela p\u0159ehodnocen\u00e9. A tak to jde po\u0159\u00e1d dokola: v\u011bdeck\u00e9 teorie jsou pravideln\u011b p\u0159edkl\u00e1d\u00e1ny a znovu odm\u00edt\u00e1ny.<strong><a href=\"http:\/\/gesundheit-und-sport.com\" target=\"_blank\" rel=\"noopener\"><\/a><\/strong><\/p>\n<p>[\/et_pb_text][\/et_pb_column][\/et_pb_row][et_pb_row _builder_version=&#8220;4.27.3&#8243; _module_preset=&#8220;default&#8220; column_structure=&#8220;1_2,1_2&#8243; hover_enabled=&#8220;0&#8243; sticky_enabled=&#8220;0&#8243;][et_pb_column _builder_version=&#8220;4.27.3&#8243; _module_preset=&#8220;default&#8220; type=&#8220;1_2&#8243;][et_pb_text _builder_version=&#8220;4.27.3&#8243; _module_preset=&#8220;default&#8220; ul_font=&#8220;|600|||||||&#8220; ul_line_height=&#8220;1.7em&#8220; header_2_text_color=&#8220;#C0A000&#8243; header_2_line_height=&#8220;1.3em&#8220; custom_margin=&#8220;||30px|||&#8220; global_colors_info=&#8220;{}&#8220;]<\/p>\n<h2>Lid\u00e9 jsou v centru d\u011bn\u00ed<\/h2>\n<p>P\u0159\u00edrodn\u00ed principy na\u0161t\u011bst\u00ed nemaj\u00ed tak kr\u00e1tk\u00fd polo\u010das rozpadu: my lid\u00e9 m\u00e1me k dispozici smysly, kter\u00fdmi vn\u00edm\u00e1me sebe i sv\u00e9 okol\u00ed. To n\u00e1m umo\u017e\u0148uje vn\u00edmat sv\u00e9 t\u011blo jako nejcitliv\u011bj\u0161\u00ed m\u011b\u0159ic\u00ed p\u0159\u00edstroj a naslouchat mu. <strong>Pokud je n\u011bco v t\u011ble v nerovnov\u00e1ze, dok\u00e1\u017eeme to vyc\u00edtit<\/strong> a m\u011bli bychom p\u0159ij\u00edt p\u0159\u00ed\u010din\u011b na kloub.<\/p>\n<p>Na\u0161\u00ed prac\u00ed chceme nab\u00edzet nov\u00e9 p\u0159\u00edstupy k diagnostick\u00fdm a terapeutick\u00fdm postup\u016fm a\u00a0 <strong><a href=\"https:\/\/trimedea.com\/cs\/trimedea-shop\/\">inovativn\u00ed produkty v souladu s p\u0159\u00edrodou<\/a><\/strong> a doprov\u00e1zet lidi na t\u00e9to cest\u011b. Stejn\u011b tak je d\u016fle\u017eit\u00e9 zn\u00e1t p\u0159\u00edm\u00e9 souvislosti (p\u0159\u00ed\u010dina\/n\u00e1sledek) na\u0161eho vlastn\u00edho my\u0161len\u00ed, abychom podle toho mohli jednat. <strong>Z\u00e1kladn\u00edm p\u0159edpokladem \u00fasp\u011bchu<\/strong> celostn\u00edch terapi\u00ed jsou tak\u00e9 <strong>realistick\u00e9 c\u00edle<\/strong>. Dokud budu m\u00edt nerealistick\u00e9 c\u00edle, mohu za\u017e\u00edvat jen ne\u00fasp\u011bch se v\u0161emi jeho d\u016fsledky.<\/p>\n<p>Na webov\u00fdch str\u00e1nk\u00e1ch <strong>FGS<\/strong> najdete tak\u00e9 mnoho zaj\u00edmav\u00fdch \u010dl\u00e1nk\u016f a cenn\u00fdch informac\u00ed o r\u016fzn\u00fdch zdravotn\u00edch t\u00e9matech: <strong><a href=\"http:\/\/gesundheit-und-sport.com\" target=\"_blank\" rel=\"noopener\">gesundheit-und-sport.com<\/a><\/strong><\/p>\n<p>[\/et_pb_text][\/et_pb_column][et_pb_column _builder_version=&#8220;4.27.3&#8243; _module_preset=&#8220;default&#8220; type=&#8220;1_2&#8243;][et_pb_image src=&#8220;https:\/\/trimedea.com\/wp-content\/uploads\/2024\/11\/Berge.jpg&#8220; _builder_version=&#8220;4.27.3&#8243; _module_preset=&#8220;default&#8220; title_text=&#8220;Berge&#8220; hover_enabled=&#8220;0&#8243; sticky_enabled=&#8220;0&#8243; locked=&#8220;off&#8220;][\/et_pb_image][\/et_pb_column][\/et_pb_row][\/et_pb_section]<\/p>\n","protected":false},"excerpt":{"rendered":"<p>Trimedea a FGS: Spole\u010dn\u011b pro va\u0161e zdrav\u00ed Ve spole\u010dnosti Trimedea chceme vyu\u017e\u00edt na\u0161i pr\u00e1ci k v\u00fdvoji nov\u00fdch p\u0159\u00edstup\u016f k diagnostick\u00fdm a terapeutick\u00fdm postup\u016fm, stejn\u011b jako k rozvoji inovativn\u00ed produkty v souladu s p\u0159\u00edrodou a doprov\u00e1zet lidi na t\u00e9to cest\u011b. Stejn\u011b tak je d\u016fle\u017eit\u00e9 zn\u00e1t p\u0159\u00edm\u00e9 souvislosti (p\u0159\u00ed\u010dina\/n\u00e1sledek) na\u0161eho vlastn\u00edho my\u0161len\u00ed, abychom podle toho mohli jednat. [&hellip;]<\/p>\n","protected":false},"author":2,"featured_media":0,"parent":0,"menu_order":0,"comment_status":"closed","ping_status":"closed","template":"","meta":{"_et_pb_use_builder":"on","_et_pb_old_content":"","_et_gb_content_width":"","footnotes":""},"class_list":["post-63968","page","type-page","status-publish","hentry"],"yoast_head":"<!-- This site is optimized with the Yoast SEO plugin v27.4 - https:\/\/yoast.com\/product\/yoast-seo-wordpress\/ -->\n<title>O n\u00e1s - TRIMEDEA<\/title>\n<meta name=\"description\" content=\"FGS a Trimedea: Nov\u00e9 z\u00e1kladn\u00ed informace o zdravotn\u00edch t\u00e9matech a klinick\u00fdch obrazech - fundovan\u00e9, jasn\u00e9 a srozumiteln\u00e9.\" \/>\n<meta name=\"robots\" content=\"index, follow, max-snippet:-1, max-image-preview:large, max-video-preview:-1\" \/>\n<link rel=\"canonical\" href=\"https:\/\/trimedea.com\/cs\/o-nas\/\" \/>\n<meta property=\"og:locale\" content=\"cs_CZ\" \/>\n<meta property=\"og:type\" content=\"article\" \/>\n<meta property=\"og:title\" content=\"O n\u00e1s - TRIMEDEA\" \/>\n<meta property=\"og:description\" content=\"FGS a Trimedea: Nov\u00e9 z\u00e1kladn\u00ed informace o zdravotn\u00edch t\u00e9matech a klinick\u00fdch obrazech - fundovan\u00e9, jasn\u00e9 a srozumiteln\u00e9.\" \/>\n<meta property=\"og:url\" content=\"https:\/\/trimedea.com\/cs\/o-nas\/\" \/>\n<meta property=\"og:site_name\" content=\"TRIMEDEA\" \/>\n<meta property=\"article:modified_time\" content=\"2024-11-13T11:34:20+00:00\" \/>\n<meta name=\"twitter:card\" content=\"summary_large_image\" \/>\n<script type=\"application\/ld+json\" class=\"yoast-schema-graph\">{\"@context\":\"https:\\\/\\\/schema.org\",\"@graph\":[{\"@type\":\"WebPage\",\"@id\":\"https:\\\/\\\/trimedea.com\\\/cs\\\/o-nas\\\/\",\"url\":\"https:\\\/\\\/trimedea.com\\\/cs\\\/o-nas\\\/\",\"name\":\"O n\u00e1s - TRIMEDEA\",\"isPartOf\":{\"@id\":\"https:\\\/\\\/trimedea.com\\\/cs\\\/#website\"},\"datePublished\":\"2024-11-05T10:02:20+00:00\",\"dateModified\":\"2024-11-13T11:34:20+00:00\",\"description\":\"FGS a Trimedea: Nov\u00e9 z\u00e1kladn\u00ed informace o zdravotn\u00edch t\u00e9matech a klinick\u00fdch obrazech - fundovan\u00e9, jasn\u00e9 a srozumiteln\u00e9.\",\"breadcrumb\":{\"@id\":\"https:\\\/\\\/trimedea.com\\\/cs\\\/o-nas\\\/#breadcrumb\"},\"inLanguage\":\"cs\",\"potentialAction\":[{\"@type\":\"ReadAction\",\"target\":[\"https:\\\/\\\/trimedea.com\\\/cs\\\/o-nas\\\/\"]}]},{\"@type\":\"BreadcrumbList\",\"@id\":\"https:\\\/\\\/trimedea.com\\\/cs\\\/o-nas\\\/#breadcrumb\",\"itemListElement\":[{\"@type\":\"ListItem\",\"position\":1,\"name\":\"Startseite\",\"item\":\"https:\\\/\\\/trimedea.com\\\/cs\\\/\"},{\"@type\":\"ListItem\",\"position\":2,\"name\":\"O n\u00e1s\"}]},{\"@type\":\"WebSite\",\"@id\":\"https:\\\/\\\/trimedea.com\\\/cs\\\/#website\",\"url\":\"https:\\\/\\\/trimedea.com\\\/cs\\\/\",\"name\":\"TRIMEDEA\",\"description\":\"F\u00fcr einen gesunden K\u00f6rper und Geist\",\"publisher\":{\"@id\":\"https:\\\/\\\/trimedea.com\\\/cs\\\/#organization\"},\"potentialAction\":[{\"@type\":\"SearchAction\",\"target\":{\"@type\":\"EntryPoint\",\"urlTemplate\":\"https:\\\/\\\/trimedea.com\\\/cs\\\/?s={search_term_string}\"},\"query-input\":{\"@type\":\"PropertyValueSpecification\",\"valueRequired\":true,\"valueName\":\"search_term_string\"}}],\"inLanguage\":\"cs\"},{\"@type\":\"Organization\",\"@id\":\"https:\\\/\\\/trimedea.com\\\/cs\\\/#organization\",\"name\":\"TRIMEDEA\",\"url\":\"https:\\\/\\\/trimedea.com\\\/cs\\\/\",\"logo\":{\"@type\":\"ImageObject\",\"inLanguage\":\"cs\",\"@id\":\"https:\\\/\\\/trimedea.com\\\/cs\\\/#\\\/schema\\\/logo\\\/image\\\/\",\"url\":\"https:\\\/\\\/trimedea.com\\\/wp-content\\\/uploads\\\/2024\\\/04\\\/TRIMEDEA_LOGO.png\",\"contentUrl\":\"https:\\\/\\\/trimedea.com\\\/wp-content\\\/uploads\\\/2024\\\/04\\\/TRIMEDEA_LOGO.png\",\"width\":540,\"height\":248,\"caption\":\"TRIMEDEA\"},\"image\":{\"@id\":\"https:\\\/\\\/trimedea.com\\\/cs\\\/#\\\/schema\\\/logo\\\/image\\\/\"}}]}<\/script>\n<!-- \/ Yoast SEO plugin. -->","yoast_head_json":{"title":"O n\u00e1s - TRIMEDEA","description":"FGS a Trimedea: Nov\u00e9 z\u00e1kladn\u00ed informace o zdravotn\u00edch t\u00e9matech a klinick\u00fdch obrazech - fundovan\u00e9, jasn\u00e9 a srozumiteln\u00e9.","robots":{"index":"index","follow":"follow","max-snippet":"max-snippet:-1","max-image-preview":"max-image-preview:large","max-video-preview":"max-video-preview:-1"},"canonical":"https:\/\/trimedea.com\/cs\/o-nas\/","og_locale":"cs_CZ","og_type":"article","og_title":"O n\u00e1s - TRIMEDEA","og_description":"FGS a Trimedea: Nov\u00e9 z\u00e1kladn\u00ed informace o zdravotn\u00edch t\u00e9matech a klinick\u00fdch obrazech - fundovan\u00e9, jasn\u00e9 a srozumiteln\u00e9.","og_url":"https:\/\/trimedea.com\/cs\/o-nas\/","og_site_name":"TRIMEDEA","article_modified_time":"2024-11-13T11:34:20+00:00","twitter_card":"summary_large_image","schema":{"@context":"https:\/\/schema.org","@graph":[{"@type":"WebPage","@id":"https:\/\/trimedea.com\/cs\/o-nas\/","url":"https:\/\/trimedea.com\/cs\/o-nas\/","name":"O n\u00e1s - TRIMEDEA","isPartOf":{"@id":"https:\/\/trimedea.com\/cs\/#website"},"datePublished":"2024-11-05T10:02:20+00:00","dateModified":"2024-11-13T11:34:20+00:00","description":"FGS a Trimedea: Nov\u00e9 z\u00e1kladn\u00ed informace o zdravotn\u00edch t\u00e9matech a klinick\u00fdch obrazech - fundovan\u00e9, jasn\u00e9 a srozumiteln\u00e9.","breadcrumb":{"@id":"https:\/\/trimedea.com\/cs\/o-nas\/#breadcrumb"},"inLanguage":"cs","potentialAction":[{"@type":"ReadAction","target":["https:\/\/trimedea.com\/cs\/o-nas\/"]}]},{"@type":"BreadcrumbList","@id":"https:\/\/trimedea.com\/cs\/o-nas\/#breadcrumb","itemListElement":[{"@type":"ListItem","position":1,"name":"Startseite","item":"https:\/\/trimedea.com\/cs\/"},{"@type":"ListItem","position":2,"name":"O n\u00e1s"}]},{"@type":"WebSite","@id":"https:\/\/trimedea.com\/cs\/#website","url":"https:\/\/trimedea.com\/cs\/","name":"TRIMEDEA","description":"F\u00fcr einen gesunden K\u00f6rper und Geist","publisher":{"@id":"https:\/\/trimedea.com\/cs\/#organization"},"potentialAction":[{"@type":"SearchAction","target":{"@type":"EntryPoint","urlTemplate":"https:\/\/trimedea.com\/cs\/?s={search_term_string}"},"query-input":{"@type":"PropertyValueSpecification","valueRequired":true,"valueName":"search_term_string"}}],"inLanguage":"cs"},{"@type":"Organization","@id":"https:\/\/trimedea.com\/cs\/#organization","name":"TRIMEDEA","url":"https:\/\/trimedea.com\/cs\/","logo":{"@type":"ImageObject","inLanguage":"cs","@id":"https:\/\/trimedea.com\/cs\/#\/schema\/logo\/image\/","url":"https:\/\/trimedea.com\/wp-content\/uploads\/2024\/04\/TRIMEDEA_LOGO.png","contentUrl":"https:\/\/trimedea.com\/wp-content\/uploads\/2024\/04\/TRIMEDEA_LOGO.png","width":540,"height":248,"caption":"TRIMEDEA"},"image":{"@id":"https:\/\/trimedea.com\/cs\/#\/schema\/logo\/image\/"}}]}},"_links":{"self":[{"href":"https:\/\/trimedea.com\/cs\/wp-json\/wp\/v2\/pages\/63968","targetHints":{"allow":["GET"]}}],"collection":[{"href":"https:\/\/trimedea.com\/cs\/wp-json\/wp\/v2\/pages"}],"about":[{"href":"https:\/\/trimedea.com\/cs\/wp-json\/wp\/v2\/types\/page"}],"author":[{"embeddable":true,"href":"https:\/\/trimedea.com\/cs\/wp-json\/wp\/v2\/users\/2"}],"replies":[{"embeddable":true,"href":"https:\/\/trimedea.com\/cs\/wp-json\/wp\/v2\/comments?post=63968"}],"version-history":[{"count":0,"href":"https:\/\/trimedea.com\/cs\/wp-json\/wp\/v2\/pages\/63968\/revisions"}],"wp:attachment":[{"href":"https:\/\/trimedea.com\/cs\/wp-json\/wp\/v2\/media?parent=63968"}],"curies":[{"name":"wp","href":"https:\/\/api.w.org\/{rel}","templated":true}]}}