{"id":69422,"date":"2025-06-12T09:01:02","date_gmt":"2025-06-12T08:01:02","guid":{"rendered":"https:\/\/trimedea.com\/srovnani-vyrobnich-postupu-pro-koloidy-a-iontove-roztoky\/"},"modified":"2025-09-11T09:43:04","modified_gmt":"2025-09-11T08:43:04","slug":"srovnani-vyrobnich-postupu-pro-koloidy-a-iontove-roztoky","status":"publish","type":"page","link":"https:\/\/trimedea.com\/cs\/srovnani-vyrobnich-postupu-pro-koloidy-a-iontove-roztoky\/","title":{"rendered":"Srovn\u00e1n\u00ed v\u00fdrobn\u00edch postup\u016f pro koloidy a iontov\u00e9 roztoky"},"content":{"rendered":"<p>[et_pb_section fb_built=&#8220;1&#8243; _builder_version=&#8220;4.27.4&#8243; _module_preset=&#8220;default&#8220; global_colors_info=&#8220;{}&#8220;][et_pb_row _builder_version=&#8220;4.27.4&#8243; _module_preset=&#8220;default&#8220; background_color=&#8220;RGBA(255,255,255,0)&#8220; custom_margin=&#8220;||0px||false|false&#8220; custom_padding=&#8220;30px||0px||false|false&#8220; global_colors_info=&#8220;{}&#8220;][et_pb_column type=&#8220;4_4&#8243; _builder_version=&#8220;4.27.4&#8243; _module_preset=&#8220;default&#8220; global_colors_info=&#8220;{}&#8220;][et_pb_text _builder_version=&#8220;4.27.4&#8243; _module_preset=&#8220;default&#8220; header_text_color=&#8220;#C0A000&#8243; header_line_height=&#8220;1.3em&#8220; header_3_font=&#8220;|700||on|||||&#8220; header_3_text_color=&#8220;#C0A000&#8243; background_color=&#8220;RGBA(255,255,255,0)&#8220; custom_padding=&#8220;10px||10px||true|false&#8220; hover_enabled=&#8220;0&#8243; global_colors_info=&#8220;{}&#8220; sticky_enabled=&#8220;0&#8243;]<\/p>\n<h1>Srovn\u00e1n\u00ed v\u00fdrobn\u00edch proces\u016f:<br \/>elektrol\u00fdza, protonov\u00e1 rezonance a vysokonap\u011b\u0165ov\u00e9 plazma.<\/h1>\n<p><strong>Koloidn\u00ed kovy a iontov\u00e9 roztoky se vyr\u00e1b\u011bj\u00ed r\u016fzn\u00fdmi v\u00fdrobn\u00edmi postupy. Ka\u017ed\u00e1 metoda m\u00e1 sv\u00e9 <a href=\"https:\/\/gesundheit-und-sport.com\/herstellungsverfahren-von-kolloidalen-metallen-im-ueberblick\/\" target=\"_blank\" rel=\"noopener\">specifick\u00e9 v\u00fdhody a nev\u00fdhody,<\/a> mo\u017enosti vyu\u017eit\u00ed v z\u00e1jmov\u00e9m sektoru a potenci\u00e1ln\u00ed rizika. Jeden z\u00e1sadn\u00ed rozd\u00edl byl nyn\u00ed nez\u00e1visle testov\u00e1n: Jak spolehliv\u00e1 jsou tvrzen\u00ed v\u00fdrobc\u016f o ppm?  <\/strong><\/p>\n<p>[\/et_pb_text][\/et_pb_column][\/et_pb_row][et_pb_row column_structure=&#8220;1_3,1_3,1_3&#8243; use_custom_gutter=&#8220;on&#8220; gutter_width=&#8220;1&#8243; _builder_version=&#8220;4.27.4&#8243; _module_preset=&#8220;default&#8220; background_color=&#8220;#ebebeb&#8220; custom_padding=&#8220;0px||0px||true|false&#8220; global_colors_info=&#8220;{}&#8220;][et_pb_column type=&#8220;1_3&#8243; _builder_version=&#8220;4.27.4&#8243; _module_preset=&#8220;default&#8220; global_colors_info=&#8220;{}&#8220;][et_pb_text _builder_version=&#8220;4.27.4&#8243; _module_preset=&#8220;default&#8220; header_2_text_color=&#8220;#C0A000&#8243; custom_padding=&#8220;30px||30px||true|false&#8220; global_colors_info=&#8220;{}&#8220;]<\/p>\n<h2 style=\"text-align: center\">Elektrol\u00fdza<\/h2>\n<p style=\"text-align: center\"><strong>(Iontov\u00e9 roztoky)<br \/><\/strong>ZPR\u00c1VA O TESTU \u010d. 29039<\/p>\n<p>[\/et_pb_text][et_pb_text _builder_version=&#8220;4.27.4&#8243; _module_preset=&#8220;default&#8220; header_3_font=&#8220;|700||on|||||&#8220; header_3_text_color=&#8220;#C0A000&#8243; background_color=&#8220;#d1d1d1&#8243; custom_padding=&#8220;20px||20px||true|false&#8220; global_colors_info=&#8220;{}&#8220;]<\/p>\n<h3 style=\"text-align: center\">st\u0159\u00edbro<\/h3>\n<p style=\"text-align: center\">Specifikace podle v\u00fdrobce <strong>200ppm<\/strong><br \/><strong>Laboratorn\u011b nam\u011b\u0159en\u00e1<\/strong> hodnota 10ppm<br \/>Odchylka <span style=\"color: #ff0000\"><strong>-95 %<\/strong><\/span> od 100<\/p>\n<p>[\/et_pb_text][et_pb_text _builder_version=&#8220;4.27.4&#8243; _module_preset=&#8220;default&#8220; header_3_font=&#8220;|700||on|||||&#8220; header_3_text_color=&#8220;#C0A000&#8243; custom_padding=&#8220;20px||20px||true|false&#8220; global_colors_info=&#8220;{}&#8220;]<\/p>\n<h3 style=\"text-align: center\">Zlato<\/h3>\n<p style=\"text-align: center\">Specifikace dle v\u00fdrobce <strong>50ppm<\/strong><br \/><strong>Laboratorn\u011b nam\u011b\u0159en\u00e1 hodnota<\/strong> 0,04ppm<br \/>Odchylka <span style=\"color: #ff0000\"><strong>-99,2 %<\/strong><\/span> od 100<\/p>\n<p>[\/et_pb_text][et_pb_text _builder_version=&#8220;4.27.4&#8243; _module_preset=&#8220;default&#8220; header_3_font=&#8220;|700||on|||||&#8220; header_3_text_color=&#8220;#C0A000&#8243; background_color=&#8220;#d1d1d1&#8243; custom_padding=&#8220;20px||20px||true|false&#8220; global_colors_info=&#8220;{}&#8220;]<\/p>\n<h3 style=\"text-align: center\">Platinum<\/h3>\n<p style=\"text-align: center\">Specifikace dle v\u00fdrobce <strong>25ppm<\/strong><br \/><strong>Laboratorn\u011b nam\u011b\u0159en\u00e1 hodnota<\/strong> 0,001ppm<br \/>Odchylka <span style=\"color: #ff0000\"><strong>-99,9 %<\/strong><\/span> od 100<\/p>\n<p>[\/et_pb_text][\/et_pb_column][et_pb_column type=&#8220;1_3&#8243; _builder_version=&#8220;4.27.4&#8243; _module_preset=&#8220;default&#8220; global_colors_info=&#8220;{}&#8220;][et_pb_text _builder_version=&#8220;4.27.4&#8243; _module_preset=&#8220;default&#8220; header_2_text_color=&#8220;#C0A000&#8243; custom_padding=&#8220;30px||30px||true|false&#8220; global_colors_info=&#8220;{}&#8220;]<\/p>\n<h2 style=\"text-align: center\">  Metoda protonov\u00e9 rezonance<\/h2>\n<p style=\"text-align: center\"><strong>(tajn\u00fd v\u00fdrobn\u00ed proces)<br \/><\/strong>TESTOVAC\u00cd ZPR\u00c1VA \u010d. 23889<\/p>\n<p>[\/et_pb_text][et_pb_text _builder_version=&#8220;4.27.4&#8243; _module_preset=&#8220;default&#8220; header_3_font=&#8220;|700||on|||||&#8220; header_3_text_color=&#8220;#C0A000&#8243; background_color=&#8220;#d1d1d1&#8243; custom_padding=&#8220;20px||20px||true|false&#8220; global_colors_info=&#8220;{}&#8220;]<\/p>\n<h3 style=\"text-align: center\">st\u0159\u00edbro<\/h3>\n<p style=\"text-align: center\">Specifikace dle v\u00fdrobce <strong>50ppm<\/strong><br \/><strong> Laboratorn\u011b nam\u011b\u0159en\u00e1 hodnota<\/strong> 0,7ppm<br \/>Odchylka <span style=\"color: #ff0000\"><strong>-98,6 %<\/strong><\/span> od 100<\/p>\n<p>[\/et_pb_text][et_pb_text _builder_version=&#8220;4.27.4&#8243; _module_preset=&#8220;default&#8220; header_3_font=&#8220;|700||on|||||&#8220; header_3_text_color=&#8220;#C0A000&#8243; custom_padding=&#8220;20px||20px||true|false&#8220; global_colors_info=&#8220;{}&#8220;]<\/p>\n<h3 style=\"text-align: center\">Zlato<\/h3>\n<p style=\"text-align: center\">Specifikace podle v\u00fdrobce <strong>55ppm<\/strong><br \/><strong>Laboratorn\u011b nam\u011b\u0159en\u00e1 hodnota<\/strong> 0,8ppm<br \/>Odchylka <strong><span style=\"color: #ff0000\">-98,5 %<\/span> <\/strong>od 100<\/p>\n<p>[\/et_pb_text][et_pb_text _builder_version=&#8220;4.27.4&#8243; _module_preset=&#8220;default&#8220; header_3_font=&#8220;|700||on|||||&#8220; header_3_text_color=&#8220;#C0A000&#8243; background_color=&#8220;#d1d1d1&#8243; custom_padding=&#8220;20px||20px||true|false&#8220; global_colors_info=&#8220;{}&#8220;]<\/p>\n<h3 style=\"text-align: center\">Platinum<\/h3>\n<p style=\"text-align: center\">Specifikace dle v\u00fdrobce <strong>50ppm<\/strong><br \/><strong>Laboratorn\u011b nam\u011b\u0159en\u00e1 hodnota<\/strong> 0,0006ppm<br \/>Odchylka <span style=\"color: #ff0000\"><strong>-99,9 % <\/strong><\/span>od 100<\/p>\n<p>[\/et_pb_text][\/et_pb_column][et_pb_column type=&#8220;1_3&#8243; _builder_version=&#8220;4.27.4&#8243; _module_preset=&#8220;default&#8220; global_colors_info=&#8220;{}&#8220;][et_pb_text _builder_version=&#8220;4.27.4&#8243; _module_preset=&#8220;default&#8220; header_2_text_color=&#8220;#C0A000&#8243; custom_padding=&#8220;30px||30px||true|false&#8220; global_colors_info=&#8220;{}&#8220;]<\/p>\n<h2 style=\"text-align: center\">Vysokonap\u011b\u0165ov\u00fd plazmov\u00fd proces<\/h2>\n<p style=\"text-align: center\"><strong>(v\u00fdrobn\u00ed proces HVAC\/Bredig)<br \/><\/strong>TESTOVAC\u00cd ZPR\u00c1VA \u010d. 4242 \/ 22590 \/ 4242 \/ 32655<\/p>\n<p>[\/et_pb_text][et_pb_text _builder_version=&#8220;4.27.4&#8243; _module_preset=&#8220;default&#8220; header_3_font=&#8220;|700||on|||||&#8220; header_3_text_color=&#8220;#C0A000&#8243; background_color=&#8220;#d1d1d1&#8243; custom_padding=&#8220;20px||20px||true|false&#8220; global_colors_info=&#8220;{}&#8220;]<\/p>\n<h3 style=\"text-align: center\">st\u0159\u00edbro<\/h3>\n<p style=\"text-align: center\">Specifikace podle v\u00fdrobce <strong>10ppm<\/strong><br \/><strong>Laboratorn\u011b nam\u011b\u0159en\u00e1 hodnota<\/strong> 11,4ppm<br \/>Odchylka 114 % od 100 %.<\/p>\n<p>[\/et_pb_text][et_pb_text _builder_version=&#8220;4.27.4&#8243; _module_preset=&#8220;default&#8220; header_3_font=&#8220;|700||on|||||&#8220; header_3_text_color=&#8220;#C0A000&#8243; custom_padding=&#8220;20px||20px||true|false&#8220; global_colors_info=&#8220;{}&#8220;]<\/p>\n<h3 style=\"text-align: center\">Zlato<\/h3>\n<p style=\"text-align: center\">Specifikace podle v\u00fdrobce <strong>10ppm<\/strong><br \/><strong>Laboratorn\u011b nam\u011b\u0159en\u00e1<\/strong> hodnota 7ppm<br \/>Odchylka <strong><span style=\"color: #ff0000\">-30 %<\/span> <\/strong>od 100<\/p>\n<p>[\/et_pb_text][et_pb_text _builder_version=&#8220;4.27.4&#8243; _module_preset=&#8220;default&#8220; header_3_font=&#8220;|700||on|||||&#8220; header_3_text_color=&#8220;#C0A000&#8243; background_color=&#8220;#d1d1d1&#8243; custom_padding=&#8220;20px||20px||true|false&#8220; global_colors_info=&#8220;{}&#8220;]<\/p>\n<h3 style=\"text-align: center\">Platinum<\/h3>\n<p style=\"text-align: center\">Specifikace podle v\u00fdrobce <strong>5ppm<\/strong><br \/><strong> Laboratorn\u011b nam\u011b\u0159en\u00e1 hodnota<\/strong> 5,7ppm<br \/>Odchylka 114 % od 100 %.<\/p>\n<p>[\/et_pb_text][\/et_pb_column][\/et_pb_row][et_pb_row _builder_version=&#8220;4.27.4&#8243; _module_preset=&#8220;default&#8220; global_colors_info=&#8220;{}&#8220;][et_pb_column type=&#8220;4_4&#8243; _builder_version=&#8220;4.27.4&#8243; _module_preset=&#8220;default&#8220; global_colors_info=&#8220;{}&#8220;][et_pb_text _builder_version=&#8220;4.27.4&#8243; _module_preset=&#8220;default&#8220; min_height=&#8220;235.2px&#8220; custom_margin=&#8220;46px|||||&#8220; global_colors_info=&#8220;{}&#8220;]<\/p>\n<h3 style=\"text-align: left\"><strong>Vysv\u011btlen\u00ed v\u00fdsledk\u016f: Pouze jeden proces spl\u0148uje to, co slibuje<\/strong><\/h3>\n<p style=\"text-align: left\">Zna\u010dn\u00e9 odchylky v uveden\u00fdch ppm (parts per million) umo\u017e\u0148uj\u00ed snadno rozpoznat, \u017ee elektrol\u00fdza ani z\u00e1hadn\u00fd proces protonov\u00e9 rezonance nejsou vhodn\u00e9 pro v\u00fdrobu vysoce kvalitn\u00edch koloidn\u00edch roztok\u016f. Mno\u017estv\u00ed v kapalin\u00e1ch se obvykle li\u0161\u00ed t\u00e9m\u011b\u0159 o 100 % od inzerovan\u00fdch hodnot &#8211; v t\u011bchto &#8222;koloidech&#8220; je skute\u010dn\u011b p\u0159\u00edtomna jen nepatrn\u00e1 \u010d\u00e1st kov\u016f. <\/p>\n<p style=\"text-align: left\">D\u016fvodem je, \u017ee elektrol\u00fdza by se ve skute\u010dnosti nem\u011bla ozna\u010dovat jako koloidn\u00ed kovy, jedn\u00e1 se pouze o iontov\u00e9 roztoky. Mezi iontov\u00fdmi roztoky kov\u016f a koloidy je chemicko-fyzik\u00e1ln\u00ed rozd\u00edl, kter\u00fd ovliv\u0148uje kvalitu, velikost \u010d\u00e1stic, koncentraci, zbarven\u00ed a \u00fa\u010dinek v metabolismu. <\/p>\n<ul>\n<li style=\"text-align: left\"><strong>Elektrol\u00fdzou vznikaj\u00ed<\/strong> iontov\u00e9 roztoky (reaktivn\u00ed), nikoli koloidn\u00ed disperze. P\u0159e\u010dt\u011bte si v\u00edce: <a href=\"https:\/\/gesundheit-und-sport.com\/unterschiede-zwischen-elektrolyse-und-hochvolt-plasmaverfahren\/\" target=\"_blank\" rel=\"noopener\">Rozd\u00edly mezi elektrol\u00fdzou a vysokonap\u011b\u0165ov\u00fdm plazmov\u00fdm procesem<\/a> <\/li>\n<li style=\"text-align: left\">O v\u00fdrobn\u00edm postupu <strong>metody protonov\u00e9 rezonance<\/strong> nejsou \u017e\u00e1dn\u00e1 prohl\u00e1\u0161en\u00ed <strong>;<\/strong> neexistuje \u017e\u00e1dn\u00e1 v\u011bdecky ov\u011b\u0159iteln\u00e1 literatura. P\u0159e\u010dt\u011bte si v\u00edce: <a href=\"https:\/\/gesundheit-und-sport.com\/protonenresonanz-ein-fragwuerdiges-verfahren\/\" target=\"_blank\" rel=\"noopener\">Protonov\u00e1 rezonance &#8211; pochybn\u00fd postup<\/a> <\/li>\n<li style=\"text-align: left\"><strong>Vysokonap\u011b\u0165ov\u00fd plazmov\u00fd proces vytv\u00e1\u0159\u00ed<\/strong> koloidn\u00ed disperze = skute\u010dn\u00e9 koloidy. O tom existuje rozs\u00e1hl\u00e1 v\u011bdeck\u00e1 literatura a r\u016fzn\u00e9 studie. P\u0159e\u010dt\u011bte si v\u00edce: <a href=\"https:\/\/gesundheit-und-sport.com\/kolloidales-gold-silber-und-platin-im-hochvolt-plasma-verfahren\/\" target=\"_blank\" rel=\"noopener\">Koloidn\u00ed kovy v procesu vysokonap\u011b\u0165ov\u00e9ho plazmatu<\/a>  <\/li>\n<\/ul>\n<p>&nbsp;<\/p>\n<p style=\"text-align: left\">Metoda<strong> anal\u00fdzy ICP-MS (hmotnostn\u00ed spektrometrie s induk\u010dn\u011b v\u00e1zan\u00fdm plazmatem)<\/strong> je nejmodern\u011bj\u0161\u00ed metodou pro stanoven\u00ed koncentrace kov\u016f v koloidn\u00edch roztoc\u00edch.<\/p>\n<p><img loading=\"lazy\" decoding=\"async\" class=\"wp-image-67710 alignnone size-full\" style=\"float: left\" src=\"https:\/\/trimedea.com\/wp-content\/uploads\/2025\/06\/ostrava.png\" alt=\"\" width=\"66\" height=\"68\">Studie byly provedeny <a href=\"https:\/\/en.zuova.cz\/\"><strong>Zdravotn\u00ed \u00fastav se s\u00eddlem v Ostrav\u011b,<\/strong><\/a> \u010cesk\u00e1 republika.<br \/>Partyz\u00e1nsk\u00e9 n\u00e1m\u011bst\u00ed 2633\/7, Moravsk\u00e1 Ostrava, 702 00 Ostrava.<\/p>\n<p>[\/et_pb_text][\/et_pb_column][\/et_pb_row][\/et_pb_section]<\/p>\n","protected":false},"excerpt":{"rendered":"<p>V\u00fdrobn\u00ed postupy pro koloidy a iontov\u00e9 roztoky: Jak si vedou procesy protonov\u00e9 rezonance a elektrol\u00fdzy ve srovn\u00e1n\u00ed s vysokonap\u011b\u0165ov\u00fdm plazmov\u00fdm procesem?<\/p>\n","protected":false},"author":2,"featured_media":0,"parent":0,"menu_order":0,"comment_status":"closed","ping_status":"closed","template":"","meta":{"_et_pb_use_builder":"on","_et_pb_old_content":"","_et_gb_content_width":"","footnotes":""},"class_list":["post-69422","page","type-page","status-publish","hentry"],"yoast_head":"<!-- This site is optimized with the Yoast SEO plugin v27.3 - https:\/\/yoast.com\/product\/yoast-seo-wordpress\/ -->\n<title>Srovn\u00e1n\u00ed v\u00fdrobn\u00edch postup\u016f pro koloidy a iontov\u00e9 roztoky<\/title>\n<meta name=\"description\" content=\"V\u00fdrobn\u00ed procesy pro koloidy: jak dobr\u00e9 jsou protonov\u00e1 rezonance a elektrol\u00fdza ve srovn\u00e1n\u00ed s vysokonap\u011b\u0165ov\u00fdm plazmov\u00fdm procesem?\" \/>\n<meta name=\"robots\" content=\"index, follow, max-snippet:-1, max-image-preview:large, max-video-preview:-1\" \/>\n<link rel=\"canonical\" href=\"https:\/\/trimedea.com\/cs\/srovnani-vyrobnich-postupu-pro-koloidy-a-iontove-roztoky\/\" \/>\n<meta property=\"og:locale\" content=\"cs_CZ\" \/>\n<meta property=\"og:type\" content=\"article\" \/>\n<meta property=\"og:title\" content=\"Srovn\u00e1n\u00ed v\u00fdrobn\u00edch postup\u016f pro koloidy a iontov\u00e9 roztoky\" \/>\n<meta property=\"og:description\" content=\"V\u00fdrobn\u00ed procesy pro koloidy: jak dobr\u00e9 jsou protonov\u00e1 rezonance a elektrol\u00fdza ve srovn\u00e1n\u00ed s vysokonap\u011b\u0165ov\u00fdm plazmov\u00fdm procesem?\" \/>\n<meta property=\"og:url\" content=\"https:\/\/trimedea.com\/cs\/srovnani-vyrobnich-postupu-pro-koloidy-a-iontove-roztoky\/\" \/>\n<meta property=\"og:site_name\" content=\"TRIMEDEA\" \/>\n<meta property=\"article:modified_time\" content=\"2025-09-11T08:43:04+00:00\" \/>\n<meta property=\"og:image\" content=\"https:\/\/trimedea.com\/wp-content\/uploads\/2025\/06\/ostrava.png\" \/>\n\t<meta property=\"og:image:width\" content=\"268\" \/>\n\t<meta property=\"og:image:height\" content=\"215\" \/>\n\t<meta property=\"og:image:type\" content=\"image\/png\" \/>\n<meta name=\"twitter:card\" content=\"summary_large_image\" \/>\n<script type=\"application\/ld+json\" class=\"yoast-schema-graph\">{\"@context\":\"https:\\\/\\\/schema.org\",\"@graph\":[{\"@type\":\"WebPage\",\"@id\":\"https:\\\/\\\/trimedea.com\\\/cs\\\/srovnani-vyrobnich-postupu-pro-koloidy-a-iontove-roztoky\\\/\",\"url\":\"https:\\\/\\\/trimedea.com\\\/cs\\\/srovnani-vyrobnich-postupu-pro-koloidy-a-iontove-roztoky\\\/\",\"name\":\"Srovn\u00e1n\u00ed v\u00fdrobn\u00edch postup\u016f pro koloidy a iontov\u00e9 roztoky\",\"isPartOf\":{\"@id\":\"https:\\\/\\\/trimedea.com\\\/cs\\\/#website\"},\"primaryImageOfPage\":{\"@id\":\"https:\\\/\\\/trimedea.com\\\/cs\\\/srovnani-vyrobnich-postupu-pro-koloidy-a-iontove-roztoky\\\/#primaryimage\"},\"image\":{\"@id\":\"https:\\\/\\\/trimedea.com\\\/cs\\\/srovnani-vyrobnich-postupu-pro-koloidy-a-iontove-roztoky\\\/#primaryimage\"},\"thumbnailUrl\":\"https:\\\/\\\/trimedea.com\\\/wp-content\\\/uploads\\\/2025\\\/06\\\/ostrava.png\",\"datePublished\":\"2025-06-12T08:01:02+00:00\",\"dateModified\":\"2025-09-11T08:43:04+00:00\",\"description\":\"V\u00fdrobn\u00ed procesy pro koloidy: jak dobr\u00e9 jsou protonov\u00e1 rezonance a elektrol\u00fdza ve srovn\u00e1n\u00ed s vysokonap\u011b\u0165ov\u00fdm plazmov\u00fdm procesem?\",\"breadcrumb\":{\"@id\":\"https:\\\/\\\/trimedea.com\\\/cs\\\/srovnani-vyrobnich-postupu-pro-koloidy-a-iontove-roztoky\\\/#breadcrumb\"},\"inLanguage\":\"cs\",\"potentialAction\":[{\"@type\":\"ReadAction\",\"target\":[\"https:\\\/\\\/trimedea.com\\\/cs\\\/srovnani-vyrobnich-postupu-pro-koloidy-a-iontove-roztoky\\\/\"]}]},{\"@type\":\"ImageObject\",\"inLanguage\":\"cs\",\"@id\":\"https:\\\/\\\/trimedea.com\\\/cs\\\/srovnani-vyrobnich-postupu-pro-koloidy-a-iontove-roztoky\\\/#primaryimage\",\"url\":\"https:\\\/\\\/trimedea.com\\\/wp-content\\\/uploads\\\/2025\\\/06\\\/ostrava.png\",\"contentUrl\":\"https:\\\/\\\/trimedea.com\\\/wp-content\\\/uploads\\\/2025\\\/06\\\/ostrava.png\"},{\"@type\":\"BreadcrumbList\",\"@id\":\"https:\\\/\\\/trimedea.com\\\/cs\\\/srovnani-vyrobnich-postupu-pro-koloidy-a-iontove-roztoky\\\/#breadcrumb\",\"itemListElement\":[{\"@type\":\"ListItem\",\"position\":1,\"name\":\"Startseite\",\"item\":\"https:\\\/\\\/trimedea.com\\\/cs\\\/\"},{\"@type\":\"ListItem\",\"position\":2,\"name\":\"Srovn\u00e1n\u00ed v\u00fdrobn\u00edch postup\u016f pro koloidy a iontov\u00e9 roztoky\"}]},{\"@type\":\"WebSite\",\"@id\":\"https:\\\/\\\/trimedea.com\\\/cs\\\/#website\",\"url\":\"https:\\\/\\\/trimedea.com\\\/cs\\\/\",\"name\":\"TRIMEDEA\",\"description\":\"F\u00fcr einen gesunden K\u00f6rper und Geist\",\"publisher\":{\"@id\":\"https:\\\/\\\/trimedea.com\\\/cs\\\/#organization\"},\"potentialAction\":[{\"@type\":\"SearchAction\",\"target\":{\"@type\":\"EntryPoint\",\"urlTemplate\":\"https:\\\/\\\/trimedea.com\\\/cs\\\/?s={search_term_string}\"},\"query-input\":{\"@type\":\"PropertyValueSpecification\",\"valueRequired\":true,\"valueName\":\"search_term_string\"}}],\"inLanguage\":\"cs\"},{\"@type\":\"Organization\",\"@id\":\"https:\\\/\\\/trimedea.com\\\/cs\\\/#organization\",\"name\":\"TRIMEDEA\",\"url\":\"https:\\\/\\\/trimedea.com\\\/cs\\\/\",\"logo\":{\"@type\":\"ImageObject\",\"inLanguage\":\"cs\",\"@id\":\"https:\\\/\\\/trimedea.com\\\/cs\\\/#\\\/schema\\\/logo\\\/image\\\/\",\"url\":\"https:\\\/\\\/trimedea.com\\\/wp-content\\\/uploads\\\/2024\\\/04\\\/TRIMEDEA_LOGO.png\",\"contentUrl\":\"https:\\\/\\\/trimedea.com\\\/wp-content\\\/uploads\\\/2024\\\/04\\\/TRIMEDEA_LOGO.png\",\"width\":540,\"height\":248,\"caption\":\"TRIMEDEA\"},\"image\":{\"@id\":\"https:\\\/\\\/trimedea.com\\\/cs\\\/#\\\/schema\\\/logo\\\/image\\\/\"}}]}<\/script>\n<!-- \/ Yoast SEO plugin. -->","yoast_head_json":{"title":"Srovn\u00e1n\u00ed v\u00fdrobn\u00edch postup\u016f pro koloidy a iontov\u00e9 roztoky","description":"V\u00fdrobn\u00ed procesy pro koloidy: jak dobr\u00e9 jsou protonov\u00e1 rezonance a elektrol\u00fdza ve srovn\u00e1n\u00ed s vysokonap\u011b\u0165ov\u00fdm plazmov\u00fdm procesem?","robots":{"index":"index","follow":"follow","max-snippet":"max-snippet:-1","max-image-preview":"max-image-preview:large","max-video-preview":"max-video-preview:-1"},"canonical":"https:\/\/trimedea.com\/cs\/srovnani-vyrobnich-postupu-pro-koloidy-a-iontove-roztoky\/","og_locale":"cs_CZ","og_type":"article","og_title":"Srovn\u00e1n\u00ed v\u00fdrobn\u00edch postup\u016f pro koloidy a iontov\u00e9 roztoky","og_description":"V\u00fdrobn\u00ed procesy pro koloidy: jak dobr\u00e9 jsou protonov\u00e1 rezonance a elektrol\u00fdza ve srovn\u00e1n\u00ed s vysokonap\u011b\u0165ov\u00fdm plazmov\u00fdm procesem?","og_url":"https:\/\/trimedea.com\/cs\/srovnani-vyrobnich-postupu-pro-koloidy-a-iontove-roztoky\/","og_site_name":"TRIMEDEA","article_modified_time":"2025-09-11T08:43:04+00:00","og_image":[{"width":268,"height":215,"url":"https:\/\/trimedea.com\/wp-content\/uploads\/2025\/06\/ostrava.png","type":"image\/png"}],"twitter_card":"summary_large_image","schema":{"@context":"https:\/\/schema.org","@graph":[{"@type":"WebPage","@id":"https:\/\/trimedea.com\/cs\/srovnani-vyrobnich-postupu-pro-koloidy-a-iontove-roztoky\/","url":"https:\/\/trimedea.com\/cs\/srovnani-vyrobnich-postupu-pro-koloidy-a-iontove-roztoky\/","name":"Srovn\u00e1n\u00ed v\u00fdrobn\u00edch postup\u016f pro koloidy a iontov\u00e9 roztoky","isPartOf":{"@id":"https:\/\/trimedea.com\/cs\/#website"},"primaryImageOfPage":{"@id":"https:\/\/trimedea.com\/cs\/srovnani-vyrobnich-postupu-pro-koloidy-a-iontove-roztoky\/#primaryimage"},"image":{"@id":"https:\/\/trimedea.com\/cs\/srovnani-vyrobnich-postupu-pro-koloidy-a-iontove-roztoky\/#primaryimage"},"thumbnailUrl":"https:\/\/trimedea.com\/wp-content\/uploads\/2025\/06\/ostrava.png","datePublished":"2025-06-12T08:01:02+00:00","dateModified":"2025-09-11T08:43:04+00:00","description":"V\u00fdrobn\u00ed procesy pro koloidy: jak dobr\u00e9 jsou protonov\u00e1 rezonance a elektrol\u00fdza ve srovn\u00e1n\u00ed s vysokonap\u011b\u0165ov\u00fdm plazmov\u00fdm procesem?","breadcrumb":{"@id":"https:\/\/trimedea.com\/cs\/srovnani-vyrobnich-postupu-pro-koloidy-a-iontove-roztoky\/#breadcrumb"},"inLanguage":"cs","potentialAction":[{"@type":"ReadAction","target":["https:\/\/trimedea.com\/cs\/srovnani-vyrobnich-postupu-pro-koloidy-a-iontove-roztoky\/"]}]},{"@type":"ImageObject","inLanguage":"cs","@id":"https:\/\/trimedea.com\/cs\/srovnani-vyrobnich-postupu-pro-koloidy-a-iontove-roztoky\/#primaryimage","url":"https:\/\/trimedea.com\/wp-content\/uploads\/2025\/06\/ostrava.png","contentUrl":"https:\/\/trimedea.com\/wp-content\/uploads\/2025\/06\/ostrava.png"},{"@type":"BreadcrumbList","@id":"https:\/\/trimedea.com\/cs\/srovnani-vyrobnich-postupu-pro-koloidy-a-iontove-roztoky\/#breadcrumb","itemListElement":[{"@type":"ListItem","position":1,"name":"Startseite","item":"https:\/\/trimedea.com\/cs\/"},{"@type":"ListItem","position":2,"name":"Srovn\u00e1n\u00ed v\u00fdrobn\u00edch postup\u016f pro koloidy a iontov\u00e9 roztoky"}]},{"@type":"WebSite","@id":"https:\/\/trimedea.com\/cs\/#website","url":"https:\/\/trimedea.com\/cs\/","name":"TRIMEDEA","description":"F\u00fcr einen gesunden K\u00f6rper und Geist","publisher":{"@id":"https:\/\/trimedea.com\/cs\/#organization"},"potentialAction":[{"@type":"SearchAction","target":{"@type":"EntryPoint","urlTemplate":"https:\/\/trimedea.com\/cs\/?s={search_term_string}"},"query-input":{"@type":"PropertyValueSpecification","valueRequired":true,"valueName":"search_term_string"}}],"inLanguage":"cs"},{"@type":"Organization","@id":"https:\/\/trimedea.com\/cs\/#organization","name":"TRIMEDEA","url":"https:\/\/trimedea.com\/cs\/","logo":{"@type":"ImageObject","inLanguage":"cs","@id":"https:\/\/trimedea.com\/cs\/#\/schema\/logo\/image\/","url":"https:\/\/trimedea.com\/wp-content\/uploads\/2024\/04\/TRIMEDEA_LOGO.png","contentUrl":"https:\/\/trimedea.com\/wp-content\/uploads\/2024\/04\/TRIMEDEA_LOGO.png","width":540,"height":248,"caption":"TRIMEDEA"},"image":{"@id":"https:\/\/trimedea.com\/cs\/#\/schema\/logo\/image\/"}}]}},"_links":{"self":[{"href":"https:\/\/trimedea.com\/cs\/wp-json\/wp\/v2\/pages\/69422","targetHints":{"allow":["GET"]}}],"collection":[{"href":"https:\/\/trimedea.com\/cs\/wp-json\/wp\/v2\/pages"}],"about":[{"href":"https:\/\/trimedea.com\/cs\/wp-json\/wp\/v2\/types\/page"}],"author":[{"embeddable":true,"href":"https:\/\/trimedea.com\/cs\/wp-json\/wp\/v2\/users\/2"}],"replies":[{"embeddable":true,"href":"https:\/\/trimedea.com\/cs\/wp-json\/wp\/v2\/comments?post=69422"}],"version-history":[{"count":4,"href":"https:\/\/trimedea.com\/cs\/wp-json\/wp\/v2\/pages\/69422\/revisions"}],"predecessor-version":[{"id":69426,"href":"https:\/\/trimedea.com\/cs\/wp-json\/wp\/v2\/pages\/69422\/revisions\/69426"}],"wp:attachment":[{"href":"https:\/\/trimedea.com\/cs\/wp-json\/wp\/v2\/media?parent=69422"}],"curies":[{"name":"wp","href":"https:\/\/api.w.org\/{rel}","templated":true}]}}