{"id":55336,"date":"2024-04-29T12:48:32","date_gmt":"2024-04-29T12:48:32","guid":{"rendered":"https:\/\/test.trimedea.com\/produkt\/iq-balancer\/"},"modified":"2024-10-09T07:58:41","modified_gmt":"2024-10-09T07:58:41","slug":"iq-balancer","status":"publish","type":"product","link":"https:\/\/trimedea.com\/cs\/produkt\/iq-balancer\/","title":{"rendered":"iQ Balancer"},"content":{"rendered":"<p>[et_pb_section fb_built=&#8220;1&#8243; _builder_version=&#8220;4.16&#8243; custom_padding=&#8220;0px||3px||false|false&#8220; locked=&#8220;off&#8220; global_colors_info=&#8220;{}&#8220;][et_pb_row _builder_version=&#8220;4.16&#8243; background_size=&#8220;initial&#8220; background_position=&#8220;top_left&#8220; background_repeat=&#8220;repeat&#8220; width=&#8220;100%&#8220; custom_padding=&#8220;0px||0px||false|false&#8220; global_colors_info=&#8220;{}&#8220;][et_pb_column type=&#8220;4_4&#8243; _builder_version=&#8220;4.16&#8243; custom_padding=&#8220;|||&#8220; global_colors_info=&#8220;{}&#8220; custom_padding__hover=&#8220;|||&#8220;][et_pb_wc_breadcrumb breadcrumb_home_text=&#8220;TRIMEDEA SHOP&#8220; breadcrumb_home_url=&#8220;https:\/\/trimedea.com\/trimedea-shop&#8220; breadcrumb_separator=&#8220;|&#8220; admin_label=&#8220;WOO BREADCRUMBS DE&#8220; _builder_version=&#8220;4.25.0&#8243; custom_padding=&#8220;0px||30px||false|false&#8220; saved_tabs=&#8220;all&#8220; locked=&#8220;off&#8220; global_colors_info=&#8220;{}&#8220;][\/et_pb_wc_breadcrumb][et_pb_wc_cart_notice _builder_version=&#8220;4.16&#8243; custom_button=&#8220;on&#8220; button_border_width=&#8220;1px&#8220; button_border_color=&#8220;#FFFFFF&#8220; global_colors_info=&#8220;{}&#8220;][\/et_pb_wc_cart_notice][\/et_pb_column][\/et_pb_row][et_pb_row column_structure=&#8220;1_2,1_2&#8243; _builder_version=&#8220;4.24.3&#8243; background_size=&#8220;initial&#8220; background_position=&#8220;top_left&#8220; background_repeat=&#8220;repeat&#8220; width=&#8220;100%&#8220; custom_margin=&#8220;0px||||false|false&#8220; custom_padding=&#8220;||||false|false&#8220; global_colors_info=&#8220;{}&#8220;][et_pb_column type=&#8220;1_2&#8243; _builder_version=&#8220;4.16&#8243; custom_padding=&#8220;|||&#8220; global_colors_info=&#8220;{}&#8220; custom_padding__hover=&#8220;|||&#8220;][et_pb_wc_images _builder_version=&#8220;4.16&#8243; global_colors_info=&#8220;{}&#8220;][\/et_pb_wc_images][\/et_pb_column][et_pb_column type=&#8220;1_2&#8243; _builder_version=&#8220;4.16&#8243; custom_padding=&#8220;|||&#8220; global_colors_info=&#8220;{}&#8220; custom_padding__hover=&#8220;|||&#8220;][et_pb_wc_title _builder_version=&#8220;4.25.0&#8243; global_colors_info=&#8220;{}&#8220;][\/et_pb_wc_title][et_pb_wc_description _builder_version=&#8220;4.25.0&#8243; global_colors_info=&#8220;{}&#8220;][\/et_pb_wc_description][et_pb_wc_price _builder_version=&#8220;4.25.0&#8243; body_font=&#8220;|600|||||||&#8220; global_colors_info=&#8220;{}&#8220;][\/et_pb_wc_price][et_pb_wc_add_to_cart _builder_version=&#8220;4.25.0&#8243; global_colors_info=&#8220;{}&#8220;][\/et_pb_wc_add_to_cart][et_pb_wc_meta _builder_version=&#8220;4.25.0&#8243; global_colors_info=&#8220;{}&#8220;][\/et_pb_wc_meta][\/et_pb_column][\/et_pb_row][et_pb_row _builder_version=&#8220;4.25.0&#8243; _module_preset=&#8220;default&#8220; background_color=&#8220;#ebebeb&#8220; width=&#8220;100%&#8220; width_tablet=&#8220;100%&#8220; width_phone=&#8220;100%&#8220; width_last_edited=&#8220;on|phone&#8220; max_width=&#8220;100%&#8220; max_width_tablet=&#8220;100%&#8220; max_width_phone=&#8220;100%&#8220; max_width_last_edited=&#8220;on|phone&#8220; custom_padding=&#8220;30px|30px|30px|30px|true|true&#8220; global_colors_info=&#8220;{}&#8220; width__hover_enabled=&#8220;on|desktop&#8220; width__hover=&#8220;100%&#8220;][et_pb_column type=&#8220;4_4&#8243; _builder_version=&#8220;4.25.0&#8243; _module_preset=&#8220;default&#8220; global_colors_info=&#8220;{}&#8220;][et_pb_text admin_label=&#8220;TEL BERATUNG&#8220; _builder_version=&#8220;4.25.0&#8243; _module_preset=&#8220;default&#8220; header_2_line_height=&#8220;1.5em&#8220; header_3_line_height=&#8220;1.5em&#8220; background_color=&#8220;#ebebeb&#8220; custom_padding=&#8220;||||true|true&#8220; global_colors_info=&#8220;{}&#8220;]<\/p>\n<h3 style=\"text-align: center;\">Podrobn\u00e9 poradenstv\u00ed o funkci a \u00fa\u010dinc\u00edch iQ Balanceru v porovn\u00e1n\u00ed s frekven\u010dn\u00edmi p\u0159\u00edstroji, p\u0159\u00edstroji vyu\u017e\u00edvaj\u00edc\u00edmi magnetick\u00e9 pole nebo biorezonan\u010dn\u00edmi p\u0159\u00edstroji.<\/h3>\n<h2 style=\"text-align: center;\">Telefon: <strong>+49 178 68 79 42<\/strong> denn\u011b po-p\u00e1 od 15 do 19 hod.<\/h2>\n<p>[\/et_pb_text][\/et_pb_column][\/et_pb_row][et_pb_row column_structure=&#8220;1_2,1_2&#8243; _builder_version=&#8220;4.24.3&#8243; _module_preset=&#8220;default&#8220; width=&#8220;100%&#8220; global_colors_info=&#8220;{}&#8220; custom_css_main_element_phone=&#8220;display: flex;||flex-wrap: wrap;&#8220; custom_css_main_element_last_edited=&#8220;on|phone&#8220;][et_pb_column type=&#8220;1_2&#8243; _builder_version=&#8220;4.24.3&#8243; _module_preset=&#8220;default&#8220; global_colors_info=&#8220;{}&#8220;][et_pb_text admin_label=&#8220;PRODUKTDETAILS&#8220; _builder_version=&#8220;4.27.0&#8243; _module_preset=&#8220;default&#8220; global_colors_info=&#8220;{}&#8220;]<\/p>\n<p><b><br \/><\/b><br \/>T<b>echnick\u00e9 \u00fadaje:<\/b><b><b>Rozm\u011bry: <\/b>120x65x22 mm (d\u00e9lka, \u0161\u00ed\u0159ka, v\u00fd\u0161ka)<strong>Baterie:<\/strong> Lithium-polymerov\u00e1 baterie: 2400 mA, nab\u00edjec\u00ed kabel USB-C.<\/b><\/p>\n<p class=\"p2\"><b><br \/><\/b><\/p>\n<p>G<b>enerov\u00e1n\u00ed sign\u00e1lu:<\/b>Ultrazvukov\u00fd analogov\u00fd: 40 000 &#8211; 50 000 Hz n\u00edzk\u00e1 \u00farove\u0148 R\u016f\u017eov\u00fd \u0161um digit\u00e1ln\u00ed: 1-20 000 Hz 2 x RGB LED jako stavov\u00fd displej 4 <b><b>tla\u010d\u00edtka:<\/b>zapnut\u00ed\/vypnut\u00ed \/ re\u017eim sign\u00e1lu &#8211; hlasitost plus &#8211; hlasitost m\u00ednus &#8211; start \/ pauza \/ stop \/ dal\u0161\u00ed skladba Zvuk<b><\/b><\/b><\/p>\n<p>Nej\u010dast\u011bji kladen\u00e9 <a href=\"https:\/\/trimedea.com\/cs\/iq-balancer-faq-otazky-a-odpovedi-zajimava-fakta-o-tematu\/\" target=\"_blank\" rel=\"noopener\">ot\u00e1zky t\u00fdkaj\u00edc\u00ed se za\u0159\u00edzen\u00ed IQ Balancer<\/a> jsme uvedli v na\u0161ich \u010dasto kladen\u00fdch dotazech. <a href=\"https:\/\/trimedea.com\/wp-content\/uploads\/2023\/11\/IQ_ANLEITUNG_WEB.pdf\" target=\"_blank\" rel=\"noopener\">N\u00e1vod k obsluze za\u0159\u00edzen\u00ed IQ Balancer<\/a> si m\u016f\u017eete prohl\u00e9dnout zde nebo st\u00e1hnout ve form\u00e1tu PDF. Dal\u0161\u00ed informace k t\u00e9matu <strong><a href=\"https:\/\/gesundheit-und-sport.com\/hoeren-ueber-die-haut-patrick-flanagan-und-sein-neurophone\/\" target=\"_blank\" rel=\"noopener\">U\u010den\u00ed ve sp\u00e1nku<\/a> <\/strong>na na\u0161em port\u00e1lu FGS.  <\/p>\n<p>[\/et_pb_text][\/et_pb_column][et_pb_column type=&#8220;1_2&#8243; _builder_version=&#8220;4.24.3&#8243; _module_preset=&#8220;default&#8220; global_colors_info=&#8220;{}&#8220;][et_pb_text admin_label=&#8220;PRODUKTDETAILS&#8220; _builder_version=&#8220;4.27.0&#8243; _module_preset=&#8220;default&#8220; global_colors_info=&#8220;{}&#8220;]<\/p>\n<p>Funkce:<\/p>\n<p><strong>V\u00fdstup:<\/strong><\/p>\n<ul>\n<li>Ultrazvuk se zvukov\u00fdm sign\u00e1lem a bez n\u011bj<\/li>\n<li>Ultrazvuk plus r\u016f\u017eov\u00fd \u0161um se zvukov\u00fdm sign\u00e1lem a bez n\u011bj<\/li>\n<li>V\u00fdstupn\u00ed audio sign\u00e1l sluch\u00e1tek<\/li>\n<li>V\u00fdstupn\u00ed audio sign\u00e1l sluch\u00e1tek plus r\u016f\u017eov\u00fd \u0161um<\/li>\n<li>Sn\u00edma\u010d pro p\u0159enos sign\u00e1l\u016f na k\u016f\u017ei<\/li>\n<\/ul>\n<p><strong>Vstup:<\/strong><\/p>\n<ul>\n<li>Karta MicroSD, zvuk .wav (nekomprimovan\u00fd), .mp3 (komprimovan\u00fd)<\/li>\n<li>Audio kabel USB-C \/ 3,5mm jack, extern\u00ed audio p\u0159ehr\u00e1va\u010d, telefon, tablet atd.<\/li>\n<\/ul>\n<p>[\/et_pb_text][\/et_pb_column][\/et_pb_row][et_pb_row _builder_version=&#8220;4.25.1&#8243; width=&#8220;100%&#8220; max_width=&#8220;100%&#8220; global_colors_info=&#8220;{}&#8220;][et_pb_column type=&#8220;4_4&#8243; _builder_version=&#8220;4.16&#8243; custom_padding=&#8220;|||&#8220; global_colors_info=&#8220;{}&#8220; custom_padding__hover=&#8220;|||&#8220;][et_pb_wc_upsells _builder_version=&#8220;4.16&#8243; global_colors_info=&#8220;{}&#8220;][\/et_pb_wc_upsells][et_pb_wc_related_products posts_number=&#8220;4&#8243; columns_number=&#8220;4&#8243; include_categories=&#8220;44,48&#8243; _builder_version=&#8220;4.25.1&#8243; global_colors_info=&#8220;{}&#8220;][\/et_pb_wc_related_products][\/et_pb_column][\/et_pb_row][et_pb_row column_structure=&#8220;1_2,1_2&#8243; _builder_version=&#8220;4.25.0&#8243; _module_preset=&#8220;default&#8220; width=&#8220;100%&#8220; max_width=&#8220;100%&#8220; custom_padding=&#8220;2px|||||&#8220; locked=&#8220;off&#8220; global_colors_info=&#8220;{}&#8220;][et_pb_column type=&#8220;1_2&#8243; _builder_version=&#8220;4.25.0&#8243; _module_preset=&#8220;default&#8220; global_colors_info=&#8220;{}&#8220;][et_pb_text _builder_version=&#8220;4.27.0&#8243; _module_preset=&#8220;default&#8220; custom_margin=&#8220;||0px||false|false&#8220; custom_padding=&#8220;||10px||false|false&#8220; hover_enabled=&#8220;0&#8243; global_colors_info=&#8220;{}&#8220; sticky_enabled=&#8220;0&#8243;]<\/p>\n<h2 style=\"text-align: center;\">OPERACE 1<\/h2>\n<p>[\/et_pb_text][et_pb_video src=&#8220;\/wp-content\/VIDEOS\/iQ-Balancer_Bedienung_DE.mp4&#8243; image_src=&#8220;https:\/\/trimedea.com\/wp-content\/uploads\/2024\/04\/IQ_Bedienung.jpg&#8220; _builder_version=&#8220;4.25.0&#8243; _module_preset=&#8220;default&#8220; global_colors_info=&#8220;{}&#8220;][\/et_pb_video][\/et_pb_column][et_pb_column type=&#8220;1_2&#8243; _builder_version=&#8220;4.25.0&#8243; _module_preset=&#8220;default&#8220; global_colors_info=&#8220;{}&#8220;][et_pb_text _builder_version=&#8220;4.27.0&#8243; _module_preset=&#8220;default&#8220; custom_margin=&#8220;||0px||false|false&#8220; custom_padding=&#8220;||10px||false|false&#8220; hover_enabled=&#8220;0&#8243; global_colors_info=&#8220;{}&#8220; sticky_enabled=&#8220;0&#8243;]<\/p>\n<h2 style=\"text-align: center;\">OPERACE 2<\/h2>\n<p>[\/et_pb_text][et_pb_video src=&#8220;https:\/\/www.youtube.com\/watch?v=P16Bwy0Fdpk&#038;t=1s&#8220; image_src=&#8220;https:\/\/trimedea.com\/wp-content\/uploads\/2024\/04\/IQ_Anleitung.jpg&#8220; _builder_version=&#8220;4.27.0&#8243; _module_preset=&#8220;default&#8220; hover_enabled=&#8220;0&#8243; global_colors_info=&#8220;{}&#8220; sticky_enabled=&#8220;0&#8243;][\/et_pb_video][\/et_pb_column][\/et_pb_row][et_pb_row column_structure=&#8220;1_2,1_2&#8243; _builder_version=&#8220;4.25.0&#8243; _module_preset=&#8220;default&#8220; width=&#8220;100%&#8220; max_width=&#8220;100%&#8220; custom_padding=&#8220;2px|||||&#8220; locked=&#8220;off&#8220; global_colors_info=&#8220;{}&#8220;][et_pb_column type=&#8220;1_2&#8243; _builder_version=&#8220;4.25.0&#8243; _module_preset=&#8220;default&#8220; global_colors_info=&#8220;{}&#8220;][et_pb_text _builder_version=&#8220;4.27.0&#8243; _module_preset=&#8220;default&#8220; custom_margin=&#8220;||0px||false|false&#8220; custom_padding=&#8220;||10px||false|false&#8220; global_colors_info=&#8220;{}&#8220;]<\/p>\n<h2 style=\"text-align: center;\">P\u0158EHR\u00c1V\u00c1N\u00cd EXTERN\u00cdHO ZVUKOV\u00c9HO OBSAHU<\/h2>\n<p>[\/et_pb_text][et_pb_video src=&#8220;https:\/\/www.youtube.com\/watch?v=_NDAFIG-OWs&#038;t=1s&#8220; image_src=&#8220;https:\/\/trimedea.com\/wp-content\/uploads\/2024\/04\/IQ_Bedienung.jpg&#8220; _builder_version=&#8220;4.27.0&#8243; _module_preset=&#8220;default&#8220; hover_enabled=&#8220;0&#8243; global_colors_info=&#8220;{}&#8220; sticky_enabled=&#8220;0&#8243;][\/et_pb_video][\/et_pb_column][et_pb_column type=&#8220;1_2&#8243; _builder_version=&#8220;4.25.0&#8243; _module_preset=&#8220;default&#8220; global_colors_info=&#8220;{}&#8220;][et_pb_text _builder_version=&#8220;4.27.0&#8243; _module_preset=&#8220;default&#8220; custom_margin=&#8220;||0px||false|false&#8220; custom_padding=&#8220;||10px||false|false&#8220; global_colors_info=&#8220;{}&#8220;]<\/p>\n<h2 style=\"text-align: center;\">DAL\u0160\u00cd SOUBORY KE STA\u017dEN\u00cd A STR\u00c1NKY N\u00c1POV\u011aDY<\/h2>\n<p>[\/et_pb_text][et_pb_button button_url=&#8220;https:\/\/trimedea.com\/cs\/iq-balancer-faq-otazky-a-odpovedi-zajimava-fakta-o-tematu\/&#8220; button_text=&#8220;OT\u00c1ZKY A ODPOV\u011aDI O IQ BALANCERU&#8220; button_alignment=&#8220;center&#8220; _builder_version=&#8220;4.27.0&#8243; _module_preset=&#8220;default&#8220; hover_enabled=&#8220;0&#8243; custom_css_main_element=&#8220;width: 100%;&#8220; global_colors_info=&#8220;{}&#8220; url_new_window=&#8220;on&#8220; sticky_enabled=&#8220;0&#8243;][\/et_pb_button][et_pb_text _builder_version=&#8220;4.27.0&#8243; _module_preset=&#8220;default&#8220; text_font=&#8220;||||||||&#8220; text_font_size=&#8220;18px&#8220; background_color=&#8220;#ebebeb&#8220; background_image=&#8220;https:\/\/trimedea.com\/wp-content\/uploads\/2024\/04\/TRIMEDEA_IQ_BROSCHUERE.png&#8220; background_size=&#8220;custom&#8220; background_image_width=&#8220;16%&#8220; background_position=&#8220;center_right&#8220; background_horizontal_offset=&#8220;18%&#8220; text_orientation=&#8220;right&#8220; custom_padding=&#8220;15px|160px|15px|20px|true|false&#8220; link_option_url=&#8220;\/wp-content\/PDF\/IQ_ANLEITUNG.pdf&#8220; link_option_url_new_window=&#8220;on&#8220; hover_enabled=&#8220;0&#8243; global_colors_info=&#8220;{}&#8220; background__hover_enabled=&#8220;on|hover&#8220; background_color__hover=&#8220;#dddddd&#8220; background_enable_color__hover=&#8220;on&#8220; sticky_enabled=&#8220;0&#8243;]<\/p>\n<p>St\u00e1hn\u011bte si n\u00e1vod k obsluze IQ BALANCER ve form\u00e1tu PDF zde<\/p>\n<p>[\/et_pb_text][\/et_pb_column][\/et_pb_row][\/et_pb_section]<\/p>\n","protected":false},"excerpt":{"rendered":"<p><strong>iQ Balancer: p\u0159\u00edm\u00e1 cesta do podv\u011bdom\u00ed k uvoln\u011bn\u00ed nep\u0159edstaviteln\u00e9ho potenci\u00e1lu<\/strong> Dos\u00e1hn\u011bte hlubok\u00e9 fyzick\u00e9 a du\u0161evn\u00ed relaxace za pouh\u00fdch 20 minut pomoc\u00ed biokompatibiln\u00edch sign\u00e1l\u016f: D\u00edky zven\u010d\u00ed nesly\u0161iteln\u00fdm ultrazvukov\u00fdm frekvenc\u00edm se va\u0161e mysl b\u011bhem kr\u00e1tk\u00e9 doby dostane do stavu alfa nebo theta. Zm\u00edrn\u011bn\u00ed poruch sp\u00e1nku, vy\u0159e\u0161en\u00ed hladiny stresu, snadn\u00e9 vst\u0159eb\u00e1v\u00e1n\u00ed jazyk\u016f a dal\u0161\u00edho vzd\u011bl\u00e1vac\u00edho obsahu <strong>Lze pou\u017e\u00edvat jako samostatn\u00e9 za\u0159\u00edzen\u00ed i ve spojen\u00ed s extern\u00edmi zvukov\u00fdmi za\u0159\u00edzen\u00edmi a kartou micro SD<\/strong> <\/p>\n","protected":false},"featured_media":55358,"template":"","meta":{"_et_pb_use_builder":"on","_et_pb_old_content":"","_et_gb_content_width":"","footnotes":""},"product_brand":[],"product_cat":[169],"product_tag":[232],"class_list":{"0":"post-55336","1":"product","2":"type-product","3":"status-publish","4":"has-post-thumbnail","6":"product_cat-iq-balancer-cs","7":"product_tag-mysl-a-mozek","9":"first","10":"outofstock","11":"taxable","12":"shipping-taxable","13":"purchasable","14":"product-type-variable","15":"has-default-attributes"},"yoast_head":"<!-- This site is optimized with the Yoast SEO plugin v27.3 - https:\/\/yoast.com\/product\/yoast-seo-wordpress\/ -->\n<title>iQ Balancer - TRIMEDEA<\/title>\n<meta name=\"description\" content=\"iQ Balancer: p\u0159\u00edm\u00e1 cesta do podv\u011bdom\u00ed k uvoln\u011bn\u00ed netu\u0161en\u00e9ho potenci\u00e1lu. Rychl\u00e1 a \u00fa\u010dinn\u011bj\u0161\u00ed relaxace, meditace a superlearning.\" \/>\n<meta name=\"robots\" content=\"index, follow, max-snippet:-1, max-image-preview:large, max-video-preview:-1\" \/>\n<link rel=\"canonical\" href=\"https:\/\/trimedea.com\/cs\/produkt\/iq-balancer\/\" \/>\n<meta property=\"og:locale\" content=\"cs_CZ\" \/>\n<meta property=\"og:type\" content=\"article\" \/>\n<meta property=\"og:title\" content=\"iQ Balancer - TRIMEDEA\" \/>\n<meta property=\"og:description\" content=\"iQ Balancer: p\u0159\u00edm\u00e1 cesta do podv\u011bdom\u00ed k uvoln\u011bn\u00ed netu\u0161en\u00e9ho potenci\u00e1lu. Rychl\u00e1 a \u00fa\u010dinn\u011bj\u0161\u00ed relaxace, meditace a superlearning.\" \/>\n<meta property=\"og:url\" content=\"https:\/\/trimedea.com\/cs\/produkt\/iq-balancer\/\" \/>\n<meta property=\"og:site_name\" content=\"TRIMEDEA\" \/>\n<meta property=\"article:modified_time\" content=\"2024-10-09T07:58:41+00:00\" \/>\n<meta property=\"og:image\" content=\"https:\/\/trimedea.com\/wp-content\/uploads\/2024\/04\/MG_5001.jpg\" \/>\n\t<meta property=\"og:image:width\" content=\"2304\" \/>\n\t<meta property=\"og:image:height\" content=\"2304\" \/>\n\t<meta property=\"og:image:type\" content=\"image\/jpeg\" \/>\n<meta name=\"twitter:card\" content=\"summary_large_image\" \/>\n<script type=\"application\/ld+json\" class=\"yoast-schema-graph\">{\"@context\":\"https:\\\/\\\/schema.org\",\"@graph\":[{\"@type\":\"WebPage\",\"@id\":\"https:\\\/\\\/trimedea.com\\\/cs\\\/produkt\\\/iq-balancer\\\/\",\"url\":\"https:\\\/\\\/trimedea.com\\\/cs\\\/produkt\\\/iq-balancer\\\/\",\"name\":\"iQ Balancer - TRIMEDEA\",\"isPartOf\":{\"@id\":\"https:\\\/\\\/trimedea.com\\\/cs\\\/#website\"},\"primaryImageOfPage\":{\"@id\":\"https:\\\/\\\/trimedea.com\\\/cs\\\/produkt\\\/iq-balancer\\\/#primaryimage\"},\"image\":{\"@id\":\"https:\\\/\\\/trimedea.com\\\/cs\\\/produkt\\\/iq-balancer\\\/#primaryimage\"},\"thumbnailUrl\":\"https:\\\/\\\/trimedea.com\\\/wp-content\\\/uploads\\\/2024\\\/04\\\/MG_5001.jpg\",\"datePublished\":\"2024-04-29T12:48:32+00:00\",\"dateModified\":\"2024-10-09T07:58:41+00:00\",\"description\":\"iQ Balancer: p\u0159\u00edm\u00e1 cesta do podv\u011bdom\u00ed k uvoln\u011bn\u00ed netu\u0161en\u00e9ho potenci\u00e1lu. Rychl\u00e1 a \u00fa\u010dinn\u011bj\u0161\u00ed relaxace, meditace a superlearning.\",\"breadcrumb\":{\"@id\":\"https:\\\/\\\/trimedea.com\\\/cs\\\/produkt\\\/iq-balancer\\\/#breadcrumb\"},\"inLanguage\":\"cs\",\"potentialAction\":[{\"@type\":\"ReadAction\",\"target\":[\"https:\\\/\\\/trimedea.com\\\/cs\\\/produkt\\\/iq-balancer\\\/\"]}]},{\"@type\":\"ImageObject\",\"inLanguage\":\"cs\",\"@id\":\"https:\\\/\\\/trimedea.com\\\/cs\\\/produkt\\\/iq-balancer\\\/#primaryimage\",\"url\":\"https:\\\/\\\/trimedea.com\\\/wp-content\\\/uploads\\\/2024\\\/04\\\/MG_5001.jpg\",\"contentUrl\":\"https:\\\/\\\/trimedea.com\\\/wp-content\\\/uploads\\\/2024\\\/04\\\/MG_5001.jpg\",\"width\":2304,\"height\":2304,\"caption\":\"c\"},{\"@type\":\"BreadcrumbList\",\"@id\":\"https:\\\/\\\/trimedea.com\\\/cs\\\/produkt\\\/iq-balancer\\\/#breadcrumb\",\"itemListElement\":[{\"@type\":\"ListItem\",\"position\":1,\"name\":\"Startseite\",\"item\":\"https:\\\/\\\/trimedea.com\\\/cs\\\/\"},{\"@type\":\"ListItem\",\"position\":2,\"name\":\"TRIMEDEA SHOP\",\"item\":\"https:\\\/\\\/trimedea.com\\\/cs\\\/trimedea-shop\\\/\"},{\"@type\":\"ListItem\",\"position\":3,\"name\":\"iQ Balancer\"}]},{\"@type\":\"WebSite\",\"@id\":\"https:\\\/\\\/trimedea.com\\\/cs\\\/#website\",\"url\":\"https:\\\/\\\/trimedea.com\\\/cs\\\/\",\"name\":\"TRIMEDEA\",\"description\":\"F\u00fcr einen gesunden K\u00f6rper und Geist\",\"publisher\":{\"@id\":\"https:\\\/\\\/trimedea.com\\\/cs\\\/#organization\"},\"potentialAction\":[{\"@type\":\"SearchAction\",\"target\":{\"@type\":\"EntryPoint\",\"urlTemplate\":\"https:\\\/\\\/trimedea.com\\\/cs\\\/?s={search_term_string}\"},\"query-input\":{\"@type\":\"PropertyValueSpecification\",\"valueRequired\":true,\"valueName\":\"search_term_string\"}}],\"inLanguage\":\"cs\"},{\"@type\":\"Organization\",\"@id\":\"https:\\\/\\\/trimedea.com\\\/cs\\\/#organization\",\"name\":\"TRIMEDEA\",\"url\":\"https:\\\/\\\/trimedea.com\\\/cs\\\/\",\"logo\":{\"@type\":\"ImageObject\",\"inLanguage\":\"cs\",\"@id\":\"https:\\\/\\\/trimedea.com\\\/cs\\\/#\\\/schema\\\/logo\\\/image\\\/\",\"url\":\"https:\\\/\\\/trimedea.com\\\/wp-content\\\/uploads\\\/2024\\\/04\\\/TRIMEDEA_LOGO.png\",\"contentUrl\":\"https:\\\/\\\/trimedea.com\\\/wp-content\\\/uploads\\\/2024\\\/04\\\/TRIMEDEA_LOGO.png\",\"width\":540,\"height\":248,\"caption\":\"TRIMEDEA\"},\"image\":{\"@id\":\"https:\\\/\\\/trimedea.com\\\/cs\\\/#\\\/schema\\\/logo\\\/image\\\/\"}}]}<\/script>\n<!-- \/ Yoast SEO plugin. -->","yoast_head_json":{"title":"iQ Balancer - TRIMEDEA","description":"iQ Balancer: p\u0159\u00edm\u00e1 cesta do podv\u011bdom\u00ed k uvoln\u011bn\u00ed netu\u0161en\u00e9ho potenci\u00e1lu. Rychl\u00e1 a \u00fa\u010dinn\u011bj\u0161\u00ed relaxace, meditace a superlearning.","robots":{"index":"index","follow":"follow","max-snippet":"max-snippet:-1","max-image-preview":"max-image-preview:large","max-video-preview":"max-video-preview:-1"},"canonical":"https:\/\/trimedea.com\/cs\/produkt\/iq-balancer\/","og_locale":"cs_CZ","og_type":"article","og_title":"iQ Balancer - TRIMEDEA","og_description":"iQ Balancer: p\u0159\u00edm\u00e1 cesta do podv\u011bdom\u00ed k uvoln\u011bn\u00ed netu\u0161en\u00e9ho potenci\u00e1lu. Rychl\u00e1 a \u00fa\u010dinn\u011bj\u0161\u00ed relaxace, meditace a superlearning.","og_url":"https:\/\/trimedea.com\/cs\/produkt\/iq-balancer\/","og_site_name":"TRIMEDEA","article_modified_time":"2024-10-09T07:58:41+00:00","og_image":[{"width":2304,"height":2304,"url":"https:\/\/trimedea.com\/wp-content\/uploads\/2024\/04\/MG_5001.jpg","type":"image\/jpeg"}],"twitter_card":"summary_large_image","schema":{"@context":"https:\/\/schema.org","@graph":[{"@type":"WebPage","@id":"https:\/\/trimedea.com\/cs\/produkt\/iq-balancer\/","url":"https:\/\/trimedea.com\/cs\/produkt\/iq-balancer\/","name":"iQ Balancer - TRIMEDEA","isPartOf":{"@id":"https:\/\/trimedea.com\/cs\/#website"},"primaryImageOfPage":{"@id":"https:\/\/trimedea.com\/cs\/produkt\/iq-balancer\/#primaryimage"},"image":{"@id":"https:\/\/trimedea.com\/cs\/produkt\/iq-balancer\/#primaryimage"},"thumbnailUrl":"https:\/\/trimedea.com\/wp-content\/uploads\/2024\/04\/MG_5001.jpg","datePublished":"2024-04-29T12:48:32+00:00","dateModified":"2024-10-09T07:58:41+00:00","description":"iQ Balancer: p\u0159\u00edm\u00e1 cesta do podv\u011bdom\u00ed k uvoln\u011bn\u00ed netu\u0161en\u00e9ho potenci\u00e1lu. Rychl\u00e1 a \u00fa\u010dinn\u011bj\u0161\u00ed relaxace, meditace a superlearning.","breadcrumb":{"@id":"https:\/\/trimedea.com\/cs\/produkt\/iq-balancer\/#breadcrumb"},"inLanguage":"cs","potentialAction":[{"@type":"ReadAction","target":["https:\/\/trimedea.com\/cs\/produkt\/iq-balancer\/"]}]},{"@type":"ImageObject","inLanguage":"cs","@id":"https:\/\/trimedea.com\/cs\/produkt\/iq-balancer\/#primaryimage","url":"https:\/\/trimedea.com\/wp-content\/uploads\/2024\/04\/MG_5001.jpg","contentUrl":"https:\/\/trimedea.com\/wp-content\/uploads\/2024\/04\/MG_5001.jpg","width":2304,"height":2304,"caption":"c"},{"@type":"BreadcrumbList","@id":"https:\/\/trimedea.com\/cs\/produkt\/iq-balancer\/#breadcrumb","itemListElement":[{"@type":"ListItem","position":1,"name":"Startseite","item":"https:\/\/trimedea.com\/cs\/"},{"@type":"ListItem","position":2,"name":"TRIMEDEA SHOP","item":"https:\/\/trimedea.com\/cs\/trimedea-shop\/"},{"@type":"ListItem","position":3,"name":"iQ Balancer"}]},{"@type":"WebSite","@id":"https:\/\/trimedea.com\/cs\/#website","url":"https:\/\/trimedea.com\/cs\/","name":"TRIMEDEA","description":"F\u00fcr einen gesunden K\u00f6rper und Geist","publisher":{"@id":"https:\/\/trimedea.com\/cs\/#organization"},"potentialAction":[{"@type":"SearchAction","target":{"@type":"EntryPoint","urlTemplate":"https:\/\/trimedea.com\/cs\/?s={search_term_string}"},"query-input":{"@type":"PropertyValueSpecification","valueRequired":true,"valueName":"search_term_string"}}],"inLanguage":"cs"},{"@type":"Organization","@id":"https:\/\/trimedea.com\/cs\/#organization","name":"TRIMEDEA","url":"https:\/\/trimedea.com\/cs\/","logo":{"@type":"ImageObject","inLanguage":"cs","@id":"https:\/\/trimedea.com\/cs\/#\/schema\/logo\/image\/","url":"https:\/\/trimedea.com\/wp-content\/uploads\/2024\/04\/TRIMEDEA_LOGO.png","contentUrl":"https:\/\/trimedea.com\/wp-content\/uploads\/2024\/04\/TRIMEDEA_LOGO.png","width":540,"height":248,"caption":"TRIMEDEA"},"image":{"@id":"https:\/\/trimedea.com\/cs\/#\/schema\/logo\/image\/"}}]}},"_links":{"self":[{"href":"https:\/\/trimedea.com\/cs\/wp-json\/wp\/v2\/product\/55336","targetHints":{"allow":["GET"]}}],"collection":[{"href":"https:\/\/trimedea.com\/cs\/wp-json\/wp\/v2\/product"}],"about":[{"href":"https:\/\/trimedea.com\/cs\/wp-json\/wp\/v2\/types\/product"}],"version-history":[{"count":0,"href":"https:\/\/trimedea.com\/cs\/wp-json\/wp\/v2\/product\/55336\/revisions"}],"wp:featuredmedia":[{"embeddable":true,"href":"https:\/\/trimedea.com\/cs\/wp-json\/wp\/v2\/media\/55358"}],"wp:attachment":[{"href":"https:\/\/trimedea.com\/cs\/wp-json\/wp\/v2\/media?parent=55336"}],"wp:term":[{"taxonomy":"product_brand","embeddable":true,"href":"https:\/\/trimedea.com\/cs\/wp-json\/wp\/v2\/product_brand?post=55336"},{"taxonomy":"product_cat","embeddable":true,"href":"https:\/\/trimedea.com\/cs\/wp-json\/wp\/v2\/product_cat?post=55336"},{"taxonomy":"product_tag","embeddable":true,"href":"https:\/\/trimedea.com\/cs\/wp-json\/wp\/v2\/product_tag?post=55336"}],"curies":[{"name":"wp","href":"https:\/\/api.w.org\/{rel}","templated":true}]}}