{"id":55389,"date":"2024-04-29T07:40:39","date_gmt":"2024-04-29T07:40:39","guid":{"rendered":"https:\/\/test.trimedea.com\/produkt\/audio-podcast-komunikacni-zakony-muj-spatny-pritel-fred\/"},"modified":"2024-10-09T07:58:41","modified_gmt":"2024-10-09T07:58:41","slug":"audio-podcast-komunikacni-zakony-muj-spatny-pritel-fred","status":"publish","type":"product","link":"https:\/\/trimedea.com\/cs\/produkt\/audio-podcast-komunikacni-zakony-muj-spatny-pritel-fred\/","title":{"rendered":"Audio podcast komunika\u010dn\u00ed z\u00e1kony &#8222;M\u016fj \u0161patn\u00fd p\u0159\u00edtel Fred&#8220;"},"content":{"rendered":"<p>[et_pb_section fb_built=&#8220;1&#8243; _builder_version=&#8220;4.16&#8243; custom_padding=&#8220;0px||3px||false|false&#8220; locked=&#8220;off&#8220; global_colors_info=&#8220;{}&#8220;][et_pb_row _builder_version=&#8220;4.16&#8243; background_size=&#8220;initial&#8220; background_position=&#8220;top_left&#8220; background_repeat=&#8220;repeat&#8220; width=&#8220;100%&#8220; custom_padding=&#8220;0px||0px||false|false&#8220; global_colors_info=&#8220;{}&#8220;][et_pb_column type=&#8220;4_4&#8243; _builder_version=&#8220;4.16&#8243; custom_padding=&#8220;|||&#8220; global_colors_info=&#8220;{}&#8220; custom_padding__hover=&#8220;|||&#8220;][et_pb_wc_breadcrumb breadcrumb_home_text=&#8220;TRIMEDEA SHOP&#8220; breadcrumb_home_url=&#8220;https:\/\/trimedea.com\/trimedea-shop&#8220; breadcrumb_separator=&#8220;|&#8220; admin_label=&#8220;WOO BREADCRUMBS DE&#8220; _builder_version=&#8220;4.25.0&#8243; custom_padding=&#8220;0px||30px||false|false&#8220; saved_tabs=&#8220;all&#8220; locked=&#8220;off&#8220; global_colors_info=&#8220;{}&#8220;][\/et_pb_wc_breadcrumb][et_pb_wc_cart_notice _builder_version=&#8220;4.16&#8243; custom_button=&#8220;on&#8220; button_border_width=&#8220;1px&#8220; button_border_color=&#8220;#FFFFFF&#8220; global_colors_info=&#8220;{}&#8220;][\/et_pb_wc_cart_notice][\/et_pb_column][\/et_pb_row][et_pb_row column_structure=&#8220;1_2,1_2&#8243; _builder_version=&#8220;4.24.3&#8243; background_size=&#8220;initial&#8220; background_position=&#8220;top_left&#8220; background_repeat=&#8220;repeat&#8220; width=&#8220;100%&#8220; custom_margin=&#8220;0px||||false|false&#8220; custom_padding=&#8220;||||false|false&#8220; global_colors_info=&#8220;{}&#8220;][et_pb_column type=&#8220;1_2&#8243; _builder_version=&#8220;4.16&#8243; custom_padding=&#8220;|||&#8220; global_colors_info=&#8220;{}&#8220; custom_padding__hover=&#8220;|||&#8220;][et_pb_wc_images _builder_version=&#8220;4.16&#8243; global_colors_info=&#8220;{}&#8220;][\/et_pb_wc_images][\/et_pb_column][et_pb_column type=&#8220;1_2&#8243; _builder_version=&#8220;4.16&#8243; custom_padding=&#8220;|||&#8220; global_colors_info=&#8220;{}&#8220; custom_padding__hover=&#8220;|||&#8220;][et_pb_wc_title _builder_version=&#8220;4.25.0&#8243; global_colors_info=&#8220;{}&#8220;][\/et_pb_wc_title][et_pb_wc_description _builder_version=&#8220;4.16&#8243; global_colors_info=&#8220;{}&#8220;][\/et_pb_wc_description][et_pb_wc_price _builder_version=&#8220;4.24.3&#8243; body_font=&#8220;|600|||||||&#8220; global_colors_info=&#8220;{}&#8220;][\/et_pb_wc_price][et_pb_wc_add_to_cart _builder_version=&#8220;4.16&#8243; global_colors_info=&#8220;{}&#8220;][\/et_pb_wc_add_to_cart][et_pb_wc_meta _builder_version=&#8220;4.16&#8243; global_colors_info=&#8220;{}&#8220;][\/et_pb_wc_meta][\/et_pb_column][\/et_pb_row][et_pb_row column_structure=&#8220;1_2,1_2&#8243; _builder_version=&#8220;4.25.1&#8243; _module_preset=&#8220;default&#8220; width=&#8220;100%&#8220; max_width=&#8220;100%&#8220; global_colors_info=&#8220;{}&#8220;][et_pb_column type=&#8220;1_2&#8243; _builder_version=&#8220;4.25.1&#8243; _module_preset=&#8220;default&#8220; global_colors_info=&#8220;{}&#8220;][et_pb_audio audio=&#8220;https:\/\/trimedea.com\/wp-content\/uploads\/2023\/01\/001-FRED-MANN-Kapitel-1.1.mp3&#8243; title=&#8220;FRED mluv\u00edc\u00ed hlas mu\u017e  &#8220; artist_name=&#8220;Romanus Fuhrmann&#8220; _builder_version=&#8220;4.24.2&#8243; _module_preset=&#8220;default&#8220; global_colors_info=&#8220;{}&#8220;][\/et_pb_audio][\/et_pb_column][et_pb_column type=&#8220;1_2&#8243; _builder_version=&#8220;4.25.1&#8243; _module_preset=&#8220;default&#8220; global_colors_info=&#8220;{}&#8220;][et_pb_audio audio=&#8220;https:\/\/trimedea.com\/wp-content\/uploads\/2023\/01\/001-FRED-FRAU-Kapitel-1.1.mp3&#8243; title=&#8220;FRED \u017eensk\u00fd mluv\u00edc\u00ed hlas  &#8220; artist_name=&#8220;Eva Herzigov\u00e1&#8220; _builder_version=&#8220;4.25.1&#8243; _module_preset=&#8220;default&#8220; global_colors_info=&#8220;{}&#8220;][\/et_pb_audio][\/et_pb_column][\/et_pb_row][et_pb_row _builder_version=&#8220;4.24.3&#8243; _module_preset=&#8220;default&#8220; width=&#8220;100%&#8220; global_colors_info=&#8220;{}&#8220; custom_css_main_element_phone=&#8220;display: flex;||flex-wrap: wrap;&#8220; custom_css_main_element_last_edited=&#8220;on|phone&#8220;][et_pb_column type=&#8220;4_4&#8243; _builder_version=&#8220;4.24.3&#8243; _module_preset=&#8220;default&#8220; global_colors_info=&#8220;{}&#8220;][et_pb_text admin_label=&#8220;PRODUKTDETAILS&#8220; _builder_version=&#8220;4.25.0&#8243; _module_preset=&#8220;default&#8220; global_colors_info=&#8220;{}&#8220;]<\/p>\n<p>Sezn\u00e1men\u00ed s knihou <strong>Michaela Gorsolkeho<\/strong><strong>&#8222;Z\u00e1kony komunikace<\/strong>&#8220; v roce 2006 bylo jedn\u00edm z nejv\u011bt\u0161\u00edch obohacen\u00ed m\u00e9ho \u017eivota &#8211; jak soukrom\u00e9ho, tak profesn\u00edho (Silko G\u00fcnzel).<\/p>\n<p>Pochopen\u00edm t\u011bchto souvislost\u00ed m\u00e1me mo\u017enost <strong>za\u017e\u00edvat v\u00edce radosti, \u0161t\u011bst\u00ed a \u00fasp\u011bchu na denn\u00ed b\u00e1zi<\/strong> a jsme motivov\u00e1ni zvl\u00e1dat \u017eivotn\u00ed v\u00fdzvy. Rozpozn\u00e1n\u00ed vzorc\u016f u sebe a druh\u00fdch je velmi rychl\u00e9 a nab\u00edz\u00ed prostor pro zm\u011bnu vlastn\u00edch my\u0161lenkov\u00fdch vzorc\u016f (= p\u0159\u00ed\u010din).<\/p>\n<p>V\u0161echny podrobnosti o z\u00e1konech jsou podrobn\u011b pops\u00e1ny v <strong>31 kapitol\u00e1ch podcastu<\/strong>. Sou\u010d\u00e1st\u00ed je tak\u00e9 <strong>podrobn\u00e9 PDF s cel\u00fdm obsahem<\/strong> pro \u010dten\u00ed a referenci. M\u016f\u017eete <strong>si vybrat mezi mu\u017esk\u00fdm a \u017eensk\u00fdm hlasem<\/strong> &#8211; samoz\u0159ejm\u011b po bezplatn\u00e9 zvukov\u00e9 uk\u00e1zce. Pro tento projekt se n\u00e1m poda\u0159ilo z\u00edskat dva profesion\u00e1ln\u00ed mluv\u010d\u00ed s velmi p\u0159esv\u011bd\u010div\u00fdm hlasem: <a href=\"https:\/\/www.evaherzig.com\/\" target=\"_blank\" rel=\"noopener\">Evu Herzigovou<\/a> a <a href=\"https:\/\/www.romanus-fuhrmann.de\/\" target=\"_blank\" rel=\"noopener\">Romanuse Fuhrmanna<\/a>.<\/p>\n<p>Po poslechu podcastu (n\u011bkolikr\u00e1t) si rychle uv\u011bdom\u00edte: P\u0159i uplat\u0148ov\u00e1n\u00ed t\u011bchto z\u00e1kon\u016f se \u017eivot stane mnohem <strong>snaz\u0161\u00edm, uvoln\u011bn\u011bj\u0161\u00edm a p\u0159edev\u0161\u00edm s v\u011bt\u0161\u00edm pocitem \u0161t\u011bst\u00ed ka\u017ed\u00fd den<\/strong>!<\/p>\n<p>[\/et_pb_text][et_pb_text admin_label=&#8220;PRODUKTDETAILS&#8220; _builder_version=&#8220;4.25.0&#8243; _module_preset=&#8220;default&#8220; global_colors_info=&#8220;{}&#8220;]<\/p>\n<p class=\"western\">Zvukov\u00e9 soubory lze do podv\u011bdom\u00ed p\u0159en\u00e9st tak\u00e9 v noci b\u011bhem sp\u00e1nku prost\u0159ednictv\u00edm<strong> iQ Balanceru<\/strong>.<\/p>\n<p class=\"western\">Na\u0161e zvukov\u00e9 soubory (karta Micro SD) jsou vytvo\u0159eny ve vysok\u00e9 kvalit\u011b zvuku. C\u00edlem tohoto zvukov\u00e9ho z\u00e1\u017eitku je po 20 minut\u00e1ch dos\u00e1hnout stavu alfa a synchronizovat pravou a levou mozkovou hemisf\u00e9ru, aby se informace snadn\u011bji a uvoln\u011bn\u011bji dostaly do dlouhodob\u00e9 pam\u011bti.<\/p>\n<p>[\/et_pb_text][\/et_pb_column][\/et_pb_row][et_pb_row _builder_version=&#8220;4.16&#8243; background_size=&#8220;initial&#8220; background_position=&#8220;top_left&#8220; background_repeat=&#8220;repeat&#8220; width=&#8220;100%&#8220; global_colors_info=&#8220;{}&#8220;][et_pb_column type=&#8220;4_4&#8243; _builder_version=&#8220;4.16&#8243; custom_padding=&#8220;|||&#8220; global_colors_info=&#8220;{}&#8220; custom_padding__hover=&#8220;|||&#8220;][et_pb_wc_upsells _builder_version=&#8220;4.16&#8243; global_colors_info=&#8220;{}&#8220;][\/et_pb_wc_upsells][et_pb_wc_related_products posts_number=&#8220;4&#8243; columns_number=&#8220;4&#8243; include_categories=&#8220;48,44&#8243; _builder_version=&#8220;4.25.1&#8243; global_colors_info=&#8220;{}&#8220;][\/et_pb_wc_related_products][\/et_pb_column][\/et_pb_row][\/et_pb_section]<\/p>\n","protected":false},"excerpt":{"rendered":"<p>V tomto podcastu se dozv\u00edte o krit\u00e9ri\u00edch cyklu \u00fasp\u011bchu a ne\u00fasp\u011bchu v komunikaci. Dozv\u00edme se<strong> v\u0161e o p\u0159\u00ed\u010din\u00e1ch a n\u00e1sledc\u00edch v komunikaci<\/strong> &#8211; ani\u017e bychom se museli oh\u00fdbat, nav\u0161t\u011bvovat videokurzy \u010di kurzy r\u00e9toriky nebo pou\u017e\u00edvat manipula\u010dn\u00ed techniky. Je to mnohem jednodu\u0161\u0161\u00ed a m\u00e9n\u011b stresuj\u00edc\u00ed &#8211; zkr\u00e1tka jednodu\u0161e bio-logick\u00e9. <\/p>\n","protected":false},"featured_media":55398,"template":"","meta":{"_et_pb_use_builder":"on","_et_pb_old_content":"","_et_gb_content_width":"","footnotes":""},"product_brand":[],"product_cat":[168],"product_tag":[],"class_list":{"0":"post-55389","1":"product","2":"type-product","3":"status-publish","4":"has-post-thumbnail","6":"product_cat-audioprogramy","8":"first","9":"instock","10":"taxable","11":"shipping-taxable","12":"purchasable","13":"product-type-variable"},"yoast_head":"<!-- This site is optimized with the Yoast SEO plugin v27.3 - https:\/\/yoast.com\/product\/yoast-seo-wordpress\/ -->\n<title>Audio podcast komunika\u010dn\u00ed z\u00e1kony &quot;M\u016fj \u0161patn\u00fd p\u0159\u00edtel Fred&quot; - TRIMEDEA<\/title>\n<meta name=\"description\" content=\"P\u0159\u00ed\u010dina a d\u016fsledek v komunikaci, ani\u017e byste museli nav\u0161t\u011bvovat video nebo r\u00e9torick\u00e9 \u0161kolen\u00ed nebo pou\u017e\u00edvat manipula\u010dn\u00ed techniky.\" \/>\n<meta name=\"robots\" content=\"index, follow, max-snippet:-1, max-image-preview:large, max-video-preview:-1\" \/>\n<link rel=\"canonical\" href=\"https:\/\/trimedea.com\/cs\/produkt\/audio-podcast-komunikacni-zakony-muj-spatny-pritel-fred\/\" \/>\n<meta property=\"og:locale\" content=\"cs_CZ\" \/>\n<meta property=\"og:type\" content=\"article\" \/>\n<meta property=\"og:title\" content=\"Audio podcast komunika\u010dn\u00ed z\u00e1kony &quot;M\u016fj \u0161patn\u00fd p\u0159\u00edtel Fred&quot; - TRIMEDEA\" \/>\n<meta property=\"og:description\" content=\"P\u0159\u00ed\u010dina a d\u016fsledek v komunikaci, ani\u017e byste museli nav\u0161t\u011bvovat video nebo r\u00e9torick\u00e9 \u0161kolen\u00ed nebo pou\u017e\u00edvat manipula\u010dn\u00ed techniky.\" \/>\n<meta property=\"og:url\" content=\"https:\/\/trimedea.com\/cs\/produkt\/audio-podcast-komunikacni-zakony-muj-spatny-pritel-fred\/\" \/>\n<meta property=\"og:site_name\" content=\"TRIMEDEA\" \/>\n<meta property=\"article:modified_time\" content=\"2024-10-09T07:58:41+00:00\" \/>\n<meta property=\"og:image\" content=\"https:\/\/trimedea.com\/wp-content\/uploads\/2024\/04\/Fred-AudioProgramm_Cover-1.jpg\" \/>\n\t<meta property=\"og:image:width\" content=\"1000\" \/>\n\t<meta property=\"og:image:height\" content=\"1000\" \/>\n\t<meta property=\"og:image:type\" content=\"image\/jpeg\" \/>\n<meta name=\"twitter:card\" content=\"summary_large_image\" \/>\n<script type=\"application\/ld+json\" class=\"yoast-schema-graph\">{\"@context\":\"https:\\\/\\\/schema.org\",\"@graph\":[{\"@type\":\"WebPage\",\"@id\":\"https:\\\/\\\/trimedea.com\\\/cs\\\/produkt\\\/audio-podcast-komunikacni-zakony-muj-spatny-pritel-fred\\\/\",\"url\":\"https:\\\/\\\/trimedea.com\\\/cs\\\/produkt\\\/audio-podcast-komunikacni-zakony-muj-spatny-pritel-fred\\\/\",\"name\":\"Audio podcast komunika\u010dn\u00ed z\u00e1kony \\\"M\u016fj \u0161patn\u00fd p\u0159\u00edtel Fred\\\" - TRIMEDEA\",\"isPartOf\":{\"@id\":\"https:\\\/\\\/trimedea.com\\\/cs\\\/#website\"},\"primaryImageOfPage\":{\"@id\":\"https:\\\/\\\/trimedea.com\\\/cs\\\/produkt\\\/audio-podcast-komunikacni-zakony-muj-spatny-pritel-fred\\\/#primaryimage\"},\"image\":{\"@id\":\"https:\\\/\\\/trimedea.com\\\/cs\\\/produkt\\\/audio-podcast-komunikacni-zakony-muj-spatny-pritel-fred\\\/#primaryimage\"},\"thumbnailUrl\":\"https:\\\/\\\/trimedea.com\\\/wp-content\\\/uploads\\\/2024\\\/04\\\/Fred-AudioProgramm_Cover-1.jpg\",\"datePublished\":\"2024-04-29T07:40:39+00:00\",\"dateModified\":\"2024-10-09T07:58:41+00:00\",\"description\":\"P\u0159\u00ed\u010dina a d\u016fsledek v komunikaci, ani\u017e byste museli nav\u0161t\u011bvovat video nebo r\u00e9torick\u00e9 \u0161kolen\u00ed nebo pou\u017e\u00edvat manipula\u010dn\u00ed techniky.\",\"breadcrumb\":{\"@id\":\"https:\\\/\\\/trimedea.com\\\/cs\\\/produkt\\\/audio-podcast-komunikacni-zakony-muj-spatny-pritel-fred\\\/#breadcrumb\"},\"inLanguage\":\"cs\",\"potentialAction\":[{\"@type\":\"ReadAction\",\"target\":[\"https:\\\/\\\/trimedea.com\\\/cs\\\/produkt\\\/audio-podcast-komunikacni-zakony-muj-spatny-pritel-fred\\\/\"]}]},{\"@type\":\"ImageObject\",\"inLanguage\":\"cs\",\"@id\":\"https:\\\/\\\/trimedea.com\\\/cs\\\/produkt\\\/audio-podcast-komunikacni-zakony-muj-spatny-pritel-fred\\\/#primaryimage\",\"url\":\"https:\\\/\\\/trimedea.com\\\/wp-content\\\/uploads\\\/2024\\\/04\\\/Fred-AudioProgramm_Cover-1.jpg\",\"contentUrl\":\"https:\\\/\\\/trimedea.com\\\/wp-content\\\/uploads\\\/2024\\\/04\\\/Fred-AudioProgramm_Cover-1.jpg\",\"width\":1000,\"height\":1000},{\"@type\":\"BreadcrumbList\",\"@id\":\"https:\\\/\\\/trimedea.com\\\/cs\\\/produkt\\\/audio-podcast-komunikacni-zakony-muj-spatny-pritel-fred\\\/#breadcrumb\",\"itemListElement\":[{\"@type\":\"ListItem\",\"position\":1,\"name\":\"Startseite\",\"item\":\"https:\\\/\\\/trimedea.com\\\/cs\\\/\"},{\"@type\":\"ListItem\",\"position\":2,\"name\":\"TRIMEDEA SHOP\",\"item\":\"https:\\\/\\\/trimedea.com\\\/cs\\\/trimedea-shop\\\/\"},{\"@type\":\"ListItem\",\"position\":3,\"name\":\"Audio podcast komunika\u010dn\u00ed z\u00e1kony &#8220;M\u016fj \u0161patn\u00fd p\u0159\u00edtel Fred&#8221;\"}]},{\"@type\":\"WebSite\",\"@id\":\"https:\\\/\\\/trimedea.com\\\/cs\\\/#website\",\"url\":\"https:\\\/\\\/trimedea.com\\\/cs\\\/\",\"name\":\"TRIMEDEA\",\"description\":\"F\u00fcr einen gesunden K\u00f6rper und Geist\",\"publisher\":{\"@id\":\"https:\\\/\\\/trimedea.com\\\/cs\\\/#organization\"},\"potentialAction\":[{\"@type\":\"SearchAction\",\"target\":{\"@type\":\"EntryPoint\",\"urlTemplate\":\"https:\\\/\\\/trimedea.com\\\/cs\\\/?s={search_term_string}\"},\"query-input\":{\"@type\":\"PropertyValueSpecification\",\"valueRequired\":true,\"valueName\":\"search_term_string\"}}],\"inLanguage\":\"cs\"},{\"@type\":\"Organization\",\"@id\":\"https:\\\/\\\/trimedea.com\\\/cs\\\/#organization\",\"name\":\"TRIMEDEA\",\"url\":\"https:\\\/\\\/trimedea.com\\\/cs\\\/\",\"logo\":{\"@type\":\"ImageObject\",\"inLanguage\":\"cs\",\"@id\":\"https:\\\/\\\/trimedea.com\\\/cs\\\/#\\\/schema\\\/logo\\\/image\\\/\",\"url\":\"https:\\\/\\\/trimedea.com\\\/wp-content\\\/uploads\\\/2024\\\/04\\\/TRIMEDEA_LOGO.png\",\"contentUrl\":\"https:\\\/\\\/trimedea.com\\\/wp-content\\\/uploads\\\/2024\\\/04\\\/TRIMEDEA_LOGO.png\",\"width\":540,\"height\":248,\"caption\":\"TRIMEDEA\"},\"image\":{\"@id\":\"https:\\\/\\\/trimedea.com\\\/cs\\\/#\\\/schema\\\/logo\\\/image\\\/\"}}]}<\/script>\n<!-- \/ Yoast SEO plugin. -->","yoast_head_json":{"title":"Audio podcast komunika\u010dn\u00ed z\u00e1kony \"M\u016fj \u0161patn\u00fd p\u0159\u00edtel Fred\" - TRIMEDEA","description":"P\u0159\u00ed\u010dina a d\u016fsledek v komunikaci, ani\u017e byste museli nav\u0161t\u011bvovat video nebo r\u00e9torick\u00e9 \u0161kolen\u00ed nebo pou\u017e\u00edvat manipula\u010dn\u00ed techniky.","robots":{"index":"index","follow":"follow","max-snippet":"max-snippet:-1","max-image-preview":"max-image-preview:large","max-video-preview":"max-video-preview:-1"},"canonical":"https:\/\/trimedea.com\/cs\/produkt\/audio-podcast-komunikacni-zakony-muj-spatny-pritel-fred\/","og_locale":"cs_CZ","og_type":"article","og_title":"Audio podcast komunika\u010dn\u00ed z\u00e1kony \"M\u016fj \u0161patn\u00fd p\u0159\u00edtel Fred\" - TRIMEDEA","og_description":"P\u0159\u00ed\u010dina a d\u016fsledek v komunikaci, ani\u017e byste museli nav\u0161t\u011bvovat video nebo r\u00e9torick\u00e9 \u0161kolen\u00ed nebo pou\u017e\u00edvat manipula\u010dn\u00ed techniky.","og_url":"https:\/\/trimedea.com\/cs\/produkt\/audio-podcast-komunikacni-zakony-muj-spatny-pritel-fred\/","og_site_name":"TRIMEDEA","article_modified_time":"2024-10-09T07:58:41+00:00","og_image":[{"width":1000,"height":1000,"url":"https:\/\/trimedea.com\/wp-content\/uploads\/2024\/04\/Fred-AudioProgramm_Cover-1.jpg","type":"image\/jpeg"}],"twitter_card":"summary_large_image","schema":{"@context":"https:\/\/schema.org","@graph":[{"@type":"WebPage","@id":"https:\/\/trimedea.com\/cs\/produkt\/audio-podcast-komunikacni-zakony-muj-spatny-pritel-fred\/","url":"https:\/\/trimedea.com\/cs\/produkt\/audio-podcast-komunikacni-zakony-muj-spatny-pritel-fred\/","name":"Audio podcast komunika\u010dn\u00ed z\u00e1kony \"M\u016fj \u0161patn\u00fd p\u0159\u00edtel Fred\" - TRIMEDEA","isPartOf":{"@id":"https:\/\/trimedea.com\/cs\/#website"},"primaryImageOfPage":{"@id":"https:\/\/trimedea.com\/cs\/produkt\/audio-podcast-komunikacni-zakony-muj-spatny-pritel-fred\/#primaryimage"},"image":{"@id":"https:\/\/trimedea.com\/cs\/produkt\/audio-podcast-komunikacni-zakony-muj-spatny-pritel-fred\/#primaryimage"},"thumbnailUrl":"https:\/\/trimedea.com\/wp-content\/uploads\/2024\/04\/Fred-AudioProgramm_Cover-1.jpg","datePublished":"2024-04-29T07:40:39+00:00","dateModified":"2024-10-09T07:58:41+00:00","description":"P\u0159\u00ed\u010dina a d\u016fsledek v komunikaci, ani\u017e byste museli nav\u0161t\u011bvovat video nebo r\u00e9torick\u00e9 \u0161kolen\u00ed nebo pou\u017e\u00edvat manipula\u010dn\u00ed techniky.","breadcrumb":{"@id":"https:\/\/trimedea.com\/cs\/produkt\/audio-podcast-komunikacni-zakony-muj-spatny-pritel-fred\/#breadcrumb"},"inLanguage":"cs","potentialAction":[{"@type":"ReadAction","target":["https:\/\/trimedea.com\/cs\/produkt\/audio-podcast-komunikacni-zakony-muj-spatny-pritel-fred\/"]}]},{"@type":"ImageObject","inLanguage":"cs","@id":"https:\/\/trimedea.com\/cs\/produkt\/audio-podcast-komunikacni-zakony-muj-spatny-pritel-fred\/#primaryimage","url":"https:\/\/trimedea.com\/wp-content\/uploads\/2024\/04\/Fred-AudioProgramm_Cover-1.jpg","contentUrl":"https:\/\/trimedea.com\/wp-content\/uploads\/2024\/04\/Fred-AudioProgramm_Cover-1.jpg","width":1000,"height":1000},{"@type":"BreadcrumbList","@id":"https:\/\/trimedea.com\/cs\/produkt\/audio-podcast-komunikacni-zakony-muj-spatny-pritel-fred\/#breadcrumb","itemListElement":[{"@type":"ListItem","position":1,"name":"Startseite","item":"https:\/\/trimedea.com\/cs\/"},{"@type":"ListItem","position":2,"name":"TRIMEDEA SHOP","item":"https:\/\/trimedea.com\/cs\/trimedea-shop\/"},{"@type":"ListItem","position":3,"name":"Audio podcast komunika\u010dn\u00ed z\u00e1kony &#8220;M\u016fj \u0161patn\u00fd p\u0159\u00edtel Fred&#8221;"}]},{"@type":"WebSite","@id":"https:\/\/trimedea.com\/cs\/#website","url":"https:\/\/trimedea.com\/cs\/","name":"TRIMEDEA","description":"F\u00fcr einen gesunden K\u00f6rper und Geist","publisher":{"@id":"https:\/\/trimedea.com\/cs\/#organization"},"potentialAction":[{"@type":"SearchAction","target":{"@type":"EntryPoint","urlTemplate":"https:\/\/trimedea.com\/cs\/?s={search_term_string}"},"query-input":{"@type":"PropertyValueSpecification","valueRequired":true,"valueName":"search_term_string"}}],"inLanguage":"cs"},{"@type":"Organization","@id":"https:\/\/trimedea.com\/cs\/#organization","name":"TRIMEDEA","url":"https:\/\/trimedea.com\/cs\/","logo":{"@type":"ImageObject","inLanguage":"cs","@id":"https:\/\/trimedea.com\/cs\/#\/schema\/logo\/image\/","url":"https:\/\/trimedea.com\/wp-content\/uploads\/2024\/04\/TRIMEDEA_LOGO.png","contentUrl":"https:\/\/trimedea.com\/wp-content\/uploads\/2024\/04\/TRIMEDEA_LOGO.png","width":540,"height":248,"caption":"TRIMEDEA"},"image":{"@id":"https:\/\/trimedea.com\/cs\/#\/schema\/logo\/image\/"}}]}},"_links":{"self":[{"href":"https:\/\/trimedea.com\/cs\/wp-json\/wp\/v2\/product\/55389","targetHints":{"allow":["GET"]}}],"collection":[{"href":"https:\/\/trimedea.com\/cs\/wp-json\/wp\/v2\/product"}],"about":[{"href":"https:\/\/trimedea.com\/cs\/wp-json\/wp\/v2\/types\/product"}],"version-history":[{"count":0,"href":"https:\/\/trimedea.com\/cs\/wp-json\/wp\/v2\/product\/55389\/revisions"}],"wp:featuredmedia":[{"embeddable":true,"href":"https:\/\/trimedea.com\/cs\/wp-json\/wp\/v2\/media\/55398"}],"wp:attachment":[{"href":"https:\/\/trimedea.com\/cs\/wp-json\/wp\/v2\/media?parent=55389"}],"wp:term":[{"taxonomy":"product_brand","embeddable":true,"href":"https:\/\/trimedea.com\/cs\/wp-json\/wp\/v2\/product_brand?post=55389"},{"taxonomy":"product_cat","embeddable":true,"href":"https:\/\/trimedea.com\/cs\/wp-json\/wp\/v2\/product_cat?post=55389"},{"taxonomy":"product_tag","embeddable":true,"href":"https:\/\/trimedea.com\/cs\/wp-json\/wp\/v2\/product_tag?post=55389"}],"curies":[{"name":"wp","href":"https:\/\/api.w.org\/{rel}","templated":true}]}}