{"id":55401,"date":"2024-04-26T07:50:09","date_gmt":"2024-04-26T07:50:09","guid":{"rendered":"https:\/\/test.trimedea.com\/produkt\/koloidni-nosni-sprej\/"},"modified":"2024-10-09T07:58:41","modified_gmt":"2024-10-09T07:58:41","slug":"koloidni-nosni-sprej","status":"publish","type":"product","link":"https:\/\/trimedea.com\/cs\/produkt\/koloidni-nosni-sprej\/","title":{"rendered":"Koloidn\u00ed nosn\u00ed sprej"},"content":{"rendered":"<p>[et_pb_section fb_built=&#8220;1&#8243; _builder_version=&#8220;4.16&#8243; custom_padding=&#8220;0px||3px||false|false&#8220; global_colors_info=&#8220;{}&#8220;][et_pb_row _builder_version=&#8220;4.16&#8243; background_size=&#8220;initial&#8220; background_position=&#8220;top_left&#8220; background_repeat=&#8220;repeat&#8220; width=&#8220;100%&#8220; custom_padding=&#8220;0px||0px||false|false&#8220; global_colors_info=&#8220;{}&#8220;][et_pb_column type=&#8220;4_4&#8243; _builder_version=&#8220;4.16&#8243; custom_padding=&#8220;|||&#8220; global_colors_info=&#8220;{}&#8220; custom_padding__hover=&#8220;|||&#8220;][et_pb_wc_breadcrumb breadcrumb_home_text=&#8220;TRIMEDEA SHOP&#8220; breadcrumb_home_url=&#8220;https:\/\/trimedea.com\/trimedea-shop&#8220; breadcrumb_separator=&#8220;|&#8220; admin_label=&#8220;WOO BREADCRUMBS DE&#8220; _builder_version=&#8220;4.25.0&#8243; custom_padding=&#8220;0px||30px||false|false&#8220; saved_tabs=&#8220;all&#8220; global_colors_info=&#8220;{}&#8220;][\/et_pb_wc_breadcrumb][et_pb_wc_cart_notice _builder_version=&#8220;4.16&#8243; custom_button=&#8220;on&#8220; button_border_width=&#8220;1px&#8220; button_border_color=&#8220;#FFFFFF&#8220; global_colors_info=&#8220;{}&#8220;][\/et_pb_wc_cart_notice][\/et_pb_column][\/et_pb_row][et_pb_row column_structure=&#8220;1_2,1_2&#8243; _builder_version=&#8220;4.25.0&#8243; background_size=&#8220;initial&#8220; background_position=&#8220;top_left&#8220; background_repeat=&#8220;repeat&#8220; width=&#8220;100%&#8220; custom_margin=&#8220;0px||||false|false&#8220; custom_padding=&#8220;||||false|false&#8220; global_colors_info=&#8220;{}&#8220;][et_pb_column type=&#8220;1_2&#8243; _builder_version=&#8220;4.25.0&#8243; custom_padding=&#8220;|||&#8220; custom_padding_tablet=&#8220;|||&#8220; custom_padding_phone=&#8220;|0px||0px|false|false&#8220; custom_padding_last_edited=&#8220;on|phone&#8220; global_colors_info=&#8220;{}&#8220; custom_padding__hover=&#8220;|||&#8220;][et_pb_wc_images _builder_version=&#8220;4.25.0&#8243; custom_margin_tablet=&#8220;&#8220; custom_margin_phone=&#8220;||||false|false&#8220; custom_margin_last_edited=&#8220;on|phone&#8220; custom_padding_tablet=&#8220;&#8220; custom_padding_phone=&#8220;30px||||false|false&#8220; custom_padding_last_edited=&#8220;on|phone&#8220; global_colors_info=&#8220;{}&#8220;][\/et_pb_wc_images][\/et_pb_column][et_pb_column type=&#8220;1_2&#8243; _builder_version=&#8220;4.16&#8243; custom_padding=&#8220;|||&#8220; global_colors_info=&#8220;{}&#8220; custom_padding__hover=&#8220;|||&#8220;][et_pb_wc_title _builder_version=&#8220;4.16&#8243; global_colors_info=&#8220;{}&#8220;][\/et_pb_wc_title][et_pb_wc_description _builder_version=&#8220;4.16&#8243; global_colors_info=&#8220;{}&#8220;][\/et_pb_wc_description][et_pb_wc_price _builder_version=&#8220;4.24.3&#8243; body_font=&#8220;|600|||||||&#8220; global_colors_info=&#8220;{}&#8220;][\/et_pb_wc_price][et_pb_wc_add_to_cart _builder_version=&#8220;4.16&#8243; global_colors_info=&#8220;{}&#8220;][\/et_pb_wc_add_to_cart][et_pb_wc_meta _builder_version=&#8220;4.16&#8243; global_colors_info=&#8220;{}&#8220;][\/et_pb_wc_meta][\/et_pb_column][\/et_pb_row][et_pb_row column_structure=&#8220;1_2,1_2&#8243; _builder_version=&#8220;4.25.0&#8243; _module_preset=&#8220;default&#8220; width=&#8220;100%&#8220; global_colors_info=&#8220;{}&#8220; custom_css_main_element_phone=&#8220;display: flex;||flex-wrap: wrap;&#8220; custom_css_main_element_last_edited=&#8220;on|phone&#8220;][et_pb_column type=&#8220;1_2&#8243; _builder_version=&#8220;4.25.0&#8243; _module_preset=&#8220;default&#8220; global_colors_info=&#8220;{}&#8220; custom_css_main_element_last_edited=&#8220;on|phone&#8220; custom_css_main_element_phone=&#8220;order:2;&#8220;][et_pb_text admin_label=&#8220;ANWENDUNG&#8220; _builder_version=&#8220;4.27.0&#8243; _module_preset=&#8220;default&#8220; ul_font_size=&#8220;16px&#8220; ul_line_height=&#8220;1.7em&#8220; header_3_line_height=&#8220;1.5em&#8220; background_color=&#8220;#ebebeb&#8220; width_tablet=&#8220;&#8220; width_phone=&#8220;100%&#8220; width_last_edited=&#8220;on|phone&#8220; max_width=&#8220;100%&#8220; custom_margin_tablet=&#8220;&#8220; custom_margin_phone=&#8220;30px||||false|false&#8220; custom_margin_last_edited=&#8220;on|phone&#8220; custom_padding=&#8220;30px|30px|30px|30px|true|true&#8220; custom_padding_tablet=&#8220;30px|30px|30px|30px|true|true&#8220; custom_padding_phone=&#8220;0px|0px|0px|0px|true|true&#8220; custom_padding_last_edited=&#8220;on|phone&#8220; background_color_phone=&#8220;RGBA(255,255,255,0)&#8220; background_last_edited=&#8220;on|phone&#8220; background_enable_color_phone=&#8220;on&#8220; global_colors_info=&#8220;{}&#8220;]<\/p>\n<p><strong>Pou\u017eit\u00ed:<\/strong> Vst\u0159\u00edkn\u011bte nosn\u00ed sprej do nosu n\u011bkolikr\u00e1t denn\u011b, 1-2 st\u0159iky na nosn\u00ed d\u00edrku. Podrobn\u00e9 informace o pou\u017eit\u00ed a d\u00e1vkov\u00e1n\u00ed koloidn\u00edch kov\u016f naleznete <a href=\"https:\/\/gesundheit-und-sport.com\/anwendung-und-dosierung-von-kolloidalen-metallen\/\" target=\"_blank\" rel=\"noopener\">zde <\/a>. Dal\u0161\u00ed \u010dl\u00e1nky a informace v <a href=\"https:\/\/gesundheit-und-sport.com\/themenuebersicht\/\" target=\"_blank\" rel=\"noopener\">p\u0159ehledu t\u00e9mat<\/a><\/p>\n<p>[\/et_pb_text][\/et_pb_column][et_pb_column type=&#8220;1_2&#8243; _builder_version=&#8220;4.25.0&#8243; _module_preset=&#8220;default&#8220; global_colors_info=&#8220;{}&#8220; custom_css_main_element_last_edited=&#8220;on|phone&#8220; custom_css_main_element_phone=&#8220;order:1;&#8220;][et_pb_text admin_label=&#8220;PRODUKTDETAILS&#8220; _builder_version=&#8220;4.27.0&#8243; _module_preset=&#8220;default&#8220; global_colors_info=&#8220;{}&#8220;]<\/p>\n<p><strong><br \/>St\u0159\u00edbro, kobalt a zinek pro rychl\u00fd \u00fa\u010dinek na alergick\u00e9 p\u0159\u00edznaky, 30 ml rozpra\u0161ova\u010d<\/strong>T\u0159i dokonale slad\u011bn\u00e9 koloidn\u00ed kovy sni\u017euj\u00ed otok nosn\u00ed sliznice a alergick\u00e9 p\u0159\u00edznaky. Lze pou\u017e\u00edt tak\u00e9 jako o\u010dn\u00ed kapky k minimalizaci alergick\u00fdch reakc\u00ed.<strong><\/strong> <\/p>\n<p>[\/et_pb_text][et_pb_text admin_label=&#8220;WIDERRUF&#8220; _builder_version=&#8220;4.27.0&#8243; _module_preset=&#8220;default&#8220; ul_font_size=&#8220;16px&#8220; ul_line_height=&#8220;1.7em&#8220; header_3_line_height=&#8220;1.5em&#8220; background_color=&#8220;#ebebeb&#8220; width_tablet=&#8220;&#8220; width_phone=&#8220;100%&#8220; width_last_edited=&#8220;on|phone&#8220; max_width=&#8220;100%&#8220; custom_margin_tablet=&#8220;&#8220; custom_margin_phone=&#8220;30px||||false|false&#8220; custom_margin_last_edited=&#8220;on|phone&#8220; custom_padding=&#8220;30px|30px|30px|30px|true|true&#8220; custom_padding_tablet=&#8220;30px|30px|30px|30px|true|true&#8220; custom_padding_phone=&#8220;0px|0px|0px|0px|true|true&#8220; custom_padding_last_edited=&#8220;on|phone&#8220; background_color_phone=&#8220;RGBA(255,255,255,0)&#8220; background_last_edited=&#8220;on|phone&#8220; background_enable_color_phone=&#8220;on&#8220; global_module=&#8220;60400&#8243; saved_tabs=&#8220;all&#8220; locked=&#8220;off&#8220; global_colors_info=&#8220;{}&#8220;]<\/p>\n<p><b>Hinweis: <\/b>Kolloidale Metalle von Trimedea werden individuell auf Bestellung hergestellt. Dadurch sind sie von der R\u00fccknahme (<a href=\"https:\/\/trimedea.com\/widerruf\/\">Widerrufsrecht<\/a>) ausgeschlossen.<\/p>\n<p>[\/et_pb_text][\/et_pb_column][\/et_pb_row][et_pb_row custom_padding_last_edited=&#8220;on|phone&#8220; _builder_version=&#8220;4.25.0&#8243; background_size=&#8220;initial&#8220; background_position=&#8220;top_left&#8220; background_repeat=&#8220;repeat&#8220; width=&#8220;100%&#8220; custom_margin_tablet=&#8220;&#8220; custom_margin_phone=&#8220;||||false|false&#8220; custom_margin_last_edited=&#8220;on|phone&#8220; custom_padding=&#8220;4px|||||&#8220; custom_padding_tablet=&#8220;&#8220; custom_padding_phone=&#8220;0px||||false|false&#8220; global_colors_info=&#8220;{}&#8220;][et_pb_column type=&#8220;4_4&#8243; _builder_version=&#8220;4.16&#8243; custom_padding=&#8220;|||&#8220; global_colors_info=&#8220;{}&#8220; custom_padding__hover=&#8220;|||&#8220;][et_pb_wc_upsells _builder_version=&#8220;4.16&#8243; global_colors_info=&#8220;{}&#8220;][\/et_pb_wc_upsells][et_pb_wc_related_products posts_number=&#8220;4&#8243; columns_number=&#8220;4&#8243; include_categories=&#8220;79&#8243; _builder_version=&#8220;4.25.2&#8243; global_colors_info=&#8220;{}&#8220;][\/et_pb_wc_related_products][et_pb_text admin_label=&#8220;PRODUKTDETAILS&#8220; _builder_version=&#8220;4.27.0&#8243; _module_preset=&#8220;default&#8220; global_colors_info=&#8220;{}&#8220;]<\/p>\n<h3 style=\"text-align: center;\">Nosn\u00ed sprej na b\u00e1zi koloidn\u00edch kov\u016f<\/h3>\n<p>Nejlep\u0161\u00edm \u0159e\u0161en\u00edm ucpan\u00e9ho nosu je tento sprej ze t\u0159\u00ed koloidn\u00edch kov\u016f, kter\u00fd funguje okam\u017eit\u011b, nem\u00e1 \u017e\u00e1dn\u00e9 vedlej\u0161\u00ed \u00fa\u010dinky a nevede k z\u00e1vislosti. St\u0159\u00edbro, kobalt, zinek &#8211; nic v\u00edc: nevy\u017eaduje \u017e\u00e1dn\u00e9 dal\u0161\u00ed p\u0159\u00edsady, kter\u00e9 \u010dasto dlouhodob\u011b po\u0161kozuj\u00ed sliznice. <\/p>\n<p class=\"western\" align=\"left\">Pokud je nosn\u00ed sliznice zdu\u0159el\u00e1 a voln\u00e9 d\u00fdch\u00e1n\u00ed nosem je zt\u00ed\u017eeno, sta\u010d\u00ed<strong> jeden sprej, kter\u00fd v\u00e1m pom\u016f\u017ee voln\u011b d\u00fdchat<\/strong>. I kdy\u017e je p\u0159\u00ed\u010dinou alergie &#8211; nap\u0159\u00edklad na rozto\u010de, prach, pyl, ko\u010di\u010d\u00ed nebo jin\u00e9 zv\u00ed\u0159ec\u00ed chlupy &#8211; tento nosn\u00ed sprej ve v\u011bt\u0161in\u011b p\u0159\u00edpad\u016f zab\u00edr\u00e1 b\u011bhem n\u011bkolika sekund. Dokonce i \u00faporn\u00e9 formy z\u00e1n\u011btu vedlej\u0161\u00edch nosn\u00edch dutin, kter\u00e9 se podle konven\u010dn\u00ed medic\u00edny mus\u00ed l\u00e9\u010dit kortizonem, lze \u010dasto trvale zm\u00edrnit nosn\u00edm sprejem z koloidn\u00edch kov\u016f. Dal\u0161\u00ed podrobnosti o <a href=\"https:\/\/gesundheit-und-sport.com\/nasenspray-aus-kolloidalen-metallen-schneller-erfolg-ohne-nebenwirkungen\/\" target=\"_blank\" rel=\"noopener\">u\u017e\u00edv\u00e1n\u00ed koloidn\u00edho nosn\u00edho spreje<\/a> si m\u016f\u017eete p\u0159e\u010d\u00edst zde.   <\/p>\n<h4>Podrobnosti o koloidn\u00edch kovech v nosn\u00edm spreji:<\/h4>\n<ul>\n<li><strong>St\u0159\u00edbro:<\/strong> dekongestivum, protiz\u00e1n\u011btliv\u00fd prost\u0159edek, zm\u00edrn\u011bn\u00ed alergick\u00fdch p\u0159\u00edznak\u016f<\/li>\n<li><strong>Kobalt:<\/strong> Sn\u00ed\u017een\u00ed alergick\u00fdch p\u0159\u00edznak\u016f a biologicky dostupn\u00fd kobalt (vitamin B12 \/ kobalamin)<\/li>\n<li><strong>Zinek:<\/strong> podporuje imunitn\u00ed funkce a imunitn\u00ed inteligenci, zejm\u00e9na bun\u011bk nosn\u00ed sliznice.<\/li>\n<\/ul>\n<p>[\/et_pb_text][\/et_pb_column][\/et_pb_row][\/et_pb_section]<\/p>\n","protected":false},"excerpt":{"rendered":"<p><strong>Sni\u017euje alergick\u00e9 p\u0159\u00edznaky a pe\u010duje o nosn\u00ed sliznici <\/strong>Podpora alergick\u00fdch p\u0159\u00edznak\u016f, jako je pylov\u00e1 alergie, senn\u00e1 r\u00fdma nebo potrava, jemn\u00fdm sn\u00ed\u017een\u00edm otoku nosn\u00ed sliznice, zm\u00edrn\u011bn\u00edm alergick\u00fdch p\u0159\u00edznak\u016f a trvalou p\u00e9\u010d\u00ed o nosn\u00ed sliznici.  <strong> <\/strong><\/p>\n","protected":false},"featured_media":55403,"template":"","meta":{"_et_pb_use_builder":"on","_et_pb_old_content":"","_et_gb_content_width":"","footnotes":""},"product_brand":[],"product_cat":[170,171],"product_tag":[178,239,245],"class_list":{"0":"post-55401","1":"product","2":"type-product","3":"status-publish","4":"has-post-thumbnail","6":"product_cat-dalsi-sady","7":"product_cat-koloidni-kovy","8":"product_tag-bestseller-cs","9":"product_tag-dech-plice","10":"product_tag-zanety-a-alergie","12":"first","13":"instock","14":"taxable","15":"shipping-taxable","16":"purchasable","17":"product-type-variable"},"yoast_head":"<!-- This site is optimized with the Yoast SEO plugin v27.3 - https:\/\/yoast.com\/product\/yoast-seo-wordpress\/ -->\n<title>Nosn\u00ed sprej - dekongestivum p\u0159i alergi\u00edch a ucpan\u00e9m nose<\/title>\n<meta name=\"description\" content=\"Nosn\u00ed sprej z koloidn\u00edho st\u0159\u00edbra, kobaltu a zinku, \u00fa\u010dinn\u00fd p\u0159i otoku nosn\u00ed sliznice a p\u0159i alergick\u00fdch p\u0159\u00edznac\u00edch, jako je senn\u00e1 r\u00fdma.\" \/>\n<meta name=\"robots\" content=\"index, follow, max-snippet:-1, max-image-preview:large, max-video-preview:-1\" \/>\n<link rel=\"canonical\" href=\"https:\/\/trimedea.com\/cs\/produkt\/koloidni-nosni-sprej\/\" \/>\n<meta property=\"og:locale\" content=\"cs_CZ\" \/>\n<meta property=\"og:type\" content=\"article\" \/>\n<meta property=\"og:title\" content=\"Nosn\u00ed sprej - dekongestivum p\u0159i alergi\u00edch a ucpan\u00e9m nose\" \/>\n<meta property=\"og:description\" content=\"Nosn\u00ed sprej z koloidn\u00edho st\u0159\u00edbra, kobaltu a zinku, \u00fa\u010dinn\u00fd p\u0159i otoku nosn\u00ed sliznice a p\u0159i alergick\u00fdch p\u0159\u00edznac\u00edch, jako je senn\u00e1 r\u00fdma.\" \/>\n<meta property=\"og:url\" content=\"https:\/\/trimedea.com\/cs\/produkt\/koloidni-nosni-sprej\/\" \/>\n<meta property=\"og:site_name\" content=\"TRIMEDEA\" \/>\n<meta property=\"article:modified_time\" content=\"2024-10-09T07:58:41+00:00\" \/>\n<meta property=\"og:image\" content=\"https:\/\/trimedea.com\/wp-content\/uploads\/2024\/05\/NASENSPRAY-1.png\" \/>\n\t<meta property=\"og:image:width\" content=\"1000\" \/>\n\t<meta property=\"og:image:height\" content=\"1000\" \/>\n\t<meta property=\"og:image:type\" content=\"image\/png\" \/>\n<meta name=\"twitter:card\" content=\"summary_large_image\" \/>\n<script type=\"application\/ld+json\" class=\"yoast-schema-graph\">{\"@context\":\"https:\\\/\\\/schema.org\",\"@graph\":[{\"@type\":\"WebPage\",\"@id\":\"https:\\\/\\\/trimedea.com\\\/cs\\\/produkt\\\/koloidni-nosni-sprej\\\/\",\"url\":\"https:\\\/\\\/trimedea.com\\\/cs\\\/produkt\\\/koloidni-nosni-sprej\\\/\",\"name\":\"Nosn\u00ed sprej - dekongestivum p\u0159i alergi\u00edch a ucpan\u00e9m nose\",\"isPartOf\":{\"@id\":\"https:\\\/\\\/trimedea.com\\\/cs\\\/#website\"},\"primaryImageOfPage\":{\"@id\":\"https:\\\/\\\/trimedea.com\\\/cs\\\/produkt\\\/koloidni-nosni-sprej\\\/#primaryimage\"},\"image\":{\"@id\":\"https:\\\/\\\/trimedea.com\\\/cs\\\/produkt\\\/koloidni-nosni-sprej\\\/#primaryimage\"},\"thumbnailUrl\":\"https:\\\/\\\/trimedea.com\\\/wp-content\\\/uploads\\\/2024\\\/05\\\/NASENSPRAY-1.png\",\"datePublished\":\"2024-04-26T07:50:09+00:00\",\"dateModified\":\"2024-10-09T07:58:41+00:00\",\"description\":\"Nosn\u00ed sprej z koloidn\u00edho st\u0159\u00edbra, kobaltu a zinku, \u00fa\u010dinn\u00fd p\u0159i otoku nosn\u00ed sliznice a p\u0159i alergick\u00fdch p\u0159\u00edznac\u00edch, jako je senn\u00e1 r\u00fdma.\",\"breadcrumb\":{\"@id\":\"https:\\\/\\\/trimedea.com\\\/cs\\\/produkt\\\/koloidni-nosni-sprej\\\/#breadcrumb\"},\"inLanguage\":\"cs\",\"potentialAction\":[{\"@type\":\"ReadAction\",\"target\":[\"https:\\\/\\\/trimedea.com\\\/cs\\\/produkt\\\/koloidni-nosni-sprej\\\/\"]}]},{\"@type\":\"ImageObject\",\"inLanguage\":\"cs\",\"@id\":\"https:\\\/\\\/trimedea.com\\\/cs\\\/produkt\\\/koloidni-nosni-sprej\\\/#primaryimage\",\"url\":\"https:\\\/\\\/trimedea.com\\\/wp-content\\\/uploads\\\/2024\\\/05\\\/NASENSPRAY-1.png\",\"contentUrl\":\"https:\\\/\\\/trimedea.com\\\/wp-content\\\/uploads\\\/2024\\\/05\\\/NASENSPRAY-1.png\",\"width\":1000,\"height\":1000,\"caption\":\"Nasenspray\"},{\"@type\":\"BreadcrumbList\",\"@id\":\"https:\\\/\\\/trimedea.com\\\/cs\\\/produkt\\\/koloidni-nosni-sprej\\\/#breadcrumb\",\"itemListElement\":[{\"@type\":\"ListItem\",\"position\":1,\"name\":\"Startseite\",\"item\":\"https:\\\/\\\/trimedea.com\\\/cs\\\/\"},{\"@type\":\"ListItem\",\"position\":2,\"name\":\"TRIMEDEA SHOP\",\"item\":\"https:\\\/\\\/trimedea.com\\\/cs\\\/trimedea-shop\\\/\"},{\"@type\":\"ListItem\",\"position\":3,\"name\":\"Koloidn\u00ed nosn\u00ed sprej\"}]},{\"@type\":\"WebSite\",\"@id\":\"https:\\\/\\\/trimedea.com\\\/cs\\\/#website\",\"url\":\"https:\\\/\\\/trimedea.com\\\/cs\\\/\",\"name\":\"TRIMEDEA\",\"description\":\"F\u00fcr einen gesunden K\u00f6rper und Geist\",\"publisher\":{\"@id\":\"https:\\\/\\\/trimedea.com\\\/cs\\\/#organization\"},\"potentialAction\":[{\"@type\":\"SearchAction\",\"target\":{\"@type\":\"EntryPoint\",\"urlTemplate\":\"https:\\\/\\\/trimedea.com\\\/cs\\\/?s={search_term_string}\"},\"query-input\":{\"@type\":\"PropertyValueSpecification\",\"valueRequired\":true,\"valueName\":\"search_term_string\"}}],\"inLanguage\":\"cs\"},{\"@type\":\"Organization\",\"@id\":\"https:\\\/\\\/trimedea.com\\\/cs\\\/#organization\",\"name\":\"TRIMEDEA\",\"url\":\"https:\\\/\\\/trimedea.com\\\/cs\\\/\",\"logo\":{\"@type\":\"ImageObject\",\"inLanguage\":\"cs\",\"@id\":\"https:\\\/\\\/trimedea.com\\\/cs\\\/#\\\/schema\\\/logo\\\/image\\\/\",\"url\":\"https:\\\/\\\/trimedea.com\\\/wp-content\\\/uploads\\\/2024\\\/04\\\/TRIMEDEA_LOGO.png\",\"contentUrl\":\"https:\\\/\\\/trimedea.com\\\/wp-content\\\/uploads\\\/2024\\\/04\\\/TRIMEDEA_LOGO.png\",\"width\":540,\"height\":248,\"caption\":\"TRIMEDEA\"},\"image\":{\"@id\":\"https:\\\/\\\/trimedea.com\\\/cs\\\/#\\\/schema\\\/logo\\\/image\\\/\"}}]}<\/script>\n<!-- \/ Yoast SEO plugin. -->","yoast_head_json":{"title":"Nosn\u00ed sprej - dekongestivum p\u0159i alergi\u00edch a ucpan\u00e9m nose","description":"Nosn\u00ed sprej z koloidn\u00edho st\u0159\u00edbra, kobaltu a zinku, \u00fa\u010dinn\u00fd p\u0159i otoku nosn\u00ed sliznice a p\u0159i alergick\u00fdch p\u0159\u00edznac\u00edch, jako je senn\u00e1 r\u00fdma.","robots":{"index":"index","follow":"follow","max-snippet":"max-snippet:-1","max-image-preview":"max-image-preview:large","max-video-preview":"max-video-preview:-1"},"canonical":"https:\/\/trimedea.com\/cs\/produkt\/koloidni-nosni-sprej\/","og_locale":"cs_CZ","og_type":"article","og_title":"Nosn\u00ed sprej - dekongestivum p\u0159i alergi\u00edch a ucpan\u00e9m nose","og_description":"Nosn\u00ed sprej z koloidn\u00edho st\u0159\u00edbra, kobaltu a zinku, \u00fa\u010dinn\u00fd p\u0159i otoku nosn\u00ed sliznice a p\u0159i alergick\u00fdch p\u0159\u00edznac\u00edch, jako je senn\u00e1 r\u00fdma.","og_url":"https:\/\/trimedea.com\/cs\/produkt\/koloidni-nosni-sprej\/","og_site_name":"TRIMEDEA","article_modified_time":"2024-10-09T07:58:41+00:00","og_image":[{"width":1000,"height":1000,"url":"https:\/\/trimedea.com\/wp-content\/uploads\/2024\/05\/NASENSPRAY-1.png","type":"image\/png"}],"twitter_card":"summary_large_image","schema":{"@context":"https:\/\/schema.org","@graph":[{"@type":"WebPage","@id":"https:\/\/trimedea.com\/cs\/produkt\/koloidni-nosni-sprej\/","url":"https:\/\/trimedea.com\/cs\/produkt\/koloidni-nosni-sprej\/","name":"Nosn\u00ed sprej - dekongestivum p\u0159i alergi\u00edch a ucpan\u00e9m nose","isPartOf":{"@id":"https:\/\/trimedea.com\/cs\/#website"},"primaryImageOfPage":{"@id":"https:\/\/trimedea.com\/cs\/produkt\/koloidni-nosni-sprej\/#primaryimage"},"image":{"@id":"https:\/\/trimedea.com\/cs\/produkt\/koloidni-nosni-sprej\/#primaryimage"},"thumbnailUrl":"https:\/\/trimedea.com\/wp-content\/uploads\/2024\/05\/NASENSPRAY-1.png","datePublished":"2024-04-26T07:50:09+00:00","dateModified":"2024-10-09T07:58:41+00:00","description":"Nosn\u00ed sprej z koloidn\u00edho st\u0159\u00edbra, kobaltu a zinku, \u00fa\u010dinn\u00fd p\u0159i otoku nosn\u00ed sliznice a p\u0159i alergick\u00fdch p\u0159\u00edznac\u00edch, jako je senn\u00e1 r\u00fdma.","breadcrumb":{"@id":"https:\/\/trimedea.com\/cs\/produkt\/koloidni-nosni-sprej\/#breadcrumb"},"inLanguage":"cs","potentialAction":[{"@type":"ReadAction","target":["https:\/\/trimedea.com\/cs\/produkt\/koloidni-nosni-sprej\/"]}]},{"@type":"ImageObject","inLanguage":"cs","@id":"https:\/\/trimedea.com\/cs\/produkt\/koloidni-nosni-sprej\/#primaryimage","url":"https:\/\/trimedea.com\/wp-content\/uploads\/2024\/05\/NASENSPRAY-1.png","contentUrl":"https:\/\/trimedea.com\/wp-content\/uploads\/2024\/05\/NASENSPRAY-1.png","width":1000,"height":1000,"caption":"Nasenspray"},{"@type":"BreadcrumbList","@id":"https:\/\/trimedea.com\/cs\/produkt\/koloidni-nosni-sprej\/#breadcrumb","itemListElement":[{"@type":"ListItem","position":1,"name":"Startseite","item":"https:\/\/trimedea.com\/cs\/"},{"@type":"ListItem","position":2,"name":"TRIMEDEA SHOP","item":"https:\/\/trimedea.com\/cs\/trimedea-shop\/"},{"@type":"ListItem","position":3,"name":"Koloidn\u00ed nosn\u00ed sprej"}]},{"@type":"WebSite","@id":"https:\/\/trimedea.com\/cs\/#website","url":"https:\/\/trimedea.com\/cs\/","name":"TRIMEDEA","description":"F\u00fcr einen gesunden K\u00f6rper und Geist","publisher":{"@id":"https:\/\/trimedea.com\/cs\/#organization"},"potentialAction":[{"@type":"SearchAction","target":{"@type":"EntryPoint","urlTemplate":"https:\/\/trimedea.com\/cs\/?s={search_term_string}"},"query-input":{"@type":"PropertyValueSpecification","valueRequired":true,"valueName":"search_term_string"}}],"inLanguage":"cs"},{"@type":"Organization","@id":"https:\/\/trimedea.com\/cs\/#organization","name":"TRIMEDEA","url":"https:\/\/trimedea.com\/cs\/","logo":{"@type":"ImageObject","inLanguage":"cs","@id":"https:\/\/trimedea.com\/cs\/#\/schema\/logo\/image\/","url":"https:\/\/trimedea.com\/wp-content\/uploads\/2024\/04\/TRIMEDEA_LOGO.png","contentUrl":"https:\/\/trimedea.com\/wp-content\/uploads\/2024\/04\/TRIMEDEA_LOGO.png","width":540,"height":248,"caption":"TRIMEDEA"},"image":{"@id":"https:\/\/trimedea.com\/cs\/#\/schema\/logo\/image\/"}}]}},"_links":{"self":[{"href":"https:\/\/trimedea.com\/cs\/wp-json\/wp\/v2\/product\/55401","targetHints":{"allow":["GET"]}}],"collection":[{"href":"https:\/\/trimedea.com\/cs\/wp-json\/wp\/v2\/product"}],"about":[{"href":"https:\/\/trimedea.com\/cs\/wp-json\/wp\/v2\/types\/product"}],"version-history":[{"count":0,"href":"https:\/\/trimedea.com\/cs\/wp-json\/wp\/v2\/product\/55401\/revisions"}],"wp:featuredmedia":[{"embeddable":true,"href":"https:\/\/trimedea.com\/cs\/wp-json\/wp\/v2\/media\/55403"}],"wp:attachment":[{"href":"https:\/\/trimedea.com\/cs\/wp-json\/wp\/v2\/media?parent=55401"}],"wp:term":[{"taxonomy":"product_brand","embeddable":true,"href":"https:\/\/trimedea.com\/cs\/wp-json\/wp\/v2\/product_brand?post=55401"},{"taxonomy":"product_cat","embeddable":true,"href":"https:\/\/trimedea.com\/cs\/wp-json\/wp\/v2\/product_cat?post=55401"},{"taxonomy":"product_tag","embeddable":true,"href":"https:\/\/trimedea.com\/cs\/wp-json\/wp\/v2\/product_tag?post=55401"}],"curies":[{"name":"wp","href":"https:\/\/api.w.org\/{rel}","templated":true}]}}