{"id":55402,"date":"2024-04-23T08:51:23","date_gmt":"2024-04-23T08:51:23","guid":{"rendered":"https:\/\/test.trimedea.com\/produkt\/koloidy-pro-obnovu-pokozky\/"},"modified":"2024-10-09T07:58:41","modified_gmt":"2024-10-09T07:58:41","slug":"koloidy-pro-obnovu-pokozky","status":"publish","type":"product","link":"https:\/\/trimedea.com\/cs\/produkt\/koloidy-pro-obnovu-pokozky\/","title":{"rendered":"Koloidy pro obnovu poko\u017eky"},"content":{"rendered":"<p>[et_pb_section fb_built=&#8220;1&#8243; _builder_version=&#8220;4.16&#8243; custom_padding=&#8220;0px||3px||false|false&#8220; global_colors_info=&#8220;{}&#8220;][et_pb_row _builder_version=&#8220;4.16&#8243; background_size=&#8220;initial&#8220; background_position=&#8220;top_left&#8220; background_repeat=&#8220;repeat&#8220; width=&#8220;100%&#8220; custom_padding=&#8220;0px||0px||false|false&#8220; global_colors_info=&#8220;{}&#8220;][et_pb_column type=&#8220;4_4&#8243; _builder_version=&#8220;4.16&#8243; custom_padding=&#8220;|||&#8220; global_colors_info=&#8220;{}&#8220; custom_padding__hover=&#8220;|||&#8220;][et_pb_wc_breadcrumb breadcrumb_home_text=&#8220;TRIMEDEA SHOP&#8220; breadcrumb_home_url=&#8220;https:\/\/trimedea.com\/trimedea-shop&#8220; breadcrumb_separator=&#8220;|&#8220; admin_label=&#8220;WOO BREADCRUMBS DE&#8220; _builder_version=&#8220;4.25.0&#8243; custom_padding=&#8220;0px||30px||false|false&#8220; saved_tabs=&#8220;all&#8220; global_colors_info=&#8220;{}&#8220;][\/et_pb_wc_breadcrumb][et_pb_wc_cart_notice _builder_version=&#8220;4.16&#8243; custom_button=&#8220;on&#8220; button_border_width=&#8220;1px&#8220; button_border_color=&#8220;#FFFFFF&#8220; global_colors_info=&#8220;{}&#8220;][\/et_pb_wc_cart_notice][\/et_pb_column][\/et_pb_row][et_pb_row column_structure=&#8220;1_2,1_2&#8243; _builder_version=&#8220;4.25.0&#8243; background_size=&#8220;initial&#8220; background_position=&#8220;top_left&#8220; background_repeat=&#8220;repeat&#8220; width=&#8220;100%&#8220; custom_margin=&#8220;0px||||false|false&#8220; custom_padding=&#8220;||||false|false&#8220; global_colors_info=&#8220;{}&#8220;][et_pb_column type=&#8220;1_2&#8243; _builder_version=&#8220;4.25.0&#8243; custom_padding=&#8220;|||&#8220; custom_padding_tablet=&#8220;|||&#8220; custom_padding_phone=&#8220;|0px||0px|false|false&#8220; custom_padding_last_edited=&#8220;on|phone&#8220; global_colors_info=&#8220;{}&#8220; custom_padding__hover=&#8220;|||&#8220;][et_pb_wc_images _builder_version=&#8220;4.25.0&#8243; custom_margin_tablet=&#8220;&#8220; custom_margin_phone=&#8220;||||false|false&#8220; custom_margin_last_edited=&#8220;on|phone&#8220; custom_padding_tablet=&#8220;&#8220; custom_padding_phone=&#8220;30px||||false|false&#8220; custom_padding_last_edited=&#8220;on|phone&#8220; global_colors_info=&#8220;{}&#8220;][\/et_pb_wc_images][\/et_pb_column][et_pb_column type=&#8220;1_2&#8243; _builder_version=&#8220;4.16&#8243; custom_padding=&#8220;|||&#8220; global_colors_info=&#8220;{}&#8220; custom_padding__hover=&#8220;|||&#8220;][et_pb_wc_title _builder_version=&#8220;4.16&#8243; global_colors_info=&#8220;{}&#8220;][\/et_pb_wc_title][et_pb_wc_description _builder_version=&#8220;4.16&#8243; global_colors_info=&#8220;{}&#8220;][\/et_pb_wc_description][et_pb_wc_price _builder_version=&#8220;4.24.3&#8243; body_font=&#8220;|600|||||||&#8220; global_colors_info=&#8220;{}&#8220;][\/et_pb_wc_price][et_pb_wc_add_to_cart _builder_version=&#8220;4.16&#8243; global_colors_info=&#8220;{}&#8220;][\/et_pb_wc_add_to_cart][et_pb_wc_meta _builder_version=&#8220;4.16&#8243; global_colors_info=&#8220;{}&#8220;][\/et_pb_wc_meta][\/et_pb_column][\/et_pb_row][et_pb_row column_structure=&#8220;1_2,1_2&#8243; _builder_version=&#8220;4.25.0&#8243; _module_preset=&#8220;default&#8220; width=&#8220;100%&#8220; global_colors_info=&#8220;{}&#8220; custom_css_main_element_phone=&#8220;display: flex;||flex-wrap: wrap;&#8220; custom_css_main_element_last_edited=&#8220;on|phone&#8220;][et_pb_column type=&#8220;1_2&#8243; _builder_version=&#8220;4.25.0&#8243; _module_preset=&#8220;default&#8220; global_colors_info=&#8220;{}&#8220; custom_css_main_element_last_edited=&#8220;on|phone&#8220; custom_css_main_element_phone=&#8220;order:2;&#8220;][et_pb_text admin_label=&#8220;ANWENDUNG&#8220; _builder_version=&#8220;4.27.0&#8243; _module_preset=&#8220;default&#8220; ul_font_size=&#8220;16px&#8220; ul_line_height=&#8220;1.7em&#8220; header_3_line_height=&#8220;1.5em&#8220; background_color=&#8220;#ebebeb&#8220; width_tablet=&#8220;&#8220; width_phone=&#8220;100%&#8220; width_last_edited=&#8220;on|phone&#8220; max_width=&#8220;100%&#8220; custom_margin_tablet=&#8220;&#8220; custom_margin_phone=&#8220;30px||||false|false&#8220; custom_margin_last_edited=&#8220;on|phone&#8220; custom_padding=&#8220;30px|30px|30px|30px|true|true&#8220; custom_padding_tablet=&#8220;30px|30px|30px|30px|true|true&#8220; custom_padding_phone=&#8220;0px|0px|0px|0px|true|true&#8220; custom_padding_last_edited=&#8220;on|phone&#8220; background_color_phone=&#8220;RGBA(255,255,255,0)&#8220; background_last_edited=&#8220;on|phone&#8220; background_enable_color_phone=&#8220;on&#8220; global_colors_info=&#8220;{}&#8220;]<\/p>\n<p><strong>Pou\u017eit\u00ed:<\/strong> N\u011bkolikr\u00e1t denn\u011b nast\u0159\u00edkejte na posti\u017een\u00e1 m\u00edsta na k\u016f\u017ei.<\/p>\n<p>P <a href=\"https:\/\/gesundheit-und-sport.com\/anwendung-und-dosierung-von-kolloidalen-metallen\/\" target=\"_blank\" rel=\"noopener\">odrobn\u00e9 informace o aplikaci a d\u00e1vkov\u00e1n\u00ed koloidn\u00edch kov\u016f<\/a> Speci\u00e1ln\u00ed informace k t\u00e9matu k\u016f\u017ee s p\u0159ihl\u00e9dnut\u00edm k biologick\u00fdm z\u00e1konitostem \/ specifick\u00fdm reakc\u00edm z\u00e1rode\u010dn\u00e9 vrstvy tk\u00e1n\u011b naleznete<a href=\"https:\/\/gesundheit-und-sport.com\/hautbiologie-teil-1-aufbau-der-haut\/\" target=\"_blank\" rel=\"noopener\">zde<\/a> Dal\u0161\u00ed \u010dl\u00e1nky a informace v<a href=\"https:\/\/gesundheit-und-sport.com\/themenuebersicht\/\" target=\"_blank\" rel=\"noopener\">p\u0159ehledu t\u00e9mat<\/a><\/p>\n<p>[\/et_pb_text][\/et_pb_column][et_pb_column type=&#8220;1_2&#8243; _builder_version=&#8220;4.25.0&#8243; _module_preset=&#8220;default&#8220; global_colors_info=&#8220;{}&#8220; custom_css_main_element_last_edited=&#8220;on|phone&#8220; custom_css_main_element_phone=&#8220;order:1;&#8220;][et_pb_text admin_label=&#8220;PRODUKTDETAILS&#8220; _builder_version=&#8220;4.27.0&#8243; _module_preset=&#8220;default&#8220; hover_enabled=&#8220;0&#8243; global_colors_info=&#8220;{}&#8220; sticky_enabled=&#8220;0&#8243;]<\/p>\n<p>O<strong>bnova poko\u017eky: Pro r\u016fzn\u00e9 ko\u017en\u00ed probl\u00e9my a kosmetick\u00e9 o\u0161et\u0159en\u00ed<\/strong> \u010cty\u0159i koloidn\u00ed kovy v rozpra\u0161ova\u010di o objemu 100 ml na podporu poko\u017eky (epidermis a dermis) v p\u0159\u00edpadech z\u00e1n\u011bt\u016f, otok\u016f, ekz\u00e9m\u016f, poran\u011bn\u00ed, hojen\u00ed ran a pos\u00edlen\u00ed pojivov\u00e9 tk\u00e1n\u011b. Zvl\u00e1\u0161t\u011b \u00fa\u010dinn\u00fd po kosmetick\u00fdch o\u0161et\u0159en\u00edch, jako jsou jehli\u010dkov\u00e1n\u00ed, mikrodermabraze, ultrazvuk, peelingy atd. <\/p>\n<p>[\/et_pb_text][et_pb_text admin_label=&#8220;WIDERRUF&#8220; _builder_version=&#8220;4.27.0&#8243; _module_preset=&#8220;default&#8220; ul_font_size=&#8220;16px&#8220; ul_line_height=&#8220;1.7em&#8220; header_3_line_height=&#8220;1.5em&#8220; background_color=&#8220;#ebebeb&#8220; width_tablet=&#8220;&#8220; width_phone=&#8220;100%&#8220; width_last_edited=&#8220;on|phone&#8220; max_width=&#8220;100%&#8220; custom_margin_tablet=&#8220;&#8220; custom_margin_phone=&#8220;30px||||false|false&#8220; custom_margin_last_edited=&#8220;on|phone&#8220; custom_padding=&#8220;30px|30px|30px|30px|true|true&#8220; custom_padding_tablet=&#8220;30px|30px|30px|30px|true|true&#8220; custom_padding_phone=&#8220;0px|0px|0px|0px|true|true&#8220; custom_padding_last_edited=&#8220;on|phone&#8220; background_color_phone=&#8220;RGBA(255,255,255,0)&#8220; background_last_edited=&#8220;on|phone&#8220; background_enable_color_phone=&#8220;on&#8220; global_module=&#8220;60400&#8243; saved_tabs=&#8220;all&#8220; locked=&#8220;off&#8220; global_colors_info=&#8220;{}&#8220;]<\/p>\n<p><b>Hinweis: <\/b>Kolloidale Metalle von Trimedea werden individuell auf Bestellung hergestellt. Dadurch sind sie von der R\u00fccknahme (<a href=\"https:\/\/trimedea.com\/widerruf\/\">Widerrufsrecht<\/a>) ausgeschlossen.<\/p>\n<p>[\/et_pb_text][\/et_pb_column][\/et_pb_row][et_pb_row _builder_version=&#8220;4.25.0&#8243; global_colors_info=&#8220;{}&#8220;][et_pb_column type=&#8220;4_4&#8243; _builder_version=&#8220;4.16&#8243; custom_padding=&#8220;|||&#8220; global_colors_info=&#8220;{}&#8220; custom_padding__hover=&#8220;|||&#8220;][et_pb_wc_upsells _builder_version=&#8220;4.16&#8243; global_colors_info=&#8220;{}&#8220;][\/et_pb_wc_upsells][et_pb_wc_related_products posts_number=&#8220;4&#8243; columns_number=&#8220;4&#8243; include_categories=&#8220;79&#8243; _builder_version=&#8220;4.25.2&#8243; global_colors_info=&#8220;{}&#8220;][\/et_pb_wc_related_products][et_pb_text admin_label=&#8220;Produktdetails&#8220; _builder_version=&#8220;4.27.0&#8243; _module_preset=&#8220;default&#8220; global_colors_info=&#8220;{}&#8220;]<\/p>\n<h2 style=\"text-align: center;\">Oprava poko\u017eky: Koloidn\u00ed kovy pro va\u0161i poko\u017eku<\/h2>\n<div class=\"et_pb_module et_pb_text et_pb_text_1_tb_body et_pb_text_align_left et_pb_bg_layout_light\">\n<div class=\"et_pb_text_inner\">\n<p>Prav\u00e9 koloidn\u00ed kovy jsou velmi jemn\u00e9 \u010d\u00e1stice kov\u016f, kter\u00e9 se vzn\u00e1\u0161ej\u00ed ve vod\u011b, ani\u017e by s n\u00ed vytvo\u0159ily vazbu &#8211; na rozd\u00edl od iontov\u00fdch roztok\u016f kov\u016f, kter\u00e9 se v\u017edy vyr\u00e1b\u011bj\u00ed elektrol\u00fdzou. Velikost jednotliv\u00fdch \u010d\u00e1stic v kapaln\u00e9 disperzi se pohybuje mezi 1 a 20 nanometry (1 nm = jedna miliardtina metru). Zp\u016fsob v\u00fdroby \u010d\u00e1stic m\u00e1 v z\u00e1vislosti na procesu zna\u010dn\u00fd vliv na jejich vlastnosti, kvalitu, biologickou dostupnost a \u00fa\u010dinek v organismu.<\/p>\n<p>Ve spole\u010dnosti Trimedea jsme se rozhodli pro komplexn\u00ed vysokonap\u011b\u0165ov\u00fd plazmov\u00fd proces s nap\u011bt\u00edm 10 000 volt\u016f. Pouze s touto vysoce kvalitn\u00ed technologi\u00ed lze p\u0159i spr\u00e1vn\u00e9m pou\u017eit\u00ed dos\u00e1hnout nejlep\u0161\u00ed mo\u017en\u00e9 kvality koloid\u016f: nejmen\u0161\u00ed velikost \u010d\u00e1stic, nejvy\u0161\u0161\u00ed obsah energie, optim\u00e1ln\u00ed biologick\u00e1 dostupnost, dlouh\u00e1 trvanlivost, suspendovan\u00fd stav. Je \u00fa\u010dinn\u011bj\u0161\u00ed, energi\u010dt\u011bj\u0161\u00ed a trvanliv\u011bj\u0161\u00ed, netvo\u0159\u00ed slou\u010deniny s jin\u00fdmi l\u00e1tkami, nevede k usazenin\u00e1m a je bez p\u0159ed\u00e1vkov\u00e1n\u00ed.<\/p>\n<\/div>\n<\/div>\n<h3>Podrobnosti o jednotliv\u00fdch koloidn\u00edch kovech:<\/h3>\n<ul>\n<li><strong>K\u0159em\u00edk:<\/strong> tvorba struktury k\u016f\u017ee, pojivov\u00e9 tk\u00e1n\u011b, sval\u016f, \u0161lach, vaz\u016f a kost\u00ed, detoxikace.<\/li>\n<li><strong>M\u011b\u010f:<\/strong> zlep\u0161uje hydrataci poko\u017eky, produkci hormon\u016f a enzym\u016f, antioxidant.<\/li>\n<li><strong>St\u0159\u00edbro:<\/strong> zm\u00edr\u0148uje bolest, z\u00e1n\u011bt a otok, prvn\u00ed pomoc p\u0159i otev\u0159en\u00fdch ran\u00e1ch a urychluje hojen\u00ed ran.<\/li>\n<li><strong>Zinek: k<\/strong> \u016f\u017ee, vlasy, nehty, imunitn\u00ed funkce, bolesti kloub\u016f a sval\u016f.<\/li>\n<\/ul>\n<p>[\/et_pb_text][\/et_pb_column][\/et_pb_row][\/et_pb_section]<\/p>\n","protected":false},"excerpt":{"rendered":"<p><strong>Koloidn\u00ed k\u0159em\u00edk, m\u011b\u010f, st\u0159\u00edbro, zinek ve 100ml lahvi\u010dce s rozpra\u0161ova\u010dem <\/strong>\u010cty\u0159i vz\u00e1jemn\u011b dokonale slad\u011bn\u00e9 koloidn\u00ed kovy p\u016fsob\u00ed synergicky p\u0159i l\u00e9\u010db\u011b r\u016fzn\u00fdch ko\u017en\u00edch pot\u00ed\u017e\u00ed a podr\u00e1\u017ed\u011bn\u00ed poko\u017eky. Koloidn\u00ed k\u0159em\u00edk, m\u011b\u010f, st\u0159\u00edbro a zinek v mno\u017estv\u00ed \u2264 10 ppm pro vn\u011bj\u0161\u00ed pou\u017eit\u00ed ve 100ml rozpra\u0161ova\u010di.<strong><br \/>\n<\/strong><\/p>\n","protected":false},"featured_media":55561,"template":"","meta":{"_et_pb_use_builder":"on","_et_pb_old_content":"","_et_gb_content_width":"","footnotes":""},"product_brand":[],"product_cat":[170,171],"product_tag":[243,245,244],"class_list":{"0":"post-55402","1":"product","2":"type-product","3":"status-publish","4":"has-post-thumbnail","6":"product_cat-dalsi-sady","7":"product_cat-koloidni-kovy","8":"product_tag-proti-starnuti","9":"product_tag-zanety-a-alergie","10":"product_tag-zdravi-zen","12":"first","13":"instock","14":"sale","15":"taxable","16":"shipping-taxable","17":"purchasable","18":"product-type-variable"},"yoast_head":"<!-- This site is optimized with the Yoast SEO plugin v27.3 - https:\/\/yoast.com\/product\/yoast-seo-wordpress\/ -->\n<title>Oprava pleti: 4 koloidn\u00ed kovy pro zlep\u0161en\u00ed pleti<\/title>\n<meta name=\"description\" content=\"Oprava poko\u017eky: koloidn\u00ed kovy k\u0159em\u00edk, m\u011b\u010f, st\u0159\u00edbro a zinek zejm\u00e9na pro poko\u017eku, proti z\u00e1n\u011bt\u016fm, hojen\u00ed ran a ekz\u00e9m\u016fm.\" \/>\n<meta name=\"robots\" content=\"index, follow, max-snippet:-1, max-image-preview:large, max-video-preview:-1\" \/>\n<link rel=\"canonical\" href=\"https:\/\/trimedea.com\/cs\/produkt\/koloidy-pro-obnovu-pokozky\/\" \/>\n<meta property=\"og:locale\" content=\"cs_CZ\" \/>\n<meta property=\"og:type\" content=\"article\" \/>\n<meta property=\"og:title\" content=\"Oprava pleti: 4 koloidn\u00ed kovy pro zlep\u0161en\u00ed pleti\" \/>\n<meta property=\"og:description\" content=\"Oprava poko\u017eky: koloidn\u00ed kovy k\u0159em\u00edk, m\u011b\u010f, st\u0159\u00edbro a zinek zejm\u00e9na pro poko\u017eku, proti z\u00e1n\u011bt\u016fm, hojen\u00ed ran a ekz\u00e9m\u016fm.\" \/>\n<meta property=\"og:url\" content=\"https:\/\/trimedea.com\/cs\/produkt\/koloidy-pro-obnovu-pokozky\/\" \/>\n<meta property=\"og:site_name\" content=\"TRIMEDEA\" \/>\n<meta property=\"article:modified_time\" content=\"2024-10-09T07:58:41+00:00\" \/>\n<meta property=\"og:image\" content=\"https:\/\/trimedea.com\/wp-content\/uploads\/2024\/05\/SKIN-REPAIR.png\" \/>\n\t<meta property=\"og:image:width\" content=\"1000\" \/>\n\t<meta property=\"og:image:height\" content=\"1000\" \/>\n\t<meta property=\"og:image:type\" content=\"image\/png\" \/>\n<meta name=\"twitter:card\" content=\"summary_large_image\" \/>\n<script type=\"application\/ld+json\" class=\"yoast-schema-graph\">{\"@context\":\"https:\\\/\\\/schema.org\",\"@graph\":[{\"@type\":\"WebPage\",\"@id\":\"https:\\\/\\\/trimedea.com\\\/cs\\\/produkt\\\/koloidy-pro-obnovu-pokozky\\\/\",\"url\":\"https:\\\/\\\/trimedea.com\\\/cs\\\/produkt\\\/koloidy-pro-obnovu-pokozky\\\/\",\"name\":\"Oprava pleti: 4 koloidn\u00ed kovy pro zlep\u0161en\u00ed pleti\",\"isPartOf\":{\"@id\":\"https:\\\/\\\/trimedea.com\\\/cs\\\/#website\"},\"primaryImageOfPage\":{\"@id\":\"https:\\\/\\\/trimedea.com\\\/cs\\\/produkt\\\/koloidy-pro-obnovu-pokozky\\\/#primaryimage\"},\"image\":{\"@id\":\"https:\\\/\\\/trimedea.com\\\/cs\\\/produkt\\\/koloidy-pro-obnovu-pokozky\\\/#primaryimage\"},\"thumbnailUrl\":\"https:\\\/\\\/trimedea.com\\\/wp-content\\\/uploads\\\/2024\\\/05\\\/SKIN-REPAIR.png\",\"datePublished\":\"2024-04-23T08:51:23+00:00\",\"dateModified\":\"2024-10-09T07:58:41+00:00\",\"description\":\"Oprava poko\u017eky: koloidn\u00ed kovy k\u0159em\u00edk, m\u011b\u010f, st\u0159\u00edbro a zinek zejm\u00e9na pro poko\u017eku, proti z\u00e1n\u011bt\u016fm, hojen\u00ed ran a ekz\u00e9m\u016fm.\",\"breadcrumb\":{\"@id\":\"https:\\\/\\\/trimedea.com\\\/cs\\\/produkt\\\/koloidy-pro-obnovu-pokozky\\\/#breadcrumb\"},\"inLanguage\":\"cs\",\"potentialAction\":[{\"@type\":\"ReadAction\",\"target\":[\"https:\\\/\\\/trimedea.com\\\/cs\\\/produkt\\\/koloidy-pro-obnovu-pokozky\\\/\"]}]},{\"@type\":\"ImageObject\",\"inLanguage\":\"cs\",\"@id\":\"https:\\\/\\\/trimedea.com\\\/cs\\\/produkt\\\/koloidy-pro-obnovu-pokozky\\\/#primaryimage\",\"url\":\"https:\\\/\\\/trimedea.com\\\/wp-content\\\/uploads\\\/2024\\\/05\\\/SKIN-REPAIR.png\",\"contentUrl\":\"https:\\\/\\\/trimedea.com\\\/wp-content\\\/uploads\\\/2024\\\/05\\\/SKIN-REPAIR.png\",\"width\":1000,\"height\":1000},{\"@type\":\"BreadcrumbList\",\"@id\":\"https:\\\/\\\/trimedea.com\\\/cs\\\/produkt\\\/koloidy-pro-obnovu-pokozky\\\/#breadcrumb\",\"itemListElement\":[{\"@type\":\"ListItem\",\"position\":1,\"name\":\"Startseite\",\"item\":\"https:\\\/\\\/trimedea.com\\\/cs\\\/\"},{\"@type\":\"ListItem\",\"position\":2,\"name\":\"TRIMEDEA SHOP\",\"item\":\"https:\\\/\\\/trimedea.com\\\/cs\\\/trimedea-shop\\\/\"},{\"@type\":\"ListItem\",\"position\":3,\"name\":\"Koloidy pro obnovu poko\u017eky\"}]},{\"@type\":\"WebSite\",\"@id\":\"https:\\\/\\\/trimedea.com\\\/cs\\\/#website\",\"url\":\"https:\\\/\\\/trimedea.com\\\/cs\\\/\",\"name\":\"TRIMEDEA\",\"description\":\"F\u00fcr einen gesunden K\u00f6rper und Geist\",\"publisher\":{\"@id\":\"https:\\\/\\\/trimedea.com\\\/cs\\\/#organization\"},\"potentialAction\":[{\"@type\":\"SearchAction\",\"target\":{\"@type\":\"EntryPoint\",\"urlTemplate\":\"https:\\\/\\\/trimedea.com\\\/cs\\\/?s={search_term_string}\"},\"query-input\":{\"@type\":\"PropertyValueSpecification\",\"valueRequired\":true,\"valueName\":\"search_term_string\"}}],\"inLanguage\":\"cs\"},{\"@type\":\"Organization\",\"@id\":\"https:\\\/\\\/trimedea.com\\\/cs\\\/#organization\",\"name\":\"TRIMEDEA\",\"url\":\"https:\\\/\\\/trimedea.com\\\/cs\\\/\",\"logo\":{\"@type\":\"ImageObject\",\"inLanguage\":\"cs\",\"@id\":\"https:\\\/\\\/trimedea.com\\\/cs\\\/#\\\/schema\\\/logo\\\/image\\\/\",\"url\":\"https:\\\/\\\/trimedea.com\\\/wp-content\\\/uploads\\\/2024\\\/04\\\/TRIMEDEA_LOGO.png\",\"contentUrl\":\"https:\\\/\\\/trimedea.com\\\/wp-content\\\/uploads\\\/2024\\\/04\\\/TRIMEDEA_LOGO.png\",\"width\":540,\"height\":248,\"caption\":\"TRIMEDEA\"},\"image\":{\"@id\":\"https:\\\/\\\/trimedea.com\\\/cs\\\/#\\\/schema\\\/logo\\\/image\\\/\"}}]}<\/script>\n<!-- \/ Yoast SEO plugin. -->","yoast_head_json":{"title":"Oprava pleti: 4 koloidn\u00ed kovy pro zlep\u0161en\u00ed pleti","description":"Oprava poko\u017eky: koloidn\u00ed kovy k\u0159em\u00edk, m\u011b\u010f, st\u0159\u00edbro a zinek zejm\u00e9na pro poko\u017eku, proti z\u00e1n\u011bt\u016fm, hojen\u00ed ran a ekz\u00e9m\u016fm.","robots":{"index":"index","follow":"follow","max-snippet":"max-snippet:-1","max-image-preview":"max-image-preview:large","max-video-preview":"max-video-preview:-1"},"canonical":"https:\/\/trimedea.com\/cs\/produkt\/koloidy-pro-obnovu-pokozky\/","og_locale":"cs_CZ","og_type":"article","og_title":"Oprava pleti: 4 koloidn\u00ed kovy pro zlep\u0161en\u00ed pleti","og_description":"Oprava poko\u017eky: koloidn\u00ed kovy k\u0159em\u00edk, m\u011b\u010f, st\u0159\u00edbro a zinek zejm\u00e9na pro poko\u017eku, proti z\u00e1n\u011bt\u016fm, hojen\u00ed ran a ekz\u00e9m\u016fm.","og_url":"https:\/\/trimedea.com\/cs\/produkt\/koloidy-pro-obnovu-pokozky\/","og_site_name":"TRIMEDEA","article_modified_time":"2024-10-09T07:58:41+00:00","og_image":[{"width":1000,"height":1000,"url":"https:\/\/trimedea.com\/wp-content\/uploads\/2024\/05\/SKIN-REPAIR.png","type":"image\/png"}],"twitter_card":"summary_large_image","schema":{"@context":"https:\/\/schema.org","@graph":[{"@type":"WebPage","@id":"https:\/\/trimedea.com\/cs\/produkt\/koloidy-pro-obnovu-pokozky\/","url":"https:\/\/trimedea.com\/cs\/produkt\/koloidy-pro-obnovu-pokozky\/","name":"Oprava pleti: 4 koloidn\u00ed kovy pro zlep\u0161en\u00ed pleti","isPartOf":{"@id":"https:\/\/trimedea.com\/cs\/#website"},"primaryImageOfPage":{"@id":"https:\/\/trimedea.com\/cs\/produkt\/koloidy-pro-obnovu-pokozky\/#primaryimage"},"image":{"@id":"https:\/\/trimedea.com\/cs\/produkt\/koloidy-pro-obnovu-pokozky\/#primaryimage"},"thumbnailUrl":"https:\/\/trimedea.com\/wp-content\/uploads\/2024\/05\/SKIN-REPAIR.png","datePublished":"2024-04-23T08:51:23+00:00","dateModified":"2024-10-09T07:58:41+00:00","description":"Oprava poko\u017eky: koloidn\u00ed kovy k\u0159em\u00edk, m\u011b\u010f, st\u0159\u00edbro a zinek zejm\u00e9na pro poko\u017eku, proti z\u00e1n\u011bt\u016fm, hojen\u00ed ran a ekz\u00e9m\u016fm.","breadcrumb":{"@id":"https:\/\/trimedea.com\/cs\/produkt\/koloidy-pro-obnovu-pokozky\/#breadcrumb"},"inLanguage":"cs","potentialAction":[{"@type":"ReadAction","target":["https:\/\/trimedea.com\/cs\/produkt\/koloidy-pro-obnovu-pokozky\/"]}]},{"@type":"ImageObject","inLanguage":"cs","@id":"https:\/\/trimedea.com\/cs\/produkt\/koloidy-pro-obnovu-pokozky\/#primaryimage","url":"https:\/\/trimedea.com\/wp-content\/uploads\/2024\/05\/SKIN-REPAIR.png","contentUrl":"https:\/\/trimedea.com\/wp-content\/uploads\/2024\/05\/SKIN-REPAIR.png","width":1000,"height":1000},{"@type":"BreadcrumbList","@id":"https:\/\/trimedea.com\/cs\/produkt\/koloidy-pro-obnovu-pokozky\/#breadcrumb","itemListElement":[{"@type":"ListItem","position":1,"name":"Startseite","item":"https:\/\/trimedea.com\/cs\/"},{"@type":"ListItem","position":2,"name":"TRIMEDEA SHOP","item":"https:\/\/trimedea.com\/cs\/trimedea-shop\/"},{"@type":"ListItem","position":3,"name":"Koloidy pro obnovu poko\u017eky"}]},{"@type":"WebSite","@id":"https:\/\/trimedea.com\/cs\/#website","url":"https:\/\/trimedea.com\/cs\/","name":"TRIMEDEA","description":"F\u00fcr einen gesunden K\u00f6rper und Geist","publisher":{"@id":"https:\/\/trimedea.com\/cs\/#organization"},"potentialAction":[{"@type":"SearchAction","target":{"@type":"EntryPoint","urlTemplate":"https:\/\/trimedea.com\/cs\/?s={search_term_string}"},"query-input":{"@type":"PropertyValueSpecification","valueRequired":true,"valueName":"search_term_string"}}],"inLanguage":"cs"},{"@type":"Organization","@id":"https:\/\/trimedea.com\/cs\/#organization","name":"TRIMEDEA","url":"https:\/\/trimedea.com\/cs\/","logo":{"@type":"ImageObject","inLanguage":"cs","@id":"https:\/\/trimedea.com\/cs\/#\/schema\/logo\/image\/","url":"https:\/\/trimedea.com\/wp-content\/uploads\/2024\/04\/TRIMEDEA_LOGO.png","contentUrl":"https:\/\/trimedea.com\/wp-content\/uploads\/2024\/04\/TRIMEDEA_LOGO.png","width":540,"height":248,"caption":"TRIMEDEA"},"image":{"@id":"https:\/\/trimedea.com\/cs\/#\/schema\/logo\/image\/"}}]}},"_links":{"self":[{"href":"https:\/\/trimedea.com\/cs\/wp-json\/wp\/v2\/product\/55402","targetHints":{"allow":["GET"]}}],"collection":[{"href":"https:\/\/trimedea.com\/cs\/wp-json\/wp\/v2\/product"}],"about":[{"href":"https:\/\/trimedea.com\/cs\/wp-json\/wp\/v2\/types\/product"}],"version-history":[{"count":0,"href":"https:\/\/trimedea.com\/cs\/wp-json\/wp\/v2\/product\/55402\/revisions"}],"wp:featuredmedia":[{"embeddable":true,"href":"https:\/\/trimedea.com\/cs\/wp-json\/wp\/v2\/media\/55561"}],"wp:attachment":[{"href":"https:\/\/trimedea.com\/cs\/wp-json\/wp\/v2\/media?parent=55402"}],"wp:term":[{"taxonomy":"product_brand","embeddable":true,"href":"https:\/\/trimedea.com\/cs\/wp-json\/wp\/v2\/product_brand?post=55402"},{"taxonomy":"product_cat","embeddable":true,"href":"https:\/\/trimedea.com\/cs\/wp-json\/wp\/v2\/product_cat?post=55402"},{"taxonomy":"product_tag","embeddable":true,"href":"https:\/\/trimedea.com\/cs\/wp-json\/wp\/v2\/product_tag?post=55402"}],"curies":[{"name":"wp","href":"https:\/\/api.w.org\/{rel}","templated":true}]}}