{"id":55406,"date":"2024-05-02T11:49:54","date_gmt":"2024-05-02T11:49:54","guid":{"rendered":"https:\/\/test.trimedea.com\/produkt\/sango-pure-sea-coral\/"},"modified":"2024-10-10T07:05:33","modified_gmt":"2024-10-10T07:05:33","slug":"sango-pure-sea-coral","status":"publish","type":"product","link":"https:\/\/trimedea.com\/cs\/produkt\/sango-pure-sea-coral\/","title":{"rendered":"Sango Pur kor\u00e1ly ve fialov\u00e9 sklen\u011bn\u00e9 d\u00f3ze"},"content":{"rendered":"<p>[et_pb_section fb_built=&#8220;1&#8243; _builder_version=&#8220;4.16&#8243; custom_padding=&#8220;0px||3px||false|false&#8220; global_colors_info=&#8220;{}&#8220;][et_pb_row _builder_version=&#8220;4.16&#8243; background_size=&#8220;initial&#8220; background_position=&#8220;top_left&#8220; background_repeat=&#8220;repeat&#8220; width=&#8220;100%&#8220; custom_padding=&#8220;0px||0px||false|false&#8220; global_colors_info=&#8220;{}&#8220;][et_pb_column type=&#8220;4_4&#8243; _builder_version=&#8220;4.16&#8243; custom_padding=&#8220;|||&#8220; global_colors_info=&#8220;{}&#8220; custom_padding__hover=&#8220;|||&#8220;][et_pb_wc_breadcrumb breadcrumb_home_text=&#8220;TRIMEDEA SHOP&#8220; breadcrumb_home_url=&#8220;https:\/\/trimedea.com\/trimedea-shop&#8220; breadcrumb_separator=&#8220;|&#8220; admin_label=&#8220;WOO BREADCRUMBS DE&#8220; _builder_version=&#8220;4.25.0&#8243; custom_padding=&#8220;0px||30px||false|false&#8220; saved_tabs=&#8220;all&#8220; global_colors_info=&#8220;{}&#8220;][\/et_pb_wc_breadcrumb][et_pb_wc_cart_notice _builder_version=&#8220;4.16&#8243; custom_button=&#8220;on&#8220; button_border_width=&#8220;1px&#8220; button_border_color=&#8220;#FFFFFF&#8220; global_colors_info=&#8220;{}&#8220;][\/et_pb_wc_cart_notice][\/et_pb_column][\/et_pb_row][et_pb_row column_structure=&#8220;1_2,1_2&#8243; _builder_version=&#8220;4.25.0&#8243; background_size=&#8220;initial&#8220; background_position=&#8220;top_left&#8220; background_repeat=&#8220;repeat&#8220; width=&#8220;100%&#8220; custom_margin=&#8220;0px||||false|false&#8220; custom_padding=&#8220;||||false|false&#8220; global_colors_info=&#8220;{}&#8220;][et_pb_column type=&#8220;1_2&#8243; _builder_version=&#8220;4.25.0&#8243; custom_padding=&#8220;|||&#8220; custom_padding_tablet=&#8220;|||&#8220; custom_padding_phone=&#8220;|0px||0px|false|false&#8220; custom_padding_last_edited=&#8220;on|phone&#8220; global_colors_info=&#8220;{}&#8220; custom_padding__hover=&#8220;|||&#8220;][et_pb_wc_images _builder_version=&#8220;4.25.0&#8243; custom_margin_tablet=&#8220;&#8220; custom_margin_phone=&#8220;||||false|false&#8220; custom_margin_last_edited=&#8220;on|phone&#8220; custom_padding_tablet=&#8220;&#8220; custom_padding_phone=&#8220;30px||||false|false&#8220; custom_padding_last_edited=&#8220;on|phone&#8220; global_colors_info=&#8220;{}&#8220;][\/et_pb_wc_images][\/et_pb_column][et_pb_column type=&#8220;1_2&#8243; _builder_version=&#8220;4.16&#8243; custom_padding=&#8220;|||&#8220; global_colors_info=&#8220;{}&#8220; custom_padding__hover=&#8220;|||&#8220;][et_pb_wc_title _builder_version=&#8220;4.16&#8243; global_colors_info=&#8220;{}&#8220;][\/et_pb_wc_title][et_pb_wc_description _builder_version=&#8220;4.16&#8243; global_colors_info=&#8220;{}&#8220;][\/et_pb_wc_description][et_pb_wc_price _builder_version=&#8220;4.24.3&#8243; body_font=&#8220;|600|||||||&#8220; global_colors_info=&#8220;{}&#8220;][\/et_pb_wc_price][et_pb_wc_add_to_cart _builder_version=&#8220;4.16&#8243; global_colors_info=&#8220;{}&#8220;][\/et_pb_wc_add_to_cart][et_pb_wc_meta _builder_version=&#8220;4.16&#8243; global_colors_info=&#8220;{}&#8220;][\/et_pb_wc_meta][\/et_pb_column][\/et_pb_row][et_pb_row column_structure=&#8220;1_2,1_2&#8243; _builder_version=&#8220;4.25.0&#8243; _module_preset=&#8220;default&#8220; width=&#8220;100%&#8220; global_colors_info=&#8220;{}&#8220; custom_css_main_element_phone=&#8220;display: flex;||flex-wrap: wrap;&#8220; custom_css_main_element_last_edited=&#8220;on|phone&#8220;][et_pb_column type=&#8220;1_2&#8243; _builder_version=&#8220;4.25.0&#8243; _module_preset=&#8220;default&#8220; global_colors_info=&#8220;{}&#8220; custom_css_main_element_last_edited=&#8220;on|phone&#8220; custom_css_main_element_phone=&#8220;order:2;&#8220;][et_pb_text admin_label=&#8220;ANWENDUNG&#8220; _builder_version=&#8220;4.26.0&#8243; _module_preset=&#8220;default&#8220; ul_font_size=&#8220;16px&#8220; ul_line_height=&#8220;1.7em&#8220; header_3_line_height=&#8220;1.5em&#8220; background_color=&#8220;#ebebeb&#8220; width_tablet=&#8220;&#8220; width_phone=&#8220;100%&#8220; width_last_edited=&#8220;on|phone&#8220; max_width=&#8220;100%&#8220; custom_margin_tablet=&#8220;&#8220; custom_margin_phone=&#8220;30px||||false|false&#8220; custom_margin_last_edited=&#8220;on|phone&#8220; custom_padding=&#8220;30px|30px|30px|30px|true|true&#8220; custom_padding_tablet=&#8220;30px|30px|30px|30px|true|true&#8220; custom_padding_phone=&#8220;0px|0px|0px|0px|true|true&#8220; custom_padding_last_edited=&#8220;on|phone&#8220; background_color_phone=&#8220;RGBA(255,255,255,0)&#8220; background_last_edited=&#8220;on|phone&#8220; background_enable_color_phone=&#8220;on&#8220; global_colors_info=&#8220;{}&#8220;]<\/p>\n<p><strong>V\u00fdhody produktu Sango Pur<\/strong><\/p>\n<ul>\n<li>  Obsahuje v\u00edce ne\u017e 70 z 81 stabiln\u00edch prvk\u016f na\u0161\u00ed Zem\u011b.<\/li>\n<li>P\u0159irozen\u011b optim\u00e1ln\u00ed sm\u011b\u0161ovac\u00ed pom\u011br prvk\u016f<\/li>\n<li>Udr\u017eiteln\u00e1 t\u011b\u017eba tis\u00edcilet\u00fdch kor\u00e1l\u016f sango z Okinawy (\u017e\u00e1dn\u00e1 nadm\u011brn\u00e1 exploatace!)<\/li>\n<li>100 % p\u0159\u00edrodn\u00ed, bez jak\u00fdchkoli p\u0159\u00edsad, bez radioaktivn\u00edch prvk\u016f<\/li>\n<li>Optim\u00e1ln\u00ed biologick\u00e1 dostupnost d\u00edky velmi jemn\u00e9 velikosti \u010d\u00e1stic<\/li>\n<li>500 % men\u0161\u00ed \u010d\u00e1stice ne\u017e jin\u00e9 p\u0159\u00edpravky ze sango kor\u00e1l\u016f<\/li>\n<li>Nejlep\u0161\u00ed mo\u017en\u00e1 ochrana ve fialov\u00e9m skle<\/li>\n<li>Dodate\u010dn\u00e1 aktivace a nap\u00e1jen\u00ed pomoc\u00ed technologie UMH a SET<\/li>\n<\/ul>\n<p>[\/et_pb_text][\/et_pb_column][et_pb_column type=&#8220;1_2&#8243; _builder_version=&#8220;4.25.0&#8243; _module_preset=&#8220;default&#8220; global_colors_info=&#8220;{}&#8220; custom_css_main_element_last_edited=&#8220;on|phone&#8220; custom_css_main_element_phone=&#8220;order:1;&#8220;][et_pb_text admin_label=&#8220;PRODUKTDETAILS&#8220; _builder_version=&#8220;4.26.0&#8243; _module_preset=&#8220;default&#8220; global_colors_info=&#8220;{}&#8220;]<\/p>\n<p>Mnohem v\u00edce ne\u017e jen v\u00e1pn\u00edk a ho\u0159\u010d\u00edk: mo\u0159sk\u00fd kor\u00e1l sango z Okinawy obsahuje <strong>v\u00edce ne\u017e 70 stopov\u00fdch prvk\u016f<\/strong> &#8211; v t\u00e9m\u011b\u0159 dokonal\u00e9m, pro \u010dlov\u011bka biologicky dostupn\u00e9m pom\u011bru. Denn\u00edm p\u0159\u00edjmem dos\u00e1hnete optim\u00e1ln\u00edho z\u00e1kladn\u00edho p\u0159\u00edsunu <strong>v\u0161ech pot\u0159ebn\u00fdch miner\u00e1l\u016f, stopov\u00fdch prvk\u016f a ultrastopov\u00fdch prvk\u016f<\/strong>. Obsahuje 70 g s\u00e1\u010dek bez obsahu, pro samopln\u011bn\u00ed na cest\u00e1ch<\/p>\n<p>Technicky velmi slo\u017eit\u00fdm procesem redukce a energetizace vyr\u00e1b\u00edme <strong>Sango Pur<\/strong> v nejmen\u0161\u00ed dostupn\u00e9 velikosti \u010d\u00e1stic &#8211; o 500 % men\u0161\u00ed ne\u017e v\u011bt\u0161ina kor\u00e1lov\u00fdch p\u0159\u00edpravk\u016f na trhu. <strong>Velikost \u010d\u00e1stic 8 mikrometr\u016f (nam\u00edsto 40 a\u017e 50 mikrometr\u016f) je na trhu jedine\u010dn\u00e1<\/strong> a je p\u0159edpokladem pro optim\u00e1ln\u00ed biologickou dostupnost, absorp\u010dn\u00ed kapacitu a vyu\u017eit\u00ed v na\u0161ich bu\u0148k\u00e1ch.<\/p>\n<p>V\u00edce informac\u00ed o <a href=\"https:\/\/gesundheit-und-sport.com\/sango-meereskoralle-fuer-gesundheit-und-langes-leben\/\" target=\"_blank\" rel=\"noopener\">pou\u017e\u00edv\u00e1n\u00ed a d\u00e1vkov\u00e1n\u00ed p\u0159\u00edpravku Sango Pur<\/a> najdete na na\u0161em informa\u010dn\u00edm port\u00e1lu FGS.<\/p>\n<p>[\/et_pb_text][\/et_pb_column][\/et_pb_row][et_pb_row custom_padding_last_edited=&#8220;on|phone&#8220; _builder_version=&#8220;4.25.0&#8243; background_size=&#8220;initial&#8220; background_position=&#8220;top_left&#8220; background_repeat=&#8220;repeat&#8220; width=&#8220;100%&#8220; custom_margin_tablet=&#8220;&#8220; custom_margin_phone=&#8220;||||false|false&#8220; custom_margin_last_edited=&#8220;on|phone&#8220; custom_padding_tablet=&#8220;&#8220; custom_padding_phone=&#8220;0px||||false|false&#8220; global_colors_info=&#8220;{}&#8220;][et_pb_column type=&#8220;4_4&#8243; _builder_version=&#8220;4.16&#8243; custom_padding=&#8220;|||&#8220; global_colors_info=&#8220;{}&#8220; custom_padding__hover=&#8220;|||&#8220;][et_pb_wc_upsells _builder_version=&#8220;4.16&#8243; global_colors_info=&#8220;{}&#8220;][\/et_pb_wc_upsells][et_pb_wc_related_products posts_number=&#8220;4&#8243; columns_number=&#8220;4&#8243; include_categories=&#8220;88,49,85,73&#8243; _builder_version=&#8220;4.25.1&#8243; global_colors_info=&#8220;{}&#8220;][\/et_pb_wc_related_products][\/et_pb_column][\/et_pb_row][\/et_pb_section]<\/p>\n","protected":false},"excerpt":{"rendered":"<p><strong>mo\u0159sk\u00fd kor\u00e1l Sango z Okinawy<\/strong> o velikosti \u010d\u00e1stic 8 \u03bcm a aktivovan\u00fd UMH v lahvi\u010dce z fialov\u00e9ho skla pro co nejlep\u0161\u00ed biologickou dostupnost.<\/p>\n","protected":false},"featured_media":55414,"template":"","meta":{"_et_pb_use_builder":"on","_et_pb_old_content":"","_et_gb_content_width":"","footnotes":""},"product_brand":[],"product_cat":[172],"product_tag":[229,253,243],"class_list":{"0":"post-55406","1":"product","2":"type-product","3":"status-publish","4":"has-post-thumbnail","6":"product_cat-sango-pur-cs","7":"product_tag-detoxikace-a-metabolismus","8":"product_tag-kosti-a-klouby","9":"product_tag-proti-starnuti","11":"first","12":"instock","13":"taxable","14":"shipping-taxable","15":"purchasable","16":"product-type-variable"},"yoast_head":"<!-- This site is optimized with the Yoast SEO plugin v27.4 - https:\/\/yoast.com\/product\/yoast-seo-wordpress\/ -->\n<title>Sango Pur kor\u00e1ly ve fialov\u00e9 sklen\u011bn\u00e9 d\u00f3ze - TRIMEDEA<\/title>\n<meta name=\"description\" content=\"mo\u0159sk\u00fd kor\u00e1l Sango, p\u016fvodem z Okinawy, v unik\u00e1tn\u00ed velikosti \u010d\u00e1stic 8 \u03bcm a aktivovan\u00fd UMH pro co nejlep\u0161\u00ed biologickou dostupnost\" \/>\n<meta name=\"robots\" content=\"index, follow, max-snippet:-1, max-image-preview:large, max-video-preview:-1\" \/>\n<link rel=\"canonical\" href=\"https:\/\/trimedea.com\/cs\/produkt\/sango-pure-sea-coral\/\" \/>\n<meta property=\"og:locale\" content=\"cs_CZ\" \/>\n<meta property=\"og:type\" content=\"article\" \/>\n<meta property=\"og:title\" content=\"Sango Pur kor\u00e1ly ve fialov\u00e9 sklen\u011bn\u00e9 d\u00f3ze - TRIMEDEA\" \/>\n<meta property=\"og:description\" content=\"mo\u0159sk\u00fd kor\u00e1l Sango, p\u016fvodem z Okinawy, v unik\u00e1tn\u00ed velikosti \u010d\u00e1stic 8 \u03bcm a aktivovan\u00fd UMH pro co nejlep\u0161\u00ed biologickou dostupnost\" \/>\n<meta property=\"og:url\" content=\"https:\/\/trimedea.com\/cs\/produkt\/sango-pure-sea-coral\/\" \/>\n<meta property=\"og:site_name\" content=\"TRIMEDEA\" \/>\n<meta property=\"article:modified_time\" content=\"2024-10-10T07:05:33+00:00\" \/>\n<meta property=\"og:image\" content=\"https:\/\/trimedea.com\/wp-content\/uploads\/2024\/05\/SANGO_ALLE.jpg\" \/>\n\t<meta property=\"og:image:width\" content=\"1000\" \/>\n\t<meta property=\"og:image:height\" content=\"1000\" \/>\n\t<meta property=\"og:image:type\" content=\"image\/jpeg\" \/>\n<meta name=\"twitter:card\" content=\"summary_large_image\" \/>\n<script type=\"application\/ld+json\" class=\"yoast-schema-graph\">{\"@context\":\"https:\\\/\\\/schema.org\",\"@graph\":[{\"@type\":\"WebPage\",\"@id\":\"https:\\\/\\\/trimedea.com\\\/cs\\\/produkt\\\/sango-pure-sea-coral\\\/\",\"url\":\"https:\\\/\\\/trimedea.com\\\/cs\\\/produkt\\\/sango-pure-sea-coral\\\/\",\"name\":\"Sango Pur kor\u00e1ly ve fialov\u00e9 sklen\u011bn\u00e9 d\u00f3ze - TRIMEDEA\",\"isPartOf\":{\"@id\":\"https:\\\/\\\/trimedea.com\\\/cs\\\/#website\"},\"primaryImageOfPage\":{\"@id\":\"https:\\\/\\\/trimedea.com\\\/cs\\\/produkt\\\/sango-pure-sea-coral\\\/#primaryimage\"},\"image\":{\"@id\":\"https:\\\/\\\/trimedea.com\\\/cs\\\/produkt\\\/sango-pure-sea-coral\\\/#primaryimage\"},\"thumbnailUrl\":\"https:\\\/\\\/trimedea.com\\\/wp-content\\\/uploads\\\/2024\\\/05\\\/SANGO_ALLE.jpg\",\"datePublished\":\"2024-05-02T11:49:54+00:00\",\"dateModified\":\"2024-10-10T07:05:33+00:00\",\"description\":\"mo\u0159sk\u00fd kor\u00e1l Sango, p\u016fvodem z Okinawy, v unik\u00e1tn\u00ed velikosti \u010d\u00e1stic 8 \u03bcm a aktivovan\u00fd UMH pro co nejlep\u0161\u00ed biologickou dostupnost\",\"breadcrumb\":{\"@id\":\"https:\\\/\\\/trimedea.com\\\/cs\\\/produkt\\\/sango-pure-sea-coral\\\/#breadcrumb\"},\"inLanguage\":\"cs\",\"potentialAction\":[{\"@type\":\"ReadAction\",\"target\":[\"https:\\\/\\\/trimedea.com\\\/cs\\\/produkt\\\/sango-pure-sea-coral\\\/\"]}]},{\"@type\":\"ImageObject\",\"inLanguage\":\"cs\",\"@id\":\"https:\\\/\\\/trimedea.com\\\/cs\\\/produkt\\\/sango-pure-sea-coral\\\/#primaryimage\",\"url\":\"https:\\\/\\\/trimedea.com\\\/wp-content\\\/uploads\\\/2024\\\/05\\\/SANGO_ALLE.jpg\",\"contentUrl\":\"https:\\\/\\\/trimedea.com\\\/wp-content\\\/uploads\\\/2024\\\/05\\\/SANGO_ALLE.jpg\",\"width\":1000,\"height\":1000},{\"@type\":\"BreadcrumbList\",\"@id\":\"https:\\\/\\\/trimedea.com\\\/cs\\\/produkt\\\/sango-pure-sea-coral\\\/#breadcrumb\",\"itemListElement\":[{\"@type\":\"ListItem\",\"position\":1,\"name\":\"Startseite\",\"item\":\"https:\\\/\\\/trimedea.com\\\/cs\\\/\"},{\"@type\":\"ListItem\",\"position\":2,\"name\":\"TRIMEDEA SHOP\",\"item\":\"https:\\\/\\\/trimedea.com\\\/cs\\\/trimedea-shop\\\/\"},{\"@type\":\"ListItem\",\"position\":3,\"name\":\"Sango Pur kor\u00e1ly ve fialov\u00e9 sklen\u011bn\u00e9 d\u00f3ze\"}]},{\"@type\":\"WebSite\",\"@id\":\"https:\\\/\\\/trimedea.com\\\/cs\\\/#website\",\"url\":\"https:\\\/\\\/trimedea.com\\\/cs\\\/\",\"name\":\"TRIMEDEA\",\"description\":\"F\u00fcr einen gesunden K\u00f6rper und Geist\",\"publisher\":{\"@id\":\"https:\\\/\\\/trimedea.com\\\/cs\\\/#organization\"},\"potentialAction\":[{\"@type\":\"SearchAction\",\"target\":{\"@type\":\"EntryPoint\",\"urlTemplate\":\"https:\\\/\\\/trimedea.com\\\/cs\\\/?s={search_term_string}\"},\"query-input\":{\"@type\":\"PropertyValueSpecification\",\"valueRequired\":true,\"valueName\":\"search_term_string\"}}],\"inLanguage\":\"cs\"},{\"@type\":\"Organization\",\"@id\":\"https:\\\/\\\/trimedea.com\\\/cs\\\/#organization\",\"name\":\"TRIMEDEA\",\"url\":\"https:\\\/\\\/trimedea.com\\\/cs\\\/\",\"logo\":{\"@type\":\"ImageObject\",\"inLanguage\":\"cs\",\"@id\":\"https:\\\/\\\/trimedea.com\\\/cs\\\/#\\\/schema\\\/logo\\\/image\\\/\",\"url\":\"https:\\\/\\\/trimedea.com\\\/wp-content\\\/uploads\\\/2024\\\/04\\\/TRIMEDEA_LOGO.png\",\"contentUrl\":\"https:\\\/\\\/trimedea.com\\\/wp-content\\\/uploads\\\/2024\\\/04\\\/TRIMEDEA_LOGO.png\",\"width\":540,\"height\":248,\"caption\":\"TRIMEDEA\"},\"image\":{\"@id\":\"https:\\\/\\\/trimedea.com\\\/cs\\\/#\\\/schema\\\/logo\\\/image\\\/\"}}]}<\/script>\n<!-- \/ Yoast SEO plugin. -->","yoast_head_json":{"title":"Sango Pur kor\u00e1ly ve fialov\u00e9 sklen\u011bn\u00e9 d\u00f3ze - TRIMEDEA","description":"mo\u0159sk\u00fd kor\u00e1l Sango, p\u016fvodem z Okinawy, v unik\u00e1tn\u00ed velikosti \u010d\u00e1stic 8 \u03bcm a aktivovan\u00fd UMH pro co nejlep\u0161\u00ed biologickou dostupnost","robots":{"index":"index","follow":"follow","max-snippet":"max-snippet:-1","max-image-preview":"max-image-preview:large","max-video-preview":"max-video-preview:-1"},"canonical":"https:\/\/trimedea.com\/cs\/produkt\/sango-pure-sea-coral\/","og_locale":"cs_CZ","og_type":"article","og_title":"Sango Pur kor\u00e1ly ve fialov\u00e9 sklen\u011bn\u00e9 d\u00f3ze - TRIMEDEA","og_description":"mo\u0159sk\u00fd kor\u00e1l Sango, p\u016fvodem z Okinawy, v unik\u00e1tn\u00ed velikosti \u010d\u00e1stic 8 \u03bcm a aktivovan\u00fd UMH pro co nejlep\u0161\u00ed biologickou dostupnost","og_url":"https:\/\/trimedea.com\/cs\/produkt\/sango-pure-sea-coral\/","og_site_name":"TRIMEDEA","article_modified_time":"2024-10-10T07:05:33+00:00","og_image":[{"width":1000,"height":1000,"url":"https:\/\/trimedea.com\/wp-content\/uploads\/2024\/05\/SANGO_ALLE.jpg","type":"image\/jpeg"}],"twitter_card":"summary_large_image","schema":{"@context":"https:\/\/schema.org","@graph":[{"@type":"WebPage","@id":"https:\/\/trimedea.com\/cs\/produkt\/sango-pure-sea-coral\/","url":"https:\/\/trimedea.com\/cs\/produkt\/sango-pure-sea-coral\/","name":"Sango Pur kor\u00e1ly ve fialov\u00e9 sklen\u011bn\u00e9 d\u00f3ze - TRIMEDEA","isPartOf":{"@id":"https:\/\/trimedea.com\/cs\/#website"},"primaryImageOfPage":{"@id":"https:\/\/trimedea.com\/cs\/produkt\/sango-pure-sea-coral\/#primaryimage"},"image":{"@id":"https:\/\/trimedea.com\/cs\/produkt\/sango-pure-sea-coral\/#primaryimage"},"thumbnailUrl":"https:\/\/trimedea.com\/wp-content\/uploads\/2024\/05\/SANGO_ALLE.jpg","datePublished":"2024-05-02T11:49:54+00:00","dateModified":"2024-10-10T07:05:33+00:00","description":"mo\u0159sk\u00fd kor\u00e1l Sango, p\u016fvodem z Okinawy, v unik\u00e1tn\u00ed velikosti \u010d\u00e1stic 8 \u03bcm a aktivovan\u00fd UMH pro co nejlep\u0161\u00ed biologickou dostupnost","breadcrumb":{"@id":"https:\/\/trimedea.com\/cs\/produkt\/sango-pure-sea-coral\/#breadcrumb"},"inLanguage":"cs","potentialAction":[{"@type":"ReadAction","target":["https:\/\/trimedea.com\/cs\/produkt\/sango-pure-sea-coral\/"]}]},{"@type":"ImageObject","inLanguage":"cs","@id":"https:\/\/trimedea.com\/cs\/produkt\/sango-pure-sea-coral\/#primaryimage","url":"https:\/\/trimedea.com\/wp-content\/uploads\/2024\/05\/SANGO_ALLE.jpg","contentUrl":"https:\/\/trimedea.com\/wp-content\/uploads\/2024\/05\/SANGO_ALLE.jpg","width":1000,"height":1000},{"@type":"BreadcrumbList","@id":"https:\/\/trimedea.com\/cs\/produkt\/sango-pure-sea-coral\/#breadcrumb","itemListElement":[{"@type":"ListItem","position":1,"name":"Startseite","item":"https:\/\/trimedea.com\/cs\/"},{"@type":"ListItem","position":2,"name":"TRIMEDEA SHOP","item":"https:\/\/trimedea.com\/cs\/trimedea-shop\/"},{"@type":"ListItem","position":3,"name":"Sango Pur kor\u00e1ly ve fialov\u00e9 sklen\u011bn\u00e9 d\u00f3ze"}]},{"@type":"WebSite","@id":"https:\/\/trimedea.com\/cs\/#website","url":"https:\/\/trimedea.com\/cs\/","name":"TRIMEDEA","description":"F\u00fcr einen gesunden K\u00f6rper und Geist","publisher":{"@id":"https:\/\/trimedea.com\/cs\/#organization"},"potentialAction":[{"@type":"SearchAction","target":{"@type":"EntryPoint","urlTemplate":"https:\/\/trimedea.com\/cs\/?s={search_term_string}"},"query-input":{"@type":"PropertyValueSpecification","valueRequired":true,"valueName":"search_term_string"}}],"inLanguage":"cs"},{"@type":"Organization","@id":"https:\/\/trimedea.com\/cs\/#organization","name":"TRIMEDEA","url":"https:\/\/trimedea.com\/cs\/","logo":{"@type":"ImageObject","inLanguage":"cs","@id":"https:\/\/trimedea.com\/cs\/#\/schema\/logo\/image\/","url":"https:\/\/trimedea.com\/wp-content\/uploads\/2024\/04\/TRIMEDEA_LOGO.png","contentUrl":"https:\/\/trimedea.com\/wp-content\/uploads\/2024\/04\/TRIMEDEA_LOGO.png","width":540,"height":248,"caption":"TRIMEDEA"},"image":{"@id":"https:\/\/trimedea.com\/cs\/#\/schema\/logo\/image\/"}}]}},"_links":{"self":[{"href":"https:\/\/trimedea.com\/cs\/wp-json\/wp\/v2\/product\/55406","targetHints":{"allow":["GET"]}}],"collection":[{"href":"https:\/\/trimedea.com\/cs\/wp-json\/wp\/v2\/product"}],"about":[{"href":"https:\/\/trimedea.com\/cs\/wp-json\/wp\/v2\/types\/product"}],"version-history":[{"count":0,"href":"https:\/\/trimedea.com\/cs\/wp-json\/wp\/v2\/product\/55406\/revisions"}],"wp:featuredmedia":[{"embeddable":true,"href":"https:\/\/trimedea.com\/cs\/wp-json\/wp\/v2\/media\/55414"}],"wp:attachment":[{"href":"https:\/\/trimedea.com\/cs\/wp-json\/wp\/v2\/media?parent=55406"}],"wp:term":[{"taxonomy":"product_brand","embeddable":true,"href":"https:\/\/trimedea.com\/cs\/wp-json\/wp\/v2\/product_brand?post=55406"},{"taxonomy":"product_cat","embeddable":true,"href":"https:\/\/trimedea.com\/cs\/wp-json\/wp\/v2\/product_cat?post=55406"},{"taxonomy":"product_tag","embeddable":true,"href":"https:\/\/trimedea.com\/cs\/wp-json\/wp\/v2\/product_tag?post=55406"}],"curies":[{"name":"wp","href":"https:\/\/api.w.org\/{rel}","templated":true}]}}