{"id":55448,"date":"2024-05-02T10:06:11","date_gmt":"2024-05-02T09:06:11","guid":{"rendered":"https:\/\/test.trimedea.com\/produkt\/rms-l-prava-kyselina-mlecna\/"},"modified":"2024-07-09T17:23:30","modified_gmt":"2024-07-09T17:23:30","slug":"rms-l-prava-kyselina-mlecna","status":"publish","type":"product","link":"https:\/\/trimedea.com\/cs\/produkt\/rms-l-prava-kyselina-mlecna\/","title":{"rendered":"RMS L+ Prav\u00e1 kyselina ml\u00e9\u010dn\u00e1"},"content":{"rendered":"<p>[et_pb_section fb_built=&#8220;1&#8243; _builder_version=&#8220;4.16&#8243; custom_padding=&#8220;0px||3px||false|false&#8220; global_colors_info=&#8220;{}&#8220;][et_pb_row _builder_version=&#8220;4.16&#8243; background_size=&#8220;initial&#8220; background_position=&#8220;top_left&#8220; background_repeat=&#8220;repeat&#8220; width=&#8220;100%&#8220; custom_padding=&#8220;0px||0px||false|false&#8220; global_colors_info=&#8220;{}&#8220;][et_pb_column type=&#8220;4_4&#8243; _builder_version=&#8220;4.16&#8243; custom_padding=&#8220;|||&#8220; global_colors_info=&#8220;{}&#8220; custom_padding__hover=&#8220;|||&#8220;][et_pb_wc_breadcrumb breadcrumb_home_text=&#8220;TRIMEDEA SHOP&#8220; breadcrumb_home_url=&#8220;https:\/\/trimedea.com\/trimedea-shop&#8220; breadcrumb_separator=&#8220;|&#8220; admin_label=&#8220;WOO BREADCRUMBS DE&#8220; _builder_version=&#8220;4.25.0&#8243; custom_padding=&#8220;0px||30px||false|false&#8220; global_module=&#8220;466&#8243; saved_tabs=&#8220;all&#8220; global_colors_info=&#8220;{}&#8220;][\/et_pb_wc_breadcrumb][et_pb_wc_cart_notice _builder_version=&#8220;4.16&#8243; custom_button=&#8220;on&#8220; button_border_width=&#8220;1px&#8220; button_border_color=&#8220;#FFFFFF&#8220; global_colors_info=&#8220;{}&#8220;][\/et_pb_wc_cart_notice][\/et_pb_column][\/et_pb_row][et_pb_row column_structure=&#8220;1_2,1_2&#8243; _builder_version=&#8220;4.25.0&#8243; background_size=&#8220;initial&#8220; background_position=&#8220;top_left&#8220; background_repeat=&#8220;repeat&#8220; width=&#8220;100%&#8220; custom_margin=&#8220;0px||||false|false&#8220; custom_padding=&#8220;||||false|false&#8220; global_colors_info=&#8220;{}&#8220;][et_pb_column type=&#8220;1_2&#8243; _builder_version=&#8220;4.25.0&#8243; custom_padding=&#8220;|||&#8220; custom_padding_tablet=&#8220;|||&#8220; custom_padding_phone=&#8220;|0px||0px|false|false&#8220; custom_padding_last_edited=&#8220;on|phone&#8220; global_colors_info=&#8220;{}&#8220; custom_padding__hover=&#8220;|||&#8220;][et_pb_wc_images _builder_version=&#8220;4.25.0&#8243; custom_margin_tablet=&#8220;&#8220; custom_margin_phone=&#8220;||||false|false&#8220; custom_margin_last_edited=&#8220;on|phone&#8220; custom_padding_tablet=&#8220;&#8220; custom_padding_phone=&#8220;30px||||false|false&#8220; custom_padding_last_edited=&#8220;on|phone&#8220; global_colors_info=&#8220;{}&#8220;][\/et_pb_wc_images][\/et_pb_column][et_pb_column type=&#8220;1_2&#8243; _builder_version=&#8220;4.16&#8243; custom_padding=&#8220;|||&#8220; global_colors_info=&#8220;{}&#8220; custom_padding__hover=&#8220;|||&#8220;][et_pb_wc_title _builder_version=&#8220;4.16&#8243; global_colors_info=&#8220;{}&#8220;][\/et_pb_wc_title][et_pb_wc_description _builder_version=&#8220;4.16&#8243; global_colors_info=&#8220;{}&#8220;][\/et_pb_wc_description][et_pb_wc_price _builder_version=&#8220;4.24.3&#8243; body_font=&#8220;|600|||||||&#8220; global_colors_info=&#8220;{}&#8220;][\/et_pb_wc_price][et_pb_wc_add_to_cart _builder_version=&#8220;4.16&#8243; global_colors_info=&#8220;{}&#8220;][\/et_pb_wc_add_to_cart][et_pb_wc_meta _builder_version=&#8220;4.16&#8243; global_colors_info=&#8220;{}&#8220;][\/et_pb_wc_meta][\/et_pb_column][\/et_pb_row][et_pb_row column_structure=&#8220;1_2,1_2&#8243; _builder_version=&#8220;4.25.0&#8243; _module_preset=&#8220;default&#8220; width=&#8220;100%&#8220; global_colors_info=&#8220;{}&#8220; custom_css_main_element_phone=&#8220;display: flex;||flex-wrap: wrap;&#8220; custom_css_main_element_last_edited=&#8220;on|phone&#8220;][et_pb_column type=&#8220;1_2&#8243; _builder_version=&#8220;4.25.0&#8243; _module_preset=&#8220;default&#8220; global_colors_info=&#8220;{}&#8220; custom_css_main_element_last_edited=&#8220;on|phone&#8220; custom_css_main_element_phone=&#8220;order:2;&#8220;][et_pb_text admin_label=&#8220;ANWENDUNG&#8220; _builder_version=&#8220;4.25.0&#8243; _module_preset=&#8220;default&#8220; ul_font_size=&#8220;16px&#8220; ul_line_height=&#8220;1.7em&#8220; header_3_line_height=&#8220;1.5em&#8220; background_color=&#8220;#ebebeb&#8220; width_tablet=&#8220;&#8220; width_phone=&#8220;100%&#8220; width_last_edited=&#8220;on|phone&#8220; max_width=&#8220;100%&#8220; custom_margin_tablet=&#8220;&#8220; custom_margin_phone=&#8220;30px||||false|false&#8220; custom_margin_last_edited=&#8220;on|phone&#8220; custom_padding=&#8220;30px|30px|30px|30px|true|true&#8220; custom_padding_tablet=&#8220;30px|30px|30px|30px|true|true&#8220; custom_padding_phone=&#8220;0px|0px|0px|0px|true|true&#8220; custom_padding_last_edited=&#8220;on|phone&#8220; background_color_phone=&#8220;RGBA(255,255,255,0)&#8220; background_last_edited=&#8220;on|phone&#8220; background_enable_color_phone=&#8220;on&#8220; global_colors_info=&#8220;{}&#8220;]<\/p>\n<p><strong>Na jak\u00e9 pot\u00ed\u017ee a p\u0159\u00edznaky RMS L+ pom\u00e1h\u00e1?<\/strong><\/p>\n<ul>\n<li>  Metabolick\u00e9 poruchy<\/li>\n<li>S vysokou spot\u0159ebou masa a uzenin<\/li>\n<li>Alergie a stres Kontrola symbi\u00f3zy po antibiotick\u00e9 terapii<\/li>\n<li>Po\u010d\u00e1te\u010dn\u00ed p\u0159\u00edznaky &#8222;nachlazen\u00ed&#8220; \/ &#8222;infekce&#8220;<\/li>\n<li>Pro chronickou bolest<\/li>\n<li>A mnoho dal\u0161\u00edch st\u00ed\u017enost\u00ed&#8230;<\/li>\n<\/ul>\n<p>[\/et_pb_text][\/et_pb_column][et_pb_column type=&#8220;1_2&#8243; _builder_version=&#8220;4.25.0&#8243; _module_preset=&#8220;default&#8220; global_colors_info=&#8220;{}&#8220; custom_css_main_element_last_edited=&#8220;on|phone&#8220; custom_css_main_element_phone=&#8220;order:1;&#8220;][et_pb_text admin_label=&#8220;PRODUKTDETAILS&#8220; _builder_version=&#8220;4.25.2&#8243; _module_preset=&#8220;default&#8220; global_colors_info=&#8220;{}&#8220;]<\/p>\n<p><strong><br \/>Co je to kyselina ml\u00e9\u010dn\u00e1 a jak<\/strong>funguje? Tajemstv\u00ed <strong> <strong>RMS L+<\/strong> spo\u010d\u00edv\u00e1 ve vyrovn\u00e1v\u00e1n\u00ed hodnoty pH v krvi a rozmanit\u00fdch \u00fa\u010dinc\u00edch na na\u0161i st\u0159evn\u00ed fl\u00f3ru.<\/strong> Pravideln\u00fdm u\u017e\u00edv\u00e1n\u00edm vysok\u00fdch d\u00e1vek kyseliny L(+) ml\u00e9\u010dn\u00e9 (nejm\u00e9n\u011b 21 %) lze &#8222;p\u0159epnout&#8220; fermenta\u010dn\u00ed metabolismus v bu\u0148k\u00e1ch zp\u011bt na metabolismus z\u00e1visl\u00fd na kysl\u00edku. Ve st\u0159evech to vede ke zv\u00fd\u0161en\u00ed v\u00fdkonnosti na\u0161ich p\u0159\u00e1tel a pomocn\u00edk\u016f &#8211; mikroorganism\u016f (mikrobiomu). S porozum\u011bn\u00edm p\u0159\u00edrod\u011b a biologii lze v souladu s p\u0159\u00edrodou zm\u00edrnit mnoho pot\u00ed\u017e\u00ed.<\/p>\n<p>Dal\u0161\u00ed <a href=\"https:\/\/gesundheit-und-sport.com\/themenuebersicht\/\" target=\"_blank\" rel=\"noopener\">zaj\u00edmavosti o mnoha t\u00e9matech t\u00fdkaj\u00edc\u00edch se zdrav\u00ed t\u011bla, mysli a ducha<\/a> najdete na na\u0161em informa\u010dn\u00edm port\u00e1lu FGS.<\/p>\n<p>[\/et_pb_text][\/et_pb_column][\/et_pb_row][et_pb_row custom_padding_last_edited=&#8220;on|phone&#8220; _builder_version=&#8220;4.25.0&#8243; background_size=&#8220;initial&#8220; background_position=&#8220;top_left&#8220; background_repeat=&#8220;repeat&#8220; width=&#8220;100%&#8220; custom_margin_tablet=&#8220;&#8220; custom_margin_phone=&#8220;||||false|false&#8220; custom_margin_last_edited=&#8220;on|phone&#8220; custom_padding_tablet=&#8220;&#8220; custom_padding_phone=&#8220;0px||||false|false&#8220; global_colors_info=&#8220;{}&#8220;][et_pb_column type=&#8220;4_4&#8243; _builder_version=&#8220;4.16&#8243; custom_padding=&#8220;|||&#8220; global_colors_info=&#8220;{}&#8220; custom_padding__hover=&#8220;|||&#8220;][et_pb_wc_upsells _builder_version=&#8220;4.16&#8243; global_colors_info=&#8220;{}&#8220;][\/et_pb_wc_upsells][et_pb_wc_related_products posts_number=&#8220;4&#8243; columns_number=&#8220;4&#8243; include_categories=&#8220;85,74,88,84&#8243; _builder_version=&#8220;4.25.1&#8243; global_colors_info=&#8220;{}&#8220;][\/et_pb_wc_related_products][\/et_pb_column][\/et_pb_row][\/et_pb_section]<\/p>\n","protected":false},"excerpt":{"rendered":"<p>Kyselina ml\u00e9\u010dn\u00e1 pro rovnov\u00e1hu pH v krvi, st\u0159evech a tk\u00e1n\u00edch. 200 ml ve fialov\u00e9 sklen\u011bn\u00e9 lahvi\u010dce s kap\u00e1tkem<\/p>\n","protected":false},"featured_media":56514,"template":"","meta":{"_et_pb_use_builder":"on","_et_pb_old_content":"","_et_gb_content_width":"","footnotes":""},"product_brand":[],"product_cat":[173],"product_tag":[229,246,245],"class_list":{"0":"post-55448","1":"product","2":"type-product","3":"status-publish","4":"has-post-thumbnail","6":"product_cat-rms-l-cs","7":"product_tag-detoxikace-a-metabolismus","8":"product_tag-imunitni-system","9":"product_tag-zanety-a-alergie","11":"first","12":"instock","13":"sale","14":"taxable","15":"shipping-taxable","16":"purchasable","17":"product-type-variable"},"yoast_head":"<!-- This site is optimized with the Yoast SEO plugin v27.3 - https:\/\/yoast.com\/product\/yoast-seo-wordpress\/ -->\n<title>RMS L+ Prav\u00e1 kyselina ml\u00e9\u010dn\u00e1 - TRIMEDEA<\/title>\n<meta name=\"description\" content=\"Kyselina ml\u00e9\u010dn\u00e1 RMS L+ od spole\u010dnosti Trimedea pro zdravou st\u0159evn\u00ed fl\u00f3ru a vyrovn\u00e1n\u00ed pH ve st\u0159evech a krvi. Lze pou\u017e\u00edt p\u0159i akutn\u00edch p\u0159\u00edznac\u00edch\" \/>\n<meta name=\"robots\" content=\"index, follow, max-snippet:-1, max-image-preview:large, max-video-preview:-1\" \/>\n<link rel=\"canonical\" href=\"https:\/\/trimedea.com\/cs\/produkt\/rms-l-prava-kyselina-mlecna\/\" \/>\n<meta property=\"og:locale\" content=\"cs_CZ\" \/>\n<meta property=\"og:type\" content=\"article\" \/>\n<meta property=\"og:title\" content=\"RMS L+ Prav\u00e1 kyselina ml\u00e9\u010dn\u00e1 - TRIMEDEA\" \/>\n<meta property=\"og:description\" content=\"Kyselina ml\u00e9\u010dn\u00e1 RMS L+ od spole\u010dnosti Trimedea pro zdravou st\u0159evn\u00ed fl\u00f3ru a vyrovn\u00e1n\u00ed pH ve st\u0159evech a krvi. Lze pou\u017e\u00edt p\u0159i akutn\u00edch p\u0159\u00edznac\u00edch\" \/>\n<meta property=\"og:url\" content=\"https:\/\/trimedea.com\/cs\/produkt\/rms-l-prava-kyselina-mlecna\/\" \/>\n<meta property=\"og:site_name\" content=\"TRIMEDEA\" \/>\n<meta property=\"article:modified_time\" content=\"2024-07-09T17:23:30+00:00\" \/>\n<meta property=\"og:image\" content=\"https:\/\/trimedea.com\/wp-content\/uploads\/2024\/05\/RMS.jpg\" \/>\n\t<meta property=\"og:image:width\" content=\"1000\" \/>\n\t<meta property=\"og:image:height\" content=\"1000\" \/>\n\t<meta property=\"og:image:type\" content=\"image\/jpeg\" \/>\n<meta name=\"twitter:card\" content=\"summary_large_image\" \/>\n<script type=\"application\/ld+json\" class=\"yoast-schema-graph\">{\"@context\":\"https:\\\/\\\/schema.org\",\"@graph\":[{\"@type\":\"WebPage\",\"@id\":\"https:\\\/\\\/trimedea.com\\\/cs\\\/produkt\\\/rms-l-prava-kyselina-mlecna\\\/\",\"url\":\"https:\\\/\\\/trimedea.com\\\/cs\\\/produkt\\\/rms-l-prava-kyselina-mlecna\\\/\",\"name\":\"RMS L+ Prav\u00e1 kyselina ml\u00e9\u010dn\u00e1 - TRIMEDEA\",\"isPartOf\":{\"@id\":\"https:\\\/\\\/trimedea.com\\\/cs\\\/#website\"},\"primaryImageOfPage\":{\"@id\":\"https:\\\/\\\/trimedea.com\\\/cs\\\/produkt\\\/rms-l-prava-kyselina-mlecna\\\/#primaryimage\"},\"image\":{\"@id\":\"https:\\\/\\\/trimedea.com\\\/cs\\\/produkt\\\/rms-l-prava-kyselina-mlecna\\\/#primaryimage\"},\"thumbnailUrl\":\"https:\\\/\\\/trimedea.com\\\/wp-content\\\/uploads\\\/2024\\\/05\\\/RMS.jpg\",\"datePublished\":\"2024-05-02T09:06:11+00:00\",\"dateModified\":\"2024-07-09T17:23:30+00:00\",\"description\":\"Kyselina ml\u00e9\u010dn\u00e1 RMS L+ od spole\u010dnosti Trimedea pro zdravou st\u0159evn\u00ed fl\u00f3ru a vyrovn\u00e1n\u00ed pH ve st\u0159evech a krvi. Lze pou\u017e\u00edt p\u0159i akutn\u00edch p\u0159\u00edznac\u00edch\",\"breadcrumb\":{\"@id\":\"https:\\\/\\\/trimedea.com\\\/cs\\\/produkt\\\/rms-l-prava-kyselina-mlecna\\\/#breadcrumb\"},\"inLanguage\":\"cs\",\"potentialAction\":[{\"@type\":\"ReadAction\",\"target\":[\"https:\\\/\\\/trimedea.com\\\/cs\\\/produkt\\\/rms-l-prava-kyselina-mlecna\\\/\"]}]},{\"@type\":\"ImageObject\",\"inLanguage\":\"cs\",\"@id\":\"https:\\\/\\\/trimedea.com\\\/cs\\\/produkt\\\/rms-l-prava-kyselina-mlecna\\\/#primaryimage\",\"url\":\"https:\\\/\\\/trimedea.com\\\/wp-content\\\/uploads\\\/2024\\\/05\\\/RMS.jpg\",\"contentUrl\":\"https:\\\/\\\/trimedea.com\\\/wp-content\\\/uploads\\\/2024\\\/05\\\/RMS.jpg\",\"width\":1000,\"height\":1000,\"caption\":\"Rechtsmilchs\u00e4ure\"},{\"@type\":\"BreadcrumbList\",\"@id\":\"https:\\\/\\\/trimedea.com\\\/cs\\\/produkt\\\/rms-l-prava-kyselina-mlecna\\\/#breadcrumb\",\"itemListElement\":[{\"@type\":\"ListItem\",\"position\":1,\"name\":\"Startseite\",\"item\":\"https:\\\/\\\/trimedea.com\\\/cs\\\/\"},{\"@type\":\"ListItem\",\"position\":2,\"name\":\"TRIMEDEA SHOP\",\"item\":\"https:\\\/\\\/trimedea.com\\\/cs\\\/trimedea-shop\\\/\"},{\"@type\":\"ListItem\",\"position\":3,\"name\":\"RMS L+ Prav\u00e1 kyselina ml\u00e9\u010dn\u00e1\"}]},{\"@type\":\"WebSite\",\"@id\":\"https:\\\/\\\/trimedea.com\\\/cs\\\/#website\",\"url\":\"https:\\\/\\\/trimedea.com\\\/cs\\\/\",\"name\":\"TRIMEDEA\",\"description\":\"F\u00fcr einen gesunden K\u00f6rper und Geist\",\"publisher\":{\"@id\":\"https:\\\/\\\/trimedea.com\\\/cs\\\/#organization\"},\"potentialAction\":[{\"@type\":\"SearchAction\",\"target\":{\"@type\":\"EntryPoint\",\"urlTemplate\":\"https:\\\/\\\/trimedea.com\\\/cs\\\/?s={search_term_string}\"},\"query-input\":{\"@type\":\"PropertyValueSpecification\",\"valueRequired\":true,\"valueName\":\"search_term_string\"}}],\"inLanguage\":\"cs\"},{\"@type\":\"Organization\",\"@id\":\"https:\\\/\\\/trimedea.com\\\/cs\\\/#organization\",\"name\":\"TRIMEDEA\",\"url\":\"https:\\\/\\\/trimedea.com\\\/cs\\\/\",\"logo\":{\"@type\":\"ImageObject\",\"inLanguage\":\"cs\",\"@id\":\"https:\\\/\\\/trimedea.com\\\/cs\\\/#\\\/schema\\\/logo\\\/image\\\/\",\"url\":\"https:\\\/\\\/trimedea.com\\\/wp-content\\\/uploads\\\/2024\\\/04\\\/TRIMEDEA_LOGO.png\",\"contentUrl\":\"https:\\\/\\\/trimedea.com\\\/wp-content\\\/uploads\\\/2024\\\/04\\\/TRIMEDEA_LOGO.png\",\"width\":540,\"height\":248,\"caption\":\"TRIMEDEA\"},\"image\":{\"@id\":\"https:\\\/\\\/trimedea.com\\\/cs\\\/#\\\/schema\\\/logo\\\/image\\\/\"}}]}<\/script>\n<!-- \/ Yoast SEO plugin. -->","yoast_head_json":{"title":"RMS L+ Prav\u00e1 kyselina ml\u00e9\u010dn\u00e1 - TRIMEDEA","description":"Kyselina ml\u00e9\u010dn\u00e1 RMS L+ od spole\u010dnosti Trimedea pro zdravou st\u0159evn\u00ed fl\u00f3ru a vyrovn\u00e1n\u00ed pH ve st\u0159evech a krvi. Lze pou\u017e\u00edt p\u0159i akutn\u00edch p\u0159\u00edznac\u00edch","robots":{"index":"index","follow":"follow","max-snippet":"max-snippet:-1","max-image-preview":"max-image-preview:large","max-video-preview":"max-video-preview:-1"},"canonical":"https:\/\/trimedea.com\/cs\/produkt\/rms-l-prava-kyselina-mlecna\/","og_locale":"cs_CZ","og_type":"article","og_title":"RMS L+ Prav\u00e1 kyselina ml\u00e9\u010dn\u00e1 - TRIMEDEA","og_description":"Kyselina ml\u00e9\u010dn\u00e1 RMS L+ od spole\u010dnosti Trimedea pro zdravou st\u0159evn\u00ed fl\u00f3ru a vyrovn\u00e1n\u00ed pH ve st\u0159evech a krvi. Lze pou\u017e\u00edt p\u0159i akutn\u00edch p\u0159\u00edznac\u00edch","og_url":"https:\/\/trimedea.com\/cs\/produkt\/rms-l-prava-kyselina-mlecna\/","og_site_name":"TRIMEDEA","article_modified_time":"2024-07-09T17:23:30+00:00","og_image":[{"width":1000,"height":1000,"url":"https:\/\/trimedea.com\/wp-content\/uploads\/2024\/05\/RMS.jpg","type":"image\/jpeg"}],"twitter_card":"summary_large_image","schema":{"@context":"https:\/\/schema.org","@graph":[{"@type":"WebPage","@id":"https:\/\/trimedea.com\/cs\/produkt\/rms-l-prava-kyselina-mlecna\/","url":"https:\/\/trimedea.com\/cs\/produkt\/rms-l-prava-kyselina-mlecna\/","name":"RMS L+ Prav\u00e1 kyselina ml\u00e9\u010dn\u00e1 - TRIMEDEA","isPartOf":{"@id":"https:\/\/trimedea.com\/cs\/#website"},"primaryImageOfPage":{"@id":"https:\/\/trimedea.com\/cs\/produkt\/rms-l-prava-kyselina-mlecna\/#primaryimage"},"image":{"@id":"https:\/\/trimedea.com\/cs\/produkt\/rms-l-prava-kyselina-mlecna\/#primaryimage"},"thumbnailUrl":"https:\/\/trimedea.com\/wp-content\/uploads\/2024\/05\/RMS.jpg","datePublished":"2024-05-02T09:06:11+00:00","dateModified":"2024-07-09T17:23:30+00:00","description":"Kyselina ml\u00e9\u010dn\u00e1 RMS L+ od spole\u010dnosti Trimedea pro zdravou st\u0159evn\u00ed fl\u00f3ru a vyrovn\u00e1n\u00ed pH ve st\u0159evech a krvi. Lze pou\u017e\u00edt p\u0159i akutn\u00edch p\u0159\u00edznac\u00edch","breadcrumb":{"@id":"https:\/\/trimedea.com\/cs\/produkt\/rms-l-prava-kyselina-mlecna\/#breadcrumb"},"inLanguage":"cs","potentialAction":[{"@type":"ReadAction","target":["https:\/\/trimedea.com\/cs\/produkt\/rms-l-prava-kyselina-mlecna\/"]}]},{"@type":"ImageObject","inLanguage":"cs","@id":"https:\/\/trimedea.com\/cs\/produkt\/rms-l-prava-kyselina-mlecna\/#primaryimage","url":"https:\/\/trimedea.com\/wp-content\/uploads\/2024\/05\/RMS.jpg","contentUrl":"https:\/\/trimedea.com\/wp-content\/uploads\/2024\/05\/RMS.jpg","width":1000,"height":1000,"caption":"Rechtsmilchs\u00e4ure"},{"@type":"BreadcrumbList","@id":"https:\/\/trimedea.com\/cs\/produkt\/rms-l-prava-kyselina-mlecna\/#breadcrumb","itemListElement":[{"@type":"ListItem","position":1,"name":"Startseite","item":"https:\/\/trimedea.com\/cs\/"},{"@type":"ListItem","position":2,"name":"TRIMEDEA SHOP","item":"https:\/\/trimedea.com\/cs\/trimedea-shop\/"},{"@type":"ListItem","position":3,"name":"RMS L+ Prav\u00e1 kyselina ml\u00e9\u010dn\u00e1"}]},{"@type":"WebSite","@id":"https:\/\/trimedea.com\/cs\/#website","url":"https:\/\/trimedea.com\/cs\/","name":"TRIMEDEA","description":"F\u00fcr einen gesunden K\u00f6rper und Geist","publisher":{"@id":"https:\/\/trimedea.com\/cs\/#organization"},"potentialAction":[{"@type":"SearchAction","target":{"@type":"EntryPoint","urlTemplate":"https:\/\/trimedea.com\/cs\/?s={search_term_string}"},"query-input":{"@type":"PropertyValueSpecification","valueRequired":true,"valueName":"search_term_string"}}],"inLanguage":"cs"},{"@type":"Organization","@id":"https:\/\/trimedea.com\/cs\/#organization","name":"TRIMEDEA","url":"https:\/\/trimedea.com\/cs\/","logo":{"@type":"ImageObject","inLanguage":"cs","@id":"https:\/\/trimedea.com\/cs\/#\/schema\/logo\/image\/","url":"https:\/\/trimedea.com\/wp-content\/uploads\/2024\/04\/TRIMEDEA_LOGO.png","contentUrl":"https:\/\/trimedea.com\/wp-content\/uploads\/2024\/04\/TRIMEDEA_LOGO.png","width":540,"height":248,"caption":"TRIMEDEA"},"image":{"@id":"https:\/\/trimedea.com\/cs\/#\/schema\/logo\/image\/"}}]}},"_links":{"self":[{"href":"https:\/\/trimedea.com\/cs\/wp-json\/wp\/v2\/product\/55448","targetHints":{"allow":["GET"]}}],"collection":[{"href":"https:\/\/trimedea.com\/cs\/wp-json\/wp\/v2\/product"}],"about":[{"href":"https:\/\/trimedea.com\/cs\/wp-json\/wp\/v2\/types\/product"}],"version-history":[{"count":1,"href":"https:\/\/trimedea.com\/cs\/wp-json\/wp\/v2\/product\/55448\/revisions"}],"predecessor-version":[{"id":66181,"href":"https:\/\/trimedea.com\/cs\/wp-json\/wp\/v2\/product\/55448\/revisions\/66181"}],"wp:featuredmedia":[{"embeddable":true,"href":"https:\/\/trimedea.com\/cs\/wp-json\/wp\/v2\/media\/56514"}],"wp:attachment":[{"href":"https:\/\/trimedea.com\/cs\/wp-json\/wp\/v2\/media?parent=55448"}],"wp:term":[{"taxonomy":"product_brand","embeddable":true,"href":"https:\/\/trimedea.com\/cs\/wp-json\/wp\/v2\/product_brand?post=55448"},{"taxonomy":"product_cat","embeddable":true,"href":"https:\/\/trimedea.com\/cs\/wp-json\/wp\/v2\/product_cat?post=55448"},{"taxonomy":"product_tag","embeddable":true,"href":"https:\/\/trimedea.com\/cs\/wp-json\/wp\/v2\/product_tag?post=55448"}],"curies":[{"name":"wp","href":"https:\/\/api.w.org\/{rel}","templated":true}]}}