{"id":55459,"date":"2024-05-06T11:23:15","date_gmt":"2024-05-06T10:23:15","guid":{"rendered":"https:\/\/test.trimedea.com\/produkt\/berry-vital\/"},"modified":"2024-07-12T08:52:30","modified_gmt":"2024-07-12T08:52:30","slug":"berry-vital","status":"publish","type":"product","link":"https:\/\/trimedea.com\/cs\/produkt\/berry-vital\/","title":{"rendered":"Berry Vital &#8211; 250ml fialov\u00e1 sklen\u011bn\u00e1 l\u00e1hev"},"content":{"rendered":"<p>[et_pb_section fb_built=&#8220;1&#8243; _builder_version=&#8220;4.16&#8243; custom_padding=&#8220;0px||3px||false|false&#8220; global_colors_info=&#8220;{}&#8220;][et_pb_row _builder_version=&#8220;4.16&#8243; background_size=&#8220;initial&#8220; background_position=&#8220;top_left&#8220; background_repeat=&#8220;repeat&#8220; width=&#8220;100%&#8220; custom_padding=&#8220;0px||0px||false|false&#8220; global_colors_info=&#8220;{}&#8220;][et_pb_column type=&#8220;4_4&#8243; _builder_version=&#8220;4.16&#8243; custom_padding=&#8220;|||&#8220; global_colors_info=&#8220;{}&#8220; custom_padding__hover=&#8220;|||&#8220;][et_pb_wc_breadcrumb breadcrumb_home_text=&#8220;TRIMEDEA SHOP&#8220; breadcrumb_home_url=&#8220;https:\/\/trimedea.com\/trimedea-shop&#8220; breadcrumb_separator=&#8220;|&#8220; admin_label=&#8220;WOO BREADCRUMBS DE&#8220; _builder_version=&#8220;4.25.0&#8243; custom_padding=&#8220;0px||30px||false|false&#8220; saved_tabs=&#8220;all&#8220; global_colors_info=&#8220;{}&#8220;][\/et_pb_wc_breadcrumb][et_pb_wc_cart_notice _builder_version=&#8220;4.16&#8243; custom_button=&#8220;on&#8220; button_border_width=&#8220;1px&#8220; button_border_color=&#8220;#FFFFFF&#8220; global_colors_info=&#8220;{}&#8220;][\/et_pb_wc_cart_notice][\/et_pb_column][\/et_pb_row][et_pb_row column_structure=&#8220;1_2,1_2&#8243; _builder_version=&#8220;4.25.0&#8243; background_size=&#8220;initial&#8220; background_position=&#8220;top_left&#8220; background_repeat=&#8220;repeat&#8220; width=&#8220;100%&#8220; custom_margin=&#8220;0px||||false|false&#8220; custom_padding=&#8220;||||false|false&#8220; global_colors_info=&#8220;{}&#8220;][et_pb_column type=&#8220;1_2&#8243; _builder_version=&#8220;4.25.0&#8243; custom_padding=&#8220;|||&#8220; custom_padding_tablet=&#8220;|||&#8220; custom_padding_phone=&#8220;|0px||0px|false|false&#8220; custom_padding_last_edited=&#8220;on|phone&#8220; global_colors_info=&#8220;{}&#8220; custom_padding__hover=&#8220;|||&#8220;][et_pb_wc_images _builder_version=&#8220;4.25.0&#8243; custom_margin_tablet=&#8220;&#8220; custom_margin_phone=&#8220;||||false|false&#8220; custom_margin_last_edited=&#8220;on|phone&#8220; custom_padding_tablet=&#8220;&#8220; custom_padding_phone=&#8220;30px||||false|false&#8220; custom_padding_last_edited=&#8220;on|phone&#8220; global_colors_info=&#8220;{}&#8220;][\/et_pb_wc_images][\/et_pb_column][et_pb_column type=&#8220;1_2&#8243; _builder_version=&#8220;4.16&#8243; custom_padding=&#8220;|||&#8220; global_colors_info=&#8220;{}&#8220; custom_padding__hover=&#8220;|||&#8220;][et_pb_wc_title _builder_version=&#8220;4.16&#8243; global_colors_info=&#8220;{}&#8220;][\/et_pb_wc_title][et_pb_wc_description _builder_version=&#8220;4.16&#8243; global_colors_info=&#8220;{}&#8220;][\/et_pb_wc_description][et_pb_wc_price _builder_version=&#8220;4.24.3&#8243; body_font=&#8220;|600|||||||&#8220; global_colors_info=&#8220;{}&#8220;][\/et_pb_wc_price][et_pb_wc_add_to_cart _builder_version=&#8220;4.16&#8243; global_colors_info=&#8220;{}&#8220;][\/et_pb_wc_add_to_cart][et_pb_wc_meta _builder_version=&#8220;4.16&#8243; global_colors_info=&#8220;{}&#8220;][\/et_pb_wc_meta][\/et_pb_column][\/et_pb_row][et_pb_row column_structure=&#8220;1_2,1_2&#8243; _builder_version=&#8220;4.25.0&#8243; _module_preset=&#8220;default&#8220; width=&#8220;100%&#8220; global_colors_info=&#8220;{}&#8220; custom_css_main_element_phone=&#8220;display: flex;||flex-wrap: wrap;&#8220; custom_css_main_element_last_edited=&#8220;on|phone&#8220;][et_pb_column type=&#8220;1_2&#8243; _builder_version=&#8220;4.25.0&#8243; _module_preset=&#8220;default&#8220; global_colors_info=&#8220;{}&#8220; custom_css_main_element_last_edited=&#8220;on|phone&#8220; custom_css_main_element_phone=&#8220;order:2;&#8220;][et_pb_text admin_label=&#8220;ANWENDUNG&#8220; _builder_version=&#8220;4.26.0&#8243; _module_preset=&#8220;default&#8220; ul_font_size=&#8220;16px&#8220; ul_line_height=&#8220;1.7em&#8220; header_3_line_height=&#8220;1.5em&#8220; background_color=&#8220;#ebebeb&#8220; width_tablet=&#8220;&#8220; width_phone=&#8220;100%&#8220; width_last_edited=&#8220;on|phone&#8220; max_width=&#8220;100%&#8220; custom_margin_tablet=&#8220;&#8220; custom_margin_phone=&#8220;30px||||false|false&#8220; custom_margin_last_edited=&#8220;on|phone&#8220; custom_padding=&#8220;30px|30px|30px|30px|true|true&#8220; custom_padding_tablet=&#8220;30px|30px|30px|30px|true|true&#8220; custom_padding_phone=&#8220;0px|0px|0px|0px|true|true&#8220; custom_padding_last_edited=&#8220;on|phone&#8220; hover_enabled=&#8220;0&#8243; background_color_phone=&#8220;RGBA(255,255,255,0)&#8220; background_last_edited=&#8220;on|phone&#8220; background_enable_color_phone=&#8220;on&#8220; global_colors_info=&#8220;{}&#8220; sticky_enabled=&#8220;0&#8243;]<\/p>\n<p>Pro dosa\u017een\u00ed optim\u00e1ln\u00edho \u00fa\u010dinku u\u017e\u00edvejte 7 ml Berry Power denn\u011b. Jednodu\u0161e nasypte <strong>Berry Vital<\/strong> na \u010dajovou l\u017ei\u010dku, nalijte l\u017ei\u010dku do sklenice neperliv\u00e9 vody, zam\u00edchejte a vychutnejte si!<br \/>\u010c\u00edm lep\u0161\u00ed je kvalita vody, t\u00edm lep\u0161\u00ed je \u00fa\u010dinek cenn\u00fdch slo\u017eek. Stejn\u011b jako na\u0161e<strong> <a href=\"https:\/\/trimedea.com\/cs\/kategorie-produktu\/aqua-naturalis-cs\/\" target=\"_blank\" rel=\"noopener noreferrer\">Aqua Naturalis:<\/a><\/strong> \u010dist\u00e1 a aktivovan\u00e1 pitn\u00e1 voda &#8211; jako \u010derstv\u00e1 pramenit\u00e1 voda.<\/p>\n<p>[\/et_pb_text][\/et_pb_column][et_pb_column type=&#8220;1_2&#8243; _builder_version=&#8220;4.25.0&#8243; _module_preset=&#8220;default&#8220; global_colors_info=&#8220;{}&#8220; custom_css_main_element_last_edited=&#8220;on|phone&#8220; custom_css_main_element_phone=&#8220;order:1;&#8220;][et_pb_text admin_label=&#8220;PRODUKTDETAILS&#8220; _builder_version=&#8220;4.26.0&#8243; _module_preset=&#8220;default&#8220; hover_enabled=&#8220;0&#8243; global_colors_info=&#8220;{}&#8220; sticky_enabled=&#8220;0&#8243;]<\/p>\n<p><strong>Slo\u017een\u00ed:<\/strong> Koncentr\u00e1t z \u010derven\u00e9 \u0159epy, bor\u016fvek, ostru\u017ein, brusinek, cranberries, \u010dern\u00e9ho ryb\u00edzu, \u010dern\u00e9ho bezu, \u010derven\u00e9ho ryb\u00edzu a mate\u010dn\u00e9 \u0161\u0165\u00e1vy z ar\u00f3nie, koncentr\u00e1t \u0161\u0165\u00e1vy z topinamburu, \u017een\u0161enov\u00fd pr\u00e1\u0161ek, kyselina ml\u00e9\u010dn\u00e1.<\/p>\n<p>[\/et_pb_text][\/et_pb_column][\/et_pb_row][et_pb_row custom_padding_last_edited=&#8220;on|phone&#8220; _builder_version=&#8220;4.25.0&#8243; background_size=&#8220;initial&#8220; background_position=&#8220;top_left&#8220; background_repeat=&#8220;repeat&#8220; width=&#8220;100%&#8220; custom_margin_tablet=&#8220;&#8220; custom_margin_phone=&#8220;||||false|false&#8220; custom_margin_last_edited=&#8220;on|phone&#8220; custom_padding_tablet=&#8220;&#8220; custom_padding_phone=&#8220;0px||||false|false&#8220; global_colors_info=&#8220;{}&#8220;][et_pb_column type=&#8220;4_4&#8243; _builder_version=&#8220;4.16&#8243; custom_padding=&#8220;|||&#8220; global_colors_info=&#8220;{}&#8220; custom_padding__hover=&#8220;|||&#8220;][et_pb_wc_upsells _builder_version=&#8220;4.16&#8243; global_colors_info=&#8220;{}&#8220;][\/et_pb_wc_upsells][et_pb_wc_related_products posts_number=&#8220;4&#8243; columns_number=&#8220;4&#8243; include_categories=&#8220;36&#8243; _builder_version=&#8220;4.25.1&#8243; global_colors_info=&#8220;{}&#8220;][\/et_pb_wc_related_products][\/et_pb_column][\/et_pb_row][\/et_pb_section]<\/p>\n","protected":false},"excerpt":{"rendered":"<p><strong><br \/>\nKoncentr\u00e1t z bobul\u00ed Berry Vital z 8 siln\u00fdch bobul\u00ed Bobule jsou pln\u00e9 zdrav\u00fdch fytochemik\u00e1li\u00ed a energie.<\/strong> Spousta biologicky dostupn\u00fdch vitam\u00edn\u016f, miner\u00e1l\u016f, stopov\u00fdch prvk\u016f, fytochemik\u00e1li\u00ed a vl\u00e1kniny &#8211; v\u0161estrann\u011b zdrav\u00e1 pochoutka. N\u00e1poj proti st\u00e1rnut\u00ed obsahuje osm nejlep\u0161\u00edch odr\u016fd bobul\u00ed. Zral\u00e9 na slunci, \u010derstv\u011b sklizen\u00e9, lisovan\u00e9 za studena, bez cukru a p\u0159\u00edsad. Jedna \u010dajov\u00e1 l\u017ei\u010dka denn\u011b (7 ml) dod\u00e1 va\u0161\u00ed pleti, pru\u017enosti poko\u017eky a c\u00e9vn\u00edmu syst\u00e9mu trvalou podporu.<\/p>\n","protected":false},"featured_media":57314,"template":"","meta":{"_et_pb_use_builder":"on","_et_pb_old_content":"","_et_gb_content_width":"","footnotes":""},"product_brand":[],"product_cat":[174],"product_tag":[251,246,238,234,243,233],"class_list":{"0":"post-55459","1":"product","2":"type-product","3":"status-publish","4":"has-post-thumbnail","6":"product_cat-berry-vital-cs","7":"product_tag-fitness-a-energie","8":"product_tag-imunitni-system","9":"product_tag-krev-krevni-obeh-cevy","10":"product_tag-oci-a-zrak","11":"product_tag-proti-starnuti","12":"product_tag-stres-a-vycerpani","14":"first","15":"instock","16":"sale","17":"taxable","18":"shipping-taxable","19":"purchasable","20":"product-type-variable"},"yoast_head":"<!-- This site is optimized with the Yoast SEO plugin v27.4 - https:\/\/yoast.com\/product\/yoast-seo-wordpress\/ -->\n<title>Berry Vital - 250ml fialov\u00e1 sklen\u011bn\u00e1 l\u00e1hev - TRIMEDEA<\/title>\n<meta name=\"description\" content=\"Berry high concentrate 250ml - sekund\u00e1rn\u00ed rostlinn\u00e9 l\u00e1tky, zlep\u0161en\u00ed imunitn\u00edch funkc\u00ed, vzhledu pleti, \u010di\u0161t\u011bn\u00ed c\u00e9v (bez biolog. t\u0159tiny)\" \/>\n<meta name=\"robots\" content=\"index, follow, max-snippet:-1, max-image-preview:large, max-video-preview:-1\" \/>\n<link rel=\"canonical\" href=\"https:\/\/trimedea.com\/cs\/produkt\/berry-vital\/\" \/>\n<meta property=\"og:locale\" content=\"cs_CZ\" \/>\n<meta property=\"og:type\" content=\"article\" \/>\n<meta property=\"og:title\" content=\"Berry Vital - 250ml fialov\u00e1 sklen\u011bn\u00e1 l\u00e1hev - TRIMEDEA\" \/>\n<meta property=\"og:description\" content=\"Berry high concentrate 250ml - sekund\u00e1rn\u00ed rostlinn\u00e9 l\u00e1tky, zlep\u0161en\u00ed imunitn\u00edch funkc\u00ed, vzhledu pleti, \u010di\u0161t\u011bn\u00ed c\u00e9v (bez biolog. t\u0159tiny)\" \/>\n<meta property=\"og:url\" content=\"https:\/\/trimedea.com\/cs\/produkt\/berry-vital\/\" \/>\n<meta property=\"og:site_name\" content=\"TRIMEDEA\" \/>\n<meta property=\"article:modified_time\" content=\"2024-07-12T08:52:30+00:00\" \/>\n<meta property=\"og:image\" content=\"https:\/\/trimedea.com\/wp-content\/uploads\/2024\/05\/BERRY-VITAL.jpg\" \/>\n\t<meta property=\"og:image:width\" content=\"1000\" \/>\n\t<meta property=\"og:image:height\" content=\"1000\" \/>\n\t<meta property=\"og:image:type\" content=\"image\/jpeg\" \/>\n<meta name=\"twitter:card\" content=\"summary_large_image\" \/>\n<script type=\"application\/ld+json\" class=\"yoast-schema-graph\">{\"@context\":\"https:\\\/\\\/schema.org\",\"@graph\":[{\"@type\":\"WebPage\",\"@id\":\"https:\\\/\\\/trimedea.com\\\/cs\\\/produkt\\\/berry-vital\\\/\",\"url\":\"https:\\\/\\\/trimedea.com\\\/cs\\\/produkt\\\/berry-vital\\\/\",\"name\":\"Berry Vital - 250ml fialov\u00e1 sklen\u011bn\u00e1 l\u00e1hev - TRIMEDEA\",\"isPartOf\":{\"@id\":\"https:\\\/\\\/trimedea.com\\\/cs\\\/#website\"},\"primaryImageOfPage\":{\"@id\":\"https:\\\/\\\/trimedea.com\\\/cs\\\/produkt\\\/berry-vital\\\/#primaryimage\"},\"image\":{\"@id\":\"https:\\\/\\\/trimedea.com\\\/cs\\\/produkt\\\/berry-vital\\\/#primaryimage\"},\"thumbnailUrl\":\"https:\\\/\\\/trimedea.com\\\/wp-content\\\/uploads\\\/2024\\\/05\\\/BERRY-VITAL.jpg\",\"datePublished\":\"2024-05-06T10:23:15+00:00\",\"dateModified\":\"2024-07-12T08:52:30+00:00\",\"description\":\"Berry high concentrate 250ml - sekund\u00e1rn\u00ed rostlinn\u00e9 l\u00e1tky, zlep\u0161en\u00ed imunitn\u00edch funkc\u00ed, vzhledu pleti, \u010di\u0161t\u011bn\u00ed c\u00e9v (bez biolog. t\u0159tiny)\",\"breadcrumb\":{\"@id\":\"https:\\\/\\\/trimedea.com\\\/cs\\\/produkt\\\/berry-vital\\\/#breadcrumb\"},\"inLanguage\":\"cs\",\"potentialAction\":[{\"@type\":\"ReadAction\",\"target\":[\"https:\\\/\\\/trimedea.com\\\/cs\\\/produkt\\\/berry-vital\\\/\"]}]},{\"@type\":\"ImageObject\",\"inLanguage\":\"cs\",\"@id\":\"https:\\\/\\\/trimedea.com\\\/cs\\\/produkt\\\/berry-vital\\\/#primaryimage\",\"url\":\"https:\\\/\\\/trimedea.com\\\/wp-content\\\/uploads\\\/2024\\\/05\\\/BERRY-VITAL.jpg\",\"contentUrl\":\"https:\\\/\\\/trimedea.com\\\/wp-content\\\/uploads\\\/2024\\\/05\\\/BERRY-VITAL.jpg\",\"width\":1000,\"height\":1000,\"caption\":\"Berry Vital\"},{\"@type\":\"BreadcrumbList\",\"@id\":\"https:\\\/\\\/trimedea.com\\\/cs\\\/produkt\\\/berry-vital\\\/#breadcrumb\",\"itemListElement\":[{\"@type\":\"ListItem\",\"position\":1,\"name\":\"Startseite\",\"item\":\"https:\\\/\\\/trimedea.com\\\/cs\\\/\"},{\"@type\":\"ListItem\",\"position\":2,\"name\":\"TRIMEDEA SHOP\",\"item\":\"https:\\\/\\\/trimedea.com\\\/cs\\\/trimedea-shop\\\/\"},{\"@type\":\"ListItem\",\"position\":3,\"name\":\"Berry Vital &#8211; 250ml fialov\u00e1 sklen\u011bn\u00e1 l\u00e1hev\"}]},{\"@type\":\"WebSite\",\"@id\":\"https:\\\/\\\/trimedea.com\\\/cs\\\/#website\",\"url\":\"https:\\\/\\\/trimedea.com\\\/cs\\\/\",\"name\":\"TRIMEDEA\",\"description\":\"F\u00fcr einen gesunden K\u00f6rper und Geist\",\"publisher\":{\"@id\":\"https:\\\/\\\/trimedea.com\\\/cs\\\/#organization\"},\"potentialAction\":[{\"@type\":\"SearchAction\",\"target\":{\"@type\":\"EntryPoint\",\"urlTemplate\":\"https:\\\/\\\/trimedea.com\\\/cs\\\/?s={search_term_string}\"},\"query-input\":{\"@type\":\"PropertyValueSpecification\",\"valueRequired\":true,\"valueName\":\"search_term_string\"}}],\"inLanguage\":\"cs\"},{\"@type\":\"Organization\",\"@id\":\"https:\\\/\\\/trimedea.com\\\/cs\\\/#organization\",\"name\":\"TRIMEDEA\",\"url\":\"https:\\\/\\\/trimedea.com\\\/cs\\\/\",\"logo\":{\"@type\":\"ImageObject\",\"inLanguage\":\"cs\",\"@id\":\"https:\\\/\\\/trimedea.com\\\/cs\\\/#\\\/schema\\\/logo\\\/image\\\/\",\"url\":\"https:\\\/\\\/trimedea.com\\\/wp-content\\\/uploads\\\/2024\\\/04\\\/TRIMEDEA_LOGO.png\",\"contentUrl\":\"https:\\\/\\\/trimedea.com\\\/wp-content\\\/uploads\\\/2024\\\/04\\\/TRIMEDEA_LOGO.png\",\"width\":540,\"height\":248,\"caption\":\"TRIMEDEA\"},\"image\":{\"@id\":\"https:\\\/\\\/trimedea.com\\\/cs\\\/#\\\/schema\\\/logo\\\/image\\\/\"}}]}<\/script>\n<!-- \/ Yoast SEO plugin. -->","yoast_head_json":{"title":"Berry Vital - 250ml fialov\u00e1 sklen\u011bn\u00e1 l\u00e1hev - TRIMEDEA","description":"Berry high concentrate 250ml - sekund\u00e1rn\u00ed rostlinn\u00e9 l\u00e1tky, zlep\u0161en\u00ed imunitn\u00edch funkc\u00ed, vzhledu pleti, \u010di\u0161t\u011bn\u00ed c\u00e9v (bez biolog. t\u0159tiny)","robots":{"index":"index","follow":"follow","max-snippet":"max-snippet:-1","max-image-preview":"max-image-preview:large","max-video-preview":"max-video-preview:-1"},"canonical":"https:\/\/trimedea.com\/cs\/produkt\/berry-vital\/","og_locale":"cs_CZ","og_type":"article","og_title":"Berry Vital - 250ml fialov\u00e1 sklen\u011bn\u00e1 l\u00e1hev - TRIMEDEA","og_description":"Berry high concentrate 250ml - sekund\u00e1rn\u00ed rostlinn\u00e9 l\u00e1tky, zlep\u0161en\u00ed imunitn\u00edch funkc\u00ed, vzhledu pleti, \u010di\u0161t\u011bn\u00ed c\u00e9v (bez biolog. t\u0159tiny)","og_url":"https:\/\/trimedea.com\/cs\/produkt\/berry-vital\/","og_site_name":"TRIMEDEA","article_modified_time":"2024-07-12T08:52:30+00:00","og_image":[{"width":1000,"height":1000,"url":"https:\/\/trimedea.com\/wp-content\/uploads\/2024\/05\/BERRY-VITAL.jpg","type":"image\/jpeg"}],"twitter_card":"summary_large_image","schema":{"@context":"https:\/\/schema.org","@graph":[{"@type":"WebPage","@id":"https:\/\/trimedea.com\/cs\/produkt\/berry-vital\/","url":"https:\/\/trimedea.com\/cs\/produkt\/berry-vital\/","name":"Berry Vital - 250ml fialov\u00e1 sklen\u011bn\u00e1 l\u00e1hev - TRIMEDEA","isPartOf":{"@id":"https:\/\/trimedea.com\/cs\/#website"},"primaryImageOfPage":{"@id":"https:\/\/trimedea.com\/cs\/produkt\/berry-vital\/#primaryimage"},"image":{"@id":"https:\/\/trimedea.com\/cs\/produkt\/berry-vital\/#primaryimage"},"thumbnailUrl":"https:\/\/trimedea.com\/wp-content\/uploads\/2024\/05\/BERRY-VITAL.jpg","datePublished":"2024-05-06T10:23:15+00:00","dateModified":"2024-07-12T08:52:30+00:00","description":"Berry high concentrate 250ml - sekund\u00e1rn\u00ed rostlinn\u00e9 l\u00e1tky, zlep\u0161en\u00ed imunitn\u00edch funkc\u00ed, vzhledu pleti, \u010di\u0161t\u011bn\u00ed c\u00e9v (bez biolog. t\u0159tiny)","breadcrumb":{"@id":"https:\/\/trimedea.com\/cs\/produkt\/berry-vital\/#breadcrumb"},"inLanguage":"cs","potentialAction":[{"@type":"ReadAction","target":["https:\/\/trimedea.com\/cs\/produkt\/berry-vital\/"]}]},{"@type":"ImageObject","inLanguage":"cs","@id":"https:\/\/trimedea.com\/cs\/produkt\/berry-vital\/#primaryimage","url":"https:\/\/trimedea.com\/wp-content\/uploads\/2024\/05\/BERRY-VITAL.jpg","contentUrl":"https:\/\/trimedea.com\/wp-content\/uploads\/2024\/05\/BERRY-VITAL.jpg","width":1000,"height":1000,"caption":"Berry Vital"},{"@type":"BreadcrumbList","@id":"https:\/\/trimedea.com\/cs\/produkt\/berry-vital\/#breadcrumb","itemListElement":[{"@type":"ListItem","position":1,"name":"Startseite","item":"https:\/\/trimedea.com\/cs\/"},{"@type":"ListItem","position":2,"name":"TRIMEDEA SHOP","item":"https:\/\/trimedea.com\/cs\/trimedea-shop\/"},{"@type":"ListItem","position":3,"name":"Berry Vital &#8211; 250ml fialov\u00e1 sklen\u011bn\u00e1 l\u00e1hev"}]},{"@type":"WebSite","@id":"https:\/\/trimedea.com\/cs\/#website","url":"https:\/\/trimedea.com\/cs\/","name":"TRIMEDEA","description":"F\u00fcr einen gesunden K\u00f6rper und Geist","publisher":{"@id":"https:\/\/trimedea.com\/cs\/#organization"},"potentialAction":[{"@type":"SearchAction","target":{"@type":"EntryPoint","urlTemplate":"https:\/\/trimedea.com\/cs\/?s={search_term_string}"},"query-input":{"@type":"PropertyValueSpecification","valueRequired":true,"valueName":"search_term_string"}}],"inLanguage":"cs"},{"@type":"Organization","@id":"https:\/\/trimedea.com\/cs\/#organization","name":"TRIMEDEA","url":"https:\/\/trimedea.com\/cs\/","logo":{"@type":"ImageObject","inLanguage":"cs","@id":"https:\/\/trimedea.com\/cs\/#\/schema\/logo\/image\/","url":"https:\/\/trimedea.com\/wp-content\/uploads\/2024\/04\/TRIMEDEA_LOGO.png","contentUrl":"https:\/\/trimedea.com\/wp-content\/uploads\/2024\/04\/TRIMEDEA_LOGO.png","width":540,"height":248,"caption":"TRIMEDEA"},"image":{"@id":"https:\/\/trimedea.com\/cs\/#\/schema\/logo\/image\/"}}]}},"_links":{"self":[{"href":"https:\/\/trimedea.com\/cs\/wp-json\/wp\/v2\/product\/55459","targetHints":{"allow":["GET"]}}],"collection":[{"href":"https:\/\/trimedea.com\/cs\/wp-json\/wp\/v2\/product"}],"about":[{"href":"https:\/\/trimedea.com\/cs\/wp-json\/wp\/v2\/types\/product"}],"version-history":[{"count":0,"href":"https:\/\/trimedea.com\/cs\/wp-json\/wp\/v2\/product\/55459\/revisions"}],"wp:featuredmedia":[{"embeddable":true,"href":"https:\/\/trimedea.com\/cs\/wp-json\/wp\/v2\/media\/57314"}],"wp:attachment":[{"href":"https:\/\/trimedea.com\/cs\/wp-json\/wp\/v2\/media?parent=55459"}],"wp:term":[{"taxonomy":"product_brand","embeddable":true,"href":"https:\/\/trimedea.com\/cs\/wp-json\/wp\/v2\/product_brand?post=55459"},{"taxonomy":"product_cat","embeddable":true,"href":"https:\/\/trimedea.com\/cs\/wp-json\/wp\/v2\/product_cat?post=55459"},{"taxonomy":"product_tag","embeddable":true,"href":"https:\/\/trimedea.com\/cs\/wp-json\/wp\/v2\/product_tag?post=55459"}],"curies":[{"name":"wp","href":"https:\/\/api.w.org\/{rel}","templated":true}]}}