{"id":55470,"date":"2024-04-29T11:04:54","date_gmt":"2024-04-29T10:04:54","guid":{"rendered":"https:\/\/test.trimedea.com\/produkt\/cdl-varianty-souprav-oxidu-chloriciteho\/"},"modified":"2024-09-18T06:57:26","modified_gmt":"2024-09-18T06:57:26","slug":"cds2-varianty-souprav-oxidu-chloriciteho","status":"publish","type":"product","link":"https:\/\/trimedea.com\/cs\/produkt\/cds2-varianty-souprav-oxidu-chloriciteho\/","title":{"rendered":"CDS2 &#8211; Varianty souprav oxidu chlori\u010dit\u00e9ho"},"content":{"rendered":"<p>[et_pb_section fb_built=&#8220;1&#8243; _builder_version=&#8220;4.16&#8243; custom_padding=&#8220;0px||3px||false|false&#8220; global_colors_info=&#8220;{}&#8220;][et_pb_row _builder_version=&#8220;4.16&#8243; background_size=&#8220;initial&#8220; background_position=&#8220;top_left&#8220; background_repeat=&#8220;repeat&#8220; width=&#8220;100%&#8220; custom_padding=&#8220;0px||0px||false|false&#8220; global_colors_info=&#8220;{}&#8220;][et_pb_column type=&#8220;4_4&#8243; _builder_version=&#8220;4.16&#8243; custom_padding=&#8220;|||&#8220; global_colors_info=&#8220;{}&#8220; custom_padding__hover=&#8220;|||&#8220;][et_pb_wc_breadcrumb breadcrumb_home_text=&#8220;TRIMEDEA SHOP&#8220; breadcrumb_home_url=&#8220;https:\/\/trimedea.com\/trimedea-shop&#8220; breadcrumb_separator=&#8220;|&#8220; admin_label=&#8220;WOO BREADCRUMBS DE&#8220; _builder_version=&#8220;4.25.0&#8243; custom_padding=&#8220;0px||30px||false|false&#8220; saved_tabs=&#8220;all&#8220; global_colors_info=&#8220;{}&#8220;][\/et_pb_wc_breadcrumb][et_pb_wc_cart_notice _builder_version=&#8220;4.16&#8243; custom_button=&#8220;on&#8220; button_border_width=&#8220;1px&#8220; button_border_color=&#8220;#FFFFFF&#8220; global_colors_info=&#8220;{}&#8220;][\/et_pb_wc_cart_notice][\/et_pb_column][\/et_pb_row][et_pb_row column_structure=&#8220;1_2,1_2&#8243; _builder_version=&#8220;4.25.0&#8243; background_size=&#8220;initial&#8220; background_position=&#8220;top_left&#8220; background_repeat=&#8220;repeat&#8220; width=&#8220;100%&#8220; custom_margin=&#8220;0px||||false|false&#8220; custom_padding=&#8220;||||false|false&#8220; global_colors_info=&#8220;{}&#8220;][et_pb_column type=&#8220;1_2&#8243; _builder_version=&#8220;4.25.0&#8243; custom_padding=&#8220;|||&#8220; custom_padding_tablet=&#8220;|||&#8220; custom_padding_phone=&#8220;|0px||0px|false|false&#8220; custom_padding_last_edited=&#8220;on|phone&#8220; global_colors_info=&#8220;{}&#8220; custom_padding__hover=&#8220;|||&#8220;][et_pb_wc_images _builder_version=&#8220;4.25.0&#8243; custom_margin_tablet=&#8220;&#8220; custom_margin_phone=&#8220;||||false|false&#8220; custom_margin_last_edited=&#8220;on|phone&#8220; custom_padding_tablet=&#8220;&#8220; custom_padding_phone=&#8220;30px||||false|false&#8220; custom_padding_last_edited=&#8220;on|phone&#8220; global_colors_info=&#8220;{}&#8220;][\/et_pb_wc_images][\/et_pb_column][et_pb_column type=&#8220;1_2&#8243; _builder_version=&#8220;4.16&#8243; custom_padding=&#8220;|||&#8220; global_colors_info=&#8220;{}&#8220; custom_padding__hover=&#8220;|||&#8220;][et_pb_wc_title _builder_version=&#8220;4.16&#8243; global_colors_info=&#8220;{}&#8220;][\/et_pb_wc_title][et_pb_wc_description _builder_version=&#8220;4.16&#8243; global_colors_info=&#8220;{}&#8220;][\/et_pb_wc_description][et_pb_wc_price _builder_version=&#8220;4.24.3&#8243; body_font=&#8220;|600|||||||&#8220; global_colors_info=&#8220;{}&#8220;][\/et_pb_wc_price][et_pb_wc_add_to_cart _builder_version=&#8220;4.16&#8243; global_colors_info=&#8220;{}&#8220;][\/et_pb_wc_add_to_cart][et_pb_wc_meta _builder_version=&#8220;4.16&#8243; global_colors_info=&#8220;{}&#8220;][\/et_pb_wc_meta][\/et_pb_column][\/et_pb_row][et_pb_row column_structure=&#8220;1_2,1_2&#8243; _builder_version=&#8220;4.25.0&#8243; _module_preset=&#8220;default&#8220; width=&#8220;100%&#8220; global_colors_info=&#8220;{}&#8220; custom_css_main_element_phone=&#8220;display: flex;||flex-wrap: wrap;&#8220; custom_css_main_element_last_edited=&#8220;on|phone&#8220;][et_pb_column type=&#8220;1_2&#8243; _builder_version=&#8220;4.25.0&#8243; _module_preset=&#8220;default&#8220; global_colors_info=&#8220;{}&#8220; custom_css_main_element_last_edited=&#8220;on|phone&#8220; custom_css_main_element_phone=&#8220;order:2;&#8220;][et_pb_text admin_label=&#8220;ANWENDUNG&#8220; _builder_version=&#8220;4.27.0&#8243; _module_preset=&#8220;default&#8220; ul_font_size=&#8220;16px&#8220; ul_line_height=&#8220;1.7em&#8220; header_3_line_height=&#8220;1.5em&#8220; background_color=&#8220;#ebebeb&#8220; width_tablet=&#8220;&#8220; width_phone=&#8220;100%&#8220; width_last_edited=&#8220;on|phone&#8220; max_width=&#8220;100%&#8220; custom_margin_tablet=&#8220;&#8220; custom_margin_phone=&#8220;30px||||false|false&#8220; custom_margin_last_edited=&#8220;on|phone&#8220; custom_padding=&#8220;30px|30px|30px|30px|true|true&#8220; custom_padding_tablet=&#8220;30px|30px|30px|30px|true|true&#8220; custom_padding_phone=&#8220;0px|0px|0px|0px|true|true&#8220; custom_padding_last_edited=&#8220;on|phone&#8220; hover_enabled=&#8220;0&#8243; background_color_phone=&#8220;RGBA(255,255,255,0)&#8220; background_last_edited=&#8220;on|phone&#8220; background_enable_color_phone=&#8220;on&#8220; global_colors_info=&#8220;{}&#8220; sticky_enabled=&#8220;0&#8243;]<\/p>\n<p><strong>S jak\u00fdmi pot\u00ed\u017eemi a p\u0159\u00edznaky pom\u00e1h\u00e1 CDS2 podle zpr\u00e1v z cel\u00e9ho sv\u011bta?<\/strong><\/p>\n<ul>\n<li>Arteri\u00e1ln\u00ed blok\u00e1da, arterioskler\u00f3za<\/li>\n<li>Artritida<\/li>\n<li>Astma, bronchitida, z\u00e1pal plic<\/li>\n<li>Onemocn\u011bn\u00ed mo\u010dov\u00e9ho m\u011bch\u00fd\u0159e, hemoroidy, z\u00e1n\u011bt ledvin<\/li>\n<li>Nachlazen\u00ed, hore\u010dka, ch\u0159ipka<\/li>\n<li>Infekce, mal\u00e1rie, tetanus<\/li>\n<li>Gastrointestin\u00e1ln\u00ed infekce, \u017ealude\u010dn\u00ed v\u0159edy, onemocn\u011bn\u00ed tlust\u00e9ho st\u0159eva<\/li>\n<li>Neurodermatitida, napaden\u00ed parazity, pl\u00eds\u0148ov\u00e1 onemocn\u011bn\u00ed<\/li>\n<li>Lup\u00e9nka, bradavice<\/li>\n<li>Bolest ucha, burzitida<\/li>\n<li>R\u00e1ny, z\u00e1n\u011bty d\u00e1sn\u00ed<\/li>\n<li>A mnoho dal\u0161\u00edch&#8230;<\/li>\n<\/ul>\n<p>V\u00edce informac\u00ed o <a href=\"https:\/\/gesundheit-und-sport.com\/cs\/oxid-chloricity-cds-2-je-ucinny-proti-mnoha-zdravotnim-potizim\/\" target=\"_blank\" rel=\"noopener\">pou\u017eit\u00ed a d\u00e1vkov\u00e1n\u00ed CDS2<\/a> najdete na informa\u010dn\u00edm port\u00e1lu FGS. Klikn\u011bte zde pro <a href=\"https:\/\/gesundheit-und-sport.com\/cs\/novinky-a-zakladni-informace-o-zdravotnich-tematech\/\" target=\"_blank\" rel=\"noopener\">dal\u0161\u00ed zaj\u00edmav\u00e1 t\u00e9mata<\/a>.<\/p>\n<p>[\/et_pb_text][\/et_pb_column][et_pb_column type=&#8220;1_2&#8243; _builder_version=&#8220;4.25.0&#8243; _module_preset=&#8220;default&#8220; global_colors_info=&#8220;{}&#8220; custom_css_main_element_last_edited=&#8220;on|phone&#8220; custom_css_main_element_phone=&#8220;order:1;&#8220;][et_pb_text admin_label=&#8220;PRODUKTDETAILS&#8220; _builder_version=&#8220;4.27.0&#8243; _module_preset=&#8220;default&#8220; global_colors_info=&#8220;{}&#8220;]<\/p>\n<p><strong><br \/>CDS2 &#8211; oxid chlori\u010dit\u00fd 0,3 % \/ ~ 3000 ppm<br \/><\/strong>Teflonov\u00fd uz\u00e1v\u011br, sklen\u011bn\u00e1 pipeta a n\u00e1levka nereaguj\u00ed s roztokem oxidu chlori\u010dit\u00e9ho, a zaji\u0161\u0165uj\u00ed tak spolehlivou aplikaci. CDS2 je \u00fa\u010dinn\u00fd proti patogenn\u00edm parazit\u016fm, bakteri\u00edm a cel\u00e9 \u0159ad\u011b onemocn\u011bn\u00ed. Je vysoce \u00fa\u010dinn\u00fd proti bakteri\u00edm, pl\u00edsn\u00edm, parazit\u016fm, rozto\u010d\u016fm, spor\u00e1m, \u0159as\u00e1m, legionel\u00e1m a nespo\u010dtu dal\u0161\u00edch onemocn\u011bn\u00ed. D\u00edky sv\u00e9 vysok\u00e9 oxida\u010dn\u00ed schopnosti neutralizuje<strong> CDS2 z\u00e1rodky \u00fa\u010dinn\u011bji ne\u017e b\u011b\u017en\u00e9 dezinfek\u010dn\u00ed prost\u0159edky nebo antibiotika, ani\u017e by to bylo spojeno s jak\u00fdmkoli rizikem nebo vedlej\u0161\u00edmi \u00fa\u010dinky<\/strong>, jak dokazuj\u00ed zpr\u00e1vy a studie z cel\u00e9ho sv\u011bta.<\/p>\n<p><strong>Co je to oxid chlori\u010dit\u00fd?<br \/><\/strong>Oxid chlori\u010dit\u00fd je ve vod\u011b rozpustn\u00fd plyn slo\u017een\u00fd z chloru a kysl\u00edku. Plyn se rozpou\u0161t\u00ed ve vod\u011b p\u0159i teplot\u011b ni\u017e\u0161\u00ed ne\u017e 11 \u00b0C, v\u00fdsledn\u00e1 vysoce z\u0159ed\u011bn\u00e1 (na\u017eloutl\u00e1) kapalina je pak CDS2 (roztok oxidu chlori\u010dit\u00e9ho). Oxid chlori\u010dit\u00fd (CD) dezinfikuje a <b>p\u016fsob\u00ed oxidac\u00ed bez vzniku \u0161kodliv\u00fdch rozkladn\u00fdch produkt\u016f<\/b>. Rozkl\u00e1d\u00e1 se na kysl\u00edk, vodu a kuchy\u0148skou s\u016fl, kter\u00e1 je pro t\u011blo zcela ne\u0161kodn\u00e1.<\/p>\n<p>[\/et_pb_text][et_pb_text admin_label=&#8220;ANWENDUNG&#8220; _builder_version=&#8220;4.27.0&#8243; _module_preset=&#8220;default&#8220; ul_font_size=&#8220;16px&#8220; ul_line_height=&#8220;1.7em&#8220; header_3_line_height=&#8220;1.5em&#8220; background_color=&#8220;#ebebeb&#8220; width_tablet=&#8220;&#8220; width_phone=&#8220;100%&#8220; width_last_edited=&#8220;on|phone&#8220; max_width=&#8220;100%&#8220; custom_margin_tablet=&#8220;&#8220; custom_margin_phone=&#8220;30px||||false|false&#8220; custom_margin_last_edited=&#8220;on|phone&#8220; custom_padding=&#8220;30px|30px|30px|30px|true|true&#8220; custom_padding_tablet=&#8220;30px|30px|30px|30px|true|true&#8220; custom_padding_phone=&#8220;0px|0px|0px|0px|true|true&#8220; custom_padding_last_edited=&#8220;on|phone&#8220; hover_enabled=&#8220;0&#8243; background_color_phone=&#8220;RGBA(255,255,255,0)&#8220; background_last_edited=&#8220;on|phone&#8220; background_enable_color_phone=&#8220;on&#8220; locked=&#8220;off&#8220; global_colors_info=&#8220;{}&#8220; sticky_enabled=&#8220;0&#8243;]<\/p>\n<p><b>Pozn\u00e1mka:\u00a0<\/b>V\u0161echny produkty CDS2 od spole\u010dnosti Trimedea jsou vyr\u00e1b\u011bny na zak\u00e1zku. Proto je vylou\u010dena mo\u017enost jejich vr\u00e1cen\u00ed (<a href=\"https:\/\/trimedea.com\/cs\/storno-podminky\/\">pr\u00e1vo na odstoupen\u00ed od smlouvy<\/a>).<\/p>\n<p>[\/et_pb_text][\/et_pb_column][\/et_pb_row][et_pb_row custom_padding_last_edited=&#8220;on|phone&#8220; _builder_version=&#8220;4.25.0&#8243; background_size=&#8220;initial&#8220; background_position=&#8220;top_left&#8220; background_repeat=&#8220;repeat&#8220; width=&#8220;100%&#8220; custom_margin_tablet=&#8220;&#8220; custom_margin_phone=&#8220;||||false|false&#8220; custom_margin_last_edited=&#8220;on|phone&#8220; custom_padding_tablet=&#8220;&#8220; custom_padding_phone=&#8220;0px||||false|false&#8220; global_colors_info=&#8220;{}&#8220;][et_pb_column type=&#8220;4_4&#8243; _builder_version=&#8220;4.16&#8243; custom_padding=&#8220;|||&#8220; global_colors_info=&#8220;{}&#8220; custom_padding__hover=&#8220;|||&#8220;][et_pb_wc_upsells _builder_version=&#8220;4.16&#8243; global_colors_info=&#8220;{}&#8220;][\/et_pb_wc_upsells][et_pb_wc_related_products posts_number=&#8220;4&#8243; columns_number=&#8220;4&#8243; include_categories=&#8220;88,74,85,84&#8243; _builder_version=&#8220;4.25.1&#8243; global_colors_info=&#8220;{}&#8220;][\/et_pb_wc_related_products][\/et_pb_column][\/et_pb_row][\/et_pb_section]<\/p>\n","protected":false},"excerpt":{"rendered":"<p><strong><br \/>\n0,3% roztok p\u0159ipraven\u00fd k pou\u017eit\u00ed s teflonov\u00fdm uz\u00e1v\u011brem, UMH-energizovan\u00fd<\/strong><\/p>\n<p>Na\u0161e osv\u011bd\u010den\u00e1 <strong>CDS2 nyn\u00ed bez plastov\u00fdch \u010d\u00e1st\u00ed (kap\u00e1tko, vlo\u017eka uz\u00e1v\u011bru), a proto nejlep\u0161\u00ed mo\u017en\u00e1 ochrana roztoku CDS2<\/strong> v cenov\u011b dostupn\u00e9 sad\u011b nebo jako jednotliv\u00e9 lahvi\u010dky.<\/p>\n","protected":false},"featured_media":55494,"template":"","meta":{"_et_pb_use_builder":"on","_et_pb_old_content":"","_et_gb_content_width":"","footnotes":""},"product_brand":[],"product_cat":[176],"product_tag":[246],"class_list":{"0":"post-55470","1":"product","2":"type-product","3":"status-publish","4":"has-post-thumbnail","6":"product_cat-cds2","7":"product_tag-imunitni-system","9":"first","10":"instock","11":"sale","12":"taxable","13":"shipping-taxable","14":"purchasable","15":"product-type-variable"},"yoast_head":"<!-- This site is optimized with the Yoast SEO plugin v27.5 - https:\/\/yoast.com\/product\/yoast-seo-wordpress\/ -->\n<title>CDS2, oxid chlori\u010dit\u00fd 200 ml ve fialov\u00e9 sklen\u011bn\u00e9 lahvi\u010dce s kap\u00e1tkem<\/title>\n<meta name=\"description\" content=\"CDS2 - oxid chlori\u010dit\u00fd 0,3 % \/ 3000 ppm v 200ml lahvi\u010dce z fialov\u00e9ho skla s kap\u00e1tkem. CDS2 pro l\u00e9\u010dbu r\u016fzn\u00fdch onemocn\u011bn\u00ed, parazit\u016f atd.\" \/>\n<meta name=\"robots\" content=\"index, follow, max-snippet:-1, max-image-preview:large, max-video-preview:-1\" \/>\n<link rel=\"canonical\" href=\"https:\/\/trimedea.com\/cs\/produkt\/cds2-varianty-souprav-oxidu-chloriciteho\/\" \/>\n<meta property=\"og:locale\" content=\"cs_CZ\" \/>\n<meta property=\"og:type\" content=\"article\" \/>\n<meta property=\"og:title\" content=\"CDS2, oxid chlori\u010dit\u00fd 200 ml ve fialov\u00e9 sklen\u011bn\u00e9 lahvi\u010dce s kap\u00e1tkem\" \/>\n<meta property=\"og:description\" content=\"CDS2 - oxid chlori\u010dit\u00fd 0,3 % \/ 3000 ppm v 200ml lahvi\u010dce z fialov\u00e9ho skla s kap\u00e1tkem. CDS2 pro l\u00e9\u010dbu r\u016fzn\u00fdch onemocn\u011bn\u00ed, parazit\u016f atd.\" \/>\n<meta property=\"og:url\" content=\"https:\/\/trimedea.com\/cs\/produkt\/cds2-varianty-souprav-oxidu-chloriciteho\/\" \/>\n<meta property=\"og:site_name\" content=\"TRIMEDEA\" \/>\n<meta property=\"article:modified_time\" content=\"2024-09-18T06:57:26+00:00\" \/>\n<meta property=\"og:image\" content=\"https:\/\/trimedea.com\/wp-content\/uploads\/2024\/04\/CDL_ALLE.jpg\" \/>\n\t<meta property=\"og:image:width\" content=\"1000\" \/>\n\t<meta property=\"og:image:height\" content=\"1000\" \/>\n\t<meta property=\"og:image:type\" content=\"image\/jpeg\" \/>\n<meta name=\"twitter:card\" content=\"summary_large_image\" \/>\n<script type=\"application\/ld+json\" class=\"yoast-schema-graph\">{\"@context\":\"https:\\\/\\\/schema.org\",\"@graph\":[{\"@type\":\"WebPage\",\"@id\":\"https:\\\/\\\/trimedea.com\\\/cs\\\/produkt\\\/cds2-varianty-souprav-oxidu-chloriciteho\\\/\",\"url\":\"https:\\\/\\\/trimedea.com\\\/cs\\\/produkt\\\/cds2-varianty-souprav-oxidu-chloriciteho\\\/\",\"name\":\"CDS2, oxid chlori\u010dit\u00fd 200 ml ve fialov\u00e9 sklen\u011bn\u00e9 lahvi\u010dce s kap\u00e1tkem\",\"isPartOf\":{\"@id\":\"https:\\\/\\\/trimedea.com\\\/cs\\\/#website\"},\"primaryImageOfPage\":{\"@id\":\"https:\\\/\\\/trimedea.com\\\/cs\\\/produkt\\\/cds2-varianty-souprav-oxidu-chloriciteho\\\/#primaryimage\"},\"image\":{\"@id\":\"https:\\\/\\\/trimedea.com\\\/cs\\\/produkt\\\/cds2-varianty-souprav-oxidu-chloriciteho\\\/#primaryimage\"},\"thumbnailUrl\":\"https:\\\/\\\/trimedea.com\\\/wp-content\\\/uploads\\\/2024\\\/04\\\/CDL_ALLE.jpg\",\"datePublished\":\"2024-04-29T10:04:54+00:00\",\"dateModified\":\"2024-09-18T06:57:26+00:00\",\"description\":\"CDS2 - oxid chlori\u010dit\u00fd 0,3 % \\\/ 3000 ppm v 200ml lahvi\u010dce z fialov\u00e9ho skla s kap\u00e1tkem. CDS2 pro l\u00e9\u010dbu r\u016fzn\u00fdch onemocn\u011bn\u00ed, parazit\u016f atd.\",\"breadcrumb\":{\"@id\":\"https:\\\/\\\/trimedea.com\\\/cs\\\/produkt\\\/cds2-varianty-souprav-oxidu-chloriciteho\\\/#breadcrumb\"},\"inLanguage\":\"cs\",\"potentialAction\":[{\"@type\":\"ReadAction\",\"target\":[\"https:\\\/\\\/trimedea.com\\\/cs\\\/produkt\\\/cds2-varianty-souprav-oxidu-chloriciteho\\\/\"]}]},{\"@type\":\"ImageObject\",\"inLanguage\":\"cs\",\"@id\":\"https:\\\/\\\/trimedea.com\\\/cs\\\/produkt\\\/cds2-varianty-souprav-oxidu-chloriciteho\\\/#primaryimage\",\"url\":\"https:\\\/\\\/trimedea.com\\\/wp-content\\\/uploads\\\/2024\\\/04\\\/CDL_ALLE.jpg\",\"contentUrl\":\"https:\\\/\\\/trimedea.com\\\/wp-content\\\/uploads\\\/2024\\\/04\\\/CDL_ALLE.jpg\",\"width\":1000,\"height\":1000},{\"@type\":\"BreadcrumbList\",\"@id\":\"https:\\\/\\\/trimedea.com\\\/cs\\\/produkt\\\/cds2-varianty-souprav-oxidu-chloriciteho\\\/#breadcrumb\",\"itemListElement\":[{\"@type\":\"ListItem\",\"position\":1,\"name\":\"Startseite\",\"item\":\"https:\\\/\\\/trimedea.com\\\/cs\\\/\"},{\"@type\":\"ListItem\",\"position\":2,\"name\":\"TRIMEDEA SHOP\",\"item\":\"https:\\\/\\\/trimedea.com\\\/cs\\\/trimedea-shop\\\/\"},{\"@type\":\"ListItem\",\"position\":3,\"name\":\"CDS2 &#8211; Varianty souprav oxidu chlori\u010dit\u00e9ho\"}]},{\"@type\":\"WebSite\",\"@id\":\"https:\\\/\\\/trimedea.com\\\/cs\\\/#website\",\"url\":\"https:\\\/\\\/trimedea.com\\\/cs\\\/\",\"name\":\"TRIMEDEA\",\"description\":\"F\u00fcr einen gesunden K\u00f6rper und Geist\",\"publisher\":{\"@id\":\"https:\\\/\\\/trimedea.com\\\/cs\\\/#organization\"},\"potentialAction\":[{\"@type\":\"SearchAction\",\"target\":{\"@type\":\"EntryPoint\",\"urlTemplate\":\"https:\\\/\\\/trimedea.com\\\/cs\\\/?s={search_term_string}\"},\"query-input\":{\"@type\":\"PropertyValueSpecification\",\"valueRequired\":true,\"valueName\":\"search_term_string\"}}],\"inLanguage\":\"cs\"},{\"@type\":\"Organization\",\"@id\":\"https:\\\/\\\/trimedea.com\\\/cs\\\/#organization\",\"name\":\"TRIMEDEA\",\"url\":\"https:\\\/\\\/trimedea.com\\\/cs\\\/\",\"logo\":{\"@type\":\"ImageObject\",\"inLanguage\":\"cs\",\"@id\":\"https:\\\/\\\/trimedea.com\\\/cs\\\/#\\\/schema\\\/logo\\\/image\\\/\",\"url\":\"https:\\\/\\\/trimedea.com\\\/wp-content\\\/uploads\\\/2024\\\/04\\\/TRIMEDEA_LOGO.png\",\"contentUrl\":\"https:\\\/\\\/trimedea.com\\\/wp-content\\\/uploads\\\/2024\\\/04\\\/TRIMEDEA_LOGO.png\",\"width\":540,\"height\":248,\"caption\":\"TRIMEDEA\"},\"image\":{\"@id\":\"https:\\\/\\\/trimedea.com\\\/cs\\\/#\\\/schema\\\/logo\\\/image\\\/\"}}]}<\/script>\n<!-- \/ Yoast SEO plugin. -->","yoast_head_json":{"title":"CDS2, oxid chlori\u010dit\u00fd 200 ml ve fialov\u00e9 sklen\u011bn\u00e9 lahvi\u010dce s kap\u00e1tkem","description":"CDS2 - oxid chlori\u010dit\u00fd 0,3 % \/ 3000 ppm v 200ml lahvi\u010dce z fialov\u00e9ho skla s kap\u00e1tkem. CDS2 pro l\u00e9\u010dbu r\u016fzn\u00fdch onemocn\u011bn\u00ed, parazit\u016f atd.","robots":{"index":"index","follow":"follow","max-snippet":"max-snippet:-1","max-image-preview":"max-image-preview:large","max-video-preview":"max-video-preview:-1"},"canonical":"https:\/\/trimedea.com\/cs\/produkt\/cds2-varianty-souprav-oxidu-chloriciteho\/","og_locale":"cs_CZ","og_type":"article","og_title":"CDS2, oxid chlori\u010dit\u00fd 200 ml ve fialov\u00e9 sklen\u011bn\u00e9 lahvi\u010dce s kap\u00e1tkem","og_description":"CDS2 - oxid chlori\u010dit\u00fd 0,3 % \/ 3000 ppm v 200ml lahvi\u010dce z fialov\u00e9ho skla s kap\u00e1tkem. CDS2 pro l\u00e9\u010dbu r\u016fzn\u00fdch onemocn\u011bn\u00ed, parazit\u016f atd.","og_url":"https:\/\/trimedea.com\/cs\/produkt\/cds2-varianty-souprav-oxidu-chloriciteho\/","og_site_name":"TRIMEDEA","article_modified_time":"2024-09-18T06:57:26+00:00","og_image":[{"width":1000,"height":1000,"url":"https:\/\/trimedea.com\/wp-content\/uploads\/2024\/04\/CDL_ALLE.jpg","type":"image\/jpeg"}],"twitter_card":"summary_large_image","schema":{"@context":"https:\/\/schema.org","@graph":[{"@type":"WebPage","@id":"https:\/\/trimedea.com\/cs\/produkt\/cds2-varianty-souprav-oxidu-chloriciteho\/","url":"https:\/\/trimedea.com\/cs\/produkt\/cds2-varianty-souprav-oxidu-chloriciteho\/","name":"CDS2, oxid chlori\u010dit\u00fd 200 ml ve fialov\u00e9 sklen\u011bn\u00e9 lahvi\u010dce s kap\u00e1tkem","isPartOf":{"@id":"https:\/\/trimedea.com\/cs\/#website"},"primaryImageOfPage":{"@id":"https:\/\/trimedea.com\/cs\/produkt\/cds2-varianty-souprav-oxidu-chloriciteho\/#primaryimage"},"image":{"@id":"https:\/\/trimedea.com\/cs\/produkt\/cds2-varianty-souprav-oxidu-chloriciteho\/#primaryimage"},"thumbnailUrl":"https:\/\/trimedea.com\/wp-content\/uploads\/2024\/04\/CDL_ALLE.jpg","datePublished":"2024-04-29T10:04:54+00:00","dateModified":"2024-09-18T06:57:26+00:00","description":"CDS2 - oxid chlori\u010dit\u00fd 0,3 % \/ 3000 ppm v 200ml lahvi\u010dce z fialov\u00e9ho skla s kap\u00e1tkem. CDS2 pro l\u00e9\u010dbu r\u016fzn\u00fdch onemocn\u011bn\u00ed, parazit\u016f atd.","breadcrumb":{"@id":"https:\/\/trimedea.com\/cs\/produkt\/cds2-varianty-souprav-oxidu-chloriciteho\/#breadcrumb"},"inLanguage":"cs","potentialAction":[{"@type":"ReadAction","target":["https:\/\/trimedea.com\/cs\/produkt\/cds2-varianty-souprav-oxidu-chloriciteho\/"]}]},{"@type":"ImageObject","inLanguage":"cs","@id":"https:\/\/trimedea.com\/cs\/produkt\/cds2-varianty-souprav-oxidu-chloriciteho\/#primaryimage","url":"https:\/\/trimedea.com\/wp-content\/uploads\/2024\/04\/CDL_ALLE.jpg","contentUrl":"https:\/\/trimedea.com\/wp-content\/uploads\/2024\/04\/CDL_ALLE.jpg","width":1000,"height":1000},{"@type":"BreadcrumbList","@id":"https:\/\/trimedea.com\/cs\/produkt\/cds2-varianty-souprav-oxidu-chloriciteho\/#breadcrumb","itemListElement":[{"@type":"ListItem","position":1,"name":"Startseite","item":"https:\/\/trimedea.com\/cs\/"},{"@type":"ListItem","position":2,"name":"TRIMEDEA SHOP","item":"https:\/\/trimedea.com\/cs\/trimedea-shop\/"},{"@type":"ListItem","position":3,"name":"CDS2 &#8211; Varianty souprav oxidu chlori\u010dit\u00e9ho"}]},{"@type":"WebSite","@id":"https:\/\/trimedea.com\/cs\/#website","url":"https:\/\/trimedea.com\/cs\/","name":"TRIMEDEA","description":"F\u00fcr einen gesunden K\u00f6rper und Geist","publisher":{"@id":"https:\/\/trimedea.com\/cs\/#organization"},"potentialAction":[{"@type":"SearchAction","target":{"@type":"EntryPoint","urlTemplate":"https:\/\/trimedea.com\/cs\/?s={search_term_string}"},"query-input":{"@type":"PropertyValueSpecification","valueRequired":true,"valueName":"search_term_string"}}],"inLanguage":"cs"},{"@type":"Organization","@id":"https:\/\/trimedea.com\/cs\/#organization","name":"TRIMEDEA","url":"https:\/\/trimedea.com\/cs\/","logo":{"@type":"ImageObject","inLanguage":"cs","@id":"https:\/\/trimedea.com\/cs\/#\/schema\/logo\/image\/","url":"https:\/\/trimedea.com\/wp-content\/uploads\/2024\/04\/TRIMEDEA_LOGO.png","contentUrl":"https:\/\/trimedea.com\/wp-content\/uploads\/2024\/04\/TRIMEDEA_LOGO.png","width":540,"height":248,"caption":"TRIMEDEA"},"image":{"@id":"https:\/\/trimedea.com\/cs\/#\/schema\/logo\/image\/"}}]}},"_links":{"self":[{"href":"https:\/\/trimedea.com\/cs\/wp-json\/wp\/v2\/product\/55470","targetHints":{"allow":["GET"]}}],"collection":[{"href":"https:\/\/trimedea.com\/cs\/wp-json\/wp\/v2\/product"}],"about":[{"href":"https:\/\/trimedea.com\/cs\/wp-json\/wp\/v2\/types\/product"}],"version-history":[{"count":0,"href":"https:\/\/trimedea.com\/cs\/wp-json\/wp\/v2\/product\/55470\/revisions"}],"wp:featuredmedia":[{"embeddable":true,"href":"https:\/\/trimedea.com\/cs\/wp-json\/wp\/v2\/media\/55494"}],"wp:attachment":[{"href":"https:\/\/trimedea.com\/cs\/wp-json\/wp\/v2\/media?parent=55470"}],"wp:term":[{"taxonomy":"product_brand","embeddable":true,"href":"https:\/\/trimedea.com\/cs\/wp-json\/wp\/v2\/product_brand?post=55470"},{"taxonomy":"product_cat","embeddable":true,"href":"https:\/\/trimedea.com\/cs\/wp-json\/wp\/v2\/product_cat?post=55470"},{"taxonomy":"product_tag","embeddable":true,"href":"https:\/\/trimedea.com\/cs\/wp-json\/wp\/v2\/product_tag?post=55470"}],"curies":[{"name":"wp","href":"https:\/\/api.w.org\/{rel}","templated":true}]}}