{"id":55518,"date":"2024-05-13T11:04:02","date_gmt":"2024-05-13T11:04:02","guid":{"rendered":"https:\/\/test.trimedea.com\/produkt\/trimedea-set-velke-3mesicni-baleni\/"},"modified":"2024-10-09T07:59:11","modified_gmt":"2024-10-09T07:59:11","slug":"trimedea-set-velke-3mesicni-baleni","status":"publish","type":"product","link":"https:\/\/trimedea.com\/cs\/produkt\/trimedea-set-velke-3mesicni-baleni\/","title":{"rendered":"TRIMEDEA set velk\u00e9 3m\u011bs\u00ed\u010dn\u00ed balen\u00ed"},"content":{"rendered":"<p>[et_pb_section fb_built=&#8220;1&#8243; _builder_version=&#8220;4.16&#8243; custom_padding=&#8220;0px||3px||false|false&#8220; global_colors_info=&#8220;{}&#8220;][et_pb_row _builder_version=&#8220;4.16&#8243; background_size=&#8220;initial&#8220; background_position=&#8220;top_left&#8220; background_repeat=&#8220;repeat&#8220; width=&#8220;100%&#8220; custom_padding=&#8220;0px||0px||false|false&#8220; global_colors_info=&#8220;{}&#8220;][et_pb_column type=&#8220;4_4&#8243; _builder_version=&#8220;4.16&#8243; custom_padding=&#8220;|||&#8220; global_colors_info=&#8220;{}&#8220; custom_padding__hover=&#8220;|||&#8220;][et_pb_wc_breadcrumb breadcrumb_home_text=&#8220;TRIMEDEA SHOP&#8220; breadcrumb_home_url=&#8220;https:\/\/trimedea.com\/trimedea-shop&#8220; breadcrumb_separator=&#8220;|&#8220; admin_label=&#8220;WOO BREADCRUMBS DE&#8220; _builder_version=&#8220;4.25.0&#8243; custom_padding=&#8220;0px||30px||false|false&#8220; saved_tabs=&#8220;all&#8220; global_colors_info=&#8220;{}&#8220;][\/et_pb_wc_breadcrumb][et_pb_wc_cart_notice _builder_version=&#8220;4.16&#8243; custom_button=&#8220;on&#8220; button_border_width=&#8220;1px&#8220; button_border_color=&#8220;#FFFFFF&#8220; global_colors_info=&#8220;{}&#8220;][\/et_pb_wc_cart_notice][\/et_pb_column][\/et_pb_row][et_pb_row column_structure=&#8220;1_2,1_2&#8243; _builder_version=&#8220;4.25.0&#8243; background_size=&#8220;initial&#8220; background_position=&#8220;top_left&#8220; background_repeat=&#8220;repeat&#8220; width=&#8220;100%&#8220; custom_margin=&#8220;0px||||false|false&#8220; custom_padding=&#8220;||||false|false&#8220; global_colors_info=&#8220;{}&#8220;][et_pb_column type=&#8220;1_2&#8243; _builder_version=&#8220;4.25.0&#8243; custom_padding=&#8220;|||&#8220; custom_padding_tablet=&#8220;|||&#8220; custom_padding_phone=&#8220;|0px||0px|false|false&#8220; custom_padding_last_edited=&#8220;on|phone&#8220; global_colors_info=&#8220;{}&#8220; custom_padding__hover=&#8220;|||&#8220;][et_pb_wc_images _builder_version=&#8220;4.25.0&#8243; custom_margin_tablet=&#8220;&#8220; custom_margin_phone=&#8220;||||false|false&#8220; custom_margin_last_edited=&#8220;on|phone&#8220; custom_padding_tablet=&#8220;&#8220; custom_padding_phone=&#8220;30px||||false|false&#8220; custom_padding_last_edited=&#8220;on|phone&#8220; global_colors_info=&#8220;{}&#8220;][\/et_pb_wc_images][\/et_pb_column][et_pb_column type=&#8220;1_2&#8243; _builder_version=&#8220;4.16&#8243; custom_padding=&#8220;|||&#8220; global_colors_info=&#8220;{}&#8220; custom_padding__hover=&#8220;|||&#8220;][et_pb_wc_title _builder_version=&#8220;4.16&#8243; global_colors_info=&#8220;{}&#8220;][\/et_pb_wc_title][et_pb_wc_description _builder_version=&#8220;4.16&#8243; global_colors_info=&#8220;{}&#8220;][\/et_pb_wc_description][et_pb_wc_price _builder_version=&#8220;4.24.3&#8243; body_font=&#8220;|600|||||||&#8220; global_colors_info=&#8220;{}&#8220;][\/et_pb_wc_price][et_pb_wc_add_to_cart _builder_version=&#8220;4.16&#8243; global_colors_info=&#8220;{}&#8220;][\/et_pb_wc_add_to_cart][et_pb_wc_meta _builder_version=&#8220;4.16&#8243; global_colors_info=&#8220;{}&#8220;][\/et_pb_wc_meta][\/et_pb_column][\/et_pb_row][et_pb_row column_structure=&#8220;1_2,1_2&#8243; _builder_version=&#8220;4.25.0&#8243; _module_preset=&#8220;default&#8220; width=&#8220;100%&#8220; global_colors_info=&#8220;{}&#8220; custom_css_main_element_phone=&#8220;display: flex;||flex-wrap: wrap;&#8220; custom_css_main_element_last_edited=&#8220;on|phone&#8220;][et_pb_column type=&#8220;1_2&#8243; _builder_version=&#8220;4.25.0&#8243; _module_preset=&#8220;default&#8220; global_colors_info=&#8220;{}&#8220; custom_css_main_element_last_edited=&#8220;on|phone&#8220; custom_css_main_element_phone=&#8220;order:2;&#8220;][et_pb_text admin_label=&#8220;ANGEBOT&#8220; _builder_version=&#8220;4.27.0&#8243; _module_preset=&#8220;default&#8220; ul_font_size=&#8220;16px&#8220; ul_line_height=&#8220;1.7em&#8220; header_2_line_height=&#8220;1.5em&#8220; header_3_line_height=&#8220;1.5em&#8220; background_color=&#8220;#ebebeb&#8220; custom_padding=&#8220;30px|30px|30px|30px|true|true&#8220; hover_enabled=&#8220;0&#8243; background_color_phone=&#8220;RGBA(255,255,255,0)&#8220; background_enable_color_phone=&#8220;on&#8220; global_colors_info=&#8220;{}&#8220; sticky_enabled=&#8220;0&#8243;]<\/p>\n<h2>\n<p>T<span style=\"color: #c0a000;\">RIMEDEA set velk\u00e9 3m\u011bs\u00ed\u010dn\u00ed balen\u00ed:<\/span> M\u00edsto 598,90 eur*<strong>pouze 369,00 eur<\/strong> U\u0161et\u0159\u00edte p\u0159ibli\u017en\u011b 39 procent!<\/h2>\n<p>[\/et_pb_text][\/et_pb_column][et_pb_column type=&#8220;1_2&#8243; _builder_version=&#8220;4.25.0&#8243; _module_preset=&#8220;default&#8220; global_colors_info=&#8220;{}&#8220; custom_css_main_element_last_edited=&#8220;on|phone&#8220; custom_css_main_element_phone=&#8220;order:1;&#8220;][et_pb_text admin_label=&#8220;PRODUKTDETAILS&#8220; _builder_version=&#8220;4.25.0&#8243; _module_preset=&#8220;default&#8220; global_colors_info=&#8220;{}&#8220;]<\/p>\n<p><strong>Vylep\u0161ete sv\u00e9 z\u00e1kladn\u00ed z\u00e1sobov\u00e1n\u00ed t\u00edm nejlep\u0161\u00edm z na\u0161\u00ed nab\u00eddky v jedine\u010dn\u00e9 kvalit\u011b Trimedea:<\/strong><\/p>\n<ul>\n<li>1 x 1000 ml koloidn\u00edho zlata: Zvy\u0161uje mozkovou aktivitu a IQ<\/li>\n<li>1 x 1000 ml koloidn\u00ed platiny: Aktivuje mozek, kreativitu a koncentraci<\/li>\n<li>1 x 1000 ml koloidn\u00edho germania: p\u0159enos kysl\u00edku, produkce energie, detoxikace t\u011b\u017ek\u00fdch kov\u016f, mikrocirkulace a zlep\u0161en\u00ed pr\u016ftoku krve.<\/li>\n<li>1 x 300 g Sango Pur: z\u00e1kladn\u00ed p\u0159\u00edsun miner\u00e1l\u016f a stopov\u00fdch prvk\u016f<\/li>\n<li>3 x 250 ml Berry Vital: nejcenn\u011bj\u0161\u00ed fytochemik\u00e1lie z 8 siln\u00fdch bobul\u00ed<\/li>\n<li>1 x 100 ml koloidn\u00edho st\u0159\u00edbra: rychl\u00e1 pomoc p\u0159i poran\u011bn\u00edch, zran\u011bn\u00edch a z\u00e1n\u011btech<\/li>\n<li>1 x 100 ml koloidn\u00ed m\u011bdi: regenerace pleti, hydratace pleti a jemn\u011bj\u0161\u00ed struktura pleti<\/li>\n<\/ul>\n<p>[\/et_pb_text][\/et_pb_column][\/et_pb_row][et_pb_row custom_padding_last_edited=&#8220;on|phone&#8220; _builder_version=&#8220;4.25.0&#8243; background_size=&#8220;initial&#8220; background_position=&#8220;top_left&#8220; background_repeat=&#8220;repeat&#8220; width=&#8220;100%&#8220; custom_margin_tablet=&#8220;&#8220; custom_margin_phone=&#8220;||||false|false&#8220; custom_margin_last_edited=&#8220;on|phone&#8220; custom_padding_tablet=&#8220;&#8220; custom_padding_phone=&#8220;0px||||false|false&#8220; global_colors_info=&#8220;{}&#8220;][et_pb_column type=&#8220;4_4&#8243; _builder_version=&#8220;4.16&#8243; custom_padding=&#8220;|||&#8220; global_colors_info=&#8220;{}&#8220; custom_padding__hover=&#8220;|||&#8220;][et_pb_wc_upsells _builder_version=&#8220;4.16&#8243; global_colors_info=&#8220;{}&#8220;][\/et_pb_wc_upsells][et_pb_wc_related_products include_categories=&#8220;80&#8243; _builder_version=&#8220;4.25.1&#8243; product_title_line_height=&#8220;1.5em&#8220; price_font_size=&#8220;26px&#8220; price_line_height=&#8220;1em&#8220; global_colors_info=&#8220;{}&#8220;][\/et_pb_wc_related_products][\/et_pb_column][\/et_pb_row][et_pb_row _builder_version=&#8220;4.25.0&#8243; _module_preset=&#8220;default&#8220; background_color=&#8220;RGBA(255,255,255,0)&#8220; width=&#8220;100%&#8220; max_width=&#8220;100%&#8220; custom_margin=&#8220;0px||||false|false&#8220; custom_padding=&#8220;||||false|false&#8220; global_colors_info=&#8220;{}&#8220;][et_pb_column type=&#8220;4_4&#8243; _builder_version=&#8220;4.25.0&#8243; _module_preset=&#8220;default&#8220; background_color=&#8220;RGBA(255,255,255,0)&#8220; global_colors_info=&#8220;{}&#8220;][et_pb_text _builder_version=&#8220;4.26.0&#8243; _module_preset=&#8220;default&#8220; header_text_color=&#8220;#C0A000&#8243; header_2_font=&#8220;|600|||||||&#8220; header_2_text_color=&#8220;#C0A000&#8243; header_2_font_size=&#8220;28px&#8220; header_2_line_height=&#8220;1.5em&#8220; header_3_line_height=&#8220;1.5em&#8220; global_colors_info=&#8220;{}&#8220;]<\/p>\n<h2 style=\"text-align: center;\"><strong>TRIMEDEA Set Large<br \/><\/strong><\/h2>\n<h3 style=\"text-align: center;\">Zejm\u00e9na \u00fasp\u011b\u0161n\u00e1 kombinace na\u0161ich produkt\u016f m\u00e1 \u00fa\u010dinn\u00fd a dlouhodob\u00fd vliv na va\u0161e zdrav\u00ed.<\/h3>\n<p>[\/et_pb_text][et_pb_text admin_label=&#8220;DETAILS&#8220; _builder_version=&#8220;4.26.0&#8243; _module_preset=&#8220;default&#8220; header_2_line_height=&#8220;1.5em&#8220; header_5_text_color=&#8220;#C0A000&#8243; background_color=&#8220;RGBA(255,255,255,0)&#8220; width_tablet=&#8220;&#8220; width_phone=&#8220;&#8220; width_last_edited=&#8220;on|desktop&#8220; global_colors_info=&#8220;{}&#8220;]<\/p>\n<h3>Vyrobeno pomoc\u00ed vysokonap\u011b\u0165ov\u00e9ho plazmov\u00e9ho procesu<\/h3>\n<p>Ve spole\u010dnosti Trimedea jsme se rozhodli pro komplexn\u00ed vysokonap\u011b\u0165ov\u00fd plazmov\u00fd proces s nap\u011bt\u00edm 10 000 volt\u016f. Pouze s touto vysoce kvalitn\u00ed technologi\u00ed lze p\u0159i spr\u00e1vn\u00e9m pou\u017eit\u00ed dos\u00e1hnout nejlep\u0161\u00ed mo\u017en\u00e9 kvality koloid\u016f: nejmen\u0161\u00ed velikost \u010d\u00e1stic, nejvy\u0161\u0161\u00ed obsah energie, dlouh\u00e1 trvanlivost, suspendovan\u00fd stav. Je \u00fa\u010dinn\u011bj\u0161\u00ed, biologicky dostupn\u011bj\u0161\u00ed, energi\u010dt\u011bj\u0161\u00ed a trvanliv\u011bj\u0161\u00ed, netvo\u0159\u00ed slou\u010deniny s jin\u00fdmi l\u00e1tkami, nevede k usazenin\u00e1m a nedoch\u00e1z\u00ed k p\u0159ed\u00e1vkov\u00e1n\u00ed.<\/p>\n<p>[\/et_pb_text][et_pb_text admin_label=&#8220;DETAILS&#8220; _builder_version=&#8220;4.27.0&#8243; _module_preset=&#8220;default&#8220; header_2_line_height=&#8220;1.5em&#8220; header_5_text_color=&#8220;#C0A000&#8243; background_color=&#8220;RGBA(255,255,255,0)&#8220; width_tablet=&#8220;&#8220; width_phone=&#8220;&#8220; width_last_edited=&#8220;on|desktop&#8220; global_module=&#8220;57633&#8243; saved_tabs=&#8220;all&#8220; locked=&#8220;off&#8220; global_colors_info=&#8220;{}&#8220;]<\/p>\n<h3>Was sind kolloidale Metalle und wie nimmt man sie ein?<\/h3>\n<p>Bei echten kolloidalen Metallen handelt es sich um sehr feine Metallpartikel, die in Wasser schweben und keine Verbindung mit dem Wasser eingehen \u2013 im Gegensatz zu ionischen L\u00f6sungen (elektrolytische Herstellung). Die Gr\u00f6\u00dfe der einzelnen Teilchen liegt zwischen 1 und 20 Nanometer (1 nm = ein milliardstel Meter). Die Partikel dieser fl\u00fcssigen Dispersion k\u00f6nnen durch verschiedene Herstellungsverfahren entstehen, die je nach Verfahren einen erheblichen Einfluss auf die Eigenschaften und Qualit\u00e4t haben. Mehr \u00fcber <a href=\"https:\/\/gesundheit-und-sport.com\/anwendung-und-dosierung-von-kolloidalen-metallen\/\" target=\"_blank\" rel=\"noopener\">Anwendung und Dosierung von Kolloiden<\/a>\u00a0erfahren Sie in dem Info-Portal der FGS. Weitere Informationen zu Teilchengr\u00f6\u00dfe (nm), Konzentration (ppm), Wirksamkeit und Bioverf\u00fcgbarkeit finden Sie in <a href=\"https:\/\/trimedea.com\/faq-kolloidale-metalle\/\" target=\"_blank\" rel=\"noopener\">unseren FAQ hier. <\/a><strong>Warum kolloidale Metalle als Katalysatoren und Stoffwechselbeschleuniger so wichtig sind<\/strong> erfahren Sie <a href=\"https:\/\/gesundheit-und-sport.com\/katalytisch-aktive-metalle-wichtige-elemente-fuer-unsere-gesundheit\/\" target=\"_blank\" rel=\"noopener\">hier<\/a>.<br \/>Zur Herstellung von echten kolloidalen Metallen eignet sich das Hochvolt-Plasmaverfahren aus bio-logischer Sicht am besten. Warum die Herstellung mittels Elektrolyse (= ionische L\u00f6sung \/ wenig echte Kolloide) mehr Risiken hat als Vorteile und was genau die Unterschiede sind, erfahren Sie <a href=\"https:\/\/gesundheit-und-sport.com\/kolloidales-gold-silber-und-platin-im-hochvolt-plasma-verfahren\/\" target=\"_blank\" rel=\"noopener\">hier<\/a>.<\/p>\n<p>[\/et_pb_text][\/et_pb_column][\/et_pb_row][\/et_pb_section]<\/p>\n","protected":false},"excerpt":{"rendered":"<p><strong>Va\u0161e sada Trimedea jako 3m\u011bs\u00ed\u010dn\u00ed nab\u00eddka s d\u016fle\u017eit\u00fdmi z\u00e1kladn\u00edmi miner\u00e1ly, sekund\u00e1rn\u00edmi rostlinn\u00fdmi l\u00e1tkami a unik\u00e1tn\u00edmi koloidn\u00edmi kovy pro aktivaci mozkov\u00e9 v\u00fdkonnosti a kreativity, produkci kysl\u00edku a energie v bu\u0148k\u00e1ch <\/strong>Kombinace vybran\u00fdch produkt\u016f Trimedea p\u016fsob\u00ed synergicky a dod\u00e1v\u00e1 t\u011blu d\u016fle\u017eit\u00e9 miner\u00e1ly, stopov\u00e9 prvky, ultrastopov\u00e9 prvky, sekund\u00e1rn\u00ed rostlinn\u00e9 l\u00e1tky z 8 siln\u00fdch plod\u016f a koloidn\u00ed kovy, kter\u00e9 aktivuj\u00ed metabolismus mozku.<\/p>\n","protected":false},"featured_media":55512,"template":"","meta":{"_et_pb_use_builder":"on","_et_pb_old_content":"","_et_gb_content_width":"","footnotes":""},"product_brand":[],"product_cat":[175],"product_tag":[246,232],"class_list":{"0":"post-55518","1":"product","2":"type-product","3":"status-publish","4":"has-post-thumbnail","6":"product_cat-sady-trimedea","7":"product_tag-imunitni-system","8":"product_tag-mysl-a-mozek","10":"first","11":"instock","12":"sale","13":"taxable","14":"shipping-taxable","15":"purchasable","16":"product-type-simple"},"yoast_head":"<!-- This site is optimized with the Yoast SEO plugin v27.4 - https:\/\/yoast.com\/product\/yoast-seo-wordpress\/ -->\n<title>Velk\u00e1 sada TRIMEDEA - jedine\u010dn\u00e9 bio-logicky kombinovan\u00e9 produkty<\/title>\n<meta name=\"description\" content=\"3m\u011bs\u00ed\u010dn\u00ed balen\u00ed obsahuj\u00edc\u00ed: po 1 litru koloidn\u00edho zlata, platinov\u00e9ho germania, 300 g Sango Pur, 3 x 250 ml Berry Vital, po 100 ml st\u0159\u00edbra a m\u011bdi.\" \/>\n<meta name=\"robots\" content=\"index, follow, max-snippet:-1, max-image-preview:large, max-video-preview:-1\" \/>\n<link rel=\"canonical\" href=\"https:\/\/trimedea.com\/cs\/produkt\/trimedea-set-velke-3mesicni-baleni\/\" \/>\n<meta property=\"og:locale\" content=\"cs_CZ\" \/>\n<meta property=\"og:type\" content=\"article\" \/>\n<meta property=\"og:title\" content=\"Velk\u00e1 sada TRIMEDEA - jedine\u010dn\u00e9 bio-logicky kombinovan\u00e9 produkty\" \/>\n<meta property=\"og:description\" content=\"3m\u011bs\u00ed\u010dn\u00ed balen\u00ed obsahuj\u00edc\u00ed: po 1 litru koloidn\u00edho zlata, platinov\u00e9ho germania, 300 g Sango Pur, 3 x 250 ml Berry Vital, po 100 ml st\u0159\u00edbra a m\u011bdi.\" \/>\n<meta property=\"og:url\" content=\"https:\/\/trimedea.com\/cs\/produkt\/trimedea-set-velke-3mesicni-baleni\/\" \/>\n<meta property=\"og:site_name\" content=\"TRIMEDEA\" \/>\n<meta property=\"article:modified_time\" content=\"2024-10-09T07:59:11+00:00\" \/>\n<meta property=\"og:image\" content=\"https:\/\/trimedea.com\/wp-content\/uploads\/2024\/05\/TRIMEDEA_SET_GROSS.jpg\" \/>\n\t<meta property=\"og:image:width\" content=\"1000\" \/>\n\t<meta property=\"og:image:height\" content=\"1000\" \/>\n\t<meta property=\"og:image:type\" content=\"image\/jpeg\" \/>\n<meta name=\"twitter:card\" content=\"summary_large_image\" \/>\n<script type=\"application\/ld+json\" class=\"yoast-schema-graph\">{\"@context\":\"https:\\\/\\\/schema.org\",\"@graph\":[{\"@type\":\"WebPage\",\"@id\":\"https:\\\/\\\/trimedea.com\\\/cs\\\/produkt\\\/trimedea-set-velke-3mesicni-baleni\\\/\",\"url\":\"https:\\\/\\\/trimedea.com\\\/cs\\\/produkt\\\/trimedea-set-velke-3mesicni-baleni\\\/\",\"name\":\"Velk\u00e1 sada TRIMEDEA - jedine\u010dn\u00e9 bio-logicky kombinovan\u00e9 produkty\",\"isPartOf\":{\"@id\":\"https:\\\/\\\/trimedea.com\\\/cs\\\/#website\"},\"primaryImageOfPage\":{\"@id\":\"https:\\\/\\\/trimedea.com\\\/cs\\\/produkt\\\/trimedea-set-velke-3mesicni-baleni\\\/#primaryimage\"},\"image\":{\"@id\":\"https:\\\/\\\/trimedea.com\\\/cs\\\/produkt\\\/trimedea-set-velke-3mesicni-baleni\\\/#primaryimage\"},\"thumbnailUrl\":\"https:\\\/\\\/trimedea.com\\\/wp-content\\\/uploads\\\/2024\\\/05\\\/TRIMEDEA_SET_GROSS.jpg\",\"datePublished\":\"2024-05-13T11:04:02+00:00\",\"dateModified\":\"2024-10-09T07:59:11+00:00\",\"description\":\"3m\u011bs\u00ed\u010dn\u00ed balen\u00ed obsahuj\u00edc\u00ed: po 1 litru koloidn\u00edho zlata, platinov\u00e9ho germania, 300 g Sango Pur, 3 x 250 ml Berry Vital, po 100 ml st\u0159\u00edbra a m\u011bdi.\",\"breadcrumb\":{\"@id\":\"https:\\\/\\\/trimedea.com\\\/cs\\\/produkt\\\/trimedea-set-velke-3mesicni-baleni\\\/#breadcrumb\"},\"inLanguage\":\"cs\",\"potentialAction\":[{\"@type\":\"ReadAction\",\"target\":[\"https:\\\/\\\/trimedea.com\\\/cs\\\/produkt\\\/trimedea-set-velke-3mesicni-baleni\\\/\"]}]},{\"@type\":\"ImageObject\",\"inLanguage\":\"cs\",\"@id\":\"https:\\\/\\\/trimedea.com\\\/cs\\\/produkt\\\/trimedea-set-velke-3mesicni-baleni\\\/#primaryimage\",\"url\":\"https:\\\/\\\/trimedea.com\\\/wp-content\\\/uploads\\\/2024\\\/05\\\/TRIMEDEA_SET_GROSS.jpg\",\"contentUrl\":\"https:\\\/\\\/trimedea.com\\\/wp-content\\\/uploads\\\/2024\\\/05\\\/TRIMEDEA_SET_GROSS.jpg\",\"width\":1000,\"height\":1000},{\"@type\":\"BreadcrumbList\",\"@id\":\"https:\\\/\\\/trimedea.com\\\/cs\\\/produkt\\\/trimedea-set-velke-3mesicni-baleni\\\/#breadcrumb\",\"itemListElement\":[{\"@type\":\"ListItem\",\"position\":1,\"name\":\"Startseite\",\"item\":\"https:\\\/\\\/trimedea.com\\\/cs\\\/\"},{\"@type\":\"ListItem\",\"position\":2,\"name\":\"TRIMEDEA SHOP\",\"item\":\"https:\\\/\\\/trimedea.com\\\/cs\\\/trimedea-shop\\\/\"},{\"@type\":\"ListItem\",\"position\":3,\"name\":\"TRIMEDEA set velk\u00e9 3m\u011bs\u00ed\u010dn\u00ed balen\u00ed\"}]},{\"@type\":\"WebSite\",\"@id\":\"https:\\\/\\\/trimedea.com\\\/cs\\\/#website\",\"url\":\"https:\\\/\\\/trimedea.com\\\/cs\\\/\",\"name\":\"TRIMEDEA\",\"description\":\"F\u00fcr einen gesunden K\u00f6rper und Geist\",\"publisher\":{\"@id\":\"https:\\\/\\\/trimedea.com\\\/cs\\\/#organization\"},\"potentialAction\":[{\"@type\":\"SearchAction\",\"target\":{\"@type\":\"EntryPoint\",\"urlTemplate\":\"https:\\\/\\\/trimedea.com\\\/cs\\\/?s={search_term_string}\"},\"query-input\":{\"@type\":\"PropertyValueSpecification\",\"valueRequired\":true,\"valueName\":\"search_term_string\"}}],\"inLanguage\":\"cs\"},{\"@type\":\"Organization\",\"@id\":\"https:\\\/\\\/trimedea.com\\\/cs\\\/#organization\",\"name\":\"TRIMEDEA\",\"url\":\"https:\\\/\\\/trimedea.com\\\/cs\\\/\",\"logo\":{\"@type\":\"ImageObject\",\"inLanguage\":\"cs\",\"@id\":\"https:\\\/\\\/trimedea.com\\\/cs\\\/#\\\/schema\\\/logo\\\/image\\\/\",\"url\":\"https:\\\/\\\/trimedea.com\\\/wp-content\\\/uploads\\\/2024\\\/04\\\/TRIMEDEA_LOGO.png\",\"contentUrl\":\"https:\\\/\\\/trimedea.com\\\/wp-content\\\/uploads\\\/2024\\\/04\\\/TRIMEDEA_LOGO.png\",\"width\":540,\"height\":248,\"caption\":\"TRIMEDEA\"},\"image\":{\"@id\":\"https:\\\/\\\/trimedea.com\\\/cs\\\/#\\\/schema\\\/logo\\\/image\\\/\"}}]}<\/script>\n<!-- \/ Yoast SEO plugin. -->","yoast_head_json":{"title":"Velk\u00e1 sada TRIMEDEA - jedine\u010dn\u00e9 bio-logicky kombinovan\u00e9 produkty","description":"3m\u011bs\u00ed\u010dn\u00ed balen\u00ed obsahuj\u00edc\u00ed: po 1 litru koloidn\u00edho zlata, platinov\u00e9ho germania, 300 g Sango Pur, 3 x 250 ml Berry Vital, po 100 ml st\u0159\u00edbra a m\u011bdi.","robots":{"index":"index","follow":"follow","max-snippet":"max-snippet:-1","max-image-preview":"max-image-preview:large","max-video-preview":"max-video-preview:-1"},"canonical":"https:\/\/trimedea.com\/cs\/produkt\/trimedea-set-velke-3mesicni-baleni\/","og_locale":"cs_CZ","og_type":"article","og_title":"Velk\u00e1 sada TRIMEDEA - jedine\u010dn\u00e9 bio-logicky kombinovan\u00e9 produkty","og_description":"3m\u011bs\u00ed\u010dn\u00ed balen\u00ed obsahuj\u00edc\u00ed: po 1 litru koloidn\u00edho zlata, platinov\u00e9ho germania, 300 g Sango Pur, 3 x 250 ml Berry Vital, po 100 ml st\u0159\u00edbra a m\u011bdi.","og_url":"https:\/\/trimedea.com\/cs\/produkt\/trimedea-set-velke-3mesicni-baleni\/","og_site_name":"TRIMEDEA","article_modified_time":"2024-10-09T07:59:11+00:00","og_image":[{"width":1000,"height":1000,"url":"https:\/\/trimedea.com\/wp-content\/uploads\/2024\/05\/TRIMEDEA_SET_GROSS.jpg","type":"image\/jpeg"}],"twitter_card":"summary_large_image","schema":{"@context":"https:\/\/schema.org","@graph":[{"@type":"WebPage","@id":"https:\/\/trimedea.com\/cs\/produkt\/trimedea-set-velke-3mesicni-baleni\/","url":"https:\/\/trimedea.com\/cs\/produkt\/trimedea-set-velke-3mesicni-baleni\/","name":"Velk\u00e1 sada TRIMEDEA - jedine\u010dn\u00e9 bio-logicky kombinovan\u00e9 produkty","isPartOf":{"@id":"https:\/\/trimedea.com\/cs\/#website"},"primaryImageOfPage":{"@id":"https:\/\/trimedea.com\/cs\/produkt\/trimedea-set-velke-3mesicni-baleni\/#primaryimage"},"image":{"@id":"https:\/\/trimedea.com\/cs\/produkt\/trimedea-set-velke-3mesicni-baleni\/#primaryimage"},"thumbnailUrl":"https:\/\/trimedea.com\/wp-content\/uploads\/2024\/05\/TRIMEDEA_SET_GROSS.jpg","datePublished":"2024-05-13T11:04:02+00:00","dateModified":"2024-10-09T07:59:11+00:00","description":"3m\u011bs\u00ed\u010dn\u00ed balen\u00ed obsahuj\u00edc\u00ed: po 1 litru koloidn\u00edho zlata, platinov\u00e9ho germania, 300 g Sango Pur, 3 x 250 ml Berry Vital, po 100 ml st\u0159\u00edbra a m\u011bdi.","breadcrumb":{"@id":"https:\/\/trimedea.com\/cs\/produkt\/trimedea-set-velke-3mesicni-baleni\/#breadcrumb"},"inLanguage":"cs","potentialAction":[{"@type":"ReadAction","target":["https:\/\/trimedea.com\/cs\/produkt\/trimedea-set-velke-3mesicni-baleni\/"]}]},{"@type":"ImageObject","inLanguage":"cs","@id":"https:\/\/trimedea.com\/cs\/produkt\/trimedea-set-velke-3mesicni-baleni\/#primaryimage","url":"https:\/\/trimedea.com\/wp-content\/uploads\/2024\/05\/TRIMEDEA_SET_GROSS.jpg","contentUrl":"https:\/\/trimedea.com\/wp-content\/uploads\/2024\/05\/TRIMEDEA_SET_GROSS.jpg","width":1000,"height":1000},{"@type":"BreadcrumbList","@id":"https:\/\/trimedea.com\/cs\/produkt\/trimedea-set-velke-3mesicni-baleni\/#breadcrumb","itemListElement":[{"@type":"ListItem","position":1,"name":"Startseite","item":"https:\/\/trimedea.com\/cs\/"},{"@type":"ListItem","position":2,"name":"TRIMEDEA SHOP","item":"https:\/\/trimedea.com\/cs\/trimedea-shop\/"},{"@type":"ListItem","position":3,"name":"TRIMEDEA set velk\u00e9 3m\u011bs\u00ed\u010dn\u00ed balen\u00ed"}]},{"@type":"WebSite","@id":"https:\/\/trimedea.com\/cs\/#website","url":"https:\/\/trimedea.com\/cs\/","name":"TRIMEDEA","description":"F\u00fcr einen gesunden K\u00f6rper und Geist","publisher":{"@id":"https:\/\/trimedea.com\/cs\/#organization"},"potentialAction":[{"@type":"SearchAction","target":{"@type":"EntryPoint","urlTemplate":"https:\/\/trimedea.com\/cs\/?s={search_term_string}"},"query-input":{"@type":"PropertyValueSpecification","valueRequired":true,"valueName":"search_term_string"}}],"inLanguage":"cs"},{"@type":"Organization","@id":"https:\/\/trimedea.com\/cs\/#organization","name":"TRIMEDEA","url":"https:\/\/trimedea.com\/cs\/","logo":{"@type":"ImageObject","inLanguage":"cs","@id":"https:\/\/trimedea.com\/cs\/#\/schema\/logo\/image\/","url":"https:\/\/trimedea.com\/wp-content\/uploads\/2024\/04\/TRIMEDEA_LOGO.png","contentUrl":"https:\/\/trimedea.com\/wp-content\/uploads\/2024\/04\/TRIMEDEA_LOGO.png","width":540,"height":248,"caption":"TRIMEDEA"},"image":{"@id":"https:\/\/trimedea.com\/cs\/#\/schema\/logo\/image\/"}}]}},"_links":{"self":[{"href":"https:\/\/trimedea.com\/cs\/wp-json\/wp\/v2\/product\/55518","targetHints":{"allow":["GET"]}}],"collection":[{"href":"https:\/\/trimedea.com\/cs\/wp-json\/wp\/v2\/product"}],"about":[{"href":"https:\/\/trimedea.com\/cs\/wp-json\/wp\/v2\/types\/product"}],"version-history":[{"count":0,"href":"https:\/\/trimedea.com\/cs\/wp-json\/wp\/v2\/product\/55518\/revisions"}],"wp:featuredmedia":[{"embeddable":true,"href":"https:\/\/trimedea.com\/cs\/wp-json\/wp\/v2\/media\/55512"}],"wp:attachment":[{"href":"https:\/\/trimedea.com\/cs\/wp-json\/wp\/v2\/media?parent=55518"}],"wp:term":[{"taxonomy":"product_brand","embeddable":true,"href":"https:\/\/trimedea.com\/cs\/wp-json\/wp\/v2\/product_brand?post=55518"},{"taxonomy":"product_cat","embeddable":true,"href":"https:\/\/trimedea.com\/cs\/wp-json\/wp\/v2\/product_cat?post=55518"},{"taxonomy":"product_tag","embeddable":true,"href":"https:\/\/trimedea.com\/cs\/wp-json\/wp\/v2\/product_tag?post=55518"}],"curies":[{"name":"wp","href":"https:\/\/api.w.org\/{rel}","templated":true}]}}