{"id":55522,"date":"2024-05-16T12:14:41","date_gmt":"2024-05-16T12:14:41","guid":{"rendered":"https:\/\/test.trimedea.com\/produkt\/detoxikace-a-eliminace-ockovacich-latek-power-set\/"},"modified":"2024-07-10T12:47:25","modified_gmt":"2024-07-10T12:47:25","slug":"detoxikace-a-eliminace-ockovacich-latek-power-set","status":"publish","type":"product","link":"https:\/\/trimedea.com\/cs\/produkt\/detoxikace-a-eliminace-ockovacich-latek-power-set\/","title":{"rendered":"Detoxikace a eliminace o\u010dkovac\u00edch l\u00e1tek Power Set"},"content":{"rendered":"<p>[et_pb_section fb_built=&#8220;1&#8243; _builder_version=&#8220;4.16&#8243; custom_padding=&#8220;0px||3px||false|false&#8220; global_colors_info=&#8220;{}&#8220;][et_pb_row _builder_version=&#8220;4.16&#8243; background_size=&#8220;initial&#8220; background_position=&#8220;top_left&#8220; background_repeat=&#8220;repeat&#8220; width=&#8220;100%&#8220; custom_padding=&#8220;0px||0px||false|false&#8220; global_colors_info=&#8220;{}&#8220;][et_pb_column type=&#8220;4_4&#8243; _builder_version=&#8220;4.16&#8243; custom_padding=&#8220;|||&#8220; global_colors_info=&#8220;{}&#8220; custom_padding__hover=&#8220;|||&#8220;][et_pb_wc_breadcrumb breadcrumb_home_text=&#8220;TRIMEDEA SHOP&#8220; breadcrumb_home_url=&#8220;https:\/\/trimedea.com\/trimedea-shop&#8220; breadcrumb_separator=&#8220;|&#8220; admin_label=&#8220;WOO BREADCRUMBS DE&#8220; _builder_version=&#8220;4.25.0&#8243; custom_padding=&#8220;0px||30px||false|false&#8220; saved_tabs=&#8220;all&#8220; global_colors_info=&#8220;{}&#8220;][\/et_pb_wc_breadcrumb][et_pb_wc_cart_notice _builder_version=&#8220;4.16&#8243; custom_button=&#8220;on&#8220; button_border_width=&#8220;1px&#8220; button_border_color=&#8220;#FFFFFF&#8220; global_colors_info=&#8220;{}&#8220;][\/et_pb_wc_cart_notice][\/et_pb_column][\/et_pb_row][et_pb_row column_structure=&#8220;1_2,1_2&#8243; _builder_version=&#8220;4.25.0&#8243; background_size=&#8220;initial&#8220; background_position=&#8220;top_left&#8220; background_repeat=&#8220;repeat&#8220; width=&#8220;100%&#8220; custom_margin=&#8220;0px||||false|false&#8220; custom_padding=&#8220;||||false|false&#8220; global_colors_info=&#8220;{}&#8220;][et_pb_column type=&#8220;1_2&#8243; _builder_version=&#8220;4.25.0&#8243; custom_padding=&#8220;|||&#8220; custom_padding_tablet=&#8220;|||&#8220; custom_padding_phone=&#8220;|0px||0px|false|false&#8220; custom_padding_last_edited=&#8220;on|phone&#8220; global_colors_info=&#8220;{}&#8220; custom_padding__hover=&#8220;|||&#8220;][et_pb_wc_images _builder_version=&#8220;4.25.0&#8243; custom_margin_tablet=&#8220;&#8220; custom_margin_phone=&#8220;||||false|false&#8220; custom_margin_last_edited=&#8220;on|phone&#8220; custom_padding_tablet=&#8220;&#8220; custom_padding_phone=&#8220;30px||||false|false&#8220; custom_padding_last_edited=&#8220;on|phone&#8220; global_colors_info=&#8220;{}&#8220;][\/et_pb_wc_images][\/et_pb_column][et_pb_column type=&#8220;1_2&#8243; _builder_version=&#8220;4.16&#8243; custom_padding=&#8220;|||&#8220; global_colors_info=&#8220;{}&#8220; custom_padding__hover=&#8220;|||&#8220;][et_pb_wc_title _builder_version=&#8220;4.16&#8243; global_colors_info=&#8220;{}&#8220;][\/et_pb_wc_title][et_pb_wc_description _builder_version=&#8220;4.16&#8243; global_colors_info=&#8220;{}&#8220;][\/et_pb_wc_description][et_pb_wc_price _builder_version=&#8220;4.24.3&#8243; body_font=&#8220;|600|||||||&#8220; global_colors_info=&#8220;{}&#8220;][\/et_pb_wc_price][et_pb_wc_add_to_cart _builder_version=&#8220;4.16&#8243; global_colors_info=&#8220;{}&#8220;][\/et_pb_wc_add_to_cart][et_pb_wc_meta _builder_version=&#8220;4.16&#8243; global_colors_info=&#8220;{}&#8220;][\/et_pb_wc_meta][\/et_pb_column][\/et_pb_row][et_pb_row column_structure=&#8220;1_2,1_2&#8243; _builder_version=&#8220;4.25.0&#8243; _module_preset=&#8220;default&#8220; width=&#8220;100%&#8220; global_colors_info=&#8220;{}&#8220; custom_css_main_element_phone=&#8220;display: flex;||flex-wrap: wrap;&#8220; custom_css_main_element_last_edited=&#8220;on|phone&#8220;][et_pb_column type=&#8220;1_2&#8243; _builder_version=&#8220;4.25.0&#8243; _module_preset=&#8220;default&#8220; global_colors_info=&#8220;{}&#8220; custom_css_main_element_last_edited=&#8220;on|phone&#8220; custom_css_main_element_phone=&#8220;order:2;&#8220;][et_pb_text admin_label=&#8220;ANGEBOT&#8220; _builder_version=&#8220;4.26.0&#8243; _module_preset=&#8220;default&#8220; ul_font_size=&#8220;16px&#8220; ul_line_height=&#8220;1.7em&#8220; header_2_line_height=&#8220;1.5em&#8220; header_3_line_height=&#8220;1.5em&#8220; background_color=&#8220;#ebebeb&#8220; width_tablet=&#8220;&#8220; width_phone=&#8220;100%&#8220; width_last_edited=&#8220;on|phone&#8220; max_width=&#8220;100%&#8220; custom_margin_tablet=&#8220;&#8220; custom_margin_phone=&#8220;30px||||false|false&#8220; custom_margin_last_edited=&#8220;on|phone&#8220; custom_padding=&#8220;30px|30px|30px|30px|true|true&#8220; custom_padding_tablet=&#8220;30px|30px|30px|30px|true|true&#8220; custom_padding_phone=&#8220;0px|0px|0px|0px|true|true&#8220; custom_padding_last_edited=&#8220;on|phone&#8220; hover_enabled=&#8220;0&#8243; background_color_phone=&#8220;RGBA(255,255,255,0)&#8220; background_last_edited=&#8220;on|phone&#8220; background_enable_color_phone=&#8220;on&#8220; global_colors_info=&#8220;{}&#8220; sticky_enabled=&#8220;0&#8243;]<\/p>\n<h2><span style=\"color: #c0a000;\"><br \/>\n  <strong>Detoxikace a eliminace vakc\u00edn:<br \/><\/strong><br \/>\n<\/span><strong>(5 x 1 litr): <\/strong> <strong><br \/> M\u00edsto 570*<\/strong> <strong>pouze 369 eur<\/strong>Kupte 5, zapla\u0165te za 4: Nejdra\u017e\u0161\u00ed koloid v\u00e1m d\u00e1me zdarma! <strong><\/strong><\/h2>\n<p>[\/et_pb_text][\/et_pb_column][et_pb_column type=&#8220;1_2&#8243; _builder_version=&#8220;4.25.0&#8243; _module_preset=&#8220;default&#8220; global_colors_info=&#8220;{}&#8220; custom_css_main_element_last_edited=&#8220;on|phone&#8220; custom_css_main_element_phone=&#8220;order:1;&#8220;][et_pb_text admin_label=&#8220;PRODUKTDETAILS&#8220; _builder_version=&#8220;4.25.0&#8243; _module_preset=&#8220;default&#8220; global_colors_info=&#8220;{}&#8220;]<\/p>\n<p><strong>V\u00fdhody Power Set Detoxikace a o\u010dkov\u00e1n\u00ed:<\/strong><\/p>\n<ul>\n<li>1 litr zlata: Vyrovn\u00e1v\u00e1 a harmonizuje psychiku a hormon\u00e1ln\u00ed syst\u00e9m<\/li>\n<li>1 litr tantalu: Aktivuje vylu\u010dov\u00e1n\u00ed r\u016fzn\u00fdch \u0161kodliv\u00fdch l\u00e1tek (o\u010dkov\u00e1n\u00ed, otravy atd.)<\/li>\n<li>1 litr m\u011bdi: zvy\u0161uje metabolismus antioxida\u010dn\u00edch enzym\u016f, chr\u00e1n\u00ed a omlazuje.<\/li>\n<li>1 litr germania: Zlep\u0161uje krevn\u00ed ob\u011bh a z\u00e1sobov\u00e1n\u00ed bun\u011bk a org\u00e1n\u016f kysl\u00edkem.<\/li>\n<li>1 litr zinku: D\u016fle\u017eit\u00fd z\u00e1kladn\u00ed stavebn\u00ed prvek pro opravu a ochranu bun\u011bk<\/li>\n<\/ul>\n<p>[\/et_pb_text][\/et_pb_column][\/et_pb_row][et_pb_row custom_padding_last_edited=&#8220;on|phone&#8220; _builder_version=&#8220;4.25.0&#8243; background_size=&#8220;initial&#8220; background_position=&#8220;top_left&#8220; background_repeat=&#8220;repeat&#8220; width=&#8220;100%&#8220; custom_margin_tablet=&#8220;&#8220; custom_margin_phone=&#8220;||||false|false&#8220; custom_margin_last_edited=&#8220;on|phone&#8220; custom_padding_tablet=&#8220;&#8220; custom_padding_phone=&#8220;0px||||false|false&#8220; global_colors_info=&#8220;{}&#8220;][et_pb_column type=&#8220;4_4&#8243; _builder_version=&#8220;4.16&#8243; custom_padding=&#8220;|||&#8220; global_colors_info=&#8220;{}&#8220; custom_padding__hover=&#8220;|||&#8220;][et_pb_wc_upsells _builder_version=&#8220;4.16&#8243; global_colors_info=&#8220;{}&#8220;][\/et_pb_wc_upsells][et_pb_wc_related_products posts_number=&#8220;4&#8243; columns_number=&#8220;4&#8243; include_categories=&#8220;86&#8243; _builder_version=&#8220;4.25.1&#8243; global_colors_info=&#8220;{}&#8220;][\/et_pb_wc_related_products][\/et_pb_column][\/et_pb_row][et_pb_row _builder_version=&#8220;4.25.0&#8243; _module_preset=&#8220;default&#8220; background_color=&#8220;RGBA(255,255,255,0)&#8220; width=&#8220;100%&#8220; max_width=&#8220;100%&#8220; custom_margin=&#8220;0px||||false|false&#8220; custom_padding=&#8220;||||false|false&#8220; global_colors_info=&#8220;{}&#8220;][et_pb_column type=&#8220;4_4&#8243; _builder_version=&#8220;4.25.0&#8243; _module_preset=&#8220;default&#8220; background_color=&#8220;RGBA(255,255,255,0)&#8220; global_colors_info=&#8220;{}&#8220;][et_pb_text _builder_version=&#8220;4.25.0&#8243; _module_preset=&#8220;default&#8220; header_text_color=&#8220;#C0A000&#8243; header_2_font=&#8220;|600|||||||&#8220; header_2_text_color=&#8220;#C0A000&#8243; header_2_font_size=&#8220;28px&#8220; header_2_line_height=&#8220;1.5em&#8220; global_colors_info=&#8220;{}&#8220;]<\/p>\n<h2 style=\"text-align: center;\">Detoxikace a eliminace o\u010dkovac\u00edch l\u00e1tek Power Set<\/h2>\n<h3 style=\"text-align: center;\">Pro \u00fa\u010dinnou detoxikaci a vylu\u010dov\u00e1n\u00ed<\/h3>\n<p>[\/et_pb_text][et_pb_text admin_label=&#8220;DETAILS&#8220; _builder_version=&#8220;4.25.0&#8243; _module_preset=&#8220;default&#8220; header_2_line_height=&#8220;1.5em&#8220; header_5_text_color=&#8220;#C0A000&#8243; background_color=&#8220;RGBA(255,255,255,0)&#8220; width_tablet=&#8220;&#8220; width_phone=&#8220;&#8220; width_last_edited=&#8220;on|desktop&#8220; global_colors_info=&#8220;{}&#8220;]<\/p>\n<h3>Co jsou to koloidn\u00ed kovy a jak je u\u017e\u00edvat?<\/h3>\n<p>Prav\u00e9 koloidn\u00ed kovy jsou velmi jemn\u00e9 \u010d\u00e1stice kov\u016f, kter\u00e9 jsou suspendov\u00e1ny ve vod\u011b a nevytv\u00e1\u0159ej\u00ed s n\u00ed vazbu &#8211; na rozd\u00edl od iontov\u00fdch roztok\u016f (elektrolytick\u00e1 v\u00fdroba). Velikost jednotliv\u00fdch \u010d\u00e1stic se pohybuje mezi 1 a 20 nanometry (1 nm = jedna miliardtina metru). \u010c\u00e1stice t\u00e9to kapaln\u00e9 disperze lze vyr\u00e1b\u011bt r\u016fzn\u00fdmi v\u00fdrobn\u00edmi postupy, kter\u00e9 maj\u00ed v z\u00e1vislosti na procesu zna\u010dn\u00fd vliv na vlastnosti a kvalitu. V\u00edce informac\u00ed o <a href=\"https:\/\/gesundheit-und-sport.com\/anwendung-und-dosierung-von-kolloidalen-metallen\/\" target=\"_blank\" rel=\"noopener\">pou\u017e\u00edv\u00e1n\u00ed a d\u00e1vkov\u00e1n\u00ed koloid\u016f<\/a> najdete na informa\u010dn\u00edm port\u00e1lu FGS. Dal\u0161\u00ed informace o velikosti \u010d\u00e1stic (nm), koncentraci (ppm), \u00fa\u010dinnosti a biologick\u00e9 dostupnosti naleznete v <a href=\"https:\/\/trimedea.com\/cs\/koloidni-kovy\/\" target=\"_blank\" rel=\"noopener\">na\u0161ich \u010dasto kladen\u00fdch dotazech zde<\/a>.<br \/>Zjist\u011bte, <strong>pro\u010d jsou koloidn\u00ed kovy tak d\u016fle\u017eit\u00e9 jako katalyz\u00e1tory a urychlova\u010de metabolismu<\/strong>. <a href=\"https:\/\/gesundheit-und-sport.com\/katalytisch-aktive-metalle-wichtige-elemente-fuer-unsere-gesundheit\/\" target=\"_blank\" rel=\"noopener\"><br \/>\n  <span class=\"s1\">zde<\/span><br \/>\n<\/a>.<br \/>Z biologicko-logick\u00e9ho hlediska je pro v\u00fdrobu prav\u00fdch koloidn\u00edch kov\u016f nejvhodn\u011bj\u0161\u00ed vysokonap\u011b\u0165ov\u00fd plazmov\u00fd proces. Zjist\u00edte, pro\u010d m\u00e1 v\u00fdroba pomoc\u00ed elektrol\u00fdzy (= iontov\u00fd roztok \/ m\u00e1lo skute\u010dn\u00fdch koloid\u016f) v\u00edce rizik ne\u017e v\u00fdhod a jak\u00e9 jsou p\u0159esn\u011b rozd\u00edly. <a href=\"https:\/\/gesundheit-und-sport.com\/kolloidales-gold-silber-und-platin-im-hochvolt-plasma-verfahren\/\" target=\"_blank\" rel=\"noopener\"><br \/>\n  <span class=\"s1\">zde<\/span><br \/>\n<\/a>.<\/p>\n<p>[\/et_pb_text][et_pb_text admin_label=&#8220;DETAILS&#8220; _builder_version=&#8220;4.26.0&#8243; _module_preset=&#8220;default&#8220; header_2_line_height=&#8220;1.5em&#8220; header_5_text_color=&#8220;#C0A000&#8243; background_color=&#8220;RGBA(255,255,255,0)&#8220; width_tablet=&#8220;&#8220; width_phone=&#8220;&#8220; width_last_edited=&#8220;on|desktop&#8220; hover_enabled=&#8220;0&#8243; global_colors_info=&#8220;{}&#8220; sticky_enabled=&#8220;0&#8243; global_module=&#8220;57633&#8243; saved_tabs=&#8220;all&#8220; locked=&#8220;off&#8220;]<\/p>\n<h3>Was sind kolloidale Metalle und wie nimmt man sie ein?<\/h3>\n<p>Bei echten kolloidalen Metallen handelt es sich um sehr feine Metallpartikel, die in Wasser schweben und keine Verbindung mit dem Wasser eingehen \u2013 im Gegensatz zu ionischen L\u00f6sungen (elektrolytische Herstellung). Die Gr\u00f6\u00dfe der einzelnen Teilchen liegt zwischen 1 und 20 Nanometer (1 nm = ein milliardstel Meter). Die Partikel dieser fl\u00fcssigen Dispersion k\u00f6nnen durch verschiedene Herstellungsverfahren entstehen, die je nach Verfahren einen erheblichen Einfluss auf die Eigenschaften und Qualit\u00e4t haben. Mehr \u00fcber <a href=\"https:\/\/gesundheit-und-sport.com\/anwendung-und-dosierung-von-kolloidalen-metallen\/\" target=\"_blank\" rel=\"noopener\">Anwendung und Dosierung von Kolloiden<\/a>\u00a0erfahren Sie in dem Info-Portal der FGS. Weitere Informationen zu Teilchengr\u00f6\u00dfe (nm), Konzentration (ppm), Wirksamkeit und Bioverf\u00fcgbarkeit finden Sie in <a href=\"https:\/\/trimedea.com\/faq-kolloidale-metalle\/\" target=\"_blank\" rel=\"noopener\">unseren FAQ hier.<\/a><br \/><strong>Warum kolloidale Metalle als Katalysatoren und Stoffwechselbeschleuniger so wichtig sind<\/strong> erfahren Sie <a href=\"https:\/\/gesundheit-und-sport.com\/katalytisch-aktive-metalle-wichtige-elemente-fuer-unsere-gesundheit\/\" target=\"_blank\" rel=\"noopener\">hier<\/a>.<br \/>Zur Herstellung von echten kolloidalen Metallen eignet sich das Hochvolt-Plasmaverfahren aus bio-logischer Sicht am besten. Warum die Herstellung mittels Elektrolyse (= ionische L\u00f6sung \/ wenig echte Kolloide) mehr Risiken hat als Vorteile und was genau die Unterschiede sind, erfahren Sie <a href=\"https:\/\/gesundheit-und-sport.com\/kolloidales-gold-silber-und-platin-im-hochvolt-plasma-verfahren\/\" target=\"_blank\" rel=\"noopener\">hier<\/a>.[\/et_pb_text][et_pb_video _builder_version=&#8220;4.25.0&#8243; _module_preset=&#8220;default&#8220; global_colors_info=&#8220;{}&#8220;][\/et_pb_video][\/et_pb_column][\/et_pb_row][\/et_pb_section]<\/p>\n","protected":false},"excerpt":{"rendered":"<p><strong>Va\u0161e detoxika\u010dn\u00ed sada pro<\/strong> zv\u00fd\u0161en\u00ed detoxika\u010dn\u00edho v\u00fdkonu a odstran\u011bn\u00ed vakc\u00edn.<br \/>\n<strong>Pe\u010dliv\u011b vybran\u00e1 kombinace t\u011bchto koloid\u016f zvy\u0161uje detoxika\u010dn\u00ed a elimina\u010dn\u00ed schopnost organismu.<\/strong>  P\u011bt koloid\u016f tantalu, m\u011bdi, zinku, zlata a germania se vz\u00e1jemn\u011b dokonale dopl\u0148uje, aby aktivovaly t\u011blu vlastn\u00ed ochrann\u00e9 a detoxika\u010dn\u00ed mechanismy a urychlily regenera\u010dn\u00ed procesy. C\u00edlem t\u00e9to detoxika\u010dn\u00ed kombinace je zv\u00fd\u0161en\u00ed krevn\u00edho ob\u011bhu, p\u0159\u00edjmu kysl\u00edku a produkce energie, jako\u017e i nav\u00e1z\u00e1n\u00ed a vylou\u010den\u00ed vakc\u00edn a \u0161kodliv\u00fdch p\u0159\u00edsad.<\/p>\n","protected":false},"featured_media":50184,"template":"","meta":{"_et_pb_use_builder":"on","_et_pb_old_content":"","_et_gb_content_width":"","footnotes":""},"product_brand":[],"product_cat":[179],"product_tag":[229,243,244],"class_list":{"0":"post-55522","1":"product","2":"type-product","3":"status-publish","4":"has-post-thumbnail","6":"product_cat-sitove-sady","7":"product_tag-detoxikace-a-metabolismus","8":"product_tag-proti-starnuti","9":"product_tag-zdravi-zen","11":"first","12":"instock","13":"sale","14":"taxable","15":"shipping-taxable","16":"purchasable","17":"product-type-simple"},"yoast_head":"<!-- This site is optimized with the Yoast SEO plugin v27.3 - https:\/\/yoast.com\/product\/yoast-seo-wordpress\/ -->\n<title>Detoxikace a eliminace o\u010dkovac\u00edch l\u00e1tek Power Set - TRIMEDEA<\/title>\n<meta name=\"description\" content=\"Koloidn\u00ed kovy v p\u0159\u00edzniv\u00e9m slo\u017een\u00ed pro eliminaci p\u0159\u00eddatn\u00fdch l\u00e1tek ve vakc\u00edn\u00e1ch, slou\u010denin t\u011b\u017ek\u00fdch kov\u016f, toxin\u016f z \u017eivotn\u00edho prost\u0159ed\u00ed - pos\u00edlen\u00ed detoxikace.\" \/>\n<meta name=\"robots\" content=\"index, follow, max-snippet:-1, max-image-preview:large, max-video-preview:-1\" \/>\n<link rel=\"canonical\" href=\"https:\/\/trimedea.com\/cs\/produkt\/detoxikace-a-eliminace-ockovacich-latek-power-set\/\" \/>\n<meta property=\"og:locale\" content=\"cs_CZ\" \/>\n<meta property=\"og:type\" content=\"article\" \/>\n<meta property=\"og:title\" content=\"Detoxikace a eliminace o\u010dkovac\u00edch l\u00e1tek Power Set - TRIMEDEA\" \/>\n<meta property=\"og:description\" content=\"Koloidn\u00ed kovy v p\u0159\u00edzniv\u00e9m slo\u017een\u00ed pro eliminaci p\u0159\u00eddatn\u00fdch l\u00e1tek ve vakc\u00edn\u00e1ch, slou\u010denin t\u011b\u017ek\u00fdch kov\u016f, toxin\u016f z \u017eivotn\u00edho prost\u0159ed\u00ed - pos\u00edlen\u00ed detoxikace.\" \/>\n<meta property=\"og:url\" content=\"https:\/\/trimedea.com\/cs\/produkt\/detoxikace-a-eliminace-ockovacich-latek-power-set\/\" \/>\n<meta property=\"og:site_name\" content=\"TRIMEDEA\" \/>\n<meta property=\"article:modified_time\" content=\"2024-07-10T12:47:25+00:00\" \/>\n<meta property=\"og:image\" content=\"https:\/\/trimedea.com\/wp-content\/uploads\/2024\/05\/power-set-detox-und-impfstoffausleitung.jpg\" \/>\n\t<meta property=\"og:image:width\" content=\"1000\" \/>\n\t<meta property=\"og:image:height\" content=\"1000\" \/>\n\t<meta property=\"og:image:type\" content=\"image\/jpeg\" \/>\n<meta name=\"twitter:card\" content=\"summary_large_image\" \/>\n<script type=\"application\/ld+json\" class=\"yoast-schema-graph\">{\"@context\":\"https:\\\/\\\/schema.org\",\"@graph\":[{\"@type\":\"WebPage\",\"@id\":\"https:\\\/\\\/trimedea.com\\\/cs\\\/produkt\\\/detoxikace-a-eliminace-ockovacich-latek-power-set\\\/\",\"url\":\"https:\\\/\\\/trimedea.com\\\/cs\\\/produkt\\\/detoxikace-a-eliminace-ockovacich-latek-power-set\\\/\",\"name\":\"Detoxikace a eliminace o\u010dkovac\u00edch l\u00e1tek Power Set - TRIMEDEA\",\"isPartOf\":{\"@id\":\"https:\\\/\\\/trimedea.com\\\/cs\\\/#website\"},\"primaryImageOfPage\":{\"@id\":\"https:\\\/\\\/trimedea.com\\\/cs\\\/produkt\\\/detoxikace-a-eliminace-ockovacich-latek-power-set\\\/#primaryimage\"},\"image\":{\"@id\":\"https:\\\/\\\/trimedea.com\\\/cs\\\/produkt\\\/detoxikace-a-eliminace-ockovacich-latek-power-set\\\/#primaryimage\"},\"thumbnailUrl\":\"https:\\\/\\\/trimedea.com\\\/wp-content\\\/uploads\\\/2024\\\/05\\\/power-set-detox-und-impfstoffausleitung.jpg\",\"datePublished\":\"2024-05-16T12:14:41+00:00\",\"dateModified\":\"2024-07-10T12:47:25+00:00\",\"description\":\"Koloidn\u00ed kovy v p\u0159\u00edzniv\u00e9m slo\u017een\u00ed pro eliminaci p\u0159\u00eddatn\u00fdch l\u00e1tek ve vakc\u00edn\u00e1ch, slou\u010denin t\u011b\u017ek\u00fdch kov\u016f, toxin\u016f z \u017eivotn\u00edho prost\u0159ed\u00ed - pos\u00edlen\u00ed detoxikace.\",\"breadcrumb\":{\"@id\":\"https:\\\/\\\/trimedea.com\\\/cs\\\/produkt\\\/detoxikace-a-eliminace-ockovacich-latek-power-set\\\/#breadcrumb\"},\"inLanguage\":\"cs\",\"potentialAction\":[{\"@type\":\"ReadAction\",\"target\":[\"https:\\\/\\\/trimedea.com\\\/cs\\\/produkt\\\/detoxikace-a-eliminace-ockovacich-latek-power-set\\\/\"]}]},{\"@type\":\"ImageObject\",\"inLanguage\":\"cs\",\"@id\":\"https:\\\/\\\/trimedea.com\\\/cs\\\/produkt\\\/detoxikace-a-eliminace-ockovacich-latek-power-set\\\/#primaryimage\",\"url\":\"https:\\\/\\\/trimedea.com\\\/wp-content\\\/uploads\\\/2024\\\/05\\\/power-set-detox-und-impfstoffausleitung.jpg\",\"contentUrl\":\"https:\\\/\\\/trimedea.com\\\/wp-content\\\/uploads\\\/2024\\\/05\\\/power-set-detox-und-impfstoffausleitung.jpg\",\"width\":1000,\"height\":1000},{\"@type\":\"BreadcrumbList\",\"@id\":\"https:\\\/\\\/trimedea.com\\\/cs\\\/produkt\\\/detoxikace-a-eliminace-ockovacich-latek-power-set\\\/#breadcrumb\",\"itemListElement\":[{\"@type\":\"ListItem\",\"position\":1,\"name\":\"Startseite\",\"item\":\"https:\\\/\\\/trimedea.com\\\/cs\\\/\"},{\"@type\":\"ListItem\",\"position\":2,\"name\":\"TRIMEDEA SHOP\",\"item\":\"https:\\\/\\\/trimedea.com\\\/cs\\\/trimedea-shop\\\/\"},{\"@type\":\"ListItem\",\"position\":3,\"name\":\"Detoxikace a eliminace o\u010dkovac\u00edch l\u00e1tek Power Set\"}]},{\"@type\":\"WebSite\",\"@id\":\"https:\\\/\\\/trimedea.com\\\/cs\\\/#website\",\"url\":\"https:\\\/\\\/trimedea.com\\\/cs\\\/\",\"name\":\"TRIMEDEA\",\"description\":\"F\u00fcr einen gesunden K\u00f6rper und Geist\",\"publisher\":{\"@id\":\"https:\\\/\\\/trimedea.com\\\/cs\\\/#organization\"},\"potentialAction\":[{\"@type\":\"SearchAction\",\"target\":{\"@type\":\"EntryPoint\",\"urlTemplate\":\"https:\\\/\\\/trimedea.com\\\/cs\\\/?s={search_term_string}\"},\"query-input\":{\"@type\":\"PropertyValueSpecification\",\"valueRequired\":true,\"valueName\":\"search_term_string\"}}],\"inLanguage\":\"cs\"},{\"@type\":\"Organization\",\"@id\":\"https:\\\/\\\/trimedea.com\\\/cs\\\/#organization\",\"name\":\"TRIMEDEA\",\"url\":\"https:\\\/\\\/trimedea.com\\\/cs\\\/\",\"logo\":{\"@type\":\"ImageObject\",\"inLanguage\":\"cs\",\"@id\":\"https:\\\/\\\/trimedea.com\\\/cs\\\/#\\\/schema\\\/logo\\\/image\\\/\",\"url\":\"https:\\\/\\\/trimedea.com\\\/wp-content\\\/uploads\\\/2024\\\/04\\\/TRIMEDEA_LOGO.png\",\"contentUrl\":\"https:\\\/\\\/trimedea.com\\\/wp-content\\\/uploads\\\/2024\\\/04\\\/TRIMEDEA_LOGO.png\",\"width\":540,\"height\":248,\"caption\":\"TRIMEDEA\"},\"image\":{\"@id\":\"https:\\\/\\\/trimedea.com\\\/cs\\\/#\\\/schema\\\/logo\\\/image\\\/\"}}]}<\/script>\n<!-- \/ Yoast SEO plugin. -->","yoast_head_json":{"title":"Detoxikace a eliminace o\u010dkovac\u00edch l\u00e1tek Power Set - TRIMEDEA","description":"Koloidn\u00ed kovy v p\u0159\u00edzniv\u00e9m slo\u017een\u00ed pro eliminaci p\u0159\u00eddatn\u00fdch l\u00e1tek ve vakc\u00edn\u00e1ch, slou\u010denin t\u011b\u017ek\u00fdch kov\u016f, toxin\u016f z \u017eivotn\u00edho prost\u0159ed\u00ed - pos\u00edlen\u00ed detoxikace.","robots":{"index":"index","follow":"follow","max-snippet":"max-snippet:-1","max-image-preview":"max-image-preview:large","max-video-preview":"max-video-preview:-1"},"canonical":"https:\/\/trimedea.com\/cs\/produkt\/detoxikace-a-eliminace-ockovacich-latek-power-set\/","og_locale":"cs_CZ","og_type":"article","og_title":"Detoxikace a eliminace o\u010dkovac\u00edch l\u00e1tek Power Set - TRIMEDEA","og_description":"Koloidn\u00ed kovy v p\u0159\u00edzniv\u00e9m slo\u017een\u00ed pro eliminaci p\u0159\u00eddatn\u00fdch l\u00e1tek ve vakc\u00edn\u00e1ch, slou\u010denin t\u011b\u017ek\u00fdch kov\u016f, toxin\u016f z \u017eivotn\u00edho prost\u0159ed\u00ed - pos\u00edlen\u00ed detoxikace.","og_url":"https:\/\/trimedea.com\/cs\/produkt\/detoxikace-a-eliminace-ockovacich-latek-power-set\/","og_site_name":"TRIMEDEA","article_modified_time":"2024-07-10T12:47:25+00:00","og_image":[{"width":1000,"height":1000,"url":"https:\/\/trimedea.com\/wp-content\/uploads\/2024\/05\/power-set-detox-und-impfstoffausleitung.jpg","type":"image\/jpeg"}],"twitter_card":"summary_large_image","schema":{"@context":"https:\/\/schema.org","@graph":[{"@type":"WebPage","@id":"https:\/\/trimedea.com\/cs\/produkt\/detoxikace-a-eliminace-ockovacich-latek-power-set\/","url":"https:\/\/trimedea.com\/cs\/produkt\/detoxikace-a-eliminace-ockovacich-latek-power-set\/","name":"Detoxikace a eliminace o\u010dkovac\u00edch l\u00e1tek Power Set - TRIMEDEA","isPartOf":{"@id":"https:\/\/trimedea.com\/cs\/#website"},"primaryImageOfPage":{"@id":"https:\/\/trimedea.com\/cs\/produkt\/detoxikace-a-eliminace-ockovacich-latek-power-set\/#primaryimage"},"image":{"@id":"https:\/\/trimedea.com\/cs\/produkt\/detoxikace-a-eliminace-ockovacich-latek-power-set\/#primaryimage"},"thumbnailUrl":"https:\/\/trimedea.com\/wp-content\/uploads\/2024\/05\/power-set-detox-und-impfstoffausleitung.jpg","datePublished":"2024-05-16T12:14:41+00:00","dateModified":"2024-07-10T12:47:25+00:00","description":"Koloidn\u00ed kovy v p\u0159\u00edzniv\u00e9m slo\u017een\u00ed pro eliminaci p\u0159\u00eddatn\u00fdch l\u00e1tek ve vakc\u00edn\u00e1ch, slou\u010denin t\u011b\u017ek\u00fdch kov\u016f, toxin\u016f z \u017eivotn\u00edho prost\u0159ed\u00ed - pos\u00edlen\u00ed detoxikace.","breadcrumb":{"@id":"https:\/\/trimedea.com\/cs\/produkt\/detoxikace-a-eliminace-ockovacich-latek-power-set\/#breadcrumb"},"inLanguage":"cs","potentialAction":[{"@type":"ReadAction","target":["https:\/\/trimedea.com\/cs\/produkt\/detoxikace-a-eliminace-ockovacich-latek-power-set\/"]}]},{"@type":"ImageObject","inLanguage":"cs","@id":"https:\/\/trimedea.com\/cs\/produkt\/detoxikace-a-eliminace-ockovacich-latek-power-set\/#primaryimage","url":"https:\/\/trimedea.com\/wp-content\/uploads\/2024\/05\/power-set-detox-und-impfstoffausleitung.jpg","contentUrl":"https:\/\/trimedea.com\/wp-content\/uploads\/2024\/05\/power-set-detox-und-impfstoffausleitung.jpg","width":1000,"height":1000},{"@type":"BreadcrumbList","@id":"https:\/\/trimedea.com\/cs\/produkt\/detoxikace-a-eliminace-ockovacich-latek-power-set\/#breadcrumb","itemListElement":[{"@type":"ListItem","position":1,"name":"Startseite","item":"https:\/\/trimedea.com\/cs\/"},{"@type":"ListItem","position":2,"name":"TRIMEDEA SHOP","item":"https:\/\/trimedea.com\/cs\/trimedea-shop\/"},{"@type":"ListItem","position":3,"name":"Detoxikace a eliminace o\u010dkovac\u00edch l\u00e1tek Power Set"}]},{"@type":"WebSite","@id":"https:\/\/trimedea.com\/cs\/#website","url":"https:\/\/trimedea.com\/cs\/","name":"TRIMEDEA","description":"F\u00fcr einen gesunden K\u00f6rper und Geist","publisher":{"@id":"https:\/\/trimedea.com\/cs\/#organization"},"potentialAction":[{"@type":"SearchAction","target":{"@type":"EntryPoint","urlTemplate":"https:\/\/trimedea.com\/cs\/?s={search_term_string}"},"query-input":{"@type":"PropertyValueSpecification","valueRequired":true,"valueName":"search_term_string"}}],"inLanguage":"cs"},{"@type":"Organization","@id":"https:\/\/trimedea.com\/cs\/#organization","name":"TRIMEDEA","url":"https:\/\/trimedea.com\/cs\/","logo":{"@type":"ImageObject","inLanguage":"cs","@id":"https:\/\/trimedea.com\/cs\/#\/schema\/logo\/image\/","url":"https:\/\/trimedea.com\/wp-content\/uploads\/2024\/04\/TRIMEDEA_LOGO.png","contentUrl":"https:\/\/trimedea.com\/wp-content\/uploads\/2024\/04\/TRIMEDEA_LOGO.png","width":540,"height":248,"caption":"TRIMEDEA"},"image":{"@id":"https:\/\/trimedea.com\/cs\/#\/schema\/logo\/image\/"}}]}},"_links":{"self":[{"href":"https:\/\/trimedea.com\/cs\/wp-json\/wp\/v2\/product\/55522","targetHints":{"allow":["GET"]}}],"collection":[{"href":"https:\/\/trimedea.com\/cs\/wp-json\/wp\/v2\/product"}],"about":[{"href":"https:\/\/trimedea.com\/cs\/wp-json\/wp\/v2\/types\/product"}],"version-history":[{"count":0,"href":"https:\/\/trimedea.com\/cs\/wp-json\/wp\/v2\/product\/55522\/revisions"}],"wp:featuredmedia":[{"embeddable":true,"href":"https:\/\/trimedea.com\/cs\/wp-json\/wp\/v2\/media\/50184"}],"wp:attachment":[{"href":"https:\/\/trimedea.com\/cs\/wp-json\/wp\/v2\/media?parent=55522"}],"wp:term":[{"taxonomy":"product_brand","embeddable":true,"href":"https:\/\/trimedea.com\/cs\/wp-json\/wp\/v2\/product_brand?post=55522"},{"taxonomy":"product_cat","embeddable":true,"href":"https:\/\/trimedea.com\/cs\/wp-json\/wp\/v2\/product_cat?post=55522"},{"taxonomy":"product_tag","embeddable":true,"href":"https:\/\/trimedea.com\/cs\/wp-json\/wp\/v2\/product_tag?post=55522"}],"curies":[{"name":"wp","href":"https:\/\/api.w.org\/{rel}","templated":true}]}}