{"id":55532,"date":"2024-05-14T09:04:06","date_gmt":"2024-05-14T08:04:06","guid":{"rendered":"https:\/\/test.trimedea.com\/produkt\/specialni-sada-pro-kosti-osteoporozu-a-hojeni-ran\/"},"modified":"2024-10-09T07:59:30","modified_gmt":"2024-10-09T07:59:30","slug":"specialni-sada-pro-kosti-osteoporozu-a-hojeni-ran","status":"publish","type":"product","link":"https:\/\/trimedea.com\/cs\/produkt\/specialni-sada-pro-kosti-osteoporozu-a-hojeni-ran\/","title":{"rendered":"Speci\u00e1ln\u00ed sada pro kosti, osteopor\u00f3zu a hojen\u00ed ran"},"content":{"rendered":"<p>[et_pb_section fb_built=&#8220;1&#8243; _builder_version=&#8220;4.16&#8243; custom_padding=&#8220;0px||3px||false|false&#8220; global_colors_info=&#8220;{}&#8220;][et_pb_row _builder_version=&#8220;4.16&#8243; background_size=&#8220;initial&#8220; background_position=&#8220;top_left&#8220; background_repeat=&#8220;repeat&#8220; width=&#8220;100%&#8220; custom_padding=&#8220;0px||0px||false|false&#8220; global_colors_info=&#8220;{}&#8220;][et_pb_column type=&#8220;4_4&#8243; _builder_version=&#8220;4.16&#8243; custom_padding=&#8220;|||&#8220; global_colors_info=&#8220;{}&#8220; custom_padding__hover=&#8220;|||&#8220;][et_pb_wc_breadcrumb breadcrumb_home_text=&#8220;TRIMEDEA SHOP&#8220; breadcrumb_home_url=&#8220;https:\/\/trimedea.com\/trimedea-shop&#8220; breadcrumb_separator=&#8220;|&#8220; admin_label=&#8220;WOO BREADCRUMBS DE&#8220; _builder_version=&#8220;4.25.0&#8243; custom_padding=&#8220;0px||30px||false|false&#8220; saved_tabs=&#8220;all&#8220; global_colors_info=&#8220;{}&#8220;][\/et_pb_wc_breadcrumb][et_pb_wc_cart_notice _builder_version=&#8220;4.16&#8243; custom_button=&#8220;on&#8220; button_border_width=&#8220;1px&#8220; button_border_color=&#8220;#FFFFFF&#8220; global_colors_info=&#8220;{}&#8220;][\/et_pb_wc_cart_notice][\/et_pb_column][\/et_pb_row][et_pb_row column_structure=&#8220;1_2,1_2&#8243; _builder_version=&#8220;4.25.0&#8243; background_size=&#8220;initial&#8220; background_position=&#8220;top_left&#8220; background_repeat=&#8220;repeat&#8220; width=&#8220;100%&#8220; custom_margin=&#8220;0px||||false|false&#8220; custom_padding=&#8220;||||false|false&#8220; global_colors_info=&#8220;{}&#8220;][et_pb_column type=&#8220;1_2&#8243; _builder_version=&#8220;4.25.0&#8243; custom_padding=&#8220;|||&#8220; custom_padding_tablet=&#8220;|||&#8220; custom_padding_phone=&#8220;|0px||0px|false|false&#8220; custom_padding_last_edited=&#8220;on|phone&#8220; global_colors_info=&#8220;{}&#8220; custom_padding__hover=&#8220;|||&#8220;][et_pb_wc_images _builder_version=&#8220;4.25.0&#8243; custom_margin_tablet=&#8220;&#8220; custom_margin_phone=&#8220;||||false|false&#8220; custom_margin_last_edited=&#8220;on|phone&#8220; custom_padding_tablet=&#8220;&#8220; custom_padding_phone=&#8220;30px||||false|false&#8220; custom_padding_last_edited=&#8220;on|phone&#8220; global_colors_info=&#8220;{}&#8220;][\/et_pb_wc_images][\/et_pb_column][et_pb_column type=&#8220;1_2&#8243; _builder_version=&#8220;4.16&#8243; custom_padding=&#8220;|||&#8220; global_colors_info=&#8220;{}&#8220; custom_padding__hover=&#8220;|||&#8220;][et_pb_wc_title _builder_version=&#8220;4.16&#8243; global_colors_info=&#8220;{}&#8220;][\/et_pb_wc_title][et_pb_wc_description _builder_version=&#8220;4.16&#8243; global_colors_info=&#8220;{}&#8220;][\/et_pb_wc_description][et_pb_wc_price _builder_version=&#8220;4.24.3&#8243; body_font=&#8220;|600|||||||&#8220; global_colors_info=&#8220;{}&#8220;][\/et_pb_wc_price][et_pb_wc_add_to_cart _builder_version=&#8220;4.16&#8243; global_colors_info=&#8220;{}&#8220;][\/et_pb_wc_add_to_cart][et_pb_wc_meta _builder_version=&#8220;4.16&#8243; global_colors_info=&#8220;{}&#8220;][\/et_pb_wc_meta][\/et_pb_column][\/et_pb_row][et_pb_row column_structure=&#8220;1_2,1_2&#8243; _builder_version=&#8220;4.25.0&#8243; _module_preset=&#8220;default&#8220; width=&#8220;100%&#8220; global_colors_info=&#8220;{}&#8220; custom_css_main_element_phone=&#8220;display: flex;||flex-wrap: wrap;&#8220; custom_css_main_element_last_edited=&#8220;on|phone&#8220;][et_pb_column type=&#8220;1_2&#8243; _builder_version=&#8220;4.25.0&#8243; _module_preset=&#8220;default&#8220; global_colors_info=&#8220;{}&#8220; custom_css_main_element_last_edited=&#8220;on|phone&#8220; custom_css_main_element_phone=&#8220;order:2;&#8220;][et_pb_text admin_label=&#8220;ANGEBOT&#8220; _builder_version=&#8220;4.26.0&#8243; _module_preset=&#8220;default&#8220; ul_font_size=&#8220;16px&#8220; ul_line_height=&#8220;1.7em&#8220; header_2_line_height=&#8220;1.5em&#8220; header_3_line_height=&#8220;1.5em&#8220; background_color=&#8220;#ebebeb&#8220; width_tablet=&#8220;&#8220; width_phone=&#8220;100%&#8220; width_last_edited=&#8220;on|phone&#8220; max_width=&#8220;100%&#8220; custom_margin_tablet=&#8220;&#8220; custom_margin_phone=&#8220;30px||||false|false&#8220; custom_margin_last_edited=&#8220;on|phone&#8220; custom_padding=&#8220;30px|30px|30px|30px|true|true&#8220; custom_padding_tablet=&#8220;30px|30px|30px|30px|true|true&#8220; custom_padding_phone=&#8220;0px|0px|0px|0px|true|true&#8220; custom_padding_last_edited=&#8220;on|phone&#8220; hover_enabled=&#8220;0&#8243; background_color_phone=&#8220;RGBA(255,255,255,0)&#8220; background_last_edited=&#8220;on|phone&#8220; background_enable_color_phone=&#8220;on&#8220; global_colors_info=&#8220;{}&#8220; sticky_enabled=&#8220;0&#8243;]<\/p>\n<h2><span style=\"color: #c0a000;\"><strong><\/strong><\/p>\n<p>S<span style=\"color: #c0a000;\"><strong>peci\u00e1ln\u00ed sada na kosti, osteopor\u00f3zu a hojen\u00ed ran<\/strong>:<\/span> m\u00edsto 452,90 eur<strong>pouze 276,27 eur<\/strong>Sleva 41 %* z b\u011b\u017en\u00e9 ceny. <strong><\/strong><\/span><\/h2>\n<p>[\/et_pb_text][\/et_pb_column][et_pb_column type=&#8220;1_2&#8243; _builder_version=&#8220;4.25.0&#8243; _module_preset=&#8220;default&#8220; global_colors_info=&#8220;{}&#8220; custom_css_main_element_last_edited=&#8220;on|phone&#8220; custom_css_main_element_phone=&#8220;order:1;&#8220;][et_pb_text admin_label=&#8220;PRODUKTDETAILS&#8220; _builder_version=&#8220;4.25.0&#8243; _module_preset=&#8220;default&#8220; global_colors_info=&#8220;{}&#8220;]<\/p>\n<p class=\"p1\"><b>V\u00fdhody speci\u00e1ln\u00ed sady pro kosti, osteopor\u00f3zu a hojen\u00ed ran<\/b><\/p>\n<ul>\n<li class=\"p1\">1 litr koloidn\u00edho k\u0159em\u00edku \u2264 10 ppm: d\u016fle\u017eit\u00fd prvek pro v\u0161echny struktur\u00e1ln\u00ed tk\u00e1n\u011b, zejm\u00e9na kosti.<\/li>\n<li class=\"p1\">1 litr koloidn\u00edho zlata \u2264 10 ppm: aktivuje metabolismus mozku, zlep\u0161uje n\u00e1ladu a zvy\u0161uje kreativitu.<\/li>\n<li class=\"p1\">300 g Sango Pur: v\u0161echny d\u016fle\u017eit\u00e9 miner\u00e1ly v optim\u00e1ln\u00edm slo\u017een\u00ed pro metabolismus kost\u00ed<\/li>\n<li class=\"p1\">30 g Silizium Pur: K\u0159em\u00edk v nejlep\u0161\u00ed mo\u017en\u00e9 biologicky dostupn\u00e9 form\u011b pro obnovu kost\u00ed po zlomenin\u00e1ch.<\/li>\n<li class=\"p1\">100 ml koloidn\u00edho st\u0159\u00edbra: sprej k zevn\u00edmu pou\u017eit\u00ed p\u0159i hojen\u00ed ran a jizev, protiz\u00e1n\u011btliv\u00fd.<\/li>\n<li class=\"p1\">100 ml koloidn\u00edho k\u0159em\u00edku: sprej k vn\u011bj\u0161\u00edmu pou\u017eit\u00ed pro hojen\u00ed ran, regeneraci k\u016f\u017ee, zjizven\u00ed tk\u00e1n\u011b.<\/li>\n<\/ul>\n<p>[\/et_pb_text][\/et_pb_column][\/et_pb_row][et_pb_row _builder_version=&#8220;4.25.0&#8243; global_colors_info=&#8220;{}&#8220;][et_pb_column type=&#8220;4_4&#8243; _builder_version=&#8220;4.16&#8243; custom_padding=&#8220;|||&#8220; global_colors_info=&#8220;{}&#8220; custom_padding__hover=&#8220;|||&#8220;][et_pb_wc_upsells _builder_version=&#8220;4.16&#8243; global_colors_info=&#8220;{}&#8220;][\/et_pb_wc_upsells][et_pb_wc_related_products include_categories=&#8220;83&#8243; _builder_version=&#8220;4.25.1&#8243; product_title_line_height=&#8220;1.5em&#8220; price_font_size=&#8220;26px&#8220; price_line_height=&#8220;1em&#8220; global_colors_info=&#8220;{}&#8220;][\/et_pb_wc_related_products][\/et_pb_column][\/et_pb_row][et_pb_row _builder_version=&#8220;4.25.0&#8243; _module_preset=&#8220;default&#8220; background_color=&#8220;RGBA(255,255,255,0)&#8220; width=&#8220;100%&#8220; max_width=&#8220;100%&#8220; custom_margin=&#8220;0px||||false|false&#8220; custom_padding=&#8220;||||false|false&#8220; global_colors_info=&#8220;{}&#8220;][et_pb_column type=&#8220;4_4&#8243; _builder_version=&#8220;4.25.0&#8243; _module_preset=&#8220;default&#8220; background_color=&#8220;RGBA(255,255,255,0)&#8220; global_colors_info=&#8220;{}&#8220;][et_pb_text _builder_version=&#8220;4.25.0&#8243; _module_preset=&#8220;default&#8220; header_text_color=&#8220;#C0A000&#8243; header_2_font=&#8220;|600|||||||&#8220; header_2_text_color=&#8220;#C0A000&#8243; header_2_font_size=&#8220;28px&#8220; header_2_line_height=&#8220;1.5em&#8220; global_colors_info=&#8220;{}&#8220;]<\/p>\n<h2 style=\"text-align: center;\">Speci\u00e1ln\u00ed sada pro kosti, osteopor\u00f3zu a hojen\u00ed ran<\/h2>\n<h3 style=\"text-align: center;\">Posiluje metabolismus kost\u00ed (osteopor\u00f3za) a urychluje hojen\u00ed ran po zlomenin\u00e1ch kost\u00ed.<\/h3>\n<p>[\/et_pb_text][et_pb_text admin_label=&#8220;DETAILS&#8220; _builder_version=&#8220;4.26.0&#8243; _module_preset=&#8220;default&#8220; header_2_line_height=&#8220;1.5em&#8220; header_5_text_color=&#8220;#C0A000&#8243; background_color=&#8220;RGBA(255,255,255,0)&#8220; width_tablet=&#8220;&#8220; width_phone=&#8220;&#8220; width_last_edited=&#8220;on|desktop&#8220; hover_enabled=&#8220;0&#8243; global_colors_info=&#8220;{}&#8220; sticky_enabled=&#8220;0&#8243; global_module=&#8220;57633&#8243; saved_tabs=&#8220;all&#8220; locked=&#8220;off&#8220;]<\/p>\n<h3>Was sind kolloidale Metalle und wie nimmt man sie ein?<\/h3>\n<p>Bei echten kolloidalen Metallen handelt es sich um sehr feine Metallpartikel, die in Wasser schweben und keine Verbindung mit dem Wasser eingehen \u2013 im Gegensatz zu ionischen L\u00f6sungen (elektrolytische Herstellung). Die Gr\u00f6\u00dfe der einzelnen Teilchen liegt zwischen 1 und 20 Nanometer (1 nm = ein milliardstel Meter). Die Partikel dieser fl\u00fcssigen Dispersion k\u00f6nnen durch verschiedene Herstellungsverfahren entstehen, die je nach Verfahren einen erheblichen Einfluss auf die Eigenschaften und Qualit\u00e4t haben. Mehr \u00fcber <a href=\"https:\/\/gesundheit-und-sport.com\/anwendung-und-dosierung-von-kolloidalen-metallen\/\" target=\"_blank\" rel=\"noopener\">Anwendung und Dosierung von Kolloiden<\/a>\u00a0erfahren Sie in dem Info-Portal der FGS. Weitere Informationen zu Teilchengr\u00f6\u00dfe (nm), Konzentration (ppm), Wirksamkeit und Bioverf\u00fcgbarkeit finden Sie in <a href=\"https:\/\/trimedea.com\/faq-kolloidale-metalle\/\" target=\"_blank\" rel=\"noopener\">unseren FAQ hier.<\/a><br \/><strong>Warum kolloidale Metalle als Katalysatoren und Stoffwechselbeschleuniger so wichtig sind<\/strong> erfahren Sie <a href=\"https:\/\/gesundheit-und-sport.com\/katalytisch-aktive-metalle-wichtige-elemente-fuer-unsere-gesundheit\/\" target=\"_blank\" rel=\"noopener\">hier<\/a>.<br \/>Zur Herstellung von echten kolloidalen Metallen eignet sich das Hochvolt-Plasmaverfahren aus bio-logischer Sicht am besten. Warum die Herstellung mittels Elektrolyse (= ionische L\u00f6sung \/ wenig echte Kolloide) mehr Risiken hat als Vorteile und was genau die Unterschiede sind, erfahren Sie <a href=\"https:\/\/gesundheit-und-sport.com\/kolloidales-gold-silber-und-platin-im-hochvolt-plasma-verfahren\/\" target=\"_blank\" rel=\"noopener\">hier<\/a>.[\/et_pb_text][\/et_pb_column][\/et_pb_row][\/et_pb_section]<\/p>\n","protected":false},"excerpt":{"rendered":"<p><strong>Posiluje metabolismus kost\u00ed (osteopor\u00f3za) a urychluje hojen\u00ed ran po zlomenin\u00e1ch <\/strong>Koloidn\u00ed k\u0159em\u00edk, koloidn\u00ed zlato, sango kor\u00e1l (8 \u03bcm) a oxid k\u0159emi\u010dit\u00fd (4 \u03bcm) v nejmen\u0161\u00ed velikosti \u010d\u00e1stic pro optim\u00e1ln\u00ed biologickou dostupnost: <strong>tato speci\u00e1ln\u00ed kombinace vytv\u00e1\u0159\u00ed podm\u00ednky pro rychl\u00e9 a optim\u00e1ln\u00ed repara\u010dn\u00ed procesy v<\/strong> p\u0159\u00edpad\u011b zv\u00fd\u0161en\u00e9 resorpce kost\u00ed, po zlomenin\u00e1ch kost\u00ed (nap\u0159. kr\u010dku stehenn\u00ed kosti, kloubu nohy a kolene, pa\u017ee, kl\u00ed\u010dn\u00ed kosti, \u010delisti, p\u00e1te\u0159e) a pro tvorbu kalusu. zlomenin (nap\u0159. kr\u010dku stehenn\u00ed kosti, chodidlov\u00e9ho a kolenn\u00edho kloubu, pa\u017ee, kl\u00ed\u010dn\u00ed kosti, \u010delistn\u00ed kosti, p\u00e1te\u0159e) a pro tvorbu kalusu.<\/p>\n","protected":false},"featured_media":55534,"template":"","meta":{"_et_pb_use_builder":"on","_et_pb_old_content":"","_et_gb_content_width":"","footnotes":""},"product_brand":[],"product_cat":[180],"product_tag":[253,244],"class_list":{"0":"post-55532","1":"product","2":"type-product","3":"status-publish","4":"has-post-thumbnail","6":"product_cat-specialni-sady","7":"product_tag-kosti-a-klouby","8":"product_tag-zdravi-zen","10":"first","11":"instock","12":"sale","13":"taxable","14":"shipping-taxable","15":"purchasable","16":"product-type-simple"},"yoast_head":"<!-- This site is optimized with the Yoast SEO plugin v27.3 - https:\/\/yoast.com\/product\/yoast-seo-wordpress\/ -->\n<title>Speci\u00e1ln\u00ed sada pro kosti, osteopor\u00f3zu a hojen\u00ed ran - TRIMEDEA<\/title>\n<meta name=\"description\" content=\"Pro rychlej\u0161\u00ed regeneraci po zlomenin\u00e1ch kost\u00ed, k pos\u00edlen\u00ed \u00fabytku kostn\u00ed hmoty a osteopor\u00f3zy a ke zlep\u0161en\u00ed hojen\u00ed ran.\" \/>\n<meta name=\"robots\" content=\"index, follow, max-snippet:-1, max-image-preview:large, max-video-preview:-1\" \/>\n<link rel=\"canonical\" href=\"https:\/\/trimedea.com\/cs\/produkt\/specialni-sada-pro-kosti-osteoporozu-a-hojeni-ran\/\" \/>\n<meta property=\"og:locale\" content=\"cs_CZ\" \/>\n<meta property=\"og:type\" content=\"article\" \/>\n<meta property=\"og:title\" content=\"Speci\u00e1ln\u00ed sada pro kosti, osteopor\u00f3zu a hojen\u00ed ran - TRIMEDEA\" \/>\n<meta property=\"og:description\" content=\"Pro rychlej\u0161\u00ed regeneraci po zlomenin\u00e1ch kost\u00ed, k pos\u00edlen\u00ed \u00fabytku kostn\u00ed hmoty a osteopor\u00f3zy a ke zlep\u0161en\u00ed hojen\u00ed ran.\" \/>\n<meta property=\"og:url\" content=\"https:\/\/trimedea.com\/cs\/produkt\/specialni-sada-pro-kosti-osteoporozu-a-hojeni-ran\/\" \/>\n<meta property=\"og:site_name\" content=\"TRIMEDEA\" \/>\n<meta property=\"article:modified_time\" content=\"2024-10-09T07:59:30+00:00\" \/>\n<meta property=\"og:image\" content=\"https:\/\/trimedea.com\/wp-content\/uploads\/2024\/05\/Spezial-Set-Knochen.jpg\" \/>\n\t<meta property=\"og:image:width\" content=\"1000\" \/>\n\t<meta property=\"og:image:height\" content=\"1000\" \/>\n\t<meta property=\"og:image:type\" content=\"image\/jpeg\" \/>\n<meta name=\"twitter:card\" content=\"summary_large_image\" \/>\n<script type=\"application\/ld+json\" class=\"yoast-schema-graph\">{\"@context\":\"https:\\\/\\\/schema.org\",\"@graph\":[{\"@type\":\"WebPage\",\"@id\":\"https:\\\/\\\/trimedea.com\\\/cs\\\/produkt\\\/specialni-sada-pro-kosti-osteoporozu-a-hojeni-ran\\\/\",\"url\":\"https:\\\/\\\/trimedea.com\\\/cs\\\/produkt\\\/specialni-sada-pro-kosti-osteoporozu-a-hojeni-ran\\\/\",\"name\":\"Speci\u00e1ln\u00ed sada pro kosti, osteopor\u00f3zu a hojen\u00ed ran - TRIMEDEA\",\"isPartOf\":{\"@id\":\"https:\\\/\\\/trimedea.com\\\/cs\\\/#website\"},\"primaryImageOfPage\":{\"@id\":\"https:\\\/\\\/trimedea.com\\\/cs\\\/produkt\\\/specialni-sada-pro-kosti-osteoporozu-a-hojeni-ran\\\/#primaryimage\"},\"image\":{\"@id\":\"https:\\\/\\\/trimedea.com\\\/cs\\\/produkt\\\/specialni-sada-pro-kosti-osteoporozu-a-hojeni-ran\\\/#primaryimage\"},\"thumbnailUrl\":\"https:\\\/\\\/trimedea.com\\\/wp-content\\\/uploads\\\/2024\\\/05\\\/Spezial-Set-Knochen.jpg\",\"datePublished\":\"2024-05-14T08:04:06+00:00\",\"dateModified\":\"2024-10-09T07:59:30+00:00\",\"description\":\"Pro rychlej\u0161\u00ed regeneraci po zlomenin\u00e1ch kost\u00ed, k pos\u00edlen\u00ed \u00fabytku kostn\u00ed hmoty a osteopor\u00f3zy a ke zlep\u0161en\u00ed hojen\u00ed ran.\",\"breadcrumb\":{\"@id\":\"https:\\\/\\\/trimedea.com\\\/cs\\\/produkt\\\/specialni-sada-pro-kosti-osteoporozu-a-hojeni-ran\\\/#breadcrumb\"},\"inLanguage\":\"cs\",\"potentialAction\":[{\"@type\":\"ReadAction\",\"target\":[\"https:\\\/\\\/trimedea.com\\\/cs\\\/produkt\\\/specialni-sada-pro-kosti-osteoporozu-a-hojeni-ran\\\/\"]}]},{\"@type\":\"ImageObject\",\"inLanguage\":\"cs\",\"@id\":\"https:\\\/\\\/trimedea.com\\\/cs\\\/produkt\\\/specialni-sada-pro-kosti-osteoporozu-a-hojeni-ran\\\/#primaryimage\",\"url\":\"https:\\\/\\\/trimedea.com\\\/wp-content\\\/uploads\\\/2024\\\/05\\\/Spezial-Set-Knochen.jpg\",\"contentUrl\":\"https:\\\/\\\/trimedea.com\\\/wp-content\\\/uploads\\\/2024\\\/05\\\/Spezial-Set-Knochen.jpg\",\"width\":1000,\"height\":1000},{\"@type\":\"BreadcrumbList\",\"@id\":\"https:\\\/\\\/trimedea.com\\\/cs\\\/produkt\\\/specialni-sada-pro-kosti-osteoporozu-a-hojeni-ran\\\/#breadcrumb\",\"itemListElement\":[{\"@type\":\"ListItem\",\"position\":1,\"name\":\"Startseite\",\"item\":\"https:\\\/\\\/trimedea.com\\\/cs\\\/\"},{\"@type\":\"ListItem\",\"position\":2,\"name\":\"TRIMEDEA SHOP\",\"item\":\"https:\\\/\\\/trimedea.com\\\/cs\\\/trimedea-shop\\\/\"},{\"@type\":\"ListItem\",\"position\":3,\"name\":\"Speci\u00e1ln\u00ed sada pro kosti, osteopor\u00f3zu a hojen\u00ed ran\"}]},{\"@type\":\"WebSite\",\"@id\":\"https:\\\/\\\/trimedea.com\\\/cs\\\/#website\",\"url\":\"https:\\\/\\\/trimedea.com\\\/cs\\\/\",\"name\":\"TRIMEDEA\",\"description\":\"F\u00fcr einen gesunden K\u00f6rper und Geist\",\"publisher\":{\"@id\":\"https:\\\/\\\/trimedea.com\\\/cs\\\/#organization\"},\"potentialAction\":[{\"@type\":\"SearchAction\",\"target\":{\"@type\":\"EntryPoint\",\"urlTemplate\":\"https:\\\/\\\/trimedea.com\\\/cs\\\/?s={search_term_string}\"},\"query-input\":{\"@type\":\"PropertyValueSpecification\",\"valueRequired\":true,\"valueName\":\"search_term_string\"}}],\"inLanguage\":\"cs\"},{\"@type\":\"Organization\",\"@id\":\"https:\\\/\\\/trimedea.com\\\/cs\\\/#organization\",\"name\":\"TRIMEDEA\",\"url\":\"https:\\\/\\\/trimedea.com\\\/cs\\\/\",\"logo\":{\"@type\":\"ImageObject\",\"inLanguage\":\"cs\",\"@id\":\"https:\\\/\\\/trimedea.com\\\/cs\\\/#\\\/schema\\\/logo\\\/image\\\/\",\"url\":\"https:\\\/\\\/trimedea.com\\\/wp-content\\\/uploads\\\/2024\\\/04\\\/TRIMEDEA_LOGO.png\",\"contentUrl\":\"https:\\\/\\\/trimedea.com\\\/wp-content\\\/uploads\\\/2024\\\/04\\\/TRIMEDEA_LOGO.png\",\"width\":540,\"height\":248,\"caption\":\"TRIMEDEA\"},\"image\":{\"@id\":\"https:\\\/\\\/trimedea.com\\\/cs\\\/#\\\/schema\\\/logo\\\/image\\\/\"}}]}<\/script>\n<!-- \/ Yoast SEO plugin. -->","yoast_head_json":{"title":"Speci\u00e1ln\u00ed sada pro kosti, osteopor\u00f3zu a hojen\u00ed ran - TRIMEDEA","description":"Pro rychlej\u0161\u00ed regeneraci po zlomenin\u00e1ch kost\u00ed, k pos\u00edlen\u00ed \u00fabytku kostn\u00ed hmoty a osteopor\u00f3zy a ke zlep\u0161en\u00ed hojen\u00ed ran.","robots":{"index":"index","follow":"follow","max-snippet":"max-snippet:-1","max-image-preview":"max-image-preview:large","max-video-preview":"max-video-preview:-1"},"canonical":"https:\/\/trimedea.com\/cs\/produkt\/specialni-sada-pro-kosti-osteoporozu-a-hojeni-ran\/","og_locale":"cs_CZ","og_type":"article","og_title":"Speci\u00e1ln\u00ed sada pro kosti, osteopor\u00f3zu a hojen\u00ed ran - TRIMEDEA","og_description":"Pro rychlej\u0161\u00ed regeneraci po zlomenin\u00e1ch kost\u00ed, k pos\u00edlen\u00ed \u00fabytku kostn\u00ed hmoty a osteopor\u00f3zy a ke zlep\u0161en\u00ed hojen\u00ed ran.","og_url":"https:\/\/trimedea.com\/cs\/produkt\/specialni-sada-pro-kosti-osteoporozu-a-hojeni-ran\/","og_site_name":"TRIMEDEA","article_modified_time":"2024-10-09T07:59:30+00:00","og_image":[{"width":1000,"height":1000,"url":"https:\/\/trimedea.com\/wp-content\/uploads\/2024\/05\/Spezial-Set-Knochen.jpg","type":"image\/jpeg"}],"twitter_card":"summary_large_image","schema":{"@context":"https:\/\/schema.org","@graph":[{"@type":"WebPage","@id":"https:\/\/trimedea.com\/cs\/produkt\/specialni-sada-pro-kosti-osteoporozu-a-hojeni-ran\/","url":"https:\/\/trimedea.com\/cs\/produkt\/specialni-sada-pro-kosti-osteoporozu-a-hojeni-ran\/","name":"Speci\u00e1ln\u00ed sada pro kosti, osteopor\u00f3zu a hojen\u00ed ran - TRIMEDEA","isPartOf":{"@id":"https:\/\/trimedea.com\/cs\/#website"},"primaryImageOfPage":{"@id":"https:\/\/trimedea.com\/cs\/produkt\/specialni-sada-pro-kosti-osteoporozu-a-hojeni-ran\/#primaryimage"},"image":{"@id":"https:\/\/trimedea.com\/cs\/produkt\/specialni-sada-pro-kosti-osteoporozu-a-hojeni-ran\/#primaryimage"},"thumbnailUrl":"https:\/\/trimedea.com\/wp-content\/uploads\/2024\/05\/Spezial-Set-Knochen.jpg","datePublished":"2024-05-14T08:04:06+00:00","dateModified":"2024-10-09T07:59:30+00:00","description":"Pro rychlej\u0161\u00ed regeneraci po zlomenin\u00e1ch kost\u00ed, k pos\u00edlen\u00ed \u00fabytku kostn\u00ed hmoty a osteopor\u00f3zy a ke zlep\u0161en\u00ed hojen\u00ed ran.","breadcrumb":{"@id":"https:\/\/trimedea.com\/cs\/produkt\/specialni-sada-pro-kosti-osteoporozu-a-hojeni-ran\/#breadcrumb"},"inLanguage":"cs","potentialAction":[{"@type":"ReadAction","target":["https:\/\/trimedea.com\/cs\/produkt\/specialni-sada-pro-kosti-osteoporozu-a-hojeni-ran\/"]}]},{"@type":"ImageObject","inLanguage":"cs","@id":"https:\/\/trimedea.com\/cs\/produkt\/specialni-sada-pro-kosti-osteoporozu-a-hojeni-ran\/#primaryimage","url":"https:\/\/trimedea.com\/wp-content\/uploads\/2024\/05\/Spezial-Set-Knochen.jpg","contentUrl":"https:\/\/trimedea.com\/wp-content\/uploads\/2024\/05\/Spezial-Set-Knochen.jpg","width":1000,"height":1000},{"@type":"BreadcrumbList","@id":"https:\/\/trimedea.com\/cs\/produkt\/specialni-sada-pro-kosti-osteoporozu-a-hojeni-ran\/#breadcrumb","itemListElement":[{"@type":"ListItem","position":1,"name":"Startseite","item":"https:\/\/trimedea.com\/cs\/"},{"@type":"ListItem","position":2,"name":"TRIMEDEA SHOP","item":"https:\/\/trimedea.com\/cs\/trimedea-shop\/"},{"@type":"ListItem","position":3,"name":"Speci\u00e1ln\u00ed sada pro kosti, osteopor\u00f3zu a hojen\u00ed ran"}]},{"@type":"WebSite","@id":"https:\/\/trimedea.com\/cs\/#website","url":"https:\/\/trimedea.com\/cs\/","name":"TRIMEDEA","description":"F\u00fcr einen gesunden K\u00f6rper und Geist","publisher":{"@id":"https:\/\/trimedea.com\/cs\/#organization"},"potentialAction":[{"@type":"SearchAction","target":{"@type":"EntryPoint","urlTemplate":"https:\/\/trimedea.com\/cs\/?s={search_term_string}"},"query-input":{"@type":"PropertyValueSpecification","valueRequired":true,"valueName":"search_term_string"}}],"inLanguage":"cs"},{"@type":"Organization","@id":"https:\/\/trimedea.com\/cs\/#organization","name":"TRIMEDEA","url":"https:\/\/trimedea.com\/cs\/","logo":{"@type":"ImageObject","inLanguage":"cs","@id":"https:\/\/trimedea.com\/cs\/#\/schema\/logo\/image\/","url":"https:\/\/trimedea.com\/wp-content\/uploads\/2024\/04\/TRIMEDEA_LOGO.png","contentUrl":"https:\/\/trimedea.com\/wp-content\/uploads\/2024\/04\/TRIMEDEA_LOGO.png","width":540,"height":248,"caption":"TRIMEDEA"},"image":{"@id":"https:\/\/trimedea.com\/cs\/#\/schema\/logo\/image\/"}}]}},"_links":{"self":[{"href":"https:\/\/trimedea.com\/cs\/wp-json\/wp\/v2\/product\/55532","targetHints":{"allow":["GET"]}}],"collection":[{"href":"https:\/\/trimedea.com\/cs\/wp-json\/wp\/v2\/product"}],"about":[{"href":"https:\/\/trimedea.com\/cs\/wp-json\/wp\/v2\/types\/product"}],"version-history":[{"count":0,"href":"https:\/\/trimedea.com\/cs\/wp-json\/wp\/v2\/product\/55532\/revisions"}],"wp:featuredmedia":[{"embeddable":true,"href":"https:\/\/trimedea.com\/cs\/wp-json\/wp\/v2\/media\/55534"}],"wp:attachment":[{"href":"https:\/\/trimedea.com\/cs\/wp-json\/wp\/v2\/media?parent=55532"}],"wp:term":[{"taxonomy":"product_brand","embeddable":true,"href":"https:\/\/trimedea.com\/cs\/wp-json\/wp\/v2\/product_brand?post=55532"},{"taxonomy":"product_cat","embeddable":true,"href":"https:\/\/trimedea.com\/cs\/wp-json\/wp\/v2\/product_cat?post=55532"},{"taxonomy":"product_tag","embeddable":true,"href":"https:\/\/trimedea.com\/cs\/wp-json\/wp\/v2\/product_tag?post=55532"}],"curies":[{"name":"wp","href":"https:\/\/api.w.org\/{rel}","templated":true}]}}