{"id":55591,"date":"2024-05-22T08:54:51","date_gmt":"2024-05-22T08:54:51","guid":{"rendered":"https:\/\/test.trimedea.com\/produkt\/detox-sada-nature-sense-koloidni-kovy\/"},"modified":"2024-11-28T08:39:43","modified_gmt":"2024-11-28T08:39:43","slug":"detox-sada-nature-sense-koloidni-kovy","status":"publish","type":"product","link":"https:\/\/trimedea.com\/cs\/produkt\/detox-sada-nature-sense-koloidni-kovy\/","title":{"rendered":"DETOX &#8211; Sada Nature Sense &amp; Koloidn\u00ed kovy"},"content":{"rendered":"<p>[et_pb_section fb_built=&#8220;1&#8243; _builder_version=&#8220;4.16&#8243; custom_padding=&#8220;0px||3px||false|false&#8220; global_colors_info=&#8220;{}&#8220;][et_pb_row _builder_version=&#8220;4.16&#8243; background_size=&#8220;initial&#8220; background_position=&#8220;top_left&#8220; background_repeat=&#8220;repeat&#8220; width=&#8220;100%&#8220; custom_padding=&#8220;0px||0px||false|false&#8220; global_colors_info=&#8220;{}&#8220;][et_pb_column type=&#8220;4_4&#8243; _builder_version=&#8220;4.16&#8243; custom_padding=&#8220;|||&#8220; global_colors_info=&#8220;{}&#8220; custom_padding__hover=&#8220;|||&#8220;][et_pb_wc_breadcrumb breadcrumb_home_text=&#8220;TRIMEDEA SHOP&#8220; breadcrumb_home_url=&#8220;https:\/\/trimedea.com\/trimedea-shop&#8220; breadcrumb_separator=&#8220;|&#8220; admin_label=&#8220;WOO BREADCRUMBS DE&#8220; _builder_version=&#8220;4.25.0&#8243; custom_padding=&#8220;0px||30px||false|false&#8220; saved_tabs=&#8220;all&#8220; global_colors_info=&#8220;{}&#8220;][\/et_pb_wc_breadcrumb][et_pb_wc_cart_notice _builder_version=&#8220;4.16&#8243; custom_button=&#8220;on&#8220; button_border_width=&#8220;1px&#8220; button_border_color=&#8220;#FFFFFF&#8220; global_colors_info=&#8220;{}&#8220;][\/et_pb_wc_cart_notice][\/et_pb_column][\/et_pb_row][et_pb_row column_structure=&#8220;1_2,1_2&#8243; _builder_version=&#8220;4.25.0&#8243; background_size=&#8220;initial&#8220; background_position=&#8220;top_left&#8220; background_repeat=&#8220;repeat&#8220; width=&#8220;100%&#8220; custom_margin=&#8220;0px||||false|false&#8220; custom_padding=&#8220;||||false|false&#8220; global_colors_info=&#8220;{}&#8220;][et_pb_column type=&#8220;1_2&#8243; _builder_version=&#8220;4.25.0&#8243; custom_padding=&#8220;|||&#8220; custom_padding_tablet=&#8220;|||&#8220; custom_padding_phone=&#8220;|0px||0px|false|false&#8220; custom_padding_last_edited=&#8220;on|phone&#8220; global_colors_info=&#8220;{}&#8220; custom_padding__hover=&#8220;|||&#8220;][et_pb_wc_images _builder_version=&#8220;4.25.0&#8243; custom_margin_tablet=&#8220;&#8220; custom_margin_phone=&#8220;||||false|false&#8220; custom_margin_last_edited=&#8220;on|phone&#8220; custom_padding_tablet=&#8220;&#8220; custom_padding_phone=&#8220;30px||||false|false&#8220; custom_padding_last_edited=&#8220;on|phone&#8220; global_colors_info=&#8220;{}&#8220;][\/et_pb_wc_images][\/et_pb_column][et_pb_column type=&#8220;1_2&#8243; _builder_version=&#8220;4.16&#8243; custom_padding=&#8220;|||&#8220; global_colors_info=&#8220;{}&#8220; custom_padding__hover=&#8220;|||&#8220;][et_pb_wc_title _builder_version=&#8220;4.16&#8243; global_colors_info=&#8220;{}&#8220;][\/et_pb_wc_title][et_pb_wc_description _builder_version=&#8220;4.16&#8243; global_colors_info=&#8220;{}&#8220;][\/et_pb_wc_description][et_pb_wc_price _builder_version=&#8220;4.24.3&#8243; body_font=&#8220;|600|||||||&#8220; global_colors_info=&#8220;{}&#8220;][\/et_pb_wc_price][et_pb_wc_add_to_cart _builder_version=&#8220;4.16&#8243; global_colors_info=&#8220;{}&#8220;][\/et_pb_wc_add_to_cart][et_pb_wc_meta _builder_version=&#8220;4.16&#8243; global_colors_info=&#8220;{}&#8220;][\/et_pb_wc_meta][\/et_pb_column][\/et_pb_row][et_pb_row column_structure=&#8220;1_2,1_2&#8243; _builder_version=&#8220;4.25.0&#8243; _module_preset=&#8220;default&#8220; width=&#8220;100%&#8220; global_colors_info=&#8220;{}&#8220; custom_css_main_element_phone=&#8220;display: flex;||flex-wrap: wrap;&#8220; custom_css_main_element_last_edited=&#8220;on|phone&#8220;][et_pb_column type=&#8220;1_2&#8243; _builder_version=&#8220;4.25.0&#8243; _module_preset=&#8220;default&#8220; global_colors_info=&#8220;{}&#8220; custom_css_main_element_last_edited=&#8220;on|phone&#8220; custom_css_main_element_phone=&#8220;order:2;&#8220;][et_pb_text admin_label=&#8220;ANGEBOT&#8220; _builder_version=&#8220;4.26.0&#8243; _module_preset=&#8220;default&#8220; ul_font_size=&#8220;16px&#8220; ul_line_height=&#8220;1.7em&#8220; header_2_line_height=&#8220;1.5em&#8220; header_3_line_height=&#8220;1.5em&#8220; background_color=&#8220;#ebebeb&#8220; width_tablet=&#8220;&#8220; width_phone=&#8220;100%&#8220; width_last_edited=&#8220;on|phone&#8220; max_width=&#8220;100%&#8220; custom_margin_tablet=&#8220;&#8220; custom_margin_phone=&#8220;30px||||false|false&#8220; custom_margin_last_edited=&#8220;on|phone&#8220; custom_padding=&#8220;30px|30px|30px|30px|true|true&#8220; custom_padding_tablet=&#8220;30px|30px|30px|30px|true|true&#8220; custom_padding_phone=&#8220;0px|0px|0px|0px|true|true&#8220; custom_padding_last_edited=&#8220;on|phone&#8220; background_color_phone=&#8220;RGBA(255,255,255,0)&#8220; background_last_edited=&#8220;on|phone&#8220; background_enable_color_phone=&#8220;on&#8220; global_colors_info=&#8220;{}&#8220;]<\/p>\n<h2><span style=\"color: #c0a000;\"><strong>Nature Sense DETOX &#8211; &amp; sada koloidn\u00edch kov\u016f :<\/strong><\/span><\/p>\n<p>M\u00edsto 391,30 Euro*<strong>pouze 273,90 Euro<\/strong> V\u00edce ne\u017e 30 % \u00faspora!<\/h2>\n<p>[\/et_pb_text][\/et_pb_column][et_pb_column type=&#8220;1_2&#8243; _builder_version=&#8220;4.25.0&#8243; _module_preset=&#8220;default&#8220; global_colors_info=&#8220;{}&#8220; custom_css_main_element_last_edited=&#8220;on|phone&#8220; custom_css_main_element_phone=&#8220;order:1;&#8220;][et_pb_text admin_label=&#8220;PRODUKTDETAILS&#8220; _builder_version=&#8220;4.27.2&#8243; _module_preset=&#8220;default&#8220; global_colors_info=&#8220;{}&#8220;]<\/p>\n<p><strong>Sada se skl\u00e1d\u00e1 z:  <\/strong><\/p>\n<ul>\n<li>Nature Sense 50 ml J\u00e1tra<\/li>\n<li>Nature Sense 50 ml Detox<\/li>\n<li>1 litr koloidn\u00edho tantalu<\/li>\n<li>1 litr koloidn\u00ed m\u011bdi<\/li>\n<li>1 litr koloidn\u00edho zinku<\/li>\n<li>1 x 180 g zeolitu o velikosti \u010d\u00e1stic 6 \u03bcm<\/li>\n<\/ul>\n<p>Zde se dozv\u00edte v\u00edce o <a href=\"https:\/\/gesundheit-und-sport.com\/anwendung-und-dosierung-aller-trimedea-produkte\/\" target=\"_blank\" rel=\"noopener\">pou\u017eit\u00ed a d\u00e1vkov\u00e1n\u00ed v\u0161ech produkt\u016f Trimedea<\/a>.<\/p>\n<p>[\/et_pb_text][\/et_pb_column][\/et_pb_row][et_pb_row custom_padding_last_edited=&#8220;on|phone&#8220; _builder_version=&#8220;4.25.0&#8243; background_size=&#8220;initial&#8220; background_position=&#8220;top_left&#8220; background_repeat=&#8220;repeat&#8220; width=&#8220;100%&#8220; custom_margin_tablet=&#8220;&#8220; custom_margin_phone=&#8220;||||false|false&#8220; custom_margin_last_edited=&#8220;on|phone&#8220; custom_padding_tablet=&#8220;&#8220; custom_padding_phone=&#8220;0px||||false|false&#8220; global_colors_info=&#8220;{}&#8220;][et_pb_column type=&#8220;4_4&#8243; _builder_version=&#8220;4.16&#8243; custom_padding=&#8220;|||&#8220; global_colors_info=&#8220;{}&#8220; custom_padding__hover=&#8220;|||&#8220;][et_pb_wc_upsells _builder_version=&#8220;4.16&#8243; global_colors_info=&#8220;{}&#8220;][\/et_pb_wc_upsells][et_pb_wc_related_products posts_number=&#8220;4&#8243; columns_number=&#8220;4&#8243; include_categories=&#8220;89&#8243; _builder_version=&#8220;4.25.1&#8243; global_colors_info=&#8220;{}&#8220;][\/et_pb_wc_related_products][\/et_pb_column][\/et_pb_row][et_pb_row _builder_version=&#8220;4.25.0&#8243; _module_preset=&#8220;default&#8220; background_color=&#8220;RGBA(255,255,255,0)&#8220; width=&#8220;100%&#8220; max_width=&#8220;100%&#8220; custom_margin=&#8220;0px||||false|false&#8220; custom_padding=&#8220;||||false|false&#8220; global_colors_info=&#8220;{}&#8220;][et_pb_column type=&#8220;4_4&#8243; _builder_version=&#8220;4.25.0&#8243; _module_preset=&#8220;default&#8220; background_color=&#8220;RGBA(255,255,255,0)&#8220; global_colors_info=&#8220;{}&#8220;][et_pb_text _builder_version=&#8220;4.27.0&#8243; _module_preset=&#8220;default&#8220; header_text_color=&#8220;#C0A000&#8243; header_2_font=&#8220;|600|||||||&#8220; header_2_text_color=&#8220;#C0A000&#8243; header_2_font_size=&#8220;28px&#8220; header_2_line_height=&#8220;1.5em&#8220; global_colors_info=&#8220;{}&#8220;]<\/p>\n<h2 style=\"text-align: center;\">Nature Sense DETOX &#8211; &amp; sada koloidn\u00edch kov\u016f<\/h2>\n<h3 class=\"p1\" style=\"text-align: center;\">Aktivace detoxika\u010dn\u00edch funkc\u00ed a eliminace \u0161kodliv\u00fdch l\u00e1tek a slou\u010denin t\u011b\u017ek\u00fdch kov\u016f<\/h3>\n<p>[\/et_pb_text][et_pb_text admin_label=&#8220;DETAILS&#8220; _builder_version=&#8220;4.27.2&#8243; _module_preset=&#8220;default&#8220; header_2_line_height=&#8220;1.5em&#8220; header_5_text_color=&#8220;#C0A000&#8243; background_color=&#8220;RGBA(255,255,255,0)&#8220; width_tablet=&#8220;&#8220; width_phone=&#8220;&#8220; width_last_edited=&#8220;on|desktop&#8220; global_colors_info=&#8220;{}&#8220;]<\/p>\n<h3>Co jsou to koloidn\u00ed kovy a jak je u\u017e\u00edvat?<\/h3>\n<p>Prav\u00e9 koloidn\u00ed kovy jsou velmi jemn\u00e9 \u010d\u00e1stice kov\u016f, kter\u00e9 jsou suspendov\u00e1ny ve vod\u011b a nevytv\u00e1\u0159ej\u00ed s n\u00ed vazbu &#8211; na rozd\u00edl od iontov\u00fdch roztok\u016f (elektrolytick\u00e1 v\u00fdroba). Velikost jednotliv\u00fdch \u010d\u00e1stic se pohybuje mezi 1 a 20 nanometry (1 nm = jedna miliardtina metru). \u010c\u00e1stice t\u00e9to kapaln\u00e9 disperze lze vyr\u00e1b\u011bt r\u016fzn\u00fdmi v\u00fdrobn\u00edmi postupy, kter\u00e9 maj\u00ed v z\u00e1vislosti na procesu zna\u010dn\u00fd vliv na vlastnosti a kvalitu. V\u00edce informac\u00ed o <a href=\"https:\/\/gesundheit-und-sport.com\/anwendung-und-dosierung-von-kolloidalen-metallen\/\" target=\"_blank\" rel=\"noopener\">pou\u017e\u00edv\u00e1n\u00ed a d\u00e1vkov\u00e1n\u00ed koloid\u016f<\/a> najdete na informa\u010dn\u00edm port\u00e1lu FGS. Dal\u0161\u00ed informace o velikosti \u010d\u00e1stic (nm), koncentraci (ppm), \u00fa\u010dinnosti a biologick\u00e9 dostupnosti naleznete v <a href=\"https:\/\/trimedea.com\/cs\/koloidni-kovy\/\" target=\"_blank\" rel=\"noopener\">na\u0161ich \u010dasto kladen\u00fdch dotazech zde<\/a>.<\/p>\n<p><a href=\"\/wp-content\/PDF\/ZEOLITH_PUR_Datenblatt.pdf\"> Zeolith Pur Podrobn\u00fd katalogov\u00fd list najdete zde <\/a>.<\/p>\n<h3>Nature SenseOrganick\u00e9 pupeny a mate\u010dn\u00e9 tinktury<\/h3>\n<p><a href=\"https:\/\/trimedea.com\/cs\/kategorie-produktu\/nature-sense-cs\/\">Nature Sense<\/a> nab\u00edz\u00ed jedine\u010dn\u00e9 spektrum slo\u017eek: Pou\u017e\u00edv\u00e1me vybran\u00e9 organick\u00e9 macer\u00e1ty z pupen\u016f a mate\u010dn\u00e9 tinktury, v\u0161echny \u010derstv\u011b ru\u010dn\u011b sklizen\u00e9, tradi\u010dn\u011b zpracovan\u00e9 a UMH-energizovan\u00e9 pro lep\u0161\u00ed pohodu a p\u0159irozenou regeneraci.<\/p>\n<h3>Zeolith PurVnit\u0159n\u00ed o\u010dista a p\u0159\u00edrodn\u00ed detoxikace<\/h3>\n<p>Mikropor\u00e9zn\u00ed vulkanick\u00e1 hornina s r\u016fzn\u00fdmi \u00fakoly a funkcemi v metabolismu. \u00da\u010dinn\u00e1 detoxikace: <a href=\"https:\/\/trimedea.com\/cs\/produkt\/cisty-zeolit\/\">Zeolith Pur<\/a> umo\u017e\u0148uje: p\u0159\u00edrodn\u00ed vulkanick\u00e1 hornina zlep\u0161uje na\u0161i schopnost bezpe\u010dn\u011b a \u00fa\u010dinn\u011b zbavovat t\u011blo \u0161kodliv\u00fdch l\u00e1tek, toxin\u016f z prost\u0159ed\u00ed a t\u011b\u017ek\u00fdch kov\u016f. <\/p>\n<p>[\/et_pb_text][\/et_pb_column][\/et_pb_row][\/et_pb_section]<\/p>\n","protected":false},"excerpt":{"rendered":"<p><strong>Organick\u00e9 macer\u00e1ty z pupen\u016f (Gemmo), mate\u010dn\u00e9 tinktury z \u010derstv\u00fdch \u010d\u00e1st\u00ed rostlin a koloidn\u00ed kovy <\/strong>pro aktivaci detoxika\u010dn\u00edch funkc\u00ed a odstran\u011bn\u00ed \u0161kodliv\u00fdch l\u00e1tek a slou\u010denin t\u011b\u017ek\u00fdch kov\u016f.<\/p>\n","protected":false},"featured_media":63162,"template":"","meta":{"_et_pb_use_builder":"on","_et_pb_old_content":"","_et_gb_content_width":"","footnotes":""},"product_brand":[],"product_cat":[181],"product_tag":[229],"class_list":{"0":"post-55591","1":"product","2":"type-product","3":"status-publish","4":"has-post-thumbnail","6":"product_cat-sady-nature-sense-colloidal-metals","7":"product_tag-detoxikace-a-metabolismus","9":"first","10":"instock","11":"sale","12":"taxable","13":"shipping-taxable","14":"purchasable","15":"product-type-simple"},"yoast_head":"<!-- This site is optimized with the Yoast SEO plugin v27.4 - https:\/\/yoast.com\/product\/yoast-seo-wordpress\/ -->\n<title>DETOX - Sada Nature Sense &amp; Koloidn\u00ed kovy - TRIMEDEA<\/title>\n<meta name=\"description\" content=\"Nature Sense DETOX - a koloidn\u00ed kovy: organick\u00e9 macer\u00e1ty z pupen\u016f (Gemmo), mate\u010dn\u00e9 tinktury pro detoxikaci a eliminaci \u0161kodliv\u00fdch l\u00e1tek.\" \/>\n<meta name=\"robots\" content=\"index, follow, max-snippet:-1, max-image-preview:large, max-video-preview:-1\" \/>\n<link rel=\"canonical\" href=\"https:\/\/trimedea.com\/cs\/produkt\/detox-sada-nature-sense-koloidni-kovy\/\" \/>\n<meta property=\"og:locale\" content=\"cs_CZ\" \/>\n<meta property=\"og:type\" content=\"article\" \/>\n<meta property=\"og:title\" content=\"DETOX - Sada Nature Sense &amp; Koloidn\u00ed kovy - TRIMEDEA\" \/>\n<meta property=\"og:description\" content=\"Nature Sense DETOX - a koloidn\u00ed kovy: organick\u00e9 macer\u00e1ty z pupen\u016f (Gemmo), mate\u010dn\u00e9 tinktury pro detoxikaci a eliminaci \u0161kodliv\u00fdch l\u00e1tek.\" \/>\n<meta property=\"og:url\" content=\"https:\/\/trimedea.com\/cs\/produkt\/detox-sada-nature-sense-koloidni-kovy\/\" \/>\n<meta property=\"og:site_name\" content=\"TRIMEDEA\" \/>\n<meta property=\"article:modified_time\" content=\"2024-11-28T08:39:43+00:00\" \/>\n<meta property=\"og:image\" content=\"https:\/\/trimedea.com\/wp-content\/uploads\/2024\/05\/detox-nature-sense-kolloidale-metalle-set-1.jpg\" \/>\n\t<meta property=\"og:image:width\" content=\"1000\" \/>\n\t<meta property=\"og:image:height\" content=\"1000\" \/>\n\t<meta property=\"og:image:type\" content=\"image\/jpeg\" \/>\n<meta name=\"twitter:card\" content=\"summary_large_image\" \/>\n<script type=\"application\/ld+json\" class=\"yoast-schema-graph\">{\"@context\":\"https:\\\/\\\/schema.org\",\"@graph\":[{\"@type\":\"WebPage\",\"@id\":\"https:\\\/\\\/trimedea.com\\\/cs\\\/produkt\\\/detox-sada-nature-sense-koloidni-kovy\\\/\",\"url\":\"https:\\\/\\\/trimedea.com\\\/cs\\\/produkt\\\/detox-sada-nature-sense-koloidni-kovy\\\/\",\"name\":\"DETOX - Sada Nature Sense &amp; Koloidn\u00ed kovy - TRIMEDEA\",\"isPartOf\":{\"@id\":\"https:\\\/\\\/trimedea.com\\\/cs\\\/#website\"},\"primaryImageOfPage\":{\"@id\":\"https:\\\/\\\/trimedea.com\\\/cs\\\/produkt\\\/detox-sada-nature-sense-koloidni-kovy\\\/#primaryimage\"},\"image\":{\"@id\":\"https:\\\/\\\/trimedea.com\\\/cs\\\/produkt\\\/detox-sada-nature-sense-koloidni-kovy\\\/#primaryimage\"},\"thumbnailUrl\":\"https:\\\/\\\/trimedea.com\\\/wp-content\\\/uploads\\\/2024\\\/05\\\/detox-nature-sense-kolloidale-metalle-set-1.jpg\",\"datePublished\":\"2024-05-22T08:54:51+00:00\",\"dateModified\":\"2024-11-28T08:39:43+00:00\",\"description\":\"Nature Sense DETOX - a koloidn\u00ed kovy: organick\u00e9 macer\u00e1ty z pupen\u016f (Gemmo), mate\u010dn\u00e9 tinktury pro detoxikaci a eliminaci \u0161kodliv\u00fdch l\u00e1tek.\",\"breadcrumb\":{\"@id\":\"https:\\\/\\\/trimedea.com\\\/cs\\\/produkt\\\/detox-sada-nature-sense-koloidni-kovy\\\/#breadcrumb\"},\"inLanguage\":\"cs\",\"potentialAction\":[{\"@type\":\"ReadAction\",\"target\":[\"https:\\\/\\\/trimedea.com\\\/cs\\\/produkt\\\/detox-sada-nature-sense-koloidni-kovy\\\/\"]}]},{\"@type\":\"ImageObject\",\"inLanguage\":\"cs\",\"@id\":\"https:\\\/\\\/trimedea.com\\\/cs\\\/produkt\\\/detox-sada-nature-sense-koloidni-kovy\\\/#primaryimage\",\"url\":\"https:\\\/\\\/trimedea.com\\\/wp-content\\\/uploads\\\/2024\\\/05\\\/detox-nature-sense-kolloidale-metalle-set-1.jpg\",\"contentUrl\":\"https:\\\/\\\/trimedea.com\\\/wp-content\\\/uploads\\\/2024\\\/05\\\/detox-nature-sense-kolloidale-metalle-set-1.jpg\",\"width\":1000,\"height\":1000},{\"@type\":\"BreadcrumbList\",\"@id\":\"https:\\\/\\\/trimedea.com\\\/cs\\\/produkt\\\/detox-sada-nature-sense-koloidni-kovy\\\/#breadcrumb\",\"itemListElement\":[{\"@type\":\"ListItem\",\"position\":1,\"name\":\"Startseite\",\"item\":\"https:\\\/\\\/trimedea.com\\\/cs\\\/\"},{\"@type\":\"ListItem\",\"position\":2,\"name\":\"TRIMEDEA SHOP\",\"item\":\"https:\\\/\\\/trimedea.com\\\/cs\\\/trimedea-shop\\\/\"},{\"@type\":\"ListItem\",\"position\":3,\"name\":\"DETOX &#8211; Sada Nature Sense &amp; Koloidn\u00ed kovy\"}]},{\"@type\":\"WebSite\",\"@id\":\"https:\\\/\\\/trimedea.com\\\/cs\\\/#website\",\"url\":\"https:\\\/\\\/trimedea.com\\\/cs\\\/\",\"name\":\"TRIMEDEA\",\"description\":\"F\u00fcr einen gesunden K\u00f6rper und Geist\",\"publisher\":{\"@id\":\"https:\\\/\\\/trimedea.com\\\/cs\\\/#organization\"},\"potentialAction\":[{\"@type\":\"SearchAction\",\"target\":{\"@type\":\"EntryPoint\",\"urlTemplate\":\"https:\\\/\\\/trimedea.com\\\/cs\\\/?s={search_term_string}\"},\"query-input\":{\"@type\":\"PropertyValueSpecification\",\"valueRequired\":true,\"valueName\":\"search_term_string\"}}],\"inLanguage\":\"cs\"},{\"@type\":\"Organization\",\"@id\":\"https:\\\/\\\/trimedea.com\\\/cs\\\/#organization\",\"name\":\"TRIMEDEA\",\"url\":\"https:\\\/\\\/trimedea.com\\\/cs\\\/\",\"logo\":{\"@type\":\"ImageObject\",\"inLanguage\":\"cs\",\"@id\":\"https:\\\/\\\/trimedea.com\\\/cs\\\/#\\\/schema\\\/logo\\\/image\\\/\",\"url\":\"https:\\\/\\\/trimedea.com\\\/wp-content\\\/uploads\\\/2024\\\/04\\\/TRIMEDEA_LOGO.png\",\"contentUrl\":\"https:\\\/\\\/trimedea.com\\\/wp-content\\\/uploads\\\/2024\\\/04\\\/TRIMEDEA_LOGO.png\",\"width\":540,\"height\":248,\"caption\":\"TRIMEDEA\"},\"image\":{\"@id\":\"https:\\\/\\\/trimedea.com\\\/cs\\\/#\\\/schema\\\/logo\\\/image\\\/\"}}]}<\/script>\n<!-- \/ Yoast SEO plugin. -->","yoast_head_json":{"title":"DETOX - Sada Nature Sense &amp; Koloidn\u00ed kovy - TRIMEDEA","description":"Nature Sense DETOX - a koloidn\u00ed kovy: organick\u00e9 macer\u00e1ty z pupen\u016f (Gemmo), mate\u010dn\u00e9 tinktury pro detoxikaci a eliminaci \u0161kodliv\u00fdch l\u00e1tek.","robots":{"index":"index","follow":"follow","max-snippet":"max-snippet:-1","max-image-preview":"max-image-preview:large","max-video-preview":"max-video-preview:-1"},"canonical":"https:\/\/trimedea.com\/cs\/produkt\/detox-sada-nature-sense-koloidni-kovy\/","og_locale":"cs_CZ","og_type":"article","og_title":"DETOX - Sada Nature Sense &amp; Koloidn\u00ed kovy - TRIMEDEA","og_description":"Nature Sense DETOX - a koloidn\u00ed kovy: organick\u00e9 macer\u00e1ty z pupen\u016f (Gemmo), mate\u010dn\u00e9 tinktury pro detoxikaci a eliminaci \u0161kodliv\u00fdch l\u00e1tek.","og_url":"https:\/\/trimedea.com\/cs\/produkt\/detox-sada-nature-sense-koloidni-kovy\/","og_site_name":"TRIMEDEA","article_modified_time":"2024-11-28T08:39:43+00:00","og_image":[{"width":1000,"height":1000,"url":"https:\/\/trimedea.com\/wp-content\/uploads\/2024\/05\/detox-nature-sense-kolloidale-metalle-set-1.jpg","type":"image\/jpeg"}],"twitter_card":"summary_large_image","schema":{"@context":"https:\/\/schema.org","@graph":[{"@type":"WebPage","@id":"https:\/\/trimedea.com\/cs\/produkt\/detox-sada-nature-sense-koloidni-kovy\/","url":"https:\/\/trimedea.com\/cs\/produkt\/detox-sada-nature-sense-koloidni-kovy\/","name":"DETOX - Sada Nature Sense &amp; Koloidn\u00ed kovy - TRIMEDEA","isPartOf":{"@id":"https:\/\/trimedea.com\/cs\/#website"},"primaryImageOfPage":{"@id":"https:\/\/trimedea.com\/cs\/produkt\/detox-sada-nature-sense-koloidni-kovy\/#primaryimage"},"image":{"@id":"https:\/\/trimedea.com\/cs\/produkt\/detox-sada-nature-sense-koloidni-kovy\/#primaryimage"},"thumbnailUrl":"https:\/\/trimedea.com\/wp-content\/uploads\/2024\/05\/detox-nature-sense-kolloidale-metalle-set-1.jpg","datePublished":"2024-05-22T08:54:51+00:00","dateModified":"2024-11-28T08:39:43+00:00","description":"Nature Sense DETOX - a koloidn\u00ed kovy: organick\u00e9 macer\u00e1ty z pupen\u016f (Gemmo), mate\u010dn\u00e9 tinktury pro detoxikaci a eliminaci \u0161kodliv\u00fdch l\u00e1tek.","breadcrumb":{"@id":"https:\/\/trimedea.com\/cs\/produkt\/detox-sada-nature-sense-koloidni-kovy\/#breadcrumb"},"inLanguage":"cs","potentialAction":[{"@type":"ReadAction","target":["https:\/\/trimedea.com\/cs\/produkt\/detox-sada-nature-sense-koloidni-kovy\/"]}]},{"@type":"ImageObject","inLanguage":"cs","@id":"https:\/\/trimedea.com\/cs\/produkt\/detox-sada-nature-sense-koloidni-kovy\/#primaryimage","url":"https:\/\/trimedea.com\/wp-content\/uploads\/2024\/05\/detox-nature-sense-kolloidale-metalle-set-1.jpg","contentUrl":"https:\/\/trimedea.com\/wp-content\/uploads\/2024\/05\/detox-nature-sense-kolloidale-metalle-set-1.jpg","width":1000,"height":1000},{"@type":"BreadcrumbList","@id":"https:\/\/trimedea.com\/cs\/produkt\/detox-sada-nature-sense-koloidni-kovy\/#breadcrumb","itemListElement":[{"@type":"ListItem","position":1,"name":"Startseite","item":"https:\/\/trimedea.com\/cs\/"},{"@type":"ListItem","position":2,"name":"TRIMEDEA SHOP","item":"https:\/\/trimedea.com\/cs\/trimedea-shop\/"},{"@type":"ListItem","position":3,"name":"DETOX &#8211; Sada Nature Sense &amp; Koloidn\u00ed kovy"}]},{"@type":"WebSite","@id":"https:\/\/trimedea.com\/cs\/#website","url":"https:\/\/trimedea.com\/cs\/","name":"TRIMEDEA","description":"F\u00fcr einen gesunden K\u00f6rper und Geist","publisher":{"@id":"https:\/\/trimedea.com\/cs\/#organization"},"potentialAction":[{"@type":"SearchAction","target":{"@type":"EntryPoint","urlTemplate":"https:\/\/trimedea.com\/cs\/?s={search_term_string}"},"query-input":{"@type":"PropertyValueSpecification","valueRequired":true,"valueName":"search_term_string"}}],"inLanguage":"cs"},{"@type":"Organization","@id":"https:\/\/trimedea.com\/cs\/#organization","name":"TRIMEDEA","url":"https:\/\/trimedea.com\/cs\/","logo":{"@type":"ImageObject","inLanguage":"cs","@id":"https:\/\/trimedea.com\/cs\/#\/schema\/logo\/image\/","url":"https:\/\/trimedea.com\/wp-content\/uploads\/2024\/04\/TRIMEDEA_LOGO.png","contentUrl":"https:\/\/trimedea.com\/wp-content\/uploads\/2024\/04\/TRIMEDEA_LOGO.png","width":540,"height":248,"caption":"TRIMEDEA"},"image":{"@id":"https:\/\/trimedea.com\/cs\/#\/schema\/logo\/image\/"}}]}},"_links":{"self":[{"href":"https:\/\/trimedea.com\/cs\/wp-json\/wp\/v2\/product\/55591","targetHints":{"allow":["GET"]}}],"collection":[{"href":"https:\/\/trimedea.com\/cs\/wp-json\/wp\/v2\/product"}],"about":[{"href":"https:\/\/trimedea.com\/cs\/wp-json\/wp\/v2\/types\/product"}],"version-history":[{"count":0,"href":"https:\/\/trimedea.com\/cs\/wp-json\/wp\/v2\/product\/55591\/revisions"}],"wp:featuredmedia":[{"embeddable":true,"href":"https:\/\/trimedea.com\/cs\/wp-json\/wp\/v2\/media\/63162"}],"wp:attachment":[{"href":"https:\/\/trimedea.com\/cs\/wp-json\/wp\/v2\/media?parent=55591"}],"wp:term":[{"taxonomy":"product_brand","embeddable":true,"href":"https:\/\/trimedea.com\/cs\/wp-json\/wp\/v2\/product_brand?post=55591"},{"taxonomy":"product_cat","embeddable":true,"href":"https:\/\/trimedea.com\/cs\/wp-json\/wp\/v2\/product_cat?post=55591"},{"taxonomy":"product_tag","embeddable":true,"href":"https:\/\/trimedea.com\/cs\/wp-json\/wp\/v2\/product_tag?post=55591"}],"curies":[{"name":"wp","href":"https:\/\/api.w.org\/{rel}","templated":true}]}}