{"id":55602,"date":"2024-05-17T11:42:36","date_gmt":"2024-05-17T11:42:36","guid":{"rendered":"https:\/\/test.trimedea.com\/produkt\/nature-sense-sada-tri-lahvi-3-lahve-1-zdarma\/"},"modified":"2024-07-05T12:01:37","modified_gmt":"2024-07-05T12:01:37","slug":"nature-sense-sada-tri-lahvi-3-lahve-1-zdarma","status":"publish","type":"product","link":"https:\/\/trimedea.com\/cs\/produkt\/nature-sense-sada-tri-lahvi-3-lahve-1-zdarma\/","title":{"rendered":"NATURE SENSE sada t\u0159\u00ed lahv\u00ed: 3 lahve + 1 zdarma"},"content":{"rendered":"<p>[et_pb_section fb_built=&#8220;1&#8243; _builder_version=&#8220;4.16&#8243; custom_padding=&#8220;0px||3px||false|false&#8220; global_colors_info=&#8220;{}&#8220;][et_pb_row _builder_version=&#8220;4.16&#8243; background_size=&#8220;initial&#8220; background_position=&#8220;top_left&#8220; background_repeat=&#8220;repeat&#8220; width=&#8220;100%&#8220; custom_padding=&#8220;0px||0px||false|false&#8220; global_colors_info=&#8220;{}&#8220;][et_pb_column type=&#8220;4_4&#8243; _builder_version=&#8220;4.16&#8243; custom_padding=&#8220;|||&#8220; global_colors_info=&#8220;{}&#8220; custom_padding__hover=&#8220;|||&#8220;][et_pb_wc_breadcrumb breadcrumb_home_text=&#8220;TRIMEDEA SHOP&#8220; breadcrumb_home_url=&#8220;https:\/\/trimedea.com\/trimedea-shop&#8220; breadcrumb_separator=&#8220;|&#8220; admin_label=&#8220;WOO BREADCRUMBS DE&#8220; _builder_version=&#8220;4.25.0&#8243; custom_padding=&#8220;0px||30px||false|false&#8220; saved_tabs=&#8220;all&#8220; global_colors_info=&#8220;{}&#8220;][\/et_pb_wc_breadcrumb][et_pb_wc_cart_notice _builder_version=&#8220;4.16&#8243; custom_button=&#8220;on&#8220; button_border_width=&#8220;1px&#8220; button_border_color=&#8220;#FFFFFF&#8220; global_colors_info=&#8220;{}&#8220;][\/et_pb_wc_cart_notice][\/et_pb_column][\/et_pb_row][et_pb_row column_structure=&#8220;1_2,1_2&#8243; _builder_version=&#8220;4.25.0&#8243; background_size=&#8220;initial&#8220; background_position=&#8220;top_left&#8220; background_repeat=&#8220;repeat&#8220; width=&#8220;100%&#8220; custom_margin=&#8220;0px||||false|false&#8220; custom_padding=&#8220;||||false|false&#8220; global_colors_info=&#8220;{}&#8220;][et_pb_column type=&#8220;1_2&#8243; _builder_version=&#8220;4.25.0&#8243; custom_padding=&#8220;|||&#8220; custom_padding_tablet=&#8220;|||&#8220; custom_padding_phone=&#8220;|0px||0px|false|false&#8220; custom_padding_last_edited=&#8220;on|phone&#8220; global_colors_info=&#8220;{}&#8220; custom_padding__hover=&#8220;|||&#8220;][et_pb_wc_images _builder_version=&#8220;4.25.0&#8243; custom_margin_tablet=&#8220;&#8220; custom_margin_phone=&#8220;||||false|false&#8220; custom_margin_last_edited=&#8220;on|phone&#8220; custom_padding_tablet=&#8220;&#8220; custom_padding_phone=&#8220;30px||||false|false&#8220; custom_padding_last_edited=&#8220;on|phone&#8220; global_colors_info=&#8220;{}&#8220;][\/et_pb_wc_images][\/et_pb_column][et_pb_column type=&#8220;1_2&#8243; _builder_version=&#8220;4.16&#8243; custom_padding=&#8220;|||&#8220; global_colors_info=&#8220;{}&#8220; custom_padding__hover=&#8220;|||&#8220;][et_pb_wc_title _builder_version=&#8220;4.16&#8243; global_colors_info=&#8220;{}&#8220;][\/et_pb_wc_title][et_pb_wc_description _builder_version=&#8220;4.16&#8243; global_colors_info=&#8220;{}&#8220;][\/et_pb_wc_description][et_pb_wc_price _builder_version=&#8220;4.25.0&#8243; body_font=&#8220;|600|||||||&#8220; global_colors_info=&#8220;{}&#8220;][\/et_pb_wc_price][et_pb_wc_add_to_cart _builder_version=&#8220;4.25.0&#8243; global_colors_info=&#8220;{}&#8220;][\/et_pb_wc_add_to_cart][et_pb_wc_meta _builder_version=&#8220;4.16&#8243; global_colors_info=&#8220;{}&#8220;][\/et_pb_wc_meta][\/et_pb_column][\/et_pb_row][et_pb_row column_structure=&#8220;1_2,1_2&#8243; disabled_on=&#8220;on|on|on&#8220; _builder_version=&#8220;4.25.0&#8243; _module_preset=&#8220;default&#8220; width=&#8220;100%&#8220; disabled=&#8220;on&#8220; global_colors_info=&#8220;{}&#8220; custom_css_main_element_phone=&#8220;display: flex;||flex-wrap: wrap;&#8220; custom_css_main_element_last_edited=&#8220;on|phone&#8220;][et_pb_column type=&#8220;1_2&#8243; _builder_version=&#8220;4.25.0&#8243; _module_preset=&#8220;default&#8220; global_colors_info=&#8220;{}&#8220; custom_css_main_element_last_edited=&#8220;on|phone&#8220; custom_css_main_element_phone=&#8220;order:2;&#8220;][et_pb_text admin_label=&#8220;ANGEBOT&#8220; _builder_version=&#8220;4.25.0&#8243; _module_preset=&#8220;default&#8220; ul_font_size=&#8220;16px&#8220; ul_line_height=&#8220;1.7em&#8220; header_2_line_height=&#8220;1.5em&#8220; header_3_line_height=&#8220;1.5em&#8220; background_color=&#8220;#ebebeb&#8220; width_tablet=&#8220;&#8220; width_phone=&#8220;100%&#8220; width_last_edited=&#8220;on|phone&#8220; max_width=&#8220;100%&#8220; custom_margin_tablet=&#8220;&#8220; custom_margin_phone=&#8220;30px||||false|false&#8220; custom_margin_last_edited=&#8220;on|phone&#8220; custom_padding=&#8220;30px|30px|30px|30px|true|true&#8220; custom_padding_tablet=&#8220;30px|30px|30px|30px|true|true&#8220; custom_padding_phone=&#8220;0px|0px|0px|0px|true|true&#8220; custom_padding_last_edited=&#8220;on|phone&#8220; background_color_phone=&#8220;RGBA(255,255,255,0)&#8220; background_last_edited=&#8220;on|phone&#8220; background_enable_color_phone=&#8220;on&#8220; global_colors_info=&#8220;{}&#8220;]<\/p>\n<h2><span style=\"color: #c0a000;\"><b><strong>3 x 100 ml ve fialov\u00e9 sklen\u011bn\u00e9 lahvi\u010dce<\/strong>:<\/b><\/span><br \/><strong>Sm\u011bs pipet a rozpra\u0161ova\u010d\u016f v z\u00e1vislosti na v\u00fdb\u011bru sady<\/strong><\/h2>\n<ul>\n<li><strong>3 x l\u00e1hev Pippette<\/strong><\/li>\n<li><strong>3 x lahvi\u010dka s rozpra\u0161ova\u010dem<\/strong><\/li>\n<li><strong>2 x lahvi\u010dka s rozpra\u0161ova\u010dem a 1 x lahvi\u010dka s pipetou<\/strong><\/li>\n<li><strong>2 x pipeta a 1 x rozpra\u0161ova\u010d<\/strong><\/li>\n<\/ul>\n<p>[\/et_pb_text][\/et_pb_column][et_pb_column type=&#8220;1_2&#8243; _builder_version=&#8220;4.25.0&#8243; _module_preset=&#8220;default&#8220; global_colors_info=&#8220;{}&#8220; custom_css_main_element_last_edited=&#8220;on|phone&#8220; custom_css_main_element_phone=&#8220;order:1;&#8220;][et_pb_text admin_label=&#8220;PRODUKTDETAILS&#8220; _builder_version=&#8220;4.25.0&#8243; _module_preset=&#8220;default&#8220; global_colors_info=&#8220;{}&#8220;]<\/p>\n<p><strong><br \/>P\u0159\u00edm\u00e1 pomoc proti \u0161patn\u00e9mu vid\u011bn\u00ed a unaven\u00fdm o\u010d\u00edm<\/strong>Ka\u017ed\u00fd zn\u00e1 ten probl\u00e9m: po dlouh\u00e9m dni str\u00e1ven\u00e9m u po\u010d\u00edta\u010de nebo za volantem jsou na\u0161e <strong> <strong>o\u010di unaven\u00e9 a nam\u00e1han\u00e9<\/strong>, <strong>vid\u00edme o n\u011bco slab\u011bji<\/strong>, n\u011bkdy je na\u0161e vid\u011bn\u00ed dokonce rozmazan\u00e9 nebo mlhav\u00e9.<\/strong> Ale nem\u016f\u017eeme si v\u017edy jen lehnout do postele a sp\u00e1t, abychom si odpo\u010dinuli. V takov\u00fdch situac\u00edch se osv\u011bd\u010dilo <strong>pou\u017eit\u00ed koloidn\u00edho germania<\/strong>: N\u011bkolik <strong>st\u0159\u00edknut\u00ed nebo 1-2 kapky p\u0159\u00edmo do ka\u017ed\u00e9ho oka<\/strong> a v\u00e1\u0161 zrak bude okam\u017eit\u011b ost\u0159ej\u0161\u00ed a unaven\u00e9 o\u010di sv\u011b\u017eej\u0161\u00ed.<\/p>\n<p>[\/et_pb_text][\/et_pb_column][\/et_pb_row][et_pb_row custom_padding_last_edited=&#8220;on|phone&#8220; _builder_version=&#8220;4.25.0&#8243; background_size=&#8220;initial&#8220; background_position=&#8220;top_left&#8220; background_repeat=&#8220;repeat&#8220; width=&#8220;100%&#8220; custom_margin_tablet=&#8220;&#8220; custom_margin_phone=&#8220;||||false|false&#8220; custom_margin_last_edited=&#8220;on|phone&#8220; custom_padding_tablet=&#8220;&#8220; custom_padding_phone=&#8220;0px||||false|false&#8220; global_colors_info=&#8220;{}&#8220;][et_pb_column type=&#8220;4_4&#8243; _builder_version=&#8220;4.16&#8243; custom_padding=&#8220;|||&#8220; global_colors_info=&#8220;{}&#8220; custom_padding__hover=&#8220;|||&#8220;][et_pb_wc_upsells _builder_version=&#8220;4.16&#8243; global_colors_info=&#8220;{}&#8220;][\/et_pb_wc_upsells][et_pb_wc_related_products posts_number=&#8220;4&#8243; columns_number=&#8220;4&#8243; include_categories=&#8220;36&#8243; _builder_version=&#8220;4.25.1&#8243; global_colors_info=&#8220;{}&#8220;][\/et_pb_wc_related_products][\/et_pb_column][\/et_pb_row][\/et_pb_section]<\/p>\n","protected":false},"excerpt":{"rendered":"<p><strong>3 l\u00e1hve Nature Sense jako individu\u00e1ln\u00ed sada + 1 l\u00e1hev <\/strong><strong>zdarma <\/strong> dle vlastn\u00edho<strong>v\u00fdb\u011bru<\/strong><strong><\/p>\n<p><\/strong>Vybran\u00e9 organick\u00e9 macer\u00e1ty z pupen\u016f a mate\u010dn\u00e9 tinktury \u010derstv\u011b ru\u010dn\u011b sklizen\u00e9, tradi\u010dn\u011b zpracovan\u00e9 a s UMH-energi\u00ed &#8211; v cenov\u011b v\u00fdhodn\u00e9 sad\u011b<\/p>\n","protected":false},"featured_media":55611,"template":"","meta":{"_et_pb_use_builder":"on","_et_pb_old_content":"","_et_gb_content_width":"","footnotes":""},"product_brand":[],"product_cat":[170,167],"product_tag":[178],"class_list":{"0":"post-55602","1":"product","2":"type-product","3":"status-publish","4":"has-post-thumbnail","6":"product_cat-dalsi-sady","7":"product_cat-nature-sense-cs","8":"product_tag-bestseller-cs","10":"first","11":"instock","12":"sale","13":"taxable","14":"shipping-taxable","15":"purchasable","16":"product-type-variable"},"yoast_head":"<!-- This site is optimized with the Yoast SEO plugin v27.4 - https:\/\/yoast.com\/product\/yoast-seo-wordpress\/ -->\n<title>NATURE SENSE Sada 3 + 1 organick\u00fdch macer\u00e1t\u016f a mate\u010dn\u00fdch tinktur<\/title>\n<meta name=\"description\" content=\"Sada Nature Sense - levn\u011bj\u0161\u00ed jako sada: 3 x 50 ml a 1 x 50 ml organick\u00fdch macer\u00e1t\u016f z pupen\u016f (gemmoterapie) a mate\u010dn\u00fdch tinktur podle va\u0161eho v\u00fdb\u011bru.\" \/>\n<meta name=\"robots\" content=\"index, follow, max-snippet:-1, max-image-preview:large, max-video-preview:-1\" \/>\n<link rel=\"canonical\" href=\"https:\/\/trimedea.com\/cs\/produkt\/nature-sense-sada-tri-lahvi-3-lahve-1-zdarma\/\" \/>\n<meta property=\"og:locale\" content=\"cs_CZ\" \/>\n<meta property=\"og:type\" content=\"article\" \/>\n<meta property=\"og:title\" content=\"NATURE SENSE Sada 3 + 1 organick\u00fdch macer\u00e1t\u016f a mate\u010dn\u00fdch tinktur\" \/>\n<meta property=\"og:description\" content=\"Sada Nature Sense - levn\u011bj\u0161\u00ed jako sada: 3 x 50 ml a 1 x 50 ml organick\u00fdch macer\u00e1t\u016f z pupen\u016f (gemmoterapie) a mate\u010dn\u00fdch tinktur podle va\u0161eho v\u00fdb\u011bru.\" \/>\n<meta property=\"og:url\" content=\"https:\/\/trimedea.com\/cs\/produkt\/nature-sense-sada-tri-lahvi-3-lahve-1-zdarma\/\" \/>\n<meta property=\"og:site_name\" content=\"TRIMEDEA\" \/>\n<meta property=\"article:modified_time\" content=\"2024-07-05T12:01:37+00:00\" \/>\n<meta property=\"og:image\" content=\"https:\/\/trimedea.com\/wp-content\/uploads\/2024\/07\/31_NS_cs.png\" \/>\n\t<meta property=\"og:image:width\" content=\"1000\" \/>\n\t<meta property=\"og:image:height\" content=\"1000\" \/>\n\t<meta property=\"og:image:type\" content=\"image\/png\" \/>\n<meta name=\"twitter:card\" content=\"summary_large_image\" \/>\n<script type=\"application\/ld+json\" class=\"yoast-schema-graph\">{\"@context\":\"https:\\\/\\\/schema.org\",\"@graph\":[{\"@type\":\"WebPage\",\"@id\":\"https:\\\/\\\/trimedea.com\\\/cs\\\/produkt\\\/nature-sense-sada-tri-lahvi-3-lahve-1-zdarma\\\/\",\"url\":\"https:\\\/\\\/trimedea.com\\\/cs\\\/produkt\\\/nature-sense-sada-tri-lahvi-3-lahve-1-zdarma\\\/\",\"name\":\"NATURE SENSE Sada 3 + 1 organick\u00fdch macer\u00e1t\u016f a mate\u010dn\u00fdch tinktur\",\"isPartOf\":{\"@id\":\"https:\\\/\\\/trimedea.com\\\/cs\\\/#website\"},\"primaryImageOfPage\":{\"@id\":\"https:\\\/\\\/trimedea.com\\\/cs\\\/produkt\\\/nature-sense-sada-tri-lahvi-3-lahve-1-zdarma\\\/#primaryimage\"},\"image\":{\"@id\":\"https:\\\/\\\/trimedea.com\\\/cs\\\/produkt\\\/nature-sense-sada-tri-lahvi-3-lahve-1-zdarma\\\/#primaryimage\"},\"thumbnailUrl\":\"https:\\\/\\\/trimedea.com\\\/wp-content\\\/uploads\\\/2024\\\/07\\\/31_NS_cs-1.png\",\"datePublished\":\"2024-05-17T11:42:36+00:00\",\"dateModified\":\"2024-07-05T12:01:37+00:00\",\"description\":\"Sada Nature Sense - levn\u011bj\u0161\u00ed jako sada: 3 x 50 ml a 1 x 50 ml organick\u00fdch macer\u00e1t\u016f z pupen\u016f (gemmoterapie) a mate\u010dn\u00fdch tinktur podle va\u0161eho v\u00fdb\u011bru.\",\"breadcrumb\":{\"@id\":\"https:\\\/\\\/trimedea.com\\\/cs\\\/produkt\\\/nature-sense-sada-tri-lahvi-3-lahve-1-zdarma\\\/#breadcrumb\"},\"inLanguage\":\"cs\",\"potentialAction\":[{\"@type\":\"ReadAction\",\"target\":[\"https:\\\/\\\/trimedea.com\\\/cs\\\/produkt\\\/nature-sense-sada-tri-lahvi-3-lahve-1-zdarma\\\/\"]}]},{\"@type\":\"ImageObject\",\"inLanguage\":\"cs\",\"@id\":\"https:\\\/\\\/trimedea.com\\\/cs\\\/produkt\\\/nature-sense-sada-tri-lahvi-3-lahve-1-zdarma\\\/#primaryimage\",\"url\":\"https:\\\/\\\/trimedea.com\\\/wp-content\\\/uploads\\\/2024\\\/07\\\/31_NS_cs-1.png\",\"contentUrl\":\"https:\\\/\\\/trimedea.com\\\/wp-content\\\/uploads\\\/2024\\\/07\\\/31_NS_cs-1.png\",\"width\":1000,\"height\":1000,\"caption\":\"NATURE SENSE Set: 3 Flaschen + 1 kostenfrei\"},{\"@type\":\"BreadcrumbList\",\"@id\":\"https:\\\/\\\/trimedea.com\\\/cs\\\/produkt\\\/nature-sense-sada-tri-lahvi-3-lahve-1-zdarma\\\/#breadcrumb\",\"itemListElement\":[{\"@type\":\"ListItem\",\"position\":1,\"name\":\"Startseite\",\"item\":\"https:\\\/\\\/trimedea.com\\\/cs\\\/\"},{\"@type\":\"ListItem\",\"position\":2,\"name\":\"TRIMEDEA SHOP\",\"item\":\"https:\\\/\\\/trimedea.com\\\/cs\\\/trimedea-shop\\\/\"},{\"@type\":\"ListItem\",\"position\":3,\"name\":\"NATURE SENSE sada t\u0159\u00ed lahv\u00ed: 3 lahve + 1 zdarma\"}]},{\"@type\":\"WebSite\",\"@id\":\"https:\\\/\\\/trimedea.com\\\/cs\\\/#website\",\"url\":\"https:\\\/\\\/trimedea.com\\\/cs\\\/\",\"name\":\"TRIMEDEA\",\"description\":\"F\u00fcr einen gesunden K\u00f6rper und Geist\",\"publisher\":{\"@id\":\"https:\\\/\\\/trimedea.com\\\/cs\\\/#organization\"},\"potentialAction\":[{\"@type\":\"SearchAction\",\"target\":{\"@type\":\"EntryPoint\",\"urlTemplate\":\"https:\\\/\\\/trimedea.com\\\/cs\\\/?s={search_term_string}\"},\"query-input\":{\"@type\":\"PropertyValueSpecification\",\"valueRequired\":true,\"valueName\":\"search_term_string\"}}],\"inLanguage\":\"cs\"},{\"@type\":\"Organization\",\"@id\":\"https:\\\/\\\/trimedea.com\\\/cs\\\/#organization\",\"name\":\"TRIMEDEA\",\"url\":\"https:\\\/\\\/trimedea.com\\\/cs\\\/\",\"logo\":{\"@type\":\"ImageObject\",\"inLanguage\":\"cs\",\"@id\":\"https:\\\/\\\/trimedea.com\\\/cs\\\/#\\\/schema\\\/logo\\\/image\\\/\",\"url\":\"https:\\\/\\\/trimedea.com\\\/wp-content\\\/uploads\\\/2024\\\/04\\\/TRIMEDEA_LOGO.png\",\"contentUrl\":\"https:\\\/\\\/trimedea.com\\\/wp-content\\\/uploads\\\/2024\\\/04\\\/TRIMEDEA_LOGO.png\",\"width\":540,\"height\":248,\"caption\":\"TRIMEDEA\"},\"image\":{\"@id\":\"https:\\\/\\\/trimedea.com\\\/cs\\\/#\\\/schema\\\/logo\\\/image\\\/\"}}]}<\/script>\n<!-- \/ Yoast SEO plugin. -->","yoast_head_json":{"title":"NATURE SENSE Sada 3 + 1 organick\u00fdch macer\u00e1t\u016f a mate\u010dn\u00fdch tinktur","description":"Sada Nature Sense - levn\u011bj\u0161\u00ed jako sada: 3 x 50 ml a 1 x 50 ml organick\u00fdch macer\u00e1t\u016f z pupen\u016f (gemmoterapie) a mate\u010dn\u00fdch tinktur podle va\u0161eho v\u00fdb\u011bru.","robots":{"index":"index","follow":"follow","max-snippet":"max-snippet:-1","max-image-preview":"max-image-preview:large","max-video-preview":"max-video-preview:-1"},"canonical":"https:\/\/trimedea.com\/cs\/produkt\/nature-sense-sada-tri-lahvi-3-lahve-1-zdarma\/","og_locale":"cs_CZ","og_type":"article","og_title":"NATURE SENSE Sada 3 + 1 organick\u00fdch macer\u00e1t\u016f a mate\u010dn\u00fdch tinktur","og_description":"Sada Nature Sense - levn\u011bj\u0161\u00ed jako sada: 3 x 50 ml a 1 x 50 ml organick\u00fdch macer\u00e1t\u016f z pupen\u016f (gemmoterapie) a mate\u010dn\u00fdch tinktur podle va\u0161eho v\u00fdb\u011bru.","og_url":"https:\/\/trimedea.com\/cs\/produkt\/nature-sense-sada-tri-lahvi-3-lahve-1-zdarma\/","og_site_name":"TRIMEDEA","article_modified_time":"2024-07-05T12:01:37+00:00","og_image":[{"width":1000,"height":1000,"url":"https:\/\/trimedea.com\/wp-content\/uploads\/2024\/07\/31_NS_cs.png","type":"image\/png"}],"twitter_card":"summary_large_image","schema":{"@context":"https:\/\/schema.org","@graph":[{"@type":"WebPage","@id":"https:\/\/trimedea.com\/cs\/produkt\/nature-sense-sada-tri-lahvi-3-lahve-1-zdarma\/","url":"https:\/\/trimedea.com\/cs\/produkt\/nature-sense-sada-tri-lahvi-3-lahve-1-zdarma\/","name":"NATURE SENSE Sada 3 + 1 organick\u00fdch macer\u00e1t\u016f a mate\u010dn\u00fdch tinktur","isPartOf":{"@id":"https:\/\/trimedea.com\/cs\/#website"},"primaryImageOfPage":{"@id":"https:\/\/trimedea.com\/cs\/produkt\/nature-sense-sada-tri-lahvi-3-lahve-1-zdarma\/#primaryimage"},"image":{"@id":"https:\/\/trimedea.com\/cs\/produkt\/nature-sense-sada-tri-lahvi-3-lahve-1-zdarma\/#primaryimage"},"thumbnailUrl":"https:\/\/trimedea.com\/wp-content\/uploads\/2024\/07\/31_NS_cs-1.png","datePublished":"2024-05-17T11:42:36+00:00","dateModified":"2024-07-05T12:01:37+00:00","description":"Sada Nature Sense - levn\u011bj\u0161\u00ed jako sada: 3 x 50 ml a 1 x 50 ml organick\u00fdch macer\u00e1t\u016f z pupen\u016f (gemmoterapie) a mate\u010dn\u00fdch tinktur podle va\u0161eho v\u00fdb\u011bru.","breadcrumb":{"@id":"https:\/\/trimedea.com\/cs\/produkt\/nature-sense-sada-tri-lahvi-3-lahve-1-zdarma\/#breadcrumb"},"inLanguage":"cs","potentialAction":[{"@type":"ReadAction","target":["https:\/\/trimedea.com\/cs\/produkt\/nature-sense-sada-tri-lahvi-3-lahve-1-zdarma\/"]}]},{"@type":"ImageObject","inLanguage":"cs","@id":"https:\/\/trimedea.com\/cs\/produkt\/nature-sense-sada-tri-lahvi-3-lahve-1-zdarma\/#primaryimage","url":"https:\/\/trimedea.com\/wp-content\/uploads\/2024\/07\/31_NS_cs-1.png","contentUrl":"https:\/\/trimedea.com\/wp-content\/uploads\/2024\/07\/31_NS_cs-1.png","width":1000,"height":1000,"caption":"NATURE SENSE Set: 3 Flaschen + 1 kostenfrei"},{"@type":"BreadcrumbList","@id":"https:\/\/trimedea.com\/cs\/produkt\/nature-sense-sada-tri-lahvi-3-lahve-1-zdarma\/#breadcrumb","itemListElement":[{"@type":"ListItem","position":1,"name":"Startseite","item":"https:\/\/trimedea.com\/cs\/"},{"@type":"ListItem","position":2,"name":"TRIMEDEA SHOP","item":"https:\/\/trimedea.com\/cs\/trimedea-shop\/"},{"@type":"ListItem","position":3,"name":"NATURE SENSE sada t\u0159\u00ed lahv\u00ed: 3 lahve + 1 zdarma"}]},{"@type":"WebSite","@id":"https:\/\/trimedea.com\/cs\/#website","url":"https:\/\/trimedea.com\/cs\/","name":"TRIMEDEA","description":"F\u00fcr einen gesunden K\u00f6rper und Geist","publisher":{"@id":"https:\/\/trimedea.com\/cs\/#organization"},"potentialAction":[{"@type":"SearchAction","target":{"@type":"EntryPoint","urlTemplate":"https:\/\/trimedea.com\/cs\/?s={search_term_string}"},"query-input":{"@type":"PropertyValueSpecification","valueRequired":true,"valueName":"search_term_string"}}],"inLanguage":"cs"},{"@type":"Organization","@id":"https:\/\/trimedea.com\/cs\/#organization","name":"TRIMEDEA","url":"https:\/\/trimedea.com\/cs\/","logo":{"@type":"ImageObject","inLanguage":"cs","@id":"https:\/\/trimedea.com\/cs\/#\/schema\/logo\/image\/","url":"https:\/\/trimedea.com\/wp-content\/uploads\/2024\/04\/TRIMEDEA_LOGO.png","contentUrl":"https:\/\/trimedea.com\/wp-content\/uploads\/2024\/04\/TRIMEDEA_LOGO.png","width":540,"height":248,"caption":"TRIMEDEA"},"image":{"@id":"https:\/\/trimedea.com\/cs\/#\/schema\/logo\/image\/"}}]}},"_links":{"self":[{"href":"https:\/\/trimedea.com\/cs\/wp-json\/wp\/v2\/product\/55602","targetHints":{"allow":["GET"]}}],"collection":[{"href":"https:\/\/trimedea.com\/cs\/wp-json\/wp\/v2\/product"}],"about":[{"href":"https:\/\/trimedea.com\/cs\/wp-json\/wp\/v2\/types\/product"}],"version-history":[{"count":0,"href":"https:\/\/trimedea.com\/cs\/wp-json\/wp\/v2\/product\/55602\/revisions"}],"wp:featuredmedia":[{"embeddable":true,"href":"https:\/\/trimedea.com\/cs\/wp-json\/wp\/v2\/media\/55611"}],"wp:attachment":[{"href":"https:\/\/trimedea.com\/cs\/wp-json\/wp\/v2\/media?parent=55602"}],"wp:term":[{"taxonomy":"product_brand","embeddable":true,"href":"https:\/\/trimedea.com\/cs\/wp-json\/wp\/v2\/product_brand?post=55602"},{"taxonomy":"product_cat","embeddable":true,"href":"https:\/\/trimedea.com\/cs\/wp-json\/wp\/v2\/product_cat?post=55602"},{"taxonomy":"product_tag","embeddable":true,"href":"https:\/\/trimedea.com\/cs\/wp-json\/wp\/v2\/product_tag?post=55602"}],"curies":[{"name":"wp","href":"https:\/\/api.w.org\/{rel}","templated":true}]}}