{"id":55612,"date":"2024-05-21T10:59:33","date_gmt":"2024-05-21T09:59:33","guid":{"rendered":"https:\/\/test.trimedea.com\/produkt\/h2-cisty-molekularni-vodik\/"},"modified":"2025-03-19T18:48:53","modified_gmt":"2025-03-19T17:48:53","slug":"h2-cisty-molekularni-vodik","status":"publish","type":"product","link":"https:\/\/trimedea.com\/cs\/produkt\/h2-cisty-molekularni-vodik\/","title":{"rendered":"H2 Pur &#8211; molekul\u00e1rn\u00ed vod\u00edk 30 tablet ve fialov\u00e9 sklen\u011bn\u00e9 d\u00f3ze"},"content":{"rendered":"<p>[et_pb_section fb_built=&#8220;1&#8243; _builder_version=&#8220;4.16&#8243; custom_padding=&#8220;0px||3px||false|false&#8220; global_colors_info=&#8220;{}&#8220;][et_pb_row _builder_version=&#8220;4.16&#8243; background_size=&#8220;initial&#8220; background_position=&#8220;top_left&#8220; background_repeat=&#8220;repeat&#8220; width=&#8220;100%&#8220; custom_padding=&#8220;0px||0px||false|false&#8220; global_colors_info=&#8220;{}&#8220;][et_pb_column type=&#8220;4_4&#8243; _builder_version=&#8220;4.16&#8243; custom_padding=&#8220;|||&#8220; global_colors_info=&#8220;{}&#8220; custom_padding__hover=&#8220;|||&#8220;][et_pb_wc_breadcrumb breadcrumb_home_text=&#8220;TRIMEDEA SHOP&#8220; breadcrumb_home_url=&#8220;https:\/\/trimedea.com\/trimedea-shop&#8220; breadcrumb_separator=&#8220;|&#8220; admin_label=&#8220;WOO BREADCRUMBS DE&#8220; _builder_version=&#8220;4.25.0&#8243; custom_padding=&#8220;0px||30px||false|false&#8220; saved_tabs=&#8220;all&#8220; global_colors_info=&#8220;{}&#8220;][\/et_pb_wc_breadcrumb][et_pb_wc_cart_notice _builder_version=&#8220;4.16&#8243; custom_button=&#8220;on&#8220; button_border_width=&#8220;1px&#8220; button_border_color=&#8220;#FFFFFF&#8220; global_colors_info=&#8220;{}&#8220;][\/et_pb_wc_cart_notice][\/et_pb_column][\/et_pb_row][et_pb_row column_structure=&#8220;1_2,1_2&#8243; _builder_version=&#8220;4.25.0&#8243; background_size=&#8220;initial&#8220; background_position=&#8220;top_left&#8220; background_repeat=&#8220;repeat&#8220; width=&#8220;100%&#8220; custom_margin=&#8220;0px||||false|false&#8220; custom_padding=&#8220;||||false|false&#8220; global_colors_info=&#8220;{}&#8220;][et_pb_column type=&#8220;1_2&#8243; _builder_version=&#8220;4.25.0&#8243; custom_padding=&#8220;|||&#8220; custom_padding_tablet=&#8220;|||&#8220; custom_padding_phone=&#8220;|0px||0px|false|false&#8220; custom_padding_last_edited=&#8220;on|phone&#8220; global_colors_info=&#8220;{}&#8220; custom_padding__hover=&#8220;|||&#8220;][et_pb_wc_images _builder_version=&#8220;4.25.0&#8243; custom_margin_tablet=&#8220;&#8220; custom_margin_phone=&#8220;||||false|false&#8220; custom_margin_last_edited=&#8220;on|phone&#8220; custom_padding_tablet=&#8220;&#8220; custom_padding_phone=&#8220;30px||||false|false&#8220; custom_padding_last_edited=&#8220;on|phone&#8220; global_colors_info=&#8220;{}&#8220;][\/et_pb_wc_images][\/et_pb_column][et_pb_column type=&#8220;1_2&#8243; _builder_version=&#8220;4.16&#8243; custom_padding=&#8220;|||&#8220; global_colors_info=&#8220;{}&#8220; custom_padding__hover=&#8220;|||&#8220;][et_pb_wc_title _builder_version=&#8220;4.16&#8243; global_colors_info=&#8220;{}&#8220;][\/et_pb_wc_title][et_pb_wc_description _builder_version=&#8220;4.16&#8243; global_colors_info=&#8220;{}&#8220;][\/et_pb_wc_description][et_pb_wc_price _builder_version=&#8220;4.24.3&#8243; body_font=&#8220;|600|||||||&#8220; global_colors_info=&#8220;{}&#8220;][\/et_pb_wc_price][et_pb_wc_add_to_cart _builder_version=&#8220;4.16&#8243; global_colors_info=&#8220;{}&#8220;][\/et_pb_wc_add_to_cart][et_pb_wc_meta _builder_version=&#8220;4.16&#8243; global_colors_info=&#8220;{}&#8220;][\/et_pb_wc_meta][\/et_pb_column][\/et_pb_row][et_pb_row column_structure=&#8220;1_2,1_2&#8243; _builder_version=&#8220;4.25.0&#8243; _module_preset=&#8220;default&#8220; width=&#8220;100%&#8220; global_colors_info=&#8220;{}&#8220; custom_css_main_element_phone=&#8220;display: flex;||flex-wrap: wrap;&#8220; custom_css_main_element_last_edited=&#8220;on|phone&#8220;][et_pb_column type=&#8220;1_2&#8243; _builder_version=&#8220;4.25.0&#8243; _module_preset=&#8220;default&#8220; global_colors_info=&#8220;{}&#8220; custom_css_main_element_last_edited=&#8220;on|phone&#8220; custom_css_main_element_phone=&#8220;order:2;&#8220;][et_pb_text admin_label=&#8220;ANWENDUNG&#8220; _builder_version=&#8220;4.27.4&#8243; _module_preset=&#8220;default&#8220; ul_font_size=&#8220;16px&#8220; ul_line_height=&#8220;1.7em&#8220; header_3_line_height=&#8220;1.5em&#8220; background_color=&#8220;#ebebeb&#8220; width_tablet=&#8220;&#8220; width_phone=&#8220;100%&#8220; width_last_edited=&#8220;on|phone&#8220; max_width=&#8220;100%&#8220; custom_margin_tablet=&#8220;&#8220; custom_margin_phone=&#8220;30px||||false|false&#8220; custom_margin_last_edited=&#8220;on|phone&#8220; custom_padding=&#8220;30px|30px|30px|30px|true|true&#8220; custom_padding_tablet=&#8220;30px|30px|30px|30px|true|true&#8220; custom_padding_phone=&#8220;0px|0px|0px|0px|true|true&#8220; custom_padding_last_edited=&#8220;on|phone&#8220; background_color_phone=&#8220;RGBA(255,255,255,0)&#8220; background_last_edited=&#8220;on|phone&#8220; background_enable_color_phone=&#8220;on&#8220; global_colors_info=&#8220;{}&#8220;]<\/p>\n<p><strong>Die Tagesdosis ist abh\u00e4ngig von Gewicht, Alter und weiteren Faktoren<\/strong><\/p>\n<p><strong>H2 Pur Empfehlung:<\/strong> Tagesdosis Erwachsener 1-2 Tabletten<br \/>1 Tablette = 700mg in 200-350ml Wasser aufl\u00f6sen und direkt trinken.<br \/>1 Tablette setzt \u2264 10 ppm\u00a0 molekularen Wasserstoff frei.<\/p>\n<p>Detaillierte <a href=\"https:\/\/gesundheit-und-sport.com\/h2-pur-tipps-zu-anwendung-und-dosierung\/\" target=\"_blank\" rel=\"noopener\">Hinweise zur Anwendung und Dosierung von H2 Pur<\/a> und ein <a href=\"https:\/\/gesundheit-und-sport.com\/trimedea-produktvideos\/#H2\" target=\"_blank\" rel=\"noopener\">Video \u00fcber H2 Pur<\/a> finden Sie hier. <a href=\"https:\/\/gesundheit-und-sport.com\/h2-molekularer-wasserstoff-energiebooster-super-antioxidans\/\" target=\"_blank\" rel=\"noopener\">Mehr Informationen zu molekularem Wasserstoff<\/a> sowie weitere Artikel und Informationen lesen Sie hier: <a href=\"https:\/\/gesundheit-und-sport.com\/themenuebersicht\/\" target=\"_blank\" rel=\"noopener\">Themen\u00fcbersicht<\/a><\/p>\n<p>[\/et_pb_text][\/et_pb_column][et_pb_column type=&#8220;1_2&#8243; _builder_version=&#8220;4.25.0&#8243; _module_preset=&#8220;default&#8220; global_colors_info=&#8220;{}&#8220; custom_css_main_element_last_edited=&#8220;on|phone&#8220; custom_css_main_element_phone=&#8220;order:1;&#8220;][et_pb_text admin_label=&#8220;PRODUKTDETAILS&#8220; _builder_version=&#8220;4.27.4&#8243; _module_preset=&#8220;default&#8220; global_colors_info=&#8220;{}&#8220;]<\/p>\n<p><strong>Vorteile von H2 Pur &#8211; molekularem Wasserstoff<\/strong><\/p>\n<ul>\n<li>Kleinstes und leichtestes Molek\u00fcl, das jeden Winkel im K\u00f6rper erreicht<\/li>\n<li>Erh\u00f6hung der Leistungsf\u00e4higkeit \/ Energiebildung<\/li>\n<li>Schnellere Regeneration nach k\u00f6rperlicher oder geistiger Aktivit\u00e4t<\/li>\n<li>Hilfe bei vielen Arten von Kopfschmerzen<\/li>\n<li>Verbesserung von gest\u00f6rten Verdauungsfunktionen<\/li>\n<li>Effektives und selektives Antioxidans (Neutralisierung Freier Radikale)<\/li>\n<li>Optimale Anti-Aging-Effekte auf Haut, Bindegewebe und Zellstrukturen<\/li>\n<li>Wirkung bis in die Mitochondrien hinein, gegen Mitochondriopathien<\/li>\n<li>Mehr als 300 Studien zeigen positive Wirkungen auf nahezu jeden Bereich im K\u00f6rper<\/li>\n<li>Keine Risiken und Nebenwirkungen bei empfohlener Dosierung<\/li>\n<li>Bestm\u00f6glicher Schutz in Violettglas<\/li>\n<\/ul>\n<p>[\/et_pb_text][\/et_pb_column][\/et_pb_row][et_pb_row custom_padding_last_edited=&#8220;on|phone&#8220; _builder_version=&#8220;4.25.0&#8243; background_size=&#8220;initial&#8220; background_position=&#8220;top_left&#8220; background_repeat=&#8220;repeat&#8220; width=&#8220;100%&#8220; custom_margin_tablet=&#8220;&#8220; custom_margin_phone=&#8220;||||false|false&#8220; custom_margin_last_edited=&#8220;on|phone&#8220; custom_padding_tablet=&#8220;&#8220; custom_padding_phone=&#8220;0px||||false|false&#8220; global_colors_info=&#8220;{}&#8220;][et_pb_column type=&#8220;4_4&#8243; _builder_version=&#8220;4.16&#8243; custom_padding=&#8220;|||&#8220; global_colors_info=&#8220;{}&#8220; custom_padding__hover=&#8220;|||&#8220;][et_pb_wc_upsells _builder_version=&#8220;4.16&#8243; global_colors_info=&#8220;{}&#8220;][\/et_pb_wc_upsells][et_pb_wc_related_products posts_number=&#8220;4&#8243; columns_number=&#8220;4&#8243; include_categories=&#8220;49,84,85,74&#8243; _builder_version=&#8220;4.25.1&#8243; global_colors_info=&#8220;{}&#8220;][\/et_pb_wc_related_products][\/et_pb_column][\/et_pb_row][et_pb_row _builder_version=&#8220;4.25.0&#8243; _module_preset=&#8220;default&#8220; background_color=&#8220;RGBA(255,255,255,0)&#8220; width=&#8220;100%&#8220; max_width=&#8220;100%&#8220; custom_margin=&#8220;0px||||false|false&#8220; custom_padding=&#8220;||||false|false&#8220; global_colors_info=&#8220;{}&#8220;][et_pb_column type=&#8220;4_4&#8243; _builder_version=&#8220;4.25.0&#8243; _module_preset=&#8220;default&#8220; background_color=&#8220;RGBA(255,255,255,0)&#8220; global_colors_info=&#8220;{}&#8220;][et_pb_text _builder_version=&#8220;4.27.4&#8243; _module_preset=&#8220;default&#8220; header_text_color=&#8220;#C0A000&#8243; header_2_font=&#8220;|600|||||||&#8220; header_2_text_color=&#8220;#C0A000&#8243; header_2_font_size=&#8220;28px&#8220; header_2_line_height=&#8220;1.5em&#8220; global_colors_info=&#8220;{}&#8220;]<\/p>\n<h2 style=\"text-align: center;\">H2 Pur<\/h2>\n<h3 class=\"p1\" style=\"text-align: center;\">Molekularer Wasserstoff gegen vorzeitiges Altern, f\u00fcr mehr Energie<\/h3>\n<p>[\/et_pb_text][et_pb_text admin_label=&#8220;DETAILS&#8220; _builder_version=&#8220;4.27.4&#8243; _module_preset=&#8220;default&#8220; header_2_line_height=&#8220;1.5em&#8220; header_5_text_color=&#8220;#C0A000&#8243; background_color=&#8220;RGBA(255,255,255,0)&#8220; width_tablet=&#8220;&#8220; width_phone=&#8220;&#8220; width_last_edited=&#8220;on|desktop&#8220; global_colors_info=&#8220;{}&#8220;]Zwei Atome verbinden sich zu einem H2-Molek\u00fcl, das so klein ist, dass es \u2013 in Wasser gel\u00f6st getrunken \u2013 im K\u00f6rper jede noch so entfernte Zelle erreicht. Jede Zellmembran oder andere Barriere wird ohne Probleme \u00fcberwunden, um die Energie dorthin zu liefern, wo sie ben\u00f6tigt wird. Als Super-Antioxidans liefert es freie Elektronen, die die besonders sch\u00e4dlichen freien Radikale und Sauerstoff-Radikale (ROS) schnell, effektiv und selektiv neutralisiert.<br \/>\n[\/et_pb_text][\/et_pb_column][\/et_pb_row][\/et_pb_section]<\/p>\n","protected":false},"excerpt":{"rendered":"<p>M<strong>olekul\u00e1rn\u00ed vod\u00edk H2 <\/strong>pro okam\u017eit\u00e9 a rozmanit\u00e9 \u00fa\u010dinky v cel\u00e9m t\u011ble. Vod\u00edk je nejmen\u0161\u00ed a nejleh\u010d\u00ed prvek na Zemi. Dva atomy se spoj\u00ed do molekuly H2, kter\u00e1 je tak mal\u00e1, \u017ee se po rozpu\u0161t\u011bn\u00ed ve vod\u011b dostane ke ka\u017ed\u00e9 bu\u0148ce v t\u011ble, a\u0165 je jakkoli daleko. Jak\u00e1koli bun\u011b\u010dn\u00e1 membr\u00e1na nebo jin\u00e1 bari\u00e9ra se snadno p\u0159ekon\u00e1 a energie se dostane tam, kam je pot\u0159eba. Jako superantioxidant poskytuje voln\u00e9 elektrony, kter\u00e9 rychle, \u00fa\u010dinn\u011b a selektivn\u011b neutralizuj\u00ed zvl\u00e1\u0161t\u011b \u0161kodliv\u00e9 voln\u00e9 radik\u00e1ly a kysl\u00edkov\u00e9 radik\u00e1ly (ROS).<\/p>\n","protected":false},"featured_media":55622,"template":"","meta":{"_et_pb_use_builder":"on","_et_pb_old_content":"","_et_gb_content_width":"","footnotes":""},"product_brand":[],"product_cat":[182],"product_tag":[251,246,233,231],"class_list":{"0":"post-55612","1":"product","2":"type-product","3":"status-publish","4":"has-post-thumbnail","6":"product_cat-h2-pure","7":"product_tag-fitness-a-energie","8":"product_tag-imunitni-system","9":"product_tag-stres-a-vycerpani","10":"product_tag-zdravi-muzu","12":"first","13":"instock","14":"sale","15":"taxable","16":"shipping-taxable","17":"purchasable","18":"product-type-variable"},"yoast_head":"<!-- This site is optimized with the Yoast SEO plugin v27.4 - https:\/\/yoast.com\/product\/yoast-seo-wordpress\/ -->\n<title>H2 Pur vod\u00edk - nedostatek energie \/ bolesti hlavy<\/title>\n<meta name=\"description\" content=\"H2 Pur molekul\u00e1rn\u00ed vod\u00edk s v\u00edcestup\u0148ovou energetizac\u00ed pro okam\u017eit\u00fd \u00fa\u010dinek: pos\u00edlen\u00ed energie, proti st\u00e1rnut\u00ed, tr\u00e1ven\u00ed, bolesti hlavy.\" \/>\n<meta name=\"robots\" content=\"index, follow, max-snippet:-1, max-image-preview:large, max-video-preview:-1\" \/>\n<link rel=\"canonical\" href=\"https:\/\/trimedea.com\/cs\/produkt\/h2-cisty-molekularni-vodik\/\" \/>\n<meta property=\"og:locale\" content=\"cs_CZ\" \/>\n<meta property=\"og:type\" content=\"article\" \/>\n<meta property=\"og:title\" content=\"H2 Pur vod\u00edk - nedostatek energie \/ bolesti hlavy\" \/>\n<meta property=\"og:description\" content=\"H2 Pur molekul\u00e1rn\u00ed vod\u00edk s v\u00edcestup\u0148ovou energetizac\u00ed pro okam\u017eit\u00fd \u00fa\u010dinek: pos\u00edlen\u00ed energie, proti st\u00e1rnut\u00ed, tr\u00e1ven\u00ed, bolesti hlavy.\" \/>\n<meta property=\"og:url\" content=\"https:\/\/trimedea.com\/cs\/produkt\/h2-cisty-molekularni-vodik\/\" \/>\n<meta property=\"og:site_name\" content=\"TRIMEDEA\" \/>\n<meta property=\"article:modified_time\" content=\"2025-03-19T17:48:53+00:00\" \/>\n<meta property=\"og:image\" content=\"https:\/\/trimedea.com\/wp-content\/uploads\/2024\/05\/H2.jpg\" \/>\n\t<meta property=\"og:image:width\" content=\"1000\" \/>\n\t<meta property=\"og:image:height\" content=\"1000\" \/>\n\t<meta property=\"og:image:type\" content=\"image\/jpeg\" \/>\n<meta name=\"twitter:card\" content=\"summary_large_image\" \/>\n<script type=\"application\/ld+json\" class=\"yoast-schema-graph\">{\"@context\":\"https:\\\/\\\/schema.org\",\"@graph\":[{\"@type\":\"WebPage\",\"@id\":\"https:\\\/\\\/trimedea.com\\\/cs\\\/produkt\\\/h2-cisty-molekularni-vodik\\\/\",\"url\":\"https:\\\/\\\/trimedea.com\\\/cs\\\/produkt\\\/h2-cisty-molekularni-vodik\\\/\",\"name\":\"H2 Pur vod\u00edk - nedostatek energie \\\/ bolesti hlavy\",\"isPartOf\":{\"@id\":\"https:\\\/\\\/trimedea.com\\\/cs\\\/#website\"},\"primaryImageOfPage\":{\"@id\":\"https:\\\/\\\/trimedea.com\\\/cs\\\/produkt\\\/h2-cisty-molekularni-vodik\\\/#primaryimage\"},\"image\":{\"@id\":\"https:\\\/\\\/trimedea.com\\\/cs\\\/produkt\\\/h2-cisty-molekularni-vodik\\\/#primaryimage\"},\"thumbnailUrl\":\"https:\\\/\\\/trimedea.com\\\/wp-content\\\/uploads\\\/2024\\\/05\\\/H2.jpg\",\"datePublished\":\"2024-05-21T09:59:33+00:00\",\"dateModified\":\"2025-03-19T17:48:53+00:00\",\"description\":\"H2 Pur molekul\u00e1rn\u00ed vod\u00edk s v\u00edcestup\u0148ovou energetizac\u00ed pro okam\u017eit\u00fd \u00fa\u010dinek: pos\u00edlen\u00ed energie, proti st\u00e1rnut\u00ed, tr\u00e1ven\u00ed, bolesti hlavy.\",\"breadcrumb\":{\"@id\":\"https:\\\/\\\/trimedea.com\\\/cs\\\/produkt\\\/h2-cisty-molekularni-vodik\\\/#breadcrumb\"},\"inLanguage\":\"cs\",\"potentialAction\":[{\"@type\":\"ReadAction\",\"target\":[\"https:\\\/\\\/trimedea.com\\\/cs\\\/produkt\\\/h2-cisty-molekularni-vodik\\\/\"]}]},{\"@type\":\"ImageObject\",\"inLanguage\":\"cs\",\"@id\":\"https:\\\/\\\/trimedea.com\\\/cs\\\/produkt\\\/h2-cisty-molekularni-vodik\\\/#primaryimage\",\"url\":\"https:\\\/\\\/trimedea.com\\\/wp-content\\\/uploads\\\/2024\\\/05\\\/H2.jpg\",\"contentUrl\":\"https:\\\/\\\/trimedea.com\\\/wp-content\\\/uploads\\\/2024\\\/05\\\/H2.jpg\",\"width\":1000,\"height\":1000,\"caption\":\"H2 Pur\"},{\"@type\":\"BreadcrumbList\",\"@id\":\"https:\\\/\\\/trimedea.com\\\/cs\\\/produkt\\\/h2-cisty-molekularni-vodik\\\/#breadcrumb\",\"itemListElement\":[{\"@type\":\"ListItem\",\"position\":1,\"name\":\"Startseite\",\"item\":\"https:\\\/\\\/trimedea.com\\\/cs\\\/\"},{\"@type\":\"ListItem\",\"position\":2,\"name\":\"TRIMEDEA SHOP\",\"item\":\"https:\\\/\\\/trimedea.com\\\/cs\\\/trimedea-shop\\\/\"},{\"@type\":\"ListItem\",\"position\":3,\"name\":\"H2 Pur &#8211; molekul\u00e1rn\u00ed vod\u00edk 30 tablet ve fialov\u00e9 sklen\u011bn\u00e9 d\u00f3ze\"}]},{\"@type\":\"WebSite\",\"@id\":\"https:\\\/\\\/trimedea.com\\\/cs\\\/#website\",\"url\":\"https:\\\/\\\/trimedea.com\\\/cs\\\/\",\"name\":\"TRIMEDEA\",\"description\":\"F\u00fcr einen gesunden K\u00f6rper und Geist\",\"publisher\":{\"@id\":\"https:\\\/\\\/trimedea.com\\\/cs\\\/#organization\"},\"potentialAction\":[{\"@type\":\"SearchAction\",\"target\":{\"@type\":\"EntryPoint\",\"urlTemplate\":\"https:\\\/\\\/trimedea.com\\\/cs\\\/?s={search_term_string}\"},\"query-input\":{\"@type\":\"PropertyValueSpecification\",\"valueRequired\":true,\"valueName\":\"search_term_string\"}}],\"inLanguage\":\"cs\"},{\"@type\":\"Organization\",\"@id\":\"https:\\\/\\\/trimedea.com\\\/cs\\\/#organization\",\"name\":\"TRIMEDEA\",\"url\":\"https:\\\/\\\/trimedea.com\\\/cs\\\/\",\"logo\":{\"@type\":\"ImageObject\",\"inLanguage\":\"cs\",\"@id\":\"https:\\\/\\\/trimedea.com\\\/cs\\\/#\\\/schema\\\/logo\\\/image\\\/\",\"url\":\"https:\\\/\\\/trimedea.com\\\/wp-content\\\/uploads\\\/2024\\\/04\\\/TRIMEDEA_LOGO.png\",\"contentUrl\":\"https:\\\/\\\/trimedea.com\\\/wp-content\\\/uploads\\\/2024\\\/04\\\/TRIMEDEA_LOGO.png\",\"width\":540,\"height\":248,\"caption\":\"TRIMEDEA\"},\"image\":{\"@id\":\"https:\\\/\\\/trimedea.com\\\/cs\\\/#\\\/schema\\\/logo\\\/image\\\/\"}}]}<\/script>\n<!-- \/ Yoast SEO plugin. -->","yoast_head_json":{"title":"H2 Pur vod\u00edk - nedostatek energie \/ bolesti hlavy","description":"H2 Pur molekul\u00e1rn\u00ed vod\u00edk s v\u00edcestup\u0148ovou energetizac\u00ed pro okam\u017eit\u00fd \u00fa\u010dinek: pos\u00edlen\u00ed energie, proti st\u00e1rnut\u00ed, tr\u00e1ven\u00ed, bolesti hlavy.","robots":{"index":"index","follow":"follow","max-snippet":"max-snippet:-1","max-image-preview":"max-image-preview:large","max-video-preview":"max-video-preview:-1"},"canonical":"https:\/\/trimedea.com\/cs\/produkt\/h2-cisty-molekularni-vodik\/","og_locale":"cs_CZ","og_type":"article","og_title":"H2 Pur vod\u00edk - nedostatek energie \/ bolesti hlavy","og_description":"H2 Pur molekul\u00e1rn\u00ed vod\u00edk s v\u00edcestup\u0148ovou energetizac\u00ed pro okam\u017eit\u00fd \u00fa\u010dinek: pos\u00edlen\u00ed energie, proti st\u00e1rnut\u00ed, tr\u00e1ven\u00ed, bolesti hlavy.","og_url":"https:\/\/trimedea.com\/cs\/produkt\/h2-cisty-molekularni-vodik\/","og_site_name":"TRIMEDEA","article_modified_time":"2025-03-19T17:48:53+00:00","og_image":[{"width":1000,"height":1000,"url":"https:\/\/trimedea.com\/wp-content\/uploads\/2024\/05\/H2.jpg","type":"image\/jpeg"}],"twitter_card":"summary_large_image","schema":{"@context":"https:\/\/schema.org","@graph":[{"@type":"WebPage","@id":"https:\/\/trimedea.com\/cs\/produkt\/h2-cisty-molekularni-vodik\/","url":"https:\/\/trimedea.com\/cs\/produkt\/h2-cisty-molekularni-vodik\/","name":"H2 Pur vod\u00edk - nedostatek energie \/ bolesti hlavy","isPartOf":{"@id":"https:\/\/trimedea.com\/cs\/#website"},"primaryImageOfPage":{"@id":"https:\/\/trimedea.com\/cs\/produkt\/h2-cisty-molekularni-vodik\/#primaryimage"},"image":{"@id":"https:\/\/trimedea.com\/cs\/produkt\/h2-cisty-molekularni-vodik\/#primaryimage"},"thumbnailUrl":"https:\/\/trimedea.com\/wp-content\/uploads\/2024\/05\/H2.jpg","datePublished":"2024-05-21T09:59:33+00:00","dateModified":"2025-03-19T17:48:53+00:00","description":"H2 Pur molekul\u00e1rn\u00ed vod\u00edk s v\u00edcestup\u0148ovou energetizac\u00ed pro okam\u017eit\u00fd \u00fa\u010dinek: pos\u00edlen\u00ed energie, proti st\u00e1rnut\u00ed, tr\u00e1ven\u00ed, bolesti hlavy.","breadcrumb":{"@id":"https:\/\/trimedea.com\/cs\/produkt\/h2-cisty-molekularni-vodik\/#breadcrumb"},"inLanguage":"cs","potentialAction":[{"@type":"ReadAction","target":["https:\/\/trimedea.com\/cs\/produkt\/h2-cisty-molekularni-vodik\/"]}]},{"@type":"ImageObject","inLanguage":"cs","@id":"https:\/\/trimedea.com\/cs\/produkt\/h2-cisty-molekularni-vodik\/#primaryimage","url":"https:\/\/trimedea.com\/wp-content\/uploads\/2024\/05\/H2.jpg","contentUrl":"https:\/\/trimedea.com\/wp-content\/uploads\/2024\/05\/H2.jpg","width":1000,"height":1000,"caption":"H2 Pur"},{"@type":"BreadcrumbList","@id":"https:\/\/trimedea.com\/cs\/produkt\/h2-cisty-molekularni-vodik\/#breadcrumb","itemListElement":[{"@type":"ListItem","position":1,"name":"Startseite","item":"https:\/\/trimedea.com\/cs\/"},{"@type":"ListItem","position":2,"name":"TRIMEDEA SHOP","item":"https:\/\/trimedea.com\/cs\/trimedea-shop\/"},{"@type":"ListItem","position":3,"name":"H2 Pur &#8211; molekul\u00e1rn\u00ed vod\u00edk 30 tablet ve fialov\u00e9 sklen\u011bn\u00e9 d\u00f3ze"}]},{"@type":"WebSite","@id":"https:\/\/trimedea.com\/cs\/#website","url":"https:\/\/trimedea.com\/cs\/","name":"TRIMEDEA","description":"F\u00fcr einen gesunden K\u00f6rper und Geist","publisher":{"@id":"https:\/\/trimedea.com\/cs\/#organization"},"potentialAction":[{"@type":"SearchAction","target":{"@type":"EntryPoint","urlTemplate":"https:\/\/trimedea.com\/cs\/?s={search_term_string}"},"query-input":{"@type":"PropertyValueSpecification","valueRequired":true,"valueName":"search_term_string"}}],"inLanguage":"cs"},{"@type":"Organization","@id":"https:\/\/trimedea.com\/cs\/#organization","name":"TRIMEDEA","url":"https:\/\/trimedea.com\/cs\/","logo":{"@type":"ImageObject","inLanguage":"cs","@id":"https:\/\/trimedea.com\/cs\/#\/schema\/logo\/image\/","url":"https:\/\/trimedea.com\/wp-content\/uploads\/2024\/04\/TRIMEDEA_LOGO.png","contentUrl":"https:\/\/trimedea.com\/wp-content\/uploads\/2024\/04\/TRIMEDEA_LOGO.png","width":540,"height":248,"caption":"TRIMEDEA"},"image":{"@id":"https:\/\/trimedea.com\/cs\/#\/schema\/logo\/image\/"}}]}},"_links":{"self":[{"href":"https:\/\/trimedea.com\/cs\/wp-json\/wp\/v2\/product\/55612","targetHints":{"allow":["GET"]}}],"collection":[{"href":"https:\/\/trimedea.com\/cs\/wp-json\/wp\/v2\/product"}],"about":[{"href":"https:\/\/trimedea.com\/cs\/wp-json\/wp\/v2\/types\/product"}],"version-history":[{"count":1,"href":"https:\/\/trimedea.com\/cs\/wp-json\/wp\/v2\/product\/55612\/revisions"}],"predecessor-version":[{"id":66502,"href":"https:\/\/trimedea.com\/cs\/wp-json\/wp\/v2\/product\/55612\/revisions\/66502"}],"wp:featuredmedia":[{"embeddable":true,"href":"https:\/\/trimedea.com\/cs\/wp-json\/wp\/v2\/media\/55622"}],"wp:attachment":[{"href":"https:\/\/trimedea.com\/cs\/wp-json\/wp\/v2\/media?parent=55612"}],"wp:term":[{"taxonomy":"product_brand","embeddable":true,"href":"https:\/\/trimedea.com\/cs\/wp-json\/wp\/v2\/product_brand?post=55612"},{"taxonomy":"product_cat","embeddable":true,"href":"https:\/\/trimedea.com\/cs\/wp-json\/wp\/v2\/product_cat?post=55612"},{"taxonomy":"product_tag","embeddable":true,"href":"https:\/\/trimedea.com\/cs\/wp-json\/wp\/v2\/product_tag?post=55612"}],"curies":[{"name":"wp","href":"https:\/\/api.w.org\/{rel}","templated":true}]}}