{"id":55625,"date":"2024-05-23T08:16:29","date_gmt":"2024-05-23T08:16:29","guid":{"rendered":"https:\/\/test.trimedea.com\/produkt\/umh-hexagon-gold-napajeni-vodou-vc-pripojovaci-adapter\/"},"modified":"2024-10-09T07:56:34","modified_gmt":"2024-10-09T07:56:34","slug":"umh-hexagon-gold-napajeni-vodou-vc-pripojovaci-adapter","status":"publish","type":"product","link":"https:\/\/trimedea.com\/cs\/produkt\/umh-hexagon-gold-napajeni-vodou-vc-pripojovaci-adapter\/","title":{"rendered":"UMH Hexagon Gold nap\u00e1jen\u00ed vodou v\u010d. P\u0159ipojovac\u00ed adapt\u00e9r"},"content":{"rendered":"<p>[et_pb_section fb_built=&#8220;1&#8243; _builder_version=&#8220;4.16&#8243; custom_padding=&#8220;0px||3px||false|false&#8220; global_colors_info=&#8220;{}&#8220;][et_pb_row _builder_version=&#8220;4.16&#8243; background_size=&#8220;initial&#8220; background_position=&#8220;top_left&#8220; background_repeat=&#8220;repeat&#8220; width=&#8220;100%&#8220; custom_padding=&#8220;0px||0px||false|false&#8220; global_colors_info=&#8220;{}&#8220;][et_pb_column type=&#8220;4_4&#8243; _builder_version=&#8220;4.16&#8243; custom_padding=&#8220;|||&#8220; global_colors_info=&#8220;{}&#8220; custom_padding__hover=&#8220;|||&#8220;][et_pb_wc_breadcrumb breadcrumb_home_text=&#8220;TRIMEDEA SHOP&#8220; breadcrumb_home_url=&#8220;https:\/\/trimedea.com\/trimedea-shop&#8220; breadcrumb_separator=&#8220;|&#8220; admin_label=&#8220;WOO BREADCRUMBS DE&#8220; _builder_version=&#8220;4.25.0&#8243; custom_padding=&#8220;0px||30px||false|false&#8220; saved_tabs=&#8220;all&#8220; global_colors_info=&#8220;{}&#8220;][\/et_pb_wc_breadcrumb][et_pb_wc_cart_notice _builder_version=&#8220;4.16&#8243; custom_button=&#8220;on&#8220; button_border_width=&#8220;1px&#8220; button_border_color=&#8220;#FFFFFF&#8220; global_colors_info=&#8220;{}&#8220;][\/et_pb_wc_cart_notice][\/et_pb_column][\/et_pb_row][et_pb_row column_structure=&#8220;1_2,1_2&#8243; _builder_version=&#8220;4.25.0&#8243; background_size=&#8220;initial&#8220; background_position=&#8220;top_left&#8220; background_repeat=&#8220;repeat&#8220; width=&#8220;100%&#8220; custom_margin=&#8220;0px||||false|false&#8220; custom_padding=&#8220;||||false|false&#8220; global_colors_info=&#8220;{}&#8220;][et_pb_column type=&#8220;1_2&#8243; _builder_version=&#8220;4.25.0&#8243; custom_padding=&#8220;|||&#8220; custom_padding_tablet=&#8220;|||&#8220; custom_padding_phone=&#8220;|0px||0px|false|false&#8220; custom_padding_last_edited=&#8220;on|phone&#8220; global_colors_info=&#8220;{}&#8220; custom_padding__hover=&#8220;|||&#8220;][et_pb_wc_images _builder_version=&#8220;4.25.0&#8243; custom_margin_tablet=&#8220;&#8220; custom_margin_phone=&#8220;||||false|false&#8220; custom_margin_last_edited=&#8220;on|phone&#8220; custom_padding_tablet=&#8220;&#8220; custom_padding_phone=&#8220;30px||||false|false&#8220; custom_padding_last_edited=&#8220;on|phone&#8220; global_colors_info=&#8220;{}&#8220;][\/et_pb_wc_images][\/et_pb_column][et_pb_column type=&#8220;1_2&#8243; _builder_version=&#8220;4.16&#8243; custom_padding=&#8220;|||&#8220; global_colors_info=&#8220;{}&#8220; custom_padding__hover=&#8220;|||&#8220;][et_pb_wc_title _builder_version=&#8220;4.25.0&#8243; global_colors_info=&#8220;{}&#8220;][\/et_pb_wc_title][et_pb_wc_description _builder_version=&#8220;4.16&#8243; global_colors_info=&#8220;{}&#8220;][\/et_pb_wc_description][et_pb_wc_price _builder_version=&#8220;4.24.3&#8243; body_font=&#8220;|600|||||||&#8220; global_colors_info=&#8220;{}&#8220;][\/et_pb_wc_price][et_pb_wc_add_to_cart _builder_version=&#8220;4.16&#8243; global_colors_info=&#8220;{}&#8220;][\/et_pb_wc_add_to_cart][et_pb_wc_meta _builder_version=&#8220;4.16&#8243; global_colors_info=&#8220;{}&#8220;][\/et_pb_wc_meta][\/et_pb_column][\/et_pb_row][et_pb_row _builder_version=&#8220;4.25.0&#8243; _module_preset=&#8220;default&#8220; width=&#8220;100%&#8220; global_colors_info=&#8220;{}&#8220; custom_css_main_element_phone=&#8220;display: flex;||flex-wrap: wrap;&#8220; custom_css_main_element_last_edited=&#8220;on|phone&#8220;][et_pb_column type=&#8220;4_4&#8243; _builder_version=&#8220;4.25.0&#8243; _module_preset=&#8220;default&#8220; global_colors_info=&#8220;{}&#8220; custom_css_main_element_last_edited=&#8220;on|phone&#8220; custom_css_main_element_phone=&#8220;order:2;&#8220;][et_pb_text admin_label=&#8220;PRODUKTDETAILS&#8220; _builder_version=&#8220;4.25.0&#8243; _module_preset=&#8220;default&#8220; global_colors_info=&#8220;{}&#8220;]<\/p>\n<p><strong>Rozsah dod\u00e1vky:<\/strong><\/p>\n<ul>\n<li>Aktivace vody UMH \u00bd palce<\/li>\n<li>2 x \u0161roubovac\u00ed adapt\u00e9r \u00bd palce na \u215c Rychlospojka John Guest se 2 ploch\u00fdmi t\u011bsn\u011bn\u00edmi<\/li>\n<\/ul>\n<p><strong>Oblasti pou\u017eit\u00ed<\/strong><\/p>\n<ul>\n<li>Podlahov\u00e9 vyt\u00e1p\u011bn\u00ed<\/li>\n<li>N\u00e1st\u011bnn\u00e9 topn\u00e9 syst\u00e9my<\/li>\n<li>Topn\u00e9 okruhy<\/li>\n<\/ul>\n<p><strong>V\u00fdhody UMH Hexagon<\/strong><\/p>\n<ul>\n<li>Zru\u0161en\u00ed frekvenc\u00ed zne\u010di\u0161\u0165uj\u00edc\u00edch l\u00e1tek<\/li>\n<li>Zlep\u0161en\u00ed schopnosti bun\u011bk vst\u0159eb\u00e1vat vodu a \u017eiviny<\/li>\n<li>Krystalick\u00e1 a hexagon\u00e1ln\u00ed struktura vody<\/li>\n<li>Stabiln\u00ed bioenergie<\/li>\n<li>P\u0159enos regenera\u010dn\u00edch energi\u00ed p\u0159i pit\u00ed<\/li>\n<li>V\u00fdrazn\u011b jemn\u011bj\u0161\u00ed a sv\u011b\u017eej\u0161\u00ed chu\u0165<\/li>\n<li>bez elekt\u0159iny, bez chemik\u00e1li\u00ed, bez magnet\u016f<\/li>\n<\/ul>\n<p>V\u00fdsledky v\u00fdzkumu \u00fa\u010dink\u016f a dopad\u016f aktivace vody UMH naleznete zde: <a href=\"https:\/\/umh.at\/umh-forschungsergebnisse\/\" target=\"_blank\" rel=\"noopener\"><span class=\"s1\"><strong>Odkaz<\/strong><\/span><\/a><br \/>Na <a href=\"https:\/\/trimedea.com\/wp-content\/uploads\/2024\/04\/Hexagonales-Wasser_Gutachten_Dr.-Ludwig.pdf\" target=\"_blank\" rel=\"noopener\">odborn\u00fd posudek o hexagon\u00e1ln\u00ed struktu\u0159e vody UHM<\/a>, kter\u00fd vypracoval Dr. Wolfgang Ludwig.<\/p>\n<p>[\/et_pb_text][\/et_pb_column][\/et_pb_row][et_pb_row custom_padding_last_edited=&#8220;on|phone&#8220; _builder_version=&#8220;4.25.0&#8243; background_size=&#8220;initial&#8220; background_position=&#8220;top_left&#8220; background_repeat=&#8220;repeat&#8220; width=&#8220;100%&#8220; custom_margin_tablet=&#8220;&#8220; custom_margin_phone=&#8220;||||false|false&#8220; custom_margin_last_edited=&#8220;on|phone&#8220; custom_padding_tablet=&#8220;&#8220; custom_padding_phone=&#8220;0px||||false|false&#8220; global_colors_info=&#8220;{}&#8220;][et_pb_column type=&#8220;4_4&#8243; _builder_version=&#8220;4.16&#8243; custom_padding=&#8220;|||&#8220; global_colors_info=&#8220;{}&#8220; custom_padding__hover=&#8220;|||&#8220;][et_pb_wc_upsells _builder_version=&#8220;4.16&#8243; global_colors_info=&#8220;{}&#8220;][\/et_pb_wc_upsells][et_pb_wc_related_products posts_number=&#8220;4&#8243; columns_number=&#8220;4&#8243; include_categories=&#8220;92&#8243; _builder_version=&#8220;4.25.1&#8243; global_colors_info=&#8220;{}&#8220;][\/et_pb_wc_related_products][\/et_pb_column][\/et_pb_row][et_pb_row _builder_version=&#8220;4.25.0&#8243; _module_preset=&#8220;default&#8220; width=&#8220;100%&#8220; max_width=&#8220;100%&#8220; custom_margin=&#8220;0px||||false|false&#8220; custom_padding=&#8220;0px||||false|false&#8220; global_colors_info=&#8220;{}&#8220;][et_pb_column type=&#8220;4_4&#8243; _builder_version=&#8220;4.25.0&#8243; _module_preset=&#8220;default&#8220; global_colors_info=&#8220;{}&#8220;][et_pb_image src=&#8220;https:\/\/trimedea.com\/wp-content\/uploads\/2024\/05\/UMH-Wasseraufbereitung_logo.jpg&#8220; title_text=&#8220;UMH-Wasseraufbereitung_logo&#8220; align=&#8220;center&#8220; _builder_version=&#8220;4.25.0&#8243; _module_preset=&#8220;default&#8220; width=&#8220;20%&#8220; max_width=&#8220;20%&#8220; custom_padding=&#8220;0px||||false|false&#8220; global_colors_info=&#8220;{}&#8220;][\/et_pb_image][et_pb_text _builder_version=&#8220;4.25.0&#8243; _module_preset=&#8220;default&#8220; global_colors_info=&#8220;{}&#8220;]<\/p>\n<h2>Kvalita vody v prameni<\/h2>\n<p>  UMH Hexagon Gold je cenov\u011b v\u00fdhodn\u00e9, snadno instalovateln\u00e9 vitaliza\u010dn\u00ed za\u0159\u00edzen\u00ed, kter\u00e9 lze rychle nainstalovat pod v\u011bt\u0161inu kuchy\u0148sk\u00fdch d\u0159ez\u016f, do ordinac\u00ed, kancel\u00e1\u0159\u00ed, firemn\u00edch kuchyn\u00ed nebo do sprchy. Po b\u011b\u017en\u00e9 filtraci je voda energetizov\u00e1na, hexagon\u00e1ln\u011b strukturov\u00e1na a optim\u00e1ln\u011b zp\u0159\u00edstupn\u011bna bu\u0148k\u00e1m pomoc\u00ed nov\u011b vyvinut\u00e9ho Hexagon Gold, kter\u00fd obsahuje deset ru\u010dn\u011b vyroben\u00fdch sklen\u011bn\u00fdch lahvi\u010dek jako vysoce stabiln\u00ed energetick\u00e9 pole. P\u0159i v\u00fdb\u011bru kazet byla zohledn\u011bna i p\u0159\u00edpadn\u00e1 voda o\u0161et\u0159en\u00e1 UV z\u00e1\u0159en\u00edm.[\/et_pb_text][et_pb_video src=&#8220;\/wp-content\/VIDEOS\/UMH_Heat_DE.mp4&#8243; image_src=&#8220;https:\/\/trimedea.com\/wp-content\/uploads\/2024\/05\/HEAT_VIDEO_BG_EN.jpg&#8220; _builder_version=&#8220;4.25.0&#8243; _module_preset=&#8220;default&#8220; global_colors_info=&#8220;{}&#8220;][\/et_pb_video][\/et_pb_column][\/et_pb_row][\/et_pb_section]<\/p>\n","protected":false},"excerpt":{"rendered":"<p>Aktivace a energetizace <strong>UMH Hexagon<\/strong> s deseti r\u016fzn\u00fdmi ru\u010dn\u011b vyroben\u00fdmi sklen\u011bn\u00fdmi lahvi\u010dkami, kter\u00e9 vytv\u00e1\u0159ej\u00ed vysoce stabiln\u00ed energetick\u00e9 pole. Proud\u00edc\u00ed voda se energeticky nabije, hexagon\u00e1ln\u011b strukturuje a optim\u00e1ln\u011b zp\u0159\u00edstupn\u00ed bu\u0148k\u00e1m. V\u010detn\u011b vibrac\u00ed neutralizuj\u00edc\u00edch UV z\u00e1\u0159en\u00ed, pokud byla voda o\u0161et\u0159ena UV z\u00e1\u0159en\u00edm.<\/p>\n","protected":false},"featured_media":55698,"template":"","meta":{"_et_pb_use_builder":"on","_et_pb_old_content":"","_et_gb_content_width":"","footnotes":""},"product_brand":[],"product_cat":[183],"product_tag":[],"class_list":{"0":"post-55625","1":"product","2":"type-product","3":"status-publish","4":"has-post-thumbnail","6":"product_cat-aktivace-vody-umh","8":"first","9":"instock","10":"taxable","11":"shipping-taxable","12":"purchasable","13":"product-type-variable"},"yoast_head":"<!-- This site is optimized with the Yoast SEO plugin v27.3 - https:\/\/yoast.com\/product\/yoast-seo-wordpress\/ -->\n<title>UMH Hexagon Gold nap\u00e1jen\u00ed vodou v\u010d. P\u0159ipojovac\u00ed adapt\u00e9r - TRIMEDEA<\/title>\n<meta name=\"description\" content=\"UMH Hexagon s jedine\u010dnou aktivac\u00ed vodou a energi\u00ed vody\" \/>\n<meta name=\"robots\" content=\"index, follow, max-snippet:-1, max-image-preview:large, max-video-preview:-1\" \/>\n<link rel=\"canonical\" href=\"https:\/\/trimedea.com\/cs\/produkt\/umh-hexagon-gold-napajeni-vodou-vc-pripojovaci-adapter\/\" \/>\n<meta property=\"og:locale\" content=\"cs_CZ\" \/>\n<meta property=\"og:type\" content=\"article\" \/>\n<meta property=\"og:title\" content=\"UMH Hexagon Gold nap\u00e1jen\u00ed vodou v\u010d. P\u0159ipojovac\u00ed adapt\u00e9r - TRIMEDEA\" \/>\n<meta property=\"og:description\" content=\"UMH Hexagon s jedine\u010dnou aktivac\u00ed vodou a energi\u00ed vody\" \/>\n<meta property=\"og:url\" content=\"https:\/\/trimedea.com\/cs\/produkt\/umh-hexagon-gold-napajeni-vodou-vc-pripojovaci-adapter\/\" \/>\n<meta property=\"og:site_name\" content=\"TRIMEDEA\" \/>\n<meta property=\"article:modified_time\" content=\"2024-10-09T07:56:34+00:00\" \/>\n<meta property=\"og:image\" content=\"https:\/\/trimedea.com\/wp-content\/uploads\/2024\/05\/UMH_HEXAGON_GOLD.jpg\" \/>\n\t<meta property=\"og:image:width\" content=\"1000\" \/>\n\t<meta property=\"og:image:height\" content=\"1000\" \/>\n\t<meta property=\"og:image:type\" content=\"image\/jpeg\" \/>\n<meta name=\"twitter:card\" content=\"summary_large_image\" \/>\n<script type=\"application\/ld+json\" class=\"yoast-schema-graph\">{\"@context\":\"https:\\\/\\\/schema.org\",\"@graph\":[{\"@type\":\"WebPage\",\"@id\":\"https:\\\/\\\/trimedea.com\\\/cs\\\/produkt\\\/umh-hexagon-gold-napajeni-vodou-vc-pripojovaci-adapter\\\/\",\"url\":\"https:\\\/\\\/trimedea.com\\\/cs\\\/produkt\\\/umh-hexagon-gold-napajeni-vodou-vc-pripojovaci-adapter\\\/\",\"name\":\"UMH Hexagon Gold nap\u00e1jen\u00ed vodou v\u010d. P\u0159ipojovac\u00ed adapt\u00e9r - TRIMEDEA\",\"isPartOf\":{\"@id\":\"https:\\\/\\\/trimedea.com\\\/cs\\\/#website\"},\"primaryImageOfPage\":{\"@id\":\"https:\\\/\\\/trimedea.com\\\/cs\\\/produkt\\\/umh-hexagon-gold-napajeni-vodou-vc-pripojovaci-adapter\\\/#primaryimage\"},\"image\":{\"@id\":\"https:\\\/\\\/trimedea.com\\\/cs\\\/produkt\\\/umh-hexagon-gold-napajeni-vodou-vc-pripojovaci-adapter\\\/#primaryimage\"},\"thumbnailUrl\":\"https:\\\/\\\/trimedea.com\\\/wp-content\\\/uploads\\\/2024\\\/05\\\/UMH_HEXAGON_GOLD.jpg\",\"datePublished\":\"2024-05-23T08:16:29+00:00\",\"dateModified\":\"2024-10-09T07:56:34+00:00\",\"description\":\"UMH Hexagon s jedine\u010dnou aktivac\u00ed vodou a energi\u00ed vody\",\"breadcrumb\":{\"@id\":\"https:\\\/\\\/trimedea.com\\\/cs\\\/produkt\\\/umh-hexagon-gold-napajeni-vodou-vc-pripojovaci-adapter\\\/#breadcrumb\"},\"inLanguage\":\"cs\",\"potentialAction\":[{\"@type\":\"ReadAction\",\"target\":[\"https:\\\/\\\/trimedea.com\\\/cs\\\/produkt\\\/umh-hexagon-gold-napajeni-vodou-vc-pripojovaci-adapter\\\/\"]}]},{\"@type\":\"ImageObject\",\"inLanguage\":\"cs\",\"@id\":\"https:\\\/\\\/trimedea.com\\\/cs\\\/produkt\\\/umh-hexagon-gold-napajeni-vodou-vc-pripojovaci-adapter\\\/#primaryimage\",\"url\":\"https:\\\/\\\/trimedea.com\\\/wp-content\\\/uploads\\\/2024\\\/05\\\/UMH_HEXAGON_GOLD.jpg\",\"contentUrl\":\"https:\\\/\\\/trimedea.com\\\/wp-content\\\/uploads\\\/2024\\\/05\\\/UMH_HEXAGON_GOLD.jpg\",\"width\":1000,\"height\":1000},{\"@type\":\"BreadcrumbList\",\"@id\":\"https:\\\/\\\/trimedea.com\\\/cs\\\/produkt\\\/umh-hexagon-gold-napajeni-vodou-vc-pripojovaci-adapter\\\/#breadcrumb\",\"itemListElement\":[{\"@type\":\"ListItem\",\"position\":1,\"name\":\"Startseite\",\"item\":\"https:\\\/\\\/trimedea.com\\\/cs\\\/\"},{\"@type\":\"ListItem\",\"position\":2,\"name\":\"TRIMEDEA SHOP\",\"item\":\"https:\\\/\\\/trimedea.com\\\/cs\\\/trimedea-shop\\\/\"},{\"@type\":\"ListItem\",\"position\":3,\"name\":\"UMH Hexagon Gold nap\u00e1jen\u00ed vodou v\u010d. P\u0159ipojovac\u00ed adapt\u00e9r\"}]},{\"@type\":\"WebSite\",\"@id\":\"https:\\\/\\\/trimedea.com\\\/cs\\\/#website\",\"url\":\"https:\\\/\\\/trimedea.com\\\/cs\\\/\",\"name\":\"TRIMEDEA\",\"description\":\"F\u00fcr einen gesunden K\u00f6rper und Geist\",\"publisher\":{\"@id\":\"https:\\\/\\\/trimedea.com\\\/cs\\\/#organization\"},\"potentialAction\":[{\"@type\":\"SearchAction\",\"target\":{\"@type\":\"EntryPoint\",\"urlTemplate\":\"https:\\\/\\\/trimedea.com\\\/cs\\\/?s={search_term_string}\"},\"query-input\":{\"@type\":\"PropertyValueSpecification\",\"valueRequired\":true,\"valueName\":\"search_term_string\"}}],\"inLanguage\":\"cs\"},{\"@type\":\"Organization\",\"@id\":\"https:\\\/\\\/trimedea.com\\\/cs\\\/#organization\",\"name\":\"TRIMEDEA\",\"url\":\"https:\\\/\\\/trimedea.com\\\/cs\\\/\",\"logo\":{\"@type\":\"ImageObject\",\"inLanguage\":\"cs\",\"@id\":\"https:\\\/\\\/trimedea.com\\\/cs\\\/#\\\/schema\\\/logo\\\/image\\\/\",\"url\":\"https:\\\/\\\/trimedea.com\\\/wp-content\\\/uploads\\\/2024\\\/04\\\/TRIMEDEA_LOGO.png\",\"contentUrl\":\"https:\\\/\\\/trimedea.com\\\/wp-content\\\/uploads\\\/2024\\\/04\\\/TRIMEDEA_LOGO.png\",\"width\":540,\"height\":248,\"caption\":\"TRIMEDEA\"},\"image\":{\"@id\":\"https:\\\/\\\/trimedea.com\\\/cs\\\/#\\\/schema\\\/logo\\\/image\\\/\"}}]}<\/script>\n<!-- \/ Yoast SEO plugin. -->","yoast_head_json":{"title":"UMH Hexagon Gold nap\u00e1jen\u00ed vodou v\u010d. P\u0159ipojovac\u00ed adapt\u00e9r - TRIMEDEA","description":"UMH Hexagon s jedine\u010dnou aktivac\u00ed vodou a energi\u00ed vody","robots":{"index":"index","follow":"follow","max-snippet":"max-snippet:-1","max-image-preview":"max-image-preview:large","max-video-preview":"max-video-preview:-1"},"canonical":"https:\/\/trimedea.com\/cs\/produkt\/umh-hexagon-gold-napajeni-vodou-vc-pripojovaci-adapter\/","og_locale":"cs_CZ","og_type":"article","og_title":"UMH Hexagon Gold nap\u00e1jen\u00ed vodou v\u010d. P\u0159ipojovac\u00ed adapt\u00e9r - TRIMEDEA","og_description":"UMH Hexagon s jedine\u010dnou aktivac\u00ed vodou a energi\u00ed vody","og_url":"https:\/\/trimedea.com\/cs\/produkt\/umh-hexagon-gold-napajeni-vodou-vc-pripojovaci-adapter\/","og_site_name":"TRIMEDEA","article_modified_time":"2024-10-09T07:56:34+00:00","og_image":[{"width":1000,"height":1000,"url":"https:\/\/trimedea.com\/wp-content\/uploads\/2024\/05\/UMH_HEXAGON_GOLD.jpg","type":"image\/jpeg"}],"twitter_card":"summary_large_image","schema":{"@context":"https:\/\/schema.org","@graph":[{"@type":"WebPage","@id":"https:\/\/trimedea.com\/cs\/produkt\/umh-hexagon-gold-napajeni-vodou-vc-pripojovaci-adapter\/","url":"https:\/\/trimedea.com\/cs\/produkt\/umh-hexagon-gold-napajeni-vodou-vc-pripojovaci-adapter\/","name":"UMH Hexagon Gold nap\u00e1jen\u00ed vodou v\u010d. P\u0159ipojovac\u00ed adapt\u00e9r - TRIMEDEA","isPartOf":{"@id":"https:\/\/trimedea.com\/cs\/#website"},"primaryImageOfPage":{"@id":"https:\/\/trimedea.com\/cs\/produkt\/umh-hexagon-gold-napajeni-vodou-vc-pripojovaci-adapter\/#primaryimage"},"image":{"@id":"https:\/\/trimedea.com\/cs\/produkt\/umh-hexagon-gold-napajeni-vodou-vc-pripojovaci-adapter\/#primaryimage"},"thumbnailUrl":"https:\/\/trimedea.com\/wp-content\/uploads\/2024\/05\/UMH_HEXAGON_GOLD.jpg","datePublished":"2024-05-23T08:16:29+00:00","dateModified":"2024-10-09T07:56:34+00:00","description":"UMH Hexagon s jedine\u010dnou aktivac\u00ed vodou a energi\u00ed vody","breadcrumb":{"@id":"https:\/\/trimedea.com\/cs\/produkt\/umh-hexagon-gold-napajeni-vodou-vc-pripojovaci-adapter\/#breadcrumb"},"inLanguage":"cs","potentialAction":[{"@type":"ReadAction","target":["https:\/\/trimedea.com\/cs\/produkt\/umh-hexagon-gold-napajeni-vodou-vc-pripojovaci-adapter\/"]}]},{"@type":"ImageObject","inLanguage":"cs","@id":"https:\/\/trimedea.com\/cs\/produkt\/umh-hexagon-gold-napajeni-vodou-vc-pripojovaci-adapter\/#primaryimage","url":"https:\/\/trimedea.com\/wp-content\/uploads\/2024\/05\/UMH_HEXAGON_GOLD.jpg","contentUrl":"https:\/\/trimedea.com\/wp-content\/uploads\/2024\/05\/UMH_HEXAGON_GOLD.jpg","width":1000,"height":1000},{"@type":"BreadcrumbList","@id":"https:\/\/trimedea.com\/cs\/produkt\/umh-hexagon-gold-napajeni-vodou-vc-pripojovaci-adapter\/#breadcrumb","itemListElement":[{"@type":"ListItem","position":1,"name":"Startseite","item":"https:\/\/trimedea.com\/cs\/"},{"@type":"ListItem","position":2,"name":"TRIMEDEA SHOP","item":"https:\/\/trimedea.com\/cs\/trimedea-shop\/"},{"@type":"ListItem","position":3,"name":"UMH Hexagon Gold nap\u00e1jen\u00ed vodou v\u010d. P\u0159ipojovac\u00ed adapt\u00e9r"}]},{"@type":"WebSite","@id":"https:\/\/trimedea.com\/cs\/#website","url":"https:\/\/trimedea.com\/cs\/","name":"TRIMEDEA","description":"F\u00fcr einen gesunden K\u00f6rper und Geist","publisher":{"@id":"https:\/\/trimedea.com\/cs\/#organization"},"potentialAction":[{"@type":"SearchAction","target":{"@type":"EntryPoint","urlTemplate":"https:\/\/trimedea.com\/cs\/?s={search_term_string}"},"query-input":{"@type":"PropertyValueSpecification","valueRequired":true,"valueName":"search_term_string"}}],"inLanguage":"cs"},{"@type":"Organization","@id":"https:\/\/trimedea.com\/cs\/#organization","name":"TRIMEDEA","url":"https:\/\/trimedea.com\/cs\/","logo":{"@type":"ImageObject","inLanguage":"cs","@id":"https:\/\/trimedea.com\/cs\/#\/schema\/logo\/image\/","url":"https:\/\/trimedea.com\/wp-content\/uploads\/2024\/04\/TRIMEDEA_LOGO.png","contentUrl":"https:\/\/trimedea.com\/wp-content\/uploads\/2024\/04\/TRIMEDEA_LOGO.png","width":540,"height":248,"caption":"TRIMEDEA"},"image":{"@id":"https:\/\/trimedea.com\/cs\/#\/schema\/logo\/image\/"}}]}},"_links":{"self":[{"href":"https:\/\/trimedea.com\/cs\/wp-json\/wp\/v2\/product\/55625","targetHints":{"allow":["GET"]}}],"collection":[{"href":"https:\/\/trimedea.com\/cs\/wp-json\/wp\/v2\/product"}],"about":[{"href":"https:\/\/trimedea.com\/cs\/wp-json\/wp\/v2\/types\/product"}],"version-history":[{"count":0,"href":"https:\/\/trimedea.com\/cs\/wp-json\/wp\/v2\/product\/55625\/revisions"}],"wp:featuredmedia":[{"embeddable":true,"href":"https:\/\/trimedea.com\/cs\/wp-json\/wp\/v2\/media\/55698"}],"wp:attachment":[{"href":"https:\/\/trimedea.com\/cs\/wp-json\/wp\/v2\/media?parent=55625"}],"wp:term":[{"taxonomy":"product_brand","embeddable":true,"href":"https:\/\/trimedea.com\/cs\/wp-json\/wp\/v2\/product_brand?post=55625"},{"taxonomy":"product_cat","embeddable":true,"href":"https:\/\/trimedea.com\/cs\/wp-json\/wp\/v2\/product_cat?post=55625"},{"taxonomy":"product_tag","embeddable":true,"href":"https:\/\/trimedea.com\/cs\/wp-json\/wp\/v2\/product_tag?post=55625"}],"curies":[{"name":"wp","href":"https:\/\/api.w.org\/{rel}","templated":true}]}}