{"id":55675,"date":"2024-05-23T07:51:48","date_gmt":"2024-05-23T07:51:48","guid":{"rendered":"https:\/\/test.trimedea.com\/produkt\/umh-heat\/"},"modified":"2024-10-09T07:56:20","modified_gmt":"2024-10-09T07:56:20","slug":"umh-heat","status":"publish","type":"product","link":"https:\/\/trimedea.com\/cs\/produkt\/umh-heat\/","title":{"rendered":"UMH Heat"},"content":{"rendered":"<p>[et_pb_section fb_built=&#8220;1&#8243; _builder_version=&#8220;4.16&#8243; custom_padding=&#8220;0px||3px||false|false&#8220; global_colors_info=&#8220;{}&#8220;][et_pb_row _builder_version=&#8220;4.16&#8243; background_size=&#8220;initial&#8220; background_position=&#8220;top_left&#8220; background_repeat=&#8220;repeat&#8220; width=&#8220;100%&#8220; custom_padding=&#8220;0px||0px||false|false&#8220; global_colors_info=&#8220;{}&#8220;][et_pb_column type=&#8220;4_4&#8243; _builder_version=&#8220;4.16&#8243; custom_padding=&#8220;|||&#8220; global_colors_info=&#8220;{}&#8220; custom_padding__hover=&#8220;|||&#8220;][et_pb_wc_breadcrumb breadcrumb_home_text=&#8220;TRIMEDEA SHOP&#8220; breadcrumb_home_url=&#8220;https:\/\/trimedea.com\/trimedea-shop&#8220; breadcrumb_separator=&#8220;|&#8220; admin_label=&#8220;WOO BREADCRUMBS DE&#8220; _builder_version=&#8220;4.25.0&#8243; custom_padding=&#8220;0px||30px||false|false&#8220; saved_tabs=&#8220;all&#8220; global_colors_info=&#8220;{}&#8220;][\/et_pb_wc_breadcrumb][et_pb_wc_cart_notice _builder_version=&#8220;4.16&#8243; custom_button=&#8220;on&#8220; button_border_width=&#8220;1px&#8220; button_border_color=&#8220;#FFFFFF&#8220; global_colors_info=&#8220;{}&#8220;][\/et_pb_wc_cart_notice][\/et_pb_column][\/et_pb_row][et_pb_row column_structure=&#8220;1_2,1_2&#8243; _builder_version=&#8220;4.25.0&#8243; background_size=&#8220;initial&#8220; background_position=&#8220;top_left&#8220; background_repeat=&#8220;repeat&#8220; width=&#8220;100%&#8220; custom_margin=&#8220;0px||||false|false&#8220; custom_padding=&#8220;||||false|false&#8220; global_colors_info=&#8220;{}&#8220;][et_pb_column type=&#8220;1_2&#8243; _builder_version=&#8220;4.25.0&#8243; custom_padding=&#8220;|||&#8220; custom_padding_tablet=&#8220;|||&#8220; custom_padding_phone=&#8220;|0px||0px|false|false&#8220; custom_padding_last_edited=&#8220;on|phone&#8220; global_colors_info=&#8220;{}&#8220; custom_padding__hover=&#8220;|||&#8220;][et_pb_wc_images _builder_version=&#8220;4.25.0&#8243; custom_margin_tablet=&#8220;&#8220; custom_margin_phone=&#8220;||||false|false&#8220; custom_margin_last_edited=&#8220;on|phone&#8220; custom_padding_tablet=&#8220;&#8220; custom_padding_phone=&#8220;30px||||false|false&#8220; custom_padding_last_edited=&#8220;on|phone&#8220; global_colors_info=&#8220;{}&#8220;][\/et_pb_wc_images][\/et_pb_column][et_pb_column type=&#8220;1_2&#8243; _builder_version=&#8220;4.16&#8243; custom_padding=&#8220;|||&#8220; global_colors_info=&#8220;{}&#8220; custom_padding__hover=&#8220;|||&#8220;][et_pb_wc_title _builder_version=&#8220;4.25.0&#8243; global_colors_info=&#8220;{}&#8220;][\/et_pb_wc_title][et_pb_wc_description _builder_version=&#8220;4.16&#8243; global_colors_info=&#8220;{}&#8220;][\/et_pb_wc_description][et_pb_wc_price _builder_version=&#8220;4.24.3&#8243; body_font=&#8220;|600|||||||&#8220; global_colors_info=&#8220;{}&#8220;][\/et_pb_wc_price][et_pb_wc_add_to_cart _builder_version=&#8220;4.16&#8243; global_colors_info=&#8220;{}&#8220;][\/et_pb_wc_add_to_cart][et_pb_wc_meta _builder_version=&#8220;4.16&#8243; global_colors_info=&#8220;{}&#8220;][\/et_pb_wc_meta][\/et_pb_column][\/et_pb_row][et_pb_row column_structure=&#8220;1_2,1_2&#8243; _builder_version=&#8220;4.25.0&#8243; _module_preset=&#8220;default&#8220; width=&#8220;100%&#8220; global_colors_info=&#8220;{}&#8220; custom_css_main_element_phone=&#8220;display: flex;||flex-wrap: wrap;&#8220; custom_css_main_element_last_edited=&#8220;on|phone&#8220;][et_pb_column type=&#8220;1_2&#8243; _builder_version=&#8220;4.25.0&#8243; _module_preset=&#8220;default&#8220; global_colors_info=&#8220;{}&#8220; custom_css_main_element_last_edited=&#8220;on|phone&#8220; custom_css_main_element_phone=&#8220;order:2;&#8220;][et_pb_text admin_label=&#8220;ANWENDUNG&#8220; _builder_version=&#8220;4.25.0&#8243; _module_preset=&#8220;default&#8220; ul_font_size=&#8220;16px&#8220; ul_line_height=&#8220;1.7em&#8220; header_3_line_height=&#8220;1.5em&#8220; background_color=&#8220;#ebebeb&#8220; width_tablet=&#8220;&#8220; width_phone=&#8220;100%&#8220; width_last_edited=&#8220;on|phone&#8220; max_width=&#8220;100%&#8220; custom_margin_tablet=&#8220;&#8220; custom_margin_phone=&#8220;30px||||false|false&#8220; custom_margin_last_edited=&#8220;on|phone&#8220; custom_padding=&#8220;30px|30px|30px|30px|true|true&#8220; custom_padding_tablet=&#8220;30px|30px|30px|30px|true|true&#8220; custom_padding_phone=&#8220;0px|0px|0px|0px|true|true&#8220; custom_padding_last_edited=&#8220;on|phone&#8220; background_color_phone=&#8220;RGBA(255,255,255,0)&#8220; background_last_edited=&#8220;on|phone&#8220; background_enable_color_phone=&#8220;on&#8220; global_colors_info=&#8220;{}&#8220;]<\/p>\n<p><strong>V\u00fdhody<\/strong><\/p>\n<ul>\n<li>Chr\u00e1n\u00ed syst\u00e9m topn\u00e9ho okruhu p\u0159ed zan\u00e1\u0161en\u00edm.<\/li>\n<li>P\u0159enos konstruk\u010dn\u00edch energi\u00ed prost\u0159ednictv\u00edm podlahov\u00e9ho vyt\u00e1p\u011bn\u00ed<\/li>\n<li>Zlep\u0161en\u00ed kvality obytn\u00e9ho prostoru<\/li>\n<li>Topn\u00e1 voda z\u016fst\u00e1v\u00e1 po l\u00e9ta \u010dir\u00e1<\/li>\n<li>Minim\u00e1ln\u011b 5 % \u00faspory n\u00e1klad\u016f na vyt\u00e1p\u011bn\u00ed<\/li>\n<li>Bez elekt\u0159iny, bez chemik\u00e1li\u00ed, bez magnet\u016f<\/li>\n<li>Bez\u00fadr\u017ebov\u00fd<\/li>\n<\/ul>\n<p>V\u00fdsledky v\u00fdzkumu \u00fa\u010dink\u016f a dopad\u016f aktivace vody UMH naleznete zde: <a href=\"https:\/\/umh.at\/umh-forschungsergebnisse\/\" target=\"_blank\" rel=\"noopener\"><br \/>\n  <span class=\"s1\">Odkaz<\/span><br \/>\n<\/a><\/p>\n<p>[\/et_pb_text][\/et_pb_column][et_pb_column type=&#8220;1_2&#8243; _builder_version=&#8220;4.25.0&#8243; _module_preset=&#8220;default&#8220; global_colors_info=&#8220;{}&#8220; custom_css_main_element_last_edited=&#8220;on|phone&#8220; custom_css_main_element_phone=&#8220;order:1;&#8220;][et_pb_text admin_label=&#8220;PRODUKTDETAILS&#8220; _builder_version=&#8220;4.25.0&#8243; _module_preset=&#8220;default&#8220; global_colors_info=&#8220;{}&#8220;]<\/p>\n<p><strong>UMH-Heat<\/strong> je vyroben z mosazi a je pota\u017een speci\u00e1ln\u00ed keramickou vrstvou. Uvnit\u0159 je hyperbolick\u00fd cyklus proud\u011bn\u00ed a ru\u010dn\u011b vyr\u00e1b\u011bn\u00e9 lahvi\u010dky zaji\u0161\u0165uj\u00ed vysoce stabiln\u00ed energetick\u00e9 pole. Negativn\u00ed \u00fa\u010dinky podlahov\u00e9ho vyt\u00e1p\u011bn\u00ed, jako jsou t\u011b\u017ek\u00e9 nohy, \u00fanava, probl\u00e9my s krevn\u00edm ob\u011bhem atd. jsou d\u00edky energetick\u00e9 kvalit\u011b vody eliminov\u00e1ny a voda z\u016fst\u00e1v\u00e1 po dlouh\u00e1 l\u00e9ta \u010dist\u00e1.<\/p>\n<p><strong>Oblasti pou\u017eit\u00ed<\/strong><\/p>\n<ul>\n<li>Podlahov\u00e9 vyt\u00e1p\u011bn\u00ed<\/li>\n<li>N\u00e1st\u011bnn\u00e9 topn\u00e9 syst\u00e9my<\/li>\n<li>Topn\u00e9 okruhy<\/li>\n<\/ul>\n<p>[\/et_pb_text][\/et_pb_column][\/et_pb_row][et_pb_row custom_padding_last_edited=&#8220;on|phone&#8220; _builder_version=&#8220;4.25.0&#8243; background_size=&#8220;initial&#8220; background_position=&#8220;top_left&#8220; background_repeat=&#8220;repeat&#8220; width=&#8220;100%&#8220; custom_margin_tablet=&#8220;&#8220; custom_margin_phone=&#8220;||||false|false&#8220; custom_margin_last_edited=&#8220;on|phone&#8220; custom_padding_tablet=&#8220;&#8220; custom_padding_phone=&#8220;0px||||false|false&#8220; global_colors_info=&#8220;{}&#8220;][et_pb_column type=&#8220;4_4&#8243; _builder_version=&#8220;4.16&#8243; custom_padding=&#8220;|||&#8220; global_colors_info=&#8220;{}&#8220; custom_padding__hover=&#8220;|||&#8220;][et_pb_wc_upsells _builder_version=&#8220;4.16&#8243; global_colors_info=&#8220;{}&#8220;][\/et_pb_wc_upsells][et_pb_wc_related_products include_categories=&#8220;49,73&#8243; _builder_version=&#8220;4.25.0&#8243; product_title_line_height=&#8220;1.5em&#8220; price_font_size=&#8220;26px&#8220; price_line_height=&#8220;1em&#8220; global_colors_info=&#8220;{}&#8220;][\/et_pb_wc_related_products][\/et_pb_column][\/et_pb_row][et_pb_row _builder_version=&#8220;4.27.0&#8243; _module_preset=&#8220;default&#8220; hover_enabled=&#8220;0&#8243; global_colors_info=&#8220;{}&#8220; width=&#8220;100%&#8220; max_width=&#8220;100%&#8220; sticky_enabled=&#8220;0&#8243;][et_pb_column type=&#8220;4_4&#8243; _builder_version=&#8220;4.25.0&#8243; _module_preset=&#8220;default&#8220; global_colors_info=&#8220;{}&#8220;][et_pb_image src=&#8220;https:\/\/trimedea.com\/wp-content\/uploads\/2024\/05\/UMH-Wasseraufbereitung_logo.jpg&#8220; title_text=&#8220;UMH-Wasseraufbereitung_logo&#8220; align=&#8220;center&#8220; _builder_version=&#8220;4.25.0&#8243; _module_preset=&#8220;default&#8220; width=&#8220;20%&#8220; max_width=&#8220;20%&#8220; custom_padding=&#8220;0px||||false|false&#8220; global_colors_info=&#8220;{}&#8220;][\/et_pb_image][et_pb_text _builder_version=&#8220;4.25.0&#8243; _module_preset=&#8220;default&#8220; global_colors_info=&#8220;{}&#8220;]<\/p>\n<h2>Kvalita vody v prameni<\/h2>\n<p><strong> Spole\u010dnost<\/strong><strong> UMH Heat<\/strong> nab\u00edz\u00ed efektivn\u00ed \u0159e\u0161en\u00ed pro nap\u00e1jen\u00ed topn\u00e9 vody, zejm\u00e9na pro syst\u00e9my podlahov\u00e9ho vyt\u00e1p\u011bn\u00ed a topn\u00e9 okruhy. T\u00edm se zabr\u00e1n\u00ed zan\u00e1\u0161en\u00ed cirkula\u010dn\u00ed vody nebo se toto zan\u00e1\u0161en\u00ed zvr\u00e1t\u00ed. Mosazn\u00fd spot\u0159ebi\u010d je opat\u0159en speci\u00e1ln\u00edm keramick\u00fdm slo\u017een\u00edm.<\/p>\n<p>Hyperbolick\u00fd cyklus proud\u011bn\u00ed a ru\u010dn\u011b vyr\u00e1b\u011bn\u00e9 sklen\u011bn\u00e9 lahvi\u010dky uvnit\u0159 zaji\u0161\u0165uj\u00ed vysoce stabiln\u00ed energetick\u00e9 pole. Negativn\u00ed \u00fa\u010dinky podlahov\u00e9ho vyt\u00e1p\u011bn\u00ed, jako jsou t\u011b\u017ek\u00e9 nohy, \u00fanava, probl\u00e9my s krevn\u00edm ob\u011bhem atd., jsou d\u00edky energetick\u00e9 kvalit\u011b vody eliminov\u00e1ny a voda z\u016fst\u00e1v\u00e1 \u010dist\u00e1 po mnoho let. Nav\u00edc d\u00edky lep\u0161\u00ed tepeln\u00e9 vodivosti topn\u00e9 vody do\u0161lo k v\u00fdrazn\u00fdm \u00faspor\u00e1m energie na vyt\u00e1p\u011bn\u00ed.<\/p>\n<p>[\/et_pb_text][et_pb_video src=&#8220;\/wp-content\/VIDEO\/UMH-HEAT-TRIMEDEA-DE.mp4&#8243; image_src=&#8220;https:\/\/trimedea.com\/wp-content\/uploads\/2024\/05\/HEAT_VIDEO_BG_EN.jpg&#8220; _builder_version=&#8220;4.27.0&#8243; _module_preset=&#8220;default&#8220; hover_enabled=&#8220;0&#8243; global_colors_info=&#8220;{}&#8220; src_webm=&#8220;\/wp-content\/VIDEO\/UMH-HEAT-TRIMEDEA-DE.mp4&#8243; sticky_enabled=&#8220;0&#8243;][\/et_pb_video][\/et_pb_column][\/et_pb_row][\/et_pb_section]<\/p>\n","protected":false},"excerpt":{"rendered":"<p><strong><br \/>\nEnergizovan\u00e1 a aktivovan\u00e1 voda ve v\u0161ech topn\u00fdch okruz\u00edch<\/strong>Spole\u010dnost UMH Heat nyn\u00ed nab\u00edz\u00ed efektivn\u00ed \u0159e\u0161en\u00ed pro energizaci topn\u00e9 vody, zejm\u00e9na pro syst\u00e9my podlahov\u00e9ho vyt\u00e1p\u011bn\u00ed a topn\u00e9 okruhy.<strong><\/strong> Syst\u00e9m UHM Heat zabra\u0148uje zan\u00e1\u0161en\u00ed cirkula\u010dn\u00ed vody nebo jej zvr\u00e1t\u00ed.<\/p>\n","protected":false},"featured_media":55693,"template":"","meta":{"_et_pb_use_builder":"on","_et_pb_old_content":"","_et_gb_content_width":"","footnotes":""},"product_brand":[],"product_cat":[183],"product_tag":[],"class_list":{"0":"post-55675","1":"product","2":"type-product","3":"status-publish","4":"has-post-thumbnail","6":"product_cat-aktivace-vody-umh","8":"first","9":"instock","10":"taxable","11":"shipping-taxable","12":"purchasable","13":"product-type-variable"},"yoast_head":"<!-- This site is optimized with the Yoast SEO plugin v27.3 - https:\/\/yoast.com\/product\/yoast-seo-wordpress\/ -->\n<title>UMH Heat - TRIMEDEA<\/title>\n<meta name=\"description\" content=\"UMH Heat pro aktivovanou a nap\u00e1jenou vodu v topn\u00e9m okruhu Podlahov\u00e9 vyt\u00e1p\u011bn\u00ed, st\u011bnov\u00e9 vyt\u00e1p\u011bn\u00ed, podlahov\u00e9 li\u0161ty - velikost p\u0159ipojen\u00ed 1 a\u017e 2 palce\" \/>\n<meta name=\"robots\" content=\"index, follow, max-snippet:-1, max-image-preview:large, max-video-preview:-1\" \/>\n<link rel=\"canonical\" href=\"https:\/\/trimedea.com\/cs\/produkt\/umh-heat\/\" \/>\n<meta property=\"og:locale\" content=\"cs_CZ\" \/>\n<meta property=\"og:type\" content=\"article\" \/>\n<meta property=\"og:title\" content=\"UMH Heat - TRIMEDEA\" \/>\n<meta property=\"og:description\" content=\"UMH Heat pro aktivovanou a nap\u00e1jenou vodu v topn\u00e9m okruhu Podlahov\u00e9 vyt\u00e1p\u011bn\u00ed, st\u011bnov\u00e9 vyt\u00e1p\u011bn\u00ed, podlahov\u00e9 li\u0161ty - velikost p\u0159ipojen\u00ed 1 a\u017e 2 palce\" \/>\n<meta property=\"og:url\" content=\"https:\/\/trimedea.com\/cs\/produkt\/umh-heat\/\" \/>\n<meta property=\"og:site_name\" content=\"TRIMEDEA\" \/>\n<meta property=\"article:modified_time\" content=\"2024-10-09T07:56:20+00:00\" \/>\n<meta property=\"og:image\" content=\"https:\/\/trimedea.com\/wp-content\/uploads\/2024\/05\/UMH_HEAT.jpg\" \/>\n\t<meta property=\"og:image:width\" content=\"1000\" \/>\n\t<meta property=\"og:image:height\" content=\"1000\" \/>\n\t<meta property=\"og:image:type\" content=\"image\/jpeg\" \/>\n<meta name=\"twitter:card\" content=\"summary_large_image\" \/>\n<script type=\"application\/ld+json\" class=\"yoast-schema-graph\">{\"@context\":\"https:\\\/\\\/schema.org\",\"@graph\":[{\"@type\":\"WebPage\",\"@id\":\"https:\\\/\\\/trimedea.com\\\/cs\\\/produkt\\\/umh-heat\\\/\",\"url\":\"https:\\\/\\\/trimedea.com\\\/cs\\\/produkt\\\/umh-heat\\\/\",\"name\":\"UMH Heat - TRIMEDEA\",\"isPartOf\":{\"@id\":\"https:\\\/\\\/trimedea.com\\\/cs\\\/#website\"},\"primaryImageOfPage\":{\"@id\":\"https:\\\/\\\/trimedea.com\\\/cs\\\/produkt\\\/umh-heat\\\/#primaryimage\"},\"image\":{\"@id\":\"https:\\\/\\\/trimedea.com\\\/cs\\\/produkt\\\/umh-heat\\\/#primaryimage\"},\"thumbnailUrl\":\"https:\\\/\\\/trimedea.com\\\/wp-content\\\/uploads\\\/2024\\\/05\\\/UMH_HEAT.jpg\",\"datePublished\":\"2024-05-23T07:51:48+00:00\",\"dateModified\":\"2024-10-09T07:56:20+00:00\",\"description\":\"UMH Heat pro aktivovanou a nap\u00e1jenou vodu v topn\u00e9m okruhu Podlahov\u00e9 vyt\u00e1p\u011bn\u00ed, st\u011bnov\u00e9 vyt\u00e1p\u011bn\u00ed, podlahov\u00e9 li\u0161ty - velikost p\u0159ipojen\u00ed 1 a\u017e 2 palce\",\"breadcrumb\":{\"@id\":\"https:\\\/\\\/trimedea.com\\\/cs\\\/produkt\\\/umh-heat\\\/#breadcrumb\"},\"inLanguage\":\"cs\",\"potentialAction\":[{\"@type\":\"ReadAction\",\"target\":[\"https:\\\/\\\/trimedea.com\\\/cs\\\/produkt\\\/umh-heat\\\/\"]}]},{\"@type\":\"ImageObject\",\"inLanguage\":\"cs\",\"@id\":\"https:\\\/\\\/trimedea.com\\\/cs\\\/produkt\\\/umh-heat\\\/#primaryimage\",\"url\":\"https:\\\/\\\/trimedea.com\\\/wp-content\\\/uploads\\\/2024\\\/05\\\/UMH_HEAT.jpg\",\"contentUrl\":\"https:\\\/\\\/trimedea.com\\\/wp-content\\\/uploads\\\/2024\\\/05\\\/UMH_HEAT.jpg\",\"width\":1000,\"height\":1000},{\"@type\":\"BreadcrumbList\",\"@id\":\"https:\\\/\\\/trimedea.com\\\/cs\\\/produkt\\\/umh-heat\\\/#breadcrumb\",\"itemListElement\":[{\"@type\":\"ListItem\",\"position\":1,\"name\":\"Startseite\",\"item\":\"https:\\\/\\\/trimedea.com\\\/cs\\\/\"},{\"@type\":\"ListItem\",\"position\":2,\"name\":\"TRIMEDEA SHOP\",\"item\":\"https:\\\/\\\/trimedea.com\\\/cs\\\/trimedea-shop\\\/\"},{\"@type\":\"ListItem\",\"position\":3,\"name\":\"UMH Heat\"}]},{\"@type\":\"WebSite\",\"@id\":\"https:\\\/\\\/trimedea.com\\\/cs\\\/#website\",\"url\":\"https:\\\/\\\/trimedea.com\\\/cs\\\/\",\"name\":\"TRIMEDEA\",\"description\":\"F\u00fcr einen gesunden K\u00f6rper und Geist\",\"publisher\":{\"@id\":\"https:\\\/\\\/trimedea.com\\\/cs\\\/#organization\"},\"potentialAction\":[{\"@type\":\"SearchAction\",\"target\":{\"@type\":\"EntryPoint\",\"urlTemplate\":\"https:\\\/\\\/trimedea.com\\\/cs\\\/?s={search_term_string}\"},\"query-input\":{\"@type\":\"PropertyValueSpecification\",\"valueRequired\":true,\"valueName\":\"search_term_string\"}}],\"inLanguage\":\"cs\"},{\"@type\":\"Organization\",\"@id\":\"https:\\\/\\\/trimedea.com\\\/cs\\\/#organization\",\"name\":\"TRIMEDEA\",\"url\":\"https:\\\/\\\/trimedea.com\\\/cs\\\/\",\"logo\":{\"@type\":\"ImageObject\",\"inLanguage\":\"cs\",\"@id\":\"https:\\\/\\\/trimedea.com\\\/cs\\\/#\\\/schema\\\/logo\\\/image\\\/\",\"url\":\"https:\\\/\\\/trimedea.com\\\/wp-content\\\/uploads\\\/2024\\\/04\\\/TRIMEDEA_LOGO.png\",\"contentUrl\":\"https:\\\/\\\/trimedea.com\\\/wp-content\\\/uploads\\\/2024\\\/04\\\/TRIMEDEA_LOGO.png\",\"width\":540,\"height\":248,\"caption\":\"TRIMEDEA\"},\"image\":{\"@id\":\"https:\\\/\\\/trimedea.com\\\/cs\\\/#\\\/schema\\\/logo\\\/image\\\/\"}}]}<\/script>\n<!-- \/ Yoast SEO plugin. -->","yoast_head_json":{"title":"UMH Heat - TRIMEDEA","description":"UMH Heat pro aktivovanou a nap\u00e1jenou vodu v topn\u00e9m okruhu Podlahov\u00e9 vyt\u00e1p\u011bn\u00ed, st\u011bnov\u00e9 vyt\u00e1p\u011bn\u00ed, podlahov\u00e9 li\u0161ty - velikost p\u0159ipojen\u00ed 1 a\u017e 2 palce","robots":{"index":"index","follow":"follow","max-snippet":"max-snippet:-1","max-image-preview":"max-image-preview:large","max-video-preview":"max-video-preview:-1"},"canonical":"https:\/\/trimedea.com\/cs\/produkt\/umh-heat\/","og_locale":"cs_CZ","og_type":"article","og_title":"UMH Heat - TRIMEDEA","og_description":"UMH Heat pro aktivovanou a nap\u00e1jenou vodu v topn\u00e9m okruhu Podlahov\u00e9 vyt\u00e1p\u011bn\u00ed, st\u011bnov\u00e9 vyt\u00e1p\u011bn\u00ed, podlahov\u00e9 li\u0161ty - velikost p\u0159ipojen\u00ed 1 a\u017e 2 palce","og_url":"https:\/\/trimedea.com\/cs\/produkt\/umh-heat\/","og_site_name":"TRIMEDEA","article_modified_time":"2024-10-09T07:56:20+00:00","og_image":[{"width":1000,"height":1000,"url":"https:\/\/trimedea.com\/wp-content\/uploads\/2024\/05\/UMH_HEAT.jpg","type":"image\/jpeg"}],"twitter_card":"summary_large_image","schema":{"@context":"https:\/\/schema.org","@graph":[{"@type":"WebPage","@id":"https:\/\/trimedea.com\/cs\/produkt\/umh-heat\/","url":"https:\/\/trimedea.com\/cs\/produkt\/umh-heat\/","name":"UMH Heat - TRIMEDEA","isPartOf":{"@id":"https:\/\/trimedea.com\/cs\/#website"},"primaryImageOfPage":{"@id":"https:\/\/trimedea.com\/cs\/produkt\/umh-heat\/#primaryimage"},"image":{"@id":"https:\/\/trimedea.com\/cs\/produkt\/umh-heat\/#primaryimage"},"thumbnailUrl":"https:\/\/trimedea.com\/wp-content\/uploads\/2024\/05\/UMH_HEAT.jpg","datePublished":"2024-05-23T07:51:48+00:00","dateModified":"2024-10-09T07:56:20+00:00","description":"UMH Heat pro aktivovanou a nap\u00e1jenou vodu v topn\u00e9m okruhu Podlahov\u00e9 vyt\u00e1p\u011bn\u00ed, st\u011bnov\u00e9 vyt\u00e1p\u011bn\u00ed, podlahov\u00e9 li\u0161ty - velikost p\u0159ipojen\u00ed 1 a\u017e 2 palce","breadcrumb":{"@id":"https:\/\/trimedea.com\/cs\/produkt\/umh-heat\/#breadcrumb"},"inLanguage":"cs","potentialAction":[{"@type":"ReadAction","target":["https:\/\/trimedea.com\/cs\/produkt\/umh-heat\/"]}]},{"@type":"ImageObject","inLanguage":"cs","@id":"https:\/\/trimedea.com\/cs\/produkt\/umh-heat\/#primaryimage","url":"https:\/\/trimedea.com\/wp-content\/uploads\/2024\/05\/UMH_HEAT.jpg","contentUrl":"https:\/\/trimedea.com\/wp-content\/uploads\/2024\/05\/UMH_HEAT.jpg","width":1000,"height":1000},{"@type":"BreadcrumbList","@id":"https:\/\/trimedea.com\/cs\/produkt\/umh-heat\/#breadcrumb","itemListElement":[{"@type":"ListItem","position":1,"name":"Startseite","item":"https:\/\/trimedea.com\/cs\/"},{"@type":"ListItem","position":2,"name":"TRIMEDEA SHOP","item":"https:\/\/trimedea.com\/cs\/trimedea-shop\/"},{"@type":"ListItem","position":3,"name":"UMH Heat"}]},{"@type":"WebSite","@id":"https:\/\/trimedea.com\/cs\/#website","url":"https:\/\/trimedea.com\/cs\/","name":"TRIMEDEA","description":"F\u00fcr einen gesunden K\u00f6rper und Geist","publisher":{"@id":"https:\/\/trimedea.com\/cs\/#organization"},"potentialAction":[{"@type":"SearchAction","target":{"@type":"EntryPoint","urlTemplate":"https:\/\/trimedea.com\/cs\/?s={search_term_string}"},"query-input":{"@type":"PropertyValueSpecification","valueRequired":true,"valueName":"search_term_string"}}],"inLanguage":"cs"},{"@type":"Organization","@id":"https:\/\/trimedea.com\/cs\/#organization","name":"TRIMEDEA","url":"https:\/\/trimedea.com\/cs\/","logo":{"@type":"ImageObject","inLanguage":"cs","@id":"https:\/\/trimedea.com\/cs\/#\/schema\/logo\/image\/","url":"https:\/\/trimedea.com\/wp-content\/uploads\/2024\/04\/TRIMEDEA_LOGO.png","contentUrl":"https:\/\/trimedea.com\/wp-content\/uploads\/2024\/04\/TRIMEDEA_LOGO.png","width":540,"height":248,"caption":"TRIMEDEA"},"image":{"@id":"https:\/\/trimedea.com\/cs\/#\/schema\/logo\/image\/"}}]}},"_links":{"self":[{"href":"https:\/\/trimedea.com\/cs\/wp-json\/wp\/v2\/product\/55675","targetHints":{"allow":["GET"]}}],"collection":[{"href":"https:\/\/trimedea.com\/cs\/wp-json\/wp\/v2\/product"}],"about":[{"href":"https:\/\/trimedea.com\/cs\/wp-json\/wp\/v2\/types\/product"}],"version-history":[{"count":0,"href":"https:\/\/trimedea.com\/cs\/wp-json\/wp\/v2\/product\/55675\/revisions"}],"wp:featuredmedia":[{"embeddable":true,"href":"https:\/\/trimedea.com\/cs\/wp-json\/wp\/v2\/media\/55693"}],"wp:attachment":[{"href":"https:\/\/trimedea.com\/cs\/wp-json\/wp\/v2\/media?parent=55675"}],"wp:term":[{"taxonomy":"product_brand","embeddable":true,"href":"https:\/\/trimedea.com\/cs\/wp-json\/wp\/v2\/product_brand?post=55675"},{"taxonomy":"product_cat","embeddable":true,"href":"https:\/\/trimedea.com\/cs\/wp-json\/wp\/v2\/product_cat?post=55675"},{"taxonomy":"product_tag","embeddable":true,"href":"https:\/\/trimedea.com\/cs\/wp-json\/wp\/v2\/product_tag?post=55675"}],"curies":[{"name":"wp","href":"https:\/\/api.w.org\/{rel}","templated":true}]}}