{"id":55722,"date":"2024-05-23T09:24:42","date_gmt":"2024-05-23T08:24:42","guid":{"rendered":"https:\/\/test.trimedea.com\/produkt\/umh-master\/"},"modified":"2024-10-09T07:56:35","modified_gmt":"2024-10-09T07:56:35","slug":"umh-master","status":"publish","type":"product","link":"https:\/\/trimedea.com\/cs\/produkt\/umh-master\/","title":{"rendered":"UMH Master"},"content":{"rendered":"<p>[et_pb_section fb_built=&#8220;1&#8243; _builder_version=&#8220;4.16&#8243; custom_padding=&#8220;0px||3px||false|false&#8220; global_colors_info=&#8220;{}&#8220;][et_pb_row _builder_version=&#8220;4.16&#8243; background_size=&#8220;initial&#8220; background_position=&#8220;top_left&#8220; background_repeat=&#8220;repeat&#8220; width=&#8220;100%&#8220; custom_padding=&#8220;0px||0px||false|false&#8220; global_colors_info=&#8220;{}&#8220;][et_pb_column type=&#8220;4_4&#8243; _builder_version=&#8220;4.16&#8243; custom_padding=&#8220;|||&#8220; global_colors_info=&#8220;{}&#8220; custom_padding__hover=&#8220;|||&#8220;][et_pb_wc_breadcrumb breadcrumb_home_text=&#8220;TRIMEDEA SHOP&#8220; breadcrumb_home_url=&#8220;https:\/\/trimedea.com\/trimedea-shop&#8220; breadcrumb_separator=&#8220;|&#8220; admin_label=&#8220;WOO BREADCRUMBS DE&#8220; _builder_version=&#8220;4.25.0&#8243; custom_padding=&#8220;0px||30px||false|false&#8220; saved_tabs=&#8220;all&#8220; global_colors_info=&#8220;{}&#8220;][\/et_pb_wc_breadcrumb][et_pb_wc_cart_notice _builder_version=&#8220;4.16&#8243; custom_button=&#8220;on&#8220; button_border_width=&#8220;1px&#8220; button_border_color=&#8220;#FFFFFF&#8220; global_colors_info=&#8220;{}&#8220;][\/et_pb_wc_cart_notice][\/et_pb_column][\/et_pb_row][et_pb_row column_structure=&#8220;1_2,1_2&#8243; _builder_version=&#8220;4.25.0&#8243; background_size=&#8220;initial&#8220; background_position=&#8220;top_left&#8220; background_repeat=&#8220;repeat&#8220; width=&#8220;100%&#8220; custom_margin=&#8220;0px||||false|false&#8220; custom_padding=&#8220;||||false|false&#8220; global_colors_info=&#8220;{}&#8220;][et_pb_column type=&#8220;1_2&#8243; _builder_version=&#8220;4.25.0&#8243; custom_padding=&#8220;|||&#8220; custom_padding_tablet=&#8220;|||&#8220; custom_padding_phone=&#8220;|0px||0px|false|false&#8220; custom_padding_last_edited=&#8220;on|phone&#8220; global_colors_info=&#8220;{}&#8220; custom_padding__hover=&#8220;|||&#8220;][et_pb_wc_images _builder_version=&#8220;4.25.0&#8243; custom_margin_tablet=&#8220;&#8220; custom_margin_phone=&#8220;||||false|false&#8220; custom_margin_last_edited=&#8220;on|phone&#8220; custom_padding_tablet=&#8220;&#8220; custom_padding_phone=&#8220;30px||||false|false&#8220; custom_padding_last_edited=&#8220;on|phone&#8220; global_colors_info=&#8220;{}&#8220;][\/et_pb_wc_images][\/et_pb_column][et_pb_column type=&#8220;1_2&#8243; _builder_version=&#8220;4.16&#8243; custom_padding=&#8220;|||&#8220; global_colors_info=&#8220;{}&#8220; custom_padding__hover=&#8220;|||&#8220;][et_pb_wc_title _builder_version=&#8220;4.25.0&#8243; global_colors_info=&#8220;{}&#8220;][\/et_pb_wc_title][et_pb_wc_description _builder_version=&#8220;4.16&#8243; global_colors_info=&#8220;{}&#8220;][\/et_pb_wc_description][et_pb_wc_price _builder_version=&#8220;4.24.3&#8243; body_font=&#8220;|600|||||||&#8220; global_colors_info=&#8220;{}&#8220;][\/et_pb_wc_price][et_pb_wc_add_to_cart _builder_version=&#8220;4.16&#8243; global_colors_info=&#8220;{}&#8220;][\/et_pb_wc_add_to_cart][et_pb_wc_meta _builder_version=&#8220;4.16&#8243; global_colors_info=&#8220;{}&#8220;][\/et_pb_wc_meta][\/et_pb_column][\/et_pb_row][et_pb_row _builder_version=&#8220;4.25.0&#8243; _module_preset=&#8220;default&#8220; width=&#8220;100%&#8220; global_colors_info=&#8220;{}&#8220; custom_css_main_element_phone=&#8220;display: flex;||flex-wrap: wrap;&#8220; custom_css_main_element_last_edited=&#8220;on|phone&#8220;][et_pb_column type=&#8220;4_4&#8243; _builder_version=&#8220;4.25.0&#8243; _module_preset=&#8220;default&#8220; global_colors_info=&#8220;{}&#8220; custom_css_main_element_last_edited=&#8220;on|phone&#8220; custom_css_main_element_phone=&#8220;order:2;&#8220;][et_pb_text admin_label=&#8220;PRODUKTDETAILS&#8220; _builder_version=&#8220;4.25.0&#8243; _module_preset=&#8220;default&#8220; global_colors_info=&#8220;{}&#8220;]<\/p>\n<p><strong>UMH Master Gold<\/strong><\/p>\n<p>V<strong>estavn\u00e9 spot\u0159ebi\u010de pro byt a d\u016fm <\/strong> v\u010detn\u011b. Sada, pozlacen\u00e1<\/p>\n<p>D\u016fle\u017eit\u00e9 upozorn\u011bn\u00ed: D\u00edky aktivaci pomoc\u00ed technologie UMH se v t\u00e9to pitn\u00e9 vod\u011b rozpust\u00ed v\u00fdrazn\u011b m\u00e9n\u011b oxidu uhli\u010dit\u00e9ho (CO2) &#8211; je tedy v\u00fdrazn\u011b m\u00e9n\u011b perliv\u00e1. Ani pokus o p\u0159id\u00e1n\u00ed v\u011bt\u0161\u00edho mno\u017estv\u00ed oxidu uhli\u010dit\u00e9ho (nap\u0159. pomoc\u00ed Sodastreamu) nevede k obvykl\u00e9mu v\u00fdsledku.<\/p>\n<p>Pro\u010d tomu tak je? UHM m\u011bn\u00ed nejen strukturu vody a molekuly vody do v\u00edce hexagon\u00e1ln\u00ed a krystalick\u00e9 struktury, ale tak\u00e9 z\u00e1kladn\u00ed vlastnosti a kvalitu vody. Vzhledem k omezen\u00e9 absorpci plynu se z povahy vody op\u011bt ukazuje, co je z biologick\u00e9ho hlediska rozumn\u00e9 a co ne, pokud jde o pit\u00ed perliv\u00e9 vody.<\/p>\n<p><strong>V\u00fdhody<\/strong><\/p>\n<ul>\n<li>Zru\u0161en\u00ed frekvenc\u00ed zne\u010di\u0161\u0165uj\u00edc\u00edch l\u00e1tek<\/li>\n<li>Struktura krystalick\u00e9 pramenit\u00e9 vody<\/li>\n<li>Rozpou\u0161t\u00ed v\u00e1penec a br\u00e1n\u00ed tvorb\u011b nov\u00e9ho.<\/li>\n<li>Sni\u017euje pot\u0159ebu prac\u00edho prost\u0159edku<\/li>\n<li>Chr\u00e1n\u00ed potrub\u00ed a spot\u0159ebi\u010de<\/li>\n<li>P\u0159enos regenera\u010dn\u00edch energi\u00ed p\u0159i pit\u00ed, myt\u00ed a sprchov\u00e1n\u00ed.<\/li>\n<li>V\u00fdrazn\u011b jemn\u00e1 a sv\u011b\u017e\u00ed chu\u0165<\/li>\n<li>Bez elekt\u0159iny, bez chemik\u00e1li\u00ed, bez magnet\u016f<\/li>\n<li>Bez\u00fadr\u017ebov\u00fd<\/li>\n<\/ul>\n<p><strong>Oblasti pou\u017eit\u00ed<\/strong><\/p>\n<ul>\n<li>Byty<\/li>\n<li>Samostatn\u011b stoj\u00edc\u00ed domy<\/li>\n<\/ul>\n<p>V\u00fdsledky v\u00fdzkumu \u00fa\u010dink\u016f a dopad\u016f aktivace vody UMH naleznete zde &#8211; <a href=\"https:\/\/umh.at\/umh-forschungsergebnisse\/\"><span class=\"s1\">odkaz<\/span><\/a><br \/>Na <a href=\"https:\/\/trimedea.com\/wp-content\/uploads\/2024\/04\/Hexagonales-Wasser_Gutachten_Dr.-Ludwig.pdf\" target=\"_blank\" rel=\"noopener\">odborn\u00fd posudek o hexagon\u00e1ln\u00ed struktu\u0159e vody UHM<\/a> od Dr. Wolfganga Ludwiga.<\/p>\n<p>[\/et_pb_text][\/et_pb_column][\/et_pb_row][et_pb_row custom_padding_last_edited=&#8220;on|phone&#8220; _builder_version=&#8220;4.25.0&#8243; background_size=&#8220;initial&#8220; background_position=&#8220;top_left&#8220; background_repeat=&#8220;repeat&#8220; width=&#8220;100%&#8220; custom_margin_tablet=&#8220;&#8220; custom_margin_phone=&#8220;||||false|false&#8220; custom_margin_last_edited=&#8220;on|phone&#8220; custom_padding_tablet=&#8220;&#8220; custom_padding_phone=&#8220;0px||||false|false&#8220; global_colors_info=&#8220;{}&#8220;][et_pb_column type=&#8220;4_4&#8243; _builder_version=&#8220;4.16&#8243; custom_padding=&#8220;|||&#8220; global_colors_info=&#8220;{}&#8220; custom_padding__hover=&#8220;|||&#8220;][et_pb_wc_upsells _builder_version=&#8220;4.16&#8243; global_colors_info=&#8220;{}&#8220;][\/et_pb_wc_upsells][et_pb_wc_related_products posts_number=&#8220;4&#8243; columns_number=&#8220;4&#8243; include_categories=&#8220;92&#8243; _builder_version=&#8220;4.25.1&#8243; global_colors_info=&#8220;{}&#8220;][\/et_pb_wc_related_products][\/et_pb_column][\/et_pb_row][et_pb_row _builder_version=&#8220;4.25.0&#8243; _module_preset=&#8220;default&#8220; width=&#8220;100%&#8220; max_width=&#8220;100%&#8220; custom_margin=&#8220;0px||||false|false&#8220; global_colors_info=&#8220;{}&#8220;][et_pb_column type=&#8220;4_4&#8243; _builder_version=&#8220;4.25.0&#8243; _module_preset=&#8220;default&#8220; global_colors_info=&#8220;{}&#8220;][et_pb_image src=&#8220;https:\/\/trimedea.com\/wp-content\/uploads\/2024\/05\/UMH-Wasseraufbereitung_logo.jpg&#8220; title_text=&#8220;UMH-Wasseraufbereitung_logo&#8220; align=&#8220;center&#8220; _builder_version=&#8220;4.25.0&#8243; _module_preset=&#8220;default&#8220; width=&#8220;20%&#8220; max_width=&#8220;20%&#8220; custom_padding=&#8220;0px||||false|false&#8220; global_colors_info=&#8220;{}&#8220;][\/et_pb_image][et_pb_video src=&#8220;\/wp-content\/VIDEO\/UMH-MASTER-DE.mp4&#8243; image_src=&#8220;https:\/\/trimedea.com\/wp-content\/uploads\/2024\/05\/VIDEO_OVERLAY_master.jpg&#8220; _builder_version=&#8220;4.27.0&#8243; _module_preset=&#8220;default&#8220; hover_enabled=&#8220;0&#8243; global_colors_info=&#8220;{}&#8220; src_webm=&#8220;\/wp-content\/VIDEO\/UMH-MASTER-DE.mp4&#8243; sticky_enabled=&#8220;0&#8243;][\/et_pb_video][\/et_pb_column][\/et_pb_row][\/et_pb_section]<\/p>\n","protected":false},"excerpt":{"rendered":"<p><strong>Energizovan\u00e1 voda pro celou dom\u00e1cnost <\/strong>Z\u00e1sobujte sv\u016fj byt nebo celou dom\u00e1cnost kvalitn\u00ed energizovanou vodou. <strong>UMH Master<\/strong> byl speci\u00e1ln\u011b vyvinut pro p\u0159ipojen\u00ed k hlavn\u00edmu vodovodn\u00edmu potrub\u00ed. P\u0159\u00edstroj je vyroben z mosazi a je opat\u0159en speci\u00e1ln\u00ed kompozic\u00ed drah\u00fdch kamen\u016f. Hyperbolick\u00fd cyklus proud\u011bn\u00ed a ru\u010dn\u011b vyr\u00e1b\u011bn\u00e9 lahvi\u010dky uvnit\u0159 za\u0159\u00edzen\u00ed nav\u00edc zaji\u0161\u0165uj\u00ed vysoce stabiln\u00ed energetick\u00e9 pole. S t\u00edmto vestav\u011bn\u00fdm spot\u0159ebi\u010dem si m\u016f\u017eete u\u017e\u00edvat v\u00fdhod p\u0159\u00edrodn\u00ed vody v pramenit\u00e9 kvalit\u011b z jak\u00e9hokoli kohoutku.<\/p>\n","protected":false},"featured_media":55694,"template":"","meta":{"_et_pb_use_builder":"on","_et_pb_old_content":"","_et_gb_content_width":"","footnotes":""},"product_brand":[],"product_cat":[183],"product_tag":[],"class_list":{"0":"post-55722","1":"product","2":"type-product","3":"status-publish","4":"has-post-thumbnail","6":"product_cat-aktivace-vody-umh","8":"first","9":"instock","10":"taxable","11":"shipping-taxable","12":"purchasable","13":"product-type-variable"},"yoast_head":"<!-- This site is optimized with the Yoast SEO plugin v27.3 - https:\/\/yoast.com\/product\/yoast-seo-wordpress\/ -->\n<title>UMH Master - TRIMEDEA<\/title>\n<meta name=\"description\" content=\"UMH Master pro aktivaci a nap\u00e1jen\u00ed vody v cel\u00e9m dom\u011b. R\u016fzn\u00e9 velikosti p\u0159ipojen\u00ed \u00be, 1, 1 \u00bc, 1 \u00bd a 2 palce\" \/>\n<meta name=\"robots\" content=\"index, follow, max-snippet:-1, max-image-preview:large, max-video-preview:-1\" \/>\n<link rel=\"canonical\" href=\"https:\/\/trimedea.com\/cs\/produkt\/umh-master\/\" \/>\n<meta property=\"og:locale\" content=\"cs_CZ\" \/>\n<meta property=\"og:type\" content=\"article\" \/>\n<meta property=\"og:title\" content=\"UMH Master - TRIMEDEA\" \/>\n<meta property=\"og:description\" content=\"UMH Master pro aktivaci a nap\u00e1jen\u00ed vody v cel\u00e9m dom\u011b. R\u016fzn\u00e9 velikosti p\u0159ipojen\u00ed \u00be, 1, 1 \u00bc, 1 \u00bd a 2 palce\" \/>\n<meta property=\"og:url\" content=\"https:\/\/trimedea.com\/cs\/produkt\/umh-master\/\" \/>\n<meta property=\"og:site_name\" content=\"TRIMEDEA\" \/>\n<meta property=\"article:modified_time\" content=\"2024-10-09T07:56:35+00:00\" \/>\n<meta property=\"og:image\" content=\"https:\/\/trimedea.com\/wp-content\/uploads\/2024\/05\/UMH_MASTER.jpg\" \/>\n\t<meta property=\"og:image:width\" content=\"1000\" \/>\n\t<meta property=\"og:image:height\" content=\"1000\" \/>\n\t<meta property=\"og:image:type\" content=\"image\/jpeg\" \/>\n<meta name=\"twitter:card\" content=\"summary_large_image\" \/>\n<script type=\"application\/ld+json\" class=\"yoast-schema-graph\">{\"@context\":\"https:\\\/\\\/schema.org\",\"@graph\":[{\"@type\":\"WebPage\",\"@id\":\"https:\\\/\\\/trimedea.com\\\/cs\\\/produkt\\\/umh-master\\\/\",\"url\":\"https:\\\/\\\/trimedea.com\\\/cs\\\/produkt\\\/umh-master\\\/\",\"name\":\"UMH Master - TRIMEDEA\",\"isPartOf\":{\"@id\":\"https:\\\/\\\/trimedea.com\\\/cs\\\/#website\"},\"primaryImageOfPage\":{\"@id\":\"https:\\\/\\\/trimedea.com\\\/cs\\\/produkt\\\/umh-master\\\/#primaryimage\"},\"image\":{\"@id\":\"https:\\\/\\\/trimedea.com\\\/cs\\\/produkt\\\/umh-master\\\/#primaryimage\"},\"thumbnailUrl\":\"https:\\\/\\\/trimedea.com\\\/wp-content\\\/uploads\\\/2024\\\/05\\\/UMH_MASTER.jpg\",\"datePublished\":\"2024-05-23T08:24:42+00:00\",\"dateModified\":\"2024-10-09T07:56:35+00:00\",\"description\":\"UMH Master pro aktivaci a nap\u00e1jen\u00ed vody v cel\u00e9m dom\u011b. R\u016fzn\u00e9 velikosti p\u0159ipojen\u00ed \u00be, 1, 1 \u00bc, 1 \u00bd a 2 palce\",\"breadcrumb\":{\"@id\":\"https:\\\/\\\/trimedea.com\\\/cs\\\/produkt\\\/umh-master\\\/#breadcrumb\"},\"inLanguage\":\"cs\",\"potentialAction\":[{\"@type\":\"ReadAction\",\"target\":[\"https:\\\/\\\/trimedea.com\\\/cs\\\/produkt\\\/umh-master\\\/\"]}]},{\"@type\":\"ImageObject\",\"inLanguage\":\"cs\",\"@id\":\"https:\\\/\\\/trimedea.com\\\/cs\\\/produkt\\\/umh-master\\\/#primaryimage\",\"url\":\"https:\\\/\\\/trimedea.com\\\/wp-content\\\/uploads\\\/2024\\\/05\\\/UMH_MASTER.jpg\",\"contentUrl\":\"https:\\\/\\\/trimedea.com\\\/wp-content\\\/uploads\\\/2024\\\/05\\\/UMH_MASTER.jpg\",\"width\":1000,\"height\":1000},{\"@type\":\"BreadcrumbList\",\"@id\":\"https:\\\/\\\/trimedea.com\\\/cs\\\/produkt\\\/umh-master\\\/#breadcrumb\",\"itemListElement\":[{\"@type\":\"ListItem\",\"position\":1,\"name\":\"Startseite\",\"item\":\"https:\\\/\\\/trimedea.com\\\/cs\\\/\"},{\"@type\":\"ListItem\",\"position\":2,\"name\":\"TRIMEDEA SHOP\",\"item\":\"https:\\\/\\\/trimedea.com\\\/cs\\\/trimedea-shop\\\/\"},{\"@type\":\"ListItem\",\"position\":3,\"name\":\"UMH Master\"}]},{\"@type\":\"WebSite\",\"@id\":\"https:\\\/\\\/trimedea.com\\\/cs\\\/#website\",\"url\":\"https:\\\/\\\/trimedea.com\\\/cs\\\/\",\"name\":\"TRIMEDEA\",\"description\":\"F\u00fcr einen gesunden K\u00f6rper und Geist\",\"publisher\":{\"@id\":\"https:\\\/\\\/trimedea.com\\\/cs\\\/#organization\"},\"potentialAction\":[{\"@type\":\"SearchAction\",\"target\":{\"@type\":\"EntryPoint\",\"urlTemplate\":\"https:\\\/\\\/trimedea.com\\\/cs\\\/?s={search_term_string}\"},\"query-input\":{\"@type\":\"PropertyValueSpecification\",\"valueRequired\":true,\"valueName\":\"search_term_string\"}}],\"inLanguage\":\"cs\"},{\"@type\":\"Organization\",\"@id\":\"https:\\\/\\\/trimedea.com\\\/cs\\\/#organization\",\"name\":\"TRIMEDEA\",\"url\":\"https:\\\/\\\/trimedea.com\\\/cs\\\/\",\"logo\":{\"@type\":\"ImageObject\",\"inLanguage\":\"cs\",\"@id\":\"https:\\\/\\\/trimedea.com\\\/cs\\\/#\\\/schema\\\/logo\\\/image\\\/\",\"url\":\"https:\\\/\\\/trimedea.com\\\/wp-content\\\/uploads\\\/2024\\\/04\\\/TRIMEDEA_LOGO.png\",\"contentUrl\":\"https:\\\/\\\/trimedea.com\\\/wp-content\\\/uploads\\\/2024\\\/04\\\/TRIMEDEA_LOGO.png\",\"width\":540,\"height\":248,\"caption\":\"TRIMEDEA\"},\"image\":{\"@id\":\"https:\\\/\\\/trimedea.com\\\/cs\\\/#\\\/schema\\\/logo\\\/image\\\/\"}}]}<\/script>\n<!-- \/ Yoast SEO plugin. -->","yoast_head_json":{"title":"UMH Master - TRIMEDEA","description":"UMH Master pro aktivaci a nap\u00e1jen\u00ed vody v cel\u00e9m dom\u011b. R\u016fzn\u00e9 velikosti p\u0159ipojen\u00ed \u00be, 1, 1 \u00bc, 1 \u00bd a 2 palce","robots":{"index":"index","follow":"follow","max-snippet":"max-snippet:-1","max-image-preview":"max-image-preview:large","max-video-preview":"max-video-preview:-1"},"canonical":"https:\/\/trimedea.com\/cs\/produkt\/umh-master\/","og_locale":"cs_CZ","og_type":"article","og_title":"UMH Master - TRIMEDEA","og_description":"UMH Master pro aktivaci a nap\u00e1jen\u00ed vody v cel\u00e9m dom\u011b. R\u016fzn\u00e9 velikosti p\u0159ipojen\u00ed \u00be, 1, 1 \u00bc, 1 \u00bd a 2 palce","og_url":"https:\/\/trimedea.com\/cs\/produkt\/umh-master\/","og_site_name":"TRIMEDEA","article_modified_time":"2024-10-09T07:56:35+00:00","og_image":[{"width":1000,"height":1000,"url":"https:\/\/trimedea.com\/wp-content\/uploads\/2024\/05\/UMH_MASTER.jpg","type":"image\/jpeg"}],"twitter_card":"summary_large_image","schema":{"@context":"https:\/\/schema.org","@graph":[{"@type":"WebPage","@id":"https:\/\/trimedea.com\/cs\/produkt\/umh-master\/","url":"https:\/\/trimedea.com\/cs\/produkt\/umh-master\/","name":"UMH Master - TRIMEDEA","isPartOf":{"@id":"https:\/\/trimedea.com\/cs\/#website"},"primaryImageOfPage":{"@id":"https:\/\/trimedea.com\/cs\/produkt\/umh-master\/#primaryimage"},"image":{"@id":"https:\/\/trimedea.com\/cs\/produkt\/umh-master\/#primaryimage"},"thumbnailUrl":"https:\/\/trimedea.com\/wp-content\/uploads\/2024\/05\/UMH_MASTER.jpg","datePublished":"2024-05-23T08:24:42+00:00","dateModified":"2024-10-09T07:56:35+00:00","description":"UMH Master pro aktivaci a nap\u00e1jen\u00ed vody v cel\u00e9m dom\u011b. R\u016fzn\u00e9 velikosti p\u0159ipojen\u00ed \u00be, 1, 1 \u00bc, 1 \u00bd a 2 palce","breadcrumb":{"@id":"https:\/\/trimedea.com\/cs\/produkt\/umh-master\/#breadcrumb"},"inLanguage":"cs","potentialAction":[{"@type":"ReadAction","target":["https:\/\/trimedea.com\/cs\/produkt\/umh-master\/"]}]},{"@type":"ImageObject","inLanguage":"cs","@id":"https:\/\/trimedea.com\/cs\/produkt\/umh-master\/#primaryimage","url":"https:\/\/trimedea.com\/wp-content\/uploads\/2024\/05\/UMH_MASTER.jpg","contentUrl":"https:\/\/trimedea.com\/wp-content\/uploads\/2024\/05\/UMH_MASTER.jpg","width":1000,"height":1000},{"@type":"BreadcrumbList","@id":"https:\/\/trimedea.com\/cs\/produkt\/umh-master\/#breadcrumb","itemListElement":[{"@type":"ListItem","position":1,"name":"Startseite","item":"https:\/\/trimedea.com\/cs\/"},{"@type":"ListItem","position":2,"name":"TRIMEDEA SHOP","item":"https:\/\/trimedea.com\/cs\/trimedea-shop\/"},{"@type":"ListItem","position":3,"name":"UMH Master"}]},{"@type":"WebSite","@id":"https:\/\/trimedea.com\/cs\/#website","url":"https:\/\/trimedea.com\/cs\/","name":"TRIMEDEA","description":"F\u00fcr einen gesunden K\u00f6rper und Geist","publisher":{"@id":"https:\/\/trimedea.com\/cs\/#organization"},"potentialAction":[{"@type":"SearchAction","target":{"@type":"EntryPoint","urlTemplate":"https:\/\/trimedea.com\/cs\/?s={search_term_string}"},"query-input":{"@type":"PropertyValueSpecification","valueRequired":true,"valueName":"search_term_string"}}],"inLanguage":"cs"},{"@type":"Organization","@id":"https:\/\/trimedea.com\/cs\/#organization","name":"TRIMEDEA","url":"https:\/\/trimedea.com\/cs\/","logo":{"@type":"ImageObject","inLanguage":"cs","@id":"https:\/\/trimedea.com\/cs\/#\/schema\/logo\/image\/","url":"https:\/\/trimedea.com\/wp-content\/uploads\/2024\/04\/TRIMEDEA_LOGO.png","contentUrl":"https:\/\/trimedea.com\/wp-content\/uploads\/2024\/04\/TRIMEDEA_LOGO.png","width":540,"height":248,"caption":"TRIMEDEA"},"image":{"@id":"https:\/\/trimedea.com\/cs\/#\/schema\/logo\/image\/"}}]}},"_links":{"self":[{"href":"https:\/\/trimedea.com\/cs\/wp-json\/wp\/v2\/product\/55722","targetHints":{"allow":["GET"]}}],"collection":[{"href":"https:\/\/trimedea.com\/cs\/wp-json\/wp\/v2\/product"}],"about":[{"href":"https:\/\/trimedea.com\/cs\/wp-json\/wp\/v2\/types\/product"}],"version-history":[{"count":0,"href":"https:\/\/trimedea.com\/cs\/wp-json\/wp\/v2\/product\/55722\/revisions"}],"wp:featuredmedia":[{"embeddable":true,"href":"https:\/\/trimedea.com\/cs\/wp-json\/wp\/v2\/media\/55694"}],"wp:attachment":[{"href":"https:\/\/trimedea.com\/cs\/wp-json\/wp\/v2\/media?parent=55722"}],"wp:term":[{"taxonomy":"product_brand","embeddable":true,"href":"https:\/\/trimedea.com\/cs\/wp-json\/wp\/v2\/product_brand?post=55722"},{"taxonomy":"product_cat","embeddable":true,"href":"https:\/\/trimedea.com\/cs\/wp-json\/wp\/v2\/product_cat?post=55722"},{"taxonomy":"product_tag","embeddable":true,"href":"https:\/\/trimedea.com\/cs\/wp-json\/wp\/v2\/product_tag?post=55722"}],"curies":[{"name":"wp","href":"https:\/\/api.w.org\/{rel}","templated":true}]}}