{"id":55725,"date":"2024-05-23T09:48:25","date_gmt":"2024-05-23T09:48:25","guid":{"rendered":"https:\/\/test.trimedea.com\/produkt\/umh-pure\/"},"modified":"2024-10-09T07:56:32","modified_gmt":"2024-10-09T07:56:32","slug":"umh-pure","status":"publish","type":"product","link":"https:\/\/trimedea.com\/cs\/produkt\/umh-pure\/","title":{"rendered":"UMH Pure"},"content":{"rendered":"<p>[et_pb_section fb_built=&#8220;1&#8243; _builder_version=&#8220;4.16&#8243; custom_padding=&#8220;0px||3px||false|false&#8220; global_colors_info=&#8220;{}&#8220;][et_pb_row _builder_version=&#8220;4.16&#8243; background_size=&#8220;initial&#8220; background_position=&#8220;top_left&#8220; background_repeat=&#8220;repeat&#8220; width=&#8220;100%&#8220; custom_padding=&#8220;0px||0px||false|false&#8220; global_colors_info=&#8220;{}&#8220;][et_pb_column type=&#8220;4_4&#8243; _builder_version=&#8220;4.16&#8243; custom_padding=&#8220;|||&#8220; global_colors_info=&#8220;{}&#8220; custom_padding__hover=&#8220;|||&#8220;][et_pb_wc_breadcrumb breadcrumb_home_text=&#8220;TRIMEDEA SHOP&#8220; breadcrumb_home_url=&#8220;https:\/\/trimedea.com\/trimedea-shop&#8220; breadcrumb_separator=&#8220;|&#8220; admin_label=&#8220;WOO BREADCRUMBS DE&#8220; _builder_version=&#8220;4.25.0&#8243; custom_padding=&#8220;0px||30px||false|false&#8220; saved_tabs=&#8220;all&#8220; global_colors_info=&#8220;{}&#8220;][\/et_pb_wc_breadcrumb][et_pb_wc_cart_notice _builder_version=&#8220;4.16&#8243; custom_button=&#8220;on&#8220; button_border_width=&#8220;1px&#8220; button_border_color=&#8220;#FFFFFF&#8220; global_colors_info=&#8220;{}&#8220;][\/et_pb_wc_cart_notice][\/et_pb_column][\/et_pb_row][et_pb_row column_structure=&#8220;1_2,1_2&#8243; _builder_version=&#8220;4.25.0&#8243; background_size=&#8220;initial&#8220; background_position=&#8220;top_left&#8220; background_repeat=&#8220;repeat&#8220; width=&#8220;100%&#8220; custom_margin=&#8220;0px||||false|false&#8220; custom_padding=&#8220;||||false|false&#8220; global_colors_info=&#8220;{}&#8220;][et_pb_column type=&#8220;1_2&#8243; _builder_version=&#8220;4.25.0&#8243; custom_padding=&#8220;|||&#8220; custom_padding_tablet=&#8220;|||&#8220; custom_padding_phone=&#8220;|0px||0px|false|false&#8220; custom_padding_last_edited=&#8220;on|phone&#8220; global_colors_info=&#8220;{}&#8220; custom_padding__hover=&#8220;|||&#8220;][et_pb_wc_images _builder_version=&#8220;4.25.0&#8243; custom_margin_tablet=&#8220;&#8220; custom_margin_phone=&#8220;||||false|false&#8220; custom_margin_last_edited=&#8220;on|phone&#8220; custom_padding_tablet=&#8220;&#8220; custom_padding_phone=&#8220;30px||||false|false&#8220; custom_padding_last_edited=&#8220;on|phone&#8220; global_colors_info=&#8220;{}&#8220;][\/et_pb_wc_images][\/et_pb_column][et_pb_column type=&#8220;1_2&#8243; _builder_version=&#8220;4.16&#8243; custom_padding=&#8220;|||&#8220; global_colors_info=&#8220;{}&#8220; custom_padding__hover=&#8220;|||&#8220;][et_pb_wc_title _builder_version=&#8220;4.25.0&#8243; global_colors_info=&#8220;{}&#8220;][\/et_pb_wc_title][et_pb_wc_description _builder_version=&#8220;4.16&#8243; global_colors_info=&#8220;{}&#8220;][\/et_pb_wc_description][et_pb_wc_price _builder_version=&#8220;4.24.3&#8243; body_font=&#8220;|600|||||||&#8220; global_colors_info=&#8220;{}&#8220;][\/et_pb_wc_price][et_pb_wc_add_to_cart _builder_version=&#8220;4.16&#8243; global_colors_info=&#8220;{}&#8220;][\/et_pb_wc_add_to_cart][et_pb_wc_meta _builder_version=&#8220;4.16&#8243; global_colors_info=&#8220;{}&#8220;][\/et_pb_wc_meta][\/et_pb_column][\/et_pb_row][et_pb_row _builder_version=&#8220;4.25.0&#8243; _module_preset=&#8220;default&#8220; width=&#8220;100%&#8220; global_colors_info=&#8220;{}&#8220; custom_css_main_element_phone=&#8220;display: flex;||flex-wrap: wrap;&#8220; custom_css_main_element_last_edited=&#8220;on|phone&#8220;][et_pb_column type=&#8220;4_4&#8243; _builder_version=&#8220;4.25.0&#8243; _module_preset=&#8220;default&#8220; global_colors_info=&#8220;{}&#8220; custom_css_main_element_last_edited=&#8220;on|phone&#8220; custom_css_main_element_phone=&#8220;order:2;&#8220;][et_pb_text admin_label=&#8220;PRODUKTDETAILS&#8220; _builder_version=&#8220;4.25.0&#8243; _module_preset=&#8220;default&#8220; global_colors_info=&#8220;{}&#8220;]<\/p>\n<p>D\u00edky p\u0159ipojen\u00ed 3\/8\u2033 je <strong>za\u0159\u00edzen\u00ed UMH<\/strong> vhodn\u00e9 pro v\u0161echny b\u011b\u017en\u00e9 filtra\u010dn\u00ed syst\u00e9my. P\u0159\u00edstroj je vyroben ze speci\u00e1ln\u00ed mosazi, je pozlacen\u00fd 24kar\u00e1tov\u00fdm tvrd\u00fdm zlatem a je v n\u011bm zasazen brou\u0161en\u00fd horsk\u00fd k\u0159i\u0161\u0165\u00e1l ve tvaru pyramidy. Ru\u010dn\u011b vyroben\u00e9 lahvi\u010dky uvnit\u0159 za\u0159\u00edzen\u00ed zaji\u0161\u0165uj\u00ed vysoce stabiln\u00ed energetick\u00e9 pole.<\/p>\n<p><strong>V\u00fdhody<\/strong><\/p>\n<ul>\n<li>Zru\u0161en\u00ed frekvenc\u00ed zne\u010di\u0161\u0165uj\u00edc\u00edch l\u00e1tek<\/li>\n<li>Zlep\u0161en\u00ed schopnosti bun\u011bk vst\u0159eb\u00e1vat vodu a \u017eiviny<\/li>\n<li>Struktura krystalick\u00e9 pramenit\u00e9 vody<\/li>\n<li>Stabiln\u00ed bioenergie<\/li>\n<li>P\u0159enos regenera\u010dn\u00edch energi\u00ed p\u0159i pit\u00ed, koup\u00e1n\u00ed a sprchov\u00e1n\u00ed.<\/li>\n<li>V\u00fdrazn\u011b jemn\u00e1 a sv\u011b\u017e\u00ed chu\u0165<\/li>\n<li>Bez elekt\u0159iny, bez chemik\u00e1li\u00ed, bez magnet\u016f<\/li>\n<li>Bez\u00fadr\u017ebov\u00fd<\/li>\n<li>\u0160etrn\u00e9 k \u017eivotn\u00edmu prost\u0159ed\u00ed a \u0161et\u0159\u00edc\u00ed zdroje<\/li>\n<\/ul>\n<p>V\u00fdsledky v\u00fdzkumu \u00fa\u010dink\u016f a dopad\u016f aktivace vody UMH naleznete zde &#8211; <a href=\"https:\/\/umh.at\/umh-forschungsergebnisse\/\"><span class=\"s1\">odkaz<\/span><\/a><br \/>Na <a href=\"https:\/\/trimedea.com\/wp-content\/uploads\/2024\/04\/Hexagonales-Wasser_Gutachten_Dr.-Ludwig.pdf\" target=\"_blank\" rel=\"noopener\">odborn\u00fd posudek o hexagon\u00e1ln\u00ed struktu\u0159e vody UHM<\/a> od Dr. Wolfganga Ludwiga.<\/p>\n<p>[\/et_pb_text][\/et_pb_column][\/et_pb_row][et_pb_row custom_padding_last_edited=&#8220;on|phone&#8220; _builder_version=&#8220;4.25.0&#8243; background_size=&#8220;initial&#8220; background_position=&#8220;top_left&#8220; background_repeat=&#8220;repeat&#8220; width=&#8220;100%&#8220; custom_margin_tablet=&#8220;&#8220; custom_margin_phone=&#8220;||||false|false&#8220; custom_margin_last_edited=&#8220;on|phone&#8220; custom_padding_tablet=&#8220;&#8220; custom_padding_phone=&#8220;0px||||false|false&#8220; global_colors_info=&#8220;{}&#8220;][et_pb_column type=&#8220;4_4&#8243; _builder_version=&#8220;4.16&#8243; custom_padding=&#8220;|||&#8220; global_colors_info=&#8220;{}&#8220; custom_padding__hover=&#8220;|||&#8220;][et_pb_wc_upsells _builder_version=&#8220;4.16&#8243; global_colors_info=&#8220;{}&#8220;][\/et_pb_wc_upsells][et_pb_wc_related_products posts_number=&#8220;4&#8243; columns_number=&#8220;4&#8243; include_categories=&#8220;92&#8243; _builder_version=&#8220;4.25.1&#8243; global_colors_info=&#8220;{}&#8220;][\/et_pb_wc_related_products][\/et_pb_column][\/et_pb_row][\/et_pb_section]<\/p>\n","protected":false},"excerpt":{"rendered":"<p><strong> Spole\u010dnost<\/strong> <strong>UMH Pure<\/strong> nab\u00edz\u00ed d\u016fle\u017eit\u00fd dopln\u011bk pro v\u0161echny osm\u00f3zy a filtra\u010dn\u00ed syst\u00e9my. Filtrovan\u00e1 voda se jednoduch\u00fdm a \u00fa\u010dinn\u00fdm zp\u016fsobem energetizuje a restrukturalizuje.<\/p>\n","protected":false},"featured_media":55695,"template":"","meta":{"_et_pb_use_builder":"on","_et_pb_old_content":"","_et_gb_content_width":"","footnotes":""},"product_brand":[],"product_cat":[183],"product_tag":[],"class_list":{"0":"post-55725","1":"product","2":"type-product","3":"status-publish","4":"has-post-thumbnail","6":"product_cat-aktivace-vody-umh","8":"first","9":"instock","10":"taxable","11":"shipping-taxable","12":"purchasable","13":"product-type-simple"},"yoast_head":"<!-- This site is optimized with the Yoast SEO plugin v27.3 - https:\/\/yoast.com\/product\/yoast-seo-wordpress\/ -->\n<title>UMH Pure - TRIMEDEA<\/title>\n<meta name=\"description\" content=\"UMH Pure pro aktivaci osm\u00f3zy a filtra\u010dn\u00edch syst\u00e9m\u016f, odstran\u011bn\u00ed informac\u00ed o zne\u010di\u0161\u0165uj\u00edc\u00edch l\u00e1tk\u00e1ch a generov\u00e1n\u00ed hexagon\u00e1ln\u00edch struktur vody\" \/>\n<meta name=\"robots\" content=\"index, follow, max-snippet:-1, max-image-preview:large, max-video-preview:-1\" \/>\n<link rel=\"canonical\" href=\"https:\/\/trimedea.com\/cs\/produkt\/umh-pure\/\" \/>\n<meta property=\"og:locale\" content=\"cs_CZ\" \/>\n<meta property=\"og:type\" content=\"article\" \/>\n<meta property=\"og:title\" content=\"UMH Pure - TRIMEDEA\" \/>\n<meta property=\"og:description\" content=\"UMH Pure pro aktivaci osm\u00f3zy a filtra\u010dn\u00edch syst\u00e9m\u016f, odstran\u011bn\u00ed informac\u00ed o zne\u010di\u0161\u0165uj\u00edc\u00edch l\u00e1tk\u00e1ch a generov\u00e1n\u00ed hexagon\u00e1ln\u00edch struktur vody\" \/>\n<meta property=\"og:url\" content=\"https:\/\/trimedea.com\/cs\/produkt\/umh-pure\/\" \/>\n<meta property=\"og:site_name\" content=\"TRIMEDEA\" \/>\n<meta property=\"article:modified_time\" content=\"2024-10-09T07:56:32+00:00\" \/>\n<meta property=\"og:image\" content=\"https:\/\/trimedea.com\/wp-content\/uploads\/2024\/05\/UMH_PURE.jpg\" \/>\n\t<meta property=\"og:image:width\" content=\"1000\" \/>\n\t<meta property=\"og:image:height\" content=\"1000\" \/>\n\t<meta property=\"og:image:type\" content=\"image\/jpeg\" \/>\n<meta name=\"twitter:card\" content=\"summary_large_image\" \/>\n<script type=\"application\/ld+json\" class=\"yoast-schema-graph\">{\"@context\":\"https:\\\/\\\/schema.org\",\"@graph\":[{\"@type\":\"WebPage\",\"@id\":\"https:\\\/\\\/trimedea.com\\\/cs\\\/produkt\\\/umh-pure\\\/\",\"url\":\"https:\\\/\\\/trimedea.com\\\/cs\\\/produkt\\\/umh-pure\\\/\",\"name\":\"UMH Pure - TRIMEDEA\",\"isPartOf\":{\"@id\":\"https:\\\/\\\/trimedea.com\\\/cs\\\/#website\"},\"primaryImageOfPage\":{\"@id\":\"https:\\\/\\\/trimedea.com\\\/cs\\\/produkt\\\/umh-pure\\\/#primaryimage\"},\"image\":{\"@id\":\"https:\\\/\\\/trimedea.com\\\/cs\\\/produkt\\\/umh-pure\\\/#primaryimage\"},\"thumbnailUrl\":\"https:\\\/\\\/trimedea.com\\\/wp-content\\\/uploads\\\/2024\\\/05\\\/UMH_PURE.jpg\",\"datePublished\":\"2024-05-23T09:48:25+00:00\",\"dateModified\":\"2024-10-09T07:56:32+00:00\",\"description\":\"UMH Pure pro aktivaci osm\u00f3zy a filtra\u010dn\u00edch syst\u00e9m\u016f, odstran\u011bn\u00ed informac\u00ed o zne\u010di\u0161\u0165uj\u00edc\u00edch l\u00e1tk\u00e1ch a generov\u00e1n\u00ed hexagon\u00e1ln\u00edch struktur vody\",\"breadcrumb\":{\"@id\":\"https:\\\/\\\/trimedea.com\\\/cs\\\/produkt\\\/umh-pure\\\/#breadcrumb\"},\"inLanguage\":\"cs\",\"potentialAction\":[{\"@type\":\"ReadAction\",\"target\":[\"https:\\\/\\\/trimedea.com\\\/cs\\\/produkt\\\/umh-pure\\\/\"]}]},{\"@type\":\"ImageObject\",\"inLanguage\":\"cs\",\"@id\":\"https:\\\/\\\/trimedea.com\\\/cs\\\/produkt\\\/umh-pure\\\/#primaryimage\",\"url\":\"https:\\\/\\\/trimedea.com\\\/wp-content\\\/uploads\\\/2024\\\/05\\\/UMH_PURE.jpg\",\"contentUrl\":\"https:\\\/\\\/trimedea.com\\\/wp-content\\\/uploads\\\/2024\\\/05\\\/UMH_PURE.jpg\",\"width\":1000,\"height\":1000},{\"@type\":\"BreadcrumbList\",\"@id\":\"https:\\\/\\\/trimedea.com\\\/cs\\\/produkt\\\/umh-pure\\\/#breadcrumb\",\"itemListElement\":[{\"@type\":\"ListItem\",\"position\":1,\"name\":\"Startseite\",\"item\":\"https:\\\/\\\/trimedea.com\\\/cs\\\/\"},{\"@type\":\"ListItem\",\"position\":2,\"name\":\"TRIMEDEA SHOP\",\"item\":\"https:\\\/\\\/trimedea.com\\\/cs\\\/trimedea-shop\\\/\"},{\"@type\":\"ListItem\",\"position\":3,\"name\":\"UMH Pure\"}]},{\"@type\":\"WebSite\",\"@id\":\"https:\\\/\\\/trimedea.com\\\/cs\\\/#website\",\"url\":\"https:\\\/\\\/trimedea.com\\\/cs\\\/\",\"name\":\"TRIMEDEA\",\"description\":\"F\u00fcr einen gesunden K\u00f6rper und Geist\",\"publisher\":{\"@id\":\"https:\\\/\\\/trimedea.com\\\/cs\\\/#organization\"},\"potentialAction\":[{\"@type\":\"SearchAction\",\"target\":{\"@type\":\"EntryPoint\",\"urlTemplate\":\"https:\\\/\\\/trimedea.com\\\/cs\\\/?s={search_term_string}\"},\"query-input\":{\"@type\":\"PropertyValueSpecification\",\"valueRequired\":true,\"valueName\":\"search_term_string\"}}],\"inLanguage\":\"cs\"},{\"@type\":\"Organization\",\"@id\":\"https:\\\/\\\/trimedea.com\\\/cs\\\/#organization\",\"name\":\"TRIMEDEA\",\"url\":\"https:\\\/\\\/trimedea.com\\\/cs\\\/\",\"logo\":{\"@type\":\"ImageObject\",\"inLanguage\":\"cs\",\"@id\":\"https:\\\/\\\/trimedea.com\\\/cs\\\/#\\\/schema\\\/logo\\\/image\\\/\",\"url\":\"https:\\\/\\\/trimedea.com\\\/wp-content\\\/uploads\\\/2024\\\/04\\\/TRIMEDEA_LOGO.png\",\"contentUrl\":\"https:\\\/\\\/trimedea.com\\\/wp-content\\\/uploads\\\/2024\\\/04\\\/TRIMEDEA_LOGO.png\",\"width\":540,\"height\":248,\"caption\":\"TRIMEDEA\"},\"image\":{\"@id\":\"https:\\\/\\\/trimedea.com\\\/cs\\\/#\\\/schema\\\/logo\\\/image\\\/\"}}]}<\/script>\n<!-- \/ Yoast SEO plugin. -->","yoast_head_json":{"title":"UMH Pure - TRIMEDEA","description":"UMH Pure pro aktivaci osm\u00f3zy a filtra\u010dn\u00edch syst\u00e9m\u016f, odstran\u011bn\u00ed informac\u00ed o zne\u010di\u0161\u0165uj\u00edc\u00edch l\u00e1tk\u00e1ch a generov\u00e1n\u00ed hexagon\u00e1ln\u00edch struktur vody","robots":{"index":"index","follow":"follow","max-snippet":"max-snippet:-1","max-image-preview":"max-image-preview:large","max-video-preview":"max-video-preview:-1"},"canonical":"https:\/\/trimedea.com\/cs\/produkt\/umh-pure\/","og_locale":"cs_CZ","og_type":"article","og_title":"UMH Pure - TRIMEDEA","og_description":"UMH Pure pro aktivaci osm\u00f3zy a filtra\u010dn\u00edch syst\u00e9m\u016f, odstran\u011bn\u00ed informac\u00ed o zne\u010di\u0161\u0165uj\u00edc\u00edch l\u00e1tk\u00e1ch a generov\u00e1n\u00ed hexagon\u00e1ln\u00edch struktur vody","og_url":"https:\/\/trimedea.com\/cs\/produkt\/umh-pure\/","og_site_name":"TRIMEDEA","article_modified_time":"2024-10-09T07:56:32+00:00","og_image":[{"width":1000,"height":1000,"url":"https:\/\/trimedea.com\/wp-content\/uploads\/2024\/05\/UMH_PURE.jpg","type":"image\/jpeg"}],"twitter_card":"summary_large_image","schema":{"@context":"https:\/\/schema.org","@graph":[{"@type":"WebPage","@id":"https:\/\/trimedea.com\/cs\/produkt\/umh-pure\/","url":"https:\/\/trimedea.com\/cs\/produkt\/umh-pure\/","name":"UMH Pure - TRIMEDEA","isPartOf":{"@id":"https:\/\/trimedea.com\/cs\/#website"},"primaryImageOfPage":{"@id":"https:\/\/trimedea.com\/cs\/produkt\/umh-pure\/#primaryimage"},"image":{"@id":"https:\/\/trimedea.com\/cs\/produkt\/umh-pure\/#primaryimage"},"thumbnailUrl":"https:\/\/trimedea.com\/wp-content\/uploads\/2024\/05\/UMH_PURE.jpg","datePublished":"2024-05-23T09:48:25+00:00","dateModified":"2024-10-09T07:56:32+00:00","description":"UMH Pure pro aktivaci osm\u00f3zy a filtra\u010dn\u00edch syst\u00e9m\u016f, odstran\u011bn\u00ed informac\u00ed o zne\u010di\u0161\u0165uj\u00edc\u00edch l\u00e1tk\u00e1ch a generov\u00e1n\u00ed hexagon\u00e1ln\u00edch struktur vody","breadcrumb":{"@id":"https:\/\/trimedea.com\/cs\/produkt\/umh-pure\/#breadcrumb"},"inLanguage":"cs","potentialAction":[{"@type":"ReadAction","target":["https:\/\/trimedea.com\/cs\/produkt\/umh-pure\/"]}]},{"@type":"ImageObject","inLanguage":"cs","@id":"https:\/\/trimedea.com\/cs\/produkt\/umh-pure\/#primaryimage","url":"https:\/\/trimedea.com\/wp-content\/uploads\/2024\/05\/UMH_PURE.jpg","contentUrl":"https:\/\/trimedea.com\/wp-content\/uploads\/2024\/05\/UMH_PURE.jpg","width":1000,"height":1000},{"@type":"BreadcrumbList","@id":"https:\/\/trimedea.com\/cs\/produkt\/umh-pure\/#breadcrumb","itemListElement":[{"@type":"ListItem","position":1,"name":"Startseite","item":"https:\/\/trimedea.com\/cs\/"},{"@type":"ListItem","position":2,"name":"TRIMEDEA SHOP","item":"https:\/\/trimedea.com\/cs\/trimedea-shop\/"},{"@type":"ListItem","position":3,"name":"UMH Pure"}]},{"@type":"WebSite","@id":"https:\/\/trimedea.com\/cs\/#website","url":"https:\/\/trimedea.com\/cs\/","name":"TRIMEDEA","description":"F\u00fcr einen gesunden K\u00f6rper und Geist","publisher":{"@id":"https:\/\/trimedea.com\/cs\/#organization"},"potentialAction":[{"@type":"SearchAction","target":{"@type":"EntryPoint","urlTemplate":"https:\/\/trimedea.com\/cs\/?s={search_term_string}"},"query-input":{"@type":"PropertyValueSpecification","valueRequired":true,"valueName":"search_term_string"}}],"inLanguage":"cs"},{"@type":"Organization","@id":"https:\/\/trimedea.com\/cs\/#organization","name":"TRIMEDEA","url":"https:\/\/trimedea.com\/cs\/","logo":{"@type":"ImageObject","inLanguage":"cs","@id":"https:\/\/trimedea.com\/cs\/#\/schema\/logo\/image\/","url":"https:\/\/trimedea.com\/wp-content\/uploads\/2024\/04\/TRIMEDEA_LOGO.png","contentUrl":"https:\/\/trimedea.com\/wp-content\/uploads\/2024\/04\/TRIMEDEA_LOGO.png","width":540,"height":248,"caption":"TRIMEDEA"},"image":{"@id":"https:\/\/trimedea.com\/cs\/#\/schema\/logo\/image\/"}}]}},"_links":{"self":[{"href":"https:\/\/trimedea.com\/cs\/wp-json\/wp\/v2\/product\/55725","targetHints":{"allow":["GET"]}}],"collection":[{"href":"https:\/\/trimedea.com\/cs\/wp-json\/wp\/v2\/product"}],"about":[{"href":"https:\/\/trimedea.com\/cs\/wp-json\/wp\/v2\/types\/product"}],"version-history":[{"count":0,"href":"https:\/\/trimedea.com\/cs\/wp-json\/wp\/v2\/product\/55725\/revisions"}],"wp:featuredmedia":[{"embeddable":true,"href":"https:\/\/trimedea.com\/cs\/wp-json\/wp\/v2\/media\/55695"}],"wp:attachment":[{"href":"https:\/\/trimedea.com\/cs\/wp-json\/wp\/v2\/media?parent=55725"}],"wp:term":[{"taxonomy":"product_brand","embeddable":true,"href":"https:\/\/trimedea.com\/cs\/wp-json\/wp\/v2\/product_brand?post=55725"},{"taxonomy":"product_cat","embeddable":true,"href":"https:\/\/trimedea.com\/cs\/wp-json\/wp\/v2\/product_cat?post=55725"},{"taxonomy":"product_tag","embeddable":true,"href":"https:\/\/trimedea.com\/cs\/wp-json\/wp\/v2\/product_tag?post=55725"}],"curies":[{"name":"wp","href":"https:\/\/api.w.org\/{rel}","templated":true}]}}