{"id":55771,"date":"2024-05-24T10:51:31","date_gmt":"2024-05-24T10:51:31","guid":{"rendered":"https:\/\/test.trimedea.com\/produkt\/radost-a-klid-pro-vnitrni-dite\/"},"modified":"2024-10-31T11:03:04","modified_gmt":"2024-10-31T11:03:04","slug":"radost-a-klid-pro-vnitrni-dite","status":"publish","type":"product","link":"https:\/\/trimedea.com\/cs\/produkt\/radost-a-klid-pro-vnitrni-dite\/","title":{"rendered":"Radost a klid pro vnit\u0159n\u00ed d\u00edt\u011b"},"content":{"rendered":"<p>[et_pb_section fb_built=&#8220;1&#8243; _builder_version=&#8220;4.16&#8243; custom_padding=&#8220;0px||3px||false|false&#8220; locked=&#8220;off&#8220; global_colors_info=&#8220;{}&#8220;][et_pb_row _builder_version=&#8220;4.16&#8243; background_size=&#8220;initial&#8220; background_position=&#8220;top_left&#8220; background_repeat=&#8220;repeat&#8220; width=&#8220;100%&#8220; custom_padding=&#8220;0px||0px||false|false&#8220; global_colors_info=&#8220;{}&#8220;][et_pb_column type=&#8220;4_4&#8243; _builder_version=&#8220;4.16&#8243; custom_padding=&#8220;|||&#8220; global_colors_info=&#8220;{}&#8220; custom_padding__hover=&#8220;|||&#8220;][et_pb_wc_breadcrumb breadcrumb_home_text=&#8220;TRIMEDEA SHOP&#8220; breadcrumb_home_url=&#8220;https:\/\/trimedea.com\/trimedea-shop&#8220; breadcrumb_separator=&#8220;|&#8220; admin_label=&#8220;WOO BREADCRUMBS DE&#8220; _builder_version=&#8220;4.25.0&#8243; custom_padding=&#8220;0px||30px||false|false&#8220; saved_tabs=&#8220;all&#8220; locked=&#8220;off&#8220; global_colors_info=&#8220;{}&#8220;][\/et_pb_wc_breadcrumb][et_pb_wc_cart_notice _builder_version=&#8220;4.16&#8243; custom_button=&#8220;on&#8220; button_border_width=&#8220;1px&#8220; button_border_color=&#8220;#FFFFFF&#8220; global_colors_info=&#8220;{}&#8220;][\/et_pb_wc_cart_notice][\/et_pb_column][\/et_pb_row][et_pb_row column_structure=&#8220;1_2,1_2&#8243; _builder_version=&#8220;4.24.3&#8243; background_size=&#8220;initial&#8220; background_position=&#8220;top_left&#8220; background_repeat=&#8220;repeat&#8220; width=&#8220;100%&#8220; custom_margin=&#8220;0px||||false|false&#8220; custom_padding=&#8220;||||false|false&#8220; global_colors_info=&#8220;{}&#8220;][et_pb_column type=&#8220;1_2&#8243; _builder_version=&#8220;4.16&#8243; custom_padding=&#8220;|||&#8220; global_colors_info=&#8220;{}&#8220; custom_padding__hover=&#8220;|||&#8220;][et_pb_wc_images _builder_version=&#8220;4.16&#8243; global_colors_info=&#8220;{}&#8220;][\/et_pb_wc_images][\/et_pb_column][et_pb_column type=&#8220;1_2&#8243; _builder_version=&#8220;4.16&#8243; custom_padding=&#8220;|||&#8220; global_colors_info=&#8220;{}&#8220; custom_padding__hover=&#8220;|||&#8220;][et_pb_wc_title _builder_version=&#8220;4.25.0&#8243; global_colors_info=&#8220;{}&#8220;][\/et_pb_wc_title][et_pb_wc_description _builder_version=&#8220;4.16&#8243; global_colors_info=&#8220;{}&#8220;][\/et_pb_wc_description][et_pb_wc_price _builder_version=&#8220;4.24.3&#8243; body_font=&#8220;|600|||||||&#8220; global_colors_info=&#8220;{}&#8220;][\/et_pb_wc_price][et_pb_wc_add_to_cart _builder_version=&#8220;4.16&#8243; global_colors_info=&#8220;{}&#8220;][\/et_pb_wc_add_to_cart][et_pb_wc_meta _builder_version=&#8220;4.16&#8243; global_colors_info=&#8220;{}&#8220;][\/et_pb_wc_meta][\/et_pb_column][\/et_pb_row][et_pb_row _builder_version=&#8220;4.24.3&#8243; _module_preset=&#8220;default&#8220; width=&#8220;100%&#8220; global_colors_info=&#8220;{}&#8220; custom_css_main_element_phone=&#8220;display: flex;||flex-wrap: wrap;&#8220; custom_css_main_element_last_edited=&#8220;on|phone&#8220;][et_pb_column type=&#8220;4_4&#8243; _builder_version=&#8220;4.24.3&#8243; _module_preset=&#8220;default&#8220; global_colors_info=&#8220;{}&#8220;][et_pb_text admin_label=&#8220;PRODUKTDETAILS&#8220; _builder_version=&#8220;4.27.0&#8243; _module_preset=&#8220;default&#8220; global_colors_info=&#8220;{}&#8220;]<\/p>\n<p>Die SEIDU-Audioprogramme bilden die zweite Komponente des SEIDU. Die Besonderheit: Sie beinhalten die Essenz von Erfahrungen aus jahrzehnte\u00adlanger Arbeit mit Klienten in Coaching, Hypnose- und Reinkarnationssitzungen. Diese speziellen SEIDU-Audioprogramme beinhalten jeweils mehrere Dateien zur Anwendung in Verbindung mit der SEIDU-Hardware. Die Programme sind eingesprochen von Dia und Piero (Inhalte sind identisch). Ein Audioprogramm besteht i. d. R. aus insgesamt sechs hoch\u00adwertigen Audiodateien im wav.-Format, verteilt auf drei Micro-SD-Karten.<\/p>\n<ul>\n<li>Karte Gold = Basisprogramm zum Thema<\/li>\n<li>Karte Wei\u00df = Affirmationen zum Thema f\u00fcr den Tag zur Anwendung in Dauerschleife<\/li>\n<li>Karte Schwarz = Affirmationen f\u00fcr die Nacht zur Anwendung in Dauerschleife<\/li>\n<\/ul>\n<p>Das Anh\u00f6ren der Dateien ist \u00fcber die SEIDU-Hardware mit Kopfh\u00f6rern oder \u00fcber Audioanlage m\u00f6glich. Die Anwendung der Programme \u00fcber die Schallgeber erfolgt ausschlie\u00dflich \u00fcber den Ultraschall des SEIDU (ohne Mith\u00f6ren via Innenohr).<\/p>\n<div>Der entscheidende Vorteil der SEIDU-Audioprogramme besteht darin, dass sie Dir erm\u00f6glichen, Dich so wahrzunehmen, wie Du wirklich bist. Sie ebnen Dir den Weg f\u00fcr au\u00dfergew\u00f6hnliche Bewusstseinserfahrungen. Du kannst dabei das unersch\u00f6pfliche Reservoir Deiner seelischen Eigenschaften entdecken und damit eine innere Gewissheit erlangen, \u00fcber alle notwendigen Ressourcen zu verf\u00fcgen, die Dich die Herausforderungen Deines Lebens meistern lassen. Du bist so viel mehr, als Du glaubst zu sein!<\/div>\n<div>\u00a0<\/div>\n<div>Das SEIDU-Audioprogramm &#8222;Freude und Frieden f\u00fcr das innere Kind&#8220; wurde gesprochen von Dia Reghenzi und entwickelt von <a href=\"http:\/\/seinundwirken.com\/\" target=\"_blank\" rel=\"noopener\">seinundwirken.com<\/a>.<\/div>\n<div>\u00a0<\/div>\n<div><strong>Anwendung<\/strong>: Track 1 zum Einschlafen und in Ruhephasen (Dauer 53 Minuten), Track 2 f\u00fcr den Start in den Tag (8 Minuten)<\/div>\n<p>[\/et_pb_text][\/et_pb_column][\/et_pb_row][et_pb_row _builder_version=&#8220;4.16&#8243; background_size=&#8220;initial&#8220; background_position=&#8220;top_left&#8220; background_repeat=&#8220;repeat&#8220; width=&#8220;100%&#8220; global_colors_info=&#8220;{}&#8220;][et_pb_column type=&#8220;4_4&#8243; _builder_version=&#8220;4.16&#8243; custom_padding=&#8220;|||&#8220; global_colors_info=&#8220;{}&#8220; custom_padding__hover=&#8220;|||&#8220;][et_pb_wc_upsells _builder_version=&#8220;4.16&#8243; global_colors_info=&#8220;{}&#8220;][\/et_pb_wc_upsells][et_pb_wc_related_products posts_number=&#8220;4&#8243; columns_number=&#8220;4&#8243; include_categories=&#8220;93&#8243; _builder_version=&#8220;4.25.1&#8243; global_colors_info=&#8220;{}&#8220;][\/et_pb_wc_related_products][\/et_pb_column][\/et_pb_row][\/et_pb_section]<\/p>\n","protected":false},"excerpt":{"rendered":"<p><b><br \/>\nradost a m\u00edr pro vnit\u0159n\u00ed d\u00edt\u011b &#8211; SEIDU audio program \u010d. 2<\/b>C\u00edlem tohoto programu je p\u0159iv\u00e9st v\u00e1s k \u017eiv\u00e9mu a d\u016fv\u011brn\u00e9mu spojen\u00ed s va\u0161\u00edm vnit\u0159n\u00edm d\u00edt\u011btem a za\u010dlenit do va\u0161eho \u017eivota v\u00edce d\u011btsk\u00e9 lehkosti a radostn\u00e9ho \u00fa\u017easu.<b><\/b><\/p>\n","protected":false},"featured_media":55396,"template":"","meta":{"_et_pb_use_builder":"on","_et_pb_old_content":"","_et_gb_content_width":"","footnotes":""},"product_brand":[],"product_cat":[187],"product_tag":[],"class_list":{"0":"post-55771","1":"product","2":"type-product","3":"status-publish","4":"has-post-thumbnail","6":"product_cat-diverse-cs","8":"first","9":"outofstock","10":"taxable","11":"shipping-taxable","12":"purchasable","13":"product-type-simple"},"yoast_head":"<!-- This site is optimized with the Yoast SEO plugin v27.4 - https:\/\/yoast.com\/product\/yoast-seo-wordpress\/ -->\n<title>Radost a klid pro vnit\u0159n\u00ed d\u00edt\u011b - TRIMEDEA<\/title>\n<meta name=\"description\" content=\"Audio program SEIDU &quot;Radost a m\u00edr pro vnit\u0159n\u00ed d\u00edt\u011b&quot; se skl\u00e1d\u00e1 ze z\u00e1kladn\u00edho programu a afirmac\u00ed na den a noc.\" \/>\n<meta name=\"robots\" content=\"index, follow, max-snippet:-1, max-image-preview:large, max-video-preview:-1\" \/>\n<link rel=\"canonical\" href=\"https:\/\/trimedea.com\/cs\/produkt\/radost-a-klid-pro-vnitrni-dite\/\" \/>\n<meta property=\"og:locale\" content=\"cs_CZ\" \/>\n<meta property=\"og:type\" content=\"article\" \/>\n<meta property=\"og:title\" content=\"Radost a klid pro vnit\u0159n\u00ed d\u00edt\u011b - TRIMEDEA\" \/>\n<meta property=\"og:description\" content=\"Audio program SEIDU &quot;Radost a m\u00edr pro vnit\u0159n\u00ed d\u00edt\u011b&quot; se skl\u00e1d\u00e1 ze z\u00e1kladn\u00edho programu a afirmac\u00ed na den a noc.\" \/>\n<meta property=\"og:url\" content=\"https:\/\/trimedea.com\/cs\/produkt\/radost-a-klid-pro-vnitrni-dite\/\" \/>\n<meta property=\"og:site_name\" content=\"TRIMEDEA\" \/>\n<meta property=\"article:modified_time\" content=\"2024-10-31T11:03:04+00:00\" \/>\n<meta property=\"og:image\" content=\"https:\/\/trimedea.com\/wp-content\/uploads\/2024\/04\/SEIDU-AudioProgramm_Cover_Freude-und-Frieden-fuer-das-innere-Kind_weiss-1.jpg\" \/>\n\t<meta property=\"og:image:width\" content=\"1000\" \/>\n\t<meta property=\"og:image:height\" content=\"1000\" \/>\n\t<meta property=\"og:image:type\" content=\"image\/jpeg\" \/>\n<meta name=\"twitter:card\" content=\"summary_large_image\" \/>\n<script type=\"application\/ld+json\" class=\"yoast-schema-graph\">{\"@context\":\"https:\\\/\\\/schema.org\",\"@graph\":[{\"@type\":\"WebPage\",\"@id\":\"https:\\\/\\\/trimedea.com\\\/cs\\\/produkt\\\/radost-a-klid-pro-vnitrni-dite\\\/\",\"url\":\"https:\\\/\\\/trimedea.com\\\/cs\\\/produkt\\\/radost-a-klid-pro-vnitrni-dite\\\/\",\"name\":\"Radost a klid pro vnit\u0159n\u00ed d\u00edt\u011b - TRIMEDEA\",\"isPartOf\":{\"@id\":\"https:\\\/\\\/trimedea.com\\\/cs\\\/#website\"},\"primaryImageOfPage\":{\"@id\":\"https:\\\/\\\/trimedea.com\\\/cs\\\/produkt\\\/radost-a-klid-pro-vnitrni-dite\\\/#primaryimage\"},\"image\":{\"@id\":\"https:\\\/\\\/trimedea.com\\\/cs\\\/produkt\\\/radost-a-klid-pro-vnitrni-dite\\\/#primaryimage\"},\"thumbnailUrl\":\"https:\\\/\\\/trimedea.com\\\/wp-content\\\/uploads\\\/2024\\\/04\\\/SEIDU-AudioProgramm_Cover_Freude-und-Frieden-fuer-das-innere-Kind_weiss-1.jpg\",\"datePublished\":\"2024-05-24T10:51:31+00:00\",\"dateModified\":\"2024-10-31T11:03:04+00:00\",\"description\":\"Audio program SEIDU \\\"Radost a m\u00edr pro vnit\u0159n\u00ed d\u00edt\u011b\\\" se skl\u00e1d\u00e1 ze z\u00e1kladn\u00edho programu a afirmac\u00ed na den a noc.\",\"breadcrumb\":{\"@id\":\"https:\\\/\\\/trimedea.com\\\/cs\\\/produkt\\\/radost-a-klid-pro-vnitrni-dite\\\/#breadcrumb\"},\"inLanguage\":\"cs\",\"potentialAction\":[{\"@type\":\"ReadAction\",\"target\":[\"https:\\\/\\\/trimedea.com\\\/cs\\\/produkt\\\/radost-a-klid-pro-vnitrni-dite\\\/\"]}]},{\"@type\":\"ImageObject\",\"inLanguage\":\"cs\",\"@id\":\"https:\\\/\\\/trimedea.com\\\/cs\\\/produkt\\\/radost-a-klid-pro-vnitrni-dite\\\/#primaryimage\",\"url\":\"https:\\\/\\\/trimedea.com\\\/wp-content\\\/uploads\\\/2024\\\/04\\\/SEIDU-AudioProgramm_Cover_Freude-und-Frieden-fuer-das-innere-Kind_weiss-1.jpg\",\"contentUrl\":\"https:\\\/\\\/trimedea.com\\\/wp-content\\\/uploads\\\/2024\\\/04\\\/SEIDU-AudioProgramm_Cover_Freude-und-Frieden-fuer-das-innere-Kind_weiss-1.jpg\",\"width\":1000,\"height\":1000},{\"@type\":\"BreadcrumbList\",\"@id\":\"https:\\\/\\\/trimedea.com\\\/cs\\\/produkt\\\/radost-a-klid-pro-vnitrni-dite\\\/#breadcrumb\",\"itemListElement\":[{\"@type\":\"ListItem\",\"position\":1,\"name\":\"Startseite\",\"item\":\"https:\\\/\\\/trimedea.com\\\/cs\\\/\"},{\"@type\":\"ListItem\",\"position\":2,\"name\":\"TRIMEDEA SHOP\",\"item\":\"https:\\\/\\\/trimedea.com\\\/cs\\\/trimedea-shop\\\/\"},{\"@type\":\"ListItem\",\"position\":3,\"name\":\"Radost a klid pro vnit\u0159n\u00ed d\u00edt\u011b\"}]},{\"@type\":\"WebSite\",\"@id\":\"https:\\\/\\\/trimedea.com\\\/cs\\\/#website\",\"url\":\"https:\\\/\\\/trimedea.com\\\/cs\\\/\",\"name\":\"TRIMEDEA\",\"description\":\"F\u00fcr einen gesunden K\u00f6rper und Geist\",\"publisher\":{\"@id\":\"https:\\\/\\\/trimedea.com\\\/cs\\\/#organization\"},\"potentialAction\":[{\"@type\":\"SearchAction\",\"target\":{\"@type\":\"EntryPoint\",\"urlTemplate\":\"https:\\\/\\\/trimedea.com\\\/cs\\\/?s={search_term_string}\"},\"query-input\":{\"@type\":\"PropertyValueSpecification\",\"valueRequired\":true,\"valueName\":\"search_term_string\"}}],\"inLanguage\":\"cs\"},{\"@type\":\"Organization\",\"@id\":\"https:\\\/\\\/trimedea.com\\\/cs\\\/#organization\",\"name\":\"TRIMEDEA\",\"url\":\"https:\\\/\\\/trimedea.com\\\/cs\\\/\",\"logo\":{\"@type\":\"ImageObject\",\"inLanguage\":\"cs\",\"@id\":\"https:\\\/\\\/trimedea.com\\\/cs\\\/#\\\/schema\\\/logo\\\/image\\\/\",\"url\":\"https:\\\/\\\/trimedea.com\\\/wp-content\\\/uploads\\\/2024\\\/04\\\/TRIMEDEA_LOGO.png\",\"contentUrl\":\"https:\\\/\\\/trimedea.com\\\/wp-content\\\/uploads\\\/2024\\\/04\\\/TRIMEDEA_LOGO.png\",\"width\":540,\"height\":248,\"caption\":\"TRIMEDEA\"},\"image\":{\"@id\":\"https:\\\/\\\/trimedea.com\\\/cs\\\/#\\\/schema\\\/logo\\\/image\\\/\"}}]}<\/script>\n<!-- \/ Yoast SEO plugin. -->","yoast_head_json":{"title":"Radost a klid pro vnit\u0159n\u00ed d\u00edt\u011b - TRIMEDEA","description":"Audio program SEIDU \"Radost a m\u00edr pro vnit\u0159n\u00ed d\u00edt\u011b\" se skl\u00e1d\u00e1 ze z\u00e1kladn\u00edho programu a afirmac\u00ed na den a noc.","robots":{"index":"index","follow":"follow","max-snippet":"max-snippet:-1","max-image-preview":"max-image-preview:large","max-video-preview":"max-video-preview:-1"},"canonical":"https:\/\/trimedea.com\/cs\/produkt\/radost-a-klid-pro-vnitrni-dite\/","og_locale":"cs_CZ","og_type":"article","og_title":"Radost a klid pro vnit\u0159n\u00ed d\u00edt\u011b - TRIMEDEA","og_description":"Audio program SEIDU \"Radost a m\u00edr pro vnit\u0159n\u00ed d\u00edt\u011b\" se skl\u00e1d\u00e1 ze z\u00e1kladn\u00edho programu a afirmac\u00ed na den a noc.","og_url":"https:\/\/trimedea.com\/cs\/produkt\/radost-a-klid-pro-vnitrni-dite\/","og_site_name":"TRIMEDEA","article_modified_time":"2024-10-31T11:03:04+00:00","og_image":[{"width":1000,"height":1000,"url":"https:\/\/trimedea.com\/wp-content\/uploads\/2024\/04\/SEIDU-AudioProgramm_Cover_Freude-und-Frieden-fuer-das-innere-Kind_weiss-1.jpg","type":"image\/jpeg"}],"twitter_card":"summary_large_image","schema":{"@context":"https:\/\/schema.org","@graph":[{"@type":"WebPage","@id":"https:\/\/trimedea.com\/cs\/produkt\/radost-a-klid-pro-vnitrni-dite\/","url":"https:\/\/trimedea.com\/cs\/produkt\/radost-a-klid-pro-vnitrni-dite\/","name":"Radost a klid pro vnit\u0159n\u00ed d\u00edt\u011b - TRIMEDEA","isPartOf":{"@id":"https:\/\/trimedea.com\/cs\/#website"},"primaryImageOfPage":{"@id":"https:\/\/trimedea.com\/cs\/produkt\/radost-a-klid-pro-vnitrni-dite\/#primaryimage"},"image":{"@id":"https:\/\/trimedea.com\/cs\/produkt\/radost-a-klid-pro-vnitrni-dite\/#primaryimage"},"thumbnailUrl":"https:\/\/trimedea.com\/wp-content\/uploads\/2024\/04\/SEIDU-AudioProgramm_Cover_Freude-und-Frieden-fuer-das-innere-Kind_weiss-1.jpg","datePublished":"2024-05-24T10:51:31+00:00","dateModified":"2024-10-31T11:03:04+00:00","description":"Audio program SEIDU \"Radost a m\u00edr pro vnit\u0159n\u00ed d\u00edt\u011b\" se skl\u00e1d\u00e1 ze z\u00e1kladn\u00edho programu a afirmac\u00ed na den a noc.","breadcrumb":{"@id":"https:\/\/trimedea.com\/cs\/produkt\/radost-a-klid-pro-vnitrni-dite\/#breadcrumb"},"inLanguage":"cs","potentialAction":[{"@type":"ReadAction","target":["https:\/\/trimedea.com\/cs\/produkt\/radost-a-klid-pro-vnitrni-dite\/"]}]},{"@type":"ImageObject","inLanguage":"cs","@id":"https:\/\/trimedea.com\/cs\/produkt\/radost-a-klid-pro-vnitrni-dite\/#primaryimage","url":"https:\/\/trimedea.com\/wp-content\/uploads\/2024\/04\/SEIDU-AudioProgramm_Cover_Freude-und-Frieden-fuer-das-innere-Kind_weiss-1.jpg","contentUrl":"https:\/\/trimedea.com\/wp-content\/uploads\/2024\/04\/SEIDU-AudioProgramm_Cover_Freude-und-Frieden-fuer-das-innere-Kind_weiss-1.jpg","width":1000,"height":1000},{"@type":"BreadcrumbList","@id":"https:\/\/trimedea.com\/cs\/produkt\/radost-a-klid-pro-vnitrni-dite\/#breadcrumb","itemListElement":[{"@type":"ListItem","position":1,"name":"Startseite","item":"https:\/\/trimedea.com\/cs\/"},{"@type":"ListItem","position":2,"name":"TRIMEDEA SHOP","item":"https:\/\/trimedea.com\/cs\/trimedea-shop\/"},{"@type":"ListItem","position":3,"name":"Radost a klid pro vnit\u0159n\u00ed d\u00edt\u011b"}]},{"@type":"WebSite","@id":"https:\/\/trimedea.com\/cs\/#website","url":"https:\/\/trimedea.com\/cs\/","name":"TRIMEDEA","description":"F\u00fcr einen gesunden K\u00f6rper und Geist","publisher":{"@id":"https:\/\/trimedea.com\/cs\/#organization"},"potentialAction":[{"@type":"SearchAction","target":{"@type":"EntryPoint","urlTemplate":"https:\/\/trimedea.com\/cs\/?s={search_term_string}"},"query-input":{"@type":"PropertyValueSpecification","valueRequired":true,"valueName":"search_term_string"}}],"inLanguage":"cs"},{"@type":"Organization","@id":"https:\/\/trimedea.com\/cs\/#organization","name":"TRIMEDEA","url":"https:\/\/trimedea.com\/cs\/","logo":{"@type":"ImageObject","inLanguage":"cs","@id":"https:\/\/trimedea.com\/cs\/#\/schema\/logo\/image\/","url":"https:\/\/trimedea.com\/wp-content\/uploads\/2024\/04\/TRIMEDEA_LOGO.png","contentUrl":"https:\/\/trimedea.com\/wp-content\/uploads\/2024\/04\/TRIMEDEA_LOGO.png","width":540,"height":248,"caption":"TRIMEDEA"},"image":{"@id":"https:\/\/trimedea.com\/cs\/#\/schema\/logo\/image\/"}}]}},"_links":{"self":[{"href":"https:\/\/trimedea.com\/cs\/wp-json\/wp\/v2\/product\/55771","targetHints":{"allow":["GET"]}}],"collection":[{"href":"https:\/\/trimedea.com\/cs\/wp-json\/wp\/v2\/product"}],"about":[{"href":"https:\/\/trimedea.com\/cs\/wp-json\/wp\/v2\/types\/product"}],"version-history":[{"count":0,"href":"https:\/\/trimedea.com\/cs\/wp-json\/wp\/v2\/product\/55771\/revisions"}],"wp:featuredmedia":[{"embeddable":true,"href":"https:\/\/trimedea.com\/cs\/wp-json\/wp\/v2\/media\/55396"}],"wp:attachment":[{"href":"https:\/\/trimedea.com\/cs\/wp-json\/wp\/v2\/media?parent=55771"}],"wp:term":[{"taxonomy":"product_brand","embeddable":true,"href":"https:\/\/trimedea.com\/cs\/wp-json\/wp\/v2\/product_brand?post=55771"},{"taxonomy":"product_cat","embeddable":true,"href":"https:\/\/trimedea.com\/cs\/wp-json\/wp\/v2\/product_cat?post=55771"},{"taxonomy":"product_tag","embeddable":true,"href":"https:\/\/trimedea.com\/cs\/wp-json\/wp\/v2\/product_tag?post=55771"}],"curies":[{"name":"wp","href":"https:\/\/api.w.org\/{rel}","templated":true}]}}