{"id":55792,"date":"2024-07-03T08:20:38","date_gmt":"2024-07-03T07:20:38","guid":{"rendered":"https:\/\/test.trimedea.com\/produkt\/startovaci-sada-booster\/"},"modified":"2025-09-11T09:43:04","modified_gmt":"2025-09-11T08:43:04","slug":"startovaci-sada-booster","status":"publish","type":"product","link":"https:\/\/trimedea.com\/cs\/produkt\/startovaci-sada-booster\/","title":{"rendered":"Startovac\u00ed sada Booster"},"content":{"rendered":"<p>[et_pb_section fb_built=&#8220;1&#8243; _builder_version=&#8220;4.26.0&#8243; custom_margin=&#8220;||||false|false&#8220; custom_padding=&#8220;0px||3px||false|false&#8220; global_colors_info=&#8220;{}&#8220;][et_pb_row _builder_version=&#8220;4.26.0&#8243; background_size=&#8220;initial&#8220; background_position=&#8220;top_left&#8220; background_repeat=&#8220;repeat&#8220; width=&#8220;100%&#8220; custom_margin=&#8220;||||false|false&#8220; custom_padding=&#8220;0px||0px||false|false&#8220; global_colors_info=&#8220;{}&#8220;][et_pb_column type=&#8220;4_4&#8243; _builder_version=&#8220;4.16&#8243; custom_padding=&#8220;|||&#8220; global_colors_info=&#8220;{}&#8220; custom_padding__hover=&#8220;|||&#8220;][et_pb_wc_breadcrumb breadcrumb_home_text=&#8220;TRIMEDEA SHOP&#8220; breadcrumb_home_url=&#8220;https:\/\/trimedea.com\/trimedea-shop&#8220; breadcrumb_separator=&#8220;|&#8220; admin_label=&#8220;WOO BREADCRUMBS DE&#8220; _builder_version=&#8220;4.26.0&#8243; custom_margin=&#8220;||||false|false&#8220; custom_margin_tablet=&#8220;||||false|false&#8220; custom_margin_phone=&#8220;||||false|false&#8220; custom_margin_last_edited=&#8220;on|phone&#8220; custom_padding=&#8220;0px||30px||false|false&#8220; saved_tabs=&#8220;all&#8220; global_colors_info=&#8220;{}&#8220;][\/et_pb_wc_breadcrumb][et_pb_wc_cart_notice _builder_version=&#8220;4.16&#8243; custom_button=&#8220;on&#8220; button_border_width=&#8220;1px&#8220; button_border_color=&#8220;#FFFFFF&#8220; global_colors_info=&#8220;{}&#8220;][\/et_pb_wc_cart_notice][\/et_pb_column][\/et_pb_row][et_pb_row column_structure=&#8220;1_2,1_2&#8243; _builder_version=&#8220;4.25.0&#8243; background_size=&#8220;initial&#8220; background_position=&#8220;top_left&#8220; background_repeat=&#8220;repeat&#8220; width=&#8220;100%&#8220; custom_margin=&#8220;0px||||false|false&#8220; custom_padding=&#8220;||||false|false&#8220; global_colors_info=&#8220;{}&#8220;][et_pb_column type=&#8220;1_2&#8243; _builder_version=&#8220;4.25.0&#8243; custom_padding=&#8220;|||&#8220; custom_padding_tablet=&#8220;|||&#8220; custom_padding_phone=&#8220;|0px||0px|false|false&#8220; custom_padding_last_edited=&#8220;on|phone&#8220; global_colors_info=&#8220;{}&#8220; custom_padding__hover=&#8220;|||&#8220;][et_pb_wc_images _builder_version=&#8220;4.25.0&#8243; custom_margin_tablet=&#8220;&#8220; custom_margin_phone=&#8220;||||false|false&#8220; custom_margin_last_edited=&#8220;on|phone&#8220; custom_padding_tablet=&#8220;&#8220; custom_padding_phone=&#8220;30px||||false|false&#8220; custom_padding_last_edited=&#8220;on|phone&#8220; global_colors_info=&#8220;{}&#8220;][\/et_pb_wc_images][\/et_pb_column][et_pb_column type=&#8220;1_2&#8243; _builder_version=&#8220;4.16&#8243; custom_padding=&#8220;|||&#8220; global_colors_info=&#8220;{}&#8220; custom_padding__hover=&#8220;|||&#8220;][et_pb_wc_title _builder_version=&#8220;4.16&#8243; global_colors_info=&#8220;{}&#8220;][\/et_pb_wc_title][et_pb_wc_description _builder_version=&#8220;4.26.0&#8243; global_colors_info=&#8220;{}&#8220;][\/et_pb_wc_description][et_pb_wc_price _builder_version=&#8220;4.24.3&#8243; body_font=&#8220;|600|||||||&#8220; global_colors_info=&#8220;{}&#8220;][\/et_pb_wc_price][et_pb_wc_add_to_cart _builder_version=&#8220;4.16&#8243; global_colors_info=&#8220;{}&#8220;][\/et_pb_wc_add_to_cart][et_pb_wc_meta _builder_version=&#8220;4.16&#8243; global_colors_info=&#8220;{}&#8220;][\/et_pb_wc_meta][\/et_pb_column][\/et_pb_row][et_pb_row column_structure=&#8220;1_2,1_2&#8243; _builder_version=&#8220;4.25.0&#8243; _module_preset=&#8220;default&#8220; width=&#8220;100%&#8220; global_colors_info=&#8220;{}&#8220; custom_css_main_element_phone=&#8220;display: flex;||flex-wrap: wrap;&#8220; custom_css_main_element_last_edited=&#8220;on|phone&#8220;][et_pb_column type=&#8220;1_2&#8243; _builder_version=&#8220;4.25.0&#8243; _module_preset=&#8220;default&#8220; global_colors_info=&#8220;{}&#8220; custom_css_main_element_last_edited=&#8220;on|phone&#8220; custom_css_main_element_phone=&#8220;order:2;&#8220;][et_pb_text admin_label=&#8220;ANGEBOT&#8220; _builder_version=&#8220;4.26.0&#8243; _module_preset=&#8220;default&#8220; ul_font_size=&#8220;16px&#8220; ul_line_height=&#8220;1.7em&#8220; header_2_line_height=&#8220;1.5em&#8220; header_3_line_height=&#8220;1.5em&#8220; background_color=&#8220;#ebebeb&#8220; width_tablet=&#8220;&#8220; width_phone=&#8220;100%&#8220; width_last_edited=&#8220;on|phone&#8220; max_width=&#8220;100%&#8220; custom_margin_tablet=&#8220;&#8220; custom_margin_phone=&#8220;30px||||false|false&#8220; custom_margin_last_edited=&#8220;on|phone&#8220; custom_padding=&#8220;30px|30px|30px|30px|true|true&#8220; custom_padding_tablet=&#8220;30px|30px|30px|30px|true|true&#8220; custom_padding_phone=&#8220;0px|0px|0px|0px|true|true&#8220; custom_padding_last_edited=&#8220;on|phone&#8220; background_color_phone=&#8220;RGBA(255,255,255,0)&#8220; background_last_edited=&#8220;on|phone&#8220; background_enable_color_phone=&#8220;on&#8220; global_colors_info=&#8220;{}&#8220;]<\/p>\n<h2><span style=\"color: #c0a000\"><strong><br \/>\n<\/strong><\/strong><\/span><br \/>\nS<span style=\"color: #c0a000\">tartovac\u00ed sada Booster:<\/span><span style=\"color: #c0a000\"><strong>Pouze 199 eur<\/strong> U\u0161et\u0159\u00edte 80 eur*!<\/span><\/h2>\n<p>[\/et_pb_text][\/et_pb_column][et_pb_column type=&#8220;1_2&#8243; _builder_version=&#8220;4.25.0&#8243; _module_preset=&#8220;default&#8220; global_colors_info=&#8220;{}&#8220; custom_css_main_element_last_edited=&#8220;on|phone&#8220; custom_css_main_element_phone=&#8220;order:1;&#8220;][et_pb_text admin_label=&#8220;PRODUKTDETAILS&#8220; _builder_version=&#8220;4.26.0&#8243; _module_preset=&#8220;default&#8220; global_colors_info=&#8220;{}&#8220;]<\/p>\n<p>Dopl\u0148te<strong>sv\u00e9 z\u00e1soby drah\u00fdch kov\u016f pomoc\u00ed v\u00fdhodn\u00e9 startovn\u00ed sady posilova\u010d\u016f<\/strong>:<\/p>\n<ul>\n<li>3 x 500 ml koloidn\u00edho zlata, st\u0159\u00edbra, platiny<\/li>\n<li>1 x 100 ml lahvi\u010dka s rozpra\u0161ova\u010dem podle va\u0161eho v\u00fdb\u011bru (st\u0159\u00edbro, m\u011b\u010f, zinek, zlato, kobalt)<\/li>\n<li>1 x 1000 ml zlato nebo platina: v\u00fdb\u011br je na v\u00e1s<\/li>\n<li>40 ml odm\u011brka<\/li>\n<\/ul>\n<p>[\/et_pb_text][\/et_pb_column][\/et_pb_row][et_pb_row custom_padding_last_edited=&#8220;on|phone&#8220; _builder_version=&#8220;4.25.0&#8243; background_size=&#8220;initial&#8220; background_position=&#8220;top_left&#8220; background_repeat=&#8220;repeat&#8220; width=&#8220;100%&#8220; custom_margin_tablet=&#8220;&#8220; custom_margin_phone=&#8220;||||false|false&#8220; custom_margin_last_edited=&#8220;on|phone&#8220; custom_padding_tablet=&#8220;&#8220; custom_padding_phone=&#8220;0px||||false|false&#8220; global_colors_info=&#8220;{}&#8220;][et_pb_column type=&#8220;4_4&#8243; _builder_version=&#8220;4.16&#8243; custom_padding=&#8220;|||&#8220; global_colors_info=&#8220;{}&#8220; custom_padding__hover=&#8220;|||&#8220;][et_pb_wc_upsells _builder_version=&#8220;4.16&#8243; global_colors_info=&#8220;{}&#8220;][\/et_pb_wc_upsells][et_pb_wc_related_products posts_number=&#8220;4&#8243; columns_number=&#8220;4&#8243; include_categories=&#8220;87&#8243; _builder_version=&#8220;4.25.1&#8243; global_colors_info=&#8220;{}&#8220;][\/et_pb_wc_related_products][\/et_pb_column][\/et_pb_row][et_pb_row _builder_version=&#8220;4.25.0&#8243; _module_preset=&#8220;default&#8220; background_color=&#8220;RGBA(255,255,255,0)&#8220; width=&#8220;100%&#8220; max_width=&#8220;100%&#8220; custom_margin=&#8220;0px||||false|false&#8220; custom_padding=&#8220;||||false|false&#8220; global_colors_info=&#8220;{}&#8220;][et_pb_column type=&#8220;4_4&#8243; _builder_version=&#8220;4.25.0&#8243; _module_preset=&#8220;default&#8220; background_color=&#8220;RGBA(255,255,255,0)&#8220; global_colors_info=&#8220;{}&#8220;][et_pb_text _builder_version=&#8220;4.26.0&#8243; _module_preset=&#8220;default&#8220; header_text_color=&#8220;#C0A000&#8243; header_2_font=&#8220;|600|||||||&#8220; header_2_text_color=&#8220;#C0A000&#8243; header_2_font_size=&#8220;28px&#8220; header_2_line_height=&#8220;1.5em&#8220; global_colors_info=&#8220;{}&#8220;]<\/p>\n<h2 style=\"text-align: center\">Startovac\u00ed sada Booster<\/h2>\n<h3 style=\"text-align: center\">N\u00e1\u0161 v\u00fdhodn\u00fd startovac\u00ed bal\u00ed\u010dek<\/h3>\n<p>[\/et_pb_text][et_pb_text admin_label=&#8220;DETAILS&#8220; _builder_version=&#8220;4.27.4&#8243; _module_preset=&#8220;default&#8220; header_2_line_height=&#8220;1.5em&#8220; header_5_text_color=&#8220;#C0A000&#8243; background_color=&#8220;RGBA(255,255,255,0)&#8220; width_tablet=&#8220;&#8220; width_phone=&#8220;&#8220; width_last_edited=&#8220;on|desktop&#8220; hover_enabled=&#8220;0&#8243; global_module=&#8220;57633&#8243; saved_tabs=&#8220;all&#8220; locked=&#8220;off&#8220; global_colors_info=&#8220;{}&#8220; sticky_enabled=&#8220;0&#8243;]<\/p>\n<h3>Was sind kolloidale Metalle und wie nimmt man sie ein?<\/h3>\n<p>Bei echten kolloidalen Metallen handelt es sich um sehr feine Metallpartikel, die in Wasser schweben und keine Verbindung mit dem Wasser eingehen \u2013 im Gegensatz zu ionischen L\u00f6sungen (elektrolytische Herstellung). Die Gr\u00f6\u00dfe der einzelnen Teilchen liegt zwischen 1 und 20 Nanometer (1 nm = ein milliardstel Meter). Die Partikel dieser fl\u00fcssigen Dispersion k\u00f6nnen durch verschiedene Herstellungsverfahren entstehen, die je nach Verfahren einen erheblichen Einfluss auf die Eigenschaften und Qualit\u00e4t haben. Mehr \u00fcber <a href=\"https:\/\/gesundheit-und-sport.com\/anwendung-und-dosierung-von-kolloidalen-metallen\/\" target=\"_blank\" rel=\"noopener\">Anwendung und Dosierung von Kolloiden<\/a>\u00a0erfahren Sie in dem Info-Portal der FGS. Weitere Informationen zu Teilchengr\u00f6\u00dfe (nm), Konzentration (ppm), Wirksamkeit und Bioverf\u00fcgbarkeit finden Sie in <a href=\"https:\/\/trimedea.com\/faq-kolloidale-metalle\/\" target=\"_blank\" rel=\"noopener\">unseren FAQ hier. <\/a><strong>Warum kolloidale Metalle als Katalysatoren und Stoffwechselbeschleuniger so wichtig sind,<\/strong> erfahren Sie <a href=\"https:\/\/gesundheit-und-sport.com\/katalytisch-aktive-metalle-wichtige-elemente-fuer-unsere-gesundheit\/\" target=\"_blank\" rel=\"noopener\">hier<\/a>.<\/p>\n<p>Zur Herstellung von echten kolloidalen Metallen eignet sich das Hochvolt-Plasmaverfahren aus bio-logischer Sicht am besten. Warum die Herstellung mittels Elektrolyse (= ionische L\u00f6sung \/ wenig echte Kolloide) oder dem geheimnisumwobenen Prototenresonanzverfahren mehr Risiken als Vorteile hat und <a href=\"https:\/\/gesundheit-und-sport.com\/herstellungsverfahren-von-kolloidalen-metallen-im-ueberblick\/\" target=\"_blank\" rel=\"noopener\">was genau die Unterschiede zwischen den Verfahren sind<\/a>, erfahren Sie. Wir haben auch getestet, wie zuverl\u00e4ssig die ppm-Angaben der Verfahren sind, hier finden Sie die <a href=\"https:\/\/trimedea.com\/herstellungsverfahren-fuer-kolloide-und-ionische-loesungen-im-vergleich\/\" target=\"_blank\" rel=\"noopener\">Ergebnisse der Untersuchungen<\/a>.\u00a0<\/p>\n<p>[\/et_pb_text][et_pb_video _builder_version=&#8220;4.25.2&#8243; _module_preset=&#8220;default&#8220; global_colors_info=&#8220;{}&#8220;][\/et_pb_video][\/et_pb_column][\/et_pb_row][\/et_pb_section]<\/p>\n","protected":false},"excerpt":{"rendered":"<p><strong>Va\u0161e startovac\u00ed sada booster\u016f<\/strong> je vyrobena z 99,9 &#8211; 99,99 % \u010dist\u00e9ho kovu. <strong>Mnoho kov\u016f se vyskytuje tak\u00e9 v lidsk\u00e9m t\u011ble jako vysoce aktivn\u00ed katalytick\u00e9 stopov\u00e9 prvky a pln\u00ed zde velmi d\u016fle\u017eit\u00e9 funkce.<\/strong> P\u0159edev\u0161\u00edm v metabolismu mozku, metabolismu enzym\u016f a hormon\u016f a v opravn\u00fdch procesech. Mozkov\u011b aktivn\u00ed kovy zlato a platina by m\u011bly b\u00fdt rychle zv\u00fd\u0161eny na vy\u0161\u0161\u00ed \u00farove\u0148, aby v\u0161echny procesy \u0159\u00edzen\u00e9 mozkem prob\u00edhaly hlad\u010deji.<\/p>\n","protected":false},"featured_media":55794,"template":"","meta":{"_et_pb_use_builder":"on","_et_pb_old_content":"","_et_gb_content_width":"","footnotes":""},"product_brand":[],"product_cat":[177],"product_tag":[178,251,246,232,233],"class_list":{"0":"post-55792","1":"product","2":"type-product","3":"status-publish","4":"has-post-thumbnail","6":"product_cat-startovaci-sady","7":"product_tag-bestseller-cs","8":"product_tag-fitness-a-energie","9":"product_tag-imunitni-system","10":"product_tag-mysl-a-mozek","11":"product_tag-stres-a-vycerpani","13":"first","14":"instock","15":"sale","16":"taxable","17":"shipping-taxable","18":"purchasable","19":"product-type-variable"},"yoast_head":"<!-- This site is optimized with the Yoast SEO plugin v27.3 - https:\/\/yoast.com\/product\/yoast-seo-wordpress\/ -->\n<title>Startovac\u00ed sada Booster - TRIMEDEA<\/title>\n<meta name=\"description\" content=\"Startovac\u00ed sada Booster s 500 ml koloidn\u00edho zlata, st\u0159\u00edbra a platiny, 1 litr zlata nebo platiny, 100 ml zlata, st\u0159\u00edbra, m\u011bdi, zinku nebo kobaltu podle va\u0161eho v\u00fdb\u011bru.\" \/>\n<meta name=\"robots\" content=\"index, follow, max-snippet:-1, max-image-preview:large, max-video-preview:-1\" \/>\n<link rel=\"canonical\" href=\"https:\/\/trimedea.com\/cs\/produkt\/startovaci-sada-booster\/\" \/>\n<meta property=\"og:locale\" content=\"cs_CZ\" \/>\n<meta property=\"og:type\" content=\"article\" \/>\n<meta property=\"og:title\" content=\"Startovac\u00ed sada Booster - TRIMEDEA\" \/>\n<meta property=\"og:description\" content=\"Startovac\u00ed sada Booster s 500 ml koloidn\u00edho zlata, st\u0159\u00edbra a platiny, 1 litr zlata nebo platiny, 100 ml zlata, st\u0159\u00edbra, m\u011bdi, zinku nebo kobaltu podle va\u0161eho v\u00fdb\u011bru.\" \/>\n<meta property=\"og:url\" content=\"https:\/\/trimedea.com\/cs\/produkt\/startovaci-sada-booster\/\" \/>\n<meta property=\"og:site_name\" content=\"TRIMEDEA\" \/>\n<meta property=\"article:modified_time\" content=\"2025-09-11T08:43:04+00:00\" \/>\n<meta property=\"og:image\" content=\"https:\/\/trimedea.com\/wp-content\/uploads\/2024\/07\/starter-set-booster.jpg\" \/>\n\t<meta property=\"og:image:width\" content=\"1000\" \/>\n\t<meta property=\"og:image:height\" content=\"1000\" \/>\n\t<meta property=\"og:image:type\" content=\"image\/jpeg\" \/>\n<meta name=\"twitter:card\" content=\"summary_large_image\" \/>\n<script type=\"application\/ld+json\" class=\"yoast-schema-graph\">{\"@context\":\"https:\\\/\\\/schema.org\",\"@graph\":[{\"@type\":\"WebPage\",\"@id\":\"https:\\\/\\\/trimedea.com\\\/cs\\\/produkt\\\/startovaci-sada-booster\\\/\",\"url\":\"https:\\\/\\\/trimedea.com\\\/cs\\\/produkt\\\/startovaci-sada-booster\\\/\",\"name\":\"Startovac\u00ed sada Booster - TRIMEDEA\",\"isPartOf\":{\"@id\":\"https:\\\/\\\/trimedea.com\\\/cs\\\/#website\"},\"primaryImageOfPage\":{\"@id\":\"https:\\\/\\\/trimedea.com\\\/cs\\\/produkt\\\/startovaci-sada-booster\\\/#primaryimage\"},\"image\":{\"@id\":\"https:\\\/\\\/trimedea.com\\\/cs\\\/produkt\\\/startovaci-sada-booster\\\/#primaryimage\"},\"thumbnailUrl\":\"https:\\\/\\\/trimedea.com\\\/wp-content\\\/uploads\\\/2024\\\/07\\\/starter-set-booster.jpg\",\"datePublished\":\"2024-07-03T07:20:38+00:00\",\"dateModified\":\"2025-09-11T08:43:04+00:00\",\"description\":\"Startovac\u00ed sada Booster s 500 ml koloidn\u00edho zlata, st\u0159\u00edbra a platiny, 1 litr zlata nebo platiny, 100 ml zlata, st\u0159\u00edbra, m\u011bdi, zinku nebo kobaltu podle va\u0161eho v\u00fdb\u011bru.\",\"breadcrumb\":{\"@id\":\"https:\\\/\\\/trimedea.com\\\/cs\\\/produkt\\\/startovaci-sada-booster\\\/#breadcrumb\"},\"inLanguage\":\"cs\",\"potentialAction\":[{\"@type\":\"ReadAction\",\"target\":[\"https:\\\/\\\/trimedea.com\\\/cs\\\/produkt\\\/startovaci-sada-booster\\\/\"]}]},{\"@type\":\"ImageObject\",\"inLanguage\":\"cs\",\"@id\":\"https:\\\/\\\/trimedea.com\\\/cs\\\/produkt\\\/startovaci-sada-booster\\\/#primaryimage\",\"url\":\"https:\\\/\\\/trimedea.com\\\/wp-content\\\/uploads\\\/2024\\\/07\\\/starter-set-booster.jpg\",\"contentUrl\":\"https:\\\/\\\/trimedea.com\\\/wp-content\\\/uploads\\\/2024\\\/07\\\/starter-set-booster.jpg\",\"width\":1000,\"height\":1000,\"caption\":\"Booster Starter Set\"},{\"@type\":\"BreadcrumbList\",\"@id\":\"https:\\\/\\\/trimedea.com\\\/cs\\\/produkt\\\/startovaci-sada-booster\\\/#breadcrumb\",\"itemListElement\":[{\"@type\":\"ListItem\",\"position\":1,\"name\":\"Startseite\",\"item\":\"https:\\\/\\\/trimedea.com\\\/cs\\\/\"},{\"@type\":\"ListItem\",\"position\":2,\"name\":\"TRIMEDEA SHOP\",\"item\":\"https:\\\/\\\/trimedea.com\\\/cs\\\/trimedea-shop\\\/\"},{\"@type\":\"ListItem\",\"position\":3,\"name\":\"Startovac\u00ed sada Booster\"}]},{\"@type\":\"WebSite\",\"@id\":\"https:\\\/\\\/trimedea.com\\\/cs\\\/#website\",\"url\":\"https:\\\/\\\/trimedea.com\\\/cs\\\/\",\"name\":\"TRIMEDEA\",\"description\":\"F\u00fcr einen gesunden K\u00f6rper und Geist\",\"publisher\":{\"@id\":\"https:\\\/\\\/trimedea.com\\\/cs\\\/#organization\"},\"potentialAction\":[{\"@type\":\"SearchAction\",\"target\":{\"@type\":\"EntryPoint\",\"urlTemplate\":\"https:\\\/\\\/trimedea.com\\\/cs\\\/?s={search_term_string}\"},\"query-input\":{\"@type\":\"PropertyValueSpecification\",\"valueRequired\":true,\"valueName\":\"search_term_string\"}}],\"inLanguage\":\"cs\"},{\"@type\":\"Organization\",\"@id\":\"https:\\\/\\\/trimedea.com\\\/cs\\\/#organization\",\"name\":\"TRIMEDEA\",\"url\":\"https:\\\/\\\/trimedea.com\\\/cs\\\/\",\"logo\":{\"@type\":\"ImageObject\",\"inLanguage\":\"cs\",\"@id\":\"https:\\\/\\\/trimedea.com\\\/cs\\\/#\\\/schema\\\/logo\\\/image\\\/\",\"url\":\"https:\\\/\\\/trimedea.com\\\/wp-content\\\/uploads\\\/2024\\\/04\\\/TRIMEDEA_LOGO.png\",\"contentUrl\":\"https:\\\/\\\/trimedea.com\\\/wp-content\\\/uploads\\\/2024\\\/04\\\/TRIMEDEA_LOGO.png\",\"width\":540,\"height\":248,\"caption\":\"TRIMEDEA\"},\"image\":{\"@id\":\"https:\\\/\\\/trimedea.com\\\/cs\\\/#\\\/schema\\\/logo\\\/image\\\/\"}}]}<\/script>\n<!-- \/ Yoast SEO plugin. -->","yoast_head_json":{"title":"Startovac\u00ed sada Booster - TRIMEDEA","description":"Startovac\u00ed sada Booster s 500 ml koloidn\u00edho zlata, st\u0159\u00edbra a platiny, 1 litr zlata nebo platiny, 100 ml zlata, st\u0159\u00edbra, m\u011bdi, zinku nebo kobaltu podle va\u0161eho v\u00fdb\u011bru.","robots":{"index":"index","follow":"follow","max-snippet":"max-snippet:-1","max-image-preview":"max-image-preview:large","max-video-preview":"max-video-preview:-1"},"canonical":"https:\/\/trimedea.com\/cs\/produkt\/startovaci-sada-booster\/","og_locale":"cs_CZ","og_type":"article","og_title":"Startovac\u00ed sada Booster - TRIMEDEA","og_description":"Startovac\u00ed sada Booster s 500 ml koloidn\u00edho zlata, st\u0159\u00edbra a platiny, 1 litr zlata nebo platiny, 100 ml zlata, st\u0159\u00edbra, m\u011bdi, zinku nebo kobaltu podle va\u0161eho v\u00fdb\u011bru.","og_url":"https:\/\/trimedea.com\/cs\/produkt\/startovaci-sada-booster\/","og_site_name":"TRIMEDEA","article_modified_time":"2025-09-11T08:43:04+00:00","og_image":[{"width":1000,"height":1000,"url":"https:\/\/trimedea.com\/wp-content\/uploads\/2024\/07\/starter-set-booster.jpg","type":"image\/jpeg"}],"twitter_card":"summary_large_image","schema":{"@context":"https:\/\/schema.org","@graph":[{"@type":"WebPage","@id":"https:\/\/trimedea.com\/cs\/produkt\/startovaci-sada-booster\/","url":"https:\/\/trimedea.com\/cs\/produkt\/startovaci-sada-booster\/","name":"Startovac\u00ed sada Booster - TRIMEDEA","isPartOf":{"@id":"https:\/\/trimedea.com\/cs\/#website"},"primaryImageOfPage":{"@id":"https:\/\/trimedea.com\/cs\/produkt\/startovaci-sada-booster\/#primaryimage"},"image":{"@id":"https:\/\/trimedea.com\/cs\/produkt\/startovaci-sada-booster\/#primaryimage"},"thumbnailUrl":"https:\/\/trimedea.com\/wp-content\/uploads\/2024\/07\/starter-set-booster.jpg","datePublished":"2024-07-03T07:20:38+00:00","dateModified":"2025-09-11T08:43:04+00:00","description":"Startovac\u00ed sada Booster s 500 ml koloidn\u00edho zlata, st\u0159\u00edbra a platiny, 1 litr zlata nebo platiny, 100 ml zlata, st\u0159\u00edbra, m\u011bdi, zinku nebo kobaltu podle va\u0161eho v\u00fdb\u011bru.","breadcrumb":{"@id":"https:\/\/trimedea.com\/cs\/produkt\/startovaci-sada-booster\/#breadcrumb"},"inLanguage":"cs","potentialAction":[{"@type":"ReadAction","target":["https:\/\/trimedea.com\/cs\/produkt\/startovaci-sada-booster\/"]}]},{"@type":"ImageObject","inLanguage":"cs","@id":"https:\/\/trimedea.com\/cs\/produkt\/startovaci-sada-booster\/#primaryimage","url":"https:\/\/trimedea.com\/wp-content\/uploads\/2024\/07\/starter-set-booster.jpg","contentUrl":"https:\/\/trimedea.com\/wp-content\/uploads\/2024\/07\/starter-set-booster.jpg","width":1000,"height":1000,"caption":"Booster Starter Set"},{"@type":"BreadcrumbList","@id":"https:\/\/trimedea.com\/cs\/produkt\/startovaci-sada-booster\/#breadcrumb","itemListElement":[{"@type":"ListItem","position":1,"name":"Startseite","item":"https:\/\/trimedea.com\/cs\/"},{"@type":"ListItem","position":2,"name":"TRIMEDEA SHOP","item":"https:\/\/trimedea.com\/cs\/trimedea-shop\/"},{"@type":"ListItem","position":3,"name":"Startovac\u00ed sada Booster"}]},{"@type":"WebSite","@id":"https:\/\/trimedea.com\/cs\/#website","url":"https:\/\/trimedea.com\/cs\/","name":"TRIMEDEA","description":"F\u00fcr einen gesunden K\u00f6rper und Geist","publisher":{"@id":"https:\/\/trimedea.com\/cs\/#organization"},"potentialAction":[{"@type":"SearchAction","target":{"@type":"EntryPoint","urlTemplate":"https:\/\/trimedea.com\/cs\/?s={search_term_string}"},"query-input":{"@type":"PropertyValueSpecification","valueRequired":true,"valueName":"search_term_string"}}],"inLanguage":"cs"},{"@type":"Organization","@id":"https:\/\/trimedea.com\/cs\/#organization","name":"TRIMEDEA","url":"https:\/\/trimedea.com\/cs\/","logo":{"@type":"ImageObject","inLanguage":"cs","@id":"https:\/\/trimedea.com\/cs\/#\/schema\/logo\/image\/","url":"https:\/\/trimedea.com\/wp-content\/uploads\/2024\/04\/TRIMEDEA_LOGO.png","contentUrl":"https:\/\/trimedea.com\/wp-content\/uploads\/2024\/04\/TRIMEDEA_LOGO.png","width":540,"height":248,"caption":"TRIMEDEA"},"image":{"@id":"https:\/\/trimedea.com\/cs\/#\/schema\/logo\/image\/"}}]}},"_links":{"self":[{"href":"https:\/\/trimedea.com\/cs\/wp-json\/wp\/v2\/product\/55792","targetHints":{"allow":["GET"]}}],"collection":[{"href":"https:\/\/trimedea.com\/cs\/wp-json\/wp\/v2\/product"}],"about":[{"href":"https:\/\/trimedea.com\/cs\/wp-json\/wp\/v2\/types\/product"}],"version-history":[{"count":1,"href":"https:\/\/trimedea.com\/cs\/wp-json\/wp\/v2\/product\/55792\/revisions"}],"predecessor-version":[{"id":69430,"href":"https:\/\/trimedea.com\/cs\/wp-json\/wp\/v2\/product\/55792\/revisions\/69430"}],"wp:featuredmedia":[{"embeddable":true,"href":"https:\/\/trimedea.com\/cs\/wp-json\/wp\/v2\/media\/55794"}],"wp:attachment":[{"href":"https:\/\/trimedea.com\/cs\/wp-json\/wp\/v2\/media?parent=55792"}],"wp:term":[{"taxonomy":"product_brand","embeddable":true,"href":"https:\/\/trimedea.com\/cs\/wp-json\/wp\/v2\/product_brand?post=55792"},{"taxonomy":"product_cat","embeddable":true,"href":"https:\/\/trimedea.com\/cs\/wp-json\/wp\/v2\/product_cat?post=55792"},{"taxonomy":"product_tag","embeddable":true,"href":"https:\/\/trimedea.com\/cs\/wp-json\/wp\/v2\/product_tag?post=55792"}],"curies":[{"name":"wp","href":"https:\/\/api.w.org\/{rel}","templated":true}]}}