{"id":55821,"date":"2024-06-05T11:33:25","date_gmt":"2024-06-05T10:33:25","guid":{"rendered":"https:\/\/test.trimedea.com\/produkt\/kremikova-detoxikacni-sada-s-koloidnim-kremikem-zeolitem-a-oxidem-kremicitym\/"},"modified":"2025-09-11T09:43:04","modified_gmt":"2025-09-11T08:43:04","slug":"kremikova-detoxikacni-sada-s-koloidnim-kremikem-zeolitem-a-oxidem-kremicitym","status":"publish","type":"product","link":"https:\/\/trimedea.com\/cs\/produkt\/kremikova-detoxikacni-sada-s-koloidnim-kremikem-zeolitem-a-oxidem-kremicitym\/","title":{"rendered":"K\u0159em\u00edkov\u00e1 detoxika\u010dn\u00ed sada s koloidn\u00edm k\u0159em\u00edkem, zeolitem a oxidem k\u0159emi\u010dit\u00fdm"},"content":{"rendered":"<p>[et_pb_section fb_built=&#8220;1&#8243; _builder_version=&#8220;4.16&#8243; custom_padding=&#8220;0px||3px||false|false&#8220; global_colors_info=&#8220;{}&#8220;][et_pb_row _builder_version=&#8220;4.16&#8243; background_size=&#8220;initial&#8220; background_position=&#8220;top_left&#8220; background_repeat=&#8220;repeat&#8220; width=&#8220;100%&#8220; custom_padding=&#8220;0px||0px||false|false&#8220; global_colors_info=&#8220;{}&#8220;][et_pb_column type=&#8220;4_4&#8243; _builder_version=&#8220;4.16&#8243; custom_padding=&#8220;|||&#8220; global_colors_info=&#8220;{}&#8220; custom_padding__hover=&#8220;|||&#8220;][et_pb_wc_breadcrumb breadcrumb_home_text=&#8220;TRIMEDEA SHOP&#8220; breadcrumb_home_url=&#8220;https:\/\/trimedea.com\/trimedea-shop&#8220; breadcrumb_separator=&#8220;|&#8220; admin_label=&#8220;WOO BREADCRUMBS DE&#8220; _builder_version=&#8220;4.25.0&#8243; custom_padding=&#8220;0px||30px||false|false&#8220; saved_tabs=&#8220;all&#8220; global_colors_info=&#8220;{}&#8220;][\/et_pb_wc_breadcrumb][et_pb_wc_cart_notice _builder_version=&#8220;4.16&#8243; custom_button=&#8220;on&#8220; button_border_width=&#8220;1px&#8220; button_border_color=&#8220;#FFFFFF&#8220; global_colors_info=&#8220;{}&#8220;][\/et_pb_wc_cart_notice][\/et_pb_column][\/et_pb_row][et_pb_row column_structure=&#8220;1_2,1_2&#8243; _builder_version=&#8220;4.25.0&#8243; background_size=&#8220;initial&#8220; background_position=&#8220;top_left&#8220; background_repeat=&#8220;repeat&#8220; width=&#8220;100%&#8220; custom_margin=&#8220;0px||||false|false&#8220; custom_padding=&#8220;||||false|false&#8220; global_colors_info=&#8220;{}&#8220;][et_pb_column type=&#8220;1_2&#8243; _builder_version=&#8220;4.25.0&#8243; custom_padding=&#8220;|||&#8220; custom_padding_tablet=&#8220;|||&#8220; custom_padding_phone=&#8220;|0px||0px|false|false&#8220; custom_padding_last_edited=&#8220;on|phone&#8220; global_colors_info=&#8220;{}&#8220; custom_padding__hover=&#8220;|||&#8220;][et_pb_wc_images _builder_version=&#8220;4.25.0&#8243; custom_margin_tablet=&#8220;&#8220; custom_margin_phone=&#8220;||||false|false&#8220; custom_margin_last_edited=&#8220;on|phone&#8220; custom_padding_tablet=&#8220;&#8220; custom_padding_phone=&#8220;30px||||false|false&#8220; custom_padding_last_edited=&#8220;on|phone&#8220; global_colors_info=&#8220;{}&#8220;][\/et_pb_wc_images][\/et_pb_column][et_pb_column type=&#8220;1_2&#8243; _builder_version=&#8220;4.16&#8243; custom_padding=&#8220;|||&#8220; global_colors_info=&#8220;{}&#8220; custom_padding__hover=&#8220;|||&#8220;][et_pb_wc_title _builder_version=&#8220;4.16&#8243; global_colors_info=&#8220;{}&#8220;][\/et_pb_wc_title][et_pb_wc_description _builder_version=&#8220;4.16&#8243; global_colors_info=&#8220;{}&#8220;][\/et_pb_wc_description][et_pb_wc_price _builder_version=&#8220;4.24.3&#8243; body_font=&#8220;|600|||||||&#8220; global_colors_info=&#8220;{}&#8220;][\/et_pb_wc_price][et_pb_wc_add_to_cart _builder_version=&#8220;4.16&#8243; global_colors_info=&#8220;{}&#8220;][\/et_pb_wc_add_to_cart][et_pb_wc_meta _builder_version=&#8220;4.16&#8243; global_colors_info=&#8220;{}&#8220;][\/et_pb_wc_meta][\/et_pb_column][\/et_pb_row][et_pb_row column_structure=&#8220;1_2,1_2&#8243; _builder_version=&#8220;4.25.0&#8243; _module_preset=&#8220;default&#8220; width=&#8220;100%&#8220; global_colors_info=&#8220;{}&#8220; custom_css_main_element_phone=&#8220;display: flex;||flex-wrap: wrap;&#8220; custom_css_main_element_last_edited=&#8220;on|phone&#8220;][et_pb_column type=&#8220;1_2&#8243; _builder_version=&#8220;4.25.0&#8243; _module_preset=&#8220;default&#8220; global_colors_info=&#8220;{}&#8220; custom_css_main_element_last_edited=&#8220;on|phone&#8220; custom_css_main_element_phone=&#8220;order:2;&#8220;][et_pb_text admin_label=&#8220;ANGEBOT&#8220; _builder_version=&#8220;4.27.0&#8243; _module_preset=&#8220;default&#8220; ul_font_size=&#8220;16px&#8220; ul_line_height=&#8220;1.7em&#8220; header_2_line_height=&#8220;1.5em&#8220; header_3_line_height=&#8220;1.5em&#8220; background_color=&#8220;#ebebeb&#8220; width_tablet=&#8220;&#8220; width_phone=&#8220;100%&#8220; width_last_edited=&#8220;on|phone&#8220; max_width=&#8220;100%&#8220; custom_margin_tablet=&#8220;&#8220; custom_margin_phone=&#8220;30px||||false|false&#8220; custom_margin_last_edited=&#8220;on|phone&#8220; custom_padding=&#8220;30px|30px|30px|30px|true|true&#8220; custom_padding_tablet=&#8220;30px|30px|30px|30px|true|true&#8220; custom_padding_phone=&#8220;0px|0px|0px|0px|true|true&#8220; custom_padding_last_edited=&#8220;on|phone&#8220; background_color_phone=&#8220;RGBA(255,255,255,0)&#8220; background_last_edited=&#8220;on|phone&#8220; background_enable_color_phone=&#8220;on&#8220; global_colors_info=&#8220;{}&#8220;]<\/p>\n<h2><span style=\"color: #c0a000\"><strong>K\u0159em\u00edkov\u00e1 detoxika\u010dn\u00ed sada s koloidn\u00edm k\u0159em\u00edkem, zeolitem a oxidem k\u0159emi\u010dit\u00fdm:<br \/><\/strong><\/span><br \/>U\u0161et\u0159\u00edte p\u0159ibli\u017en\u011b 35 %.<\/h2>\n<p>[\/et_pb_text][\/et_pb_column][et_pb_column type=&#8220;1_2&#8243; _builder_version=&#8220;4.25.0&#8243; _module_preset=&#8220;default&#8220; global_colors_info=&#8220;{}&#8220; custom_css_main_element_last_edited=&#8220;on|phone&#8220; custom_css_main_element_phone=&#8220;order:1;&#8220;][et_pb_text admin_label=&#8220;PRODUKTDETAILS&#8220; _builder_version=&#8220;4.27.2&#8243; _module_preset=&#8220;default&#8220; global_colors_info=&#8220;{}&#8220;]<\/p>\n<p><strong>Die Vorteile des Detox-Sets:<\/strong><\/p>\n<ul>\n<li>2x 1l <a href=\"https:\/\/trimedea.com\/produkt\/kolloidales-silizium-10ppm\/\" target=\"_blank\" rel=\"noopener\">kolloidales Silizium<\/a> \u2264 10ppm: Schwermetall- und Aluminiumausleitung, Strukturbildung, mehr Gef\u00e4\u00dfelastizit\u00e4t, Energiebildung, Herzmuskelleistung<\/li>\n<li>100 ml kolloidales Silizium als Spr\u00fchflasche: f\u00fcr Haut, Haare, N\u00e4gel, Gelenke, Knochen, Wunden<\/li>\n<li>2 x 180 g <a href=\"https:\/\/trimedea.com\/produkt-kategorie\/zeolith-pur\/\" target=\"_blank\" rel=\"noopener\">Zeolith Pur<\/a>, Partikelgr\u00f6\u00dfe &lt; 6 \u03bcm zur effektiven und systemischen Ausleitung von Schadstoffen<\/li>\n<li>1 x 30 g <a href=\"https:\/\/trimedea.com\/produkt-kategorie\/silizium-pur\/\" target=\"_blank\" rel=\"noopener\">Silizium Pur<\/a><\/li>\n<li>70 g Beutel ohne Inhalt zum Selbstbef\u00fcllen f\u00fcr Reisen<\/li>\n<\/ul>\n<p>[\/et_pb_text][\/et_pb_column][\/et_pb_row][et_pb_row custom_padding_last_edited=&#8220;on|phone&#8220; _builder_version=&#8220;4.25.0&#8243; background_size=&#8220;initial&#8220; background_position=&#8220;top_left&#8220; background_repeat=&#8220;repeat&#8220; width=&#8220;100%&#8220; custom_margin_tablet=&#8220;&#8220; custom_margin_phone=&#8220;||||false|false&#8220; custom_margin_last_edited=&#8220;on|phone&#8220; custom_padding_tablet=&#8220;&#8220; custom_padding_phone=&#8220;0px||||false|false&#8220; global_colors_info=&#8220;{}&#8220;][et_pb_column type=&#8220;4_4&#8243; _builder_version=&#8220;4.16&#8243; custom_padding=&#8220;|||&#8220; global_colors_info=&#8220;{}&#8220; custom_padding__hover=&#8220;|||&#8220;][et_pb_wc_upsells _builder_version=&#8220;4.16&#8243; global_colors_info=&#8220;{}&#8220;][\/et_pb_wc_upsells][et_pb_wc_related_products posts_number=&#8220;4&#8243; columns_number=&#8220;4&#8243; include_categories=&#8220;83&#8243; _builder_version=&#8220;4.25.1&#8243; global_colors_info=&#8220;{}&#8220;][\/et_pb_wc_related_products][\/et_pb_column][\/et_pb_row][et_pb_row _builder_version=&#8220;4.25.0&#8243; _module_preset=&#8220;default&#8220; background_color=&#8220;RGBA(255,255,255,0)&#8220; width=&#8220;100%&#8220; max_width=&#8220;100%&#8220; custom_margin=&#8220;0px||||false|false&#8220; custom_padding=&#8220;||||false|false&#8220; global_colors_info=&#8220;{}&#8220;][et_pb_column type=&#8220;4_4&#8243; _builder_version=&#8220;4.25.0&#8243; _module_preset=&#8220;default&#8220; background_color=&#8220;RGBA(255,255,255,0)&#8220; global_colors_info=&#8220;{}&#8220;][et_pb_text _builder_version=&#8220;4.27.4&#8243; _module_preset=&#8220;default&#8220; header_text_color=&#8220;#C0A000&#8243; header_2_font=&#8220;|600|||||||&#8220; header_2_text_color=&#8220;#C0A000&#8243; header_2_font_size=&#8220;28px&#8220; header_2_line_height=&#8220;1.5em&#8220; hover_enabled=&#8220;0&#8243; global_colors_info=&#8220;{}&#8220; sticky_enabled=&#8220;0&#8243;]<\/p>\n<h2 style=\"text-align: center\">Silizium Detox-Set mit kolloidalem Silizium, Zeolith und Siliziumdioxid<\/h2>\n<p style=\"text-align: left\">Diese einzigartige Silizium-Kombination erm\u00f6glicht die effektive Ausleitung von Schadstoffen wie Aluminium, Schwermetallverbindungen, Impfstoffzus\u00e4tzen, Glyphosat und vielen anderen Schadstoffen. <strong>Silizium ist auch ein strukturgebendes und strukturbildendes Element<\/strong> f\u00fcr Knochen, Bindegewebe, Sehnen, B\u00e4nder, Haut, Elastin und Kollagenfasern, Gef\u00e4\u00dfw\u00e4nde. Es verbessert die Effektivit\u00e4t der Herzmuskelzellen, Reizleitung und Energiebildung. Silizium hat mit seinen piezoelektrischen Eigenschaften viel gr\u00f6\u00dfere und weitreichendere Wirkungen im K\u00f6rper und Stoffwechsel als bisher kommuniziert.<\/p>\n<ul>\n<li style=\"text-align: left\">Anwendung und Dosierung der kolloidalen Metalle finden Sie <a href=\"https:\/\/gesundheit-und-sport.com\/anwendung-und-dosierung-von-kolloidalen-metallen\/\" target=\"_blank\" rel=\"noopener\">hier<\/a><\/li>\n<li style=\"text-align: left\">Informationen, Anwendung und Dosierung zu <a href=\"https:\/\/gesundheit-und-sport.com\/zeolith-siliziumdioxid-anwendung-und-dosierung\/\" target=\"_blank\" rel=\"noopener\">Silizium Pur + Zeolith Pur<\/a><\/li>\n<li style=\"text-align: left\">Weitere Artikel und Informationen finden Sie hier <a href=\"https:\/\/gesundheit-und-sport.com\/themenuebersicht\/\" target=\"_blank\" rel=\"noopener\">Themen\u00fcbersicht<\/a><\/li>\n<li style=\"text-align: left\">Ein <a href=\"\/wp-content\/PDF\/ZEOLITH_PUR_Datenblatt.pdf\" target=\"_blank\" rel=\"noopener\">detailliertes Datenblatt zu unserem Zeolith Pur finden Sie hier<\/a><\/li>\n<\/ul>\n<p>[\/et_pb_text][et_pb_text admin_label=&#8220;DETAILS&#8220; _builder_version=&#8220;4.27.4&#8243; _module_preset=&#8220;default&#8220; header_2_line_height=&#8220;1.5em&#8220; header_5_text_color=&#8220;#C0A000&#8243; background_color=&#8220;RGBA(255,255,255,0)&#8220; width_tablet=&#8220;&#8220; width_phone=&#8220;&#8220; width_last_edited=&#8220;on|desktop&#8220; global_module=&#8220;57633&#8243; saved_tabs=&#8220;all&#8220; locked=&#8220;off&#8220; global_colors_info=&#8220;{}&#8220;]<\/p>\n<h3>Was sind kolloidale Metalle und wie nimmt man sie ein?<\/h3>\n<p>Bei echten kolloidalen Metallen handelt es sich um sehr feine Metallpartikel, die in Wasser schweben und keine Verbindung mit dem Wasser eingehen \u2013 im Gegensatz zu ionischen L\u00f6sungen (elektrolytische Herstellung). Die Gr\u00f6\u00dfe der einzelnen Teilchen liegt zwischen 1 und 20 Nanometer (1 nm = ein milliardstel Meter). Die Partikel dieser fl\u00fcssigen Dispersion k\u00f6nnen durch verschiedene Herstellungsverfahren entstehen, die je nach Verfahren einen erheblichen Einfluss auf die Eigenschaften und Qualit\u00e4t haben. Mehr \u00fcber <a href=\"https:\/\/gesundheit-und-sport.com\/anwendung-und-dosierung-von-kolloidalen-metallen\/\" target=\"_blank\" rel=\"noopener\">Anwendung und Dosierung von Kolloiden<\/a>\u00a0erfahren Sie in dem Info-Portal der FGS. Weitere Informationen zu Teilchengr\u00f6\u00dfe (nm), Konzentration (ppm), Wirksamkeit und Bioverf\u00fcgbarkeit finden Sie in <a href=\"https:\/\/trimedea.com\/faq-kolloidale-metalle\/\" target=\"_blank\" rel=\"noopener\">unseren FAQ hier. <\/a><strong>Warum kolloidale Metalle als Katalysatoren und Stoffwechselbeschleuniger so wichtig sind,<\/strong> erfahren Sie <a href=\"https:\/\/gesundheit-und-sport.com\/katalytisch-aktive-metalle-wichtige-elemente-fuer-unsere-gesundheit\/\" target=\"_blank\" rel=\"noopener\">hier<\/a>.<\/p>\n<p>Zur Herstellung von echten kolloidalen Metallen eignet sich das Hochvolt-Plasmaverfahren aus bio-logischer Sicht am besten. Warum die Herstellung mittels Elektrolyse (= ionische L\u00f6sung \/ wenig echte Kolloide) oder dem geheimnisumwobenen Prototenresonanzverfahren mehr Risiken als Vorteile hat und <a href=\"https:\/\/gesundheit-und-sport.com\/herstellungsverfahren-von-kolloidalen-metallen-im-ueberblick\/\" target=\"_blank\" rel=\"noopener\">was genau die Unterschiede zwischen den Verfahren sind<\/a>, erfahren Sie. Wir haben auch getestet, wie zuverl\u00e4ssig die ppm-Angaben der Verfahren sind, hier finden Sie die <a href=\"https:\/\/trimedea.com\/herstellungsverfahren-fuer-kolloide-und-ionische-loesungen-im-vergleich\/\" target=\"_blank\" rel=\"noopener\">Ergebnisse der Untersuchungen<\/a>.<\/p>\n<p>[\/et_pb_text][\/et_pb_column][\/et_pb_row][\/et_pb_section]<\/p>\n","protected":false},"excerpt":{"rendered":"<p><strong>3 zdroje k\u0159em\u00edku: <\/strong>Koloidn\u00ed <strong>k\u0159em\u00edk <\/strong>(\u2264 10 ppm, vysokonap\u011b\u0165ov\u00fd plazmov\u00fd proces) je rychle a zcela biologicky dostupn\u00fd, v kombinaci se zeolitem + oxidem k\u0159emi\u010dit\u00fdm ve form\u011b ultrajemn\u00e9ho pr\u00e1\u0161ku je detoxikace, detoxikace a eliminace nov\u011b definov\u00e1na.<\/p>\n","protected":false},"featured_media":55822,"template":"","meta":{"_et_pb_use_builder":"on","_et_pb_old_content":"","_et_gb_content_width":"","footnotes":""},"product_brand":[],"product_cat":[180],"product_tag":[229,253,243],"class_list":{"0":"post-55821","1":"product","2":"type-product","3":"status-publish","4":"has-post-thumbnail","6":"product_cat-specialni-sady","7":"product_tag-detoxikace-a-metabolismus","8":"product_tag-kosti-a-klouby","9":"product_tag-proti-starnuti","11":"first","12":"onbackorder","13":"sale","14":"taxable","15":"shipping-taxable","16":"purchasable","17":"product-type-simple"},"yoast_head":"<!-- This site is optimized with the Yoast SEO plugin v27.4 - https:\/\/yoast.com\/product\/yoast-seo-wordpress\/ -->\n<title>Detoxika\u010dn\u00ed sada k\u0159em\u00edku: koloidn\u00ed k\u0159em\u00edk a oxid k\u0159emi\u010dit\u00fd<\/title>\n<meta name=\"description\" content=\"Detoxika\u010dn\u00ed sada k\u0159em\u00edku: \u00fa\u010dinn\u00e1 + jedine\u010dn\u00e1, s prav\u00fdm koloidn\u00edm k\u0159em\u00edkem (2 x 1 litr + 100ml lahvi\u010dka s rozpra\u0161ova\u010dem), zeolitem a oxidem k\u0159emi\u010dit\u00fdm v balen\u00ed na 2-4 m\u011bs\u00edce.\" \/>\n<meta name=\"robots\" content=\"index, follow, max-snippet:-1, max-image-preview:large, max-video-preview:-1\" \/>\n<link rel=\"canonical\" href=\"https:\/\/trimedea.com\/cs\/produkt\/kremikova-detoxikacni-sada-s-koloidnim-kremikem-zeolitem-a-oxidem-kremicitym\/\" \/>\n<meta property=\"og:locale\" content=\"cs_CZ\" \/>\n<meta property=\"og:type\" content=\"article\" \/>\n<meta property=\"og:title\" content=\"Detoxika\u010dn\u00ed sada k\u0159em\u00edku: koloidn\u00ed k\u0159em\u00edk a oxid k\u0159emi\u010dit\u00fd\" \/>\n<meta property=\"og:description\" content=\"Detoxika\u010dn\u00ed sada k\u0159em\u00edku: \u00fa\u010dinn\u00e1 + jedine\u010dn\u00e1, s prav\u00fdm koloidn\u00edm k\u0159em\u00edkem (2 x 1 litr + 100ml lahvi\u010dka s rozpra\u0161ova\u010dem), zeolitem a oxidem k\u0159emi\u010dit\u00fdm v balen\u00ed na 2-4 m\u011bs\u00edce.\" \/>\n<meta property=\"og:url\" content=\"https:\/\/trimedea.com\/cs\/produkt\/kremikova-detoxikacni-sada-s-koloidnim-kremikem-zeolitem-a-oxidem-kremicitym\/\" \/>\n<meta property=\"og:site_name\" content=\"TRIMEDEA\" \/>\n<meta property=\"article:modified_time\" content=\"2025-09-11T08:43:04+00:00\" \/>\n<meta property=\"og:image\" content=\"https:\/\/trimedea.com\/wp-content\/uploads\/2024\/06\/SILIZIUM-DETOX-SET.jpg\" \/>\n\t<meta property=\"og:image:width\" content=\"1000\" \/>\n\t<meta property=\"og:image:height\" content=\"1000\" \/>\n\t<meta property=\"og:image:type\" content=\"image\/jpeg\" \/>\n<meta name=\"twitter:card\" content=\"summary_large_image\" \/>\n<script type=\"application\/ld+json\" class=\"yoast-schema-graph\">{\"@context\":\"https:\\\/\\\/schema.org\",\"@graph\":[{\"@type\":\"WebPage\",\"@id\":\"https:\\\/\\\/trimedea.com\\\/cs\\\/produkt\\\/kremikova-detoxikacni-sada-s-koloidnim-kremikem-zeolitem-a-oxidem-kremicitym\\\/\",\"url\":\"https:\\\/\\\/trimedea.com\\\/cs\\\/produkt\\\/kremikova-detoxikacni-sada-s-koloidnim-kremikem-zeolitem-a-oxidem-kremicitym\\\/\",\"name\":\"Detoxika\u010dn\u00ed sada k\u0159em\u00edku: koloidn\u00ed k\u0159em\u00edk a oxid k\u0159emi\u010dit\u00fd\",\"isPartOf\":{\"@id\":\"https:\\\/\\\/trimedea.com\\\/cs\\\/#website\"},\"primaryImageOfPage\":{\"@id\":\"https:\\\/\\\/trimedea.com\\\/cs\\\/produkt\\\/kremikova-detoxikacni-sada-s-koloidnim-kremikem-zeolitem-a-oxidem-kremicitym\\\/#primaryimage\"},\"image\":{\"@id\":\"https:\\\/\\\/trimedea.com\\\/cs\\\/produkt\\\/kremikova-detoxikacni-sada-s-koloidnim-kremikem-zeolitem-a-oxidem-kremicitym\\\/#primaryimage\"},\"thumbnailUrl\":\"https:\\\/\\\/trimedea.com\\\/wp-content\\\/uploads\\\/2024\\\/06\\\/SILIZIUM-DETOX-SET.jpg\",\"datePublished\":\"2024-06-05T10:33:25+00:00\",\"dateModified\":\"2025-09-11T08:43:04+00:00\",\"description\":\"Detoxika\u010dn\u00ed sada k\u0159em\u00edku: \u00fa\u010dinn\u00e1 + jedine\u010dn\u00e1, s prav\u00fdm koloidn\u00edm k\u0159em\u00edkem (2 x 1 litr + 100ml lahvi\u010dka s rozpra\u0161ova\u010dem), zeolitem a oxidem k\u0159emi\u010dit\u00fdm v balen\u00ed na 2-4 m\u011bs\u00edce.\",\"breadcrumb\":{\"@id\":\"https:\\\/\\\/trimedea.com\\\/cs\\\/produkt\\\/kremikova-detoxikacni-sada-s-koloidnim-kremikem-zeolitem-a-oxidem-kremicitym\\\/#breadcrumb\"},\"inLanguage\":\"cs\",\"potentialAction\":[{\"@type\":\"ReadAction\",\"target\":[\"https:\\\/\\\/trimedea.com\\\/cs\\\/produkt\\\/kremikova-detoxikacni-sada-s-koloidnim-kremikem-zeolitem-a-oxidem-kremicitym\\\/\"]}]},{\"@type\":\"ImageObject\",\"inLanguage\":\"cs\",\"@id\":\"https:\\\/\\\/trimedea.com\\\/cs\\\/produkt\\\/kremikova-detoxikacni-sada-s-koloidnim-kremikem-zeolitem-a-oxidem-kremicitym\\\/#primaryimage\",\"url\":\"https:\\\/\\\/trimedea.com\\\/wp-content\\\/uploads\\\/2024\\\/06\\\/SILIZIUM-DETOX-SET.jpg\",\"contentUrl\":\"https:\\\/\\\/trimedea.com\\\/wp-content\\\/uploads\\\/2024\\\/06\\\/SILIZIUM-DETOX-SET.jpg\",\"width\":1000,\"height\":1000,\"caption\":\"Silizium Detox-Set\"},{\"@type\":\"BreadcrumbList\",\"@id\":\"https:\\\/\\\/trimedea.com\\\/cs\\\/produkt\\\/kremikova-detoxikacni-sada-s-koloidnim-kremikem-zeolitem-a-oxidem-kremicitym\\\/#breadcrumb\",\"itemListElement\":[{\"@type\":\"ListItem\",\"position\":1,\"name\":\"Startseite\",\"item\":\"https:\\\/\\\/trimedea.com\\\/cs\\\/\"},{\"@type\":\"ListItem\",\"position\":2,\"name\":\"TRIMEDEA SHOP\",\"item\":\"https:\\\/\\\/trimedea.com\\\/cs\\\/trimedea-shop\\\/\"},{\"@type\":\"ListItem\",\"position\":3,\"name\":\"K\u0159em\u00edkov\u00e1 detoxika\u010dn\u00ed sada s koloidn\u00edm k\u0159em\u00edkem, zeolitem a oxidem k\u0159emi\u010dit\u00fdm\"}]},{\"@type\":\"WebSite\",\"@id\":\"https:\\\/\\\/trimedea.com\\\/cs\\\/#website\",\"url\":\"https:\\\/\\\/trimedea.com\\\/cs\\\/\",\"name\":\"TRIMEDEA\",\"description\":\"F\u00fcr einen gesunden K\u00f6rper und Geist\",\"publisher\":{\"@id\":\"https:\\\/\\\/trimedea.com\\\/cs\\\/#organization\"},\"potentialAction\":[{\"@type\":\"SearchAction\",\"target\":{\"@type\":\"EntryPoint\",\"urlTemplate\":\"https:\\\/\\\/trimedea.com\\\/cs\\\/?s={search_term_string}\"},\"query-input\":{\"@type\":\"PropertyValueSpecification\",\"valueRequired\":true,\"valueName\":\"search_term_string\"}}],\"inLanguage\":\"cs\"},{\"@type\":\"Organization\",\"@id\":\"https:\\\/\\\/trimedea.com\\\/cs\\\/#organization\",\"name\":\"TRIMEDEA\",\"url\":\"https:\\\/\\\/trimedea.com\\\/cs\\\/\",\"logo\":{\"@type\":\"ImageObject\",\"inLanguage\":\"cs\",\"@id\":\"https:\\\/\\\/trimedea.com\\\/cs\\\/#\\\/schema\\\/logo\\\/image\\\/\",\"url\":\"https:\\\/\\\/trimedea.com\\\/wp-content\\\/uploads\\\/2024\\\/04\\\/TRIMEDEA_LOGO.png\",\"contentUrl\":\"https:\\\/\\\/trimedea.com\\\/wp-content\\\/uploads\\\/2024\\\/04\\\/TRIMEDEA_LOGO.png\",\"width\":540,\"height\":248,\"caption\":\"TRIMEDEA\"},\"image\":{\"@id\":\"https:\\\/\\\/trimedea.com\\\/cs\\\/#\\\/schema\\\/logo\\\/image\\\/\"}}]}<\/script>\n<!-- \/ Yoast SEO plugin. -->","yoast_head_json":{"title":"Detoxika\u010dn\u00ed sada k\u0159em\u00edku: koloidn\u00ed k\u0159em\u00edk a oxid k\u0159emi\u010dit\u00fd","description":"Detoxika\u010dn\u00ed sada k\u0159em\u00edku: \u00fa\u010dinn\u00e1 + jedine\u010dn\u00e1, s prav\u00fdm koloidn\u00edm k\u0159em\u00edkem (2 x 1 litr + 100ml lahvi\u010dka s rozpra\u0161ova\u010dem), zeolitem a oxidem k\u0159emi\u010dit\u00fdm v balen\u00ed na 2-4 m\u011bs\u00edce.","robots":{"index":"index","follow":"follow","max-snippet":"max-snippet:-1","max-image-preview":"max-image-preview:large","max-video-preview":"max-video-preview:-1"},"canonical":"https:\/\/trimedea.com\/cs\/produkt\/kremikova-detoxikacni-sada-s-koloidnim-kremikem-zeolitem-a-oxidem-kremicitym\/","og_locale":"cs_CZ","og_type":"article","og_title":"Detoxika\u010dn\u00ed sada k\u0159em\u00edku: koloidn\u00ed k\u0159em\u00edk a oxid k\u0159emi\u010dit\u00fd","og_description":"Detoxika\u010dn\u00ed sada k\u0159em\u00edku: \u00fa\u010dinn\u00e1 + jedine\u010dn\u00e1, s prav\u00fdm koloidn\u00edm k\u0159em\u00edkem (2 x 1 litr + 100ml lahvi\u010dka s rozpra\u0161ova\u010dem), zeolitem a oxidem k\u0159emi\u010dit\u00fdm v balen\u00ed na 2-4 m\u011bs\u00edce.","og_url":"https:\/\/trimedea.com\/cs\/produkt\/kremikova-detoxikacni-sada-s-koloidnim-kremikem-zeolitem-a-oxidem-kremicitym\/","og_site_name":"TRIMEDEA","article_modified_time":"2025-09-11T08:43:04+00:00","og_image":[{"width":1000,"height":1000,"url":"https:\/\/trimedea.com\/wp-content\/uploads\/2024\/06\/SILIZIUM-DETOX-SET.jpg","type":"image\/jpeg"}],"twitter_card":"summary_large_image","schema":{"@context":"https:\/\/schema.org","@graph":[{"@type":"WebPage","@id":"https:\/\/trimedea.com\/cs\/produkt\/kremikova-detoxikacni-sada-s-koloidnim-kremikem-zeolitem-a-oxidem-kremicitym\/","url":"https:\/\/trimedea.com\/cs\/produkt\/kremikova-detoxikacni-sada-s-koloidnim-kremikem-zeolitem-a-oxidem-kremicitym\/","name":"Detoxika\u010dn\u00ed sada k\u0159em\u00edku: koloidn\u00ed k\u0159em\u00edk a oxid k\u0159emi\u010dit\u00fd","isPartOf":{"@id":"https:\/\/trimedea.com\/cs\/#website"},"primaryImageOfPage":{"@id":"https:\/\/trimedea.com\/cs\/produkt\/kremikova-detoxikacni-sada-s-koloidnim-kremikem-zeolitem-a-oxidem-kremicitym\/#primaryimage"},"image":{"@id":"https:\/\/trimedea.com\/cs\/produkt\/kremikova-detoxikacni-sada-s-koloidnim-kremikem-zeolitem-a-oxidem-kremicitym\/#primaryimage"},"thumbnailUrl":"https:\/\/trimedea.com\/wp-content\/uploads\/2024\/06\/SILIZIUM-DETOX-SET.jpg","datePublished":"2024-06-05T10:33:25+00:00","dateModified":"2025-09-11T08:43:04+00:00","description":"Detoxika\u010dn\u00ed sada k\u0159em\u00edku: \u00fa\u010dinn\u00e1 + jedine\u010dn\u00e1, s prav\u00fdm koloidn\u00edm k\u0159em\u00edkem (2 x 1 litr + 100ml lahvi\u010dka s rozpra\u0161ova\u010dem), zeolitem a oxidem k\u0159emi\u010dit\u00fdm v balen\u00ed na 2-4 m\u011bs\u00edce.","breadcrumb":{"@id":"https:\/\/trimedea.com\/cs\/produkt\/kremikova-detoxikacni-sada-s-koloidnim-kremikem-zeolitem-a-oxidem-kremicitym\/#breadcrumb"},"inLanguage":"cs","potentialAction":[{"@type":"ReadAction","target":["https:\/\/trimedea.com\/cs\/produkt\/kremikova-detoxikacni-sada-s-koloidnim-kremikem-zeolitem-a-oxidem-kremicitym\/"]}]},{"@type":"ImageObject","inLanguage":"cs","@id":"https:\/\/trimedea.com\/cs\/produkt\/kremikova-detoxikacni-sada-s-koloidnim-kremikem-zeolitem-a-oxidem-kremicitym\/#primaryimage","url":"https:\/\/trimedea.com\/wp-content\/uploads\/2024\/06\/SILIZIUM-DETOX-SET.jpg","contentUrl":"https:\/\/trimedea.com\/wp-content\/uploads\/2024\/06\/SILIZIUM-DETOX-SET.jpg","width":1000,"height":1000,"caption":"Silizium Detox-Set"},{"@type":"BreadcrumbList","@id":"https:\/\/trimedea.com\/cs\/produkt\/kremikova-detoxikacni-sada-s-koloidnim-kremikem-zeolitem-a-oxidem-kremicitym\/#breadcrumb","itemListElement":[{"@type":"ListItem","position":1,"name":"Startseite","item":"https:\/\/trimedea.com\/cs\/"},{"@type":"ListItem","position":2,"name":"TRIMEDEA SHOP","item":"https:\/\/trimedea.com\/cs\/trimedea-shop\/"},{"@type":"ListItem","position":3,"name":"K\u0159em\u00edkov\u00e1 detoxika\u010dn\u00ed sada s koloidn\u00edm k\u0159em\u00edkem, zeolitem a oxidem k\u0159emi\u010dit\u00fdm"}]},{"@type":"WebSite","@id":"https:\/\/trimedea.com\/cs\/#website","url":"https:\/\/trimedea.com\/cs\/","name":"TRIMEDEA","description":"F\u00fcr einen gesunden K\u00f6rper und Geist","publisher":{"@id":"https:\/\/trimedea.com\/cs\/#organization"},"potentialAction":[{"@type":"SearchAction","target":{"@type":"EntryPoint","urlTemplate":"https:\/\/trimedea.com\/cs\/?s={search_term_string}"},"query-input":{"@type":"PropertyValueSpecification","valueRequired":true,"valueName":"search_term_string"}}],"inLanguage":"cs"},{"@type":"Organization","@id":"https:\/\/trimedea.com\/cs\/#organization","name":"TRIMEDEA","url":"https:\/\/trimedea.com\/cs\/","logo":{"@type":"ImageObject","inLanguage":"cs","@id":"https:\/\/trimedea.com\/cs\/#\/schema\/logo\/image\/","url":"https:\/\/trimedea.com\/wp-content\/uploads\/2024\/04\/TRIMEDEA_LOGO.png","contentUrl":"https:\/\/trimedea.com\/wp-content\/uploads\/2024\/04\/TRIMEDEA_LOGO.png","width":540,"height":248,"caption":"TRIMEDEA"},"image":{"@id":"https:\/\/trimedea.com\/cs\/#\/schema\/logo\/image\/"}}]}},"_links":{"self":[{"href":"https:\/\/trimedea.com\/cs\/wp-json\/wp\/v2\/product\/55821","targetHints":{"allow":["GET"]}}],"collection":[{"href":"https:\/\/trimedea.com\/cs\/wp-json\/wp\/v2\/product"}],"about":[{"href":"https:\/\/trimedea.com\/cs\/wp-json\/wp\/v2\/types\/product"}],"version-history":[{"count":1,"href":"https:\/\/trimedea.com\/cs\/wp-json\/wp\/v2\/product\/55821\/revisions"}],"predecessor-version":[{"id":69428,"href":"https:\/\/trimedea.com\/cs\/wp-json\/wp\/v2\/product\/55821\/revisions\/69428"}],"wp:featuredmedia":[{"embeddable":true,"href":"https:\/\/trimedea.com\/cs\/wp-json\/wp\/v2\/media\/55822"}],"wp:attachment":[{"href":"https:\/\/trimedea.com\/cs\/wp-json\/wp\/v2\/media?parent=55821"}],"wp:term":[{"taxonomy":"product_brand","embeddable":true,"href":"https:\/\/trimedea.com\/cs\/wp-json\/wp\/v2\/product_brand?post=55821"},{"taxonomy":"product_cat","embeddable":true,"href":"https:\/\/trimedea.com\/cs\/wp-json\/wp\/v2\/product_cat?post=55821"},{"taxonomy":"product_tag","embeddable":true,"href":"https:\/\/trimedea.com\/cs\/wp-json\/wp\/v2\/product_tag?post=55821"}],"curies":[{"name":"wp","href":"https:\/\/api.w.org\/{rel}","templated":true}]}}