{"id":55866,"date":"2024-05-27T08:56:02","date_gmt":"2024-05-27T08:56:02","guid":{"rendered":"https:\/\/test.trimedea.com\/produkt\/seidu-prulom-vasi-vnitrni-sily-mimo-eu-vc-celni-odbaveni\/"},"modified":"2024-07-04T07:49:58","modified_gmt":"2024-07-04T07:49:58","slug":"seidu-prulom-vasi-vnitrni-sily-mimo-eu-vc-celni-odbaveni","status":"publish","type":"product","link":"https:\/\/trimedea.com\/cs\/produkt\/seidu-prulom-vasi-vnitrni-sily-mimo-eu-vc-celni-odbaveni\/","title":{"rendered":"SEIDU &#8211; Pr\u016flom va\u0161\u00ed vnit\u0159n\u00ed s\u00edly &#8211; mimo EU v\u010d. Celn\u00ed odbaven\u00ed"},"content":{"rendered":"<p>[et_pb_section fb_built=&#8220;1&#8243; _builder_version=&#8220;4.16&#8243; custom_padding=&#8220;0px||3px||false|false&#8220; locked=&#8220;off&#8220; global_colors_info=&#8220;{}&#8220;][et_pb_row _builder_version=&#8220;4.16&#8243; background_size=&#8220;initial&#8220; background_position=&#8220;top_left&#8220; background_repeat=&#8220;repeat&#8220; width=&#8220;100%&#8220; custom_padding=&#8220;0px||0px||false|false&#8220; global_colors_info=&#8220;{}&#8220;][et_pb_column type=&#8220;4_4&#8243; _builder_version=&#8220;4.16&#8243; custom_padding=&#8220;|||&#8220; global_colors_info=&#8220;{}&#8220; custom_padding__hover=&#8220;|||&#8220;][et_pb_wc_breadcrumb breadcrumb_home_text=&#8220;TRIMEDEA SHOP&#8220; breadcrumb_home_url=&#8220;https:\/\/trimedea.com\/trimedea-shop&#8220; breadcrumb_separator=&#8220;|&#8220; admin_label=&#8220;WOO BREADCRUMBS DE&#8220; _builder_version=&#8220;4.25.0&#8243; custom_padding=&#8220;0px||30px||false|false&#8220; global_module=&#8220;466&#8243; saved_tabs=&#8220;all&#8220; locked=&#8220;off&#8220; global_colors_info=&#8220;{}&#8220;][\/et_pb_wc_breadcrumb][et_pb_wc_cart_notice _builder_version=&#8220;4.16&#8243; custom_button=&#8220;on&#8220; button_border_width=&#8220;1px&#8220; button_border_color=&#8220;#FFFFFF&#8220; global_colors_info=&#8220;{}&#8220;][\/et_pb_wc_cart_notice][\/et_pb_column][\/et_pb_row][et_pb_row column_structure=&#8220;1_2,1_2&#8243; _builder_version=&#8220;4.24.3&#8243; background_size=&#8220;initial&#8220; background_position=&#8220;top_left&#8220; background_repeat=&#8220;repeat&#8220; width=&#8220;100%&#8220; custom_margin=&#8220;0px||||false|false&#8220; custom_padding=&#8220;||||false|false&#8220; global_colors_info=&#8220;{}&#8220;][et_pb_column type=&#8220;1_2&#8243; _builder_version=&#8220;4.16&#8243; custom_padding=&#8220;|||&#8220; global_colors_info=&#8220;{}&#8220; custom_padding__hover=&#8220;|||&#8220;][et_pb_wc_images _builder_version=&#8220;4.16&#8243; global_colors_info=&#8220;{}&#8220;][\/et_pb_wc_images][\/et_pb_column][et_pb_column type=&#8220;1_2&#8243; _builder_version=&#8220;4.16&#8243; custom_padding=&#8220;|||&#8220; global_colors_info=&#8220;{}&#8220; custom_padding__hover=&#8220;|||&#8220;][et_pb_wc_title _builder_version=&#8220;4.25.0&#8243; global_colors_info=&#8220;{}&#8220;][\/et_pb_wc_title][et_pb_wc_description _builder_version=&#8220;4.16&#8243; global_colors_info=&#8220;{}&#8220;][\/et_pb_wc_description][et_pb_wc_price _builder_version=&#8220;4.24.3&#8243; body_font=&#8220;|600|||||||&#8220; global_colors_info=&#8220;{}&#8220;][\/et_pb_wc_price][et_pb_wc_add_to_cart _builder_version=&#8220;4.16&#8243; global_colors_info=&#8220;{}&#8220;][\/et_pb_wc_add_to_cart][et_pb_wc_meta _builder_version=&#8220;4.16&#8243; global_colors_info=&#8220;{}&#8220;][\/et_pb_wc_meta][\/et_pb_column][\/et_pb_row][et_pb_row column_structure=&#8220;1_2,1_2&#8243; _builder_version=&#8220;4.24.3&#8243; _module_preset=&#8220;default&#8220; width=&#8220;100%&#8220; locked=&#8220;off&#8220; global_colors_info=&#8220;{}&#8220; custom_css_main_element_phone=&#8220;display: flex;||flex-wrap: wrap;&#8220; custom_css_main_element_last_edited=&#8220;on|phone&#8220;][et_pb_column type=&#8220;1_2&#8243; _builder_version=&#8220;4.24.3&#8243; _module_preset=&#8220;default&#8220; global_colors_info=&#8220;{}&#8220;][et_pb_text admin_label=&#8220;PRODUKTDETAILS&#8220; _builder_version=&#8220;4.25.1&#8243; _module_preset=&#8220;default&#8220; global_colors_info=&#8220;{}&#8220;]<\/p>\n<p><b><br \/>Technick\u00e9 \u00fadaje:<\/b><b><b>Rozm\u011bry <\/b>: 120x65x22 mm (d\u00e9lka, \u0161\u00ed\u0159ka, v\u00fd\u0161ka)<\/b><br \/><strong>Baterie:<\/strong> Lithium-polymerov\u00e1 baterie: 2400 mA, nab\u00edjec\u00ed kabel USB-C<\/p>\n<p class=\"p2\"><b><br \/>Generov\u00e1n\u00ed sign\u00e1lu:<\/b>Ultrazvukov\u00fd analog: 40 000 &#8211; 50 000 Hz n\u00edzk\u00e1 \u00farove\u0148<b><\/b><br \/>Digit\u00e1ln\u00ed r\u016f\u017eov\u00fd \u0161um: 1-20 000 Hz<br \/>2 x RGB LED jako stavov\u00fd displej<br \/><b><br \/>4 tla\u010d\u00edtka:<\/b>zapnut\u00ed \/ vypnut\u00ed \/ re\u017eim sign\u00e1lu &#8211; hlasitost plus &#8211; hlasitost minus &#8211; spu\u0161t\u011bn\u00ed \/ pozastaven\u00ed \/ zastaven\u00ed \/ dal\u0161\u00ed zvukov\u00e1 stopa<b><\/b><\/p>\n<p>[\/et_pb_text][\/et_pb_column][et_pb_column type=&#8220;1_2&#8243; _builder_version=&#8220;4.24.3&#8243; _module_preset=&#8220;default&#8220; global_colors_info=&#8220;{}&#8220;][et_pb_text admin_label=&#8220;PRODUKTDETAILS&#8220; _builder_version=&#8220;4.25.1&#8243; _module_preset=&#8220;default&#8220; global_colors_info=&#8220;{}&#8220;]<\/p>\n<p>Funkce:<\/p>\n<p><strong>V\u00fdstup:<\/strong><\/p>\n<ul>\n<li>Karta MicroSD, zvuk .wav (nekomprimovan\u00fd), .mp3 (komprimovan\u00fd)<\/li>\n<li>Ultrazvuk se zvukov\u00fdm sign\u00e1lem a bez n\u011bj<\/li>\n<li>Ultrazvuk plus r\u016f\u017eov\u00fd \u0161um se zvukov\u00fdm sign\u00e1lem a bez n\u011bj<\/li>\n<li>V\u00fdstupn\u00ed audio sign\u00e1l sluch\u00e1tek<\/li>\n<li>V\u00fdstupn\u00ed audio sign\u00e1l sluch\u00e1tek plus r\u016f\u017eov\u00fd \u0161um<\/li>\n<li>Sn\u00edma\u010d pro p\u0159enos sign\u00e1l\u016f na k\u016f\u017ei<\/li>\n<\/ul>\n<p><strong>Vstup:<\/strong><\/p>\n<ul>\n<li>Karta MicroSD, zvuk .wav (nekomprimovan\u00fd), .mp3 (komprimovan\u00fd)<\/li>\n<li>Audio kabel USB-C \/ 3,5mm jack, extern\u00ed audio p\u0159ehr\u00e1va\u010d, telefon, tablet atd.<\/li>\n<\/ul>\n<p><strong>V\u010detn\u011b audio programu SEIDU &#8222;Cesta du\u0161e&#8220;<\/strong><span class=\"Apple-converted-space\"><br \/>\n  <strong> <\/strong><br \/>\n  <br \/>\n<\/span>Inspirov\u00e1no prac\u00ed Dr. Michaela Newtona (\u017divot mezi \u017eivoty), Vardy Hasselmannov\u00e9 (Sv\u011bty du\u0161e) a zku\u0161enostmi z nes\u010detn\u00fdch hypnotick\u00fdch a reinkarna\u010dn\u00edch sezen\u00ed, kter\u00e1 jsme b\u011bhem desetilet\u00ed pr\u00e1ce s na\u0161imi klienty vedli.<\/p>\n<p>Po zakoupen\u00ed kontaktujte <strong><br \/>\n  <a href=\"https:\/\/seinundwirken.com\/mein-konto\/\" target=\"_blank\" rel=\"noopener\">B\u00fdt a pracovat<\/a><br \/>\n<\/strong> a z\u00edsk\u00e1te p\u0159\u00edstup k dal\u0161\u00edm popis\u016fm funkc\u00ed a soubor\u016fm ke sta\u017een\u00ed.<\/p>\n<p>[\/et_pb_text][\/et_pb_column][\/et_pb_row][et_pb_row _builder_version=&#8220;4.16&#8243; background_size=&#8220;initial&#8220; background_position=&#8220;top_left&#8220; background_repeat=&#8220;repeat&#8220; width=&#8220;100%&#8220; global_colors_info=&#8220;{}&#8220;][et_pb_column type=&#8220;4_4&#8243; _builder_version=&#8220;4.16&#8243; custom_padding=&#8220;|||&#8220; global_colors_info=&#8220;{}&#8220; custom_padding__hover=&#8220;|||&#8220;][et_pb_wc_upsells _builder_version=&#8220;4.16&#8243; global_colors_info=&#8220;{}&#8220;][\/et_pb_wc_upsells][et_pb_wc_related_products posts_number=&#8220;4&#8243; columns_number=&#8220;4&#8243; include_categories=&#8220;93&#8243; _builder_version=&#8220;4.25.1&#8243; global_colors_info=&#8220;{}&#8220;][\/et_pb_wc_related_products][\/et_pb_column][\/et_pb_row][\/et_pb_section]<\/p>\n","protected":false},"excerpt":{"rendered":"<p><strong>SEIDU je tady! Zapojte se do tohoto individu\u00e1ln\u00edho v\u00fdzkumn\u00e9ho projektu!<br \/>\n<\/strong>Regenerace t\u011bla, mysli a du\u0161e pro zdrav\u00fd a sebev\u011bdom\u00fd \u017eivot v rovnov\u00e1ze.<br \/>\nV\u00fdm\u011bna je snadn\u00e1, \u0161etrn\u00e1 a rychl\u00e1! Sou\u010d\u00e1st\u00ed standardn\u00ed v\u00fdbavy je audio program \u010d. 1 &#8222;Cesta du\u0161e&#8220; na kart\u011b micro SD.<\/p>\n","protected":false},"featured_media":55875,"template":"","meta":{"_et_pb_use_builder":"on","_et_pb_old_content":"","_et_gb_content_width":"","footnotes":""},"product_brand":[],"product_cat":[187],"product_tag":[],"class_list":{"0":"post-55866","1":"product","2":"type-product","3":"status-publish","4":"has-post-thumbnail","6":"product_cat-diverse-cs","8":"first","9":"outofstock","10":"taxable","11":"shipping-taxable","12":"purchasable","13":"product-type-variable","14":"has-default-attributes"},"yoast_head":"<!-- This site is optimized with the Yoast SEO plugin v27.4 - https:\/\/yoast.com\/product\/yoast-seo-wordpress\/ -->\n<title>SEIDU - Odemyk\u00e1n\u00ed potenci\u00e1lu podv\u011bdom\u00ed<\/title>\n<meta name=\"description\" content=\"A\u0165 u\u017e se jedn\u00e1 o relaxaci, meditaci, u\u010den\u00ed ve sp\u00e1nku, superlearning, hypn\u00f3zu, sugesci, synchronizaci mozkov\u00fdch hemisf\u00e9r - SEIDU je \u0159e\u0161en\u00edm.\" \/>\n<meta name=\"robots\" content=\"index, follow, max-snippet:-1, max-image-preview:large, max-video-preview:-1\" \/>\n<link rel=\"canonical\" href=\"https:\/\/trimedea.com\/cs\/produkt\/seidu-prulom-vasi-vnitrni-sily-mimo-eu-vc-celni-odbaveni\/\" \/>\n<meta property=\"og:locale\" content=\"cs_CZ\" \/>\n<meta property=\"og:type\" content=\"article\" \/>\n<meta property=\"og:title\" content=\"SEIDU - Odemyk\u00e1n\u00ed potenci\u00e1lu podv\u011bdom\u00ed\" \/>\n<meta property=\"og:description\" content=\"A\u0165 u\u017e se jedn\u00e1 o relaxaci, meditaci, u\u010den\u00ed ve sp\u00e1nku, superlearning, hypn\u00f3zu, sugesci, synchronizaci mozkov\u00fdch hemisf\u00e9r - SEIDU je \u0159e\u0161en\u00edm.\" \/>\n<meta property=\"og:url\" content=\"https:\/\/trimedea.com\/cs\/produkt\/seidu-prulom-vasi-vnitrni-sily-mimo-eu-vc-celni-odbaveni\/\" \/>\n<meta property=\"og:site_name\" content=\"TRIMEDEA\" \/>\n<meta property=\"article:modified_time\" content=\"2024-07-04T07:49:58+00:00\" \/>\n<meta property=\"og:image\" content=\"https:\/\/trimedea.com\/wp-content\/uploads\/2024\/05\/SEIDU.jpg\" \/>\n\t<meta property=\"og:image:width\" content=\"1000\" \/>\n\t<meta property=\"og:image:height\" content=\"1000\" \/>\n\t<meta property=\"og:image:type\" content=\"image\/jpeg\" \/>\n<meta name=\"twitter:card\" content=\"summary_large_image\" \/>\n<script type=\"application\/ld+json\" class=\"yoast-schema-graph\">{\"@context\":\"https:\\\/\\\/schema.org\",\"@graph\":[{\"@type\":\"WebPage\",\"@id\":\"https:\\\/\\\/trimedea.com\\\/cs\\\/produkt\\\/seidu-prulom-vasi-vnitrni-sily-mimo-eu-vc-celni-odbaveni\\\/\",\"url\":\"https:\\\/\\\/trimedea.com\\\/cs\\\/produkt\\\/seidu-prulom-vasi-vnitrni-sily-mimo-eu-vc-celni-odbaveni\\\/\",\"name\":\"SEIDU - Odemyk\u00e1n\u00ed potenci\u00e1lu podv\u011bdom\u00ed\",\"isPartOf\":{\"@id\":\"https:\\\/\\\/trimedea.com\\\/cs\\\/#website\"},\"primaryImageOfPage\":{\"@id\":\"https:\\\/\\\/trimedea.com\\\/cs\\\/produkt\\\/seidu-prulom-vasi-vnitrni-sily-mimo-eu-vc-celni-odbaveni\\\/#primaryimage\"},\"image\":{\"@id\":\"https:\\\/\\\/trimedea.com\\\/cs\\\/produkt\\\/seidu-prulom-vasi-vnitrni-sily-mimo-eu-vc-celni-odbaveni\\\/#primaryimage\"},\"thumbnailUrl\":\"https:\\\/\\\/trimedea.com\\\/wp-content\\\/uploads\\\/2024\\\/05\\\/SEIDU.jpg\",\"datePublished\":\"2024-05-27T08:56:02+00:00\",\"dateModified\":\"2024-07-04T07:49:58+00:00\",\"description\":\"A\u0165 u\u017e se jedn\u00e1 o relaxaci, meditaci, u\u010den\u00ed ve sp\u00e1nku, superlearning, hypn\u00f3zu, sugesci, synchronizaci mozkov\u00fdch hemisf\u00e9r - SEIDU je \u0159e\u0161en\u00edm.\",\"breadcrumb\":{\"@id\":\"https:\\\/\\\/trimedea.com\\\/cs\\\/produkt\\\/seidu-prulom-vasi-vnitrni-sily-mimo-eu-vc-celni-odbaveni\\\/#breadcrumb\"},\"inLanguage\":\"cs\",\"potentialAction\":[{\"@type\":\"ReadAction\",\"target\":[\"https:\\\/\\\/trimedea.com\\\/cs\\\/produkt\\\/seidu-prulom-vasi-vnitrni-sily-mimo-eu-vc-celni-odbaveni\\\/\"]}]},{\"@type\":\"ImageObject\",\"inLanguage\":\"cs\",\"@id\":\"https:\\\/\\\/trimedea.com\\\/cs\\\/produkt\\\/seidu-prulom-vasi-vnitrni-sily-mimo-eu-vc-celni-odbaveni\\\/#primaryimage\",\"url\":\"https:\\\/\\\/trimedea.com\\\/wp-content\\\/uploads\\\/2024\\\/05\\\/SEIDU.jpg\",\"contentUrl\":\"https:\\\/\\\/trimedea.com\\\/wp-content\\\/uploads\\\/2024\\\/05\\\/SEIDU.jpg\",\"width\":1000,\"height\":1000},{\"@type\":\"BreadcrumbList\",\"@id\":\"https:\\\/\\\/trimedea.com\\\/cs\\\/produkt\\\/seidu-prulom-vasi-vnitrni-sily-mimo-eu-vc-celni-odbaveni\\\/#breadcrumb\",\"itemListElement\":[{\"@type\":\"ListItem\",\"position\":1,\"name\":\"Startseite\",\"item\":\"https:\\\/\\\/trimedea.com\\\/cs\\\/\"},{\"@type\":\"ListItem\",\"position\":2,\"name\":\"TRIMEDEA SHOP\",\"item\":\"https:\\\/\\\/trimedea.com\\\/cs\\\/trimedea-shop\\\/\"},{\"@type\":\"ListItem\",\"position\":3,\"name\":\"SEIDU &#8211; Pr\u016flom va\u0161\u00ed vnit\u0159n\u00ed s\u00edly &#8211; mimo EU v\u010d. Celn\u00ed odbaven\u00ed\"}]},{\"@type\":\"WebSite\",\"@id\":\"https:\\\/\\\/trimedea.com\\\/cs\\\/#website\",\"url\":\"https:\\\/\\\/trimedea.com\\\/cs\\\/\",\"name\":\"TRIMEDEA\",\"description\":\"F\u00fcr einen gesunden K\u00f6rper und Geist\",\"publisher\":{\"@id\":\"https:\\\/\\\/trimedea.com\\\/cs\\\/#organization\"},\"potentialAction\":[{\"@type\":\"SearchAction\",\"target\":{\"@type\":\"EntryPoint\",\"urlTemplate\":\"https:\\\/\\\/trimedea.com\\\/cs\\\/?s={search_term_string}\"},\"query-input\":{\"@type\":\"PropertyValueSpecification\",\"valueRequired\":true,\"valueName\":\"search_term_string\"}}],\"inLanguage\":\"cs\"},{\"@type\":\"Organization\",\"@id\":\"https:\\\/\\\/trimedea.com\\\/cs\\\/#organization\",\"name\":\"TRIMEDEA\",\"url\":\"https:\\\/\\\/trimedea.com\\\/cs\\\/\",\"logo\":{\"@type\":\"ImageObject\",\"inLanguage\":\"cs\",\"@id\":\"https:\\\/\\\/trimedea.com\\\/cs\\\/#\\\/schema\\\/logo\\\/image\\\/\",\"url\":\"https:\\\/\\\/trimedea.com\\\/wp-content\\\/uploads\\\/2024\\\/04\\\/TRIMEDEA_LOGO.png\",\"contentUrl\":\"https:\\\/\\\/trimedea.com\\\/wp-content\\\/uploads\\\/2024\\\/04\\\/TRIMEDEA_LOGO.png\",\"width\":540,\"height\":248,\"caption\":\"TRIMEDEA\"},\"image\":{\"@id\":\"https:\\\/\\\/trimedea.com\\\/cs\\\/#\\\/schema\\\/logo\\\/image\\\/\"}}]}<\/script>\n<!-- \/ Yoast SEO plugin. -->","yoast_head_json":{"title":"SEIDU - Odemyk\u00e1n\u00ed potenci\u00e1lu podv\u011bdom\u00ed","description":"A\u0165 u\u017e se jedn\u00e1 o relaxaci, meditaci, u\u010den\u00ed ve sp\u00e1nku, superlearning, hypn\u00f3zu, sugesci, synchronizaci mozkov\u00fdch hemisf\u00e9r - SEIDU je \u0159e\u0161en\u00edm.","robots":{"index":"index","follow":"follow","max-snippet":"max-snippet:-1","max-image-preview":"max-image-preview:large","max-video-preview":"max-video-preview:-1"},"canonical":"https:\/\/trimedea.com\/cs\/produkt\/seidu-prulom-vasi-vnitrni-sily-mimo-eu-vc-celni-odbaveni\/","og_locale":"cs_CZ","og_type":"article","og_title":"SEIDU - Odemyk\u00e1n\u00ed potenci\u00e1lu podv\u011bdom\u00ed","og_description":"A\u0165 u\u017e se jedn\u00e1 o relaxaci, meditaci, u\u010den\u00ed ve sp\u00e1nku, superlearning, hypn\u00f3zu, sugesci, synchronizaci mozkov\u00fdch hemisf\u00e9r - SEIDU je \u0159e\u0161en\u00edm.","og_url":"https:\/\/trimedea.com\/cs\/produkt\/seidu-prulom-vasi-vnitrni-sily-mimo-eu-vc-celni-odbaveni\/","og_site_name":"TRIMEDEA","article_modified_time":"2024-07-04T07:49:58+00:00","og_image":[{"width":1000,"height":1000,"url":"https:\/\/trimedea.com\/wp-content\/uploads\/2024\/05\/SEIDU.jpg","type":"image\/jpeg"}],"twitter_card":"summary_large_image","schema":{"@context":"https:\/\/schema.org","@graph":[{"@type":"WebPage","@id":"https:\/\/trimedea.com\/cs\/produkt\/seidu-prulom-vasi-vnitrni-sily-mimo-eu-vc-celni-odbaveni\/","url":"https:\/\/trimedea.com\/cs\/produkt\/seidu-prulom-vasi-vnitrni-sily-mimo-eu-vc-celni-odbaveni\/","name":"SEIDU - Odemyk\u00e1n\u00ed potenci\u00e1lu podv\u011bdom\u00ed","isPartOf":{"@id":"https:\/\/trimedea.com\/cs\/#website"},"primaryImageOfPage":{"@id":"https:\/\/trimedea.com\/cs\/produkt\/seidu-prulom-vasi-vnitrni-sily-mimo-eu-vc-celni-odbaveni\/#primaryimage"},"image":{"@id":"https:\/\/trimedea.com\/cs\/produkt\/seidu-prulom-vasi-vnitrni-sily-mimo-eu-vc-celni-odbaveni\/#primaryimage"},"thumbnailUrl":"https:\/\/trimedea.com\/wp-content\/uploads\/2024\/05\/SEIDU.jpg","datePublished":"2024-05-27T08:56:02+00:00","dateModified":"2024-07-04T07:49:58+00:00","description":"A\u0165 u\u017e se jedn\u00e1 o relaxaci, meditaci, u\u010den\u00ed ve sp\u00e1nku, superlearning, hypn\u00f3zu, sugesci, synchronizaci mozkov\u00fdch hemisf\u00e9r - SEIDU je \u0159e\u0161en\u00edm.","breadcrumb":{"@id":"https:\/\/trimedea.com\/cs\/produkt\/seidu-prulom-vasi-vnitrni-sily-mimo-eu-vc-celni-odbaveni\/#breadcrumb"},"inLanguage":"cs","potentialAction":[{"@type":"ReadAction","target":["https:\/\/trimedea.com\/cs\/produkt\/seidu-prulom-vasi-vnitrni-sily-mimo-eu-vc-celni-odbaveni\/"]}]},{"@type":"ImageObject","inLanguage":"cs","@id":"https:\/\/trimedea.com\/cs\/produkt\/seidu-prulom-vasi-vnitrni-sily-mimo-eu-vc-celni-odbaveni\/#primaryimage","url":"https:\/\/trimedea.com\/wp-content\/uploads\/2024\/05\/SEIDU.jpg","contentUrl":"https:\/\/trimedea.com\/wp-content\/uploads\/2024\/05\/SEIDU.jpg","width":1000,"height":1000},{"@type":"BreadcrumbList","@id":"https:\/\/trimedea.com\/cs\/produkt\/seidu-prulom-vasi-vnitrni-sily-mimo-eu-vc-celni-odbaveni\/#breadcrumb","itemListElement":[{"@type":"ListItem","position":1,"name":"Startseite","item":"https:\/\/trimedea.com\/cs\/"},{"@type":"ListItem","position":2,"name":"TRIMEDEA SHOP","item":"https:\/\/trimedea.com\/cs\/trimedea-shop\/"},{"@type":"ListItem","position":3,"name":"SEIDU &#8211; Pr\u016flom va\u0161\u00ed vnit\u0159n\u00ed s\u00edly &#8211; mimo EU v\u010d. Celn\u00ed odbaven\u00ed"}]},{"@type":"WebSite","@id":"https:\/\/trimedea.com\/cs\/#website","url":"https:\/\/trimedea.com\/cs\/","name":"TRIMEDEA","description":"F\u00fcr einen gesunden K\u00f6rper und Geist","publisher":{"@id":"https:\/\/trimedea.com\/cs\/#organization"},"potentialAction":[{"@type":"SearchAction","target":{"@type":"EntryPoint","urlTemplate":"https:\/\/trimedea.com\/cs\/?s={search_term_string}"},"query-input":{"@type":"PropertyValueSpecification","valueRequired":true,"valueName":"search_term_string"}}],"inLanguage":"cs"},{"@type":"Organization","@id":"https:\/\/trimedea.com\/cs\/#organization","name":"TRIMEDEA","url":"https:\/\/trimedea.com\/cs\/","logo":{"@type":"ImageObject","inLanguage":"cs","@id":"https:\/\/trimedea.com\/cs\/#\/schema\/logo\/image\/","url":"https:\/\/trimedea.com\/wp-content\/uploads\/2024\/04\/TRIMEDEA_LOGO.png","contentUrl":"https:\/\/trimedea.com\/wp-content\/uploads\/2024\/04\/TRIMEDEA_LOGO.png","width":540,"height":248,"caption":"TRIMEDEA"},"image":{"@id":"https:\/\/trimedea.com\/cs\/#\/schema\/logo\/image\/"}}]}},"_links":{"self":[{"href":"https:\/\/trimedea.com\/cs\/wp-json\/wp\/v2\/product\/55866","targetHints":{"allow":["GET"]}}],"collection":[{"href":"https:\/\/trimedea.com\/cs\/wp-json\/wp\/v2\/product"}],"about":[{"href":"https:\/\/trimedea.com\/cs\/wp-json\/wp\/v2\/types\/product"}],"version-history":[{"count":0,"href":"https:\/\/trimedea.com\/cs\/wp-json\/wp\/v2\/product\/55866\/revisions"}],"wp:featuredmedia":[{"embeddable":true,"href":"https:\/\/trimedea.com\/cs\/wp-json\/wp\/v2\/media\/55875"}],"wp:attachment":[{"href":"https:\/\/trimedea.com\/cs\/wp-json\/wp\/v2\/media?parent=55866"}],"wp:term":[{"taxonomy":"product_brand","embeddable":true,"href":"https:\/\/trimedea.com\/cs\/wp-json\/wp\/v2\/product_brand?post=55866"},{"taxonomy":"product_cat","embeddable":true,"href":"https:\/\/trimedea.com\/cs\/wp-json\/wp\/v2\/product_cat?post=55866"},{"taxonomy":"product_tag","embeddable":true,"href":"https:\/\/trimedea.com\/cs\/wp-json\/wp\/v2\/product_tag?post=55866"}],"curies":[{"name":"wp","href":"https:\/\/api.w.org\/{rel}","templated":true}]}}