{"id":55887,"date":"2024-05-22T11:18:21","date_gmt":"2024-05-22T11:18:21","guid":{"rendered":"https:\/\/test.trimedea.com\/produkt\/umh-energy-45\/"},"modified":"2024-10-09T07:56:19","modified_gmt":"2024-10-09T07:56:19","slug":"umh-energy-45","status":"publish","type":"product","link":"https:\/\/trimedea.com\/cs\/produkt\/umh-energy-45\/","title":{"rendered":"UMH Energy 45"},"content":{"rendered":"<p>[et_pb_section fb_built=&#8220;1&#8243; _builder_version=&#8220;4.16&#8243; custom_padding=&#8220;0px||3px||false|false&#8220; global_colors_info=&#8220;{}&#8220;][et_pb_row _builder_version=&#8220;4.16&#8243; background_size=&#8220;initial&#8220; background_position=&#8220;top_left&#8220; background_repeat=&#8220;repeat&#8220; width=&#8220;100%&#8220; custom_padding=&#8220;0px||0px||false|false&#8220; global_colors_info=&#8220;{}&#8220;][et_pb_column type=&#8220;4_4&#8243; _builder_version=&#8220;4.16&#8243; custom_padding=&#8220;|||&#8220; global_colors_info=&#8220;{}&#8220; custom_padding__hover=&#8220;|||&#8220;][et_pb_wc_breadcrumb breadcrumb_home_text=&#8220;TRIMEDEA SHOP&#8220; breadcrumb_home_url=&#8220;https:\/\/trimedea.com\/trimedea-shop&#8220; breadcrumb_separator=&#8220;|&#8220; admin_label=&#8220;WOO BREADCRUMBS DE&#8220; _builder_version=&#8220;4.25.0&#8243; custom_padding=&#8220;0px||30px||false|false&#8220; saved_tabs=&#8220;all&#8220; global_colors_info=&#8220;{}&#8220;][\/et_pb_wc_breadcrumb][et_pb_wc_cart_notice _builder_version=&#8220;4.16&#8243; custom_button=&#8220;on&#8220; button_border_width=&#8220;1px&#8220; button_border_color=&#8220;#FFFFFF&#8220; global_colors_info=&#8220;{}&#8220;][\/et_pb_wc_cart_notice][\/et_pb_column][\/et_pb_row][et_pb_row column_structure=&#8220;1_2,1_2&#8243; _builder_version=&#8220;4.25.0&#8243; background_size=&#8220;initial&#8220; background_position=&#8220;top_left&#8220; background_repeat=&#8220;repeat&#8220; width=&#8220;100%&#8220; custom_margin=&#8220;0px||||false|false&#8220; custom_padding=&#8220;||||false|false&#8220; global_colors_info=&#8220;{}&#8220;][et_pb_column type=&#8220;1_2&#8243; _builder_version=&#8220;4.25.0&#8243; custom_padding=&#8220;|||&#8220; custom_padding_tablet=&#8220;|||&#8220; custom_padding_phone=&#8220;|0px||0px|false|false&#8220; custom_padding_last_edited=&#8220;on|phone&#8220; global_colors_info=&#8220;{}&#8220; custom_padding__hover=&#8220;|||&#8220;][et_pb_wc_images _builder_version=&#8220;4.25.0&#8243; custom_margin_tablet=&#8220;&#8220; custom_margin_phone=&#8220;||||false|false&#8220; custom_margin_last_edited=&#8220;on|phone&#8220; custom_padding_tablet=&#8220;&#8220; custom_padding_phone=&#8220;30px||||false|false&#8220; custom_padding_last_edited=&#8220;on|phone&#8220; global_colors_info=&#8220;{}&#8220;][\/et_pb_wc_images][\/et_pb_column][et_pb_column type=&#8220;1_2&#8243; _builder_version=&#8220;4.16&#8243; custom_padding=&#8220;|||&#8220; global_colors_info=&#8220;{}&#8220; custom_padding__hover=&#8220;|||&#8220;][et_pb_wc_title _builder_version=&#8220;4.25.0&#8243; global_colors_info=&#8220;{}&#8220;][\/et_pb_wc_title][et_pb_wc_description _builder_version=&#8220;4.16&#8243; global_colors_info=&#8220;{}&#8220;][\/et_pb_wc_description][et_pb_wc_price _builder_version=&#8220;4.24.3&#8243; body_font=&#8220;|600|||||||&#8220; global_colors_info=&#8220;{}&#8220;][\/et_pb_wc_price][et_pb_wc_add_to_cart _builder_version=&#8220;4.16&#8243; global_colors_info=&#8220;{}&#8220;][\/et_pb_wc_add_to_cart][et_pb_wc_meta _builder_version=&#8220;4.16&#8243; global_colors_info=&#8220;{}&#8220;][\/et_pb_wc_meta][\/et_pb_column][\/et_pb_row][et_pb_row column_structure=&#8220;1_2,1_2&#8243; _builder_version=&#8220;4.25.0&#8243; _module_preset=&#8220;default&#8220; width=&#8220;100%&#8220; global_colors_info=&#8220;{}&#8220; custom_css_main_element_phone=&#8220;display: flex;||flex-wrap: wrap;&#8220; custom_css_main_element_last_edited=&#8220;on|phone&#8220;][et_pb_column type=&#8220;1_2&#8243; _builder_version=&#8220;4.25.0&#8243; _module_preset=&#8220;default&#8220; global_colors_info=&#8220;{}&#8220; custom_css_main_element_last_edited=&#8220;on|phone&#8220; custom_css_main_element_phone=&#8220;order:2;&#8220;][et_pb_text admin_label=&#8220;ANWENDUNG&#8220; _builder_version=&#8220;4.25.0&#8243; _module_preset=&#8220;default&#8220; ul_font_size=&#8220;16px&#8220; ul_line_height=&#8220;1.7em&#8220; header_3_line_height=&#8220;1.5em&#8220; background_color=&#8220;#ebebeb&#8220; width_tablet=&#8220;&#8220; width_phone=&#8220;100%&#8220; width_last_edited=&#8220;on|phone&#8220; max_width=&#8220;100%&#8220; custom_margin_tablet=&#8220;&#8220; custom_margin_phone=&#8220;30px||||false|false&#8220; custom_margin_last_edited=&#8220;on|phone&#8220; custom_padding=&#8220;30px|30px|30px|30px|true|true&#8220; custom_padding_tablet=&#8220;30px|30px|30px|30px|true|true&#8220; custom_padding_phone=&#8220;0px|0px|0px|0px|true|true&#8220; custom_padding_last_edited=&#8220;on|phone&#8220; background_color_phone=&#8220;RGBA(255,255,255,0)&#8220; background_last_edited=&#8220;on|phone&#8220; background_enable_color_phone=&#8220;on&#8220; global_colors_info=&#8220;{}&#8220;]<\/p>\n<p><strong>UMH Energy 45 na ochranu proti:<\/strong><\/p>\n<ul>\n<li>Expozice elektrosmogu zp\u016fsoben\u00e1 vysokofrekven\u010dn\u00edm z\u00e1\u0159en\u00edm, vys\u00edlac\u00edmi sto\u017e\u00e1ry UMTS, W-LAN, Bluetooth, radarem, TV, rozhlasov\u00fdmi a r\u00e1diov\u00fdmi vys\u00edla\u010di, leteckou dopravou, mobiln\u00edmi telefony, bezdr\u00e1tov\u00fdmi telefony, sto\u017e\u00e1ry mobiln\u00edch telefon\u016f.<\/li>\n<li>Elektromagnetick\u00e9 ru\u0161en\u00ed z po\u010d\u00edta\u010d\u016f, tisk\u00e1ren, elektrick\u00fdch za\u0159\u00edzen\u00ed atd.<\/li>\n<li>Geopatogenn\u00ed ru\u0161iv\u00e9 z\u00f3ny, vodn\u00ed \u017e\u00edly a podobn\u011b.<\/li>\n<\/ul>\n<p>Znaleck\u00e9 posudky o \u00fa\u010dinc\u00edch a dopadech UMH Energy naleznete zde: <a href=\"https:\/\/umh.at\/umh-energy-gutachten\/\" target=\"_blank\" rel=\"noopener\"><br \/>\n  <span class=\"s1\">Odkaz<\/span><br \/>\n<\/a><\/p>\n<p>[\/et_pb_text][\/et_pb_column][et_pb_column type=&#8220;1_2&#8243; _builder_version=&#8220;4.25.0&#8243; _module_preset=&#8220;default&#8220; global_colors_info=&#8220;{}&#8220; custom_css_main_element_last_edited=&#8220;on|phone&#8220; custom_css_main_element_phone=&#8220;order:1;&#8220;][et_pb_text admin_label=&#8220;PRODUKTDETAILS&#8220; _builder_version=&#8220;4.25.0&#8243; _module_preset=&#8220;default&#8220; global_colors_info=&#8220;{}&#8220;]<\/p>\n<p>Ka\u017edodenn\u00ed pou\u017e\u00edv\u00e1n\u00ed mobiln\u00edch telefon\u016f, telefon\u016f DECT, po\u010d\u00edta\u010dov\u00fdch p\u0159ipojen\u00ed WLAN a st\u00e1le se zvy\u0161uj\u00edc\u00ed \u00farove\u0148 vysokofrekven\u010dn\u00edho z\u00e1\u0159en\u00ed (elektrosmogu) vede k trval\u00e9mu stresu v t\u011ble. B\u011bhem dne a zejm\u00e9na v noci je pro na\u0161e t\u011blo d\u016fle\u017eit\u00e9 odpo\u010d\u00edvat, aby mohly prob\u00edhat procesy obnovy a regenerace.<\/p>\n<p>UMH Energy poskytuje dodate\u010dnou ochranu proti proudov\u00fdm ztr\u00e1t\u00e1m.<\/p>\n<p>[\/et_pb_text][\/et_pb_column][\/et_pb_row][et_pb_row custom_padding_last_edited=&#8220;on|phone&#8220; _builder_version=&#8220;4.25.0&#8243; background_size=&#8220;initial&#8220; background_position=&#8220;top_left&#8220; background_repeat=&#8220;repeat&#8220; width=&#8220;100%&#8220; custom_margin_tablet=&#8220;&#8220; custom_margin_phone=&#8220;||||false|false&#8220; custom_margin_last_edited=&#8220;on|phone&#8220; custom_padding_tablet=&#8220;&#8220; custom_padding_phone=&#8220;0px||||false|false&#8220; global_colors_info=&#8220;{}&#8220;][et_pb_column type=&#8220;4_4&#8243; _builder_version=&#8220;4.16&#8243; custom_padding=&#8220;|||&#8220; global_colors_info=&#8220;{}&#8220; custom_padding__hover=&#8220;|||&#8220;][et_pb_wc_upsells _builder_version=&#8220;4.16&#8243; global_colors_info=&#8220;{}&#8220;][\/et_pb_wc_upsells][et_pb_wc_related_products posts_number=&#8220;4&#8243; columns_number=&#8220;4&#8243; include_categories=&#8220;90&#8243; _builder_version=&#8220;4.25.1&#8243; global_colors_info=&#8220;{}&#8220;][\/et_pb_wc_related_products][\/et_pb_column][\/et_pb_row][et_pb_row _builder_version=&#8220;4.25.0&#8243; _module_preset=&#8220;default&#8220; width=&#8220;100%&#8220; max_width=&#8220;100%&#8220; custom_margin=&#8220;0px||||false|false&#8220; custom_padding=&#8220;0px||||false|false&#8220; locked=&#8220;off&#8220; global_colors_info=&#8220;{}&#8220;][et_pb_column type=&#8220;4_4&#8243; _builder_version=&#8220;4.25.0&#8243; _module_preset=&#8220;default&#8220; global_colors_info=&#8220;{}&#8220;][et_pb_image src=&#8220;https:\/\/trimedea.com\/wp-content\/uploads\/2024\/05\/UMH_ENERGY_logo.png&#8220; title_text=&#8220;UMH_ENERGY_logo&#8220; align=&#8220;center&#8220; _builder_version=&#8220;4.25.0&#8243; _module_preset=&#8220;default&#8220; width=&#8220;20%&#8220; max_width=&#8220;20%&#8220; custom_padding=&#8220;0px||||false|false&#8220; global_colors_info=&#8220;{}&#8220;][\/et_pb_image][et_pb_text _builder_version=&#8220;4.25.0&#8243; _module_preset=&#8220;default&#8220; global_colors_info=&#8220;{}&#8220;]<\/p>\n<h3>U\u017eite\u010dn\u00e1 ochrana proti elektrosmogu a ru\u0161iv\u00fdm z\u00f3n\u00e1m<\/h3>\n<p>Je dob\u0159e zn\u00e1mo, \u017ee pou\u017e\u00edv\u00e1n\u00ed mobiln\u00edch telefon\u016f, telefon\u016f DECT, 5G, po\u010d\u00edta\u010dov\u00fdch p\u0159ipojen\u00ed WLAN atd. vytv\u00e1\u0159\u00ed vysokofrekven\u010dn\u00ed elektrosmog\/elektrostres. Odborn\u00edci a ned\u00e1vno i N\u011bmeck\u00e1 l\u00e9ka\u0159sk\u00e1 asociace ji\u017e mnoho let varuj\u00ed, \u017ee elektrosmog p\u0159edstavuje akutn\u00ed zdravotn\u00ed hrozbu.<\/p>\n<p>Bezdr\u00e1tov\u00e9 telefony DECT a po\u010d\u00edta\u010dov\u00e9 s\u00edt\u011b WLAN p\u0159in\u00e1\u0161ej\u00ed do va\u0161eho domova vlastn\u00ed vys\u00edla\u010d mobiln\u00edho telefonu a vystavuj\u00ed v\u00e1\u0161 organismus vysok\u00e9 z\u00e1t\u011b\u017ei, proto\u017ee tyto syst\u00e9my nep\u0159etr\u017eit\u011b vys\u00edlaj\u00ed vysokofrekven\u010dn\u00ed pulzn\u00ed z\u00e1\u0159en\u00ed. Elektrosmog\/elektrostres zp\u016fsobuj\u00ed i oby\u010dejn\u00e9 televizn\u00ed, rozhlasov\u00e9 a r\u00e1diov\u00e9 vys\u00edla\u010de, transform\u00e1torov\u00e9 lampy, radiobud\u00edky, stm\u00edva\u010de, vysokonap\u011b\u0165ov\u00e1 veden\u00ed atd.<\/p>\n<p>Elektrosmog m\u016f\u017ee mimo jin\u00e9 v\u00e9st k poruch\u00e1m sp\u00e1nku, bolestem hlavy, zm\u011bn\u00e1m EEG, srde\u010dn\u00ed arytmii, z\u00e1vrat\u00edm, nervozit\u011b a chronick\u00e9 slabosti. Je s n\u00edm jednozna\u010dn\u011b spojen tak\u00e9 infarkt a rakovina.<\/p>\n<p>Na toto pulzn\u00ed z\u00e1\u0159en\u00ed reaguje zvl\u00e1\u0161t\u011b siln\u011b nezral\u00fd organismus d\u011bt\u00ed a lid\u00ed s oslaben\u00fdm obrann\u00fdm syst\u00e9mem. Mnoho studi\u00ed a v\u00fdsledk\u016f v\u00fdzkumu prok\u00e1zalo, \u017ee z\u00e1\u0159en\u00ed mobiln\u00edch telefon\u016f po\u0161kozuje bu\u0148ky.[\/et_pb_text][\/et_pb_column][\/et_pb_row][\/et_pb_section]<\/p>\n","protected":false},"excerpt":{"rendered":"<p><strong>UMH Energy 45: P\u0159\u00edv\u011bsek jako osobn\u00ed ochrana a zdroj energie pro vodu a potraviny<\/strong><\/p>\n","protected":false},"featured_media":55655,"template":"","meta":{"_et_pb_use_builder":"on","_et_pb_old_content":"","_et_gb_content_width":"","footnotes":""},"product_brand":[],"product_cat":[184],"product_tag":[],"class_list":{"0":"post-55887","1":"product","2":"type-product","3":"status-publish","4":"has-post-thumbnail","6":"product_cat-umh-energy-cs","8":"first","9":"instock","10":"taxable","11":"shipping-taxable","12":"purchasable","13":"product-type-simple"},"yoast_head":"<!-- This site is optimized with the Yoast SEO plugin v27.3 - https:\/\/yoast.com\/product\/yoast-seo-wordpress\/ -->\n<title>UMH Energy 45 - TRIMEDEA<\/title>\n<meta name=\"description\" content=\"P\u0159\u00edv\u011bsek UMH Energy 45: optim\u00e1ln\u00ed ochrana proti elektrosmogu a ru\u0161iv\u00fdm z\u00f3n\u00e1m v\u010detn\u011b. 5G. Lep\u0161\u00ed ochrana a rychlej\u0161\u00ed regenerace\" \/>\n<meta name=\"robots\" content=\"index, follow, max-snippet:-1, max-image-preview:large, max-video-preview:-1\" \/>\n<link rel=\"canonical\" href=\"https:\/\/trimedea.com\/cs\/produkt\/umh-energy-45\/\" \/>\n<meta property=\"og:locale\" content=\"cs_CZ\" \/>\n<meta property=\"og:type\" content=\"article\" \/>\n<meta property=\"og:title\" content=\"UMH Energy 45 - TRIMEDEA\" \/>\n<meta property=\"og:description\" content=\"P\u0159\u00edv\u011bsek UMH Energy 45: optim\u00e1ln\u00ed ochrana proti elektrosmogu a ru\u0161iv\u00fdm z\u00f3n\u00e1m v\u010detn\u011b. 5G. Lep\u0161\u00ed ochrana a rychlej\u0161\u00ed regenerace\" \/>\n<meta property=\"og:url\" content=\"https:\/\/trimedea.com\/cs\/produkt\/umh-energy-45\/\" \/>\n<meta property=\"og:site_name\" content=\"TRIMEDEA\" \/>\n<meta property=\"article:modified_time\" content=\"2024-10-09T07:56:19+00:00\" \/>\n<meta property=\"og:image\" content=\"https:\/\/trimedea.com\/wp-content\/uploads\/2024\/05\/UMH_45_mm.png\" \/>\n\t<meta property=\"og:image:width\" content=\"600\" \/>\n\t<meta property=\"og:image:height\" content=\"600\" \/>\n\t<meta property=\"og:image:type\" content=\"image\/png\" \/>\n<meta name=\"twitter:card\" content=\"summary_large_image\" \/>\n<script type=\"application\/ld+json\" class=\"yoast-schema-graph\">{\"@context\":\"https:\\\/\\\/schema.org\",\"@graph\":[{\"@type\":\"WebPage\",\"@id\":\"https:\\\/\\\/trimedea.com\\\/cs\\\/produkt\\\/umh-energy-45\\\/\",\"url\":\"https:\\\/\\\/trimedea.com\\\/cs\\\/produkt\\\/umh-energy-45\\\/\",\"name\":\"UMH Energy 45 - TRIMEDEA\",\"isPartOf\":{\"@id\":\"https:\\\/\\\/trimedea.com\\\/cs\\\/#website\"},\"primaryImageOfPage\":{\"@id\":\"https:\\\/\\\/trimedea.com\\\/cs\\\/produkt\\\/umh-energy-45\\\/#primaryimage\"},\"image\":{\"@id\":\"https:\\\/\\\/trimedea.com\\\/cs\\\/produkt\\\/umh-energy-45\\\/#primaryimage\"},\"thumbnailUrl\":\"https:\\\/\\\/trimedea.com\\\/wp-content\\\/uploads\\\/2024\\\/05\\\/UMH_45_mm.png\",\"datePublished\":\"2024-05-22T11:18:21+00:00\",\"dateModified\":\"2024-10-09T07:56:19+00:00\",\"description\":\"P\u0159\u00edv\u011bsek UMH Energy 45: optim\u00e1ln\u00ed ochrana proti elektrosmogu a ru\u0161iv\u00fdm z\u00f3n\u00e1m v\u010detn\u011b. 5G. Lep\u0161\u00ed ochrana a rychlej\u0161\u00ed regenerace\",\"breadcrumb\":{\"@id\":\"https:\\\/\\\/trimedea.com\\\/cs\\\/produkt\\\/umh-energy-45\\\/#breadcrumb\"},\"inLanguage\":\"cs\",\"potentialAction\":[{\"@type\":\"ReadAction\",\"target\":[\"https:\\\/\\\/trimedea.com\\\/cs\\\/produkt\\\/umh-energy-45\\\/\"]}]},{\"@type\":\"ImageObject\",\"inLanguage\":\"cs\",\"@id\":\"https:\\\/\\\/trimedea.com\\\/cs\\\/produkt\\\/umh-energy-45\\\/#primaryimage\",\"url\":\"https:\\\/\\\/trimedea.com\\\/wp-content\\\/uploads\\\/2024\\\/05\\\/UMH_45_mm.png\",\"contentUrl\":\"https:\\\/\\\/trimedea.com\\\/wp-content\\\/uploads\\\/2024\\\/05\\\/UMH_45_mm.png\",\"width\":600,\"height\":600},{\"@type\":\"BreadcrumbList\",\"@id\":\"https:\\\/\\\/trimedea.com\\\/cs\\\/produkt\\\/umh-energy-45\\\/#breadcrumb\",\"itemListElement\":[{\"@type\":\"ListItem\",\"position\":1,\"name\":\"Startseite\",\"item\":\"https:\\\/\\\/trimedea.com\\\/cs\\\/\"},{\"@type\":\"ListItem\",\"position\":2,\"name\":\"TRIMEDEA SHOP\",\"item\":\"https:\\\/\\\/trimedea.com\\\/cs\\\/trimedea-shop\\\/\"},{\"@type\":\"ListItem\",\"position\":3,\"name\":\"UMH Energy 45\"}]},{\"@type\":\"WebSite\",\"@id\":\"https:\\\/\\\/trimedea.com\\\/cs\\\/#website\",\"url\":\"https:\\\/\\\/trimedea.com\\\/cs\\\/\",\"name\":\"TRIMEDEA\",\"description\":\"F\u00fcr einen gesunden K\u00f6rper und Geist\",\"publisher\":{\"@id\":\"https:\\\/\\\/trimedea.com\\\/cs\\\/#organization\"},\"potentialAction\":[{\"@type\":\"SearchAction\",\"target\":{\"@type\":\"EntryPoint\",\"urlTemplate\":\"https:\\\/\\\/trimedea.com\\\/cs\\\/?s={search_term_string}\"},\"query-input\":{\"@type\":\"PropertyValueSpecification\",\"valueRequired\":true,\"valueName\":\"search_term_string\"}}],\"inLanguage\":\"cs\"},{\"@type\":\"Organization\",\"@id\":\"https:\\\/\\\/trimedea.com\\\/cs\\\/#organization\",\"name\":\"TRIMEDEA\",\"url\":\"https:\\\/\\\/trimedea.com\\\/cs\\\/\",\"logo\":{\"@type\":\"ImageObject\",\"inLanguage\":\"cs\",\"@id\":\"https:\\\/\\\/trimedea.com\\\/cs\\\/#\\\/schema\\\/logo\\\/image\\\/\",\"url\":\"https:\\\/\\\/trimedea.com\\\/wp-content\\\/uploads\\\/2024\\\/04\\\/TRIMEDEA_LOGO.png\",\"contentUrl\":\"https:\\\/\\\/trimedea.com\\\/wp-content\\\/uploads\\\/2024\\\/04\\\/TRIMEDEA_LOGO.png\",\"width\":540,\"height\":248,\"caption\":\"TRIMEDEA\"},\"image\":{\"@id\":\"https:\\\/\\\/trimedea.com\\\/cs\\\/#\\\/schema\\\/logo\\\/image\\\/\"}}]}<\/script>\n<!-- \/ Yoast SEO plugin. -->","yoast_head_json":{"title":"UMH Energy 45 - TRIMEDEA","description":"P\u0159\u00edv\u011bsek UMH Energy 45: optim\u00e1ln\u00ed ochrana proti elektrosmogu a ru\u0161iv\u00fdm z\u00f3n\u00e1m v\u010detn\u011b. 5G. Lep\u0161\u00ed ochrana a rychlej\u0161\u00ed regenerace","robots":{"index":"index","follow":"follow","max-snippet":"max-snippet:-1","max-image-preview":"max-image-preview:large","max-video-preview":"max-video-preview:-1"},"canonical":"https:\/\/trimedea.com\/cs\/produkt\/umh-energy-45\/","og_locale":"cs_CZ","og_type":"article","og_title":"UMH Energy 45 - TRIMEDEA","og_description":"P\u0159\u00edv\u011bsek UMH Energy 45: optim\u00e1ln\u00ed ochrana proti elektrosmogu a ru\u0161iv\u00fdm z\u00f3n\u00e1m v\u010detn\u011b. 5G. Lep\u0161\u00ed ochrana a rychlej\u0161\u00ed regenerace","og_url":"https:\/\/trimedea.com\/cs\/produkt\/umh-energy-45\/","og_site_name":"TRIMEDEA","article_modified_time":"2024-10-09T07:56:19+00:00","og_image":[{"width":600,"height":600,"url":"https:\/\/trimedea.com\/wp-content\/uploads\/2024\/05\/UMH_45_mm.png","type":"image\/png"}],"twitter_card":"summary_large_image","schema":{"@context":"https:\/\/schema.org","@graph":[{"@type":"WebPage","@id":"https:\/\/trimedea.com\/cs\/produkt\/umh-energy-45\/","url":"https:\/\/trimedea.com\/cs\/produkt\/umh-energy-45\/","name":"UMH Energy 45 - TRIMEDEA","isPartOf":{"@id":"https:\/\/trimedea.com\/cs\/#website"},"primaryImageOfPage":{"@id":"https:\/\/trimedea.com\/cs\/produkt\/umh-energy-45\/#primaryimage"},"image":{"@id":"https:\/\/trimedea.com\/cs\/produkt\/umh-energy-45\/#primaryimage"},"thumbnailUrl":"https:\/\/trimedea.com\/wp-content\/uploads\/2024\/05\/UMH_45_mm.png","datePublished":"2024-05-22T11:18:21+00:00","dateModified":"2024-10-09T07:56:19+00:00","description":"P\u0159\u00edv\u011bsek UMH Energy 45: optim\u00e1ln\u00ed ochrana proti elektrosmogu a ru\u0161iv\u00fdm z\u00f3n\u00e1m v\u010detn\u011b. 5G. Lep\u0161\u00ed ochrana a rychlej\u0161\u00ed regenerace","breadcrumb":{"@id":"https:\/\/trimedea.com\/cs\/produkt\/umh-energy-45\/#breadcrumb"},"inLanguage":"cs","potentialAction":[{"@type":"ReadAction","target":["https:\/\/trimedea.com\/cs\/produkt\/umh-energy-45\/"]}]},{"@type":"ImageObject","inLanguage":"cs","@id":"https:\/\/trimedea.com\/cs\/produkt\/umh-energy-45\/#primaryimage","url":"https:\/\/trimedea.com\/wp-content\/uploads\/2024\/05\/UMH_45_mm.png","contentUrl":"https:\/\/trimedea.com\/wp-content\/uploads\/2024\/05\/UMH_45_mm.png","width":600,"height":600},{"@type":"BreadcrumbList","@id":"https:\/\/trimedea.com\/cs\/produkt\/umh-energy-45\/#breadcrumb","itemListElement":[{"@type":"ListItem","position":1,"name":"Startseite","item":"https:\/\/trimedea.com\/cs\/"},{"@type":"ListItem","position":2,"name":"TRIMEDEA SHOP","item":"https:\/\/trimedea.com\/cs\/trimedea-shop\/"},{"@type":"ListItem","position":3,"name":"UMH Energy 45"}]},{"@type":"WebSite","@id":"https:\/\/trimedea.com\/cs\/#website","url":"https:\/\/trimedea.com\/cs\/","name":"TRIMEDEA","description":"F\u00fcr einen gesunden K\u00f6rper und Geist","publisher":{"@id":"https:\/\/trimedea.com\/cs\/#organization"},"potentialAction":[{"@type":"SearchAction","target":{"@type":"EntryPoint","urlTemplate":"https:\/\/trimedea.com\/cs\/?s={search_term_string}"},"query-input":{"@type":"PropertyValueSpecification","valueRequired":true,"valueName":"search_term_string"}}],"inLanguage":"cs"},{"@type":"Organization","@id":"https:\/\/trimedea.com\/cs\/#organization","name":"TRIMEDEA","url":"https:\/\/trimedea.com\/cs\/","logo":{"@type":"ImageObject","inLanguage":"cs","@id":"https:\/\/trimedea.com\/cs\/#\/schema\/logo\/image\/","url":"https:\/\/trimedea.com\/wp-content\/uploads\/2024\/04\/TRIMEDEA_LOGO.png","contentUrl":"https:\/\/trimedea.com\/wp-content\/uploads\/2024\/04\/TRIMEDEA_LOGO.png","width":540,"height":248,"caption":"TRIMEDEA"},"image":{"@id":"https:\/\/trimedea.com\/cs\/#\/schema\/logo\/image\/"}}]}},"_links":{"self":[{"href":"https:\/\/trimedea.com\/cs\/wp-json\/wp\/v2\/product\/55887","targetHints":{"allow":["GET"]}}],"collection":[{"href":"https:\/\/trimedea.com\/cs\/wp-json\/wp\/v2\/product"}],"about":[{"href":"https:\/\/trimedea.com\/cs\/wp-json\/wp\/v2\/types\/product"}],"version-history":[{"count":0,"href":"https:\/\/trimedea.com\/cs\/wp-json\/wp\/v2\/product\/55887\/revisions"}],"wp:featuredmedia":[{"embeddable":true,"href":"https:\/\/trimedea.com\/cs\/wp-json\/wp\/v2\/media\/55655"}],"wp:attachment":[{"href":"https:\/\/trimedea.com\/cs\/wp-json\/wp\/v2\/media?parent=55887"}],"wp:term":[{"taxonomy":"product_brand","embeddable":true,"href":"https:\/\/trimedea.com\/cs\/wp-json\/wp\/v2\/product_brand?post=55887"},{"taxonomy":"product_cat","embeddable":true,"href":"https:\/\/trimedea.com\/cs\/wp-json\/wp\/v2\/product_cat?post=55887"},{"taxonomy":"product_tag","embeddable":true,"href":"https:\/\/trimedea.com\/cs\/wp-json\/wp\/v2\/product_tag?post=55887"}],"curies":[{"name":"wp","href":"https:\/\/api.w.org\/{rel}","templated":true}]}}