{"id":55909,"date":"2024-05-15T11:38:22","date_gmt":"2024-05-15T10:38:22","guid":{"rendered":"https:\/\/test.trimedea.com\/produkt\/cisty-kremik\/"},"modified":"2024-10-09T07:59:30","modified_gmt":"2024-10-09T07:59:30","slug":"cisty-kremik","status":"publish","type":"product","link":"https:\/\/trimedea.com\/cs\/produkt\/cisty-kremik\/","title":{"rendered":"Silizium Pur 30g ve fialov\u00e9 sklen\u011bn\u00e9 d\u00f3ze"},"content":{"rendered":"<p>[et_pb_section fb_built=&#8220;1&#8243; _builder_version=&#8220;4.16&#8243; custom_padding=&#8220;0px||3px||false|false&#8220; global_colors_info=&#8220;{}&#8220;][et_pb_row _builder_version=&#8220;4.16&#8243; background_size=&#8220;initial&#8220; background_position=&#8220;top_left&#8220; background_repeat=&#8220;repeat&#8220; width=&#8220;100%&#8220; custom_padding=&#8220;0px||0px||false|false&#8220; global_colors_info=&#8220;{}&#8220;][et_pb_column type=&#8220;4_4&#8243; _builder_version=&#8220;4.16&#8243; custom_padding=&#8220;|||&#8220; global_colors_info=&#8220;{}&#8220; custom_padding__hover=&#8220;|||&#8220;][et_pb_wc_breadcrumb breadcrumb_home_text=&#8220;TRIMEDEA SHOP&#8220; breadcrumb_home_url=&#8220;https:\/\/trimedea.com\/trimedea-shop&#8220; breadcrumb_separator=&#8220;|&#8220; admin_label=&#8220;WOO BREADCRUMBS DE&#8220; _builder_version=&#8220;4.25.0&#8243; custom_padding=&#8220;0px||30px||false|false&#8220; global_module=&#8220;466&#8243; saved_tabs=&#8220;all&#8220; global_colors_info=&#8220;{}&#8220;][\/et_pb_wc_breadcrumb][et_pb_wc_cart_notice _builder_version=&#8220;4.16&#8243; custom_button=&#8220;on&#8220; button_border_width=&#8220;1px&#8220; button_border_color=&#8220;#FFFFFF&#8220; global_colors_info=&#8220;{}&#8220;][\/et_pb_wc_cart_notice][\/et_pb_column][\/et_pb_row][et_pb_row column_structure=&#8220;1_2,1_2&#8243; _builder_version=&#8220;4.25.0&#8243; background_size=&#8220;initial&#8220; background_position=&#8220;top_left&#8220; background_repeat=&#8220;repeat&#8220; width=&#8220;100%&#8220; custom_margin=&#8220;0px||||false|false&#8220; custom_padding=&#8220;||||false|false&#8220; global_colors_info=&#8220;{}&#8220;][et_pb_column type=&#8220;1_2&#8243; _builder_version=&#8220;4.25.0&#8243; custom_padding=&#8220;|||&#8220; custom_padding_tablet=&#8220;|||&#8220; custom_padding_phone=&#8220;|0px||0px|false|false&#8220; custom_padding_last_edited=&#8220;on|phone&#8220; global_colors_info=&#8220;{}&#8220; custom_padding__hover=&#8220;|||&#8220;][et_pb_wc_images _builder_version=&#8220;4.25.0&#8243; custom_margin_tablet=&#8220;&#8220; custom_margin_phone=&#8220;||||false|false&#8220; custom_margin_last_edited=&#8220;on|phone&#8220; custom_padding_tablet=&#8220;&#8220; custom_padding_phone=&#8220;30px||||false|false&#8220; custom_padding_last_edited=&#8220;on|phone&#8220; global_colors_info=&#8220;{}&#8220;][\/et_pb_wc_images][\/et_pb_column][et_pb_column type=&#8220;1_2&#8243; _builder_version=&#8220;4.16&#8243; custom_padding=&#8220;|||&#8220; global_colors_info=&#8220;{}&#8220; custom_padding__hover=&#8220;|||&#8220;][et_pb_wc_title _builder_version=&#8220;4.16&#8243; global_colors_info=&#8220;{}&#8220;][\/et_pb_wc_title][et_pb_wc_description _builder_version=&#8220;4.16&#8243; global_colors_info=&#8220;{}&#8220;][\/et_pb_wc_description][et_pb_wc_price _builder_version=&#8220;4.24.3&#8243; body_font=&#8220;|600|||||||&#8220; global_colors_info=&#8220;{}&#8220;][\/et_pb_wc_price][et_pb_wc_add_to_cart _builder_version=&#8220;4.16&#8243; global_colors_info=&#8220;{}&#8220;][\/et_pb_wc_add_to_cart][et_pb_wc_meta _builder_version=&#8220;4.16&#8243; global_colors_info=&#8220;{}&#8220;][\/et_pb_wc_meta][\/et_pb_column][\/et_pb_row][et_pb_row column_structure=&#8220;1_2,1_2&#8243; _builder_version=&#8220;4.25.0&#8243; _module_preset=&#8220;default&#8220; width=&#8220;100%&#8220; global_colors_info=&#8220;{}&#8220; custom_css_main_element_phone=&#8220;display: flex;||flex-wrap: wrap;&#8220; custom_css_main_element_last_edited=&#8220;on|phone&#8220;][et_pb_column type=&#8220;1_2&#8243; _builder_version=&#8220;4.25.0&#8243; _module_preset=&#8220;default&#8220; global_colors_info=&#8220;{}&#8220; custom_css_main_element_last_edited=&#8220;on|phone&#8220; custom_css_main_element_phone=&#8220;order:2;&#8220;][et_pb_text admin_label=&#8220;ANWENDUNG&#8220; _builder_version=&#8220;4.25.2&#8243; _module_preset=&#8220;default&#8220; ul_font_size=&#8220;16px&#8220; ul_line_height=&#8220;1.7em&#8220; header_3_line_height=&#8220;1.5em&#8220; background_color=&#8220;#ebebeb&#8220; width_tablet=&#8220;&#8220; width_phone=&#8220;100%&#8220; width_last_edited=&#8220;on|phone&#8220; max_width=&#8220;100%&#8220; custom_margin_tablet=&#8220;&#8220; custom_margin_phone=&#8220;30px||||false|false&#8220; custom_margin_last_edited=&#8220;on|phone&#8220; custom_padding=&#8220;30px|30px|30px|30px|true|true&#8220; custom_padding_tablet=&#8220;30px|30px|30px|30px|true|true&#8220; custom_padding_phone=&#8220;0px|0px|0px|0px|true|true&#8220; custom_padding_last_edited=&#8220;on|phone&#8220; background_color_phone=&#8220;RGBA(255,255,255,0)&#8220; background_last_edited=&#8220;on|phone&#8220; background_enable_color_phone=&#8220;on&#8220; global_colors_info=&#8220;{}&#8220;]<\/p>\n<p><strong>V\u00fdhody k\u0159em\u00edku<\/strong><\/p>\n<ul>\n<li>V\u00fdborn\u011b se hod\u00ed k detoxikaci \/ eliminaci \u0161kodliv\u00fdch l\u00e1tek, jako je hlin\u00edk, slou\u010deniny t\u011b\u017ek\u00fdch kov\u016f, toxiny z \u017eivotn\u00edho prost\u0159ed\u00ed, p\u0159\u00edsady do vakc\u00edn atd.<\/li>\n<li>Individu\u00e1ln\u00ed d\u00e1vkov\u00e1n\u00ed<\/li>\n<li>Velmi velk\u00fd aktivn\u00ed povrch d\u00edky velmi jemn\u00e9 velikosti \u010d\u00e1stic<\/li>\n<li>Jedine\u010dn\u00e1 a m\u011b\u0159iteln\u00e1 aktivace a energetizace pomoc\u00ed technologie UMH<\/li>\n<li>Nejlep\u0161\u00ed mo\u017en\u00e1 ochrana ve fialov\u00e9m skle<\/li>\n<li>Detoxikace a o\u010dista t\u011bla, mysli a du\u0161e<\/li>\n<\/ul>\n<p>[\/et_pb_text][\/et_pb_column][et_pb_column type=&#8220;1_2&#8243; _builder_version=&#8220;4.25.0&#8243; _module_preset=&#8220;default&#8220; global_colors_info=&#8220;{}&#8220; custom_css_main_element_last_edited=&#8220;on|phone&#8220; custom_css_main_element_phone=&#8220;order:1;&#8220;][et_pb_text admin_label=&#8220;PRODUKTDETAILS&#8220; _builder_version=&#8220;4.25.2&#8243; _module_preset=&#8220;default&#8220; global_colors_info=&#8220;{}&#8220;]<\/p>\n<p><strong>Co je to k\u0159em\u00edk a jak funguje?<\/strong><br \/>Dodavatel biologicky dostupn\u00e9ho k\u0159em\u00edku pro tvorbu struktury, stabilitu, pru\u017enost a elasticitu. Biofyzik\u00e1ln\u00ed vlastnosti pro p\u0159em\u011bnu energie prost\u0159ednictv\u00edm piezoelektrick\u00fdch a fotoelektrick\u00fdch vlastnost\u00ed, transmutace nep\u0159irozen\u00fdch a destruktivn\u00edch vibra\u010dn\u00edch vzorc\u016f (informace o zne\u010di\u0161\u0165uj\u00edc\u00edch l\u00e1tk\u00e1ch v t\u011blesn\u00e9 vod\u011b \/ bun\u011b\u010dn\u00e9 vod\u011b) na konstruktivn\u00ed a p\u0159irozen\u00e1 energetick\u00e1 pole.<\/p>\n<p><strong><br \/>Silizium Pur<\/strong><br \/> Silizium Pur<br \/>D<strong>enn\u00ed d\u00e1vka z\u00e1vis\u00ed na hmotnosti, v\u011bku a dal\u0161\u00edch faktorech : Doporu\u010den\u00e1<\/strong>denn\u00ed d\u00e1vka: 50-300 mg Podrobn\u00e9 informace o<a href=\"https:\/\/gesundheit-und-sport.com\/silizium-pur-tipps-zu-anwendung-und-dosierung\/\" target=\"_blank\" rel=\"noopener\">u\u017e\u00edv\u00e1n\u00ed a d\u00e1vkov\u00e1n\u00ed<\/a> naleznete zde Dal\u0161\u00ed \u010dl\u00e1nky a informace k t\u00e9matu detoxikace naleznete zde <a href=\"https:\/\/gesundheit-und-sport.com\/silizium-pur-tipps-zu-anwendung-und-dosierung\/\" target=\"_blank\" rel=\"noopener\"><\/a><a href=\"https:\/\/gesundheit-und-sport.com\/themenuebersicht\/\" target=\"_blank\" rel=\"noopener\">P\u0159ehled t\u00e9mat<\/a><\/p>\n<p>[\/et_pb_text][\/et_pb_column][\/et_pb_row][et_pb_row custom_padding_last_edited=&#8220;on|phone&#8220; _builder_version=&#8220;4.25.0&#8243; background_size=&#8220;initial&#8220; background_position=&#8220;top_left&#8220; background_repeat=&#8220;repeat&#8220; width=&#8220;100%&#8220; custom_margin_tablet=&#8220;&#8220; custom_margin_phone=&#8220;||||false|false&#8220; custom_margin_last_edited=&#8220;on|phone&#8220; custom_padding_tablet=&#8220;&#8220; custom_padding_phone=&#8220;0px||||false|false&#8220; global_colors_info=&#8220;{}&#8220;][et_pb_column type=&#8220;4_4&#8243; _builder_version=&#8220;4.16&#8243; custom_padding=&#8220;|||&#8220; global_colors_info=&#8220;{}&#8220; custom_padding__hover=&#8220;|||&#8220;][et_pb_wc_upsells _builder_version=&#8220;4.16&#8243; global_colors_info=&#8220;{}&#8220;][\/et_pb_wc_upsells][et_pb_wc_related_products posts_number=&#8220;4&#8243; columns_number=&#8220;4&#8243; include_categories=&#8220;84,74,73,88&#8243; _builder_version=&#8220;4.25.1&#8243; global_colors_info=&#8220;{}&#8220;][\/et_pb_wc_related_products][et_pb_text admin_label=&#8220;PRODUKTDETAILS&#8220; _builder_version=&#8220;4.25.0&#8243; _module_preset=&#8220;default&#8220; global_colors_info=&#8220;{}&#8220;]<\/p>\n<h3>Biologicky dostupn\u00fd zdroj k\u0159em\u00edku a detoxikace, UMH-energie<\/h3>\n<p>Jedine\u010dn\u00e9 vlastnosti (UMH Energy Technology) pro o\u010distu na materi\u00e1ln\u00ed, duchovn\u011b-informa\u010dn\u00ed a energetick\u00e9 \u00farovni se mohou uskute\u010dnit prost\u0159ednictv\u00edm technicky velmi slo\u017eit\u00e9ho procesu aktivace a energetizace \u010d\u00e1stic oxidu k\u0159emi\u010dit\u00e9ho. Velikost \u010d\u00e1stic 3-4 \u03bcm je velmi jemn\u00e1.<strong> <\/strong>Vysoce biologicky dostupn\u00fd k\u0159em\u00edk je strukturn\u00edm a strukturotvorn\u00fdm prvkem kost\u00ed, pojivov\u00fdch tk\u00e1n\u00ed, \u0161lach, vaz\u016f, k\u016f\u017ee, elastinov\u00fdch a kolagenov\u00fdch vl\u00e1ken a c\u00e9vn\u00edch st\u011bn. Zlep\u0161uje \u00fa\u010dinnost bun\u011bk srde\u010dn\u00edho svalu, veden\u00ed podn\u011bt\u016f a produkci energie. K\u0159em\u00edk m\u00e1 d\u00edky sv\u00fdm piezoelektrick\u00fdm vlastnostem mnohem v\u011bt\u0161\u00ed a dalekos\u00e1hlej\u0161\u00ed \u00fa\u010dinky na organismus a metabolismus, ne\u017e se dosud p\u0159edpokl\u00e1dalo. \u010cl\u00e1nek o v\u00fdznamu k\u0159em\u00edku<\/p>\n<p>[\/et_pb_text][et_pb_text admin_label=&#8220;EINNAHME&#8220; _builder_version=&#8220;4.25.0&#8243; _module_preset=&#8220;default&#8220; background_color=&#8220;#ebebeb&#8220; custom_padding=&#8220;30px||30px|30px|true|false&#8220; global_colors_info=&#8220;{}&#8220;]<\/p>\n<p><strong><br \/>Silizium Pur Denn\u00ed d\u00e1vka z\u00e1vis\u00ed na hmotnosti, v\u011bku a dal\u0161\u00edch faktorech (pr\u00e1\u0161ek): <\/strong><br \/> Silizium Pur Podrobn\u00e9 informace o <a href=\"https:\/\/gesundheit-und-sport.com\/silizium-pur-tipps-zu-anwendung-und-dosierung\/\" target=\"_blank\" rel=\"noopener\">u\u017e\u00edv\u00e1n\u00ed a d\u00e1vkov\u00e1n\u00ed<\/a> naleznete zde. <a href=\"https:\/\/gesundheit-und-sport.com\/silizium-pur-tipps-zu-anwendung-und-dosierung\/\" target=\"_blank\" rel=\"noopener\"> <\/a><\/p>\n<p>[\/et_pb_text][\/et_pb_column][\/et_pb_row][\/et_pb_section]<\/p>\n","protected":false},"excerpt":{"rendered":"<p><strong>Oxid k\u0159emi\u010dit\u00fd jako ultrajemn\u00fd pr\u00e1\u0161ek<\/strong> pro \u00fa\u010dinn\u00e9 a p\u0159irozen\u00e9 \u010distic\u00ed procesy a biologicky dostupn\u00fd zdroj k\u0159em\u00edku. Oxid k\u0159emi\u010dit\u00fd m\u00e1 jedine\u010dn\u00e9 vlastnosti a hraje n\u011bkolik d\u016fle\u017eit\u00fdch rol\u00ed v metabolismu. Je <strong>ide\u00e1ln\u00ed pro ukl\u00e1d\u00e1n\u00ed, p\u0159\u00edjem a p\u0159enos informac\u00ed a biofoton\u016f<\/strong>. O\u010dista na v\u0161ech \u00farovn\u00edch: T\u011blo, mysl a du\u0161i.<\/p>\n","protected":false},"featured_media":55540,"template":"","meta":{"_et_pb_use_builder":"on","_et_pb_old_content":"","_et_gb_content_width":"","footnotes":""},"product_brand":[],"product_cat":[188],"product_tag":[178,253,238,243,244],"class_list":{"0":"post-55909","1":"product","2":"type-product","3":"status-publish","4":"has-post-thumbnail","6":"product_cat-cisty-silikon","7":"product_tag-bestseller-cs","8":"product_tag-kosti-a-klouby","9":"product_tag-krev-krevni-obeh-cevy","10":"product_tag-proti-starnuti","11":"product_tag-zdravi-zen","13":"first","14":"onbackorder","15":"sale","16":"taxable","17":"shipping-taxable","18":"purchasable","19":"product-type-simple"},"yoast_head":"<!-- This site is optimized with the Yoast SEO plugin v27.4 - https:\/\/yoast.com\/product\/yoast-seo-wordpress\/ -->\n<title>Silizium Pur 30g ve fialov\u00e9 sklen\u011bn\u00e9 d\u00f3ze - TRIMEDEA<\/title>\n<meta name=\"description\" content=\"Silizium Pur: ultrajemn\u00fd oxid k\u0159emi\u010dit\u00fd, 3,5 \u03bcm biologicky dostupn\u00fd a v\u00edcestup\u0148ov\u011b energetizovan\u00fd UMH, jako zdroj k\u0159em\u00edku a detoxikace pro t\u011blo a mysl 30 g\" \/>\n<meta name=\"robots\" content=\"index, follow, max-snippet:-1, max-image-preview:large, max-video-preview:-1\" \/>\n<link rel=\"canonical\" href=\"https:\/\/trimedea.com\/cs\/produkt\/cisty-kremik\/\" \/>\n<meta property=\"og:locale\" content=\"cs_CZ\" \/>\n<meta property=\"og:type\" content=\"article\" \/>\n<meta property=\"og:title\" content=\"Silizium Pur 30g ve fialov\u00e9 sklen\u011bn\u00e9 d\u00f3ze - TRIMEDEA\" \/>\n<meta property=\"og:description\" content=\"Silizium Pur: ultrajemn\u00fd oxid k\u0159emi\u010dit\u00fd, 3,5 \u03bcm biologicky dostupn\u00fd a v\u00edcestup\u0148ov\u011b energetizovan\u00fd UMH, jako zdroj k\u0159em\u00edku a detoxikace pro t\u011blo a mysl 30 g\" \/>\n<meta property=\"og:url\" content=\"https:\/\/trimedea.com\/cs\/produkt\/cisty-kremik\/\" \/>\n<meta property=\"og:site_name\" content=\"TRIMEDEA\" \/>\n<meta property=\"article:modified_time\" content=\"2024-10-09T07:59:30+00:00\" \/>\n<meta property=\"og:image\" content=\"https:\/\/trimedea.com\/wp-content\/uploads\/2024\/05\/SILIZIUM_pur.jpg\" \/>\n\t<meta property=\"og:image:width\" content=\"1000\" \/>\n\t<meta property=\"og:image:height\" content=\"1000\" \/>\n\t<meta property=\"og:image:type\" content=\"image\/jpeg\" \/>\n<meta name=\"twitter:card\" content=\"summary_large_image\" \/>\n<script type=\"application\/ld+json\" class=\"yoast-schema-graph\">{\"@context\":\"https:\\\/\\\/schema.org\",\"@graph\":[{\"@type\":\"WebPage\",\"@id\":\"https:\\\/\\\/trimedea.com\\\/cs\\\/produkt\\\/cisty-kremik\\\/\",\"url\":\"https:\\\/\\\/trimedea.com\\\/cs\\\/produkt\\\/cisty-kremik\\\/\",\"name\":\"Silizium Pur 30g ve fialov\u00e9 sklen\u011bn\u00e9 d\u00f3ze - TRIMEDEA\",\"isPartOf\":{\"@id\":\"https:\\\/\\\/trimedea.com\\\/cs\\\/#website\"},\"primaryImageOfPage\":{\"@id\":\"https:\\\/\\\/trimedea.com\\\/cs\\\/produkt\\\/cisty-kremik\\\/#primaryimage\"},\"image\":{\"@id\":\"https:\\\/\\\/trimedea.com\\\/cs\\\/produkt\\\/cisty-kremik\\\/#primaryimage\"},\"thumbnailUrl\":\"https:\\\/\\\/trimedea.com\\\/wp-content\\\/uploads\\\/2024\\\/05\\\/SILIZIUM_pur.jpg\",\"datePublished\":\"2024-05-15T10:38:22+00:00\",\"dateModified\":\"2024-10-09T07:59:30+00:00\",\"description\":\"Silizium Pur: ultrajemn\u00fd oxid k\u0159emi\u010dit\u00fd, 3,5 \u03bcm biologicky dostupn\u00fd a v\u00edcestup\u0148ov\u011b energetizovan\u00fd UMH, jako zdroj k\u0159em\u00edku a detoxikace pro t\u011blo a mysl 30 g\",\"breadcrumb\":{\"@id\":\"https:\\\/\\\/trimedea.com\\\/cs\\\/produkt\\\/cisty-kremik\\\/#breadcrumb\"},\"inLanguage\":\"cs\",\"potentialAction\":[{\"@type\":\"ReadAction\",\"target\":[\"https:\\\/\\\/trimedea.com\\\/cs\\\/produkt\\\/cisty-kremik\\\/\"]}]},{\"@type\":\"ImageObject\",\"inLanguage\":\"cs\",\"@id\":\"https:\\\/\\\/trimedea.com\\\/cs\\\/produkt\\\/cisty-kremik\\\/#primaryimage\",\"url\":\"https:\\\/\\\/trimedea.com\\\/wp-content\\\/uploads\\\/2024\\\/05\\\/SILIZIUM_pur.jpg\",\"contentUrl\":\"https:\\\/\\\/trimedea.com\\\/wp-content\\\/uploads\\\/2024\\\/05\\\/SILIZIUM_pur.jpg\",\"width\":1000,\"height\":1000},{\"@type\":\"BreadcrumbList\",\"@id\":\"https:\\\/\\\/trimedea.com\\\/cs\\\/produkt\\\/cisty-kremik\\\/#breadcrumb\",\"itemListElement\":[{\"@type\":\"ListItem\",\"position\":1,\"name\":\"Startseite\",\"item\":\"https:\\\/\\\/trimedea.com\\\/cs\\\/\"},{\"@type\":\"ListItem\",\"position\":2,\"name\":\"TRIMEDEA SHOP\",\"item\":\"https:\\\/\\\/trimedea.com\\\/cs\\\/trimedea-shop\\\/\"},{\"@type\":\"ListItem\",\"position\":3,\"name\":\"Silizium Pur 30g ve fialov\u00e9 sklen\u011bn\u00e9 d\u00f3ze\"}]},{\"@type\":\"WebSite\",\"@id\":\"https:\\\/\\\/trimedea.com\\\/cs\\\/#website\",\"url\":\"https:\\\/\\\/trimedea.com\\\/cs\\\/\",\"name\":\"TRIMEDEA\",\"description\":\"F\u00fcr einen gesunden K\u00f6rper und Geist\",\"publisher\":{\"@id\":\"https:\\\/\\\/trimedea.com\\\/cs\\\/#organization\"},\"potentialAction\":[{\"@type\":\"SearchAction\",\"target\":{\"@type\":\"EntryPoint\",\"urlTemplate\":\"https:\\\/\\\/trimedea.com\\\/cs\\\/?s={search_term_string}\"},\"query-input\":{\"@type\":\"PropertyValueSpecification\",\"valueRequired\":true,\"valueName\":\"search_term_string\"}}],\"inLanguage\":\"cs\"},{\"@type\":\"Organization\",\"@id\":\"https:\\\/\\\/trimedea.com\\\/cs\\\/#organization\",\"name\":\"TRIMEDEA\",\"url\":\"https:\\\/\\\/trimedea.com\\\/cs\\\/\",\"logo\":{\"@type\":\"ImageObject\",\"inLanguage\":\"cs\",\"@id\":\"https:\\\/\\\/trimedea.com\\\/cs\\\/#\\\/schema\\\/logo\\\/image\\\/\",\"url\":\"https:\\\/\\\/trimedea.com\\\/wp-content\\\/uploads\\\/2024\\\/04\\\/TRIMEDEA_LOGO.png\",\"contentUrl\":\"https:\\\/\\\/trimedea.com\\\/wp-content\\\/uploads\\\/2024\\\/04\\\/TRIMEDEA_LOGO.png\",\"width\":540,\"height\":248,\"caption\":\"TRIMEDEA\"},\"image\":{\"@id\":\"https:\\\/\\\/trimedea.com\\\/cs\\\/#\\\/schema\\\/logo\\\/image\\\/\"}}]}<\/script>\n<!-- \/ Yoast SEO plugin. -->","yoast_head_json":{"title":"Silizium Pur 30g ve fialov\u00e9 sklen\u011bn\u00e9 d\u00f3ze - TRIMEDEA","description":"Silizium Pur: ultrajemn\u00fd oxid k\u0159emi\u010dit\u00fd, 3,5 \u03bcm biologicky dostupn\u00fd a v\u00edcestup\u0148ov\u011b energetizovan\u00fd UMH, jako zdroj k\u0159em\u00edku a detoxikace pro t\u011blo a mysl 30 g","robots":{"index":"index","follow":"follow","max-snippet":"max-snippet:-1","max-image-preview":"max-image-preview:large","max-video-preview":"max-video-preview:-1"},"canonical":"https:\/\/trimedea.com\/cs\/produkt\/cisty-kremik\/","og_locale":"cs_CZ","og_type":"article","og_title":"Silizium Pur 30g ve fialov\u00e9 sklen\u011bn\u00e9 d\u00f3ze - TRIMEDEA","og_description":"Silizium Pur: ultrajemn\u00fd oxid k\u0159emi\u010dit\u00fd, 3,5 \u03bcm biologicky dostupn\u00fd a v\u00edcestup\u0148ov\u011b energetizovan\u00fd UMH, jako zdroj k\u0159em\u00edku a detoxikace pro t\u011blo a mysl 30 g","og_url":"https:\/\/trimedea.com\/cs\/produkt\/cisty-kremik\/","og_site_name":"TRIMEDEA","article_modified_time":"2024-10-09T07:59:30+00:00","og_image":[{"width":1000,"height":1000,"url":"https:\/\/trimedea.com\/wp-content\/uploads\/2024\/05\/SILIZIUM_pur.jpg","type":"image\/jpeg"}],"twitter_card":"summary_large_image","schema":{"@context":"https:\/\/schema.org","@graph":[{"@type":"WebPage","@id":"https:\/\/trimedea.com\/cs\/produkt\/cisty-kremik\/","url":"https:\/\/trimedea.com\/cs\/produkt\/cisty-kremik\/","name":"Silizium Pur 30g ve fialov\u00e9 sklen\u011bn\u00e9 d\u00f3ze - TRIMEDEA","isPartOf":{"@id":"https:\/\/trimedea.com\/cs\/#website"},"primaryImageOfPage":{"@id":"https:\/\/trimedea.com\/cs\/produkt\/cisty-kremik\/#primaryimage"},"image":{"@id":"https:\/\/trimedea.com\/cs\/produkt\/cisty-kremik\/#primaryimage"},"thumbnailUrl":"https:\/\/trimedea.com\/wp-content\/uploads\/2024\/05\/SILIZIUM_pur.jpg","datePublished":"2024-05-15T10:38:22+00:00","dateModified":"2024-10-09T07:59:30+00:00","description":"Silizium Pur: ultrajemn\u00fd oxid k\u0159emi\u010dit\u00fd, 3,5 \u03bcm biologicky dostupn\u00fd a v\u00edcestup\u0148ov\u011b energetizovan\u00fd UMH, jako zdroj k\u0159em\u00edku a detoxikace pro t\u011blo a mysl 30 g","breadcrumb":{"@id":"https:\/\/trimedea.com\/cs\/produkt\/cisty-kremik\/#breadcrumb"},"inLanguage":"cs","potentialAction":[{"@type":"ReadAction","target":["https:\/\/trimedea.com\/cs\/produkt\/cisty-kremik\/"]}]},{"@type":"ImageObject","inLanguage":"cs","@id":"https:\/\/trimedea.com\/cs\/produkt\/cisty-kremik\/#primaryimage","url":"https:\/\/trimedea.com\/wp-content\/uploads\/2024\/05\/SILIZIUM_pur.jpg","contentUrl":"https:\/\/trimedea.com\/wp-content\/uploads\/2024\/05\/SILIZIUM_pur.jpg","width":1000,"height":1000},{"@type":"BreadcrumbList","@id":"https:\/\/trimedea.com\/cs\/produkt\/cisty-kremik\/#breadcrumb","itemListElement":[{"@type":"ListItem","position":1,"name":"Startseite","item":"https:\/\/trimedea.com\/cs\/"},{"@type":"ListItem","position":2,"name":"TRIMEDEA SHOP","item":"https:\/\/trimedea.com\/cs\/trimedea-shop\/"},{"@type":"ListItem","position":3,"name":"Silizium Pur 30g ve fialov\u00e9 sklen\u011bn\u00e9 d\u00f3ze"}]},{"@type":"WebSite","@id":"https:\/\/trimedea.com\/cs\/#website","url":"https:\/\/trimedea.com\/cs\/","name":"TRIMEDEA","description":"F\u00fcr einen gesunden K\u00f6rper und Geist","publisher":{"@id":"https:\/\/trimedea.com\/cs\/#organization"},"potentialAction":[{"@type":"SearchAction","target":{"@type":"EntryPoint","urlTemplate":"https:\/\/trimedea.com\/cs\/?s={search_term_string}"},"query-input":{"@type":"PropertyValueSpecification","valueRequired":true,"valueName":"search_term_string"}}],"inLanguage":"cs"},{"@type":"Organization","@id":"https:\/\/trimedea.com\/cs\/#organization","name":"TRIMEDEA","url":"https:\/\/trimedea.com\/cs\/","logo":{"@type":"ImageObject","inLanguage":"cs","@id":"https:\/\/trimedea.com\/cs\/#\/schema\/logo\/image\/","url":"https:\/\/trimedea.com\/wp-content\/uploads\/2024\/04\/TRIMEDEA_LOGO.png","contentUrl":"https:\/\/trimedea.com\/wp-content\/uploads\/2024\/04\/TRIMEDEA_LOGO.png","width":540,"height":248,"caption":"TRIMEDEA"},"image":{"@id":"https:\/\/trimedea.com\/cs\/#\/schema\/logo\/image\/"}}]}},"_links":{"self":[{"href":"https:\/\/trimedea.com\/cs\/wp-json\/wp\/v2\/product\/55909","targetHints":{"allow":["GET"]}}],"collection":[{"href":"https:\/\/trimedea.com\/cs\/wp-json\/wp\/v2\/product"}],"about":[{"href":"https:\/\/trimedea.com\/cs\/wp-json\/wp\/v2\/types\/product"}],"version-history":[{"count":0,"href":"https:\/\/trimedea.com\/cs\/wp-json\/wp\/v2\/product\/55909\/revisions"}],"wp:featuredmedia":[{"embeddable":true,"href":"https:\/\/trimedea.com\/cs\/wp-json\/wp\/v2\/media\/55540"}],"wp:attachment":[{"href":"https:\/\/trimedea.com\/cs\/wp-json\/wp\/v2\/media?parent=55909"}],"wp:term":[{"taxonomy":"product_brand","embeddable":true,"href":"https:\/\/trimedea.com\/cs\/wp-json\/wp\/v2\/product_brand?post=55909"},{"taxonomy":"product_cat","embeddable":true,"href":"https:\/\/trimedea.com\/cs\/wp-json\/wp\/v2\/product_cat?post=55909"},{"taxonomy":"product_tag","embeddable":true,"href":"https:\/\/trimedea.com\/cs\/wp-json\/wp\/v2\/product_tag?post=55909"}],"curies":[{"name":"wp","href":"https:\/\/api.w.org\/{rel}","templated":true}]}}