{"id":55910,"date":"2024-05-16T12:05:08","date_gmt":"2024-05-16T11:05:08","guid":{"rendered":"https:\/\/test.trimedea.com\/produkt\/eliminace-ockovani-a-detoxikacni-startovaci-sada\/"},"modified":"2024-07-04T11:44:23","modified_gmt":"2024-07-04T11:44:23","slug":"eliminace-ockovani-a-detoxikacni-startovaci-sada","status":"publish","type":"product","link":"https:\/\/trimedea.com\/cs\/produkt\/eliminace-ockovani-a-detoxikacni-startovaci-sada\/","title":{"rendered":"Eliminace o\u010dkov\u00e1n\u00ed a detoxika\u010dn\u00ed startovac\u00ed sada"},"content":{"rendered":"<p>[et_pb_section fb_built=&#8220;1&#8243; _builder_version=&#8220;4.16&#8243; custom_padding=&#8220;0px||3px||false|false&#8220; global_colors_info=&#8220;{}&#8220;][et_pb_row _builder_version=&#8220;4.16&#8243; background_size=&#8220;initial&#8220; background_position=&#8220;top_left&#8220; background_repeat=&#8220;repeat&#8220; width=&#8220;100%&#8220; custom_padding=&#8220;0px||0px||false|false&#8220; global_colors_info=&#8220;{}&#8220;][et_pb_column type=&#8220;4_4&#8243; _builder_version=&#8220;4.16&#8243; custom_padding=&#8220;|||&#8220; global_colors_info=&#8220;{}&#8220; custom_padding__hover=&#8220;|||&#8220;][et_pb_wc_breadcrumb breadcrumb_home_text=&#8220;TRIMEDEA SHOP&#8220; breadcrumb_home_url=&#8220;https:\/\/trimedea.com\/trimedea-shop&#8220; breadcrumb_separator=&#8220;|&#8220; admin_label=&#8220;WOO BREADCRUMBS DE&#8220; _builder_version=&#8220;4.25.0&#8243; custom_padding=&#8220;0px||30px||false|false&#8220; saved_tabs=&#8220;all&#8220; global_colors_info=&#8220;{}&#8220;][\/et_pb_wc_breadcrumb][et_pb_wc_cart_notice _builder_version=&#8220;4.16&#8243; custom_button=&#8220;on&#8220; button_border_width=&#8220;1px&#8220; button_border_color=&#8220;#FFFFFF&#8220; global_colors_info=&#8220;{}&#8220;][\/et_pb_wc_cart_notice][\/et_pb_column][\/et_pb_row][et_pb_row column_structure=&#8220;1_2,1_2&#8243; _builder_version=&#8220;4.25.0&#8243; background_size=&#8220;initial&#8220; background_position=&#8220;top_left&#8220; background_repeat=&#8220;repeat&#8220; width=&#8220;100%&#8220; custom_margin=&#8220;0px||||false|false&#8220; custom_padding=&#8220;||||false|false&#8220; global_colors_info=&#8220;{}&#8220;][et_pb_column type=&#8220;1_2&#8243; _builder_version=&#8220;4.25.0&#8243; custom_padding=&#8220;|||&#8220; custom_padding_tablet=&#8220;|||&#8220; custom_padding_phone=&#8220;|0px||0px|false|false&#8220; custom_padding_last_edited=&#8220;on|phone&#8220; global_colors_info=&#8220;{}&#8220; custom_padding__hover=&#8220;|||&#8220;][et_pb_wc_images _builder_version=&#8220;4.25.0&#8243; custom_margin_tablet=&#8220;&#8220; custom_margin_phone=&#8220;||||false|false&#8220; custom_margin_last_edited=&#8220;on|phone&#8220; custom_padding_tablet=&#8220;&#8220; custom_padding_phone=&#8220;30px||||false|false&#8220; custom_padding_last_edited=&#8220;on|phone&#8220; global_colors_info=&#8220;{}&#8220;][\/et_pb_wc_images][\/et_pb_column][et_pb_column type=&#8220;1_2&#8243; _builder_version=&#8220;4.16&#8243; custom_padding=&#8220;|||&#8220; global_colors_info=&#8220;{}&#8220; custom_padding__hover=&#8220;|||&#8220;][et_pb_wc_title _builder_version=&#8220;4.16&#8243; global_colors_info=&#8220;{}&#8220;][\/et_pb_wc_title][et_pb_wc_description _builder_version=&#8220;4.16&#8243; global_colors_info=&#8220;{}&#8220;][\/et_pb_wc_description][et_pb_wc_price _builder_version=&#8220;4.24.3&#8243; body_font=&#8220;|600|||||||&#8220; global_colors_info=&#8220;{}&#8220;][\/et_pb_wc_price][et_pb_wc_add_to_cart _builder_version=&#8220;4.16&#8243; global_colors_info=&#8220;{}&#8220;][\/et_pb_wc_add_to_cart][et_pb_wc_meta _builder_version=&#8220;4.16&#8243; global_colors_info=&#8220;{}&#8220;][\/et_pb_wc_meta][\/et_pb_column][\/et_pb_row][et_pb_row column_structure=&#8220;1_2,1_2&#8243; _builder_version=&#8220;4.25.0&#8243; _module_preset=&#8220;default&#8220; width=&#8220;100%&#8220; global_colors_info=&#8220;{}&#8220; custom_css_main_element_phone=&#8220;display: flex;||flex-wrap: wrap;&#8220; custom_css_main_element_last_edited=&#8220;on|phone&#8220;][et_pb_column type=&#8220;1_2&#8243; _builder_version=&#8220;4.25.0&#8243; _module_preset=&#8220;default&#8220; global_colors_info=&#8220;{}&#8220; custom_css_main_element_last_edited=&#8220;on|phone&#8220; custom_css_main_element_phone=&#8220;order:2;&#8220;][et_pb_text admin_label=&#8220;ANGEBOT&#8220; _builder_version=&#8220;4.26.0&#8243; _module_preset=&#8220;default&#8220; ul_font_size=&#8220;16px&#8220; ul_line_height=&#8220;1.7em&#8220; header_2_line_height=&#8220;1.5em&#8220; header_3_line_height=&#8220;1.5em&#8220; background_color=&#8220;#ebebeb&#8220; width_tablet=&#8220;&#8220; width_phone=&#8220;100%&#8220; width_last_edited=&#8220;on|phone&#8220; max_width=&#8220;100%&#8220; custom_margin_tablet=&#8220;&#8220; custom_margin_phone=&#8220;30px||||false|false&#8220; custom_margin_last_edited=&#8220;on|phone&#8220; custom_padding=&#8220;30px|30px|30px|30px|true|true&#8220; custom_padding_tablet=&#8220;30px|30px|30px|30px|true|true&#8220; custom_padding_phone=&#8220;0px|0px|0px|0px|true|true&#8220; custom_padding_last_edited=&#8220;on|phone&#8220; hover_enabled=&#8220;0&#8243; background_color_phone=&#8220;RGBA(255,255,255,0)&#8220; background_last_edited=&#8220;on|phone&#8220; background_enable_color_phone=&#8220;on&#8220; global_colors_info=&#8220;{}&#8220; sticky_enabled=&#8220;0&#8243;]<\/p>\n<h2><span style=\"color: #c0a000;\"><b><strong>Eliminace o\u010dkov\u00e1n\u00ed a detoxika\u010dn\u00ed startovac\u00ed sada :<br \/><\/strong><\/b><\/span><strong>(3 x 1 litr + 180 g \u010dist\u00e9ho zeolitu):<\/strong><br \/>M\u00edsto 317 eur* <strong>pouze 199 eur<\/strong><br \/>\u00daspora v\u00edce ne\u017e 36 %!<\/h2>\n<p>[\/et_pb_text][\/et_pb_column][et_pb_column type=&#8220;1_2&#8243; _builder_version=&#8220;4.25.0&#8243; _module_preset=&#8220;default&#8220; global_colors_info=&#8220;{}&#8220; custom_css_main_element_last_edited=&#8220;on|phone&#8220; custom_css_main_element_phone=&#8220;order:1;&#8220;][et_pb_text admin_label=&#8220;PRODUKTDETAILS&#8220; _builder_version=&#8220;4.25.0&#8243; _module_preset=&#8220;default&#8220; global_colors_info=&#8220;{}&#8220;]<\/p>\n<p><strong><br \/>Zvy\u0161te sv\u016fj detoxika\u010dn\u00ed v\u00fdkon pomoc\u00ed startovac\u00ed sady pro eliminaci a detoxikaci vakc\u00edn:<\/strong>1 litr tantalu: eliminace slou\u010denin t\u011b\u017ek\u00fdch kov\u016f, formaldehydu.<strong><\/strong><br \/>1 litr m\u011bdi: siln\u00fd antioxida\u010dn\u00ed a regenera\u010dn\u00ed \u00fa\u010dinek, chr\u00e1n\u00ed bun\u011b\u010dn\u00e9 struktury<br \/>1 litr zinku: nezbytn\u00fd pro tvorbu SOD (superoxiddismut\u00e1zy) a dal\u0161\u00edch antioxida\u010dn\u00edch enzym\u016f.<br \/>1 x Zeolit Pure 180 g pro v\u00e1z\u00e1n\u00ed a odstra\u0148ov\u00e1n\u00ed \u0161kodliv\u00fdch l\u00e1tek a jako zdroj koloidn\u00edho k\u0159em\u00edku<\/p>\n<p>[\/et_pb_text][\/et_pb_column][\/et_pb_row][et_pb_row custom_padding_last_edited=&#8220;on|phone&#8220; _builder_version=&#8220;4.25.0&#8243; background_size=&#8220;initial&#8220; background_position=&#8220;top_left&#8220; background_repeat=&#8220;repeat&#8220; width=&#8220;100%&#8220; custom_margin_tablet=&#8220;&#8220; custom_margin_phone=&#8220;||||false|false&#8220; custom_margin_last_edited=&#8220;on|phone&#8220; custom_padding_tablet=&#8220;&#8220; custom_padding_phone=&#8220;0px||||false|false&#8220; global_colors_info=&#8220;{}&#8220;][et_pb_column type=&#8220;4_4&#8243; _builder_version=&#8220;4.16&#8243; custom_padding=&#8220;|||&#8220; global_colors_info=&#8220;{}&#8220; custom_padding__hover=&#8220;|||&#8220;][et_pb_wc_upsells _builder_version=&#8220;4.16&#8243; global_colors_info=&#8220;{}&#8220;][\/et_pb_wc_upsells][et_pb_wc_related_products posts_number=&#8220;4&#8243; columns_number=&#8220;4&#8243; include_categories=&#8220;87&#8243; _builder_version=&#8220;4.25.1&#8243; global_colors_info=&#8220;{}&#8220;][\/et_pb_wc_related_products][\/et_pb_column][\/et_pb_row][et_pb_row _builder_version=&#8220;4.25.0&#8243; _module_preset=&#8220;default&#8220; background_color=&#8220;RGBA(255,255,255,0)&#8220; width=&#8220;100%&#8220; max_width=&#8220;100%&#8220; custom_margin=&#8220;0px||||false|false&#8220; custom_padding=&#8220;||||false|false&#8220; global_colors_info=&#8220;{}&#8220;][et_pb_column type=&#8220;4_4&#8243; _builder_version=&#8220;4.25.0&#8243; _module_preset=&#8220;default&#8220; background_color=&#8220;RGBA(255,255,255,0)&#8220; global_colors_info=&#8220;{}&#8220;][et_pb_text _builder_version=&#8220;4.25.0&#8243; _module_preset=&#8220;default&#8220; header_text_color=&#8220;#C0A000&#8243; header_2_font=&#8220;|600|||||||&#8220; header_2_text_color=&#8220;#C0A000&#8243; header_2_font_size=&#8220;28px&#8220; header_2_line_height=&#8220;1.5em&#8220; global_colors_info=&#8220;{}&#8220;]<\/p>\n<h2 style=\"text-align: center;\">Eliminace o\u010dkov\u00e1n\u00ed a detoxika\u010dn\u00ed startovac\u00ed sada<\/h2>\n<h3 style=\"text-align: center;\">Na\u0161e &#8222;mal\u00e1&#8220; sada pro eliminaci vakc\u00edn a detoxikaci t\u011b\u017ek\u00fdch kov\u016f<\/h3>\n<p>[\/et_pb_text][et_pb_text admin_label=&#8220;DETAILS&#8220; _builder_version=&#8220;4.26.0&#8243; _module_preset=&#8220;default&#8220; header_2_line_height=&#8220;1.5em&#8220; header_5_text_color=&#8220;#C0A000&#8243; background_color=&#8220;RGBA(255,255,255,0)&#8220; width_tablet=&#8220;&#8220; width_phone=&#8220;&#8220; width_last_edited=&#8220;on|desktop&#8220; hover_enabled=&#8220;0&#8243; global_colors_info=&#8220;{}&#8220; sticky_enabled=&#8220;0&#8243; global_module=&#8220;56312&#8243; saved_tabs=&#8220;all&#8220; locked=&#8220;off&#8220;]<\/p>\n<h3>Co jsou to koloidn\u00ed kovy a jak je u\u017e\u00edvat?<\/h3>\n<p>Prav\u00e9 koloidn\u00ed kovy jsou velmi jemn\u00e9 \u010d\u00e1stice kov\u016f, kter\u00e9 jsou suspendov\u00e1ny ve vod\u011b a nevytv\u00e1\u0159ej\u00ed s n\u00ed vazbu &#8211; na rozd\u00edl od iontov\u00fdch roztok\u016f (elektrolytick\u00e1 v\u00fdroba). Velikost jednotliv\u00fdch \u010d\u00e1stic se pohybuje mezi 1 a 20 nanometry (1 nm = jedna miliardtina metru). \u010c\u00e1stice t\u00e9to kapaln\u00e9 disperze lze vyr\u00e1b\u011bt r\u016fzn\u00fdmi v\u00fdrobn\u00edmi postupy, kter\u00e9 maj\u00ed v z\u00e1vislosti na procesu zna\u010dn\u00fd vliv na vlastnosti a kvalitu. V\u00edce informac\u00ed o <a href=\"https:\/\/gesundheit-und-sport.com\/anwendung-und-dosierung-von-kolloidalen-metallen\/\" target=\"_blank\" rel=\"noopener\">pou\u017e\u00edv\u00e1n\u00ed a d\u00e1vkov\u00e1n\u00ed koloid\u016f<\/a> najdete na informa\u010dn\u00edm port\u00e1lu FGS. Dal\u0161\u00ed informace o velikosti \u010d\u00e1stic (nm), koncentraci (ppm), \u00fa\u010dinnosti a biologick\u00e9 dostupnosti naleznete v <a href=\"https:\/\/trimedea.com\/faq-kolloidale-metalle\/\" target=\"_blank\" rel=\"noopener\">na\u0161ich \u010dasto kladen\u00fdch dotazech zde<\/a>.<br \/>Zjist\u011bte, <strong>pro\u010d jsou koloidn\u00ed kovy tak d\u016fle\u017eit\u00e9 jako katalyz\u00e1tory a urychlova\u010de metabolismu <\/strong><a href=\"https:\/\/gesundheit-und-sport.com\/katalytisch-aktive-metalle-wichtige-elemente-fuer-unsere-gesundheit\/\" target=\"_blank\" rel=\"noopener\">zde<\/a>.<\/p>\n<p>Z biologicko-logick\u00e9ho hlediska je pro v\u00fdrobu prav\u00fdch koloidn\u00edch kov\u016f nejvhodn\u011bj\u0161\u00ed vysokonap\u011b\u0165ov\u00fd plazmov\u00fd proces. Zjist\u00edte, pro\u010d m\u00e1 v\u00fdroba pomoc\u00ed elektrol\u00fdzy (= iontov\u00fd roztok \/ m\u00e1lo skute\u010dn\u00fdch koloid\u016f) v\u00edce rizik ne\u017e v\u00fdhod a jak\u00e9 jsou p\u0159esn\u011b rozd\u00edly. <a href=\"https:\/\/gesundheit-und-sport.com\/kolloidales-gold-silber-und-platin-im-hochvolt-plasma-verfahren\/\" target=\"_blank\" rel=\"noopener\"><br \/>zde<\/a>.<\/p>\n<p>[\/et_pb_text][et_pb_video _builder_version=&#8220;4.25.0&#8243; _module_preset=&#8220;default&#8220; global_colors_info=&#8220;{}&#8220;][\/et_pb_video][\/et_pb_column][\/et_pb_row][\/et_pb_section]<\/p>\n","protected":false},"excerpt":{"rendered":"<p><strong>Startovac\u00ed sada<\/strong> podporuje detoxika\u010dn\u00ed a regenera\u010dn\u00ed procesy v t\u011ble, zejm\u00e9na v p\u0159\u00edpad\u011b vystaven\u00ed vakc\u00edn\u00e1m a slou\u010denin\u00e1m t\u011b\u017ek\u00fdch kov\u016f.<br \/>\n<strong>Tato startovac\u00ed sada s vybran\u00fdmi koloidy a klinoptilolitem zeolitem nastartuje detoxika\u010dn\u00ed metabolismus<\/strong>, zejm\u00e9na p\u0159i sou\u010dasn\u00fdch pot\u00ed\u017e\u00edch zp\u016fsoben\u00fdch vakc\u00ednami a vakcina\u010dn\u00edmi p\u0159\u00edsadami. T\u0159i koloidn\u00ed kovy tantal, m\u011b\u010f a zinek a zeolit spolu dokonale spolupracuj\u00ed, aby v\u00e1zaly a eliminovaly toxiny.<\/p>\n","protected":false},"featured_media":55567,"template":"","meta":{"_et_pb_use_builder":"on","_et_pb_old_content":"","_et_gb_content_width":"","footnotes":""},"product_brand":[],"product_cat":[177],"product_tag":[178,229,246],"class_list":{"0":"post-55910","1":"product","2":"type-product","3":"status-publish","4":"has-post-thumbnail","6":"product_cat-startovaci-sady","7":"product_tag-bestseller-cs","8":"product_tag-detoxikace-a-metabolismus","9":"product_tag-imunitni-system","11":"first","12":"instock","13":"sale","14":"taxable","15":"shipping-taxable","16":"purchasable","17":"product-type-simple"},"yoast_head":"<!-- This site is optimized with the Yoast SEO plugin v27.5 - https:\/\/yoast.com\/product\/yoast-seo-wordpress\/ -->\n<title>Eliminace o\u010dkov\u00e1n\u00ed a detoxika\u010dn\u00ed startovac\u00ed sada - TRIMEDEA<\/title>\n<meta name=\"description\" content=\"Eliminace a detoxikace p\u0159\u00eddatn\u00fdch l\u00e1tek ve vakc\u00edn\u00e1ch, slou\u010denin t\u011b\u017ek\u00fdch kov\u016f a toxin\u016f v \u017eivotn\u00edm prost\u0159ed\u00ed pomoc\u00ed koloidn\u00edch kov\u016f - mnohem levn\u011bji v sad\u011b!\" \/>\n<meta name=\"robots\" content=\"index, follow, max-snippet:-1, max-image-preview:large, max-video-preview:-1\" \/>\n<link rel=\"canonical\" href=\"https:\/\/trimedea.com\/cs\/produkt\/eliminace-ockovani-a-detoxikacni-startovaci-sada\/\" \/>\n<meta property=\"og:locale\" content=\"cs_CZ\" \/>\n<meta property=\"og:type\" content=\"article\" \/>\n<meta property=\"og:title\" content=\"Eliminace o\u010dkov\u00e1n\u00ed a detoxika\u010dn\u00ed startovac\u00ed sada - TRIMEDEA\" \/>\n<meta property=\"og:description\" content=\"Eliminace a detoxikace p\u0159\u00eddatn\u00fdch l\u00e1tek ve vakc\u00edn\u00e1ch, slou\u010denin t\u011b\u017ek\u00fdch kov\u016f a toxin\u016f v \u017eivotn\u00edm prost\u0159ed\u00ed pomoc\u00ed koloidn\u00edch kov\u016f - mnohem levn\u011bji v sad\u011b!\" \/>\n<meta property=\"og:url\" content=\"https:\/\/trimedea.com\/cs\/produkt\/eliminace-ockovani-a-detoxikacni-startovaci-sada\/\" \/>\n<meta property=\"og:site_name\" content=\"TRIMEDEA\" \/>\n<meta property=\"article:modified_time\" content=\"2024-07-04T11:44:23+00:00\" \/>\n<meta property=\"og:image\" content=\"https:\/\/trimedea.com\/wp-content\/uploads\/2024\/05\/starter-set-impfstoffausleitung-und-detox.jpg\" \/>\n\t<meta property=\"og:image:width\" content=\"1000\" \/>\n\t<meta property=\"og:image:height\" content=\"1000\" \/>\n\t<meta property=\"og:image:type\" content=\"image\/jpeg\" \/>\n<meta name=\"twitter:card\" content=\"summary_large_image\" \/>\n<script type=\"application\/ld+json\" class=\"yoast-schema-graph\">{\"@context\":\"https:\\\/\\\/schema.org\",\"@graph\":[{\"@type\":\"WebPage\",\"@id\":\"https:\\\/\\\/trimedea.com\\\/cs\\\/produkt\\\/eliminace-ockovani-a-detoxikacni-startovaci-sada\\\/\",\"url\":\"https:\\\/\\\/trimedea.com\\\/cs\\\/produkt\\\/eliminace-ockovani-a-detoxikacni-startovaci-sada\\\/\",\"name\":\"Eliminace o\u010dkov\u00e1n\u00ed a detoxika\u010dn\u00ed startovac\u00ed sada - TRIMEDEA\",\"isPartOf\":{\"@id\":\"https:\\\/\\\/trimedea.com\\\/cs\\\/#website\"},\"primaryImageOfPage\":{\"@id\":\"https:\\\/\\\/trimedea.com\\\/cs\\\/produkt\\\/eliminace-ockovani-a-detoxikacni-startovaci-sada\\\/#primaryimage\"},\"image\":{\"@id\":\"https:\\\/\\\/trimedea.com\\\/cs\\\/produkt\\\/eliminace-ockovani-a-detoxikacni-startovaci-sada\\\/#primaryimage\"},\"thumbnailUrl\":\"https:\\\/\\\/trimedea.com\\\/wp-content\\\/uploads\\\/2024\\\/05\\\/starter-set-impfstoffausleitung-und-detox.jpg\",\"datePublished\":\"2024-05-16T11:05:08+00:00\",\"dateModified\":\"2024-07-04T11:44:23+00:00\",\"description\":\"Eliminace a detoxikace p\u0159\u00eddatn\u00fdch l\u00e1tek ve vakc\u00edn\u00e1ch, slou\u010denin t\u011b\u017ek\u00fdch kov\u016f a toxin\u016f v \u017eivotn\u00edm prost\u0159ed\u00ed pomoc\u00ed koloidn\u00edch kov\u016f - mnohem levn\u011bji v sad\u011b!\",\"breadcrumb\":{\"@id\":\"https:\\\/\\\/trimedea.com\\\/cs\\\/produkt\\\/eliminace-ockovani-a-detoxikacni-startovaci-sada\\\/#breadcrumb\"},\"inLanguage\":\"cs\",\"potentialAction\":[{\"@type\":\"ReadAction\",\"target\":[\"https:\\\/\\\/trimedea.com\\\/cs\\\/produkt\\\/eliminace-ockovani-a-detoxikacni-startovaci-sada\\\/\"]}]},{\"@type\":\"ImageObject\",\"inLanguage\":\"cs\",\"@id\":\"https:\\\/\\\/trimedea.com\\\/cs\\\/produkt\\\/eliminace-ockovani-a-detoxikacni-startovaci-sada\\\/#primaryimage\",\"url\":\"https:\\\/\\\/trimedea.com\\\/wp-content\\\/uploads\\\/2024\\\/05\\\/starter-set-impfstoffausleitung-und-detox.jpg\",\"contentUrl\":\"https:\\\/\\\/trimedea.com\\\/wp-content\\\/uploads\\\/2024\\\/05\\\/starter-set-impfstoffausleitung-und-detox.jpg\",\"width\":1000,\"height\":1000},{\"@type\":\"BreadcrumbList\",\"@id\":\"https:\\\/\\\/trimedea.com\\\/cs\\\/produkt\\\/eliminace-ockovani-a-detoxikacni-startovaci-sada\\\/#breadcrumb\",\"itemListElement\":[{\"@type\":\"ListItem\",\"position\":1,\"name\":\"Startseite\",\"item\":\"https:\\\/\\\/trimedea.com\\\/cs\\\/\"},{\"@type\":\"ListItem\",\"position\":2,\"name\":\"TRIMEDEA SHOP\",\"item\":\"https:\\\/\\\/trimedea.com\\\/cs\\\/trimedea-shop\\\/\"},{\"@type\":\"ListItem\",\"position\":3,\"name\":\"Eliminace o\u010dkov\u00e1n\u00ed a detoxika\u010dn\u00ed startovac\u00ed sada\"}]},{\"@type\":\"WebSite\",\"@id\":\"https:\\\/\\\/trimedea.com\\\/cs\\\/#website\",\"url\":\"https:\\\/\\\/trimedea.com\\\/cs\\\/\",\"name\":\"TRIMEDEA\",\"description\":\"F\u00fcr einen gesunden K\u00f6rper und Geist\",\"publisher\":{\"@id\":\"https:\\\/\\\/trimedea.com\\\/cs\\\/#organization\"},\"potentialAction\":[{\"@type\":\"SearchAction\",\"target\":{\"@type\":\"EntryPoint\",\"urlTemplate\":\"https:\\\/\\\/trimedea.com\\\/cs\\\/?s={search_term_string}\"},\"query-input\":{\"@type\":\"PropertyValueSpecification\",\"valueRequired\":true,\"valueName\":\"search_term_string\"}}],\"inLanguage\":\"cs\"},{\"@type\":\"Organization\",\"@id\":\"https:\\\/\\\/trimedea.com\\\/cs\\\/#organization\",\"name\":\"TRIMEDEA\",\"url\":\"https:\\\/\\\/trimedea.com\\\/cs\\\/\",\"logo\":{\"@type\":\"ImageObject\",\"inLanguage\":\"cs\",\"@id\":\"https:\\\/\\\/trimedea.com\\\/cs\\\/#\\\/schema\\\/logo\\\/image\\\/\",\"url\":\"https:\\\/\\\/trimedea.com\\\/wp-content\\\/uploads\\\/2024\\\/04\\\/TRIMEDEA_LOGO.png\",\"contentUrl\":\"https:\\\/\\\/trimedea.com\\\/wp-content\\\/uploads\\\/2024\\\/04\\\/TRIMEDEA_LOGO.png\",\"width\":540,\"height\":248,\"caption\":\"TRIMEDEA\"},\"image\":{\"@id\":\"https:\\\/\\\/trimedea.com\\\/cs\\\/#\\\/schema\\\/logo\\\/image\\\/\"}}]}<\/script>\n<!-- \/ Yoast SEO plugin. -->","yoast_head_json":{"title":"Eliminace o\u010dkov\u00e1n\u00ed a detoxika\u010dn\u00ed startovac\u00ed sada - TRIMEDEA","description":"Eliminace a detoxikace p\u0159\u00eddatn\u00fdch l\u00e1tek ve vakc\u00edn\u00e1ch, slou\u010denin t\u011b\u017ek\u00fdch kov\u016f a toxin\u016f v \u017eivotn\u00edm prost\u0159ed\u00ed pomoc\u00ed koloidn\u00edch kov\u016f - mnohem levn\u011bji v sad\u011b!","robots":{"index":"index","follow":"follow","max-snippet":"max-snippet:-1","max-image-preview":"max-image-preview:large","max-video-preview":"max-video-preview:-1"},"canonical":"https:\/\/trimedea.com\/cs\/produkt\/eliminace-ockovani-a-detoxikacni-startovaci-sada\/","og_locale":"cs_CZ","og_type":"article","og_title":"Eliminace o\u010dkov\u00e1n\u00ed a detoxika\u010dn\u00ed startovac\u00ed sada - TRIMEDEA","og_description":"Eliminace a detoxikace p\u0159\u00eddatn\u00fdch l\u00e1tek ve vakc\u00edn\u00e1ch, slou\u010denin t\u011b\u017ek\u00fdch kov\u016f a toxin\u016f v \u017eivotn\u00edm prost\u0159ed\u00ed pomoc\u00ed koloidn\u00edch kov\u016f - mnohem levn\u011bji v sad\u011b!","og_url":"https:\/\/trimedea.com\/cs\/produkt\/eliminace-ockovani-a-detoxikacni-startovaci-sada\/","og_site_name":"TRIMEDEA","article_modified_time":"2024-07-04T11:44:23+00:00","og_image":[{"width":1000,"height":1000,"url":"https:\/\/trimedea.com\/wp-content\/uploads\/2024\/05\/starter-set-impfstoffausleitung-und-detox.jpg","type":"image\/jpeg"}],"twitter_card":"summary_large_image","schema":{"@context":"https:\/\/schema.org","@graph":[{"@type":"WebPage","@id":"https:\/\/trimedea.com\/cs\/produkt\/eliminace-ockovani-a-detoxikacni-startovaci-sada\/","url":"https:\/\/trimedea.com\/cs\/produkt\/eliminace-ockovani-a-detoxikacni-startovaci-sada\/","name":"Eliminace o\u010dkov\u00e1n\u00ed a detoxika\u010dn\u00ed startovac\u00ed sada - TRIMEDEA","isPartOf":{"@id":"https:\/\/trimedea.com\/cs\/#website"},"primaryImageOfPage":{"@id":"https:\/\/trimedea.com\/cs\/produkt\/eliminace-ockovani-a-detoxikacni-startovaci-sada\/#primaryimage"},"image":{"@id":"https:\/\/trimedea.com\/cs\/produkt\/eliminace-ockovani-a-detoxikacni-startovaci-sada\/#primaryimage"},"thumbnailUrl":"https:\/\/trimedea.com\/wp-content\/uploads\/2024\/05\/starter-set-impfstoffausleitung-und-detox.jpg","datePublished":"2024-05-16T11:05:08+00:00","dateModified":"2024-07-04T11:44:23+00:00","description":"Eliminace a detoxikace p\u0159\u00eddatn\u00fdch l\u00e1tek ve vakc\u00edn\u00e1ch, slou\u010denin t\u011b\u017ek\u00fdch kov\u016f a toxin\u016f v \u017eivotn\u00edm prost\u0159ed\u00ed pomoc\u00ed koloidn\u00edch kov\u016f - mnohem levn\u011bji v sad\u011b!","breadcrumb":{"@id":"https:\/\/trimedea.com\/cs\/produkt\/eliminace-ockovani-a-detoxikacni-startovaci-sada\/#breadcrumb"},"inLanguage":"cs","potentialAction":[{"@type":"ReadAction","target":["https:\/\/trimedea.com\/cs\/produkt\/eliminace-ockovani-a-detoxikacni-startovaci-sada\/"]}]},{"@type":"ImageObject","inLanguage":"cs","@id":"https:\/\/trimedea.com\/cs\/produkt\/eliminace-ockovani-a-detoxikacni-startovaci-sada\/#primaryimage","url":"https:\/\/trimedea.com\/wp-content\/uploads\/2024\/05\/starter-set-impfstoffausleitung-und-detox.jpg","contentUrl":"https:\/\/trimedea.com\/wp-content\/uploads\/2024\/05\/starter-set-impfstoffausleitung-und-detox.jpg","width":1000,"height":1000},{"@type":"BreadcrumbList","@id":"https:\/\/trimedea.com\/cs\/produkt\/eliminace-ockovani-a-detoxikacni-startovaci-sada\/#breadcrumb","itemListElement":[{"@type":"ListItem","position":1,"name":"Startseite","item":"https:\/\/trimedea.com\/cs\/"},{"@type":"ListItem","position":2,"name":"TRIMEDEA SHOP","item":"https:\/\/trimedea.com\/cs\/trimedea-shop\/"},{"@type":"ListItem","position":3,"name":"Eliminace o\u010dkov\u00e1n\u00ed a detoxika\u010dn\u00ed startovac\u00ed sada"}]},{"@type":"WebSite","@id":"https:\/\/trimedea.com\/cs\/#website","url":"https:\/\/trimedea.com\/cs\/","name":"TRIMEDEA","description":"F\u00fcr einen gesunden K\u00f6rper und Geist","publisher":{"@id":"https:\/\/trimedea.com\/cs\/#organization"},"potentialAction":[{"@type":"SearchAction","target":{"@type":"EntryPoint","urlTemplate":"https:\/\/trimedea.com\/cs\/?s={search_term_string}"},"query-input":{"@type":"PropertyValueSpecification","valueRequired":true,"valueName":"search_term_string"}}],"inLanguage":"cs"},{"@type":"Organization","@id":"https:\/\/trimedea.com\/cs\/#organization","name":"TRIMEDEA","url":"https:\/\/trimedea.com\/cs\/","logo":{"@type":"ImageObject","inLanguage":"cs","@id":"https:\/\/trimedea.com\/cs\/#\/schema\/logo\/image\/","url":"https:\/\/trimedea.com\/wp-content\/uploads\/2024\/04\/TRIMEDEA_LOGO.png","contentUrl":"https:\/\/trimedea.com\/wp-content\/uploads\/2024\/04\/TRIMEDEA_LOGO.png","width":540,"height":248,"caption":"TRIMEDEA"},"image":{"@id":"https:\/\/trimedea.com\/cs\/#\/schema\/logo\/image\/"}}]}},"_links":{"self":[{"href":"https:\/\/trimedea.com\/cs\/wp-json\/wp\/v2\/product\/55910","targetHints":{"allow":["GET"]}}],"collection":[{"href":"https:\/\/trimedea.com\/cs\/wp-json\/wp\/v2\/product"}],"about":[{"href":"https:\/\/trimedea.com\/cs\/wp-json\/wp\/v2\/types\/product"}],"version-history":[{"count":0,"href":"https:\/\/trimedea.com\/cs\/wp-json\/wp\/v2\/product\/55910\/revisions"}],"wp:featuredmedia":[{"embeddable":true,"href":"https:\/\/trimedea.com\/cs\/wp-json\/wp\/v2\/media\/55567"}],"wp:attachment":[{"href":"https:\/\/trimedea.com\/cs\/wp-json\/wp\/v2\/media?parent=55910"}],"wp:term":[{"taxonomy":"product_brand","embeddable":true,"href":"https:\/\/trimedea.com\/cs\/wp-json\/wp\/v2\/product_brand?post=55910"},{"taxonomy":"product_cat","embeddable":true,"href":"https:\/\/trimedea.com\/cs\/wp-json\/wp\/v2\/product_cat?post=55910"},{"taxonomy":"product_tag","embeddable":true,"href":"https:\/\/trimedea.com\/cs\/wp-json\/wp\/v2\/product_tag?post=55910"}],"curies":[{"name":"wp","href":"https:\/\/api.w.org\/{rel}","templated":true}]}}