{"id":55916,"date":"2024-05-15T06:43:13","date_gmt":"2024-05-15T05:43:13","guid":{"rendered":"https:\/\/test.trimedea.com\/produkt\/cisty-zeolit\/"},"modified":"2024-11-12T09:15:58","modified_gmt":"2024-11-12T09:15:58","slug":"cisty-zeolit","status":"publish","type":"product","link":"https:\/\/trimedea.com\/cs\/produkt\/cisty-zeolit\/","title":{"rendered":"Zeolith Pur 2 x 180 g ve fialov\u00e9 sklen\u011bn\u00e9 d\u00f3ze"},"content":{"rendered":"<p>[et_pb_section fb_built=&#8220;1&#8243; _builder_version=&#8220;4.16&#8243; custom_padding=&#8220;0px||3px||false|false&#8220; global_colors_info=&#8220;{}&#8220;][et_pb_row _builder_version=&#8220;4.16&#8243; background_size=&#8220;initial&#8220; background_position=&#8220;top_left&#8220; background_repeat=&#8220;repeat&#8220; width=&#8220;100%&#8220; custom_padding=&#8220;0px||0px||false|false&#8220; global_colors_info=&#8220;{}&#8220;][et_pb_column type=&#8220;4_4&#8243; _builder_version=&#8220;4.16&#8243; custom_padding=&#8220;|||&#8220; global_colors_info=&#8220;{}&#8220; custom_padding__hover=&#8220;|||&#8220;][et_pb_wc_breadcrumb breadcrumb_home_text=&#8220;TRIMEDEA SHOP&#8220; breadcrumb_home_url=&#8220;https:\/\/trimedea.com\/trimedea-shop&#8220; breadcrumb_separator=&#8220;|&#8220; admin_label=&#8220;WOO BREADCRUMBS DE&#8220; _builder_version=&#8220;4.25.0&#8243; custom_padding=&#8220;0px||30px||false|false&#8220; saved_tabs=&#8220;all&#8220; global_colors_info=&#8220;{}&#8220;][\/et_pb_wc_breadcrumb][et_pb_wc_cart_notice _builder_version=&#8220;4.16&#8243; custom_button=&#8220;on&#8220; button_border_width=&#8220;1px&#8220; button_border_color=&#8220;#FFFFFF&#8220; global_colors_info=&#8220;{}&#8220;][\/et_pb_wc_cart_notice][\/et_pb_column][\/et_pb_row][et_pb_row column_structure=&#8220;1_2,1_2&#8243; _builder_version=&#8220;4.25.0&#8243; background_size=&#8220;initial&#8220; background_position=&#8220;top_left&#8220; background_repeat=&#8220;repeat&#8220; width=&#8220;100%&#8220; custom_margin=&#8220;0px||||false|false&#8220; custom_padding=&#8220;||||false|false&#8220; global_colors_info=&#8220;{}&#8220;][et_pb_column type=&#8220;1_2&#8243; _builder_version=&#8220;4.25.0&#8243; custom_padding=&#8220;|||&#8220; custom_padding_tablet=&#8220;|||&#8220; custom_padding_phone=&#8220;|0px||0px|false|false&#8220; custom_padding_last_edited=&#8220;on|phone&#8220; global_colors_info=&#8220;{}&#8220; custom_padding__hover=&#8220;|||&#8220;][et_pb_wc_images _builder_version=&#8220;4.25.0&#8243; custom_margin_tablet=&#8220;&#8220; custom_margin_phone=&#8220;||||false|false&#8220; custom_margin_last_edited=&#8220;on|phone&#8220; custom_padding_tablet=&#8220;&#8220; custom_padding_phone=&#8220;30px||||false|false&#8220; custom_padding_last_edited=&#8220;on|phone&#8220; global_colors_info=&#8220;{}&#8220;][\/et_pb_wc_images][\/et_pb_column][et_pb_column type=&#8220;1_2&#8243; _builder_version=&#8220;4.16&#8243; custom_padding=&#8220;|||&#8220; global_colors_info=&#8220;{}&#8220; custom_padding__hover=&#8220;|||&#8220;][et_pb_wc_title _builder_version=&#8220;4.25.0&#8243; global_colors_info=&#8220;{}&#8220;][\/et_pb_wc_title][et_pb_wc_description _builder_version=&#8220;4.16&#8243; global_colors_info=&#8220;{}&#8220;][\/et_pb_wc_description][et_pb_wc_price _builder_version=&#8220;4.24.3&#8243; body_font=&#8220;|600|||||||&#8220; global_colors_info=&#8220;{}&#8220;][\/et_pb_wc_price][et_pb_wc_add_to_cart _builder_version=&#8220;4.16&#8243; global_colors_info=&#8220;{}&#8220;][\/et_pb_wc_add_to_cart][et_pb_wc_meta _builder_version=&#8220;4.16&#8243; global_colors_info=&#8220;{}&#8220;][\/et_pb_wc_meta][\/et_pb_column][\/et_pb_row][et_pb_row column_structure=&#8220;1_2,1_2&#8243; _builder_version=&#8220;4.25.0&#8243; _module_preset=&#8220;default&#8220; width=&#8220;100%&#8220; global_colors_info=&#8220;{}&#8220; custom_css_main_element_phone=&#8220;display: flex;||flex-wrap: wrap;&#8220; custom_css_main_element_last_edited=&#8220;on|phone&#8220;][et_pb_column type=&#8220;1_2&#8243; _builder_version=&#8220;4.25.0&#8243; _module_preset=&#8220;default&#8220; global_colors_info=&#8220;{}&#8220; custom_css_main_element_last_edited=&#8220;on|phone&#8220; custom_css_main_element_phone=&#8220;order:2;&#8220;][et_pb_text admin_label=&#8220;ANWENDUNG&#8220; _builder_version=&#8220;4.27.2&#8243; _module_preset=&#8220;default&#8220; ul_font_size=&#8220;16px&#8220; ul_line_height=&#8220;1.7em&#8220; header_3_line_height=&#8220;1.5em&#8220; background_color=&#8220;#ebebeb&#8220; width_tablet=&#8220;&#8220; width_phone=&#8220;100%&#8220; width_last_edited=&#8220;on|phone&#8220; max_width=&#8220;100%&#8220; custom_margin_tablet=&#8220;&#8220; custom_margin_phone=&#8220;30px||||false|false&#8220; custom_margin_last_edited=&#8220;on|phone&#8220; custom_padding=&#8220;30px|30px|30px|30px|true|true&#8220; custom_padding_tablet=&#8220;30px|30px|30px|30px|true|true&#8220; custom_padding_phone=&#8220;0px|0px|0px|0px|true|true&#8220; custom_padding_last_edited=&#8220;on|phone&#8220; hover_enabled=&#8220;0&#8243; background_color_phone=&#8220;RGBA(255,255,255,0)&#8220; background_last_edited=&#8220;on|phone&#8220; background_enable_color_phone=&#8220;on&#8220; global_colors_info=&#8220;{}&#8220; sticky_enabled=&#8220;0&#8243;]<\/p>\n<p><strong>V\u00fdhody Zeolith Pur<\/strong><\/p>\n<ul>\n<li>V\u00fdborn\u011b se hod\u00ed k detoxikaci \/ eliminaci \u0161kodliv\u00fdch l\u00e1tek, jako je hlin\u00edk, slou\u010deniny t\u011b\u017ek\u00fdch kov\u016f, toxiny z \u017eivotn\u00edho prost\u0159ed\u00ed, p\u0159\u00edsady do vakc\u00edn atd.<\/li>\n<li>Optim\u00e1ln\u00ed biologick\u00e1 dostupnost d\u00edky velmi jemn\u00e9 velikosti \u010d\u00e1stic<\/li>\n<li>Nejlep\u0161\u00ed mo\u017en\u00e1 ochrana ve fialov\u00e9m skle<\/li>\n<li>Dodate\u010dn\u00e1 aktivace a nap\u00e1jen\u00ed pomoc\u00ed technologie UMH<\/li>\n<\/ul>\n<p><strong>Pou\u017e\u00edvejte l\u017e\u00edci z plastu nebo d\u0159eva &#8211; ne kovovou!<\/strong><\/p>\n<p>P\u0159e\u010dt\u011bte si pros\u00edm: D\u016fle\u017eit\u00e9 informace o <a href=\"https:\/\/gesundheit-und-sport.com\/zeolith-pur-anwendung-und-dosierung\/\" target=\"_blank\" rel=\"noopener\">pou\u017e\u00edv\u00e1n\u00ed a d\u00e1vkov\u00e1n\u00ed p\u0159\u00edpravku Zeolith Pur<\/a><\/p>\n<p><a href=\"\/wp-content\/PDF\/ZEOLITH_PUR_Datenblatt.pdf\"> Zeolith Pur Podrobn\u00fd katalogov\u00fd list najdete zde <\/a>.<\/p>\n<p>[\/et_pb_text][\/et_pb_column][et_pb_column type=&#8220;1_2&#8243; _builder_version=&#8220;4.25.0&#8243; _module_preset=&#8220;default&#8220; global_colors_info=&#8220;{}&#8220; custom_css_main_element_last_edited=&#8220;on|phone&#8220; custom_css_main_element_phone=&#8220;order:1;&#8220;][et_pb_text admin_label=&#8220;PRODUKTDETAILS&#8220; _builder_version=&#8220;4.25.0&#8243; _module_preset=&#8220;default&#8220; global_colors_info=&#8220;{}&#8220;]<strong>Co je zeolit a jak funguje?<br \/>\n<\/strong>Zeolith Pur (95 % klinoptilolitu, 5 % bentonitu) funguje velmi \u00fa\u010dinn\u011b d\u00edky technicky velmi slo\u017eit\u00e9mu procesu redukce a energetizace UMH, kter\u00fd enormn\u011b zvy\u0161uje povrchovou plochu pro v\u00e1z\u00e1n\u00ed a odstra\u0148ov\u00e1n\u00ed \u0161kodliv\u00fdch l\u00e1tek. <strong>Velikost \u010d\u00e1stic 6 mikrometr\u016f (m\u00edsto 40 a\u017e 90 mikrometr\u016f<\/strong> ) je p\u0159edpokladem pro syst\u00e9movou vazbu a eliminaci zne\u010di\u0161\u0165uj\u00edc\u00edch l\u00e1tek a slou\u010denin t\u011b\u017ek\u00fdch kov\u016f. K\u0159em\u00edk je prvek, kter\u00fd vytv\u00e1\u0159\u00ed strukturu kost\u00ed, pojivov\u00e9 tk\u00e1n\u011b, \u0161lach, vaz\u016f, k\u016f\u017ee, elastinov\u00fdch a kolagenov\u00fdch vl\u00e1ken a c\u00e9vn\u00edch st\u011bn. Zlep\u0161uje \u00fa\u010dinnost bun\u011bk srde\u010dn\u00edho svalu, veden\u00ed podn\u011bt\u016f a produkci energie. K\u0159em\u00edk m\u00e1 d\u00edky sv\u00fdm foto- a piezoelektrick\u00fdm vlastnostem mnohem v\u011bt\u0161\u00ed a dalekos\u00e1hlej\u0161\u00ed \u00fa\u010dinky na organismus a metabolismus, ne\u017e se dosud p\u0159edpokl\u00e1dalo (biofotony, funkce \u010derpadla).<br \/>\n[\/et_pb_text][\/et_pb_column][\/et_pb_row][et_pb_row custom_padding_last_edited=&#8220;on|phone&#8220; _builder_version=&#8220;4.25.0&#8243; background_size=&#8220;initial&#8220; background_position=&#8220;top_left&#8220; background_repeat=&#8220;repeat&#8220; width=&#8220;100%&#8220; custom_margin_tablet=&#8220;&#8220; custom_margin_phone=&#8220;||||false|false&#8220; custom_margin_last_edited=&#8220;on|phone&#8220; custom_padding_tablet=&#8220;&#8220; custom_padding_phone=&#8220;0px||||false|false&#8220; global_colors_info=&#8220;{}&#8220;][et_pb_column type=&#8220;4_4&#8243; _builder_version=&#8220;4.16&#8243; custom_padding=&#8220;|||&#8220; global_colors_info=&#8220;{}&#8220; custom_padding__hover=&#8220;|||&#8220;][et_pb_wc_upsells _builder_version=&#8220;4.16&#8243; global_colors_info=&#8220;{}&#8220;][\/et_pb_wc_upsells][et_pb_wc_related_products posts_number=&#8220;4&#8243; columns_number=&#8220;4&#8243; include_categories=&#8220;88,49,74,85&#8243; _builder_version=&#8220;4.25.1&#8243; global_colors_info=&#8220;{}&#8220;][\/et_pb_wc_related_products][\/et_pb_column][\/et_pb_row][\/et_pb_section]<\/p>\n","protected":false},"excerpt":{"rendered":"<p><strong>Zeolith Pur<\/strong><br \/>\nU<strong>ltrajemn\u00fd pr\u00e1\u0161ek, aktivovan\u00fd<\/strong> <strong> a energizovan\u00fd<\/strong> pro co nejlep\u0161\u00ed biologickou dostupnost. Struktura a vlastnosti zeolitov\u00e9 vulkanick\u00e9 horniny jsou zn\u00e1my ji\u017e mnoho let a jsou velmi dob\u0159e prozkoum\u00e1ny z hlediska v\u00e1z\u00e1n\u00ed a eliminace \u0161kodliv\u00fdch l\u00e1tek a jako strukturotvorn\u00fd prvek. P\u0159i znalosti struktury a vlastnost\u00ed je biologicky logick\u00e9 dod\u00e1vat t\u011blu ka\u017ed\u00fd den dostate\u010dn\u00e9 mno\u017estv\u00ed zeolitu, a tedy i oxidu k\u0159emi\u010dit\u00e9ho, aby se p\u0159ede\u0161lo jeho nedostatku. V\u00e1z\u00e1n\u00ed \u0161kodliv\u00fdch l\u00e1tek (adsorpce) a v\u00fdm\u011bna iont\u016f jsou jedny z d\u016fle\u017eit\u00fdch \u00fakol\u016f v t\u011ble. Podle sou\u010dasn\u00fdch poznatk\u016f je k\u0159em\u00edk jedn\u00edm z nejd\u016fle\u017eit\u011bj\u0161\u00edch prvk\u016f (miner\u00e1l\u016f\/kov\u016f) pro na\u0161e t\u011blo!<br \/>\nObsahuje 70g s\u00e1\u010dek bez obsahu pro samopln\u011bn\u00ed p\u0159i cestov\u00e1n\u00ed<\/p>\n","protected":false},"featured_media":55920,"template":"","meta":{"_et_pb_use_builder":"on","_et_pb_old_content":"","_et_gb_content_width":"","footnotes":""},"product_brand":[],"product_cat":[189],"product_tag":[253,243],"class_list":{"0":"post-55916","1":"product","2":"type-product","3":"status-publish","4":"has-post-thumbnail","6":"product_cat-zeolith-pur-cs","7":"product_tag-kosti-a-klouby","8":"product_tag-proti-starnuti","10":"first","11":"instock","12":"taxable","13":"shipping-taxable","14":"purchasable","15":"product-type-simple"},"yoast_head":"<!-- This site is optimized with the Yoast SEO plugin v27.5 - https:\/\/yoast.com\/product\/yoast-seo-wordpress\/ -->\n<title>Zeolith Pur pro detoxikaci, detoxikaci a eliminaci<\/title>\n<meta name=\"description\" content=\"Zeolith Pur - ide\u00e1ln\u00ed pro detoxikaci, detoxikaci a eliminaci hlin\u00edku, t\u011b\u017ek\u00fdch kov\u016f, p\u0159\u00eddatn\u00fdch l\u00e1tek ve vakc\u00edn\u00e1ch a l\u00e1tek zne\u010di\u0161\u0165uj\u00edc\u00edch \u017eivotn\u00ed prost\u0159ed\u00ed.\" \/>\n<meta name=\"robots\" content=\"index, follow, max-snippet:-1, max-image-preview:large, max-video-preview:-1\" \/>\n<link rel=\"canonical\" href=\"https:\/\/trimedea.com\/cs\/produkt\/cisty-zeolit\/\" \/>\n<meta property=\"og:locale\" content=\"cs_CZ\" \/>\n<meta property=\"og:type\" content=\"article\" \/>\n<meta property=\"og:title\" content=\"Zeolith Pur pro detoxikaci, detoxikaci a eliminaci\" \/>\n<meta property=\"og:description\" content=\"Zeolith Pur - ide\u00e1ln\u00ed pro detoxikaci, detoxikaci a eliminaci hlin\u00edku, t\u011b\u017ek\u00fdch kov\u016f, p\u0159\u00eddatn\u00fdch l\u00e1tek ve vakc\u00edn\u00e1ch a l\u00e1tek zne\u010di\u0161\u0165uj\u00edc\u00edch \u017eivotn\u00ed prost\u0159ed\u00ed.\" \/>\n<meta property=\"og:url\" content=\"https:\/\/trimedea.com\/cs\/produkt\/cisty-zeolit\/\" \/>\n<meta property=\"og:site_name\" content=\"TRIMEDEA\" \/>\n<meta property=\"article:modified_time\" content=\"2024-11-12T09:15:58+00:00\" \/>\n<meta property=\"og:image\" content=\"https:\/\/trimedea.com\/wp-content\/uploads\/2024\/05\/ZEOLITH_SET.jpg\" \/>\n\t<meta property=\"og:image:width\" content=\"1000\" \/>\n\t<meta property=\"og:image:height\" content=\"1000\" \/>\n\t<meta property=\"og:image:type\" content=\"image\/jpeg\" \/>\n<meta name=\"twitter:card\" content=\"summary_large_image\" \/>\n<script type=\"application\/ld+json\" class=\"yoast-schema-graph\">{\"@context\":\"https:\\\/\\\/schema.org\",\"@graph\":[{\"@type\":\"WebPage\",\"@id\":\"https:\\\/\\\/trimedea.com\\\/cs\\\/produkt\\\/cisty-zeolit\\\/\",\"url\":\"https:\\\/\\\/trimedea.com\\\/cs\\\/produkt\\\/cisty-zeolit\\\/\",\"name\":\"Zeolith Pur pro detoxikaci, detoxikaci a eliminaci\",\"isPartOf\":{\"@id\":\"https:\\\/\\\/trimedea.com\\\/cs\\\/#website\"},\"primaryImageOfPage\":{\"@id\":\"https:\\\/\\\/trimedea.com\\\/cs\\\/produkt\\\/cisty-zeolit\\\/#primaryimage\"},\"image\":{\"@id\":\"https:\\\/\\\/trimedea.com\\\/cs\\\/produkt\\\/cisty-zeolit\\\/#primaryimage\"},\"thumbnailUrl\":\"https:\\\/\\\/trimedea.com\\\/wp-content\\\/uploads\\\/2024\\\/05\\\/ZEOLITH_SET.jpg\",\"datePublished\":\"2024-05-15T05:43:13+00:00\",\"dateModified\":\"2024-11-12T09:15:58+00:00\",\"description\":\"Zeolith Pur - ide\u00e1ln\u00ed pro detoxikaci, detoxikaci a eliminaci hlin\u00edku, t\u011b\u017ek\u00fdch kov\u016f, p\u0159\u00eddatn\u00fdch l\u00e1tek ve vakc\u00edn\u00e1ch a l\u00e1tek zne\u010di\u0161\u0165uj\u00edc\u00edch \u017eivotn\u00ed prost\u0159ed\u00ed.\",\"breadcrumb\":{\"@id\":\"https:\\\/\\\/trimedea.com\\\/cs\\\/produkt\\\/cisty-zeolit\\\/#breadcrumb\"},\"inLanguage\":\"cs\",\"potentialAction\":[{\"@type\":\"ReadAction\",\"target\":[\"https:\\\/\\\/trimedea.com\\\/cs\\\/produkt\\\/cisty-zeolit\\\/\"]}]},{\"@type\":\"ImageObject\",\"inLanguage\":\"cs\",\"@id\":\"https:\\\/\\\/trimedea.com\\\/cs\\\/produkt\\\/cisty-zeolit\\\/#primaryimage\",\"url\":\"https:\\\/\\\/trimedea.com\\\/wp-content\\\/uploads\\\/2024\\\/05\\\/ZEOLITH_SET.jpg\",\"contentUrl\":\"https:\\\/\\\/trimedea.com\\\/wp-content\\\/uploads\\\/2024\\\/05\\\/ZEOLITH_SET.jpg\",\"width\":1000,\"height\":1000,\"caption\":\"Zeilith Pur 2 x 180g in Violettglasdose\"},{\"@type\":\"BreadcrumbList\",\"@id\":\"https:\\\/\\\/trimedea.com\\\/cs\\\/produkt\\\/cisty-zeolit\\\/#breadcrumb\",\"itemListElement\":[{\"@type\":\"ListItem\",\"position\":1,\"name\":\"Startseite\",\"item\":\"https:\\\/\\\/trimedea.com\\\/cs\\\/\"},{\"@type\":\"ListItem\",\"position\":2,\"name\":\"TRIMEDEA SHOP\",\"item\":\"https:\\\/\\\/trimedea.com\\\/cs\\\/trimedea-shop\\\/\"},{\"@type\":\"ListItem\",\"position\":3,\"name\":\"Zeolith Pur 2 x 180 g ve fialov\u00e9 sklen\u011bn\u00e9 d\u00f3ze\"}]},{\"@type\":\"WebSite\",\"@id\":\"https:\\\/\\\/trimedea.com\\\/cs\\\/#website\",\"url\":\"https:\\\/\\\/trimedea.com\\\/cs\\\/\",\"name\":\"TRIMEDEA\",\"description\":\"F\u00fcr einen gesunden K\u00f6rper und Geist\",\"publisher\":{\"@id\":\"https:\\\/\\\/trimedea.com\\\/cs\\\/#organization\"},\"potentialAction\":[{\"@type\":\"SearchAction\",\"target\":{\"@type\":\"EntryPoint\",\"urlTemplate\":\"https:\\\/\\\/trimedea.com\\\/cs\\\/?s={search_term_string}\"},\"query-input\":{\"@type\":\"PropertyValueSpecification\",\"valueRequired\":true,\"valueName\":\"search_term_string\"}}],\"inLanguage\":\"cs\"},{\"@type\":\"Organization\",\"@id\":\"https:\\\/\\\/trimedea.com\\\/cs\\\/#organization\",\"name\":\"TRIMEDEA\",\"url\":\"https:\\\/\\\/trimedea.com\\\/cs\\\/\",\"logo\":{\"@type\":\"ImageObject\",\"inLanguage\":\"cs\",\"@id\":\"https:\\\/\\\/trimedea.com\\\/cs\\\/#\\\/schema\\\/logo\\\/image\\\/\",\"url\":\"https:\\\/\\\/trimedea.com\\\/wp-content\\\/uploads\\\/2024\\\/04\\\/TRIMEDEA_LOGO.png\",\"contentUrl\":\"https:\\\/\\\/trimedea.com\\\/wp-content\\\/uploads\\\/2024\\\/04\\\/TRIMEDEA_LOGO.png\",\"width\":540,\"height\":248,\"caption\":\"TRIMEDEA\"},\"image\":{\"@id\":\"https:\\\/\\\/trimedea.com\\\/cs\\\/#\\\/schema\\\/logo\\\/image\\\/\"}}]}<\/script>\n<!-- \/ Yoast SEO plugin. -->","yoast_head_json":{"title":"Zeolith Pur pro detoxikaci, detoxikaci a eliminaci","description":"Zeolith Pur - ide\u00e1ln\u00ed pro detoxikaci, detoxikaci a eliminaci hlin\u00edku, t\u011b\u017ek\u00fdch kov\u016f, p\u0159\u00eddatn\u00fdch l\u00e1tek ve vakc\u00edn\u00e1ch a l\u00e1tek zne\u010di\u0161\u0165uj\u00edc\u00edch \u017eivotn\u00ed prost\u0159ed\u00ed.","robots":{"index":"index","follow":"follow","max-snippet":"max-snippet:-1","max-image-preview":"max-image-preview:large","max-video-preview":"max-video-preview:-1"},"canonical":"https:\/\/trimedea.com\/cs\/produkt\/cisty-zeolit\/","og_locale":"cs_CZ","og_type":"article","og_title":"Zeolith Pur pro detoxikaci, detoxikaci a eliminaci","og_description":"Zeolith Pur - ide\u00e1ln\u00ed pro detoxikaci, detoxikaci a eliminaci hlin\u00edku, t\u011b\u017ek\u00fdch kov\u016f, p\u0159\u00eddatn\u00fdch l\u00e1tek ve vakc\u00edn\u00e1ch a l\u00e1tek zne\u010di\u0161\u0165uj\u00edc\u00edch \u017eivotn\u00ed prost\u0159ed\u00ed.","og_url":"https:\/\/trimedea.com\/cs\/produkt\/cisty-zeolit\/","og_site_name":"TRIMEDEA","article_modified_time":"2024-11-12T09:15:58+00:00","og_image":[{"width":1000,"height":1000,"url":"https:\/\/trimedea.com\/wp-content\/uploads\/2024\/05\/ZEOLITH_SET.jpg","type":"image\/jpeg"}],"twitter_card":"summary_large_image","schema":{"@context":"https:\/\/schema.org","@graph":[{"@type":"WebPage","@id":"https:\/\/trimedea.com\/cs\/produkt\/cisty-zeolit\/","url":"https:\/\/trimedea.com\/cs\/produkt\/cisty-zeolit\/","name":"Zeolith Pur pro detoxikaci, detoxikaci a eliminaci","isPartOf":{"@id":"https:\/\/trimedea.com\/cs\/#website"},"primaryImageOfPage":{"@id":"https:\/\/trimedea.com\/cs\/produkt\/cisty-zeolit\/#primaryimage"},"image":{"@id":"https:\/\/trimedea.com\/cs\/produkt\/cisty-zeolit\/#primaryimage"},"thumbnailUrl":"https:\/\/trimedea.com\/wp-content\/uploads\/2024\/05\/ZEOLITH_SET.jpg","datePublished":"2024-05-15T05:43:13+00:00","dateModified":"2024-11-12T09:15:58+00:00","description":"Zeolith Pur - ide\u00e1ln\u00ed pro detoxikaci, detoxikaci a eliminaci hlin\u00edku, t\u011b\u017ek\u00fdch kov\u016f, p\u0159\u00eddatn\u00fdch l\u00e1tek ve vakc\u00edn\u00e1ch a l\u00e1tek zne\u010di\u0161\u0165uj\u00edc\u00edch \u017eivotn\u00ed prost\u0159ed\u00ed.","breadcrumb":{"@id":"https:\/\/trimedea.com\/cs\/produkt\/cisty-zeolit\/#breadcrumb"},"inLanguage":"cs","potentialAction":[{"@type":"ReadAction","target":["https:\/\/trimedea.com\/cs\/produkt\/cisty-zeolit\/"]}]},{"@type":"ImageObject","inLanguage":"cs","@id":"https:\/\/trimedea.com\/cs\/produkt\/cisty-zeolit\/#primaryimage","url":"https:\/\/trimedea.com\/wp-content\/uploads\/2024\/05\/ZEOLITH_SET.jpg","contentUrl":"https:\/\/trimedea.com\/wp-content\/uploads\/2024\/05\/ZEOLITH_SET.jpg","width":1000,"height":1000,"caption":"Zeilith Pur 2 x 180g in Violettglasdose"},{"@type":"BreadcrumbList","@id":"https:\/\/trimedea.com\/cs\/produkt\/cisty-zeolit\/#breadcrumb","itemListElement":[{"@type":"ListItem","position":1,"name":"Startseite","item":"https:\/\/trimedea.com\/cs\/"},{"@type":"ListItem","position":2,"name":"TRIMEDEA SHOP","item":"https:\/\/trimedea.com\/cs\/trimedea-shop\/"},{"@type":"ListItem","position":3,"name":"Zeolith Pur 2 x 180 g ve fialov\u00e9 sklen\u011bn\u00e9 d\u00f3ze"}]},{"@type":"WebSite","@id":"https:\/\/trimedea.com\/cs\/#website","url":"https:\/\/trimedea.com\/cs\/","name":"TRIMEDEA","description":"F\u00fcr einen gesunden K\u00f6rper und Geist","publisher":{"@id":"https:\/\/trimedea.com\/cs\/#organization"},"potentialAction":[{"@type":"SearchAction","target":{"@type":"EntryPoint","urlTemplate":"https:\/\/trimedea.com\/cs\/?s={search_term_string}"},"query-input":{"@type":"PropertyValueSpecification","valueRequired":true,"valueName":"search_term_string"}}],"inLanguage":"cs"},{"@type":"Organization","@id":"https:\/\/trimedea.com\/cs\/#organization","name":"TRIMEDEA","url":"https:\/\/trimedea.com\/cs\/","logo":{"@type":"ImageObject","inLanguage":"cs","@id":"https:\/\/trimedea.com\/cs\/#\/schema\/logo\/image\/","url":"https:\/\/trimedea.com\/wp-content\/uploads\/2024\/04\/TRIMEDEA_LOGO.png","contentUrl":"https:\/\/trimedea.com\/wp-content\/uploads\/2024\/04\/TRIMEDEA_LOGO.png","width":540,"height":248,"caption":"TRIMEDEA"},"image":{"@id":"https:\/\/trimedea.com\/cs\/#\/schema\/logo\/image\/"}}]}},"_links":{"self":[{"href":"https:\/\/trimedea.com\/cs\/wp-json\/wp\/v2\/product\/55916","targetHints":{"allow":["GET"]}}],"collection":[{"href":"https:\/\/trimedea.com\/cs\/wp-json\/wp\/v2\/product"}],"about":[{"href":"https:\/\/trimedea.com\/cs\/wp-json\/wp\/v2\/types\/product"}],"version-history":[{"count":0,"href":"https:\/\/trimedea.com\/cs\/wp-json\/wp\/v2\/product\/55916\/revisions"}],"wp:featuredmedia":[{"embeddable":true,"href":"https:\/\/trimedea.com\/cs\/wp-json\/wp\/v2\/media\/55920"}],"wp:attachment":[{"href":"https:\/\/trimedea.com\/cs\/wp-json\/wp\/v2\/media?parent=55916"}],"wp:term":[{"taxonomy":"product_brand","embeddable":true,"href":"https:\/\/trimedea.com\/cs\/wp-json\/wp\/v2\/product_brand?post=55916"},{"taxonomy":"product_cat","embeddable":true,"href":"https:\/\/trimedea.com\/cs\/wp-json\/wp\/v2\/product_cat?post=55916"},{"taxonomy":"product_tag","embeddable":true,"href":"https:\/\/trimedea.com\/cs\/wp-json\/wp\/v2\/product_tag?post=55916"}],"curies":[{"name":"wp","href":"https:\/\/api.w.org\/{rel}","templated":true}]}}