{"id":55927,"date":"2024-05-14T10:59:37","date_gmt":"2024-05-14T10:59:37","guid":{"rendered":"https:\/\/test.trimedea.com\/produkt\/cista-sada-zeolitu-a-kremiku\/"},"modified":"2025-03-13T08:49:39","modified_gmt":"2025-03-13T07:49:39","slug":"cista-sada-zeolitu-a-kremiku","status":"publish","type":"product","link":"https:\/\/trimedea.com\/cs\/produkt\/cista-sada-zeolitu-a-kremiku\/","title":{"rendered":"Zeolith Pur a Silizium Pur"},"content":{"rendered":"<p>[et_pb_section fb_built=&#8220;1&#8243; _builder_version=&#8220;4.16&#8243; global_colors_info=&#8220;{}&#8220;][et_pb_row _builder_version=&#8220;4.16&#8243; background_size=&#8220;initial&#8220; background_position=&#8220;top_left&#8220; background_repeat=&#8220;repeat&#8220; width=&#8220;100%&#8220; custom_padding=&#8220;0px||0px||false|false&#8220; global_colors_info=&#8220;{}&#8220;][et_pb_column type=&#8220;4_4&#8243; _builder_version=&#8220;4.16&#8243; custom_padding=&#8220;|||&#8220; global_colors_info=&#8220;{}&#8220; custom_padding__hover=&#8220;|||&#8220;][et_pb_wc_breadcrumb breadcrumb_home_text=&#8220;TRIMEDEA SHOP&#8220; breadcrumb_home_url=&#8220;https:\/\/trimedea.com\/trimedea-shop&#8220; breadcrumb_separator=&#8220;|&#8220; admin_label=&#8220;WOO BREADCRUMBS DE&#8220; _builder_version=&#8220;4.25.0&#8243; custom_padding=&#8220;0px||30px||false|false&#8220; saved_tabs=&#8220;all&#8220; global_colors_info=&#8220;{}&#8220;][\/et_pb_wc_breadcrumb][et_pb_wc_cart_notice _builder_version=&#8220;4.16&#8243; custom_button=&#8220;on&#8220; button_border_width=&#8220;1px&#8220; button_border_color=&#8220;#FFFFFF&#8220; global_colors_info=&#8220;{}&#8220;][\/et_pb_wc_cart_notice][\/et_pb_column][\/et_pb_row][et_pb_row column_structure=&#8220;1_2,1_2&#8243; _builder_version=&#8220;4.25.0&#8243; background_size=&#8220;initial&#8220; background_position=&#8220;top_left&#8220; background_repeat=&#8220;repeat&#8220; width=&#8220;100%&#8220; custom_margin=&#8220;0px||||false|false&#8220; custom_padding=&#8220;||||false|false&#8220; global_colors_info=&#8220;{}&#8220;][et_pb_column type=&#8220;1_2&#8243; _builder_version=&#8220;4.25.0&#8243; custom_padding=&#8220;|||&#8220; custom_padding_tablet=&#8220;|||&#8220; custom_padding_phone=&#8220;|0px||0px|false|false&#8220; custom_padding_last_edited=&#8220;on|phone&#8220; global_colors_info=&#8220;{}&#8220; custom_padding__hover=&#8220;|||&#8220;][et_pb_wc_images _builder_version=&#8220;4.25.0&#8243; custom_margin_tablet=&#8220;&#8220; custom_margin_phone=&#8220;||||false|false&#8220; custom_margin_last_edited=&#8220;on|phone&#8220; custom_padding_tablet=&#8220;&#8220; custom_padding_phone=&#8220;30px||||false|false&#8220; custom_padding_last_edited=&#8220;on|phone&#8220; global_colors_info=&#8220;{}&#8220;][\/et_pb_wc_images][\/et_pb_column][et_pb_column type=&#8220;1_2&#8243; _builder_version=&#8220;4.16&#8243; custom_padding=&#8220;|||&#8220; global_colors_info=&#8220;{}&#8220; custom_padding__hover=&#8220;|||&#8220;][et_pb_wc_title _builder_version=&#8220;4.16&#8243; global_colors_info=&#8220;{}&#8220;][\/et_pb_wc_title][et_pb_wc_description _builder_version=&#8220;4.16&#8243; global_colors_info=&#8220;{}&#8220;][\/et_pb_wc_description][et_pb_wc_price _builder_version=&#8220;4.24.3&#8243; body_font=&#8220;|600|||||||&#8220; global_colors_info=&#8220;{}&#8220;][\/et_pb_wc_price][et_pb_wc_add_to_cart _builder_version=&#8220;4.16&#8243; global_colors_info=&#8220;{}&#8220;][\/et_pb_wc_add_to_cart][et_pb_wc_meta _builder_version=&#8220;4.16&#8243; global_colors_info=&#8220;{}&#8220;][\/et_pb_wc_meta][\/et_pb_column][\/et_pb_row][et_pb_row column_structure=&#8220;1_2,1_2&#8243; _builder_version=&#8220;4.25.0&#8243; _module_preset=&#8220;default&#8220; width=&#8220;100%&#8220; global_colors_info=&#8220;{}&#8220; custom_css_main_element_phone=&#8220;display: flex;||flex-wrap: wrap;&#8220; custom_css_main_element_last_edited=&#8220;on|phone&#8220;][et_pb_column type=&#8220;1_2&#8243; _builder_version=&#8220;4.25.0&#8243; _module_preset=&#8220;default&#8220; global_colors_info=&#8220;{}&#8220; custom_css_main_element_last_edited=&#8220;on|phone&#8220; custom_css_main_element_phone=&#8220;order:2;&#8220;][et_pb_text admin_label=&#8220;ANGEBOT&#8220; _builder_version=&#8220;4.27.2&#8243; _module_preset=&#8220;default&#8220; ul_font_size=&#8220;16px&#8220; ul_line_height=&#8220;1.7em&#8220; header_2_line_height=&#8220;1.5em&#8220; header_3_line_height=&#8220;1.5em&#8220; background_color=&#8220;#ebebeb&#8220; width_tablet=&#8220;&#8220; width_phone=&#8220;100%&#8220; width_last_edited=&#8220;on|phone&#8220; max_width=&#8220;100%&#8220; custom_margin_tablet=&#8220;&#8220; custom_margin_phone=&#8220;30px||||false|false&#8220; custom_margin_last_edited=&#8220;on|phone&#8220; custom_padding=&#8220;30px|30px|30px|30px|true|true&#8220; custom_padding_tablet=&#8220;30px|30px|30px|30px|true|true&#8220; custom_padding_phone=&#8220;0px|0px|0px|0px|true|true&#8220; custom_padding_last_edited=&#8220;on|phone&#8220; hover_enabled=&#8220;0&#8243; background_color_phone=&#8220;RGBA(255,255,255,0)&#8220; background_last_edited=&#8220;on|phone&#8220; background_enable_color_phone=&#8220;on&#8220; locked=&#8220;off&#8220; global_colors_info=&#8220;{}&#8220; sticky_enabled=&#8220;0&#8243;]<\/p>\n<h2><span style=\"color: #c0a000;\"><strong>Silizium Pur Zeolit a sada:<br \/><\/strong><\/span>Zeolith Pur Silizium Pur 2 x 180 g + 30 g, UMH aktivovan\u00fd a energizovan\u00fd. Velikost \u010d\u00e1stic zeolitu 6 \u03bcm, oxidu k\u0159emi\u010dit\u00e9ho 3,5 \u03bcm, v\u010d. 70 g s\u00e1\u010dek (bez obsahu) pro vlastn\u00ed pln\u011bn\u00ed na cest\u00e1ch a 2 odm\u011brky (15 mg, 100 mg).<\/h2>\n<p>[\/et_pb_text][\/et_pb_column][et_pb_column type=&#8220;1_2&#8243; _builder_version=&#8220;4.25.0&#8243; _module_preset=&#8220;default&#8220; global_colors_info=&#8220;{}&#8220; custom_css_main_element_last_edited=&#8220;on|phone&#8220; custom_css_main_element_phone=&#8220;order:1;&#8220;][et_pb_text admin_label=&#8220;PRODUKTDETAILS&#8220; _builder_version=&#8220;4.27.2&#8243; _module_preset=&#8220;default&#8220; hover_enabled=&#8220;0&#8243; global_colors_info=&#8220;{}&#8220; sticky_enabled=&#8220;0&#8243;]<\/p>\n<p>Struktura a vlastnosti zeolitu ze sope\u010dn\u00fdch hornin jsou zn\u00e1my ji\u017e po mnoho stalet\u00ed a jsou velmi dob\u0159e zdokumentov\u00e1ny, pokud jde o v\u00e1z\u00e1n\u00ed a odstra\u0148ov\u00e1n\u00ed \u0161kodliv\u00fdch l\u00e1tek. Oxid k\u0159emi\u010dit\u00fd m\u00e1 jedine\u010dn\u00e9 vlastnosti a hraje n\u011bkolik d\u016fle\u017eit\u00fdch rol\u00ed v metabolismu: <strong>dod\u00e1v\u00e1 biologicky dostupn\u00fd k\u0159em\u00edk<\/strong> pro tvorbu struktury, stabilitu, pru\u017enost a elasticitu. <strong>Biofyzik\u00e1ln\u00ed vlastnosti pro p\u0159em\u011bnu energie<\/strong> d\u00edky sv\u00fdm piezoelektrick\u00fdm a fotoelektrick\u00fdm vlastnostem, <strong>transmutaci nep\u0159irozen\u00fdch a destruktivn\u00edch vibra\u010dn\u00edch vzorc\u016f<\/strong> (informace o \u0161kodlivin\u00e1ch v t\u011blesn\u00e9 vod\u011b \/ bun\u011b\u010dn\u00e9 vod\u011b) na konstruktivn\u00ed a p\u0159irozen\u00e1 energetick\u00e1 pole. <strong>Ide\u00e1ln\u00ed jako \u00falo\u017ei\u0161t\u011b, p\u0159ij\u00edma\u010d a vys\u00edla\u010d informac\u00ed a biofoton\u016f<\/strong>.  <\/p>\n<p>[\/et_pb_text][\/et_pb_column][\/et_pb_row][et_pb_row custom_padding_last_edited=&#8220;on|phone&#8220; _builder_version=&#8220;4.25.0&#8243; background_size=&#8220;initial&#8220; background_position=&#8220;top_left&#8220; background_repeat=&#8220;repeat&#8220; width=&#8220;100%&#8220; custom_margin_tablet=&#8220;&#8220; custom_margin_phone=&#8220;||||false|false&#8220; custom_margin_last_edited=&#8220;on|phone&#8220; custom_padding=&#8220;4px|||||&#8220; custom_padding_tablet=&#8220;&#8220; custom_padding_phone=&#8220;0px||||false|false&#8220; global_colors_info=&#8220;{}&#8220;][et_pb_column type=&#8220;4_4&#8243; _builder_version=&#8220;4.16&#8243; custom_padding=&#8220;|||&#8220; global_colors_info=&#8220;{}&#8220; custom_padding__hover=&#8220;|||&#8220;][et_pb_wc_upsells _builder_version=&#8220;4.16&#8243; global_colors_info=&#8220;{}&#8220;][\/et_pb_wc_upsells][et_pb_wc_related_products posts_number=&#8220;4&#8243; columns_number=&#8220;4&#8243; include_categories=&#8220;49,88,84,85&#8243; _builder_version=&#8220;4.25.1&#8243; global_colors_info=&#8220;{}&#8220;][\/et_pb_wc_related_products][\/et_pb_column][\/et_pb_row][et_pb_row _builder_version=&#8220;4.25.0&#8243; _module_preset=&#8220;default&#8220; background_color=&#8220;RGBA(255,255,255,0)&#8220; width=&#8220;100%&#8220; max_width=&#8220;100%&#8220; custom_margin=&#8220;0px||||false|false&#8220; custom_padding=&#8220;||||false|false&#8220; locked=&#8220;off&#8220; global_colors_info=&#8220;{}&#8220;][et_pb_column type=&#8220;4_4&#8243; _builder_version=&#8220;4.25.0&#8243; _module_preset=&#8220;default&#8220; background_color=&#8220;RGBA(255,255,255,0)&#8220; global_colors_info=&#8220;{}&#8220;][et_pb_text _builder_version=&#8220;4.27.2&#8243; _module_preset=&#8220;default&#8220; header_text_color=&#8220;#C0A000&#8243; header_2_font=&#8220;|600|||||||&#8220; header_2_text_color=&#8220;#C0A000&#8243; header_2_font_size=&#8220;28px&#8220; header_2_line_height=&#8220;1.5em&#8220; header_3_line_height=&#8220;1.5em&#8220; hover_enabled=&#8220;0&#8243; global_colors_info=&#8220;{}&#8220; sticky_enabled=&#8220;0&#8243;]<\/p>\n<h2 style=\"text-align: center;\">Zeolith Pur a Silizium Pur<\/h2>\n<h3 style=\"text-align: center;\">Pro vnit\u0159n\u00ed o\u010distu a p\u0159\u00edrodn\u00ed detoxikaci<\/h3>\n<p>[\/et_pb_text][et_pb_video src=&#8220;\/wp-content\/VIDEOS\/Zeolith-Silizium_DE.mp4&#8243; image_src=&#8220;https:\/\/trimedea.com\/wp-content\/uploads\/2024\/05\/VIDEO_OVERLAY_silzeo.jpg&#8220; _builder_version=&#8220;4.25.0&#8243; _module_preset=&#8220;default&#8220; global_colors_info=&#8220;{}&#8220;][\/et_pb_video][et_pb_text admin_label=&#8220;DETAILS&#8220; _builder_version=&#8220;4.27.2&#8243; _module_preset=&#8220;default&#8220; ul_font_size=&#8220;16px&#8220; ul_line_height=&#8220;1.7em&#8220; header_2_line_height=&#8220;1.5em&#8220; header_3_line_height=&#8220;1.5em&#8220; header_5_text_color=&#8220;#C0A000&#8243; background_color=&#8220;RGBA(255,255,255,0)&#8220; width_tablet=&#8220;&#8220; width_phone=&#8220;&#8220; width_last_edited=&#8220;on|desktop&#8220; hover_enabled=&#8220;0&#8243; global_colors_info=&#8220;{}&#8220; sticky_enabled=&#8220;0&#8243;]<\/p>\n<h3>Biologick\u00e1 dostupnost: \u010d\u00edm jsou \u010d\u00e1stice jemn\u011bj\u0161\u00ed a men\u0161\u00ed, t\u00edm jsou \u00fa\u010dinn\u011bj\u0161\u00ed.<\/h3>\n<p>Jedine\u010dn\u00e9 vlastnosti (UMH Energy Technology) pro o\u010distu na materi\u00e1ln\u00ed a duchovn\u011b-informa\u010dn\u00ed a energetick\u00e9 \u00farovni se mohou uskute\u010dnit prost\u0159ednictv\u00edm technicky velmi slo\u017eit\u00e9ho procesu aktivace a energetizace \u010d\u00e1stic zeolitu a oxidu k\u0159emi\u010dit\u00e9ho. Takov\u00e1to syst\u00e9mov\u00e1 a \u00fa\u010dinn\u00e1 detoxikace p\u0159\u00edrodn\u00edmi prost\u0159edky nastavuje nov\u00e1 m\u011b\u0159\u00edtka. Zeolit m\u00e1 velikost \u010d\u00e1stic 6 \u03bcm a oxid k\u0159emi\u010dit\u00fd 3-4 \u03bcm. Norm\u00e1ln\u00ed zeolitov\u00fd pr\u00e1\u0161ek m\u00e1 <strong> 30 a\u017e 90 mikrometr\u016f <\/strong>. Biologicky dostupn\u00fd k\u0159em\u00edk je prvkem, kter\u00fd d\u00e1v\u00e1 strukturu a vytv\u00e1\u0159\u00ed strukturu kost\u00ed, pojivov\u00e9 tk\u00e1n\u011b, \u0161lach, vaz\u016f, k\u016f\u017ee, elastinov\u00fdch a kolagenov\u00fdch vl\u00e1ken a c\u00e9vn\u00edch st\u011bn. Zlep\u0161uje \u00fa\u010dinnost bun\u011bk srde\u010dn\u00edho svalu, veden\u00ed podn\u011bt\u016f a produkci energie. K\u0159em\u00edk m\u00e1 d\u00edky sv\u00fdm piezoelektrick\u00fdm vlastnostem mnohem v\u011bt\u0161\u00ed a dalekos\u00e1hlej\u0161\u00ed \u00fa\u010dinky na organismus a metabolismus, ne\u017e se dosud p\u0159edpokl\u00e1dalo. \u010cl\u00e1nek o v\u00fdznamu k\u0159em\u00edku: <a href=\"https:\/\/gesundheit-und-sport.com\/silizium-viel-wichtiger-fuer-den-koerper-als-bisher-allgemein-bekannt\/\">Odkaz<\/a><\/p>\n<h3>V\u00fdhody zeolitu + oxidu k\u0159emi\u010dit\u00e9ho<\/h3>\n<ul>\n<li>V\u00fdborn\u011b se hod\u00ed k detoxikaci \/ eliminaci \u0161kodliv\u00fdch l\u00e1tek, jako je hlin\u00edk, slou\u010deniny t\u011b\u017ek\u00fdch kov\u016f, toxiny z \u017eivotn\u00edho prost\u0159ed\u00ed, p\u0159\u00edsady do vakc\u00edn atd.<\/li>\n<li>Mo\u017enost individu\u00e1ln\u00edho d\u00e1vkov\u00e1n\u00ed obou produkt\u016f nez\u00e1visle na sob\u011b<\/li>\n<li>Velmi velk\u00fd aktivn\u00ed povrch d\u00edky velmi jemn\u00e9 velikosti \u010d\u00e1stic<\/li>\n<li>Jedine\u010dn\u00e1 a m\u011b\u0159iteln\u00e1 aktivace a energetizace pomoc\u00ed technologie UMH<\/li>\n<li>Nejlep\u0161\u00ed mo\u017en\u00e1 ochrana ve fialov\u00e9m skle<\/li>\n<li>Detoxikace a o\u010dista t\u011bla, mysli a du\u0161e<\/li>\n<\/ul>\n<p><strong><br \/>Silizium Pur Denn\u00ed d\u00e1vka z\u00e1vis\u00ed na hmotnosti, v\u011bku a dal\u0161\u00edch faktorech (pr\u00e1\u0161ek): <\/strong>Doporu\u010den\u00e1 denn\u00ed d\u00e1vka: 50 &#8211; 300 mg<strong><br \/><\/strong><strong>Zeolith Pur (pr\u00e1\u0161ek): <\/strong><br \/> Doporu\u010den\u00e1 denn\u00ed d\u00e1vka: 3 &#8211; 10 g (ploch\u00e1 \u010dajov\u00e1 l\u017ei\u010dka = 3 g)<strong>Pou\u017e\u00edvejte plastovou nebo d\u0159ev\u011bnou l\u017ei\u010dku &#8211; ne kovovou!<\/strong><\/p>\n<p> <a href=\"https:\/\/gesundheit-und-sport.com\/zeolith-siliziumdioxid-anwendung-und-dosierung\/\" target=\"_blank\" rel=\"noopener\"> Zeolith Pur Silizium Pur<\/a><br \/> Zeolith Pur<br \/>Podrobn\u00fd n\u00e1vod k <a href=\"https:\/\/gesundheit-und-sport.com\/zeolith-siliziumdioxid-anwendung-und-dosierung\/\" target=\"_blank\" rel=\"noopener\">pou\u017eit\u00ed a d\u00e1vkov\u00e1n\u00ed a <\/a> naleznete zde. <a href=\"https:\/\/gesundheit-und-sport.com\/zeolith-siliziumdioxid-anwendung-und-dosierung\/\" target=\"_blank\" rel=\"noopener\"> <\/a><a href=\"\/wp-content\/PDF\/ZEOLITH_PUR_Datenblatt.pdf\">Podrobn\u00fd list s \u00fadaji o<\/a> <a href=\"https:\/\/gesundheit-und-sport.com\/zeolith-siliziumdioxid-anwendung-und-dosierung\/\" target=\"_blank\" rel=\"noopener\">a<\/a> naleznete<a href=\"\/wp-content\/PDF\/ZEOLITH_PUR_Datenblatt.pdf\"> zde<\/a>. Dal\u0161\u00ed \u010dl\u00e1nky a informace k t\u00e9matu detoxikace naleznete zde<a href=\"https:\/\/gesundheit-und-sport.com\/themenuebersicht\/\" target=\"_blank\" rel=\"noopener\">P\u0159ehled t\u00e9mat<\/a><\/p>\n<p>[\/et_pb_text][\/et_pb_column][\/et_pb_row][\/et_pb_section]<\/p>\n","protected":false},"excerpt":{"rendered":"<p><strong>Zeolit klinoptilolit a oxid k\u0159emi\u010dit\u00fd jako ultrajemn\u00fd pr\u00e1\u0161ek<\/strong> pro \u00fa\u010dinn\u00e9 a p\u0159irozen\u00e9 \u010distic\u00ed procesy a jako biologicky dostupn\u00fd zdroj k\u0159em\u00edku. Zeolit <strong>a oxid k\u0159emi\u010dit\u00fd<\/strong> jsou optim\u00e1ln\u00ed kombinac\u00ed pro fyzickou a psychickou detoxikaci a va\u0161e pot\u0159eby k\u0159em\u00edku. V\u00fdborn\u011b se hod\u00ed k odstran\u011bn\u00ed \u0161kodliv\u00fdch l\u00e1tek, jako je hlin\u00edk, slou\u010deniny t\u011b\u017ek\u00fdch kov\u016f, toxiny z \u017eivotn\u00edho prost\u0159ed\u00ed, p\u0159\u00eddatn\u00e9 l\u00e1tky ve vakc\u00edn\u00e1ch atd. Oba produkty m\u016f\u017eete d\u00e1vkovat individu\u00e1ln\u011b podle sv\u00fdch pot\u0159eb. D\u00edky velmi mal\u00e9 velikosti \u010d\u00e1stic maj\u00ed velmi velk\u00fd aktivn\u00ed povrch. Nav\u00edc: Jedine\u010dn\u00e1 a m\u011b\u0159iteln\u00e1 aktivace a energetizace pomoc\u00ed <strong>technologie UMH<\/strong>. Nejlep\u0161\u00ed mo\u017en\u00e1 ochrana ve fialov\u00e9m skle. Zeolit + oxid k\u0159emi\u010dit\u00fd: Detoxikace a o\u010dista na v\u0161ech \u00farovn\u00edch pro t\u011blo, mysl i du\u0161i.  <strong> <\/strong><\/p>\n","protected":false},"featured_media":55929,"template":"","meta":{"_et_pb_use_builder":"on","_et_pb_old_content":"","_et_gb_content_width":"","footnotes":""},"product_brand":[],"product_cat":[170],"product_tag":[229,243],"class_list":{"0":"post-55927","1":"product","2":"type-product","3":"status-publish","4":"has-post-thumbnail","6":"product_cat-dalsi-sady","7":"product_tag-detoxikace-a-metabolismus","8":"product_tag-proti-starnuti","10":"first","11":"onbackorder","12":"sale","13":"taxable","14":"shipping-taxable","15":"purchasable","16":"product-type-simple"},"yoast_head":"<!-- This site is optimized with the Yoast SEO plugin v27.3 - https:\/\/yoast.com\/product\/yoast-seo-wordpress\/ -->\n<title>Zeolit + oxid k\u0159emi\u010dit\u00fd posiluje detoxikaci t\u011bla i mysli<\/title>\n<meta name=\"description\" content=\"Zeolit + oxid k\u0159emi\u010dit\u00fd: dokonal\u00e1 kombinace pro detoxikaci t\u011bla, mysli a du\u0161e, ultrajemn\u00fd pr\u00e1\u0161ek, v\u00edcestup\u0148ov\u00fd UMH-energizovan\u00fd, balen\u00ed na 2-4 m\u011bs\u00edce\" \/>\n<meta name=\"robots\" content=\"index, follow, max-snippet:-1, max-image-preview:large, max-video-preview:-1\" \/>\n<link rel=\"canonical\" href=\"https:\/\/trimedea.com\/cs\/produkt\/cista-sada-zeolitu-a-kremiku\/\" \/>\n<meta property=\"og:locale\" content=\"cs_CZ\" \/>\n<meta property=\"og:type\" content=\"article\" \/>\n<meta property=\"og:title\" content=\"Zeolit + oxid k\u0159emi\u010dit\u00fd posiluje detoxikaci t\u011bla i mysli\" \/>\n<meta property=\"og:description\" content=\"Zeolit + oxid k\u0159emi\u010dit\u00fd: dokonal\u00e1 kombinace pro detoxikaci t\u011bla, mysli a du\u0161e, ultrajemn\u00fd pr\u00e1\u0161ek, v\u00edcestup\u0148ov\u00fd UMH-energizovan\u00fd, balen\u00ed na 2-4 m\u011bs\u00edce\" \/>\n<meta property=\"og:url\" content=\"https:\/\/trimedea.com\/cs\/produkt\/cista-sada-zeolitu-a-kremiku\/\" \/>\n<meta property=\"og:site_name\" content=\"TRIMEDEA\" \/>\n<meta property=\"article:modified_time\" content=\"2025-03-13T07:49:39+00:00\" \/>\n<meta property=\"og:image\" content=\"https:\/\/trimedea.com\/wp-content\/uploads\/2024\/05\/Zeolith-und-Siliziumdioxid-Set.jpg\" \/>\n\t<meta property=\"og:image:width\" content=\"1000\" \/>\n\t<meta property=\"og:image:height\" content=\"1000\" \/>\n\t<meta property=\"og:image:type\" content=\"image\/jpeg\" \/>\n<meta name=\"twitter:card\" content=\"summary_large_image\" \/>\n<script type=\"application\/ld+json\" class=\"yoast-schema-graph\">{\"@context\":\"https:\\\/\\\/schema.org\",\"@graph\":[{\"@type\":\"WebPage\",\"@id\":\"https:\\\/\\\/trimedea.com\\\/cs\\\/produkt\\\/cista-sada-zeolitu-a-kremiku\\\/\",\"url\":\"https:\\\/\\\/trimedea.com\\\/cs\\\/produkt\\\/cista-sada-zeolitu-a-kremiku\\\/\",\"name\":\"Zeolit + oxid k\u0159emi\u010dit\u00fd posiluje detoxikaci t\u011bla i mysli\",\"isPartOf\":{\"@id\":\"https:\\\/\\\/trimedea.com\\\/cs\\\/#website\"},\"primaryImageOfPage\":{\"@id\":\"https:\\\/\\\/trimedea.com\\\/cs\\\/produkt\\\/cista-sada-zeolitu-a-kremiku\\\/#primaryimage\"},\"image\":{\"@id\":\"https:\\\/\\\/trimedea.com\\\/cs\\\/produkt\\\/cista-sada-zeolitu-a-kremiku\\\/#primaryimage\"},\"thumbnailUrl\":\"https:\\\/\\\/trimedea.com\\\/wp-content\\\/uploads\\\/2024\\\/05\\\/Zeolith-und-Siliziumdioxid-Set.jpg\",\"datePublished\":\"2024-05-14T10:59:37+00:00\",\"dateModified\":\"2025-03-13T07:49:39+00:00\",\"description\":\"Zeolit + oxid k\u0159emi\u010dit\u00fd: dokonal\u00e1 kombinace pro detoxikaci t\u011bla, mysli a du\u0161e, ultrajemn\u00fd pr\u00e1\u0161ek, v\u00edcestup\u0148ov\u00fd UMH-energizovan\u00fd, balen\u00ed na 2-4 m\u011bs\u00edce\",\"breadcrumb\":{\"@id\":\"https:\\\/\\\/trimedea.com\\\/cs\\\/produkt\\\/cista-sada-zeolitu-a-kremiku\\\/#breadcrumb\"},\"inLanguage\":\"cs\",\"potentialAction\":[{\"@type\":\"ReadAction\",\"target\":[\"https:\\\/\\\/trimedea.com\\\/cs\\\/produkt\\\/cista-sada-zeolitu-a-kremiku\\\/\"]}]},{\"@type\":\"ImageObject\",\"inLanguage\":\"cs\",\"@id\":\"https:\\\/\\\/trimedea.com\\\/cs\\\/produkt\\\/cista-sada-zeolitu-a-kremiku\\\/#primaryimage\",\"url\":\"https:\\\/\\\/trimedea.com\\\/wp-content\\\/uploads\\\/2024\\\/05\\\/Zeolith-und-Siliziumdioxid-Set.jpg\",\"contentUrl\":\"https:\\\/\\\/trimedea.com\\\/wp-content\\\/uploads\\\/2024\\\/05\\\/Zeolith-und-Siliziumdioxid-Set.jpg\",\"width\":1000,\"height\":1000},{\"@type\":\"BreadcrumbList\",\"@id\":\"https:\\\/\\\/trimedea.com\\\/cs\\\/produkt\\\/cista-sada-zeolitu-a-kremiku\\\/#breadcrumb\",\"itemListElement\":[{\"@type\":\"ListItem\",\"position\":1,\"name\":\"Startseite\",\"item\":\"https:\\\/\\\/trimedea.com\\\/cs\\\/\"},{\"@type\":\"ListItem\",\"position\":2,\"name\":\"TRIMEDEA SHOP\",\"item\":\"https:\\\/\\\/trimedea.com\\\/cs\\\/trimedea-shop\\\/\"},{\"@type\":\"ListItem\",\"position\":3,\"name\":\"Zeolith Pur a Silizium Pur\"}]},{\"@type\":\"WebSite\",\"@id\":\"https:\\\/\\\/trimedea.com\\\/cs\\\/#website\",\"url\":\"https:\\\/\\\/trimedea.com\\\/cs\\\/\",\"name\":\"TRIMEDEA\",\"description\":\"F\u00fcr einen gesunden K\u00f6rper und Geist\",\"publisher\":{\"@id\":\"https:\\\/\\\/trimedea.com\\\/cs\\\/#organization\"},\"potentialAction\":[{\"@type\":\"SearchAction\",\"target\":{\"@type\":\"EntryPoint\",\"urlTemplate\":\"https:\\\/\\\/trimedea.com\\\/cs\\\/?s={search_term_string}\"},\"query-input\":{\"@type\":\"PropertyValueSpecification\",\"valueRequired\":true,\"valueName\":\"search_term_string\"}}],\"inLanguage\":\"cs\"},{\"@type\":\"Organization\",\"@id\":\"https:\\\/\\\/trimedea.com\\\/cs\\\/#organization\",\"name\":\"TRIMEDEA\",\"url\":\"https:\\\/\\\/trimedea.com\\\/cs\\\/\",\"logo\":{\"@type\":\"ImageObject\",\"inLanguage\":\"cs\",\"@id\":\"https:\\\/\\\/trimedea.com\\\/cs\\\/#\\\/schema\\\/logo\\\/image\\\/\",\"url\":\"https:\\\/\\\/trimedea.com\\\/wp-content\\\/uploads\\\/2024\\\/04\\\/TRIMEDEA_LOGO.png\",\"contentUrl\":\"https:\\\/\\\/trimedea.com\\\/wp-content\\\/uploads\\\/2024\\\/04\\\/TRIMEDEA_LOGO.png\",\"width\":540,\"height\":248,\"caption\":\"TRIMEDEA\"},\"image\":{\"@id\":\"https:\\\/\\\/trimedea.com\\\/cs\\\/#\\\/schema\\\/logo\\\/image\\\/\"}}]}<\/script>\n<!-- \/ Yoast SEO plugin. -->","yoast_head_json":{"title":"Zeolit + oxid k\u0159emi\u010dit\u00fd posiluje detoxikaci t\u011bla i mysli","description":"Zeolit + oxid k\u0159emi\u010dit\u00fd: dokonal\u00e1 kombinace pro detoxikaci t\u011bla, mysli a du\u0161e, ultrajemn\u00fd pr\u00e1\u0161ek, v\u00edcestup\u0148ov\u00fd UMH-energizovan\u00fd, balen\u00ed na 2-4 m\u011bs\u00edce","robots":{"index":"index","follow":"follow","max-snippet":"max-snippet:-1","max-image-preview":"max-image-preview:large","max-video-preview":"max-video-preview:-1"},"canonical":"https:\/\/trimedea.com\/cs\/produkt\/cista-sada-zeolitu-a-kremiku\/","og_locale":"cs_CZ","og_type":"article","og_title":"Zeolit + oxid k\u0159emi\u010dit\u00fd posiluje detoxikaci t\u011bla i mysli","og_description":"Zeolit + oxid k\u0159emi\u010dit\u00fd: dokonal\u00e1 kombinace pro detoxikaci t\u011bla, mysli a du\u0161e, ultrajemn\u00fd pr\u00e1\u0161ek, v\u00edcestup\u0148ov\u00fd UMH-energizovan\u00fd, balen\u00ed na 2-4 m\u011bs\u00edce","og_url":"https:\/\/trimedea.com\/cs\/produkt\/cista-sada-zeolitu-a-kremiku\/","og_site_name":"TRIMEDEA","article_modified_time":"2025-03-13T07:49:39+00:00","og_image":[{"width":1000,"height":1000,"url":"https:\/\/trimedea.com\/wp-content\/uploads\/2024\/05\/Zeolith-und-Siliziumdioxid-Set.jpg","type":"image\/jpeg"}],"twitter_card":"summary_large_image","schema":{"@context":"https:\/\/schema.org","@graph":[{"@type":"WebPage","@id":"https:\/\/trimedea.com\/cs\/produkt\/cista-sada-zeolitu-a-kremiku\/","url":"https:\/\/trimedea.com\/cs\/produkt\/cista-sada-zeolitu-a-kremiku\/","name":"Zeolit + oxid k\u0159emi\u010dit\u00fd posiluje detoxikaci t\u011bla i mysli","isPartOf":{"@id":"https:\/\/trimedea.com\/cs\/#website"},"primaryImageOfPage":{"@id":"https:\/\/trimedea.com\/cs\/produkt\/cista-sada-zeolitu-a-kremiku\/#primaryimage"},"image":{"@id":"https:\/\/trimedea.com\/cs\/produkt\/cista-sada-zeolitu-a-kremiku\/#primaryimage"},"thumbnailUrl":"https:\/\/trimedea.com\/wp-content\/uploads\/2024\/05\/Zeolith-und-Siliziumdioxid-Set.jpg","datePublished":"2024-05-14T10:59:37+00:00","dateModified":"2025-03-13T07:49:39+00:00","description":"Zeolit + oxid k\u0159emi\u010dit\u00fd: dokonal\u00e1 kombinace pro detoxikaci t\u011bla, mysli a du\u0161e, ultrajemn\u00fd pr\u00e1\u0161ek, v\u00edcestup\u0148ov\u00fd UMH-energizovan\u00fd, balen\u00ed na 2-4 m\u011bs\u00edce","breadcrumb":{"@id":"https:\/\/trimedea.com\/cs\/produkt\/cista-sada-zeolitu-a-kremiku\/#breadcrumb"},"inLanguage":"cs","potentialAction":[{"@type":"ReadAction","target":["https:\/\/trimedea.com\/cs\/produkt\/cista-sada-zeolitu-a-kremiku\/"]}]},{"@type":"ImageObject","inLanguage":"cs","@id":"https:\/\/trimedea.com\/cs\/produkt\/cista-sada-zeolitu-a-kremiku\/#primaryimage","url":"https:\/\/trimedea.com\/wp-content\/uploads\/2024\/05\/Zeolith-und-Siliziumdioxid-Set.jpg","contentUrl":"https:\/\/trimedea.com\/wp-content\/uploads\/2024\/05\/Zeolith-und-Siliziumdioxid-Set.jpg","width":1000,"height":1000},{"@type":"BreadcrumbList","@id":"https:\/\/trimedea.com\/cs\/produkt\/cista-sada-zeolitu-a-kremiku\/#breadcrumb","itemListElement":[{"@type":"ListItem","position":1,"name":"Startseite","item":"https:\/\/trimedea.com\/cs\/"},{"@type":"ListItem","position":2,"name":"TRIMEDEA SHOP","item":"https:\/\/trimedea.com\/cs\/trimedea-shop\/"},{"@type":"ListItem","position":3,"name":"Zeolith Pur a Silizium Pur"}]},{"@type":"WebSite","@id":"https:\/\/trimedea.com\/cs\/#website","url":"https:\/\/trimedea.com\/cs\/","name":"TRIMEDEA","description":"F\u00fcr einen gesunden K\u00f6rper und Geist","publisher":{"@id":"https:\/\/trimedea.com\/cs\/#organization"},"potentialAction":[{"@type":"SearchAction","target":{"@type":"EntryPoint","urlTemplate":"https:\/\/trimedea.com\/cs\/?s={search_term_string}"},"query-input":{"@type":"PropertyValueSpecification","valueRequired":true,"valueName":"search_term_string"}}],"inLanguage":"cs"},{"@type":"Organization","@id":"https:\/\/trimedea.com\/cs\/#organization","name":"TRIMEDEA","url":"https:\/\/trimedea.com\/cs\/","logo":{"@type":"ImageObject","inLanguage":"cs","@id":"https:\/\/trimedea.com\/cs\/#\/schema\/logo\/image\/","url":"https:\/\/trimedea.com\/wp-content\/uploads\/2024\/04\/TRIMEDEA_LOGO.png","contentUrl":"https:\/\/trimedea.com\/wp-content\/uploads\/2024\/04\/TRIMEDEA_LOGO.png","width":540,"height":248,"caption":"TRIMEDEA"},"image":{"@id":"https:\/\/trimedea.com\/cs\/#\/schema\/logo\/image\/"}}]}},"_links":{"self":[{"href":"https:\/\/trimedea.com\/cs\/wp-json\/wp\/v2\/product\/55927","targetHints":{"allow":["GET"]}}],"collection":[{"href":"https:\/\/trimedea.com\/cs\/wp-json\/wp\/v2\/product"}],"about":[{"href":"https:\/\/trimedea.com\/cs\/wp-json\/wp\/v2\/types\/product"}],"version-history":[{"count":2,"href":"https:\/\/trimedea.com\/cs\/wp-json\/wp\/v2\/product\/55927\/revisions"}],"predecessor-version":[{"id":66468,"href":"https:\/\/trimedea.com\/cs\/wp-json\/wp\/v2\/product\/55927\/revisions\/66468"}],"wp:featuredmedia":[{"embeddable":true,"href":"https:\/\/trimedea.com\/cs\/wp-json\/wp\/v2\/media\/55929"}],"wp:attachment":[{"href":"https:\/\/trimedea.com\/cs\/wp-json\/wp\/v2\/media?parent=55927"}],"wp:term":[{"taxonomy":"product_brand","embeddable":true,"href":"https:\/\/trimedea.com\/cs\/wp-json\/wp\/v2\/product_brand?post=55927"},{"taxonomy":"product_cat","embeddable":true,"href":"https:\/\/trimedea.com\/cs\/wp-json\/wp\/v2\/product_cat?post=55927"},{"taxonomy":"product_tag","embeddable":true,"href":"https:\/\/trimedea.com\/cs\/wp-json\/wp\/v2\/product_tag?post=55927"}],"curies":[{"name":"wp","href":"https:\/\/api.w.org\/{rel}","templated":true}]}}