{"id":55982,"date":"2024-05-10T07:29:35","date_gmt":"2024-05-10T07:29:35","guid":{"rendered":"https:\/\/test.trimedea.com\/produkt\/koloidni-tantal-5ppm\/"},"modified":"2024-08-22T09:33:50","modified_gmt":"2024-08-22T09:33:50","slug":"koloidni-tantal-5ppm","status":"publish","type":"product","link":"https:\/\/trimedea.com\/cs\/produkt\/koloidni-tantal-5ppm\/","title":{"rendered":"Koloidn\u00ed tantal \u2264 5ppm"},"content":{"rendered":"<p>[et_pb_section fb_built=&#8220;1&#8243; _builder_version=&#8220;4.16&#8243; custom_padding=&#8220;0px||3px||false|false&#8220; global_colors_info=&#8220;{}&#8220;][et_pb_row _builder_version=&#8220;4.16&#8243; background_size=&#8220;initial&#8220; background_position=&#8220;top_left&#8220; background_repeat=&#8220;repeat&#8220; width=&#8220;100%&#8220; custom_padding=&#8220;0px||0px||false|false&#8220; global_colors_info=&#8220;{}&#8220;][et_pb_column type=&#8220;4_4&#8243; _builder_version=&#8220;4.16&#8243; custom_padding=&#8220;|||&#8220; global_colors_info=&#8220;{}&#8220; custom_padding__hover=&#8220;|||&#8220;][et_pb_wc_breadcrumb breadcrumb_home_text=&#8220;TRIMEDEA SHOP&#8220; breadcrumb_home_url=&#8220;https:\/\/trimedea.com\/trimedea-shop&#8220; breadcrumb_separator=&#8220;|&#8220; admin_label=&#8220;WOO BREADCRUMBS DE&#8220; _builder_version=&#8220;4.25.0&#8243; custom_padding=&#8220;0px||30px||false|false&#8220; saved_tabs=&#8220;all&#8220; global_colors_info=&#8220;{}&#8220;][\/et_pb_wc_breadcrumb][et_pb_wc_cart_notice _builder_version=&#8220;4.16&#8243; custom_button=&#8220;on&#8220; button_border_width=&#8220;1px&#8220; button_border_color=&#8220;#FFFFFF&#8220; global_colors_info=&#8220;{}&#8220;][\/et_pb_wc_cart_notice][\/et_pb_column][\/et_pb_row][et_pb_row column_structure=&#8220;1_2,1_2&#8243; _builder_version=&#8220;4.25.0&#8243; background_size=&#8220;initial&#8220; background_position=&#8220;top_left&#8220; background_repeat=&#8220;repeat&#8220; width=&#8220;100%&#8220; custom_margin=&#8220;0px||||false|false&#8220; custom_padding=&#8220;||||false|false&#8220; global_colors_info=&#8220;{}&#8220;][et_pb_column type=&#8220;1_2&#8243; _builder_version=&#8220;4.25.0&#8243; custom_padding=&#8220;|||&#8220; custom_padding_tablet=&#8220;|||&#8220; custom_padding_phone=&#8220;|0px||0px|false|false&#8220; custom_padding_last_edited=&#8220;on|phone&#8220; global_colors_info=&#8220;{}&#8220; custom_padding__hover=&#8220;|||&#8220;][et_pb_wc_images _builder_version=&#8220;4.25.0&#8243; custom_margin_tablet=&#8220;&#8220; custom_margin_phone=&#8220;||||false|false&#8220; custom_margin_last_edited=&#8220;on|phone&#8220; custom_padding_tablet=&#8220;&#8220; custom_padding_phone=&#8220;30px||||false|false&#8220; custom_padding_last_edited=&#8220;on|phone&#8220; global_colors_info=&#8220;{}&#8220;][\/et_pb_wc_images][\/et_pb_column][et_pb_column type=&#8220;1_2&#8243; _builder_version=&#8220;4.16&#8243; custom_padding=&#8220;|||&#8220; global_colors_info=&#8220;{}&#8220; custom_padding__hover=&#8220;|||&#8220;][et_pb_wc_title _builder_version=&#8220;4.16&#8243; global_colors_info=&#8220;{}&#8220;][\/et_pb_wc_title][et_pb_wc_description _builder_version=&#8220;4.16&#8243; global_colors_info=&#8220;{}&#8220;][\/et_pb_wc_description][et_pb_wc_price _builder_version=&#8220;4.24.3&#8243; body_font=&#8220;|600|||||||&#8220; global_colors_info=&#8220;{}&#8220;][\/et_pb_wc_price][et_pb_wc_add_to_cart _builder_version=&#8220;4.16&#8243; global_colors_info=&#8220;{}&#8220;][\/et_pb_wc_add_to_cart][et_pb_wc_meta _builder_version=&#8220;4.16&#8243; global_colors_info=&#8220;{}&#8220;][\/et_pb_wc_meta][\/et_pb_column][\/et_pb_row][et_pb_row column_structure=&#8220;1_2,1_2&#8243; _builder_version=&#8220;4.25.0&#8243; _module_preset=&#8220;default&#8220; width=&#8220;100%&#8220; global_colors_info=&#8220;{}&#8220; custom_css_main_element_phone=&#8220;display: flex;||flex-wrap: wrap;&#8220; custom_css_main_element_last_edited=&#8220;on|phone&#8220;][et_pb_column type=&#8220;1_2&#8243; _builder_version=&#8220;4.25.0&#8243; _module_preset=&#8220;default&#8220; global_colors_info=&#8220;{}&#8220; custom_css_main_element_last_edited=&#8220;on|phone&#8220; custom_css_main_element_phone=&#8220;order:2;&#8220;][et_pb_text admin_label=&#8220;ANWENDUNG&#8220; _builder_version=&#8220;4.25.0&#8243; _module_preset=&#8220;default&#8220; ul_font_size=&#8220;16px&#8220; ul_line_height=&#8220;1.7em&#8220; header_3_line_height=&#8220;1.5em&#8220; background_color=&#8220;#ebebeb&#8220; width_tablet=&#8220;&#8220; width_phone=&#8220;100%&#8220; width_last_edited=&#8220;on|phone&#8220; max_width=&#8220;100%&#8220; custom_margin_tablet=&#8220;&#8220; custom_margin_phone=&#8220;30px||||false|false&#8220; custom_margin_last_edited=&#8220;on|phone&#8220; custom_padding=&#8220;30px|30px|30px|30px|true|true&#8220; custom_padding_tablet=&#8220;30px|30px|30px|30px|true|true&#8220; custom_padding_phone=&#8220;0px|0px|0px|0px|true|true&#8220; custom_padding_last_edited=&#8220;on|phone&#8220; background_color_phone=&#8220;RGBA(255,255,255,0)&#8220; background_last_edited=&#8220;on|phone&#8220; background_enable_color_phone=&#8220;on&#8220; global_colors_info=&#8220;{}&#8220;]<\/p>\n<p><strong>V\u00fdhody koloidn\u00edho tantalu<\/strong><\/p>\n<ul>\n<li>m\u00e1 siln\u00fd detoxika\u010dn\u00ed a \u010distic\u00ed \u00fa\u010dinek na organismus<\/li>\n<li>Posiluje fyzickou vytrvalost<\/li>\n<li>Neutralizuje a chr\u00e1n\u00ed p\u0159ed nadm\u011brn\u00fdm z\u00e1\u0159en\u00edm.<\/li>\n<li>\u00da\u010dinn\u00e1 eliminace toxin\u016f z \u017eivotn\u00edho prost\u0159ed\u00ed, jako jsou konzerva\u010dn\u00ed l\u00e1tky na d\u0159evo, formaldehyd a glyfos\u00e1t.<\/li>\n<li>Neutralizace a eliminace \u0161kodliv\u00fdch slou\u010denin t\u011b\u017ek\u00fdch kov\u016f<\/li>\n<li>Pom\u00e1h\u00e1 proti nevolnosti a mal\u00e1tnosti<\/li>\n<\/ul>\n<p>[\/et_pb_text][\/et_pb_column][et_pb_column type=&#8220;1_2&#8243; _builder_version=&#8220;4.25.0&#8243; _module_preset=&#8220;default&#8220; global_colors_info=&#8220;{}&#8220; custom_css_main_element_last_edited=&#8220;on|phone&#8220; custom_css_main_element_phone=&#8220;order:1;&#8220;][et_pb_text admin_label=&#8220;PRODUKTDETAILS&#8220; _builder_version=&#8220;4.25.0&#8243; _module_preset=&#8220;default&#8220; global_colors_info=&#8220;{}&#8220;]<\/p>\n<p><strong>Co je to koloidn\u00ed tantal?<br \/><\/strong>Prav\u00fd koloidn\u00ed tantal se skl\u00e1d\u00e1 z velmi jemn\u00fdch \u010d\u00e1stic tantalu, kter\u00e9 jsou suspendov\u00e1ny ve vod\u011b a nevytv\u00e1\u0159ej\u00ed s n\u00ed vazbu &#8211; na rozd\u00edl od iontov\u00fdch roztok\u016f tantalu. Velikost jednotliv\u00fdch \u010d\u00e1stic se pohybuje mezi 1 a 20 nanometry (1 nm = jedna miliardtina metru). \u010c\u00e1stice t\u00e9to kapaln\u00e9 disperze lze vyr\u00e1b\u011bt r\u016fzn\u00fdmi v\u00fdrobn\u00edmi postupy, kter\u00e9 maj\u00ed v z\u00e1vislosti na procesu zna\u010dn\u00fd vliv na vlastnosti a kvalitu.<\/p>\n<p>V\u00edce informac\u00ed o <a href=\"https:\/\/gesundheit-und-sport.com\/anwendung-und-dosierung-von-kolloidalen-metallen\/\" target=\"_blank\" rel=\"noopener\">pou\u017e\u00edv\u00e1n\u00ed a d\u00e1vkov\u00e1n\u00ed koloid\u016f<\/a> najdete na informa\u010dn\u00edm port\u00e1lu FGS.<\/p>\n<p>[\/et_pb_text][et_pb_text admin_label=&#8220;pr\u00e1vo na odstoupen\u00ed od smlouvy&#8220; _builder_version=&#8220;4.27.0&#8243; _module_preset=&#8220;default&#8220; ul_font_size=&#8220;16px&#8220; ul_line_height=&#8220;1.7em&#8220; header_3_line_height=&#8220;1.5em&#8220; background_color=&#8220;#ebebeb&#8220; width_tablet=&#8220;&#8220; width_phone=&#8220;100%&#8220; width_last_edited=&#8220;on|phone&#8220; max_width=&#8220;100%&#8220; custom_margin_tablet=&#8220;&#8220; custom_margin_phone=&#8220;30px||||false|false&#8220; custom_margin_last_edited=&#8220;on|phone&#8220; custom_padding=&#8220;30px|30px|30px|30px|true|true&#8220; custom_padding_tablet=&#8220;30px|30px|30px|30px|true|true&#8220; custom_padding_phone=&#8220;0px|0px|0px|0px|true|true&#8220; custom_padding_last_edited=&#8220;on|phone&#8220; hover_enabled=&#8220;0&#8243; background_color_phone=&#8220;RGBA(255,255,255,0)&#8220; background_last_edited=&#8220;on|phone&#8220; background_enable_color_phone=&#8220;on&#8220; locked=&#8220;off&#8220; global_colors_info=&#8220;{}&#8220; sticky_enabled=&#8220;0&#8243; global_module=&#8220;60476&#8243; saved_tabs=&#8220;all&#8220;]<\/p>\n<p><b>Pozn\u00e1mka:\u00a0<\/b>V\u0161echny koloidn\u00ed kovy od spole\u010dnosti Trimedea jsou vyr\u00e1b\u011bny na zak\u00e1zku. Proto je vylou\u010dena mo\u017enost jejich vr\u00e1cen\u00ed (<a href=\"https:\/\/trimedea.com\/cs\/storno-podminky\/\">pr\u00e1vo na odstoupen\u00ed od smlouvy<\/a>).<\/p>\n<p>[\/et_pb_text][\/et_pb_column][\/et_pb_row][et_pb_row custom_padding_last_edited=&#8220;on|phone&#8220; _builder_version=&#8220;4.25.0&#8243; background_size=&#8220;initial&#8220; background_position=&#8220;top_left&#8220; background_repeat=&#8220;repeat&#8220; width=&#8220;100%&#8220; custom_margin_tablet=&#8220;&#8220; custom_margin_phone=&#8220;||||false|false&#8220; custom_margin_last_edited=&#8220;on|phone&#8220; custom_padding_tablet=&#8220;&#8220; custom_padding_phone=&#8220;0px||||false|false&#8220; global_colors_info=&#8220;{}&#8220;][et_pb_column type=&#8220;4_4&#8243; _builder_version=&#8220;4.16&#8243; custom_padding=&#8220;|||&#8220; global_colors_info=&#8220;{}&#8220; custom_padding__hover=&#8220;|||&#8220;][et_pb_wc_upsells _builder_version=&#8220;4.16&#8243; global_colors_info=&#8220;{}&#8220;][\/et_pb_wc_upsells][et_pb_wc_related_products posts_number=&#8220;4&#8243; columns_number=&#8220;4&#8243; include_categories=&#8220;79&#8243; _builder_version=&#8220;4.25.1&#8243; global_colors_info=&#8220;{}&#8220;][\/et_pb_wc_related_products][\/et_pb_column][\/et_pb_row][et_pb_row _builder_version=&#8220;4.25.0&#8243; _module_preset=&#8220;default&#8220; background_color=&#8220;RGBA(255,255,255,0)&#8220; width=&#8220;100%&#8220; max_width=&#8220;100%&#8220; global_colors_info=&#8220;{}&#8220;][et_pb_column type=&#8220;4_4&#8243; _builder_version=&#8220;4.25.0&#8243; _module_preset=&#8220;default&#8220; background_color=&#8220;RGBA(255,255,255,0)&#8220; global_colors_info=&#8220;{}&#8220;][et_pb_image src=&#8220;https:\/\/trimedea.com\/wp-content\/uploads\/2024\/05\/METALLE_LOGO_TANTAL.png&#8220; title_text=&#8220;METALS_LOGO_TANTAL&#8220; align=&#8220;center&#8220; _builder_version=&#8220;4.25.0&#8243; _module_preset=&#8220;default&#8220; width=&#8220;60%&#8220; max_width=&#8220;60%&#8220; global_colors_info=&#8220;{}&#8220;][\/et_pb_image][et_pb_text admin_label=&#8220;DETAILS&#8220; _builder_version=&#8220;4.25.0&#8243; _module_preset=&#8220;default&#8220; background_color=&#8220;RGBA(255,255,255,0)&#8220; width_tablet=&#8220;&#8220; width_phone=&#8220;&#8220; width_last_edited=&#8220;on|desktop&#8220; global_colors_info=&#8220;{}&#8220;]<\/p>\n<h3>Vyrobeno pomoc\u00ed vysokonap\u011b\u0165ov\u00e9ho plazmov\u00e9ho procesu<\/h3>\n<p>Ve spole\u010dnosti Trimedea jsme se rozhodli pro komplexn\u00ed vysokonap\u011b\u0165ov\u00fd plazmov\u00fd proces s nap\u011bt\u00edm 10 000 volt\u016f. Pouze s touto vysoce kvalitn\u00ed technologi\u00ed lze p\u0159i spr\u00e1vn\u00e9m pou\u017eit\u00ed dos\u00e1hnout nejlep\u0161\u00ed mo\u017en\u00e9 kvality koloid\u016f: nejmen\u0161\u00ed velikost \u010d\u00e1stic, nejvy\u0161\u0161\u00ed obsah energie, dlouh\u00e1 trvanlivost, suspendovan\u00fd stav. Je \u00fa\u010dinn\u011bj\u0161\u00ed, biologicky dostupn\u011bj\u0161\u00ed, energi\u010dt\u011bj\u0161\u00ed a trvanliv\u011bj\u0161\u00ed, netvo\u0159\u00ed slou\u010deniny s jin\u00fdmi l\u00e1tkami, nevede k usazenin\u00e1m a nedoch\u00e1z\u00ed k p\u0159ed\u00e1vkov\u00e1n\u00ed.<\/p>\n<h3>Na\u0161e nab\u00eddka pro va\u0161e zdrav\u00ed<\/h3>\n<p>Koloidn\u00ed tantal od spole\u010dnosti Trimedea je k dispozici ve fialov\u00fdch sklen\u011bn\u00fdch lahvi\u010dk\u00e1ch ve dvou velikostech: <strong>500 ml<\/strong> a <strong>1000 ml<\/strong>.<\/p>\n<p>[\/et_pb_text][et_pb_text admin_label=&#8220;AUFZ\u00c4HLUNG&#8220; _builder_version=&#8220;4.27.0&#8243; _module_preset=&#8220;default&#8220; ul_font_size=&#8220;16px&#8220; ul_line_height=&#8220;1.7em&#8220; header_3_line_height=&#8220;1.5em&#8220; background_color=&#8220;#ebebeb&#8220; width_tablet=&#8220;&#8220; width_phone=&#8220;100%&#8220; width_last_edited=&#8220;on|phone&#8220; custom_margin_tablet=&#8220;&#8220; custom_margin_phone=&#8220;30px||||false|false&#8220; custom_margin_last_edited=&#8220;on|phone&#8220; custom_padding=&#8220;30px|30px|30px|30px|true|true&#8220; custom_padding_tablet=&#8220;30px|30px|30px|30px|true|true&#8220; custom_padding_phone=&#8220;0px|0px|0px|0px|true|true&#8220; custom_padding_last_edited=&#8220;on|phone&#8220; background_color_phone=&#8220;RGBA(255,255,255,0)&#8220; background_last_edited=&#8220;on|phone&#8220; background_enable_color_phone=&#8220;on&#8220; global_colors_info=&#8220;{}&#8220;]<\/p>\n<h3>Dal\u0161\u00ed oblasti pou\u017eit\u00ed<\/h3>\n<ul>\n<li>U chronick\u00fdch pot\u00ed\u017e\u00ed bez rozpoznateln\u00e9 p\u0159\u00ed\u010diny<\/li>\n<li>Zm\u00edr\u0148uje nepohodl\u00ed a nevolnost<\/li>\n<li>Pro eliminaci a detoxikaci<\/li>\n<li>Zv\u00fd\u0161en\u00e1 ochrana proti elektrosmogu a nep\u0159irozen\u00e9mu z\u00e1\u0159en\u00ed<\/li>\n<li>Pro prevenci a o\u010distu t\u011bla<\/li>\n<li>U st\u00ed\u017enost\u00ed, kter\u00e9 se objevuj\u00ed po letech kou\u0159en\u00ed<\/li>\n<\/ul>\n<p>[\/et_pb_text][et_pb_text admin_label=&#8220;HINWEIS KOLLOIDALE&#8220; _builder_version=&#8220;4.25.0&#8243; _module_preset=&#8220;default&#8220; background_color=&#8220;RGBA(255,255,255,0)&#8220; width_tablet=&#8220;&#8220; width_phone=&#8220;&#8220; width_last_edited=&#8220;on|desktop&#8220; global_colors_info=&#8220;{}&#8220;]<\/p>\n<h3>Pozn\u00e1mka k n\u00e1kupu koloidn\u00edho tantalu<\/h3>\n<p>Koloidy nesm\u00ed b\u00fdt ozna\u010deny jako potraviny, dopl\u0148ky stravy nebo l\u00e9\u010div\u00e9 p\u0159\u00edpravky. V\u00fdrobky se jednodu\u0161e prod\u00e1vaj\u00ed pod ozna\u010den\u00edm &#8222;koloidn\u00ed tantal&#8220;. Proto je nezbytn\u00e9 v\u011bnovat pozornost detail\u016fm v\u00fdrobn\u00edho procesu. Poskytuje d\u016fle\u017eit\u00e9 informace o kvalit\u011b, velikosti \u010d\u00e1stic, koncentraci, koloidn\u00ed energii a trvanlivosti.<\/p>\n<p>[\/et_pb_text][\/et_pb_column][\/et_pb_row][\/et_pb_section]<\/p>\n","protected":false},"excerpt":{"rendered":"<p><strong><br \/>\nJe \u00fa\u010dinn\u00fd prost\u0159edek pro detoxikaci a ochranu bun\u011bk<\/strong><\/p>\n<p><strong>Koloidn\u00ed tantal je velmi \u00fa\u010dinn\u00fd detoxika\u010dn\u00ed a vylu\u010dovac\u00ed kov.<\/strong>\u00a0Tento velmi vz\u00e1cn\u00fd prvek v\u00e1\u017ee\u00a0 usazen\u00e9 toxiny a \u0161kodliv\u00e9 t\u011b\u017ek\u00e9 kovy, kter\u00e9 n\u00e1sledn\u00e9 pom\u00e1h\u00e1 vylou\u010dit. Tantal je zn\u00e1m\u00fd svou neutralitou v tk\u00e1n\u00edch a biokompatibilitou, z toho d\u016fvodu se pou\u017e\u00edv\u00e1 p\u0159i v\u00fdrob\u011b kloubn\u00edch prot\u00e9z a \u0161roub\u016f.<\/p>\n","protected":false},"featured_media":55991,"template":"","meta":{"_et_pb_use_builder":"on","_et_pb_old_content":"","_et_gb_content_width":"","footnotes":""},"product_brand":[],"product_cat":[171],"product_tag":[229],"class_list":{"0":"post-55982","1":"product","2":"type-product","3":"status-publish","4":"has-post-thumbnail","6":"product_cat-koloidni-kovy","7":"product_tag-detoxikace-a-metabolismus","9":"first","10":"instock","11":"taxable","12":"shipping-taxable","13":"purchasable","14":"product-type-variable"},"yoast_head":"<!-- This site is optimized with the Yoast SEO plugin v27.3 - https:\/\/yoast.com\/product\/yoast-seo-wordpress\/ -->\n<title>Koloidn\u00ed tantal \u2264 5ppm - TRIMEDEA<\/title>\n<meta name=\"description\" content=\"Koloidn\u00ed tantal - detoxikace, detoxikace a eliminace t\u011b\u017ek\u00fdch kov\u016f - vyroben\u00fd v procesu vysokonap\u011b\u0165ov\u00e9 plazmy o nap\u011bt\u00ed 10 000 volt\u016f.\" \/>\n<meta name=\"robots\" content=\"index, follow, max-snippet:-1, max-image-preview:large, max-video-preview:-1\" \/>\n<link rel=\"canonical\" href=\"https:\/\/trimedea.com\/cs\/produkt\/koloidni-tantal-5ppm\/\" \/>\n<meta property=\"og:locale\" content=\"cs_CZ\" \/>\n<meta property=\"og:type\" content=\"article\" \/>\n<meta property=\"og:title\" content=\"Koloidn\u00ed tantal \u2264 5ppm - TRIMEDEA\" \/>\n<meta property=\"og:description\" content=\"Koloidn\u00ed tantal - detoxikace, detoxikace a eliminace t\u011b\u017ek\u00fdch kov\u016f - vyroben\u00fd v procesu vysokonap\u011b\u0165ov\u00e9 plazmy o nap\u011bt\u00ed 10 000 volt\u016f.\" \/>\n<meta property=\"og:url\" content=\"https:\/\/trimedea.com\/cs\/produkt\/koloidni-tantal-5ppm\/\" \/>\n<meta property=\"og:site_name\" content=\"TRIMEDEA\" \/>\n<meta property=\"article:modified_time\" content=\"2024-08-22T09:33:50+00:00\" \/>\n<meta property=\"og:image\" content=\"https:\/\/trimedea.com\/wp-content\/uploads\/2024\/05\/TANTAL.jpg\" \/>\n\t<meta property=\"og:image:width\" content=\"1000\" \/>\n\t<meta property=\"og:image:height\" content=\"1000\" \/>\n\t<meta property=\"og:image:type\" content=\"image\/jpeg\" \/>\n<meta name=\"twitter:card\" content=\"summary_large_image\" \/>\n<script type=\"application\/ld+json\" class=\"yoast-schema-graph\">{\"@context\":\"https:\\\/\\\/schema.org\",\"@graph\":[{\"@type\":\"WebPage\",\"@id\":\"https:\\\/\\\/trimedea.com\\\/cs\\\/produkt\\\/koloidni-tantal-5ppm\\\/\",\"url\":\"https:\\\/\\\/trimedea.com\\\/cs\\\/produkt\\\/koloidni-tantal-5ppm\\\/\",\"name\":\"Koloidn\u00ed tantal \u2264 5ppm - TRIMEDEA\",\"isPartOf\":{\"@id\":\"https:\\\/\\\/trimedea.com\\\/cs\\\/#website\"},\"primaryImageOfPage\":{\"@id\":\"https:\\\/\\\/trimedea.com\\\/cs\\\/produkt\\\/koloidni-tantal-5ppm\\\/#primaryimage\"},\"image\":{\"@id\":\"https:\\\/\\\/trimedea.com\\\/cs\\\/produkt\\\/koloidni-tantal-5ppm\\\/#primaryimage\"},\"thumbnailUrl\":\"https:\\\/\\\/trimedea.com\\\/wp-content\\\/uploads\\\/2024\\\/05\\\/TANTAL.jpg\",\"datePublished\":\"2024-05-10T07:29:35+00:00\",\"dateModified\":\"2024-08-22T09:33:50+00:00\",\"description\":\"Koloidn\u00ed tantal - detoxikace, detoxikace a eliminace t\u011b\u017ek\u00fdch kov\u016f - vyroben\u00fd v procesu vysokonap\u011b\u0165ov\u00e9 plazmy o nap\u011bt\u00ed 10 000 volt\u016f.\",\"breadcrumb\":{\"@id\":\"https:\\\/\\\/trimedea.com\\\/cs\\\/produkt\\\/koloidni-tantal-5ppm\\\/#breadcrumb\"},\"inLanguage\":\"cs\",\"potentialAction\":[{\"@type\":\"ReadAction\",\"target\":[\"https:\\\/\\\/trimedea.com\\\/cs\\\/produkt\\\/koloidni-tantal-5ppm\\\/\"]}]},{\"@type\":\"ImageObject\",\"inLanguage\":\"cs\",\"@id\":\"https:\\\/\\\/trimedea.com\\\/cs\\\/produkt\\\/koloidni-tantal-5ppm\\\/#primaryimage\",\"url\":\"https:\\\/\\\/trimedea.com\\\/wp-content\\\/uploads\\\/2024\\\/05\\\/TANTAL.jpg\",\"contentUrl\":\"https:\\\/\\\/trimedea.com\\\/wp-content\\\/uploads\\\/2024\\\/05\\\/TANTAL.jpg\",\"width\":1000,\"height\":1000},{\"@type\":\"BreadcrumbList\",\"@id\":\"https:\\\/\\\/trimedea.com\\\/cs\\\/produkt\\\/koloidni-tantal-5ppm\\\/#breadcrumb\",\"itemListElement\":[{\"@type\":\"ListItem\",\"position\":1,\"name\":\"Startseite\",\"item\":\"https:\\\/\\\/trimedea.com\\\/cs\\\/\"},{\"@type\":\"ListItem\",\"position\":2,\"name\":\"TRIMEDEA SHOP\",\"item\":\"https:\\\/\\\/trimedea.com\\\/cs\\\/trimedea-shop\\\/\"},{\"@type\":\"ListItem\",\"position\":3,\"name\":\"Koloidn\u00ed tantal \u2264 5ppm\"}]},{\"@type\":\"WebSite\",\"@id\":\"https:\\\/\\\/trimedea.com\\\/cs\\\/#website\",\"url\":\"https:\\\/\\\/trimedea.com\\\/cs\\\/\",\"name\":\"TRIMEDEA\",\"description\":\"F\u00fcr einen gesunden K\u00f6rper und Geist\",\"publisher\":{\"@id\":\"https:\\\/\\\/trimedea.com\\\/cs\\\/#organization\"},\"potentialAction\":[{\"@type\":\"SearchAction\",\"target\":{\"@type\":\"EntryPoint\",\"urlTemplate\":\"https:\\\/\\\/trimedea.com\\\/cs\\\/?s={search_term_string}\"},\"query-input\":{\"@type\":\"PropertyValueSpecification\",\"valueRequired\":true,\"valueName\":\"search_term_string\"}}],\"inLanguage\":\"cs\"},{\"@type\":\"Organization\",\"@id\":\"https:\\\/\\\/trimedea.com\\\/cs\\\/#organization\",\"name\":\"TRIMEDEA\",\"url\":\"https:\\\/\\\/trimedea.com\\\/cs\\\/\",\"logo\":{\"@type\":\"ImageObject\",\"inLanguage\":\"cs\",\"@id\":\"https:\\\/\\\/trimedea.com\\\/cs\\\/#\\\/schema\\\/logo\\\/image\\\/\",\"url\":\"https:\\\/\\\/trimedea.com\\\/wp-content\\\/uploads\\\/2024\\\/04\\\/TRIMEDEA_LOGO.png\",\"contentUrl\":\"https:\\\/\\\/trimedea.com\\\/wp-content\\\/uploads\\\/2024\\\/04\\\/TRIMEDEA_LOGO.png\",\"width\":540,\"height\":248,\"caption\":\"TRIMEDEA\"},\"image\":{\"@id\":\"https:\\\/\\\/trimedea.com\\\/cs\\\/#\\\/schema\\\/logo\\\/image\\\/\"}}]}<\/script>\n<!-- \/ Yoast SEO plugin. -->","yoast_head_json":{"title":"Koloidn\u00ed tantal \u2264 5ppm - TRIMEDEA","description":"Koloidn\u00ed tantal - detoxikace, detoxikace a eliminace t\u011b\u017ek\u00fdch kov\u016f - vyroben\u00fd v procesu vysokonap\u011b\u0165ov\u00e9 plazmy o nap\u011bt\u00ed 10 000 volt\u016f.","robots":{"index":"index","follow":"follow","max-snippet":"max-snippet:-1","max-image-preview":"max-image-preview:large","max-video-preview":"max-video-preview:-1"},"canonical":"https:\/\/trimedea.com\/cs\/produkt\/koloidni-tantal-5ppm\/","og_locale":"cs_CZ","og_type":"article","og_title":"Koloidn\u00ed tantal \u2264 5ppm - TRIMEDEA","og_description":"Koloidn\u00ed tantal - detoxikace, detoxikace a eliminace t\u011b\u017ek\u00fdch kov\u016f - vyroben\u00fd v procesu vysokonap\u011b\u0165ov\u00e9 plazmy o nap\u011bt\u00ed 10 000 volt\u016f.","og_url":"https:\/\/trimedea.com\/cs\/produkt\/koloidni-tantal-5ppm\/","og_site_name":"TRIMEDEA","article_modified_time":"2024-08-22T09:33:50+00:00","og_image":[{"width":1000,"height":1000,"url":"https:\/\/trimedea.com\/wp-content\/uploads\/2024\/05\/TANTAL.jpg","type":"image\/jpeg"}],"twitter_card":"summary_large_image","schema":{"@context":"https:\/\/schema.org","@graph":[{"@type":"WebPage","@id":"https:\/\/trimedea.com\/cs\/produkt\/koloidni-tantal-5ppm\/","url":"https:\/\/trimedea.com\/cs\/produkt\/koloidni-tantal-5ppm\/","name":"Koloidn\u00ed tantal \u2264 5ppm - TRIMEDEA","isPartOf":{"@id":"https:\/\/trimedea.com\/cs\/#website"},"primaryImageOfPage":{"@id":"https:\/\/trimedea.com\/cs\/produkt\/koloidni-tantal-5ppm\/#primaryimage"},"image":{"@id":"https:\/\/trimedea.com\/cs\/produkt\/koloidni-tantal-5ppm\/#primaryimage"},"thumbnailUrl":"https:\/\/trimedea.com\/wp-content\/uploads\/2024\/05\/TANTAL.jpg","datePublished":"2024-05-10T07:29:35+00:00","dateModified":"2024-08-22T09:33:50+00:00","description":"Koloidn\u00ed tantal - detoxikace, detoxikace a eliminace t\u011b\u017ek\u00fdch kov\u016f - vyroben\u00fd v procesu vysokonap\u011b\u0165ov\u00e9 plazmy o nap\u011bt\u00ed 10 000 volt\u016f.","breadcrumb":{"@id":"https:\/\/trimedea.com\/cs\/produkt\/koloidni-tantal-5ppm\/#breadcrumb"},"inLanguage":"cs","potentialAction":[{"@type":"ReadAction","target":["https:\/\/trimedea.com\/cs\/produkt\/koloidni-tantal-5ppm\/"]}]},{"@type":"ImageObject","inLanguage":"cs","@id":"https:\/\/trimedea.com\/cs\/produkt\/koloidni-tantal-5ppm\/#primaryimage","url":"https:\/\/trimedea.com\/wp-content\/uploads\/2024\/05\/TANTAL.jpg","contentUrl":"https:\/\/trimedea.com\/wp-content\/uploads\/2024\/05\/TANTAL.jpg","width":1000,"height":1000},{"@type":"BreadcrumbList","@id":"https:\/\/trimedea.com\/cs\/produkt\/koloidni-tantal-5ppm\/#breadcrumb","itemListElement":[{"@type":"ListItem","position":1,"name":"Startseite","item":"https:\/\/trimedea.com\/cs\/"},{"@type":"ListItem","position":2,"name":"TRIMEDEA SHOP","item":"https:\/\/trimedea.com\/cs\/trimedea-shop\/"},{"@type":"ListItem","position":3,"name":"Koloidn\u00ed tantal \u2264 5ppm"}]},{"@type":"WebSite","@id":"https:\/\/trimedea.com\/cs\/#website","url":"https:\/\/trimedea.com\/cs\/","name":"TRIMEDEA","description":"F\u00fcr einen gesunden K\u00f6rper und Geist","publisher":{"@id":"https:\/\/trimedea.com\/cs\/#organization"},"potentialAction":[{"@type":"SearchAction","target":{"@type":"EntryPoint","urlTemplate":"https:\/\/trimedea.com\/cs\/?s={search_term_string}"},"query-input":{"@type":"PropertyValueSpecification","valueRequired":true,"valueName":"search_term_string"}}],"inLanguage":"cs"},{"@type":"Organization","@id":"https:\/\/trimedea.com\/cs\/#organization","name":"TRIMEDEA","url":"https:\/\/trimedea.com\/cs\/","logo":{"@type":"ImageObject","inLanguage":"cs","@id":"https:\/\/trimedea.com\/cs\/#\/schema\/logo\/image\/","url":"https:\/\/trimedea.com\/wp-content\/uploads\/2024\/04\/TRIMEDEA_LOGO.png","contentUrl":"https:\/\/trimedea.com\/wp-content\/uploads\/2024\/04\/TRIMEDEA_LOGO.png","width":540,"height":248,"caption":"TRIMEDEA"},"image":{"@id":"https:\/\/trimedea.com\/cs\/#\/schema\/logo\/image\/"}}]}},"_links":{"self":[{"href":"https:\/\/trimedea.com\/cs\/wp-json\/wp\/v2\/product\/55982","targetHints":{"allow":["GET"]}}],"collection":[{"href":"https:\/\/trimedea.com\/cs\/wp-json\/wp\/v2\/product"}],"about":[{"href":"https:\/\/trimedea.com\/cs\/wp-json\/wp\/v2\/types\/product"}],"version-history":[{"count":0,"href":"https:\/\/trimedea.com\/cs\/wp-json\/wp\/v2\/product\/55982\/revisions"}],"wp:featuredmedia":[{"embeddable":true,"href":"https:\/\/trimedea.com\/cs\/wp-json\/wp\/v2\/media\/55991"}],"wp:attachment":[{"href":"https:\/\/trimedea.com\/cs\/wp-json\/wp\/v2\/media?parent=55982"}],"wp:term":[{"taxonomy":"product_brand","embeddable":true,"href":"https:\/\/trimedea.com\/cs\/wp-json\/wp\/v2\/product_brand?post=55982"},{"taxonomy":"product_cat","embeddable":true,"href":"https:\/\/trimedea.com\/cs\/wp-json\/wp\/v2\/product_cat?post=55982"},{"taxonomy":"product_tag","embeddable":true,"href":"https:\/\/trimedea.com\/cs\/wp-json\/wp\/v2\/product_tag?post=55982"}],"curies":[{"name":"wp","href":"https:\/\/api.w.org\/{rel}","templated":true}]}}