{"id":55998,"date":"2024-05-08T08:51:58","date_gmt":"2024-05-08T07:51:58","guid":{"rendered":"https:\/\/test.trimedea.com\/produkt\/koloidni-zlato-10-ppm\/"},"modified":"2024-08-22T09:37:16","modified_gmt":"2024-08-22T09:37:16","slug":"koloidni-zlato-10-ppm","status":"publish","type":"product","link":"https:\/\/trimedea.com\/cs\/produkt\/koloidni-zlato-10-ppm\/","title":{"rendered":"Koloidn\u00ed zlato \u2264 10 ppm"},"content":{"rendered":"<p>[et_pb_section fb_built=&#8220;1&#8243; _builder_version=&#8220;4.16&#8243; custom_padding=&#8220;0px||3px||false|false&#8220; global_colors_info=&#8220;{}&#8220;][et_pb_row _builder_version=&#8220;4.16&#8243; background_size=&#8220;initial&#8220; background_position=&#8220;top_left&#8220; background_repeat=&#8220;repeat&#8220; width=&#8220;100%&#8220; custom_padding=&#8220;0px||0px||false|false&#8220; global_colors_info=&#8220;{}&#8220;][et_pb_column type=&#8220;4_4&#8243; _builder_version=&#8220;4.16&#8243; custom_padding=&#8220;|||&#8220; global_colors_info=&#8220;{}&#8220; custom_padding__hover=&#8220;|||&#8220;][et_pb_wc_breadcrumb breadcrumb_home_text=&#8220;TRIMEDEA SHOP&#8220; breadcrumb_home_url=&#8220;https:\/\/trimedea.com\/trimedea-shop&#8220; breadcrumb_separator=&#8220;|&#8220; admin_label=&#8220;WOO BREADCRUMBS DE&#8220; _builder_version=&#8220;4.25.0&#8243; custom_padding=&#8220;0px||30px||false|false&#8220; saved_tabs=&#8220;all&#8220; global_colors_info=&#8220;{}&#8220;][\/et_pb_wc_breadcrumb][et_pb_wc_cart_notice _builder_version=&#8220;4.16&#8243; custom_button=&#8220;on&#8220; button_border_width=&#8220;1px&#8220; button_border_color=&#8220;#FFFFFF&#8220; global_colors_info=&#8220;{}&#8220;][\/et_pb_wc_cart_notice][\/et_pb_column][\/et_pb_row][et_pb_row column_structure=&#8220;1_2,1_2&#8243; _builder_version=&#8220;4.25.0&#8243; background_size=&#8220;initial&#8220; background_position=&#8220;top_left&#8220; background_repeat=&#8220;repeat&#8220; width=&#8220;100%&#8220; custom_margin=&#8220;0px||||false|false&#8220; custom_padding=&#8220;||||false|false&#8220; global_colors_info=&#8220;{}&#8220;][et_pb_column type=&#8220;1_2&#8243; _builder_version=&#8220;4.25.0&#8243; custom_padding=&#8220;|||&#8220; custom_padding_tablet=&#8220;|||&#8220; custom_padding_phone=&#8220;|0px||0px|false|false&#8220; custom_padding_last_edited=&#8220;on|phone&#8220; global_colors_info=&#8220;{}&#8220; custom_padding__hover=&#8220;|||&#8220;][et_pb_wc_images _builder_version=&#8220;4.25.0&#8243; custom_margin_tablet=&#8220;&#8220; custom_margin_phone=&#8220;||||false|false&#8220; custom_margin_last_edited=&#8220;on|phone&#8220; custom_padding_tablet=&#8220;&#8220; custom_padding_phone=&#8220;30px||||false|false&#8220; custom_padding_last_edited=&#8220;on|phone&#8220; global_colors_info=&#8220;{}&#8220;][\/et_pb_wc_images][\/et_pb_column][et_pb_column type=&#8220;1_2&#8243; _builder_version=&#8220;4.16&#8243; custom_padding=&#8220;|||&#8220; global_colors_info=&#8220;{}&#8220; custom_padding__hover=&#8220;|||&#8220;][et_pb_wc_title _builder_version=&#8220;4.16&#8243; global_colors_info=&#8220;{}&#8220;][\/et_pb_wc_title][et_pb_wc_description _builder_version=&#8220;4.16&#8243; global_colors_info=&#8220;{}&#8220;][\/et_pb_wc_description][et_pb_wc_price _builder_version=&#8220;4.24.3&#8243; body_font=&#8220;|600|||||||&#8220; global_colors_info=&#8220;{}&#8220;][\/et_pb_wc_price][et_pb_wc_add_to_cart _builder_version=&#8220;4.16&#8243; global_colors_info=&#8220;{}&#8220;][\/et_pb_wc_add_to_cart][et_pb_wc_meta _builder_version=&#8220;4.16&#8243; global_colors_info=&#8220;{}&#8220;][\/et_pb_wc_meta][\/et_pb_column][\/et_pb_row][et_pb_row column_structure=&#8220;1_2,1_2&#8243; _builder_version=&#8220;4.25.0&#8243; _module_preset=&#8220;default&#8220; width=&#8220;100%&#8220; global_colors_info=&#8220;{}&#8220; custom_css_main_element_phone=&#8220;display: flex;||flex-wrap: wrap;&#8220; custom_css_main_element_last_edited=&#8220;on|phone&#8220;][et_pb_column type=&#8220;1_2&#8243; _builder_version=&#8220;4.25.0&#8243; _module_preset=&#8220;default&#8220; global_colors_info=&#8220;{}&#8220; custom_css_main_element_last_edited=&#8220;on|phone&#8220; custom_css_main_element_phone=&#8220;order:2;&#8220;][et_pb_text admin_label=&#8220;ANWENDUNG&#8220; _builder_version=&#8220;4.25.0&#8243; _module_preset=&#8220;default&#8220; ul_font_size=&#8220;16px&#8220; ul_line_height=&#8220;1.7em&#8220; header_3_line_height=&#8220;1.5em&#8220; background_color=&#8220;#ebebeb&#8220; width_tablet=&#8220;&#8220; width_phone=&#8220;100%&#8220; width_last_edited=&#8220;on|phone&#8220; max_width=&#8220;100%&#8220; custom_margin_tablet=&#8220;&#8220; custom_margin_phone=&#8220;30px||||false|false&#8220; custom_margin_last_edited=&#8220;on|phone&#8220; custom_padding=&#8220;30px|30px|30px|30px|true|true&#8220; custom_padding_tablet=&#8220;30px|30px|30px|30px|true|true&#8220; custom_padding_phone=&#8220;0px|0px|0px|0px|true|true&#8220; custom_padding_last_edited=&#8220;on|phone&#8220; background_color_phone=&#8220;RGBA(255,255,255,0)&#8220; background_last_edited=&#8220;on|phone&#8220; background_enable_color_phone=&#8220;on&#8220; global_colors_info=&#8220;{}&#8220;]<\/p>\n<p><strong>V\u00fdhody koloidn\u00edho zlata<\/strong><\/p>\n<ul>\n<li class=\"western\">Zvy\u0161uje mozkovou aktivitu a IQ<\/li>\n<li class=\"western\">Podporuje a urychluje detoxika\u010dn\u00ed procesy<\/li>\n<li class=\"western\">m\u00e1 omlazuj\u00edc\u00ed a n\u00e1ladu zlep\u0161uj\u00edc\u00ed \u00fa\u010dinek<\/li>\n<li class=\"western\">Stimuluje a aktivuje \u017el\u00e1zy s vnit\u0159n\u00ed sekrec\u00ed.<\/li>\n<li class=\"western\">Aktivuje metabolismus enzym\u016f<\/li>\n<li class=\"western\">Podporuje citlivost a kreativitu<\/li>\n<li class=\"western\">Zvy\u0161uje motorick\u00fd a kognitivn\u00ed v\u00fdkon<\/li>\n<li class=\"western\">Urychluje zotaven\u00ed a regeneraci<\/li>\n<\/ul>\n<p>[\/et_pb_text][\/et_pb_column][et_pb_column type=&#8220;1_2&#8243; _builder_version=&#8220;4.25.0&#8243; _module_preset=&#8220;default&#8220; global_colors_info=&#8220;{}&#8220; custom_css_main_element_last_edited=&#8220;on|phone&#8220; custom_css_main_element_phone=&#8220;order:1;&#8220;][et_pb_text admin_label=&#8220;PRODUKTDETAILS&#8220; _builder_version=&#8220;4.25.0&#8243; _module_preset=&#8220;default&#8220; global_colors_info=&#8220;{}&#8220;]<\/p>\n<p><strong>Co je koloidn\u00ed zlato?<br \/><\/strong>Prav\u00e9 koloidn\u00ed zlato jsou velmi jemn\u00e9 \u010d\u00e1stice zlata, kter\u00e9 jsou suspendov\u00e1ny ve vod\u011b a na rozd\u00edl od iontov\u00fdch roztok\u016f zlata nevytv\u00e1\u0159ej\u00ed s vodou vazbu. Velikost jednotliv\u00fdch \u010d\u00e1stic se pohybuje mezi 1 a 20 nanometry (1 nm = jedna miliardtina metru). \u010c\u00e1stice t\u00e9to kapaln\u00e9 disperze lze vyr\u00e1b\u011bt r\u016fzn\u00fdmi v\u00fdrobn\u00edmi postupy, kter\u00e9 maj\u00ed v z\u00e1vislosti na procesu zna\u010dn\u00fd vliv na vlastnosti a kvalitu.<\/p>\n<p>V\u00edce informac\u00ed o <a href=\"https:\/\/gesundheit-und-sport.com\/anwendung-und-dosierung-von-kolloidalen-metallen\/\" target=\"_blank\" rel=\"noopener\">pou\u017e\u00edv\u00e1n\u00ed a d\u00e1vkov\u00e1n\u00ed koloid\u016f<\/a> najdete na informa\u010dn\u00edm port\u00e1lu FGS.<\/p>\n<p>[\/et_pb_text][et_pb_text admin_label=&#8220;pr\u00e1vo na odstoupen\u00ed od smlouvy&#8220; _builder_version=&#8220;4.27.0&#8243; _module_preset=&#8220;default&#8220; ul_font_size=&#8220;16px&#8220; ul_line_height=&#8220;1.7em&#8220; header_3_line_height=&#8220;1.5em&#8220; background_color=&#8220;#ebebeb&#8220; width_tablet=&#8220;&#8220; width_phone=&#8220;100%&#8220; width_last_edited=&#8220;on|phone&#8220; max_width=&#8220;100%&#8220; custom_margin_tablet=&#8220;&#8220; custom_margin_phone=&#8220;30px||||false|false&#8220; custom_margin_last_edited=&#8220;on|phone&#8220; custom_padding=&#8220;30px|30px|30px|30px|true|true&#8220; custom_padding_tablet=&#8220;30px|30px|30px|30px|true|true&#8220; custom_padding_phone=&#8220;0px|0px|0px|0px|true|true&#8220; custom_padding_last_edited=&#8220;on|phone&#8220; hover_enabled=&#8220;0&#8243; background_color_phone=&#8220;RGBA(255,255,255,0)&#8220; background_last_edited=&#8220;on|phone&#8220; background_enable_color_phone=&#8220;on&#8220; locked=&#8220;off&#8220; global_colors_info=&#8220;{}&#8220; sticky_enabled=&#8220;0&#8243; global_module=&#8220;60476&#8243; saved_tabs=&#8220;all&#8220;]<\/p>\n<p><b>Pozn\u00e1mka:\u00a0<\/b>V\u0161echny koloidn\u00ed kovy od spole\u010dnosti Trimedea jsou vyr\u00e1b\u011bny na zak\u00e1zku. Proto je vylou\u010dena mo\u017enost jejich vr\u00e1cen\u00ed (<a href=\"https:\/\/trimedea.com\/cs\/storno-podminky\/\">pr\u00e1vo na odstoupen\u00ed od smlouvy<\/a>).<\/p>\n<p>[\/et_pb_text][\/et_pb_column][\/et_pb_row][et_pb_row custom_padding_last_edited=&#8220;on|phone&#8220; _builder_version=&#8220;4.25.0&#8243; background_size=&#8220;initial&#8220; background_position=&#8220;top_left&#8220; background_repeat=&#8220;repeat&#8220; width=&#8220;100%&#8220; custom_margin_tablet=&#8220;&#8220; custom_margin_phone=&#8220;||||false|false&#8220; custom_margin_last_edited=&#8220;on|phone&#8220; custom_padding_tablet=&#8220;&#8220; custom_padding_phone=&#8220;0px||||false|false&#8220; global_colors_info=&#8220;{}&#8220;][et_pb_column type=&#8220;4_4&#8243; _builder_version=&#8220;4.16&#8243; custom_padding=&#8220;|||&#8220; global_colors_info=&#8220;{}&#8220; custom_padding__hover=&#8220;|||&#8220;][et_pb_wc_upsells _builder_version=&#8220;4.16&#8243; global_colors_info=&#8220;{}&#8220;][\/et_pb_wc_upsells][et_pb_wc_related_products posts_number=&#8220;4&#8243; columns_number=&#8220;4&#8243; include_categories=&#8220;79&#8243; _builder_version=&#8220;4.25.1&#8243; global_colors_info=&#8220;{}&#8220;][\/et_pb_wc_related_products][\/et_pb_column][\/et_pb_row][et_pb_row _builder_version=&#8220;4.25.0&#8243; _module_preset=&#8220;default&#8220; background_color=&#8220;RGBA(255,255,255,0)&#8220; width=&#8220;100%&#8220; max_width=&#8220;100%&#8220; global_colors_info=&#8220;{}&#8220;][et_pb_column type=&#8220;4_4&#8243; _builder_version=&#8220;4.25.0&#8243; _module_preset=&#8220;default&#8220; background_color=&#8220;RGBA(255,255,255,0)&#8220; global_colors_info=&#8220;{}&#8220;][et_pb_image src=&#8220;https:\/\/trimedea.com\/wp-content\/uploads\/2024\/05\/METALLE_LOGO_GOLD.png&#8220; title_text=&#8220;METALS_LOGO_GOLD&#8220; align=&#8220;center&#8220; _builder_version=&#8220;4.25.0&#8243; _module_preset=&#8220;default&#8220; width=&#8220;60%&#8220; max_width=&#8220;60%&#8220; global_colors_info=&#8220;{}&#8220;][\/et_pb_image][et_pb_text admin_label=&#8220;DETAILS&#8220; _builder_version=&#8220;4.25.0&#8243; _module_preset=&#8220;default&#8220; background_color=&#8220;RGBA(255,255,255,0)&#8220; width_tablet=&#8220;&#8220; width_phone=&#8220;&#8220; width_last_edited=&#8220;on|desktop&#8220; global_colors_info=&#8220;{}&#8220;]<\/p>\n<h2><strong><br \/>\n  <span style=\"color: #c0a000;\">Jd\u011bte si pro zlato:<\/span><br \/>\n<\/strong> Tradi\u010dn\u00ed l\u00e9k s velk\u00fdm \u00fa\u010dinkem<\/h2>\n<p><strong>Zlato je vz\u00e1cn\u00fd prvek nejen na lavi\u010dce, ale i v na\u0161em t\u011ble.  <\/strong>Koloidn\u00ed zlato n\u00e1m dod\u00e1v\u00e1 du\u0161evn\u00ed vitalitu, energii a kreativitu. Pravideln\u00e1 konzumace m\u00e1 pozitivn\u00ed vliv zejm\u00e9na na mozek, ale tak\u00e9 na klouby, srdce, krevn\u00ed ob\u011bh a psychiku. Koloidn\u00ed zlato m\u016f\u017ee d\u00edky sv\u00fdm vibra\u010dn\u011b specifick\u00fdm vlastnostem uvolnit energetick\u00e9 blok\u00e1dy v organismu a vyrovnat naru\u0161en\u00e9 vibra\u010dn\u00ed procesy.<\/p>\n<h3>Vyrobeno pomoc\u00ed vysokonap\u011b\u0165ov\u00e9ho plazmov\u00e9ho procesu<\/h3>\n<p>Ve spole\u010dnosti Trimedea jsme se rozhodli pro komplexn\u00ed vysokonap\u011b\u0165ov\u00fd plazmov\u00fd proces s nap\u011bt\u00edm 10 000 volt\u016f. Pouze s touto vysoce kvalitn\u00ed technologi\u00ed lze p\u0159i spr\u00e1vn\u00e9m pou\u017eit\u00ed dos\u00e1hnout nejlep\u0161\u00ed mo\u017en\u00e9 kvality koloid\u016f: nejmen\u0161\u00ed velikost \u010d\u00e1stic, nejvy\u0161\u0161\u00ed obsah energie, dlouh\u00e1 trvanlivost, suspendovan\u00fd stav. Je \u00fa\u010dinn\u011bj\u0161\u00ed, biologicky dostupn\u011bj\u0161\u00ed, energi\u010dt\u011bj\u0161\u00ed a trvanliv\u011bj\u0161\u00ed, netvo\u0159\u00ed slou\u010deniny s jin\u00fdmi l\u00e1tkami, nevede k usazenin\u00e1m a nedoch\u00e1z\u00ed k p\u0159ed\u00e1vkov\u00e1n\u00ed.<\/p>\n<h3 class=\"p1\">Na\u0161e nab\u00eddka pro va\u0161e zdrav\u00ed<\/h3>\n<p class=\"p2\">Koloidn\u00ed zlato od spole\u010dnosti Trimedea je k dispozici ve fialov\u00fdch sklen\u011bn\u00fdch lahvi\u010dk\u00e1ch ve t\u0159ech velikostech: <strong>100 ml (lahvi\u010dka s rozpra\u0161ova\u010dem<\/strong>), <strong>500 ml<\/strong> a <strong>1000 ml<\/strong>.<\/p>\n<h3>Pro\u010d nen\u00ed koloidn\u00ed zlato od spole\u010dnosti Trimedea rub\u00ednov\u011b \u010derven\u00e9 nebo syt\u011b \u010derven\u00e9?<\/h3>\n<p>P\u0159i v\u00fdrob\u011b koloidn\u00edho zlata vysokonap\u011b\u0165ov\u00fdm plazmov\u00fdm procesem vznikaj\u00ed v\u017edy sv\u011btl\u00e9 odst\u00edny barev, nap\u0159\u00edklad jemn\u011b r\u016f\u017eov\u00e1, fialov\u00e1 nebo fialov\u00e1. Barva z\u00e1vis\u00ed tak\u00e9 na vn\u011bj\u0161\u00edch vlivech, jako je denn\u00ed doba v\u00fdroby, p\u0159evl\u00e1daj\u00edc\u00ed oblasti vysok\u00e9ho nebo n\u00edzk\u00e9ho tlaku, elektromagnetick\u00e9 z\u00e1\u0159en\u00ed p\u016fsob\u00edc\u00ed na m\u00edsto, energetick\u00e1 struktura vody atd.<\/p>\n<p>[\/et_pb_text][et_pb_text admin_label=&#8220;AUFZ\u00c4HLUNG&#8220; _builder_version=&#8220;4.25.0&#8243; _module_preset=&#8220;default&#8220; ul_font_size=&#8220;16px&#8220; ul_line_height=&#8220;1.7em&#8220; header_3_line_height=&#8220;1.5em&#8220; background_color=&#8220;#ebebeb&#8220; width_tablet=&#8220;&#8220; width_phone=&#8220;100%&#8220; width_last_edited=&#8220;on|phone&#8220; custom_margin_tablet=&#8220;&#8220; custom_margin_phone=&#8220;30px||||false|false&#8220; custom_margin_last_edited=&#8220;on|phone&#8220; custom_padding=&#8220;30px|30px|30px|30px|true|true&#8220; custom_padding_tablet=&#8220;30px|30px|30px|30px|true|true&#8220; custom_padding_phone=&#8220;0px|0px|0px|0px|true|true&#8220; custom_padding_last_edited=&#8220;on|phone&#8220; background_color_phone=&#8220;RGBA(255,255,255,0)&#8220; background_last_edited=&#8220;on|phone&#8220; background_enable_color_phone=&#8220;on&#8220; global_colors_info=&#8220;{}&#8220;]<\/p>\n<h3>Oblasti pou\u017eit\u00ed koloidn\u00edho zlata<\/h3>\n<ul>\n<li class=\"western\">Z\u00e1n\u011bt a bolest kloub\u016f<\/li>\n<li class=\"western\">Ob\u011bhov\u00e9 poruchy<\/li>\n<li class=\"western\">\u0160patn\u011b se hoj\u00edc\u00ed r\u00e1ny<\/li>\n<li class=\"western\">N\u00edzk\u00e1 hladina energie, celkov\u00fd nedostatek s\u00edly a pohonu<\/li>\n<li class=\"western\">Glykace k\u016f\u017ee (sacharizace k\u016f\u017ee)<\/li>\n<\/ul>\n<p>[\/et_pb_text][et_pb_text admin_label=&#8220;HINWEIS KOLLOIDALE&#8220; _builder_version=&#8220;4.25.0&#8243; _module_preset=&#8220;default&#8220; background_color=&#8220;RGBA(255,255,255,0)&#8220; width_tablet=&#8220;&#8220; width_phone=&#8220;&#8220; width_last_edited=&#8220;on|desktop&#8220; global_colors_info=&#8220;{}&#8220;]<\/p>\n<h3>Pozn\u00e1mka k n\u00e1kupu koloidn\u00edho zlata<\/h3>\n<p>Koloidy nesm\u00ed b\u00fdt ozna\u010deny jako potraviny, dopl\u0148ky stravy nebo l\u00e9\u010div\u00e9 p\u0159\u00edpravky. V\u00fdrobky se jednodu\u0161e prod\u00e1vaj\u00ed pod pojmem &#8222;koloidn\u00ed zlato&#8220;. Proto je nezbytn\u00e9 v\u011bnovat pozornost detail\u016fm v\u00fdrobn\u00edho procesu. Poskytuje d\u016fle\u017eit\u00e9 informace o kvalit\u011b, velikosti \u010d\u00e1stic, koncentraci, koloidn\u00ed energii a trvanlivosti.<\/p>\n<p>[\/et_pb_text][\/et_pb_column][\/et_pb_row][\/et_pb_section]<\/p>\n","protected":false},"excerpt":{"rendered":"<p><strong><br \/>\nTradi\u010dn\u00ed prost\u0159edek se \u0161irok\u00fdm spektrem \u00fa\u010dink\u016f<\/strong><strong><strong>Koloidn\u00ed zlato n\u00e1m dod\u00e1v\u00e1 du\u0161evn\u00ed vitalitu, energii a kreativitu<\/strong>. Pravideln\u00e9 u\u017e\u00edv\u00e1n\u00ed prosp\u00edv\u00e1 zejm\u00e9na na\u0161emu mozku &#8211; m\u00e1 v\u0161ak pozitivn\u00ed vliv i na na\u0161e klouby, srdce, krevn\u00ed ob\u011bh a psychiku.<\/strong> Koloidn\u00ed zlato m\u016f\u017ee d\u00edky sv\u00fdm vibra\u010dn\u011b specifick\u00fdm vlastnostem uvolnit energetick\u00e9 blok\u00e1dy v organismu a vyrovnat naru\u0161en\u00e9 vibra\u010dn\u00ed procesy.<\/p>\n","protected":false},"featured_media":56005,"template":"","meta":{"_et_pb_use_builder":"on","_et_pb_old_content":"","_et_gb_content_width":"","footnotes":""},"product_brand":[],"product_cat":[171],"product_tag":[246,253,238,234,233,245,231,244],"class_list":{"0":"post-55998","1":"product","2":"type-product","3":"status-publish","4":"has-post-thumbnail","6":"product_cat-koloidni-kovy","7":"product_tag-imunitni-system","8":"product_tag-kosti-a-klouby","9":"product_tag-krev-krevni-obeh-cevy","10":"product_tag-oci-a-zrak","11":"product_tag-stres-a-vycerpani","12":"product_tag-zanety-a-alergie","13":"product_tag-zdravi-muzu","14":"product_tag-zdravi-zen","16":"first","17":"instock","18":"taxable","19":"shipping-taxable","20":"purchasable","21":"product-type-variable"},"yoast_head":"<!-- This site is optimized with the Yoast SEO plugin v27.4 - https:\/\/yoast.com\/product\/yoast-seo-wordpress\/ -->\n<title>Koloidn\u00ed zlato \u2264 10 ppm - TRIMEDEA<\/title>\n<meta name=\"description\" content=\"Koloidn\u00ed zlato vyroben\u00e9 vysokonap\u011b\u0165ov\u00fdm plazmov\u00fdm procesem s nap\u011bt\u00edm 10 000 volt\u016f pro v\u00fdrobu prav\u00fdch koloid\u016f 500 \/ 1000ml lahvi\u010dka z fialov\u00e9ho skla\" \/>\n<meta name=\"robots\" content=\"index, follow, max-snippet:-1, max-image-preview:large, max-video-preview:-1\" \/>\n<link rel=\"canonical\" href=\"https:\/\/trimedea.com\/cs\/produkt\/koloidni-zlato-10-ppm\/\" \/>\n<meta property=\"og:locale\" content=\"cs_CZ\" \/>\n<meta property=\"og:type\" content=\"article\" \/>\n<meta property=\"og:title\" content=\"Koloidn\u00ed zlato \u2264 10 ppm - TRIMEDEA\" \/>\n<meta property=\"og:description\" content=\"Koloidn\u00ed zlato vyroben\u00e9 vysokonap\u011b\u0165ov\u00fdm plazmov\u00fdm procesem s nap\u011bt\u00edm 10 000 volt\u016f pro v\u00fdrobu prav\u00fdch koloid\u016f 500 \/ 1000ml lahvi\u010dka z fialov\u00e9ho skla\" \/>\n<meta property=\"og:url\" content=\"https:\/\/trimedea.com\/cs\/produkt\/koloidni-zlato-10-ppm\/\" \/>\n<meta property=\"og:site_name\" content=\"TRIMEDEA\" \/>\n<meta property=\"article:modified_time\" content=\"2024-08-22T09:37:16+00:00\" \/>\n<meta property=\"og:image\" content=\"https:\/\/trimedea.com\/wp-content\/uploads\/2024\/05\/GOLD.jpg\" \/>\n\t<meta property=\"og:image:width\" content=\"1000\" \/>\n\t<meta property=\"og:image:height\" content=\"1000\" \/>\n\t<meta property=\"og:image:type\" content=\"image\/jpeg\" \/>\n<meta name=\"twitter:card\" content=\"summary_large_image\" \/>\n<script type=\"application\/ld+json\" class=\"yoast-schema-graph\">{\"@context\":\"https:\\\/\\\/schema.org\",\"@graph\":[{\"@type\":\"WebPage\",\"@id\":\"https:\\\/\\\/trimedea.com\\\/cs\\\/produkt\\\/koloidni-zlato-10-ppm\\\/\",\"url\":\"https:\\\/\\\/trimedea.com\\\/cs\\\/produkt\\\/koloidni-zlato-10-ppm\\\/\",\"name\":\"Koloidn\u00ed zlato \u2264 10 ppm - TRIMEDEA\",\"isPartOf\":{\"@id\":\"https:\\\/\\\/trimedea.com\\\/cs\\\/#website\"},\"primaryImageOfPage\":{\"@id\":\"https:\\\/\\\/trimedea.com\\\/cs\\\/produkt\\\/koloidni-zlato-10-ppm\\\/#primaryimage\"},\"image\":{\"@id\":\"https:\\\/\\\/trimedea.com\\\/cs\\\/produkt\\\/koloidni-zlato-10-ppm\\\/#primaryimage\"},\"thumbnailUrl\":\"https:\\\/\\\/trimedea.com\\\/wp-content\\\/uploads\\\/2024\\\/05\\\/GOLD.jpg\",\"datePublished\":\"2024-05-08T07:51:58+00:00\",\"dateModified\":\"2024-08-22T09:37:16+00:00\",\"description\":\"Koloidn\u00ed zlato vyroben\u00e9 vysokonap\u011b\u0165ov\u00fdm plazmov\u00fdm procesem s nap\u011bt\u00edm 10 000 volt\u016f pro v\u00fdrobu prav\u00fdch koloid\u016f 500 \\\/ 1000ml lahvi\u010dka z fialov\u00e9ho skla\",\"breadcrumb\":{\"@id\":\"https:\\\/\\\/trimedea.com\\\/cs\\\/produkt\\\/koloidni-zlato-10-ppm\\\/#breadcrumb\"},\"inLanguage\":\"cs\",\"potentialAction\":[{\"@type\":\"ReadAction\",\"target\":[\"https:\\\/\\\/trimedea.com\\\/cs\\\/produkt\\\/koloidni-zlato-10-ppm\\\/\"]}]},{\"@type\":\"ImageObject\",\"inLanguage\":\"cs\",\"@id\":\"https:\\\/\\\/trimedea.com\\\/cs\\\/produkt\\\/koloidni-zlato-10-ppm\\\/#primaryimage\",\"url\":\"https:\\\/\\\/trimedea.com\\\/wp-content\\\/uploads\\\/2024\\\/05\\\/GOLD.jpg\",\"contentUrl\":\"https:\\\/\\\/trimedea.com\\\/wp-content\\\/uploads\\\/2024\\\/05\\\/GOLD.jpg\",\"width\":1000,\"height\":1000},{\"@type\":\"BreadcrumbList\",\"@id\":\"https:\\\/\\\/trimedea.com\\\/cs\\\/produkt\\\/koloidni-zlato-10-ppm\\\/#breadcrumb\",\"itemListElement\":[{\"@type\":\"ListItem\",\"position\":1,\"name\":\"Startseite\",\"item\":\"https:\\\/\\\/trimedea.com\\\/cs\\\/\"},{\"@type\":\"ListItem\",\"position\":2,\"name\":\"TRIMEDEA SHOP\",\"item\":\"https:\\\/\\\/trimedea.com\\\/cs\\\/trimedea-shop\\\/\"},{\"@type\":\"ListItem\",\"position\":3,\"name\":\"Koloidn\u00ed zlato \u2264 10 ppm\"}]},{\"@type\":\"WebSite\",\"@id\":\"https:\\\/\\\/trimedea.com\\\/cs\\\/#website\",\"url\":\"https:\\\/\\\/trimedea.com\\\/cs\\\/\",\"name\":\"TRIMEDEA\",\"description\":\"F\u00fcr einen gesunden K\u00f6rper und Geist\",\"publisher\":{\"@id\":\"https:\\\/\\\/trimedea.com\\\/cs\\\/#organization\"},\"potentialAction\":[{\"@type\":\"SearchAction\",\"target\":{\"@type\":\"EntryPoint\",\"urlTemplate\":\"https:\\\/\\\/trimedea.com\\\/cs\\\/?s={search_term_string}\"},\"query-input\":{\"@type\":\"PropertyValueSpecification\",\"valueRequired\":true,\"valueName\":\"search_term_string\"}}],\"inLanguage\":\"cs\"},{\"@type\":\"Organization\",\"@id\":\"https:\\\/\\\/trimedea.com\\\/cs\\\/#organization\",\"name\":\"TRIMEDEA\",\"url\":\"https:\\\/\\\/trimedea.com\\\/cs\\\/\",\"logo\":{\"@type\":\"ImageObject\",\"inLanguage\":\"cs\",\"@id\":\"https:\\\/\\\/trimedea.com\\\/cs\\\/#\\\/schema\\\/logo\\\/image\\\/\",\"url\":\"https:\\\/\\\/trimedea.com\\\/wp-content\\\/uploads\\\/2024\\\/04\\\/TRIMEDEA_LOGO.png\",\"contentUrl\":\"https:\\\/\\\/trimedea.com\\\/wp-content\\\/uploads\\\/2024\\\/04\\\/TRIMEDEA_LOGO.png\",\"width\":540,\"height\":248,\"caption\":\"TRIMEDEA\"},\"image\":{\"@id\":\"https:\\\/\\\/trimedea.com\\\/cs\\\/#\\\/schema\\\/logo\\\/image\\\/\"}}]}<\/script>\n<!-- \/ Yoast SEO plugin. -->","yoast_head_json":{"title":"Koloidn\u00ed zlato \u2264 10 ppm - TRIMEDEA","description":"Koloidn\u00ed zlato vyroben\u00e9 vysokonap\u011b\u0165ov\u00fdm plazmov\u00fdm procesem s nap\u011bt\u00edm 10 000 volt\u016f pro v\u00fdrobu prav\u00fdch koloid\u016f 500 \/ 1000ml lahvi\u010dka z fialov\u00e9ho skla","robots":{"index":"index","follow":"follow","max-snippet":"max-snippet:-1","max-image-preview":"max-image-preview:large","max-video-preview":"max-video-preview:-1"},"canonical":"https:\/\/trimedea.com\/cs\/produkt\/koloidni-zlato-10-ppm\/","og_locale":"cs_CZ","og_type":"article","og_title":"Koloidn\u00ed zlato \u2264 10 ppm - TRIMEDEA","og_description":"Koloidn\u00ed zlato vyroben\u00e9 vysokonap\u011b\u0165ov\u00fdm plazmov\u00fdm procesem s nap\u011bt\u00edm 10 000 volt\u016f pro v\u00fdrobu prav\u00fdch koloid\u016f 500 \/ 1000ml lahvi\u010dka z fialov\u00e9ho skla","og_url":"https:\/\/trimedea.com\/cs\/produkt\/koloidni-zlato-10-ppm\/","og_site_name":"TRIMEDEA","article_modified_time":"2024-08-22T09:37:16+00:00","og_image":[{"width":1000,"height":1000,"url":"https:\/\/trimedea.com\/wp-content\/uploads\/2024\/05\/GOLD.jpg","type":"image\/jpeg"}],"twitter_card":"summary_large_image","schema":{"@context":"https:\/\/schema.org","@graph":[{"@type":"WebPage","@id":"https:\/\/trimedea.com\/cs\/produkt\/koloidni-zlato-10-ppm\/","url":"https:\/\/trimedea.com\/cs\/produkt\/koloidni-zlato-10-ppm\/","name":"Koloidn\u00ed zlato \u2264 10 ppm - TRIMEDEA","isPartOf":{"@id":"https:\/\/trimedea.com\/cs\/#website"},"primaryImageOfPage":{"@id":"https:\/\/trimedea.com\/cs\/produkt\/koloidni-zlato-10-ppm\/#primaryimage"},"image":{"@id":"https:\/\/trimedea.com\/cs\/produkt\/koloidni-zlato-10-ppm\/#primaryimage"},"thumbnailUrl":"https:\/\/trimedea.com\/wp-content\/uploads\/2024\/05\/GOLD.jpg","datePublished":"2024-05-08T07:51:58+00:00","dateModified":"2024-08-22T09:37:16+00:00","description":"Koloidn\u00ed zlato vyroben\u00e9 vysokonap\u011b\u0165ov\u00fdm plazmov\u00fdm procesem s nap\u011bt\u00edm 10 000 volt\u016f pro v\u00fdrobu prav\u00fdch koloid\u016f 500 \/ 1000ml lahvi\u010dka z fialov\u00e9ho skla","breadcrumb":{"@id":"https:\/\/trimedea.com\/cs\/produkt\/koloidni-zlato-10-ppm\/#breadcrumb"},"inLanguage":"cs","potentialAction":[{"@type":"ReadAction","target":["https:\/\/trimedea.com\/cs\/produkt\/koloidni-zlato-10-ppm\/"]}]},{"@type":"ImageObject","inLanguage":"cs","@id":"https:\/\/trimedea.com\/cs\/produkt\/koloidni-zlato-10-ppm\/#primaryimage","url":"https:\/\/trimedea.com\/wp-content\/uploads\/2024\/05\/GOLD.jpg","contentUrl":"https:\/\/trimedea.com\/wp-content\/uploads\/2024\/05\/GOLD.jpg","width":1000,"height":1000},{"@type":"BreadcrumbList","@id":"https:\/\/trimedea.com\/cs\/produkt\/koloidni-zlato-10-ppm\/#breadcrumb","itemListElement":[{"@type":"ListItem","position":1,"name":"Startseite","item":"https:\/\/trimedea.com\/cs\/"},{"@type":"ListItem","position":2,"name":"TRIMEDEA SHOP","item":"https:\/\/trimedea.com\/cs\/trimedea-shop\/"},{"@type":"ListItem","position":3,"name":"Koloidn\u00ed zlato \u2264 10 ppm"}]},{"@type":"WebSite","@id":"https:\/\/trimedea.com\/cs\/#website","url":"https:\/\/trimedea.com\/cs\/","name":"TRIMEDEA","description":"F\u00fcr einen gesunden K\u00f6rper und Geist","publisher":{"@id":"https:\/\/trimedea.com\/cs\/#organization"},"potentialAction":[{"@type":"SearchAction","target":{"@type":"EntryPoint","urlTemplate":"https:\/\/trimedea.com\/cs\/?s={search_term_string}"},"query-input":{"@type":"PropertyValueSpecification","valueRequired":true,"valueName":"search_term_string"}}],"inLanguage":"cs"},{"@type":"Organization","@id":"https:\/\/trimedea.com\/cs\/#organization","name":"TRIMEDEA","url":"https:\/\/trimedea.com\/cs\/","logo":{"@type":"ImageObject","inLanguage":"cs","@id":"https:\/\/trimedea.com\/cs\/#\/schema\/logo\/image\/","url":"https:\/\/trimedea.com\/wp-content\/uploads\/2024\/04\/TRIMEDEA_LOGO.png","contentUrl":"https:\/\/trimedea.com\/wp-content\/uploads\/2024\/04\/TRIMEDEA_LOGO.png","width":540,"height":248,"caption":"TRIMEDEA"},"image":{"@id":"https:\/\/trimedea.com\/cs\/#\/schema\/logo\/image\/"}}]}},"_links":{"self":[{"href":"https:\/\/trimedea.com\/cs\/wp-json\/wp\/v2\/product\/55998","targetHints":{"allow":["GET"]}}],"collection":[{"href":"https:\/\/trimedea.com\/cs\/wp-json\/wp\/v2\/product"}],"about":[{"href":"https:\/\/trimedea.com\/cs\/wp-json\/wp\/v2\/types\/product"}],"version-history":[{"count":0,"href":"https:\/\/trimedea.com\/cs\/wp-json\/wp\/v2\/product\/55998\/revisions"}],"wp:featuredmedia":[{"embeddable":true,"href":"https:\/\/trimedea.com\/cs\/wp-json\/wp\/v2\/media\/56005"}],"wp:attachment":[{"href":"https:\/\/trimedea.com\/cs\/wp-json\/wp\/v2\/media?parent=55998"}],"wp:term":[{"taxonomy":"product_brand","embeddable":true,"href":"https:\/\/trimedea.com\/cs\/wp-json\/wp\/v2\/product_brand?post=55998"},{"taxonomy":"product_cat","embeddable":true,"href":"https:\/\/trimedea.com\/cs\/wp-json\/wp\/v2\/product_cat?post=55998"},{"taxonomy":"product_tag","embeddable":true,"href":"https:\/\/trimedea.com\/cs\/wp-json\/wp\/v2\/product_tag?post=55998"}],"curies":[{"name":"wp","href":"https:\/\/api.w.org\/{rel}","templated":true}]}}