{"id":61363,"date":"2023-09-23T08:16:03","date_gmt":"2023-09-23T07:16:03","guid":{"rendered":"https:\/\/trimedea.com\/produkt\/nachfuellpack-360g-zeolith-pur-energetisiert-partikelgroesse-6%ce%bcm\/"},"modified":"2024-09-23T08:30:19","modified_gmt":"2024-09-23T08:30:19","slug":"napln-baleni-360-g-zeolith-pur-energised","status":"publish","type":"product","link":"https:\/\/trimedea.com\/cs\/produkt\/napln-baleni-360-g-zeolith-pur-energised\/","title":{"rendered":"N\u00e1pl\u0148 balen\u00ed 360 g Zeolith Pur energised &#8211; velikost \u010d\u00e1stic 6 \u03bcm"},"content":{"rendered":"<p>[et_pb_section fb_built=&#8220;1&#8243; _builder_version=&#8220;4.16&#8243; custom_padding=&#8220;0px||||false|false&#8220; global_colors_info=&#8220;{}&#8220;][et_pb_row _builder_version=&#8220;4.16&#8243; background_size=&#8220;initial&#8220; background_position=&#8220;top_left&#8220; background_repeat=&#8220;repeat&#8220; width=&#8220;100%&#8220; custom_padding=&#8220;0px||0px||false|false&#8220; global_colors_info=&#8220;{}&#8220;][et_pb_column type=&#8220;4_4&#8243; _builder_version=&#8220;4.16&#8243; custom_padding=&#8220;|||&#8220; global_colors_info=&#8220;{}&#8220; custom_padding__hover=&#8220;|||&#8220;][et_pb_wc_breadcrumb _builder_version=&#8220;4.16&#8243; global_colors_info=&#8220;{}&#8220;][\/et_pb_wc_breadcrumb][et_pb_wc_cart_notice _builder_version=&#8220;4.16&#8243; global_colors_info=&#8220;{}&#8220;][\/et_pb_wc_cart_notice][\/et_pb_column][\/et_pb_row][et_pb_row column_structure=&#8220;1_2,1_2&#8243; _builder_version=&#8220;4.16&#8243; background_size=&#8220;initial&#8220; background_position=&#8220;top_left&#8220; background_repeat=&#8220;repeat&#8220; width=&#8220;100%&#8220; global_colors_info=&#8220;{}&#8220;][et_pb_column type=&#8220;1_2&#8243; _builder_version=&#8220;4.16&#8243; custom_padding=&#8220;|||&#8220; global_colors_info=&#8220;{}&#8220; custom_padding__hover=&#8220;|||&#8220;][et_pb_wc_images _builder_version=&#8220;4.16&#8243; global_colors_info=&#8220;{}&#8220;][\/et_pb_wc_images][\/et_pb_column][et_pb_column type=&#8220;1_2&#8243; _builder_version=&#8220;4.16&#8243; custom_padding=&#8220;|||&#8220; global_colors_info=&#8220;{}&#8220; custom_padding__hover=&#8220;|||&#8220;][et_pb_wc_title _builder_version=&#8220;4.16&#8243; global_colors_info=&#8220;{}&#8220;][\/et_pb_wc_title][et_pb_wc_rating _builder_version=&#8220;4.16&#8243; global_colors_info=&#8220;{}&#8220;][\/et_pb_wc_rating][et_pb_wc_price _builder_version=&#8220;4.16&#8243; global_colors_info=&#8220;{}&#8220;][\/et_pb_wc_price][et_pb_wc_description _builder_version=&#8220;4.16&#8243; global_colors_info=&#8220;{}&#8220;][\/et_pb_wc_description][et_pb_wc_add_to_cart _builder_version=&#8220;4.16&#8243; global_colors_info=&#8220;{}&#8220;][\/et_pb_wc_add_to_cart][et_pb_wc_meta _builder_version=&#8220;4.16&#8243; global_colors_info=&#8220;{}&#8220;][\/et_pb_wc_meta][\/et_pb_column][\/et_pb_row][et_pb_row _builder_version=&#8220;4.16&#8243; background_size=&#8220;initial&#8220; background_position=&#8220;top_left&#8220; background_repeat=&#8220;repeat&#8220; width=&#8220;100%&#8220; global_colors_info=&#8220;{}&#8220;][et_pb_column type=&#8220;4_4&#8243; _builder_version=&#8220;4.16&#8243; custom_padding=&#8220;|||&#8220; global_colors_info=&#8220;{}&#8220; custom_padding__hover=&#8220;|||&#8220;][et_pb_wc_upsells _builder_version=&#8220;4.16&#8243; global_colors_info=&#8220;{}&#8220;][\/et_pb_wc_upsells][et_pb_wc_related_products include_categories=&#8220;84,85,49&#8243; _builder_version=&#8220;4.27.0&#8243; global_colors_info=&#8220;{}&#8220;][\/et_pb_wc_related_products][\/et_pb_column][\/et_pb_row][\/et_pb_section]<\/p>\n","protected":false},"excerpt":{"rendered":"","protected":false},"featured_media":61349,"template":"","meta":{"_et_pb_use_builder":"on","_et_pb_old_content":"","_et_gb_content_width":"","footnotes":""},"product_brand":[],"product_cat":[189],"product_tag":[],"class_list":{"0":"post-61363","1":"product","2":"type-product","3":"status-publish","4":"has-post-thumbnail","6":"product_cat-zeolith-pur-cs","8":"first","9":"instock","10":"taxable","11":"shipping-taxable","12":"purchasable","13":"product-type-simple"},"yoast_head":"<!-- This site is optimized with the Yoast SEO plugin v27.3 - https:\/\/yoast.com\/product\/yoast-seo-wordpress\/ -->\n<title>N\u00e1pl\u0148 balen\u00ed 360 g Zeolith Pur energised - velikost \u010d\u00e1stic 6 \u03bcm - TRIMEDEA<\/title>\n<meta name=\"description\" content=\"N\u00e1pl\u0148 Zeolith Pur je ide\u00e1ln\u00ed pro detoxikaci, detoxikaci a odstran\u011bn\u00ed hlin\u00edku, t\u011b\u017ek\u00fdch kov\u016f, p\u0159\u00eddatn\u00fdch l\u00e1tek ve vakc\u00edn\u00e1ch a l\u00e1tek zne\u010di\u0161\u0165uj\u00edc\u00edch \u017eivotn\u00ed prost\u0159ed\u00ed.\" \/>\n<meta name=\"robots\" content=\"index, follow, max-snippet:-1, max-image-preview:large, max-video-preview:-1\" \/>\n<link rel=\"canonical\" href=\"https:\/\/trimedea.com\/cs\/produkt\/napln-baleni-360-g-zeolith-pur-energised\/\" \/>\n<meta property=\"og:locale\" content=\"cs_CZ\" \/>\n<meta property=\"og:type\" content=\"article\" \/>\n<meta property=\"og:title\" content=\"N\u00e1pl\u0148 balen\u00ed 360 g Zeolith Pur energised - velikost \u010d\u00e1stic 6 \u03bcm - TRIMEDEA\" \/>\n<meta property=\"og:description\" content=\"N\u00e1pl\u0148 Zeolith Pur je ide\u00e1ln\u00ed pro detoxikaci, detoxikaci a odstran\u011bn\u00ed hlin\u00edku, t\u011b\u017ek\u00fdch kov\u016f, p\u0159\u00eddatn\u00fdch l\u00e1tek ve vakc\u00edn\u00e1ch a l\u00e1tek zne\u010di\u0161\u0165uj\u00edc\u00edch \u017eivotn\u00ed prost\u0159ed\u00ed.\" \/>\n<meta property=\"og:url\" content=\"https:\/\/trimedea.com\/cs\/produkt\/napln-baleni-360-g-zeolith-pur-energised\/\" \/>\n<meta property=\"og:site_name\" content=\"TRIMEDEA\" \/>\n<meta property=\"article:modified_time\" content=\"2024-09-23T08:30:19+00:00\" \/>\n<meta property=\"og:image\" content=\"https:\/\/trimedea.com\/wp-content\/uploads\/2024\/09\/ZEOLITH_NACHFUELLPACK.png\" \/>\n\t<meta property=\"og:image:width\" content=\"1204\" \/>\n\t<meta property=\"og:image:height\" content=\"1054\" \/>\n\t<meta property=\"og:image:type\" content=\"image\/png\" \/>\n<meta name=\"twitter:card\" content=\"summary_large_image\" \/>\n<script type=\"application\/ld+json\" class=\"yoast-schema-graph\">{\"@context\":\"https:\\\/\\\/schema.org\",\"@graph\":[{\"@type\":\"WebPage\",\"@id\":\"https:\\\/\\\/trimedea.com\\\/cs\\\/produkt\\\/napln-baleni-360-g-zeolith-pur-energised\\\/\",\"url\":\"https:\\\/\\\/trimedea.com\\\/cs\\\/produkt\\\/napln-baleni-360-g-zeolith-pur-energised\\\/\",\"name\":\"N\u00e1pl\u0148 balen\u00ed 360 g Zeolith Pur energised - velikost \u010d\u00e1stic 6 \u03bcm - TRIMEDEA\",\"isPartOf\":{\"@id\":\"https:\\\/\\\/trimedea.com\\\/cs\\\/#website\"},\"primaryImageOfPage\":{\"@id\":\"https:\\\/\\\/trimedea.com\\\/cs\\\/produkt\\\/napln-baleni-360-g-zeolith-pur-energised\\\/#primaryimage\"},\"image\":{\"@id\":\"https:\\\/\\\/trimedea.com\\\/cs\\\/produkt\\\/napln-baleni-360-g-zeolith-pur-energised\\\/#primaryimage\"},\"thumbnailUrl\":\"https:\\\/\\\/trimedea.com\\\/wp-content\\\/uploads\\\/2024\\\/09\\\/ZEOLITH_NACHFUELLPACK.png\",\"datePublished\":\"2023-09-23T07:16:03+00:00\",\"dateModified\":\"2024-09-23T08:30:19+00:00\",\"description\":\"N\u00e1pl\u0148 Zeolith Pur je ide\u00e1ln\u00ed pro detoxikaci, detoxikaci a odstran\u011bn\u00ed hlin\u00edku, t\u011b\u017ek\u00fdch kov\u016f, p\u0159\u00eddatn\u00fdch l\u00e1tek ve vakc\u00edn\u00e1ch a l\u00e1tek zne\u010di\u0161\u0165uj\u00edc\u00edch \u017eivotn\u00ed prost\u0159ed\u00ed.\",\"breadcrumb\":{\"@id\":\"https:\\\/\\\/trimedea.com\\\/cs\\\/produkt\\\/napln-baleni-360-g-zeolith-pur-energised\\\/#breadcrumb\"},\"inLanguage\":\"cs\",\"potentialAction\":[{\"@type\":\"ReadAction\",\"target\":[\"https:\\\/\\\/trimedea.com\\\/cs\\\/produkt\\\/napln-baleni-360-g-zeolith-pur-energised\\\/\"]}]},{\"@type\":\"ImageObject\",\"inLanguage\":\"cs\",\"@id\":\"https:\\\/\\\/trimedea.com\\\/cs\\\/produkt\\\/napln-baleni-360-g-zeolith-pur-energised\\\/#primaryimage\",\"url\":\"https:\\\/\\\/trimedea.com\\\/wp-content\\\/uploads\\\/2024\\\/09\\\/ZEOLITH_NACHFUELLPACK.png\",\"contentUrl\":\"https:\\\/\\\/trimedea.com\\\/wp-content\\\/uploads\\\/2024\\\/09\\\/ZEOLITH_NACHFUELLPACK.png\",\"width\":1204,\"height\":1054},{\"@type\":\"BreadcrumbList\",\"@id\":\"https:\\\/\\\/trimedea.com\\\/cs\\\/produkt\\\/napln-baleni-360-g-zeolith-pur-energised\\\/#breadcrumb\",\"itemListElement\":[{\"@type\":\"ListItem\",\"position\":1,\"name\":\"Startseite\",\"item\":\"https:\\\/\\\/trimedea.com\\\/cs\\\/\"},{\"@type\":\"ListItem\",\"position\":2,\"name\":\"TRIMEDEA SHOP\",\"item\":\"https:\\\/\\\/trimedea.com\\\/cs\\\/trimedea-shop\\\/\"},{\"@type\":\"ListItem\",\"position\":3,\"name\":\"N\u00e1pl\u0148 balen\u00ed 360 g Zeolith Pur energised &#8211; velikost \u010d\u00e1stic 6 \u03bcm\"}]},{\"@type\":\"WebSite\",\"@id\":\"https:\\\/\\\/trimedea.com\\\/cs\\\/#website\",\"url\":\"https:\\\/\\\/trimedea.com\\\/cs\\\/\",\"name\":\"TRIMEDEA\",\"description\":\"F\u00fcr einen gesunden K\u00f6rper und Geist\",\"publisher\":{\"@id\":\"https:\\\/\\\/trimedea.com\\\/cs\\\/#organization\"},\"potentialAction\":[{\"@type\":\"SearchAction\",\"target\":{\"@type\":\"EntryPoint\",\"urlTemplate\":\"https:\\\/\\\/trimedea.com\\\/cs\\\/?s={search_term_string}\"},\"query-input\":{\"@type\":\"PropertyValueSpecification\",\"valueRequired\":true,\"valueName\":\"search_term_string\"}}],\"inLanguage\":\"cs\"},{\"@type\":\"Organization\",\"@id\":\"https:\\\/\\\/trimedea.com\\\/cs\\\/#organization\",\"name\":\"TRIMEDEA\",\"url\":\"https:\\\/\\\/trimedea.com\\\/cs\\\/\",\"logo\":{\"@type\":\"ImageObject\",\"inLanguage\":\"cs\",\"@id\":\"https:\\\/\\\/trimedea.com\\\/cs\\\/#\\\/schema\\\/logo\\\/image\\\/\",\"url\":\"https:\\\/\\\/trimedea.com\\\/wp-content\\\/uploads\\\/2024\\\/04\\\/TRIMEDEA_LOGO.png\",\"contentUrl\":\"https:\\\/\\\/trimedea.com\\\/wp-content\\\/uploads\\\/2024\\\/04\\\/TRIMEDEA_LOGO.png\",\"width\":540,\"height\":248,\"caption\":\"TRIMEDEA\"},\"image\":{\"@id\":\"https:\\\/\\\/trimedea.com\\\/cs\\\/#\\\/schema\\\/logo\\\/image\\\/\"}}]}<\/script>\n<!-- \/ Yoast SEO plugin. -->","yoast_head_json":{"title":"N\u00e1pl\u0148 balen\u00ed 360 g Zeolith Pur energised - velikost \u010d\u00e1stic 6 \u03bcm - TRIMEDEA","description":"N\u00e1pl\u0148 Zeolith Pur je ide\u00e1ln\u00ed pro detoxikaci, detoxikaci a odstran\u011bn\u00ed hlin\u00edku, t\u011b\u017ek\u00fdch kov\u016f, p\u0159\u00eddatn\u00fdch l\u00e1tek ve vakc\u00edn\u00e1ch a l\u00e1tek zne\u010di\u0161\u0165uj\u00edc\u00edch \u017eivotn\u00ed prost\u0159ed\u00ed.","robots":{"index":"index","follow":"follow","max-snippet":"max-snippet:-1","max-image-preview":"max-image-preview:large","max-video-preview":"max-video-preview:-1"},"canonical":"https:\/\/trimedea.com\/cs\/produkt\/napln-baleni-360-g-zeolith-pur-energised\/","og_locale":"cs_CZ","og_type":"article","og_title":"N\u00e1pl\u0148 balen\u00ed 360 g Zeolith Pur energised - velikost \u010d\u00e1stic 6 \u03bcm - TRIMEDEA","og_description":"N\u00e1pl\u0148 Zeolith Pur je ide\u00e1ln\u00ed pro detoxikaci, detoxikaci a odstran\u011bn\u00ed hlin\u00edku, t\u011b\u017ek\u00fdch kov\u016f, p\u0159\u00eddatn\u00fdch l\u00e1tek ve vakc\u00edn\u00e1ch a l\u00e1tek zne\u010di\u0161\u0165uj\u00edc\u00edch \u017eivotn\u00ed prost\u0159ed\u00ed.","og_url":"https:\/\/trimedea.com\/cs\/produkt\/napln-baleni-360-g-zeolith-pur-energised\/","og_site_name":"TRIMEDEA","article_modified_time":"2024-09-23T08:30:19+00:00","og_image":[{"width":1204,"height":1054,"url":"https:\/\/trimedea.com\/wp-content\/uploads\/2024\/09\/ZEOLITH_NACHFUELLPACK.png","type":"image\/png"}],"twitter_card":"summary_large_image","schema":{"@context":"https:\/\/schema.org","@graph":[{"@type":"WebPage","@id":"https:\/\/trimedea.com\/cs\/produkt\/napln-baleni-360-g-zeolith-pur-energised\/","url":"https:\/\/trimedea.com\/cs\/produkt\/napln-baleni-360-g-zeolith-pur-energised\/","name":"N\u00e1pl\u0148 balen\u00ed 360 g Zeolith Pur energised - velikost \u010d\u00e1stic 6 \u03bcm - TRIMEDEA","isPartOf":{"@id":"https:\/\/trimedea.com\/cs\/#website"},"primaryImageOfPage":{"@id":"https:\/\/trimedea.com\/cs\/produkt\/napln-baleni-360-g-zeolith-pur-energised\/#primaryimage"},"image":{"@id":"https:\/\/trimedea.com\/cs\/produkt\/napln-baleni-360-g-zeolith-pur-energised\/#primaryimage"},"thumbnailUrl":"https:\/\/trimedea.com\/wp-content\/uploads\/2024\/09\/ZEOLITH_NACHFUELLPACK.png","datePublished":"2023-09-23T07:16:03+00:00","dateModified":"2024-09-23T08:30:19+00:00","description":"N\u00e1pl\u0148 Zeolith Pur je ide\u00e1ln\u00ed pro detoxikaci, detoxikaci a odstran\u011bn\u00ed hlin\u00edku, t\u011b\u017ek\u00fdch kov\u016f, p\u0159\u00eddatn\u00fdch l\u00e1tek ve vakc\u00edn\u00e1ch a l\u00e1tek zne\u010di\u0161\u0165uj\u00edc\u00edch \u017eivotn\u00ed prost\u0159ed\u00ed.","breadcrumb":{"@id":"https:\/\/trimedea.com\/cs\/produkt\/napln-baleni-360-g-zeolith-pur-energised\/#breadcrumb"},"inLanguage":"cs","potentialAction":[{"@type":"ReadAction","target":["https:\/\/trimedea.com\/cs\/produkt\/napln-baleni-360-g-zeolith-pur-energised\/"]}]},{"@type":"ImageObject","inLanguage":"cs","@id":"https:\/\/trimedea.com\/cs\/produkt\/napln-baleni-360-g-zeolith-pur-energised\/#primaryimage","url":"https:\/\/trimedea.com\/wp-content\/uploads\/2024\/09\/ZEOLITH_NACHFUELLPACK.png","contentUrl":"https:\/\/trimedea.com\/wp-content\/uploads\/2024\/09\/ZEOLITH_NACHFUELLPACK.png","width":1204,"height":1054},{"@type":"BreadcrumbList","@id":"https:\/\/trimedea.com\/cs\/produkt\/napln-baleni-360-g-zeolith-pur-energised\/#breadcrumb","itemListElement":[{"@type":"ListItem","position":1,"name":"Startseite","item":"https:\/\/trimedea.com\/cs\/"},{"@type":"ListItem","position":2,"name":"TRIMEDEA SHOP","item":"https:\/\/trimedea.com\/cs\/trimedea-shop\/"},{"@type":"ListItem","position":3,"name":"N\u00e1pl\u0148 balen\u00ed 360 g Zeolith Pur energised &#8211; velikost \u010d\u00e1stic 6 \u03bcm"}]},{"@type":"WebSite","@id":"https:\/\/trimedea.com\/cs\/#website","url":"https:\/\/trimedea.com\/cs\/","name":"TRIMEDEA","description":"F\u00fcr einen gesunden K\u00f6rper und Geist","publisher":{"@id":"https:\/\/trimedea.com\/cs\/#organization"},"potentialAction":[{"@type":"SearchAction","target":{"@type":"EntryPoint","urlTemplate":"https:\/\/trimedea.com\/cs\/?s={search_term_string}"},"query-input":{"@type":"PropertyValueSpecification","valueRequired":true,"valueName":"search_term_string"}}],"inLanguage":"cs"},{"@type":"Organization","@id":"https:\/\/trimedea.com\/cs\/#organization","name":"TRIMEDEA","url":"https:\/\/trimedea.com\/cs\/","logo":{"@type":"ImageObject","inLanguage":"cs","@id":"https:\/\/trimedea.com\/cs\/#\/schema\/logo\/image\/","url":"https:\/\/trimedea.com\/wp-content\/uploads\/2024\/04\/TRIMEDEA_LOGO.png","contentUrl":"https:\/\/trimedea.com\/wp-content\/uploads\/2024\/04\/TRIMEDEA_LOGO.png","width":540,"height":248,"caption":"TRIMEDEA"},"image":{"@id":"https:\/\/trimedea.com\/cs\/#\/schema\/logo\/image\/"}}]}},"_links":{"self":[{"href":"https:\/\/trimedea.com\/cs\/wp-json\/wp\/v2\/product\/61363","targetHints":{"allow":["GET"]}}],"collection":[{"href":"https:\/\/trimedea.com\/cs\/wp-json\/wp\/v2\/product"}],"about":[{"href":"https:\/\/trimedea.com\/cs\/wp-json\/wp\/v2\/types\/product"}],"version-history":[{"count":0,"href":"https:\/\/trimedea.com\/cs\/wp-json\/wp\/v2\/product\/61363\/revisions"}],"wp:featuredmedia":[{"embeddable":true,"href":"https:\/\/trimedea.com\/cs\/wp-json\/wp\/v2\/media\/61349"}],"wp:attachment":[{"href":"https:\/\/trimedea.com\/cs\/wp-json\/wp\/v2\/media?parent=61363"}],"wp:term":[{"taxonomy":"product_brand","embeddable":true,"href":"https:\/\/trimedea.com\/cs\/wp-json\/wp\/v2\/product_brand?post=61363"},{"taxonomy":"product_cat","embeddable":true,"href":"https:\/\/trimedea.com\/cs\/wp-json\/wp\/v2\/product_cat?post=61363"},{"taxonomy":"product_tag","embeddable":true,"href":"https:\/\/trimedea.com\/cs\/wp-json\/wp\/v2\/product_tag?post=61363"}],"curies":[{"name":"wp","href":"https:\/\/api.w.org\/{rel}","templated":true}]}}