{"id":61755,"date":"2024-02-25T10:01:36","date_gmt":"2024-02-25T09:01:36","guid":{"rendered":"https:\/\/trimedea.com\/produkt\/nahradni-sada-osmoznich-membran-pro-aquna-osmose-m-light\/"},"modified":"2024-10-09T07:53:51","modified_gmt":"2024-10-09T07:53:51","slug":"nahradni-sada-osmoznich-membran-pro-aquna-osmose-m-light","status":"publish","type":"product","link":"https:\/\/trimedea.com\/cs\/produkt\/nahradni-sada-osmoznich-membran-pro-aquna-osmose-m-light\/","title":{"rendered":"N\u00e1hradn\u00ed sada osm\u00f3zn\u00edch membr\u00e1n pro AQUNA Osmose M \/ Light"},"content":{"rendered":"<p>[et_pb_section fb_built=&#8220;1&#8243; _builder_version=&#8220;4.16&#8243; custom_padding=&#8220;0px||||false|false&#8220; global_colors_info=&#8220;{}&#8220;][et_pb_row _builder_version=&#8220;4.16&#8243; background_size=&#8220;initial&#8220; background_position=&#8220;top_left&#8220; background_repeat=&#8220;repeat&#8220; width=&#8220;100%&#8220; custom_padding=&#8220;0px||0px||false|false&#8220; global_colors_info=&#8220;{}&#8220;][et_pb_column type=&#8220;4_4&#8243; _builder_version=&#8220;4.16&#8243; custom_padding=&#8220;|||&#8220; global_colors_info=&#8220;{}&#8220; custom_padding__hover=&#8220;|||&#8220;][et_pb_wc_breadcrumb breadcrumb_home_text=&#8220;TRIMEDEA SHOP&#8220; breadcrumb_home_url=&#8220;https:\/\/trimedea.com\/trimedea-shop&#8220; _builder_version=&#8220;4.27.0&#8243; global_colors_info=&#8220;{}&#8220;][\/et_pb_wc_breadcrumb][et_pb_wc_cart_notice _builder_version=&#8220;4.16&#8243; global_colors_info=&#8220;{}&#8220;][\/et_pb_wc_cart_notice][\/et_pb_column][\/et_pb_row][et_pb_row column_structure=&#8220;1_2,1_2&#8243; _builder_version=&#8220;4.16&#8243; background_size=&#8220;initial&#8220; background_position=&#8220;top_left&#8220; background_repeat=&#8220;repeat&#8220; width=&#8220;100%&#8220; global_colors_info=&#8220;{}&#8220;][et_pb_column type=&#8220;1_2&#8243; _builder_version=&#8220;4.16&#8243; custom_padding=&#8220;|||&#8220; global_colors_info=&#8220;{}&#8220; custom_padding__hover=&#8220;|||&#8220;][et_pb_wc_images _builder_version=&#8220;4.16&#8243; global_colors_info=&#8220;{}&#8220;][\/et_pb_wc_images][\/et_pb_column][et_pb_column type=&#8220;1_2&#8243; _builder_version=&#8220;4.16&#8243; custom_padding=&#8220;|||&#8220; global_colors_info=&#8220;{}&#8220; custom_padding__hover=&#8220;|||&#8220;][et_pb_wc_title _builder_version=&#8220;4.16&#8243; global_colors_info=&#8220;{}&#8220;][\/et_pb_wc_title][et_pb_wc_rating _builder_version=&#8220;4.16&#8243; global_colors_info=&#8220;{}&#8220;][\/et_pb_wc_rating][et_pb_wc_price _builder_version=&#8220;4.16&#8243; global_colors_info=&#8220;{}&#8220;][\/et_pb_wc_price][et_pb_wc_description _builder_version=&#8220;4.16&#8243; global_colors_info=&#8220;{}&#8220;][\/et_pb_wc_description][et_pb_wc_add_to_cart _builder_version=&#8220;4.16&#8243; global_colors_info=&#8220;{}&#8220;][\/et_pb_wc_add_to_cart][et_pb_wc_meta _builder_version=&#8220;4.16&#8243; global_colors_info=&#8220;{}&#8220;][\/et_pb_wc_meta][\/et_pb_column][\/et_pb_row][et_pb_row _builder_version=&#8220;4.16&#8243; background_size=&#8220;initial&#8220; background_position=&#8220;top_left&#8220; background_repeat=&#8220;repeat&#8220; width=&#8220;100%&#8220; global_colors_info=&#8220;{}&#8220;][et_pb_column type=&#8220;4_4&#8243; _builder_version=&#8220;4.16&#8243; custom_padding=&#8220;|||&#8220; global_colors_info=&#8220;{}&#8220; custom_padding__hover=&#8220;|||&#8220;][et_pb_wc_upsells _builder_version=&#8220;4.16&#8243; global_colors_info=&#8220;{}&#8220;][\/et_pb_wc_upsells][et_pb_wc_related_products _builder_version=&#8220;4.16&#8243; global_colors_info=&#8220;{}&#8220;][\/et_pb_wc_related_products][\/et_pb_column][\/et_pb_row][\/et_pb_section]<\/p>\n","protected":false},"excerpt":{"rendered":"<p>N\u00e1hradn\u00ed sada osm\u00f3zn\u00edch membr\u00e1n (2 kusy, 350 GDP) pro AQUNA Osmose M a <a href=\"https:\/\/trimedea.com\/produkt\/aquna-osmose-light-stromlos-wasserfiltersystem-mit-umh-wasseraktivierung\/\" target=\"_blank\" rel=\"noopener\">Osmose Light<\/a><\/p>\n","protected":false},"featured_media":59233,"template":"","meta":{"_et_pb_use_builder":"on","_et_pb_old_content":"","_et_gb_content_width":"","footnotes":""},"product_brand":[],"product_cat":[186],"product_tag":[],"class_list":{"0":"post-61755","1":"product","2":"type-product","3":"status-publish","4":"has-post-thumbnail","6":"product_cat-aqua-naturalis-cs","8":"first","9":"instock","10":"taxable","11":"shipping-taxable","12":"purchasable","13":"product-type-simple"},"yoast_head":"<!-- This site is optimized with the Yoast SEO plugin v27.3 - https:\/\/yoast.com\/product\/yoast-seo-wordpress\/ -->\n<title>N\u00e1hradn\u00ed sada osm\u00f3zn\u00edch membr\u00e1n, 2 ks pro AQUNA Osmose M \/ Light<\/title>\n<meta name=\"description\" content=\"V\u00fdm\u011bnn\u00e9 osm\u00f3zn\u00ed membr\u00e1ny pro osm\u00f3zn\u00ed modul AQUNA Osmose M a Light - interval v\u00fdm\u011bny v z\u00e1vislosti na kvalit\u011b \/ mno\u017estv\u00ed vstupn\u00ed vody 2-4 roky.\" \/>\n<meta name=\"robots\" content=\"index, follow, max-snippet:-1, max-image-preview:large, max-video-preview:-1\" \/>\n<link rel=\"canonical\" href=\"https:\/\/trimedea.com\/cs\/produkt\/nahradni-sada-osmoznich-membran-pro-aquna-osmose-m-light\/\" \/>\n<meta property=\"og:locale\" content=\"cs_CZ\" \/>\n<meta property=\"og:type\" content=\"article\" \/>\n<meta property=\"og:title\" content=\"N\u00e1hradn\u00ed sada osm\u00f3zn\u00edch membr\u00e1n, 2 ks pro AQUNA Osmose M \/ Light\" \/>\n<meta property=\"og:description\" content=\"V\u00fdm\u011bnn\u00e9 osm\u00f3zn\u00ed membr\u00e1ny pro osm\u00f3zn\u00ed modul AQUNA Osmose M a Light - interval v\u00fdm\u011bny v z\u00e1vislosti na kvalit\u011b \/ mno\u017estv\u00ed vstupn\u00ed vody 2-4 roky.\" \/>\n<meta property=\"og:url\" content=\"https:\/\/trimedea.com\/cs\/produkt\/nahradni-sada-osmoznich-membran-pro-aquna-osmose-m-light\/\" \/>\n<meta property=\"og:site_name\" content=\"TRIMEDEA\" \/>\n<meta property=\"article:modified_time\" content=\"2024-10-09T07:53:51+00:00\" \/>\n<meta property=\"og:image\" content=\"https:\/\/trimedea.com\/wp-content\/uploads\/2024\/07\/Ersatz-2-Membranen-AQUNA-OSMOSE-stromlos.jpeg\" \/>\n\t<meta property=\"og:image:width\" content=\"768\" \/>\n\t<meta property=\"og:image:height\" content=\"768\" \/>\n\t<meta property=\"og:image:type\" content=\"image\/jpeg\" \/>\n<meta name=\"twitter:card\" content=\"summary_large_image\" \/>\n<script type=\"application\/ld+json\" class=\"yoast-schema-graph\">{\"@context\":\"https:\\\/\\\/schema.org\",\"@graph\":[{\"@type\":\"WebPage\",\"@id\":\"https:\\\/\\\/trimedea.com\\\/cs\\\/produkt\\\/nahradni-sada-osmoznich-membran-pro-aquna-osmose-m-light\\\/\",\"url\":\"https:\\\/\\\/trimedea.com\\\/cs\\\/produkt\\\/nahradni-sada-osmoznich-membran-pro-aquna-osmose-m-light\\\/\",\"name\":\"N\u00e1hradn\u00ed sada osm\u00f3zn\u00edch membr\u00e1n, 2 ks pro AQUNA Osmose M \\\/ Light\",\"isPartOf\":{\"@id\":\"https:\\\/\\\/trimedea.com\\\/cs\\\/#website\"},\"primaryImageOfPage\":{\"@id\":\"https:\\\/\\\/trimedea.com\\\/cs\\\/produkt\\\/nahradni-sada-osmoznich-membran-pro-aquna-osmose-m-light\\\/#primaryimage\"},\"image\":{\"@id\":\"https:\\\/\\\/trimedea.com\\\/cs\\\/produkt\\\/nahradni-sada-osmoznich-membran-pro-aquna-osmose-m-light\\\/#primaryimage\"},\"thumbnailUrl\":\"https:\\\/\\\/trimedea.com\\\/wp-content\\\/uploads\\\/2024\\\/07\\\/Ersatz-2-Membranen-AQUNA-OSMOSE-stromlos.jpeg\",\"datePublished\":\"2024-02-25T09:01:36+00:00\",\"dateModified\":\"2024-10-09T07:53:51+00:00\",\"description\":\"V\u00fdm\u011bnn\u00e9 osm\u00f3zn\u00ed membr\u00e1ny pro osm\u00f3zn\u00ed modul AQUNA Osmose M a Light - interval v\u00fdm\u011bny v z\u00e1vislosti na kvalit\u011b \\\/ mno\u017estv\u00ed vstupn\u00ed vody 2-4 roky.\",\"breadcrumb\":{\"@id\":\"https:\\\/\\\/trimedea.com\\\/cs\\\/produkt\\\/nahradni-sada-osmoznich-membran-pro-aquna-osmose-m-light\\\/#breadcrumb\"},\"inLanguage\":\"cs\",\"potentialAction\":[{\"@type\":\"ReadAction\",\"target\":[\"https:\\\/\\\/trimedea.com\\\/cs\\\/produkt\\\/nahradni-sada-osmoznich-membran-pro-aquna-osmose-m-light\\\/\"]}]},{\"@type\":\"ImageObject\",\"inLanguage\":\"cs\",\"@id\":\"https:\\\/\\\/trimedea.com\\\/cs\\\/produkt\\\/nahradni-sada-osmoznich-membran-pro-aquna-osmose-m-light\\\/#primaryimage\",\"url\":\"https:\\\/\\\/trimedea.com\\\/wp-content\\\/uploads\\\/2024\\\/07\\\/Ersatz-2-Membranen-AQUNA-OSMOSE-stromlos.jpeg\",\"contentUrl\":\"https:\\\/\\\/trimedea.com\\\/wp-content\\\/uploads\\\/2024\\\/07\\\/Ersatz-2-Membranen-AQUNA-OSMOSE-stromlos.jpeg\",\"width\":768,\"height\":768,\"caption\":\"Ersatz 2 Membranen-AQUNA-OSMOSE\"},{\"@type\":\"BreadcrumbList\",\"@id\":\"https:\\\/\\\/trimedea.com\\\/cs\\\/produkt\\\/nahradni-sada-osmoznich-membran-pro-aquna-osmose-m-light\\\/#breadcrumb\",\"itemListElement\":[{\"@type\":\"ListItem\",\"position\":1,\"name\":\"Startseite\",\"item\":\"https:\\\/\\\/trimedea.com\\\/cs\\\/\"},{\"@type\":\"ListItem\",\"position\":2,\"name\":\"TRIMEDEA SHOP\",\"item\":\"https:\\\/\\\/trimedea.com\\\/cs\\\/trimedea-shop\\\/\"},{\"@type\":\"ListItem\",\"position\":3,\"name\":\"N\u00e1hradn\u00ed sada osm\u00f3zn\u00edch membr\u00e1n pro AQUNA Osmose M \\\/ Light\"}]},{\"@type\":\"WebSite\",\"@id\":\"https:\\\/\\\/trimedea.com\\\/cs\\\/#website\",\"url\":\"https:\\\/\\\/trimedea.com\\\/cs\\\/\",\"name\":\"TRIMEDEA\",\"description\":\"F\u00fcr einen gesunden K\u00f6rper und Geist\",\"publisher\":{\"@id\":\"https:\\\/\\\/trimedea.com\\\/cs\\\/#organization\"},\"potentialAction\":[{\"@type\":\"SearchAction\",\"target\":{\"@type\":\"EntryPoint\",\"urlTemplate\":\"https:\\\/\\\/trimedea.com\\\/cs\\\/?s={search_term_string}\"},\"query-input\":{\"@type\":\"PropertyValueSpecification\",\"valueRequired\":true,\"valueName\":\"search_term_string\"}}],\"inLanguage\":\"cs\"},{\"@type\":\"Organization\",\"@id\":\"https:\\\/\\\/trimedea.com\\\/cs\\\/#organization\",\"name\":\"TRIMEDEA\",\"url\":\"https:\\\/\\\/trimedea.com\\\/cs\\\/\",\"logo\":{\"@type\":\"ImageObject\",\"inLanguage\":\"cs\",\"@id\":\"https:\\\/\\\/trimedea.com\\\/cs\\\/#\\\/schema\\\/logo\\\/image\\\/\",\"url\":\"https:\\\/\\\/trimedea.com\\\/wp-content\\\/uploads\\\/2024\\\/04\\\/TRIMEDEA_LOGO.png\",\"contentUrl\":\"https:\\\/\\\/trimedea.com\\\/wp-content\\\/uploads\\\/2024\\\/04\\\/TRIMEDEA_LOGO.png\",\"width\":540,\"height\":248,\"caption\":\"TRIMEDEA\"},\"image\":{\"@id\":\"https:\\\/\\\/trimedea.com\\\/cs\\\/#\\\/schema\\\/logo\\\/image\\\/\"}}]}<\/script>\n<!-- \/ Yoast SEO plugin. -->","yoast_head_json":{"title":"N\u00e1hradn\u00ed sada osm\u00f3zn\u00edch membr\u00e1n, 2 ks pro AQUNA Osmose M \/ Light","description":"V\u00fdm\u011bnn\u00e9 osm\u00f3zn\u00ed membr\u00e1ny pro osm\u00f3zn\u00ed modul AQUNA Osmose M a Light - interval v\u00fdm\u011bny v z\u00e1vislosti na kvalit\u011b \/ mno\u017estv\u00ed vstupn\u00ed vody 2-4 roky.","robots":{"index":"index","follow":"follow","max-snippet":"max-snippet:-1","max-image-preview":"max-image-preview:large","max-video-preview":"max-video-preview:-1"},"canonical":"https:\/\/trimedea.com\/cs\/produkt\/nahradni-sada-osmoznich-membran-pro-aquna-osmose-m-light\/","og_locale":"cs_CZ","og_type":"article","og_title":"N\u00e1hradn\u00ed sada osm\u00f3zn\u00edch membr\u00e1n, 2 ks pro AQUNA Osmose M \/ Light","og_description":"V\u00fdm\u011bnn\u00e9 osm\u00f3zn\u00ed membr\u00e1ny pro osm\u00f3zn\u00ed modul AQUNA Osmose M a Light - interval v\u00fdm\u011bny v z\u00e1vislosti na kvalit\u011b \/ mno\u017estv\u00ed vstupn\u00ed vody 2-4 roky.","og_url":"https:\/\/trimedea.com\/cs\/produkt\/nahradni-sada-osmoznich-membran-pro-aquna-osmose-m-light\/","og_site_name":"TRIMEDEA","article_modified_time":"2024-10-09T07:53:51+00:00","og_image":[{"width":768,"height":768,"url":"https:\/\/trimedea.com\/wp-content\/uploads\/2024\/07\/Ersatz-2-Membranen-AQUNA-OSMOSE-stromlos.jpeg","type":"image\/jpeg"}],"twitter_card":"summary_large_image","schema":{"@context":"https:\/\/schema.org","@graph":[{"@type":"WebPage","@id":"https:\/\/trimedea.com\/cs\/produkt\/nahradni-sada-osmoznich-membran-pro-aquna-osmose-m-light\/","url":"https:\/\/trimedea.com\/cs\/produkt\/nahradni-sada-osmoznich-membran-pro-aquna-osmose-m-light\/","name":"N\u00e1hradn\u00ed sada osm\u00f3zn\u00edch membr\u00e1n, 2 ks pro AQUNA Osmose M \/ Light","isPartOf":{"@id":"https:\/\/trimedea.com\/cs\/#website"},"primaryImageOfPage":{"@id":"https:\/\/trimedea.com\/cs\/produkt\/nahradni-sada-osmoznich-membran-pro-aquna-osmose-m-light\/#primaryimage"},"image":{"@id":"https:\/\/trimedea.com\/cs\/produkt\/nahradni-sada-osmoznich-membran-pro-aquna-osmose-m-light\/#primaryimage"},"thumbnailUrl":"https:\/\/trimedea.com\/wp-content\/uploads\/2024\/07\/Ersatz-2-Membranen-AQUNA-OSMOSE-stromlos.jpeg","datePublished":"2024-02-25T09:01:36+00:00","dateModified":"2024-10-09T07:53:51+00:00","description":"V\u00fdm\u011bnn\u00e9 osm\u00f3zn\u00ed membr\u00e1ny pro osm\u00f3zn\u00ed modul AQUNA Osmose M a Light - interval v\u00fdm\u011bny v z\u00e1vislosti na kvalit\u011b \/ mno\u017estv\u00ed vstupn\u00ed vody 2-4 roky.","breadcrumb":{"@id":"https:\/\/trimedea.com\/cs\/produkt\/nahradni-sada-osmoznich-membran-pro-aquna-osmose-m-light\/#breadcrumb"},"inLanguage":"cs","potentialAction":[{"@type":"ReadAction","target":["https:\/\/trimedea.com\/cs\/produkt\/nahradni-sada-osmoznich-membran-pro-aquna-osmose-m-light\/"]}]},{"@type":"ImageObject","inLanguage":"cs","@id":"https:\/\/trimedea.com\/cs\/produkt\/nahradni-sada-osmoznich-membran-pro-aquna-osmose-m-light\/#primaryimage","url":"https:\/\/trimedea.com\/wp-content\/uploads\/2024\/07\/Ersatz-2-Membranen-AQUNA-OSMOSE-stromlos.jpeg","contentUrl":"https:\/\/trimedea.com\/wp-content\/uploads\/2024\/07\/Ersatz-2-Membranen-AQUNA-OSMOSE-stromlos.jpeg","width":768,"height":768,"caption":"Ersatz 2 Membranen-AQUNA-OSMOSE"},{"@type":"BreadcrumbList","@id":"https:\/\/trimedea.com\/cs\/produkt\/nahradni-sada-osmoznich-membran-pro-aquna-osmose-m-light\/#breadcrumb","itemListElement":[{"@type":"ListItem","position":1,"name":"Startseite","item":"https:\/\/trimedea.com\/cs\/"},{"@type":"ListItem","position":2,"name":"TRIMEDEA SHOP","item":"https:\/\/trimedea.com\/cs\/trimedea-shop\/"},{"@type":"ListItem","position":3,"name":"N\u00e1hradn\u00ed sada osm\u00f3zn\u00edch membr\u00e1n pro AQUNA Osmose M \/ Light"}]},{"@type":"WebSite","@id":"https:\/\/trimedea.com\/cs\/#website","url":"https:\/\/trimedea.com\/cs\/","name":"TRIMEDEA","description":"F\u00fcr einen gesunden K\u00f6rper und Geist","publisher":{"@id":"https:\/\/trimedea.com\/cs\/#organization"},"potentialAction":[{"@type":"SearchAction","target":{"@type":"EntryPoint","urlTemplate":"https:\/\/trimedea.com\/cs\/?s={search_term_string}"},"query-input":{"@type":"PropertyValueSpecification","valueRequired":true,"valueName":"search_term_string"}}],"inLanguage":"cs"},{"@type":"Organization","@id":"https:\/\/trimedea.com\/cs\/#organization","name":"TRIMEDEA","url":"https:\/\/trimedea.com\/cs\/","logo":{"@type":"ImageObject","inLanguage":"cs","@id":"https:\/\/trimedea.com\/cs\/#\/schema\/logo\/image\/","url":"https:\/\/trimedea.com\/wp-content\/uploads\/2024\/04\/TRIMEDEA_LOGO.png","contentUrl":"https:\/\/trimedea.com\/wp-content\/uploads\/2024\/04\/TRIMEDEA_LOGO.png","width":540,"height":248,"caption":"TRIMEDEA"},"image":{"@id":"https:\/\/trimedea.com\/cs\/#\/schema\/logo\/image\/"}}]}},"_links":{"self":[{"href":"https:\/\/trimedea.com\/cs\/wp-json\/wp\/v2\/product\/61755","targetHints":{"allow":["GET"]}}],"collection":[{"href":"https:\/\/trimedea.com\/cs\/wp-json\/wp\/v2\/product"}],"about":[{"href":"https:\/\/trimedea.com\/cs\/wp-json\/wp\/v2\/types\/product"}],"version-history":[{"count":0,"href":"https:\/\/trimedea.com\/cs\/wp-json\/wp\/v2\/product\/61755\/revisions"}],"wp:featuredmedia":[{"embeddable":true,"href":"https:\/\/trimedea.com\/cs\/wp-json\/wp\/v2\/media\/59233"}],"wp:attachment":[{"href":"https:\/\/trimedea.com\/cs\/wp-json\/wp\/v2\/media?parent=61755"}],"wp:term":[{"taxonomy":"product_brand","embeddable":true,"href":"https:\/\/trimedea.com\/cs\/wp-json\/wp\/v2\/product_brand?post=61755"},{"taxonomy":"product_cat","embeddable":true,"href":"https:\/\/trimedea.com\/cs\/wp-json\/wp\/v2\/product_cat?post=61755"},{"taxonomy":"product_tag","embeddable":true,"href":"https:\/\/trimedea.com\/cs\/wp-json\/wp\/v2\/product_tag?post=61755"}],"curies":[{"name":"wp","href":"https:\/\/api.w.org\/{rel}","templated":true}]}}