{"id":61758,"date":"2024-02-17T07:47:55","date_gmt":"2024-02-17T06:47:55","guid":{"rendered":"https:\/\/trimedea.com\/produkt\/sada-nahradnich-filtru-aquna-comfort\/"},"modified":"2024-10-09T07:53:52","modified_gmt":"2024-10-09T07:53:52","slug":"sada-nahradnich-filtru-aquna-comfort","status":"publish","type":"product","link":"https:\/\/trimedea.com\/cs\/produkt\/sada-nahradnich-filtru-aquna-comfort\/","title":{"rendered":"Sada n\u00e1hradn\u00edch filtr\u016f AQUNA Comfort"},"content":{"rendered":"<p>[et_pb_section fb_built=&#8220;1&#8243; _builder_version=&#8220;4.16&#8243; custom_padding=&#8220;0px||||false|false&#8220; global_colors_info=&#8220;{}&#8220;][et_pb_row _builder_version=&#8220;4.16&#8243; background_size=&#8220;initial&#8220; background_position=&#8220;top_left&#8220; background_repeat=&#8220;repeat&#8220; width=&#8220;100%&#8220; custom_padding=&#8220;0px||0px||false|false&#8220; global_colors_info=&#8220;{}&#8220;][et_pb_column type=&#8220;4_4&#8243; _builder_version=&#8220;4.16&#8243; custom_padding=&#8220;|||&#8220; global_colors_info=&#8220;{}&#8220; custom_padding__hover=&#8220;|||&#8220;][et_pb_wc_breadcrumb _builder_version=&#8220;4.27.0&#8243; hover_enabled=&#8220;0&#8243; global_colors_info=&#8220;{}&#8220; breadcrumb_home_url=&#8220;https:\/\/trimedea.com\/trimedea-shop&#8220; breadcrumb_home_text=&#8220;TRIMEDEA SHOP&#8220; sticky_enabled=&#8220;0&#8243;][\/et_pb_wc_breadcrumb][et_pb_wc_cart_notice _builder_version=&#8220;4.16&#8243; global_colors_info=&#8220;{}&#8220;][\/et_pb_wc_cart_notice][\/et_pb_column][\/et_pb_row][et_pb_row column_structure=&#8220;1_2,1_2&#8243; _builder_version=&#8220;4.16&#8243; background_size=&#8220;initial&#8220; background_position=&#8220;top_left&#8220; background_repeat=&#8220;repeat&#8220; width=&#8220;100%&#8220; custom_padding=&#8220;0px||||false|false&#8220; global_colors_info=&#8220;{}&#8220;][et_pb_column type=&#8220;1_2&#8243; _builder_version=&#8220;4.16&#8243; custom_padding=&#8220;|||&#8220; global_colors_info=&#8220;{}&#8220; custom_padding__hover=&#8220;|||&#8220;][et_pb_wc_images _builder_version=&#8220;4.16&#8243; global_colors_info=&#8220;{}&#8220;][\/et_pb_wc_images][\/et_pb_column][et_pb_column type=&#8220;1_2&#8243; _builder_version=&#8220;4.16&#8243; custom_padding=&#8220;|||&#8220; global_colors_info=&#8220;{}&#8220; custom_padding__hover=&#8220;|||&#8220;][et_pb_wc_title _builder_version=&#8220;4.16&#8243; global_colors_info=&#8220;{}&#8220;][\/et_pb_wc_title][et_pb_wc_rating _builder_version=&#8220;4.16&#8243; global_colors_info=&#8220;{}&#8220;][\/et_pb_wc_rating][et_pb_wc_price _builder_version=&#8220;4.16&#8243; global_colors_info=&#8220;{}&#8220;][\/et_pb_wc_price][et_pb_wc_description _builder_version=&#8220;4.16&#8243; global_colors_info=&#8220;{}&#8220;][\/et_pb_wc_description][et_pb_wc_add_to_cart _builder_version=&#8220;4.16&#8243; global_colors_info=&#8220;{}&#8220;][\/et_pb_wc_add_to_cart][et_pb_wc_meta _builder_version=&#8220;4.16&#8243; global_colors_info=&#8220;{}&#8220;][\/et_pb_wc_meta][\/et_pb_column][\/et_pb_row][et_pb_row column_structure=&#8220;1_2,1_2&#8243; _builder_version=&#8220;4.25.0&#8243; _module_preset=&#8220;default&#8220; width=&#8220;100%&#8220; locked=&#8220;off&#8220; global_colors_info=&#8220;{}&#8220; custom_css_main_element_phone=&#8220;display: flex;||flex-wrap: wrap;&#8220; custom_css_main_element_last_edited=&#8220;on|phone&#8220;][et_pb_column type=&#8220;1_2&#8243; _builder_version=&#8220;4.25.0&#8243; _module_preset=&#8220;default&#8220; global_colors_info=&#8220;{}&#8220; custom_css_main_element_last_edited=&#8220;on|phone&#8220; custom_css_main_element_phone=&#8220;order:2;&#8220;][et_pb_text admin_label=&#8220;ANGEBOT&#8220; _builder_version=&#8220;4.26.1&#8243; _module_preset=&#8220;default&#8220; ul_font_size=&#8220;16px&#8220; ul_line_height=&#8220;1.7em&#8220; header_2_line_height=&#8220;1.5em&#8220; header_3_line_height=&#8220;1.5em&#8220; background_color=&#8220;#ebebeb&#8220; width_tablet=&#8220;&#8220; width_phone=&#8220;100%&#8220; width_last_edited=&#8220;on|phone&#8220; max_width=&#8220;100%&#8220; custom_margin_tablet=&#8220;&#8220; custom_margin_phone=&#8220;30px||||false|false&#8220; custom_margin_last_edited=&#8220;on|phone&#8220; custom_padding=&#8220;30px|30px|30px|30px|true|true&#8220; custom_padding_tablet=&#8220;30px|30px|30px|30px|true|true&#8220; custom_padding_phone=&#8220;0px|0px|0px|0px|true|true&#8220; custom_padding_last_edited=&#8220;on|phone&#8220; background_color_phone=&#8220;RGBA(255,255,255,0)&#8220; background_last_edited=&#8220;on|phone&#8220; background_enable_color_phone=&#8220;on&#8220; global_colors_info=&#8220;{}&#8220;]<\/p>\n<p><strong><br \/><\/strong><\/p>\n<p>T<strong>echnick\u00e9 \u00fadaje na filtra\u010dn\u00ed vlo\u017eku<\/strong>D\u00e9lka v mm: 290 Pr\u016fm\u011br v mm: 65 Pr\u016ftok litr\u016f\/min: 2,8 Hmotnost v kg: 0,50<strong><\/strong><\/p>\n<p>[\/et_pb_text][\/et_pb_column][et_pb_column type=&#8220;1_2&#8243; _builder_version=&#8220;4.25.0&#8243; _module_preset=&#8220;default&#8220; global_colors_info=&#8220;{}&#8220; custom_css_main_element_last_edited=&#8220;on|phone&#8220; custom_css_main_element_phone=&#8220;order:1;&#8220;][et_pb_text admin_label=&#8220;PRODUKTDETAILS&#8220; _builder_version=&#8220;4.27.0&#8243; _module_preset=&#8220;default&#8220; global_colors_info=&#8220;{}&#8220;]<\/p>\n<p>M<strong>ax. pr\u016ftok:<\/strong> 2,8 I\/min \/ 0,75 g\/min<strong>Max. \u017eivotnost<\/strong>: 5 700 litr\u016f<strong>Max. tlak:<\/strong> 8,6 bar \/ 125 psi<strong>Max. teplota:<\/strong> 38 \u00b0C \/ 100 F<\/p>\n<p><strong>Podle normy DIN EN 806-5 by se tyto filtra\u010dn\u00ed vlo\u017eky m\u011bly vym\u011b\u0148ovat nejpozd\u011bji ka\u017ed\u00fdch 6 m\u011bs\u00edc\u016f.<\/strong><\/p>\n<p>[\/et_pb_text][\/et_pb_column][\/et_pb_row][et_pb_row _builder_version=&#8220;4.16&#8243; background_size=&#8220;initial&#8220; background_position=&#8220;top_left&#8220; background_repeat=&#8220;repeat&#8220; width=&#8220;100%&#8220; global_colors_info=&#8220;{}&#8220;][et_pb_column type=&#8220;4_4&#8243; _builder_version=&#8220;4.16&#8243; custom_padding=&#8220;|||&#8220; global_colors_info=&#8220;{}&#8220; custom_padding__hover=&#8220;|||&#8220;][et_pb_wc_upsells _builder_version=&#8220;4.16&#8243; global_colors_info=&#8220;{}&#8220;][\/et_pb_wc_upsells][et_pb_wc_related_products _builder_version=&#8220;4.16&#8243; global_colors_info=&#8220;{}&#8220;][\/et_pb_wc_related_products][\/et_pb_column][\/et_pb_row][\/et_pb_section]<\/p>\n","protected":false},"excerpt":{"rendered":"<p><strong>Sada se skl\u00e1d\u00e1 z:<\/strong> 1 x sedimenta\u010dn\u00ed filtr PPS 5 \u03bcm, 1 x ultrafiltra\u010dn\u00ed membr\u00e1na UFM 0,01 \u03bcm, 1 x remineraliza\u010dn\u00ed <strong>n\u00e1hradn\u00ed filtra\u010dn\u00ed sada<\/strong> REMIN <strong>pro AQUNA Comfort<\/strong>, osmotick\u00fd filtra\u010dn\u00ed syst\u00e9m na pitnou vodu a aktivace vody UMH.<\/p>\n","protected":false},"featured_media":58500,"template":"","meta":{"_et_pb_use_builder":"on","_et_pb_old_content":"","_et_gb_content_width":"","footnotes":""},"product_brand":[],"product_cat":[186],"product_tag":[],"class_list":{"0":"post-61758","1":"product","2":"type-product","3":"status-publish","4":"has-post-thumbnail","6":"product_cat-aqua-naturalis-cs","8":"first","9":"instock","10":"taxable","11":"shipping-taxable","12":"purchasable","13":"product-type-simple"},"yoast_head":"<!-- This site is optimized with the Yoast SEO plugin v27.5 - https:\/\/yoast.com\/product\/yoast-seo-wordpress\/ -->\n<title>Sada n\u00e1hradn\u00edch filtr\u016f Aquna Comfort pro v\u00fdm\u011bnu bez pou\u017eit\u00ed n\u00e1\u0159ad\u00ed<\/title>\n<meta name=\"description\" content=\"N\u00e1hradn\u00ed sada filtr\u016f k na\u0161roubov\u00e1n\u00ed pro osm\u00f3zov\u00fd filtra\u010dn\u00ed syst\u00e9m AQUNA Comfort: 1 x sedimenta\u010dn\u00ed filtr, 1 x ultrafiltra\u010dn\u00ed membr\u00e1na, 1 x remineralizace.\" \/>\n<meta name=\"robots\" content=\"index, follow, max-snippet:-1, max-image-preview:large, max-video-preview:-1\" \/>\n<link rel=\"canonical\" href=\"https:\/\/trimedea.com\/cs\/produkt\/sada-nahradnich-filtru-aquna-comfort\/\" \/>\n<meta property=\"og:locale\" content=\"cs_CZ\" \/>\n<meta property=\"og:type\" content=\"article\" \/>\n<meta property=\"og:title\" content=\"Sada n\u00e1hradn\u00edch filtr\u016f Aquna Comfort pro v\u00fdm\u011bnu bez pou\u017eit\u00ed n\u00e1\u0159ad\u00ed\" \/>\n<meta property=\"og:description\" content=\"N\u00e1hradn\u00ed sada filtr\u016f k na\u0161roubov\u00e1n\u00ed pro osm\u00f3zov\u00fd filtra\u010dn\u00ed syst\u00e9m AQUNA Comfort: 1 x sedimenta\u010dn\u00ed filtr, 1 x ultrafiltra\u010dn\u00ed membr\u00e1na, 1 x remineralizace.\" \/>\n<meta property=\"og:url\" content=\"https:\/\/trimedea.com\/cs\/produkt\/sada-nahradnich-filtru-aquna-comfort\/\" \/>\n<meta property=\"og:site_name\" content=\"TRIMEDEA\" \/>\n<meta property=\"article:modified_time\" content=\"2024-10-09T07:53:52+00:00\" \/>\n<meta property=\"og:image\" content=\"https:\/\/trimedea.com\/wp-content\/uploads\/2024\/07\/aquna-comfort-ersatzfilter-set.jpg\" \/>\n\t<meta property=\"og:image:width\" content=\"1000\" \/>\n\t<meta property=\"og:image:height\" content=\"1000\" \/>\n\t<meta property=\"og:image:type\" content=\"image\/jpeg\" \/>\n<meta name=\"twitter:card\" content=\"summary_large_image\" \/>\n<script type=\"application\/ld+json\" class=\"yoast-schema-graph\">{\"@context\":\"https:\\\/\\\/schema.org\",\"@graph\":[{\"@type\":\"WebPage\",\"@id\":\"https:\\\/\\\/trimedea.com\\\/cs\\\/produkt\\\/sada-nahradnich-filtru-aquna-comfort\\\/\",\"url\":\"https:\\\/\\\/trimedea.com\\\/cs\\\/produkt\\\/sada-nahradnich-filtru-aquna-comfort\\\/\",\"name\":\"Sada n\u00e1hradn\u00edch filtr\u016f Aquna Comfort pro v\u00fdm\u011bnu bez pou\u017eit\u00ed n\u00e1\u0159ad\u00ed\",\"isPartOf\":{\"@id\":\"https:\\\/\\\/trimedea.com\\\/cs\\\/#website\"},\"primaryImageOfPage\":{\"@id\":\"https:\\\/\\\/trimedea.com\\\/cs\\\/produkt\\\/sada-nahradnich-filtru-aquna-comfort\\\/#primaryimage\"},\"image\":{\"@id\":\"https:\\\/\\\/trimedea.com\\\/cs\\\/produkt\\\/sada-nahradnich-filtru-aquna-comfort\\\/#primaryimage\"},\"thumbnailUrl\":\"https:\\\/\\\/trimedea.com\\\/wp-content\\\/uploads\\\/2024\\\/07\\\/aquna-comfort-ersatzfilter-set.jpg\",\"datePublished\":\"2024-02-17T06:47:55+00:00\",\"dateModified\":\"2024-10-09T07:53:52+00:00\",\"description\":\"N\u00e1hradn\u00ed sada filtr\u016f k na\u0161roubov\u00e1n\u00ed pro osm\u00f3zov\u00fd filtra\u010dn\u00ed syst\u00e9m AQUNA Comfort: 1 x sedimenta\u010dn\u00ed filtr, 1 x ultrafiltra\u010dn\u00ed membr\u00e1na, 1 x remineralizace.\",\"breadcrumb\":{\"@id\":\"https:\\\/\\\/trimedea.com\\\/cs\\\/produkt\\\/sada-nahradnich-filtru-aquna-comfort\\\/#breadcrumb\"},\"inLanguage\":\"cs\",\"potentialAction\":[{\"@type\":\"ReadAction\",\"target\":[\"https:\\\/\\\/trimedea.com\\\/cs\\\/produkt\\\/sada-nahradnich-filtru-aquna-comfort\\\/\"]}]},{\"@type\":\"ImageObject\",\"inLanguage\":\"cs\",\"@id\":\"https:\\\/\\\/trimedea.com\\\/cs\\\/produkt\\\/sada-nahradnich-filtru-aquna-comfort\\\/#primaryimage\",\"url\":\"https:\\\/\\\/trimedea.com\\\/wp-content\\\/uploads\\\/2024\\\/07\\\/aquna-comfort-ersatzfilter-set.jpg\",\"contentUrl\":\"https:\\\/\\\/trimedea.com\\\/wp-content\\\/uploads\\\/2024\\\/07\\\/aquna-comfort-ersatzfilter-set.jpg\",\"width\":1000,\"height\":1000},{\"@type\":\"BreadcrumbList\",\"@id\":\"https:\\\/\\\/trimedea.com\\\/cs\\\/produkt\\\/sada-nahradnich-filtru-aquna-comfort\\\/#breadcrumb\",\"itemListElement\":[{\"@type\":\"ListItem\",\"position\":1,\"name\":\"Startseite\",\"item\":\"https:\\\/\\\/trimedea.com\\\/cs\\\/\"},{\"@type\":\"ListItem\",\"position\":2,\"name\":\"TRIMEDEA SHOP\",\"item\":\"https:\\\/\\\/trimedea.com\\\/cs\\\/trimedea-shop\\\/\"},{\"@type\":\"ListItem\",\"position\":3,\"name\":\"Sada n\u00e1hradn\u00edch filtr\u016f AQUNA Comfort\"}]},{\"@type\":\"WebSite\",\"@id\":\"https:\\\/\\\/trimedea.com\\\/cs\\\/#website\",\"url\":\"https:\\\/\\\/trimedea.com\\\/cs\\\/\",\"name\":\"TRIMEDEA\",\"description\":\"F\u00fcr einen gesunden K\u00f6rper und Geist\",\"publisher\":{\"@id\":\"https:\\\/\\\/trimedea.com\\\/cs\\\/#organization\"},\"potentialAction\":[{\"@type\":\"SearchAction\",\"target\":{\"@type\":\"EntryPoint\",\"urlTemplate\":\"https:\\\/\\\/trimedea.com\\\/cs\\\/?s={search_term_string}\"},\"query-input\":{\"@type\":\"PropertyValueSpecification\",\"valueRequired\":true,\"valueName\":\"search_term_string\"}}],\"inLanguage\":\"cs\"},{\"@type\":\"Organization\",\"@id\":\"https:\\\/\\\/trimedea.com\\\/cs\\\/#organization\",\"name\":\"TRIMEDEA\",\"url\":\"https:\\\/\\\/trimedea.com\\\/cs\\\/\",\"logo\":{\"@type\":\"ImageObject\",\"inLanguage\":\"cs\",\"@id\":\"https:\\\/\\\/trimedea.com\\\/cs\\\/#\\\/schema\\\/logo\\\/image\\\/\",\"url\":\"https:\\\/\\\/trimedea.com\\\/wp-content\\\/uploads\\\/2024\\\/04\\\/TRIMEDEA_LOGO.png\",\"contentUrl\":\"https:\\\/\\\/trimedea.com\\\/wp-content\\\/uploads\\\/2024\\\/04\\\/TRIMEDEA_LOGO.png\",\"width\":540,\"height\":248,\"caption\":\"TRIMEDEA\"},\"image\":{\"@id\":\"https:\\\/\\\/trimedea.com\\\/cs\\\/#\\\/schema\\\/logo\\\/image\\\/\"}}]}<\/script>\n<!-- \/ Yoast SEO plugin. -->","yoast_head_json":{"title":"Sada n\u00e1hradn\u00edch filtr\u016f Aquna Comfort pro v\u00fdm\u011bnu bez pou\u017eit\u00ed n\u00e1\u0159ad\u00ed","description":"N\u00e1hradn\u00ed sada filtr\u016f k na\u0161roubov\u00e1n\u00ed pro osm\u00f3zov\u00fd filtra\u010dn\u00ed syst\u00e9m AQUNA Comfort: 1 x sedimenta\u010dn\u00ed filtr, 1 x ultrafiltra\u010dn\u00ed membr\u00e1na, 1 x remineralizace.","robots":{"index":"index","follow":"follow","max-snippet":"max-snippet:-1","max-image-preview":"max-image-preview:large","max-video-preview":"max-video-preview:-1"},"canonical":"https:\/\/trimedea.com\/cs\/produkt\/sada-nahradnich-filtru-aquna-comfort\/","og_locale":"cs_CZ","og_type":"article","og_title":"Sada n\u00e1hradn\u00edch filtr\u016f Aquna Comfort pro v\u00fdm\u011bnu bez pou\u017eit\u00ed n\u00e1\u0159ad\u00ed","og_description":"N\u00e1hradn\u00ed sada filtr\u016f k na\u0161roubov\u00e1n\u00ed pro osm\u00f3zov\u00fd filtra\u010dn\u00ed syst\u00e9m AQUNA Comfort: 1 x sedimenta\u010dn\u00ed filtr, 1 x ultrafiltra\u010dn\u00ed membr\u00e1na, 1 x remineralizace.","og_url":"https:\/\/trimedea.com\/cs\/produkt\/sada-nahradnich-filtru-aquna-comfort\/","og_site_name":"TRIMEDEA","article_modified_time":"2024-10-09T07:53:52+00:00","og_image":[{"width":1000,"height":1000,"url":"https:\/\/trimedea.com\/wp-content\/uploads\/2024\/07\/aquna-comfort-ersatzfilter-set.jpg","type":"image\/jpeg"}],"twitter_card":"summary_large_image","schema":{"@context":"https:\/\/schema.org","@graph":[{"@type":"WebPage","@id":"https:\/\/trimedea.com\/cs\/produkt\/sada-nahradnich-filtru-aquna-comfort\/","url":"https:\/\/trimedea.com\/cs\/produkt\/sada-nahradnich-filtru-aquna-comfort\/","name":"Sada n\u00e1hradn\u00edch filtr\u016f Aquna Comfort pro v\u00fdm\u011bnu bez pou\u017eit\u00ed n\u00e1\u0159ad\u00ed","isPartOf":{"@id":"https:\/\/trimedea.com\/cs\/#website"},"primaryImageOfPage":{"@id":"https:\/\/trimedea.com\/cs\/produkt\/sada-nahradnich-filtru-aquna-comfort\/#primaryimage"},"image":{"@id":"https:\/\/trimedea.com\/cs\/produkt\/sada-nahradnich-filtru-aquna-comfort\/#primaryimage"},"thumbnailUrl":"https:\/\/trimedea.com\/wp-content\/uploads\/2024\/07\/aquna-comfort-ersatzfilter-set.jpg","datePublished":"2024-02-17T06:47:55+00:00","dateModified":"2024-10-09T07:53:52+00:00","description":"N\u00e1hradn\u00ed sada filtr\u016f k na\u0161roubov\u00e1n\u00ed pro osm\u00f3zov\u00fd filtra\u010dn\u00ed syst\u00e9m AQUNA Comfort: 1 x sedimenta\u010dn\u00ed filtr, 1 x ultrafiltra\u010dn\u00ed membr\u00e1na, 1 x remineralizace.","breadcrumb":{"@id":"https:\/\/trimedea.com\/cs\/produkt\/sada-nahradnich-filtru-aquna-comfort\/#breadcrumb"},"inLanguage":"cs","potentialAction":[{"@type":"ReadAction","target":["https:\/\/trimedea.com\/cs\/produkt\/sada-nahradnich-filtru-aquna-comfort\/"]}]},{"@type":"ImageObject","inLanguage":"cs","@id":"https:\/\/trimedea.com\/cs\/produkt\/sada-nahradnich-filtru-aquna-comfort\/#primaryimage","url":"https:\/\/trimedea.com\/wp-content\/uploads\/2024\/07\/aquna-comfort-ersatzfilter-set.jpg","contentUrl":"https:\/\/trimedea.com\/wp-content\/uploads\/2024\/07\/aquna-comfort-ersatzfilter-set.jpg","width":1000,"height":1000},{"@type":"BreadcrumbList","@id":"https:\/\/trimedea.com\/cs\/produkt\/sada-nahradnich-filtru-aquna-comfort\/#breadcrumb","itemListElement":[{"@type":"ListItem","position":1,"name":"Startseite","item":"https:\/\/trimedea.com\/cs\/"},{"@type":"ListItem","position":2,"name":"TRIMEDEA SHOP","item":"https:\/\/trimedea.com\/cs\/trimedea-shop\/"},{"@type":"ListItem","position":3,"name":"Sada n\u00e1hradn\u00edch filtr\u016f AQUNA Comfort"}]},{"@type":"WebSite","@id":"https:\/\/trimedea.com\/cs\/#website","url":"https:\/\/trimedea.com\/cs\/","name":"TRIMEDEA","description":"F\u00fcr einen gesunden K\u00f6rper und Geist","publisher":{"@id":"https:\/\/trimedea.com\/cs\/#organization"},"potentialAction":[{"@type":"SearchAction","target":{"@type":"EntryPoint","urlTemplate":"https:\/\/trimedea.com\/cs\/?s={search_term_string}"},"query-input":{"@type":"PropertyValueSpecification","valueRequired":true,"valueName":"search_term_string"}}],"inLanguage":"cs"},{"@type":"Organization","@id":"https:\/\/trimedea.com\/cs\/#organization","name":"TRIMEDEA","url":"https:\/\/trimedea.com\/cs\/","logo":{"@type":"ImageObject","inLanguage":"cs","@id":"https:\/\/trimedea.com\/cs\/#\/schema\/logo\/image\/","url":"https:\/\/trimedea.com\/wp-content\/uploads\/2024\/04\/TRIMEDEA_LOGO.png","contentUrl":"https:\/\/trimedea.com\/wp-content\/uploads\/2024\/04\/TRIMEDEA_LOGO.png","width":540,"height":248,"caption":"TRIMEDEA"},"image":{"@id":"https:\/\/trimedea.com\/cs\/#\/schema\/logo\/image\/"}}]}},"_links":{"self":[{"href":"https:\/\/trimedea.com\/cs\/wp-json\/wp\/v2\/product\/61758","targetHints":{"allow":["GET"]}}],"collection":[{"href":"https:\/\/trimedea.com\/cs\/wp-json\/wp\/v2\/product"}],"about":[{"href":"https:\/\/trimedea.com\/cs\/wp-json\/wp\/v2\/types\/product"}],"version-history":[{"count":0,"href":"https:\/\/trimedea.com\/cs\/wp-json\/wp\/v2\/product\/61758\/revisions"}],"wp:featuredmedia":[{"embeddable":true,"href":"https:\/\/trimedea.com\/cs\/wp-json\/wp\/v2\/media\/58500"}],"wp:attachment":[{"href":"https:\/\/trimedea.com\/cs\/wp-json\/wp\/v2\/media?parent=61758"}],"wp:term":[{"taxonomy":"product_brand","embeddable":true,"href":"https:\/\/trimedea.com\/cs\/wp-json\/wp\/v2\/product_brand?post=61758"},{"taxonomy":"product_cat","embeddable":true,"href":"https:\/\/trimedea.com\/cs\/wp-json\/wp\/v2\/product_cat?post=61758"},{"taxonomy":"product_tag","embeddable":true,"href":"https:\/\/trimedea.com\/cs\/wp-json\/wp\/v2\/product_tag?post=61758"}],"curies":[{"name":"wp","href":"https:\/\/api.w.org\/{rel}","templated":true}]}}