{"id":61766,"date":"2024-02-25T10:45:35","date_gmt":"2024-02-25T10:45:35","guid":{"rendered":"https:\/\/trimedea.com\/produkt\/nahradni-napln-proti-vodnimu-kameni-do-pouzdra-filtru-proti-vodnimu-kameni-10-palcu\/"},"modified":"2024-10-09T07:53:52","modified_gmt":"2024-10-09T07:53:52","slug":"nahradni-napln-proti-vodnimu-kameni-do-pouzdra-filtru-proti-vodnimu-kameni-10-palcu","status":"publish","type":"product","link":"https:\/\/trimedea.com\/cs\/produkt\/nahradni-napln-proti-vodnimu-kameni-do-pouzdra-filtru-proti-vodnimu-kameni-10-palcu\/","title":{"rendered":"N\u00e1hradn\u00ed n\u00e1pl\u0148 proti vodn\u00edmu kameni do pouzdra filtru proti vodn\u00edmu kameni 10 palc\u016f"},"content":{"rendered":"<p>[et_pb_section fb_built=&#8220;1&#8243; _builder_version=&#8220;4.16&#8243; custom_padding=&#8220;0px||||false|false&#8220; global_colors_info=&#8220;{}&#8220;][et_pb_row _builder_version=&#8220;4.16&#8243; background_size=&#8220;initial&#8220; background_position=&#8220;top_left&#8220; background_repeat=&#8220;repeat&#8220; width=&#8220;100%&#8220; custom_padding=&#8220;0px||0px||false|false&#8220; global_colors_info=&#8220;{}&#8220;][et_pb_column type=&#8220;4_4&#8243; _builder_version=&#8220;4.16&#8243; custom_padding=&#8220;|||&#8220; global_colors_info=&#8220;{}&#8220; custom_padding__hover=&#8220;|||&#8220;][et_pb_wc_breadcrumb _builder_version=&#8220;4.16&#8243; global_colors_info=&#8220;{}&#8220;][\/et_pb_wc_breadcrumb][et_pb_wc_cart_notice _builder_version=&#8220;4.16&#8243; global_colors_info=&#8220;{}&#8220;][\/et_pb_wc_cart_notice][\/et_pb_column][\/et_pb_row][et_pb_row column_structure=&#8220;1_2,1_2&#8243; _builder_version=&#8220;4.16&#8243; background_size=&#8220;initial&#8220; background_position=&#8220;top_left&#8220; background_repeat=&#8220;repeat&#8220; width=&#8220;100%&#8220; global_colors_info=&#8220;{}&#8220;][et_pb_column type=&#8220;1_2&#8243; _builder_version=&#8220;4.16&#8243; custom_padding=&#8220;|||&#8220; global_colors_info=&#8220;{}&#8220; custom_padding__hover=&#8220;|||&#8220;][et_pb_wc_images _builder_version=&#8220;4.16&#8243; global_colors_info=&#8220;{}&#8220;][\/et_pb_wc_images][\/et_pb_column][et_pb_column type=&#8220;1_2&#8243; _builder_version=&#8220;4.16&#8243; custom_padding=&#8220;|||&#8220; global_colors_info=&#8220;{}&#8220; custom_padding__hover=&#8220;|||&#8220;][et_pb_wc_title _builder_version=&#8220;4.16&#8243; global_colors_info=&#8220;{}&#8220;][\/et_pb_wc_title][et_pb_wc_rating _builder_version=&#8220;4.16&#8243; global_colors_info=&#8220;{}&#8220;][\/et_pb_wc_rating][et_pb_wc_price _builder_version=&#8220;4.16&#8243; global_colors_info=&#8220;{}&#8220;][\/et_pb_wc_price][et_pb_wc_description _builder_version=&#8220;4.16&#8243; global_colors_info=&#8220;{}&#8220;][\/et_pb_wc_description][et_pb_wc_add_to_cart _builder_version=&#8220;4.16&#8243; global_colors_info=&#8220;{}&#8220;][\/et_pb_wc_add_to_cart][et_pb_wc_meta _builder_version=&#8220;4.16&#8243; global_colors_info=&#8220;{}&#8220;][\/et_pb_wc_meta][\/et_pb_column][\/et_pb_row][et_pb_row _builder_version=&#8220;4.16&#8243; background_size=&#8220;initial&#8220; background_position=&#8220;top_left&#8220; background_repeat=&#8220;repeat&#8220; width=&#8220;100%&#8220; global_colors_info=&#8220;{}&#8220;][et_pb_column type=&#8220;4_4&#8243; _builder_version=&#8220;4.16&#8243; custom_padding=&#8220;|||&#8220; global_colors_info=&#8220;{}&#8220; custom_padding__hover=&#8220;|||&#8220;][et_pb_wc_upsells _builder_version=&#8220;4.16&#8243; global_colors_info=&#8220;{}&#8220;][\/et_pb_wc_upsells][et_pb_wc_related_products _builder_version=&#8220;4.16&#8243; global_colors_info=&#8220;{}&#8220;][\/et_pb_wc_related_products][\/et_pb_column][\/et_pb_row][\/et_pb_section]<\/p>\n","protected":false},"excerpt":{"rendered":"<div class=\"et_pb_module et_pb_text et_pb_text_0 et_pb_text_align_left et_pb_bg_layout_light\">\n<div class=\"et_pb_text_inner\">\n<h3>V\u00fdkonnostn\u00ed parametry:<\/h3>\n<ul>\n<li><strong>Pr\u016ftok:<\/strong> 2-3 litry\/min<\/li>\n<li><strong>P\u0159ipojen\u00ed: <\/strong>\u215c Rychl\u00fd konektor<\/li>\n<li><strong>Interval v\u00fdm\u011bny: <\/strong>Vym\u011b\u0148te nejpozd\u011bji po 6 m\u011bs\u00edc\u00edch, v p\u0159\u00edpad\u011b pot\u0159eby i d\u0159\u00edve.<\/li>\n<li><strong>Maxim\u00e1ln\u00ed teplota vody:<\/strong> 38 \u00b0C<\/li>\n<li><strong>Maxim\u00e1ln\u00ed tlak vody:<\/strong> 6 bar\u016f<\/li>\n<\/ul>\n<\/div>\n<\/div>\n","protected":false},"featured_media":59247,"template":"","meta":{"_et_pb_use_builder":"on","_et_pb_old_content":"","_et_gb_content_width":"","footnotes":""},"product_brand":[],"product_cat":[186],"product_tag":[],"class_list":{"0":"post-61766","1":"product","2":"type-product","3":"status-publish","4":"has-post-thumbnail","6":"product_cat-aqua-naturalis-cs","8":"first","9":"instock","10":"taxable","11":"shipping-taxable","12":"purchasable","13":"product-type-simple"},"yoast_head":"<!-- This site is optimized with the Yoast SEO plugin v27.3 - https:\/\/yoast.com\/product\/yoast-seo-wordpress\/ -->\n<title>N\u00e1hradn\u00ed n\u00e1pl\u0148 proti vodn\u00edmu kameni do pouzdra filtru proti vodn\u00edmu kameni 10 palc\u016f<\/title>\n<meta name=\"description\" content=\"N\u00e1hradn\u00ed kazeta proti vodn\u00edmu kameni pro 10palcov\u00e9 pouzdro filtru proti vodn\u00edmu kameni\" \/>\n<meta name=\"robots\" content=\"index, follow, max-snippet:-1, max-image-preview:large, max-video-preview:-1\" \/>\n<link rel=\"canonical\" href=\"https:\/\/trimedea.com\/cs\/produkt\/nahradni-napln-proti-vodnimu-kameni-do-pouzdra-filtru-proti-vodnimu-kameni-10-palcu\/\" \/>\n<meta property=\"og:locale\" content=\"cs_CZ\" \/>\n<meta property=\"og:type\" content=\"article\" \/>\n<meta property=\"og:title\" content=\"N\u00e1hradn\u00ed n\u00e1pl\u0148 proti vodn\u00edmu kameni do pouzdra filtru proti vodn\u00edmu kameni 10 palc\u016f\" \/>\n<meta property=\"og:description\" content=\"N\u00e1hradn\u00ed kazeta proti vodn\u00edmu kameni pro 10palcov\u00e9 pouzdro filtru proti vodn\u00edmu kameni\" \/>\n<meta property=\"og:url\" content=\"https:\/\/trimedea.com\/cs\/produkt\/nahradni-napln-proti-vodnimu-kameni-do-pouzdra-filtru-proti-vodnimu-kameni-10-palcu\/\" \/>\n<meta property=\"og:site_name\" content=\"TRIMEDEA\" \/>\n<meta property=\"article:modified_time\" content=\"2024-10-09T07:53:52+00:00\" \/>\n<meta property=\"og:image\" content=\"https:\/\/trimedea.com\/wp-content\/uploads\/2024\/07\/Ersatz-Kalkpatrone.jpg\" \/>\n\t<meta property=\"og:image:width\" content=\"1000\" \/>\n\t<meta property=\"og:image:height\" content=\"1000\" \/>\n\t<meta property=\"og:image:type\" content=\"image\/jpeg\" \/>\n<meta name=\"twitter:card\" content=\"summary_large_image\" \/>\n<script type=\"application\/ld+json\" class=\"yoast-schema-graph\">{\"@context\":\"https:\\\/\\\/schema.org\",\"@graph\":[{\"@type\":\"WebPage\",\"@id\":\"https:\\\/\\\/trimedea.com\\\/cs\\\/produkt\\\/nahradni-napln-proti-vodnimu-kameni-do-pouzdra-filtru-proti-vodnimu-kameni-10-palcu\\\/\",\"url\":\"https:\\\/\\\/trimedea.com\\\/cs\\\/produkt\\\/nahradni-napln-proti-vodnimu-kameni-do-pouzdra-filtru-proti-vodnimu-kameni-10-palcu\\\/\",\"name\":\"N\u00e1hradn\u00ed n\u00e1pl\u0148 proti vodn\u00edmu kameni do pouzdra filtru proti vodn\u00edmu kameni 10 palc\u016f\",\"isPartOf\":{\"@id\":\"https:\\\/\\\/trimedea.com\\\/cs\\\/#website\"},\"primaryImageOfPage\":{\"@id\":\"https:\\\/\\\/trimedea.com\\\/cs\\\/produkt\\\/nahradni-napln-proti-vodnimu-kameni-do-pouzdra-filtru-proti-vodnimu-kameni-10-palcu\\\/#primaryimage\"},\"image\":{\"@id\":\"https:\\\/\\\/trimedea.com\\\/cs\\\/produkt\\\/nahradni-napln-proti-vodnimu-kameni-do-pouzdra-filtru-proti-vodnimu-kameni-10-palcu\\\/#primaryimage\"},\"thumbnailUrl\":\"https:\\\/\\\/trimedea.com\\\/wp-content\\\/uploads\\\/2024\\\/07\\\/Ersatz-Kalkpatrone.jpg\",\"datePublished\":\"2024-02-25T10:45:35+00:00\",\"dateModified\":\"2024-10-09T07:53:52+00:00\",\"description\":\"N\u00e1hradn\u00ed kazeta proti vodn\u00edmu kameni pro 10palcov\u00e9 pouzdro filtru proti vodn\u00edmu kameni\",\"breadcrumb\":{\"@id\":\"https:\\\/\\\/trimedea.com\\\/cs\\\/produkt\\\/nahradni-napln-proti-vodnimu-kameni-do-pouzdra-filtru-proti-vodnimu-kameni-10-palcu\\\/#breadcrumb\"},\"inLanguage\":\"cs\",\"potentialAction\":[{\"@type\":\"ReadAction\",\"target\":[\"https:\\\/\\\/trimedea.com\\\/cs\\\/produkt\\\/nahradni-napln-proti-vodnimu-kameni-do-pouzdra-filtru-proti-vodnimu-kameni-10-palcu\\\/\"]}]},{\"@type\":\"ImageObject\",\"inLanguage\":\"cs\",\"@id\":\"https:\\\/\\\/trimedea.com\\\/cs\\\/produkt\\\/nahradni-napln-proti-vodnimu-kameni-do-pouzdra-filtru-proti-vodnimu-kameni-10-palcu\\\/#primaryimage\",\"url\":\"https:\\\/\\\/trimedea.com\\\/wp-content\\\/uploads\\\/2024\\\/07\\\/Ersatz-Kalkpatrone.jpg\",\"contentUrl\":\"https:\\\/\\\/trimedea.com\\\/wp-content\\\/uploads\\\/2024\\\/07\\\/Ersatz-Kalkpatrone.jpg\",\"width\":1000,\"height\":1000,\"caption\":\"Ersatz-Kalkpatrone\"},{\"@type\":\"BreadcrumbList\",\"@id\":\"https:\\\/\\\/trimedea.com\\\/cs\\\/produkt\\\/nahradni-napln-proti-vodnimu-kameni-do-pouzdra-filtru-proti-vodnimu-kameni-10-palcu\\\/#breadcrumb\",\"itemListElement\":[{\"@type\":\"ListItem\",\"position\":1,\"name\":\"Startseite\",\"item\":\"https:\\\/\\\/trimedea.com\\\/cs\\\/\"},{\"@type\":\"ListItem\",\"position\":2,\"name\":\"TRIMEDEA SHOP\",\"item\":\"https:\\\/\\\/trimedea.com\\\/cs\\\/trimedea-shop\\\/\"},{\"@type\":\"ListItem\",\"position\":3,\"name\":\"N\u00e1hradn\u00ed n\u00e1pl\u0148 proti vodn\u00edmu kameni do pouzdra filtru proti vodn\u00edmu kameni 10 palc\u016f\"}]},{\"@type\":\"WebSite\",\"@id\":\"https:\\\/\\\/trimedea.com\\\/cs\\\/#website\",\"url\":\"https:\\\/\\\/trimedea.com\\\/cs\\\/\",\"name\":\"TRIMEDEA\",\"description\":\"F\u00fcr einen gesunden K\u00f6rper und Geist\",\"publisher\":{\"@id\":\"https:\\\/\\\/trimedea.com\\\/cs\\\/#organization\"},\"potentialAction\":[{\"@type\":\"SearchAction\",\"target\":{\"@type\":\"EntryPoint\",\"urlTemplate\":\"https:\\\/\\\/trimedea.com\\\/cs\\\/?s={search_term_string}\"},\"query-input\":{\"@type\":\"PropertyValueSpecification\",\"valueRequired\":true,\"valueName\":\"search_term_string\"}}],\"inLanguage\":\"cs\"},{\"@type\":\"Organization\",\"@id\":\"https:\\\/\\\/trimedea.com\\\/cs\\\/#organization\",\"name\":\"TRIMEDEA\",\"url\":\"https:\\\/\\\/trimedea.com\\\/cs\\\/\",\"logo\":{\"@type\":\"ImageObject\",\"inLanguage\":\"cs\",\"@id\":\"https:\\\/\\\/trimedea.com\\\/cs\\\/#\\\/schema\\\/logo\\\/image\\\/\",\"url\":\"https:\\\/\\\/trimedea.com\\\/wp-content\\\/uploads\\\/2024\\\/04\\\/TRIMEDEA_LOGO.png\",\"contentUrl\":\"https:\\\/\\\/trimedea.com\\\/wp-content\\\/uploads\\\/2024\\\/04\\\/TRIMEDEA_LOGO.png\",\"width\":540,\"height\":248,\"caption\":\"TRIMEDEA\"},\"image\":{\"@id\":\"https:\\\/\\\/trimedea.com\\\/cs\\\/#\\\/schema\\\/logo\\\/image\\\/\"}}]}<\/script>\n<!-- \/ Yoast SEO plugin. -->","yoast_head_json":{"title":"N\u00e1hradn\u00ed n\u00e1pl\u0148 proti vodn\u00edmu kameni do pouzdra filtru proti vodn\u00edmu kameni 10 palc\u016f","description":"N\u00e1hradn\u00ed kazeta proti vodn\u00edmu kameni pro 10palcov\u00e9 pouzdro filtru proti vodn\u00edmu kameni","robots":{"index":"index","follow":"follow","max-snippet":"max-snippet:-1","max-image-preview":"max-image-preview:large","max-video-preview":"max-video-preview:-1"},"canonical":"https:\/\/trimedea.com\/cs\/produkt\/nahradni-napln-proti-vodnimu-kameni-do-pouzdra-filtru-proti-vodnimu-kameni-10-palcu\/","og_locale":"cs_CZ","og_type":"article","og_title":"N\u00e1hradn\u00ed n\u00e1pl\u0148 proti vodn\u00edmu kameni do pouzdra filtru proti vodn\u00edmu kameni 10 palc\u016f","og_description":"N\u00e1hradn\u00ed kazeta proti vodn\u00edmu kameni pro 10palcov\u00e9 pouzdro filtru proti vodn\u00edmu kameni","og_url":"https:\/\/trimedea.com\/cs\/produkt\/nahradni-napln-proti-vodnimu-kameni-do-pouzdra-filtru-proti-vodnimu-kameni-10-palcu\/","og_site_name":"TRIMEDEA","article_modified_time":"2024-10-09T07:53:52+00:00","og_image":[{"width":1000,"height":1000,"url":"https:\/\/trimedea.com\/wp-content\/uploads\/2024\/07\/Ersatz-Kalkpatrone.jpg","type":"image\/jpeg"}],"twitter_card":"summary_large_image","schema":{"@context":"https:\/\/schema.org","@graph":[{"@type":"WebPage","@id":"https:\/\/trimedea.com\/cs\/produkt\/nahradni-napln-proti-vodnimu-kameni-do-pouzdra-filtru-proti-vodnimu-kameni-10-palcu\/","url":"https:\/\/trimedea.com\/cs\/produkt\/nahradni-napln-proti-vodnimu-kameni-do-pouzdra-filtru-proti-vodnimu-kameni-10-palcu\/","name":"N\u00e1hradn\u00ed n\u00e1pl\u0148 proti vodn\u00edmu kameni do pouzdra filtru proti vodn\u00edmu kameni 10 palc\u016f","isPartOf":{"@id":"https:\/\/trimedea.com\/cs\/#website"},"primaryImageOfPage":{"@id":"https:\/\/trimedea.com\/cs\/produkt\/nahradni-napln-proti-vodnimu-kameni-do-pouzdra-filtru-proti-vodnimu-kameni-10-palcu\/#primaryimage"},"image":{"@id":"https:\/\/trimedea.com\/cs\/produkt\/nahradni-napln-proti-vodnimu-kameni-do-pouzdra-filtru-proti-vodnimu-kameni-10-palcu\/#primaryimage"},"thumbnailUrl":"https:\/\/trimedea.com\/wp-content\/uploads\/2024\/07\/Ersatz-Kalkpatrone.jpg","datePublished":"2024-02-25T10:45:35+00:00","dateModified":"2024-10-09T07:53:52+00:00","description":"N\u00e1hradn\u00ed kazeta proti vodn\u00edmu kameni pro 10palcov\u00e9 pouzdro filtru proti vodn\u00edmu kameni","breadcrumb":{"@id":"https:\/\/trimedea.com\/cs\/produkt\/nahradni-napln-proti-vodnimu-kameni-do-pouzdra-filtru-proti-vodnimu-kameni-10-palcu\/#breadcrumb"},"inLanguage":"cs","potentialAction":[{"@type":"ReadAction","target":["https:\/\/trimedea.com\/cs\/produkt\/nahradni-napln-proti-vodnimu-kameni-do-pouzdra-filtru-proti-vodnimu-kameni-10-palcu\/"]}]},{"@type":"ImageObject","inLanguage":"cs","@id":"https:\/\/trimedea.com\/cs\/produkt\/nahradni-napln-proti-vodnimu-kameni-do-pouzdra-filtru-proti-vodnimu-kameni-10-palcu\/#primaryimage","url":"https:\/\/trimedea.com\/wp-content\/uploads\/2024\/07\/Ersatz-Kalkpatrone.jpg","contentUrl":"https:\/\/trimedea.com\/wp-content\/uploads\/2024\/07\/Ersatz-Kalkpatrone.jpg","width":1000,"height":1000,"caption":"Ersatz-Kalkpatrone"},{"@type":"BreadcrumbList","@id":"https:\/\/trimedea.com\/cs\/produkt\/nahradni-napln-proti-vodnimu-kameni-do-pouzdra-filtru-proti-vodnimu-kameni-10-palcu\/#breadcrumb","itemListElement":[{"@type":"ListItem","position":1,"name":"Startseite","item":"https:\/\/trimedea.com\/cs\/"},{"@type":"ListItem","position":2,"name":"TRIMEDEA SHOP","item":"https:\/\/trimedea.com\/cs\/trimedea-shop\/"},{"@type":"ListItem","position":3,"name":"N\u00e1hradn\u00ed n\u00e1pl\u0148 proti vodn\u00edmu kameni do pouzdra filtru proti vodn\u00edmu kameni 10 palc\u016f"}]},{"@type":"WebSite","@id":"https:\/\/trimedea.com\/cs\/#website","url":"https:\/\/trimedea.com\/cs\/","name":"TRIMEDEA","description":"F\u00fcr einen gesunden K\u00f6rper und Geist","publisher":{"@id":"https:\/\/trimedea.com\/cs\/#organization"},"potentialAction":[{"@type":"SearchAction","target":{"@type":"EntryPoint","urlTemplate":"https:\/\/trimedea.com\/cs\/?s={search_term_string}"},"query-input":{"@type":"PropertyValueSpecification","valueRequired":true,"valueName":"search_term_string"}}],"inLanguage":"cs"},{"@type":"Organization","@id":"https:\/\/trimedea.com\/cs\/#organization","name":"TRIMEDEA","url":"https:\/\/trimedea.com\/cs\/","logo":{"@type":"ImageObject","inLanguage":"cs","@id":"https:\/\/trimedea.com\/cs\/#\/schema\/logo\/image\/","url":"https:\/\/trimedea.com\/wp-content\/uploads\/2024\/04\/TRIMEDEA_LOGO.png","contentUrl":"https:\/\/trimedea.com\/wp-content\/uploads\/2024\/04\/TRIMEDEA_LOGO.png","width":540,"height":248,"caption":"TRIMEDEA"},"image":{"@id":"https:\/\/trimedea.com\/cs\/#\/schema\/logo\/image\/"}}]}},"_links":{"self":[{"href":"https:\/\/trimedea.com\/cs\/wp-json\/wp\/v2\/product\/61766","targetHints":{"allow":["GET"]}}],"collection":[{"href":"https:\/\/trimedea.com\/cs\/wp-json\/wp\/v2\/product"}],"about":[{"href":"https:\/\/trimedea.com\/cs\/wp-json\/wp\/v2\/types\/product"}],"version-history":[{"count":0,"href":"https:\/\/trimedea.com\/cs\/wp-json\/wp\/v2\/product\/61766\/revisions"}],"wp:featuredmedia":[{"embeddable":true,"href":"https:\/\/trimedea.com\/cs\/wp-json\/wp\/v2\/media\/59247"}],"wp:attachment":[{"href":"https:\/\/trimedea.com\/cs\/wp-json\/wp\/v2\/media?parent=61766"}],"wp:term":[{"taxonomy":"product_brand","embeddable":true,"href":"https:\/\/trimedea.com\/cs\/wp-json\/wp\/v2\/product_brand?post=61766"},{"taxonomy":"product_cat","embeddable":true,"href":"https:\/\/trimedea.com\/cs\/wp-json\/wp\/v2\/product_cat?post=61766"},{"taxonomy":"product_tag","embeddable":true,"href":"https:\/\/trimedea.com\/cs\/wp-json\/wp\/v2\/product_tag?post=61766"}],"curies":[{"name":"wp","href":"https:\/\/api.w.org\/{rel}","templated":true}]}}