{"id":61780,"date":"2024-02-14T10:04:48","date_gmt":"2024-02-14T10:04:48","guid":{"rendered":"https:\/\/trimedea.com\/produkt\/sedimentacni-filtr-20-x-25-palce-pro-standardni-pouzdro\/"},"modified":"2024-10-09T07:54:49","modified_gmt":"2024-10-09T07:54:49","slug":"sedimentacni-filtr-20-x-25-palce-pro-standardni-pouzdro","status":"publish","type":"product","link":"https:\/\/trimedea.com\/cs\/produkt\/sedimentacni-filtr-20-x-25-palce-pro-standardni-pouzdro\/","title":{"rendered":"Sedimenta\u010dn\u00ed filtr 20 x 2,5 palce pro standardn\u00ed pouzdro"},"content":{"rendered":"<p>[et_pb_section fb_built=&#8220;1&#8243; _builder_version=&#8220;4.16&#8243; global_colors_info=&#8220;{}&#8220;][et_pb_row _builder_version=&#8220;4.16&#8243; background_size=&#8220;initial&#8220; background_position=&#8220;top_left&#8220; background_repeat=&#8220;repeat&#8220; width=&#8220;100%&#8220; custom_padding=&#8220;0px||0px||false|false&#8220; global_colors_info=&#8220;{}&#8220;][et_pb_column type=&#8220;4_4&#8243; _builder_version=&#8220;4.16&#8243; custom_padding=&#8220;|||&#8220; global_colors_info=&#8220;{}&#8220; custom_padding__hover=&#8220;|||&#8220;][et_pb_wc_breadcrumb breadcrumb_home_text=&#8220;TRIMEDEA SHOP&#8220; breadcrumb_home_url=&#8220;https:\/\/trimedea.com\/trimedea-shop&#8220; breadcrumb_separator=&#8220;|&#8220; admin_label=&#8220;WOO BREADCRUMBS DE&#8220; _builder_version=&#8220;4.25.0&#8243; custom_padding=&#8220;0px||30px||false|false&#8220; saved_tabs=&#8220;all&#8220; global_colors_info=&#8220;{}&#8220;][\/et_pb_wc_breadcrumb][et_pb_wc_cart_notice _builder_version=&#8220;4.16&#8243; custom_button=&#8220;on&#8220; button_border_width=&#8220;1px&#8220; button_border_color=&#8220;#FFFFFF&#8220; global_colors_info=&#8220;{}&#8220;][\/et_pb_wc_cart_notice][\/et_pb_column][\/et_pb_row][et_pb_row column_structure=&#8220;1_2,1_2&#8243; _builder_version=&#8220;4.25.0&#8243; background_size=&#8220;initial&#8220; background_position=&#8220;top_left&#8220; background_repeat=&#8220;repeat&#8220; width=&#8220;100%&#8220; custom_margin=&#8220;0px||||false|false&#8220; custom_padding=&#8220;||||false|false&#8220; global_colors_info=&#8220;{}&#8220;][et_pb_column type=&#8220;1_2&#8243; _builder_version=&#8220;4.25.0&#8243; custom_padding=&#8220;|||&#8220; custom_padding_tablet=&#8220;|||&#8220; custom_padding_phone=&#8220;|0px||0px|false|false&#8220; custom_padding_last_edited=&#8220;on|phone&#8220; global_colors_info=&#8220;{}&#8220; custom_padding__hover=&#8220;|||&#8220;][et_pb_wc_images _builder_version=&#8220;4.25.0&#8243; custom_margin_tablet=&#8220;&#8220; custom_margin_phone=&#8220;||||false|false&#8220; custom_margin_last_edited=&#8220;on|phone&#8220; custom_padding_tablet=&#8220;&#8220; custom_padding_phone=&#8220;30px||||false|false&#8220; custom_padding_last_edited=&#8220;on|phone&#8220; global_colors_info=&#8220;{}&#8220;][\/et_pb_wc_images][\/et_pb_column][et_pb_column type=&#8220;1_2&#8243; _builder_version=&#8220;4.16&#8243; custom_padding=&#8220;|||&#8220; global_colors_info=&#8220;{}&#8220; custom_padding__hover=&#8220;|||&#8220;][et_pb_wc_title _builder_version=&#8220;4.25.0&#8243; global_colors_info=&#8220;{}&#8220;][\/et_pb_wc_title][et_pb_wc_description _builder_version=&#8220;4.16&#8243; global_colors_info=&#8220;{}&#8220;][\/et_pb_wc_description][et_pb_wc_price _builder_version=&#8220;4.24.3&#8243; body_font=&#8220;|600|||||||&#8220; global_colors_info=&#8220;{}&#8220;][\/et_pb_wc_price][et_pb_wc_add_to_cart _builder_version=&#8220;4.16&#8243; global_colors_info=&#8220;{}&#8220;][\/et_pb_wc_add_to_cart][et_pb_wc_meta _builder_version=&#8220;4.16&#8243; global_colors_info=&#8220;{}&#8220;][\/et_pb_wc_meta][\/et_pb_column][\/et_pb_row][et_pb_row custom_padding_last_edited=&#8220;on|phone&#8220; _builder_version=&#8220;4.25.0&#8243; background_size=&#8220;initial&#8220; background_position=&#8220;top_left&#8220; background_repeat=&#8220;repeat&#8220; width=&#8220;100%&#8220; custom_margin_tablet=&#8220;&#8220; custom_margin_phone=&#8220;||||false|false&#8220; custom_margin_last_edited=&#8220;on|phone&#8220; custom_padding_tablet=&#8220;&#8220; custom_padding_phone=&#8220;0px||||false|false&#8220; global_colors_info=&#8220;{}&#8220;][et_pb_column type=&#8220;4_4&#8243; _builder_version=&#8220;4.16&#8243; custom_padding=&#8220;|||&#8220; global_colors_info=&#8220;{}&#8220; custom_padding__hover=&#8220;|||&#8220;][et_pb_wc_upsells _builder_version=&#8220;4.16&#8243; global_colors_info=&#8220;{}&#8220;][\/et_pb_wc_upsells][et_pb_wc_related_products posts_number=&#8220;4&#8243; columns_number=&#8220;4&#8243; include_categories=&#8220;92&#8243; _builder_version=&#8220;4.25.1&#8243; global_colors_info=&#8220;{}&#8220;][\/et_pb_wc_related_products][\/et_pb_column][\/et_pb_row][\/et_pb_section]<\/p>\n","protected":false},"excerpt":{"rendered":"<p><strong>Sedimenta\u010dn\u00ed filtr 20 x 2,5 palce pro standardn\u00ed pouzdra<\/strong> &#8211; odstra\u0148uje voln\u00e9 \u010d\u00e1stice ne\u010distot, jako je p\u00edsek, rez, rozpu\u0161t\u011bn\u00e9 usazeniny a suspendovan\u00e9 l\u00e1tky.<\/p>\n","protected":false},"featured_media":60158,"template":"","meta":{"_et_pb_use_builder":"on","_et_pb_old_content":"","_et_gb_content_width":"","footnotes":""},"product_brand":[],"product_cat":[186],"product_tag":[],"class_list":{"0":"post-61780","1":"product","2":"type-product","3":"status-publish","4":"has-post-thumbnail","6":"product_cat-aqua-naturalis-cs","8":"first","9":"instock","10":"taxable","11":"shipping-taxable","12":"purchasable","13":"product-type-variable"},"yoast_head":"<!-- This site is optimized with the Yoast SEO plugin v27.3 - https:\/\/yoast.com\/product\/yoast-seo-wordpress\/ -->\n<title>Sedimenta\u010dn\u00ed filtr 20 x 2,5 palce pro standardn\u00ed pouzdro<\/title>\n<meta name=\"description\" content=\"Filtra\u010dn\u00ed prvky o pr\u016fm\u011bru 20 palc\u016f Pr\u016fm\u011br 2,5 palce: Sedimenta\u010dn\u00ed filtr z polypropylenu nebo p\u0159\u00edze (navinut\u00e9) v r\u016fzn\u00fdch jemnostech.\" \/>\n<meta name=\"robots\" content=\"index, follow, max-snippet:-1, max-image-preview:large, max-video-preview:-1\" \/>\n<link rel=\"canonical\" href=\"https:\/\/trimedea.com\/cs\/produkt\/sedimentacni-filtr-20-x-25-palce-pro-standardni-pouzdro\/\" \/>\n<meta property=\"og:locale\" content=\"cs_CZ\" \/>\n<meta property=\"og:type\" content=\"article\" \/>\n<meta property=\"og:title\" content=\"Sedimenta\u010dn\u00ed filtr 20 x 2,5 palce pro standardn\u00ed pouzdro\" \/>\n<meta property=\"og:description\" content=\"Filtra\u010dn\u00ed prvky o pr\u016fm\u011bru 20 palc\u016f Pr\u016fm\u011br 2,5 palce: Sedimenta\u010dn\u00ed filtr z polypropylenu nebo p\u0159\u00edze (navinut\u00e9) v r\u016fzn\u00fdch jemnostech.\" \/>\n<meta property=\"og:url\" content=\"https:\/\/trimedea.com\/cs\/produkt\/sedimentacni-filtr-20-x-25-palce-pro-standardni-pouzdro\/\" \/>\n<meta property=\"og:site_name\" content=\"TRIMEDEA\" \/>\n<meta property=\"article:modified_time\" content=\"2024-10-09T07:54:49+00:00\" \/>\n<meta property=\"og:image\" content=\"https:\/\/trimedea.com\/wp-content\/uploads\/2024\/08\/Sedimentfilter-2.001.jpeg\" \/>\n\t<meta property=\"og:image:width\" content=\"768\" \/>\n\t<meta property=\"og:image:height\" content=\"768\" \/>\n\t<meta property=\"og:image:type\" content=\"image\/jpeg\" \/>\n<meta name=\"twitter:card\" content=\"summary_large_image\" \/>\n<script type=\"application\/ld+json\" class=\"yoast-schema-graph\">{\"@context\":\"https:\\\/\\\/schema.org\",\"@graph\":[{\"@type\":\"WebPage\",\"@id\":\"https:\\\/\\\/trimedea.com\\\/cs\\\/produkt\\\/sedimentacni-filtr-20-x-25-palce-pro-standardni-pouzdro\\\/\",\"url\":\"https:\\\/\\\/trimedea.com\\\/cs\\\/produkt\\\/sedimentacni-filtr-20-x-25-palce-pro-standardni-pouzdro\\\/\",\"name\":\"Sedimenta\u010dn\u00ed filtr 20 x 2,5 palce pro standardn\u00ed pouzdro\",\"isPartOf\":{\"@id\":\"https:\\\/\\\/trimedea.com\\\/cs\\\/#website\"},\"primaryImageOfPage\":{\"@id\":\"https:\\\/\\\/trimedea.com\\\/cs\\\/produkt\\\/sedimentacni-filtr-20-x-25-palce-pro-standardni-pouzdro\\\/#primaryimage\"},\"image\":{\"@id\":\"https:\\\/\\\/trimedea.com\\\/cs\\\/produkt\\\/sedimentacni-filtr-20-x-25-palce-pro-standardni-pouzdro\\\/#primaryimage\"},\"thumbnailUrl\":\"https:\\\/\\\/trimedea.com\\\/wp-content\\\/uploads\\\/2024\\\/08\\\/Sedimentfilter-2.001.jpeg\",\"datePublished\":\"2024-02-14T10:04:48+00:00\",\"dateModified\":\"2024-10-09T07:54:49+00:00\",\"description\":\"Filtra\u010dn\u00ed prvky o pr\u016fm\u011bru 20 palc\u016f Pr\u016fm\u011br 2,5 palce: Sedimenta\u010dn\u00ed filtr z polypropylenu nebo p\u0159\u00edze (navinut\u00e9) v r\u016fzn\u00fdch jemnostech.\",\"breadcrumb\":{\"@id\":\"https:\\\/\\\/trimedea.com\\\/cs\\\/produkt\\\/sedimentacni-filtr-20-x-25-palce-pro-standardni-pouzdro\\\/#breadcrumb\"},\"inLanguage\":\"cs\",\"potentialAction\":[{\"@type\":\"ReadAction\",\"target\":[\"https:\\\/\\\/trimedea.com\\\/cs\\\/produkt\\\/sedimentacni-filtr-20-x-25-palce-pro-standardni-pouzdro\\\/\"]}]},{\"@type\":\"ImageObject\",\"inLanguage\":\"cs\",\"@id\":\"https:\\\/\\\/trimedea.com\\\/cs\\\/produkt\\\/sedimentacni-filtr-20-x-25-palce-pro-standardni-pouzdro\\\/#primaryimage\",\"url\":\"https:\\\/\\\/trimedea.com\\\/wp-content\\\/uploads\\\/2024\\\/08\\\/Sedimentfilter-2.001.jpeg\",\"contentUrl\":\"https:\\\/\\\/trimedea.com\\\/wp-content\\\/uploads\\\/2024\\\/08\\\/Sedimentfilter-2.001.jpeg\",\"width\":768,\"height\":768},{\"@type\":\"BreadcrumbList\",\"@id\":\"https:\\\/\\\/trimedea.com\\\/cs\\\/produkt\\\/sedimentacni-filtr-20-x-25-palce-pro-standardni-pouzdro\\\/#breadcrumb\",\"itemListElement\":[{\"@type\":\"ListItem\",\"position\":1,\"name\":\"Startseite\",\"item\":\"https:\\\/\\\/trimedea.com\\\/cs\\\/\"},{\"@type\":\"ListItem\",\"position\":2,\"name\":\"TRIMEDEA SHOP\",\"item\":\"https:\\\/\\\/trimedea.com\\\/cs\\\/trimedea-shop\\\/\"},{\"@type\":\"ListItem\",\"position\":3,\"name\":\"Sedimenta\u010dn\u00ed filtr 20 x 2,5 palce pro standardn\u00ed pouzdro\"}]},{\"@type\":\"WebSite\",\"@id\":\"https:\\\/\\\/trimedea.com\\\/cs\\\/#website\",\"url\":\"https:\\\/\\\/trimedea.com\\\/cs\\\/\",\"name\":\"TRIMEDEA\",\"description\":\"F\u00fcr einen gesunden K\u00f6rper und Geist\",\"publisher\":{\"@id\":\"https:\\\/\\\/trimedea.com\\\/cs\\\/#organization\"},\"potentialAction\":[{\"@type\":\"SearchAction\",\"target\":{\"@type\":\"EntryPoint\",\"urlTemplate\":\"https:\\\/\\\/trimedea.com\\\/cs\\\/?s={search_term_string}\"},\"query-input\":{\"@type\":\"PropertyValueSpecification\",\"valueRequired\":true,\"valueName\":\"search_term_string\"}}],\"inLanguage\":\"cs\"},{\"@type\":\"Organization\",\"@id\":\"https:\\\/\\\/trimedea.com\\\/cs\\\/#organization\",\"name\":\"TRIMEDEA\",\"url\":\"https:\\\/\\\/trimedea.com\\\/cs\\\/\",\"logo\":{\"@type\":\"ImageObject\",\"inLanguage\":\"cs\",\"@id\":\"https:\\\/\\\/trimedea.com\\\/cs\\\/#\\\/schema\\\/logo\\\/image\\\/\",\"url\":\"https:\\\/\\\/trimedea.com\\\/wp-content\\\/uploads\\\/2024\\\/04\\\/TRIMEDEA_LOGO.png\",\"contentUrl\":\"https:\\\/\\\/trimedea.com\\\/wp-content\\\/uploads\\\/2024\\\/04\\\/TRIMEDEA_LOGO.png\",\"width\":540,\"height\":248,\"caption\":\"TRIMEDEA\"},\"image\":{\"@id\":\"https:\\\/\\\/trimedea.com\\\/cs\\\/#\\\/schema\\\/logo\\\/image\\\/\"}}]}<\/script>\n<!-- \/ Yoast SEO plugin. -->","yoast_head_json":{"title":"Sedimenta\u010dn\u00ed filtr 20 x 2,5 palce pro standardn\u00ed pouzdro","description":"Filtra\u010dn\u00ed prvky o pr\u016fm\u011bru 20 palc\u016f Pr\u016fm\u011br 2,5 palce: Sedimenta\u010dn\u00ed filtr z polypropylenu nebo p\u0159\u00edze (navinut\u00e9) v r\u016fzn\u00fdch jemnostech.","robots":{"index":"index","follow":"follow","max-snippet":"max-snippet:-1","max-image-preview":"max-image-preview:large","max-video-preview":"max-video-preview:-1"},"canonical":"https:\/\/trimedea.com\/cs\/produkt\/sedimentacni-filtr-20-x-25-palce-pro-standardni-pouzdro\/","og_locale":"cs_CZ","og_type":"article","og_title":"Sedimenta\u010dn\u00ed filtr 20 x 2,5 palce pro standardn\u00ed pouzdro","og_description":"Filtra\u010dn\u00ed prvky o pr\u016fm\u011bru 20 palc\u016f Pr\u016fm\u011br 2,5 palce: Sedimenta\u010dn\u00ed filtr z polypropylenu nebo p\u0159\u00edze (navinut\u00e9) v r\u016fzn\u00fdch jemnostech.","og_url":"https:\/\/trimedea.com\/cs\/produkt\/sedimentacni-filtr-20-x-25-palce-pro-standardni-pouzdro\/","og_site_name":"TRIMEDEA","article_modified_time":"2024-10-09T07:54:49+00:00","og_image":[{"width":768,"height":768,"url":"https:\/\/trimedea.com\/wp-content\/uploads\/2024\/08\/Sedimentfilter-2.001.jpeg","type":"image\/jpeg"}],"twitter_card":"summary_large_image","schema":{"@context":"https:\/\/schema.org","@graph":[{"@type":"WebPage","@id":"https:\/\/trimedea.com\/cs\/produkt\/sedimentacni-filtr-20-x-25-palce-pro-standardni-pouzdro\/","url":"https:\/\/trimedea.com\/cs\/produkt\/sedimentacni-filtr-20-x-25-palce-pro-standardni-pouzdro\/","name":"Sedimenta\u010dn\u00ed filtr 20 x 2,5 palce pro standardn\u00ed pouzdro","isPartOf":{"@id":"https:\/\/trimedea.com\/cs\/#website"},"primaryImageOfPage":{"@id":"https:\/\/trimedea.com\/cs\/produkt\/sedimentacni-filtr-20-x-25-palce-pro-standardni-pouzdro\/#primaryimage"},"image":{"@id":"https:\/\/trimedea.com\/cs\/produkt\/sedimentacni-filtr-20-x-25-palce-pro-standardni-pouzdro\/#primaryimage"},"thumbnailUrl":"https:\/\/trimedea.com\/wp-content\/uploads\/2024\/08\/Sedimentfilter-2.001.jpeg","datePublished":"2024-02-14T10:04:48+00:00","dateModified":"2024-10-09T07:54:49+00:00","description":"Filtra\u010dn\u00ed prvky o pr\u016fm\u011bru 20 palc\u016f Pr\u016fm\u011br 2,5 palce: Sedimenta\u010dn\u00ed filtr z polypropylenu nebo p\u0159\u00edze (navinut\u00e9) v r\u016fzn\u00fdch jemnostech.","breadcrumb":{"@id":"https:\/\/trimedea.com\/cs\/produkt\/sedimentacni-filtr-20-x-25-palce-pro-standardni-pouzdro\/#breadcrumb"},"inLanguage":"cs","potentialAction":[{"@type":"ReadAction","target":["https:\/\/trimedea.com\/cs\/produkt\/sedimentacni-filtr-20-x-25-palce-pro-standardni-pouzdro\/"]}]},{"@type":"ImageObject","inLanguage":"cs","@id":"https:\/\/trimedea.com\/cs\/produkt\/sedimentacni-filtr-20-x-25-palce-pro-standardni-pouzdro\/#primaryimage","url":"https:\/\/trimedea.com\/wp-content\/uploads\/2024\/08\/Sedimentfilter-2.001.jpeg","contentUrl":"https:\/\/trimedea.com\/wp-content\/uploads\/2024\/08\/Sedimentfilter-2.001.jpeg","width":768,"height":768},{"@type":"BreadcrumbList","@id":"https:\/\/trimedea.com\/cs\/produkt\/sedimentacni-filtr-20-x-25-palce-pro-standardni-pouzdro\/#breadcrumb","itemListElement":[{"@type":"ListItem","position":1,"name":"Startseite","item":"https:\/\/trimedea.com\/cs\/"},{"@type":"ListItem","position":2,"name":"TRIMEDEA SHOP","item":"https:\/\/trimedea.com\/cs\/trimedea-shop\/"},{"@type":"ListItem","position":3,"name":"Sedimenta\u010dn\u00ed filtr 20 x 2,5 palce pro standardn\u00ed pouzdro"}]},{"@type":"WebSite","@id":"https:\/\/trimedea.com\/cs\/#website","url":"https:\/\/trimedea.com\/cs\/","name":"TRIMEDEA","description":"F\u00fcr einen gesunden K\u00f6rper und Geist","publisher":{"@id":"https:\/\/trimedea.com\/cs\/#organization"},"potentialAction":[{"@type":"SearchAction","target":{"@type":"EntryPoint","urlTemplate":"https:\/\/trimedea.com\/cs\/?s={search_term_string}"},"query-input":{"@type":"PropertyValueSpecification","valueRequired":true,"valueName":"search_term_string"}}],"inLanguage":"cs"},{"@type":"Organization","@id":"https:\/\/trimedea.com\/cs\/#organization","name":"TRIMEDEA","url":"https:\/\/trimedea.com\/cs\/","logo":{"@type":"ImageObject","inLanguage":"cs","@id":"https:\/\/trimedea.com\/cs\/#\/schema\/logo\/image\/","url":"https:\/\/trimedea.com\/wp-content\/uploads\/2024\/04\/TRIMEDEA_LOGO.png","contentUrl":"https:\/\/trimedea.com\/wp-content\/uploads\/2024\/04\/TRIMEDEA_LOGO.png","width":540,"height":248,"caption":"TRIMEDEA"},"image":{"@id":"https:\/\/trimedea.com\/cs\/#\/schema\/logo\/image\/"}}]}},"_links":{"self":[{"href":"https:\/\/trimedea.com\/cs\/wp-json\/wp\/v2\/product\/61780","targetHints":{"allow":["GET"]}}],"collection":[{"href":"https:\/\/trimedea.com\/cs\/wp-json\/wp\/v2\/product"}],"about":[{"href":"https:\/\/trimedea.com\/cs\/wp-json\/wp\/v2\/types\/product"}],"version-history":[{"count":0,"href":"https:\/\/trimedea.com\/cs\/wp-json\/wp\/v2\/product\/61780\/revisions"}],"wp:featuredmedia":[{"embeddable":true,"href":"https:\/\/trimedea.com\/cs\/wp-json\/wp\/v2\/media\/60158"}],"wp:attachment":[{"href":"https:\/\/trimedea.com\/cs\/wp-json\/wp\/v2\/media?parent=61780"}],"wp:term":[{"taxonomy":"product_brand","embeddable":true,"href":"https:\/\/trimedea.com\/cs\/wp-json\/wp\/v2\/product_brand?post=61780"},{"taxonomy":"product_cat","embeddable":true,"href":"https:\/\/trimedea.com\/cs\/wp-json\/wp\/v2\/product_cat?post=61780"},{"taxonomy":"product_tag","embeddable":true,"href":"https:\/\/trimedea.com\/cs\/wp-json\/wp\/v2\/product_tag?post=61780"}],"curies":[{"name":"wp","href":"https:\/\/api.w.org\/{rel}","templated":true}]}}