{"id":62336,"date":"2024-08-06T09:57:21","date_gmt":"2024-08-06T08:57:21","guid":{"rendered":"https:\/\/trimedea.com\/produkt\/nature-sense-detoxikacni-sada-light-zeolit-kremik-a-liver-detox\/"},"modified":"2024-10-09T08:10:13","modified_gmt":"2024-10-09T08:10:13","slug":"nature-sense-detoxikacni-sada-light-zeolit-kremik-a-liver-detox","status":"publish","type":"product","link":"https:\/\/trimedea.com\/cs\/produkt\/nature-sense-detoxikacni-sada-light-zeolit-kremik-a-liver-detox\/","title":{"rendered":"Nature Sense Detoxika\u010dn\u00ed sada Light: Zeolit, k\u0159em\u00edk a Liver &amp; Detox"},"content":{"rendered":"<p>[et_pb_section fb_built=&#8220;1&#8243; _builder_version=&#8220;4.16&#8243; global_colors_info=&#8220;{}&#8220;][et_pb_row _builder_version=&#8220;4.16&#8243; background_size=&#8220;initial&#8220; background_position=&#8220;top_left&#8220; background_repeat=&#8220;repeat&#8220; width=&#8220;100%&#8220; custom_padding=&#8220;0px||0px||false|false&#8220; global_colors_info=&#8220;{}&#8220;][et_pb_column type=&#8220;4_4&#8243; _builder_version=&#8220;4.16&#8243; custom_padding=&#8220;|||&#8220; global_colors_info=&#8220;{}&#8220; custom_padding__hover=&#8220;|||&#8220;][et_pb_wc_breadcrumb breadcrumb_home_text=&#8220;TRIMEDEA SHOP&#8220; breadcrumb_home_url=&#8220;https:\/\/trimedea.com\/trimedea-shop&#8220; breadcrumb_separator=&#8220;|&#8220; admin_label=&#8220;WOO BREADCRUMBS DE&#8220; _builder_version=&#8220;4.25.0&#8243; custom_padding=&#8220;0px||30px||false|false&#8220; saved_tabs=&#8220;all&#8220; global_colors_info=&#8220;{}&#8220;][\/et_pb_wc_breadcrumb][et_pb_wc_cart_notice _builder_version=&#8220;4.16&#8243; custom_button=&#8220;on&#8220; button_border_width=&#8220;1px&#8220; button_border_color=&#8220;#FFFFFF&#8220; global_colors_info=&#8220;{}&#8220;][\/et_pb_wc_cart_notice][\/et_pb_column][\/et_pb_row][et_pb_row column_structure=&#8220;1_2,1_2&#8243; _builder_version=&#8220;4.25.0&#8243; background_size=&#8220;initial&#8220; background_position=&#8220;top_left&#8220; background_repeat=&#8220;repeat&#8220; width=&#8220;100%&#8220; custom_margin=&#8220;0px||||false|false&#8220; custom_padding=&#8220;||||false|false&#8220; global_colors_info=&#8220;{}&#8220;][et_pb_column type=&#8220;1_2&#8243; _builder_version=&#8220;4.25.0&#8243; custom_padding=&#8220;|||&#8220; custom_padding_tablet=&#8220;|||&#8220; custom_padding_phone=&#8220;|0px||0px|false|false&#8220; custom_padding_last_edited=&#8220;on|phone&#8220; global_colors_info=&#8220;{}&#8220; custom_padding__hover=&#8220;|||&#8220;][et_pb_wc_images _builder_version=&#8220;4.25.0&#8243; custom_margin_tablet=&#8220;&#8220; custom_margin_phone=&#8220;||||false|false&#8220; custom_margin_last_edited=&#8220;on|phone&#8220; custom_padding_tablet=&#8220;&#8220; custom_padding_phone=&#8220;30px||||false|false&#8220; custom_padding_last_edited=&#8220;on|phone&#8220; global_colors_info=&#8220;{}&#8220;][\/et_pb_wc_images][\/et_pb_column][et_pb_column type=&#8220;1_2&#8243; _builder_version=&#8220;4.16&#8243; custom_padding=&#8220;|||&#8220; global_colors_info=&#8220;{}&#8220; custom_padding__hover=&#8220;|||&#8220;][et_pb_wc_title _builder_version=&#8220;4.16&#8243; global_colors_info=&#8220;{}&#8220;][\/et_pb_wc_title][et_pb_wc_description _builder_version=&#8220;4.16&#8243; global_colors_info=&#8220;{}&#8220;][\/et_pb_wc_description][et_pb_wc_price _builder_version=&#8220;4.24.3&#8243; body_font=&#8220;|600|||||||&#8220; global_colors_info=&#8220;{}&#8220;][\/et_pb_wc_price][et_pb_wc_add_to_cart _builder_version=&#8220;4.16&#8243; global_colors_info=&#8220;{}&#8220;][\/et_pb_wc_add_to_cart][et_pb_wc_meta _builder_version=&#8220;4.16&#8243; global_colors_info=&#8220;{}&#8220;][\/et_pb_wc_meta][\/et_pb_column][\/et_pb_row][et_pb_row column_structure=&#8220;1_2,1_2&#8243; _builder_version=&#8220;4.25.0&#8243; _module_preset=&#8220;default&#8220; width=&#8220;100%&#8220; global_colors_info=&#8220;{}&#8220; custom_css_main_element_phone=&#8220;display: flex;||flex-wrap: wrap;&#8220; custom_css_main_element_last_edited=&#8220;on|phone&#8220;][et_pb_column type=&#8220;1_2&#8243; _builder_version=&#8220;4.25.0&#8243; _module_preset=&#8220;default&#8220; global_colors_info=&#8220;{}&#8220; custom_css_main_element_last_edited=&#8220;on|phone&#8220; custom_css_main_element_phone=&#8220;order:2;&#8220;][et_pb_text admin_label=&#8220;ANGEBOT&#8220; _builder_version=&#8220;4.27.0&#8243; _module_preset=&#8220;default&#8220; ul_font_size=&#8220;16px&#8220; ul_line_height=&#8220;1.7em&#8220; header_2_line_height=&#8220;1.5em&#8220; header_3_line_height=&#8220;1.5em&#8220; background_color=&#8220;#ebebeb&#8220; width_tablet=&#8220;&#8220; width_phone=&#8220;100%&#8220; width_last_edited=&#8220;on|phone&#8220; max_width=&#8220;100%&#8220; custom_margin_tablet=&#8220;&#8220; custom_margin_phone=&#8220;30px||||false|false&#8220; custom_margin_last_edited=&#8220;on|phone&#8220; custom_padding=&#8220;30px|30px|30px|30px|true|true&#8220; custom_padding_tablet=&#8220;30px|30px|30px|30px|true|true&#8220; custom_padding_phone=&#8220;0px|0px|0px|0px|true|true&#8220; custom_padding_last_edited=&#8220;on|phone&#8220; background_color_phone=&#8220;RGBA(255,255,255,0)&#8220; background_last_edited=&#8220;on|phone&#8220; background_enable_color_phone=&#8220;on&#8220; locked=&#8220;off&#8220; global_colors_info=&#8220;{}&#8220;]<\/p>\n<h2><span style=\"color: #c0a000;\"><b><strong>Detoxika\u010dn\u00ed sv\u011bteln\u00e1 sada:<\/strong><\/b><\/span><\/p>\n<p>M\u00edsto 253,80 Euro*<strong>Pouze 192,60 Euro<\/strong> V\u00edce ne\u017e 24 % \u00faspory!<\/h2>\n<p>[\/et_pb_text][\/et_pb_column][et_pb_column type=&#8220;1_2&#8243; _builder_version=&#8220;4.25.0&#8243; _module_preset=&#8220;default&#8220; global_colors_info=&#8220;{}&#8220; custom_css_main_element_last_edited=&#8220;on|phone&#8220; custom_css_main_element_phone=&#8220;order:1;&#8220;][et_pb_text admin_label=&#8220;PRODUKTDETAILS&#8220; _builder_version=&#8220;4.27.0&#8243; _module_preset=&#8220;default&#8220; global_colors_info=&#8220;{}&#8220;]<\/p>\n<p><strong><br \/><\/strong> Zeolith Pur<br \/> Silizium PurZ<strong>a\u010dn\u011bte \u00fa\u010dinn\u011b detoxikovat pomoc\u00ed sady Detox Light:<\/strong>2 x , po 180 g: pro nav\u00e1z\u00e1n\u00ed a odstran\u011bn\u00ed \u0161kodliv\u00fdch l\u00e1tek a jako zdroj miner\u00e1l\u016f a koloidn\u00edho oxidu k\u0159emi\u010dit\u00e9ho 1 x , 30 g: <strong><br \/> Nature Sense<br \/> Nature Sense pro \u00fa\u010dinnou detoxikaci a eliminaci \u0161kodliv\u00fdch l\u00e1tek a jako biologicky dostupn\u00fd zdroj k\u0159em\u00edku 1 x J\u00e1tra: posiluje funkci jater, detoxikuje, odvod\u0148uje, diuretizuje a napom\u00e1h\u00e1 tr\u00e1ven\u00ed 1 x Detox: aktivuje, v\u00e1\u017ee a eliminuje \u0161kodliv\u00e9 l\u00e1tky, zejm\u00e9na slou\u010deniny t\u011b\u017ek\u00fdch kov\u016f<\/strong><\/p>\n<p>[\/et_pb_text][\/et_pb_column][\/et_pb_row][et_pb_row custom_padding_last_edited=&#8220;on|phone&#8220; _builder_version=&#8220;4.25.0&#8243; background_size=&#8220;initial&#8220; background_position=&#8220;top_left&#8220; background_repeat=&#8220;repeat&#8220; width=&#8220;100%&#8220; custom_margin_tablet=&#8220;&#8220; custom_margin_phone=&#8220;||||false|false&#8220; custom_margin_last_edited=&#8220;on|phone&#8220; custom_padding=&#8220;4px|||||&#8220; custom_padding_tablet=&#8220;&#8220; custom_padding_phone=&#8220;0px||||false|false&#8220; global_colors_info=&#8220;{}&#8220;][et_pb_column type=&#8220;4_4&#8243; _builder_version=&#8220;4.16&#8243; custom_padding=&#8220;|||&#8220; global_colors_info=&#8220;{}&#8220; custom_padding__hover=&#8220;|||&#8220;][et_pb_wc_upsells _builder_version=&#8220;4.16&#8243; global_colors_info=&#8220;{}&#8220;][\/et_pb_wc_upsells][et_pb_wc_related_products posts_number=&#8220;4&#8243; columns_number=&#8220;4&#8243; include_categories=&#8220;49,88,84,85&#8243; _builder_version=&#8220;4.25.1&#8243; global_colors_info=&#8220;{}&#8220;][\/et_pb_wc_related_products][\/et_pb_column][\/et_pb_row][et_pb_row _builder_version=&#8220;4.25.0&#8243; _module_preset=&#8220;default&#8220; background_color=&#8220;RGBA(255,255,255,0)&#8220; width=&#8220;100%&#8220; max_width=&#8220;100%&#8220; custom_margin=&#8220;0px||||false|false&#8220; custom_padding=&#8220;||||false|false&#8220; locked=&#8220;off&#8220; global_colors_info=&#8220;{}&#8220;][et_pb_column type=&#8220;4_4&#8243; _builder_version=&#8220;4.25.0&#8243; _module_preset=&#8220;default&#8220; background_color=&#8220;RGBA(255,255,255,0)&#8220; global_colors_info=&#8220;{}&#8220;][et_pb_text _builder_version=&#8220;4.27.0&#8243; _module_preset=&#8220;default&#8220; header_text_color=&#8220;#C0A000&#8243; header_2_font=&#8220;|600|||||||&#8220; header_2_text_color=&#8220;#C0A000&#8243; header_2_font_size=&#8220;28px&#8220; header_2_line_height=&#8220;1.5em&#8220; header_3_line_height=&#8220;1.5em&#8220; global_colors_info=&#8220;{}&#8220;]<\/p>\n<h2 style=\"text-align: center;\">Detoxika\u010dn\u00ed sv\u011bteln\u00e1 sada<\/h2>\n<h3 style=\"text-align: center;\">Pro vnit\u0159n\u00ed o\u010distu a p\u0159\u00edrodn\u00ed detoxikaci<\/h3>\n<p>[\/et_pb_text][et_pb_text admin_label=&#8220;DETAILS&#8220; _builder_version=&#8220;4.27.0&#8243; _module_preset=&#8220;default&#8220; ul_font_size=&#8220;16px&#8220; ul_line_height=&#8220;1.7em&#8220; header_2_line_height=&#8220;1.5em&#8220; header_3_line_height=&#8220;1.5em&#8220; header_5_text_color=&#8220;#C0A000&#8243; background_color=&#8220;RGBA(255,255,255,0)&#8220; width_tablet=&#8220;&#8220; width_phone=&#8220;&#8220; width_last_edited=&#8220;on|desktop&#8220; global_colors_info=&#8220;{}&#8220;]<\/p>\n<h3>Biologick\u00e1 dostupnost: \u010d\u00edm jsou \u010d\u00e1stice jemn\u011bj\u0161\u00ed a men\u0161\u00ed, t\u00edm jsou \u00fa\u010dinn\u011bj\u0161\u00ed.<\/h3>\n<p>Jedine\u010dn\u00e9 vlastnosti (UMH Energy Technology) pro o\u010distu na materi\u00e1ln\u00ed a duchovn\u011b-informa\u010dn\u00ed a energetick\u00e9 \u00farovni mohou prob\u00edhat prost\u0159ednictv\u00edm technicky velmi slo\u017eit\u00e9ho procesu aktivace a energetizace \u010d\u00e1stic zeolitu a oxidu k\u0159emi\u010dit\u00e9ho. Takov\u00e1to syst\u00e9mov\u00e1 a \u00fa\u010dinn\u00e1 detoxikace p\u0159\u00edrodn\u00edmi prost\u0159edky nastavuje nov\u00e1 m\u011b\u0159\u00edtka. Zeolit m\u00e1 velikost \u010d\u00e1stic 6 \u03bcm a oxid k\u0159emi\u010dit\u00fd 3-4 \u03bcm. Norm\u00e1ln\u00ed zeolitov\u00fd pr\u00e1\u0161ek m\u00e1 <strong> 30 a\u017e 90 mikrometr\u016f <\/strong>. Biologicky dostupn\u00fd k\u0159em\u00edk je prvkem, kter\u00fd d\u00e1v\u00e1 strukturu a vytv\u00e1\u0159\u00ed strukturu kost\u00ed, pojivov\u00e9 tk\u00e1n\u011b, \u0161lach, vaz\u016f, k\u016f\u017ee, elastinov\u00fdch a kolagenov\u00fdch vl\u00e1ken a c\u00e9vn\u00edch st\u011bn. Zlep\u0161uje \u00fa\u010dinnost bun\u011bk srde\u010dn\u00edho svalu, veden\u00ed podn\u011bt\u016f a produkci energie. K\u0159em\u00edk m\u00e1 d\u00edky sv\u00fdm piezoelektrick\u00fdm vlastnostem mnohem v\u011bt\u0161\u00ed a dalekos\u00e1hlej\u0161\u00ed \u00fa\u010dinky na organismus a metabolismus, ne\u017e se dosud p\u0159edpokl\u00e1dalo. \u010cl\u00e1nek o v\u00fdznamu k\u0159em\u00edku: <a href=\"https:\/\/gesundheit-und-sport.com\/silizium-viel-wichtiger-fuer-den-koerper-als-bisher-allgemein-bekannt\/\">Odkaz<\/a><\/p>\n<h3>V\u00fdhody zeolitu + oxidu k\u0159emi\u010dit\u00e9ho + Nature Sense<\/h3>\n<ul>\n<li>Detoxikace a o\u010dista t\u011bla, mysli a du\u0161e<\/li>\n<li>V\u00fdborn\u011b se hod\u00ed k detoxikaci \/ eliminaci \u0161kodliv\u00fdch l\u00e1tek, jako je hlin\u00edk, slou\u010deniny t\u011b\u017ek\u00fdch kov\u016f, toxiny z \u017eivotn\u00edho prost\u0159ed\u00ed, p\u0159\u00edsady do vakc\u00edn atd.<\/li>\n<li>Mo\u017enost individu\u00e1ln\u00edho d\u00e1vkov\u00e1n\u00ed v\u0161ech produkt\u016f nez\u00e1visle na sob\u011b<\/li>\n<li>Velmi velk\u00fd aktivn\u00ed povrch d\u00edky velmi jemn\u00e9 velikosti \u010d\u00e1stic<\/li>\n<li>Gemmoterapie pro p\u0159irozenou regeneraci a lep\u0161\u00ed pohodu<\/li>\n<li>Jedine\u010dn\u00e1 a m\u011b\u0159iteln\u00e1 aktivace a energetizace pomoc\u00ed technologie UMH<\/li>\n<li>Nejlep\u0161\u00ed mo\u017en\u00e1 ochrana ve fialov\u00e9m skle<\/li>\n<\/ul>\n<p><strong>Denn\u00ed d\u00e1vka z\u00e1vis\u00ed na hmotnosti, v\u011bku a dal\u0161\u00edch faktorech:<\/strong><\/p>\n<ul>\n<li><strong>Nature Sense (sprej): <\/strong>3 x denn\u011b 3-5 pumpi\u010dek do \u00fast (dosp\u011bl\u00ed)<\/li>\n<li><strong>Silizium Pur (pr\u00e1\u0161ek): <\/strong>Doporu\u010den\u00e1 denn\u00ed d\u00e1vka: 50 &#8211; 300 mg<\/li>\n<li><strong>Zeolith Pur (pr\u00e1\u0161ek): <\/strong><br \/> Pou\u017e\u00edvejte<strong>l\u017ei\u010dku z plastu nebo d\u0159eva &#8211; ne kovovou!<\/strong><\/li>\n<\/ul>\n<p><a href=\"https:\/\/gesundheit-und-sport.com\/zeolith-siliziumdioxid-anwendung-und-dosierung\/\" target=\"_blank\" rel=\"noopener\"> Zeolith Pur Silizium PurPodrobn\u00fd n\u00e1vod k<\/a> <a href=\"https:\/\/gesundheit-und-sport.com\/zeolith-siliziumdioxid-anwendung-und-dosierung\/\" target=\"_blank\" rel=\"noopener\">pou\u017eit\u00ed a d\u00e1vkov\u00e1n\u00ed p\u0159\u00edpravku a <\/a> naleznete zde. <a href=\"https:\/\/gesundheit-und-sport.com\/zeolith-siliziumdioxid-anwendung-und-dosierung\/\" target=\"_blank\" rel=\"noopener\"> <\/a><a href=\"https:\/\/gesundheit-und-sport.com\/nature-sense-knospen-und-urtinkturen-fuer-ihre-gesundheit\/\" target=\"_blank\" rel=\"noopener\"> Nature Sense Dal\u0161\u00ed<\/a> <a href=\"https:\/\/gesundheit-und-sport.com\/nature-sense-knospen-und-urtinkturen-fuer-ihre-gesundheit\/\" target=\"_blank\" rel=\"noopener\">informace o<\/a> najdete zde. Dal\u0161\u00ed \u010dl\u00e1nky a informace o detoxikaci v <a href=\"https:\/\/gesundheit-und-sport.com\/nature-sense-knospen-und-urtinkturen-fuer-ihre-gesundheit\/\" target=\"_blank\" rel=\"noopener\"> <\/a><a href=\"https:\/\/gesundheit-und-sport.com\/themenuebersicht\/\" target=\"_blank\" rel=\"noopener\">p\u0159ehledu t\u00e9mat.<\/a>  <\/p>\n<p>[\/et_pb_text][\/et_pb_column][\/et_pb_row][\/et_pb_section]<\/p>\n","protected":false},"excerpt":{"rendered":"<p><strong> Nature Sense D<\/strong><strong>etoxika\u010dn\u00ed sv\u011bteln\u00e1 sada jako \u00favod do \u00fa\u010dinn\u00e9 detoxikace <\/strong><strong>Zeolit + oxid k\u0159emi\u010dit\u00fd + J\u00e1tra a detoxikace <\/strong>: jemn\u00e1 detoxikace a o\u010dista t\u011bla, mysli a du\u0161e. Zeolit a oxid k\u0159emi\u010dit\u00fd zajist\u00ed fyzickou i du\u0161evn\u00ed detoxikaci a va\u0161e pot\u0159eby k\u0159em\u00edku. Ide\u00e1ln\u00ed pro odstran\u011bn\u00ed \u0161kodliv\u00fdch l\u00e1tek, jako je hlin\u00edk, slou\u010deniny t\u011b\u017ek\u00fdch kov\u016f, toxiny z \u017eivotn\u00edho prost\u0159ed\u00ed, p\u0159\u00eddatn\u00e9 l\u00e1tky ve vakc\u00edn\u00e1ch atd. Nature Sense Nav\u00edc dva druhy pro o\u010distu a ochranu jater a tr\u00e1ven\u00ed pro optim\u00e1ln\u00ed synergii. V\u0161echny produkty jsou optim\u00e1ln\u011b chr\u00e1n\u011bny v lahvi\u010dk\u00e1ch z fialov\u00e9ho skla.    <strong> <\/strong><\/p>\n","protected":false},"featured_media":60238,"template":"","meta":{"_et_pb_use_builder":"on","_et_pb_old_content":"","_et_gb_content_width":"","footnotes":""},"product_brand":[],"product_cat":[180],"product_tag":[229],"class_list":{"0":"post-62336","1":"product","2":"type-product","3":"status-publish","4":"has-post-thumbnail","6":"product_cat-specialni-sady","7":"product_tag-detoxikace-a-metabolismus","9":"first","10":"onbackorder","11":"sale","12":"taxable","13":"shipping-taxable","14":"purchasable","15":"product-type-simple"},"yoast_head":"<!-- This site is optimized with the Yoast SEO plugin v27.3 - https:\/\/yoast.com\/product\/yoast-seo-wordpress\/ -->\n<title>Detoxika\u010dn\u00ed sv\u011bteln\u00e1 sada se zeolitem, k\u0159em\u00edkem a Nature Sense<\/title>\n<meta name=\"description\" content=\"Detoxika\u010dn\u00ed sv\u011bteln\u00e1 sada: \u00da\u010dinn\u00e1 kombinace pro zah\u00e1jen\u00ed detoxikace t\u011bla, mysli a du\u0161e. S k\u0159em\u00edkem, zeolitem a dv\u011bma druhy Nature Sense\" \/>\n<meta name=\"robots\" content=\"index, follow, max-snippet:-1, max-image-preview:large, max-video-preview:-1\" \/>\n<link rel=\"canonical\" href=\"https:\/\/trimedea.com\/cs\/produkt\/nature-sense-detoxikacni-sada-light-zeolit-kremik-a-liver-detox\/\" \/>\n<meta property=\"og:locale\" content=\"cs_CZ\" \/>\n<meta property=\"og:type\" content=\"article\" \/>\n<meta property=\"og:title\" content=\"Detoxika\u010dn\u00ed sv\u011bteln\u00e1 sada se zeolitem, k\u0159em\u00edkem a Nature Sense\" \/>\n<meta property=\"og:description\" content=\"Detoxika\u010dn\u00ed sv\u011bteln\u00e1 sada: \u00da\u010dinn\u00e1 kombinace pro zah\u00e1jen\u00ed detoxikace t\u011bla, mysli a du\u0161e. S k\u0159em\u00edkem, zeolitem a dv\u011bma druhy Nature Sense\" \/>\n<meta property=\"og:url\" content=\"https:\/\/trimedea.com\/cs\/produkt\/nature-sense-detoxikacni-sada-light-zeolit-kremik-a-liver-detox\/\" \/>\n<meta property=\"og:site_name\" content=\"TRIMEDEA\" \/>\n<meta property=\"article:modified_time\" content=\"2024-10-09T08:10:13+00:00\" \/>\n<meta property=\"og:image\" content=\"https:\/\/trimedea.com\/wp-content\/uploads\/2024\/08\/Detox-Light-Set-1.jpg\" \/>\n\t<meta property=\"og:image:width\" content=\"1000\" \/>\n\t<meta property=\"og:image:height\" content=\"1000\" \/>\n\t<meta property=\"og:image:type\" content=\"image\/jpeg\" \/>\n<meta name=\"twitter:card\" content=\"summary_large_image\" \/>\n<script type=\"application\/ld+json\" class=\"yoast-schema-graph\">{\"@context\":\"https:\\\/\\\/schema.org\",\"@graph\":[{\"@type\":\"WebPage\",\"@id\":\"https:\\\/\\\/trimedea.com\\\/cs\\\/produkt\\\/nature-sense-detoxikacni-sada-light-zeolit-kremik-a-liver-detox\\\/\",\"url\":\"https:\\\/\\\/trimedea.com\\\/cs\\\/produkt\\\/nature-sense-detoxikacni-sada-light-zeolit-kremik-a-liver-detox\\\/\",\"name\":\"Detoxika\u010dn\u00ed sv\u011bteln\u00e1 sada se zeolitem, k\u0159em\u00edkem a Nature Sense\",\"isPartOf\":{\"@id\":\"https:\\\/\\\/trimedea.com\\\/cs\\\/#website\"},\"primaryImageOfPage\":{\"@id\":\"https:\\\/\\\/trimedea.com\\\/cs\\\/produkt\\\/nature-sense-detoxikacni-sada-light-zeolit-kremik-a-liver-detox\\\/#primaryimage\"},\"image\":{\"@id\":\"https:\\\/\\\/trimedea.com\\\/cs\\\/produkt\\\/nature-sense-detoxikacni-sada-light-zeolit-kremik-a-liver-detox\\\/#primaryimage\"},\"thumbnailUrl\":\"https:\\\/\\\/trimedea.com\\\/wp-content\\\/uploads\\\/2024\\\/08\\\/Detox-Light-Set-1.jpg\",\"datePublished\":\"2024-08-06T08:57:21+00:00\",\"dateModified\":\"2024-10-09T08:10:13+00:00\",\"description\":\"Detoxika\u010dn\u00ed sv\u011bteln\u00e1 sada: \u00da\u010dinn\u00e1 kombinace pro zah\u00e1jen\u00ed detoxikace t\u011bla, mysli a du\u0161e. S k\u0159em\u00edkem, zeolitem a dv\u011bma druhy Nature Sense\",\"breadcrumb\":{\"@id\":\"https:\\\/\\\/trimedea.com\\\/cs\\\/produkt\\\/nature-sense-detoxikacni-sada-light-zeolit-kremik-a-liver-detox\\\/#breadcrumb\"},\"inLanguage\":\"cs\",\"potentialAction\":[{\"@type\":\"ReadAction\",\"target\":[\"https:\\\/\\\/trimedea.com\\\/cs\\\/produkt\\\/nature-sense-detoxikacni-sada-light-zeolit-kremik-a-liver-detox\\\/\"]}]},{\"@type\":\"ImageObject\",\"inLanguage\":\"cs\",\"@id\":\"https:\\\/\\\/trimedea.com\\\/cs\\\/produkt\\\/nature-sense-detoxikacni-sada-light-zeolit-kremik-a-liver-detox\\\/#primaryimage\",\"url\":\"https:\\\/\\\/trimedea.com\\\/wp-content\\\/uploads\\\/2024\\\/08\\\/Detox-Light-Set-1.jpg\",\"contentUrl\":\"https:\\\/\\\/trimedea.com\\\/wp-content\\\/uploads\\\/2024\\\/08\\\/Detox-Light-Set-1.jpg\",\"width\":1000,\"height\":1000},{\"@type\":\"BreadcrumbList\",\"@id\":\"https:\\\/\\\/trimedea.com\\\/cs\\\/produkt\\\/nature-sense-detoxikacni-sada-light-zeolit-kremik-a-liver-detox\\\/#breadcrumb\",\"itemListElement\":[{\"@type\":\"ListItem\",\"position\":1,\"name\":\"Startseite\",\"item\":\"https:\\\/\\\/trimedea.com\\\/cs\\\/\"},{\"@type\":\"ListItem\",\"position\":2,\"name\":\"TRIMEDEA SHOP\",\"item\":\"https:\\\/\\\/trimedea.com\\\/cs\\\/trimedea-shop\\\/\"},{\"@type\":\"ListItem\",\"position\":3,\"name\":\"Nature Sense Detoxika\u010dn\u00ed sada Light: Zeolit, k\u0159em\u00edk a Liver &amp; Detox\"}]},{\"@type\":\"WebSite\",\"@id\":\"https:\\\/\\\/trimedea.com\\\/cs\\\/#website\",\"url\":\"https:\\\/\\\/trimedea.com\\\/cs\\\/\",\"name\":\"TRIMEDEA\",\"description\":\"F\u00fcr einen gesunden K\u00f6rper und Geist\",\"publisher\":{\"@id\":\"https:\\\/\\\/trimedea.com\\\/cs\\\/#organization\"},\"potentialAction\":[{\"@type\":\"SearchAction\",\"target\":{\"@type\":\"EntryPoint\",\"urlTemplate\":\"https:\\\/\\\/trimedea.com\\\/cs\\\/?s={search_term_string}\"},\"query-input\":{\"@type\":\"PropertyValueSpecification\",\"valueRequired\":true,\"valueName\":\"search_term_string\"}}],\"inLanguage\":\"cs\"},{\"@type\":\"Organization\",\"@id\":\"https:\\\/\\\/trimedea.com\\\/cs\\\/#organization\",\"name\":\"TRIMEDEA\",\"url\":\"https:\\\/\\\/trimedea.com\\\/cs\\\/\",\"logo\":{\"@type\":\"ImageObject\",\"inLanguage\":\"cs\",\"@id\":\"https:\\\/\\\/trimedea.com\\\/cs\\\/#\\\/schema\\\/logo\\\/image\\\/\",\"url\":\"https:\\\/\\\/trimedea.com\\\/wp-content\\\/uploads\\\/2024\\\/04\\\/TRIMEDEA_LOGO.png\",\"contentUrl\":\"https:\\\/\\\/trimedea.com\\\/wp-content\\\/uploads\\\/2024\\\/04\\\/TRIMEDEA_LOGO.png\",\"width\":540,\"height\":248,\"caption\":\"TRIMEDEA\"},\"image\":{\"@id\":\"https:\\\/\\\/trimedea.com\\\/cs\\\/#\\\/schema\\\/logo\\\/image\\\/\"}}]}<\/script>\n<!-- \/ Yoast SEO plugin. -->","yoast_head_json":{"title":"Detoxika\u010dn\u00ed sv\u011bteln\u00e1 sada se zeolitem, k\u0159em\u00edkem a Nature Sense","description":"Detoxika\u010dn\u00ed sv\u011bteln\u00e1 sada: \u00da\u010dinn\u00e1 kombinace pro zah\u00e1jen\u00ed detoxikace t\u011bla, mysli a du\u0161e. S k\u0159em\u00edkem, zeolitem a dv\u011bma druhy Nature Sense","robots":{"index":"index","follow":"follow","max-snippet":"max-snippet:-1","max-image-preview":"max-image-preview:large","max-video-preview":"max-video-preview:-1"},"canonical":"https:\/\/trimedea.com\/cs\/produkt\/nature-sense-detoxikacni-sada-light-zeolit-kremik-a-liver-detox\/","og_locale":"cs_CZ","og_type":"article","og_title":"Detoxika\u010dn\u00ed sv\u011bteln\u00e1 sada se zeolitem, k\u0159em\u00edkem a Nature Sense","og_description":"Detoxika\u010dn\u00ed sv\u011bteln\u00e1 sada: \u00da\u010dinn\u00e1 kombinace pro zah\u00e1jen\u00ed detoxikace t\u011bla, mysli a du\u0161e. S k\u0159em\u00edkem, zeolitem a dv\u011bma druhy Nature Sense","og_url":"https:\/\/trimedea.com\/cs\/produkt\/nature-sense-detoxikacni-sada-light-zeolit-kremik-a-liver-detox\/","og_site_name":"TRIMEDEA","article_modified_time":"2024-10-09T08:10:13+00:00","og_image":[{"width":1000,"height":1000,"url":"https:\/\/trimedea.com\/wp-content\/uploads\/2024\/08\/Detox-Light-Set-1.jpg","type":"image\/jpeg"}],"twitter_card":"summary_large_image","schema":{"@context":"https:\/\/schema.org","@graph":[{"@type":"WebPage","@id":"https:\/\/trimedea.com\/cs\/produkt\/nature-sense-detoxikacni-sada-light-zeolit-kremik-a-liver-detox\/","url":"https:\/\/trimedea.com\/cs\/produkt\/nature-sense-detoxikacni-sada-light-zeolit-kremik-a-liver-detox\/","name":"Detoxika\u010dn\u00ed sv\u011bteln\u00e1 sada se zeolitem, k\u0159em\u00edkem a Nature Sense","isPartOf":{"@id":"https:\/\/trimedea.com\/cs\/#website"},"primaryImageOfPage":{"@id":"https:\/\/trimedea.com\/cs\/produkt\/nature-sense-detoxikacni-sada-light-zeolit-kremik-a-liver-detox\/#primaryimage"},"image":{"@id":"https:\/\/trimedea.com\/cs\/produkt\/nature-sense-detoxikacni-sada-light-zeolit-kremik-a-liver-detox\/#primaryimage"},"thumbnailUrl":"https:\/\/trimedea.com\/wp-content\/uploads\/2024\/08\/Detox-Light-Set-1.jpg","datePublished":"2024-08-06T08:57:21+00:00","dateModified":"2024-10-09T08:10:13+00:00","description":"Detoxika\u010dn\u00ed sv\u011bteln\u00e1 sada: \u00da\u010dinn\u00e1 kombinace pro zah\u00e1jen\u00ed detoxikace t\u011bla, mysli a du\u0161e. S k\u0159em\u00edkem, zeolitem a dv\u011bma druhy Nature Sense","breadcrumb":{"@id":"https:\/\/trimedea.com\/cs\/produkt\/nature-sense-detoxikacni-sada-light-zeolit-kremik-a-liver-detox\/#breadcrumb"},"inLanguage":"cs","potentialAction":[{"@type":"ReadAction","target":["https:\/\/trimedea.com\/cs\/produkt\/nature-sense-detoxikacni-sada-light-zeolit-kremik-a-liver-detox\/"]}]},{"@type":"ImageObject","inLanguage":"cs","@id":"https:\/\/trimedea.com\/cs\/produkt\/nature-sense-detoxikacni-sada-light-zeolit-kremik-a-liver-detox\/#primaryimage","url":"https:\/\/trimedea.com\/wp-content\/uploads\/2024\/08\/Detox-Light-Set-1.jpg","contentUrl":"https:\/\/trimedea.com\/wp-content\/uploads\/2024\/08\/Detox-Light-Set-1.jpg","width":1000,"height":1000},{"@type":"BreadcrumbList","@id":"https:\/\/trimedea.com\/cs\/produkt\/nature-sense-detoxikacni-sada-light-zeolit-kremik-a-liver-detox\/#breadcrumb","itemListElement":[{"@type":"ListItem","position":1,"name":"Startseite","item":"https:\/\/trimedea.com\/cs\/"},{"@type":"ListItem","position":2,"name":"TRIMEDEA SHOP","item":"https:\/\/trimedea.com\/cs\/trimedea-shop\/"},{"@type":"ListItem","position":3,"name":"Nature Sense Detoxika\u010dn\u00ed sada Light: Zeolit, k\u0159em\u00edk a Liver &amp; Detox"}]},{"@type":"WebSite","@id":"https:\/\/trimedea.com\/cs\/#website","url":"https:\/\/trimedea.com\/cs\/","name":"TRIMEDEA","description":"F\u00fcr einen gesunden K\u00f6rper und Geist","publisher":{"@id":"https:\/\/trimedea.com\/cs\/#organization"},"potentialAction":[{"@type":"SearchAction","target":{"@type":"EntryPoint","urlTemplate":"https:\/\/trimedea.com\/cs\/?s={search_term_string}"},"query-input":{"@type":"PropertyValueSpecification","valueRequired":true,"valueName":"search_term_string"}}],"inLanguage":"cs"},{"@type":"Organization","@id":"https:\/\/trimedea.com\/cs\/#organization","name":"TRIMEDEA","url":"https:\/\/trimedea.com\/cs\/","logo":{"@type":"ImageObject","inLanguage":"cs","@id":"https:\/\/trimedea.com\/cs\/#\/schema\/logo\/image\/","url":"https:\/\/trimedea.com\/wp-content\/uploads\/2024\/04\/TRIMEDEA_LOGO.png","contentUrl":"https:\/\/trimedea.com\/wp-content\/uploads\/2024\/04\/TRIMEDEA_LOGO.png","width":540,"height":248,"caption":"TRIMEDEA"},"image":{"@id":"https:\/\/trimedea.com\/cs\/#\/schema\/logo\/image\/"}}]}},"_links":{"self":[{"href":"https:\/\/trimedea.com\/cs\/wp-json\/wp\/v2\/product\/62336","targetHints":{"allow":["GET"]}}],"collection":[{"href":"https:\/\/trimedea.com\/cs\/wp-json\/wp\/v2\/product"}],"about":[{"href":"https:\/\/trimedea.com\/cs\/wp-json\/wp\/v2\/types\/product"}],"version-history":[{"count":0,"href":"https:\/\/trimedea.com\/cs\/wp-json\/wp\/v2\/product\/62336\/revisions"}],"wp:featuredmedia":[{"embeddable":true,"href":"https:\/\/trimedea.com\/cs\/wp-json\/wp\/v2\/media\/60238"}],"wp:attachment":[{"href":"https:\/\/trimedea.com\/cs\/wp-json\/wp\/v2\/media?parent=62336"}],"wp:term":[{"taxonomy":"product_brand","embeddable":true,"href":"https:\/\/trimedea.com\/cs\/wp-json\/wp\/v2\/product_brand?post=62336"},{"taxonomy":"product_cat","embeddable":true,"href":"https:\/\/trimedea.com\/cs\/wp-json\/wp\/v2\/product_cat?post=62336"},{"taxonomy":"product_tag","embeddable":true,"href":"https:\/\/trimedea.com\/cs\/wp-json\/wp\/v2\/product_tag?post=62336"}],"curies":[{"name":"wp","href":"https:\/\/api.w.org\/{rel}","templated":true}]}}