{"id":64760,"date":"2024-12-20T11:22:13","date_gmt":"2024-12-20T10:22:13","guid":{"rendered":"https:\/\/trimedea.com\/?post_type=product&#038;p=64760"},"modified":"2024-12-20T11:30:33","modified_gmt":"2024-12-20T10:30:33","slug":"vodni-filtr-aquna-basic-duo-10-palcu-kopie-kopie-kopie","status":"publish","type":"product","link":"https:\/\/trimedea.com\/cs\/produkt\/vodni-filtr-aquna-basic-duo-10-palcu-kopie-kopie-kopie\/","title":{"rendered":"Vodn\u00ed filtr AQUNA Basic Duo 10 palc\u016f (Kopie) (Kopie) (Kopie)"},"content":{"rendered":"<p>[et_pb_section fb_built=&#8220;1&#8243; _builder_version=&#8220;4.16&#8243; global_colors_info=&#8220;{}&#8220;][et_pb_row _builder_version=&#8220;4.16&#8243; background_size=&#8220;initial&#8220; background_position=&#8220;top_left&#8220; background_repeat=&#8220;repeat&#8220; width=&#8220;100%&#8220; custom_padding=&#8220;0px||0px||false|false&#8220; global_colors_info=&#8220;{}&#8220;][et_pb_column type=&#8220;4_4&#8243; _builder_version=&#8220;4.16&#8243; custom_padding=&#8220;|||&#8220; global_colors_info=&#8220;{}&#8220; custom_padding__hover=&#8220;|||&#8220;][et_pb_wc_breadcrumb breadcrumb_home_text=&#8220;TRIMEDEA SHOP&#8220; breadcrumb_home_url=&#8220;https:\/\/trimedea.com\/trimedea-shop&#8220; breadcrumb_separator=&#8220;|&#8220; admin_label=&#8220;WOO BREADCRUMBS DE&#8220; _builder_version=&#8220;4.25.0&#8243; custom_padding=&#8220;0px||30px||false|false&#8220; global_module=&#8220;466&#8243; saved_tabs=&#8220;all&#8220; global_colors_info=&#8220;{}&#8220;][\/et_pb_wc_breadcrumb][et_pb_wc_cart_notice _builder_version=&#8220;4.16&#8243; custom_button=&#8220;on&#8220; button_border_width=&#8220;1px&#8220; button_border_color=&#8220;#FFFFFF&#8220; global_colors_info=&#8220;{}&#8220;][\/et_pb_wc_cart_notice][\/et_pb_column][\/et_pb_row][et_pb_row column_structure=&#8220;1_2,1_2&#8243; _builder_version=&#8220;4.25.0&#8243; background_size=&#8220;initial&#8220; background_position=&#8220;top_left&#8220; background_repeat=&#8220;repeat&#8220; width=&#8220;100%&#8220; custom_margin=&#8220;0px||||false|false&#8220; custom_padding=&#8220;||||false|false&#8220; global_colors_info=&#8220;{}&#8220;][et_pb_column type=&#8220;1_2&#8243; _builder_version=&#8220;4.25.0&#8243; custom_padding=&#8220;|||&#8220; custom_padding_tablet=&#8220;|||&#8220; custom_padding_phone=&#8220;|0px||0px|false|false&#8220; custom_padding_last_edited=&#8220;on|phone&#8220; global_colors_info=&#8220;{}&#8220; custom_padding__hover=&#8220;|||&#8220;][et_pb_wc_images _builder_version=&#8220;4.25.0&#8243; custom_margin_tablet=&#8220;&#8220; custom_margin_phone=&#8220;||||false|false&#8220; custom_margin_last_edited=&#8220;on|phone&#8220; custom_padding_tablet=&#8220;&#8220; custom_padding_phone=&#8220;30px||||false|false&#8220; custom_padding_last_edited=&#8220;on|phone&#8220; global_colors_info=&#8220;{}&#8220;][\/et_pb_wc_images][\/et_pb_column][et_pb_column type=&#8220;1_2&#8243; _builder_version=&#8220;4.16&#8243; custom_padding=&#8220;|||&#8220; global_colors_info=&#8220;{}&#8220; custom_padding__hover=&#8220;|||&#8220;][et_pb_wc_title _builder_version=&#8220;4.25.0&#8243; global_colors_info=&#8220;{}&#8220;][\/et_pb_wc_title][et_pb_wc_description _builder_version=&#8220;4.16&#8243; global_colors_info=&#8220;{}&#8220;][\/et_pb_wc_description][et_pb_wc_price _builder_version=&#8220;4.24.3&#8243; body_font=&#8220;|600|||||||&#8220; global_colors_info=&#8220;{}&#8220;][\/et_pb_wc_price][et_pb_wc_add_to_cart _builder_version=&#8220;4.16&#8243; global_colors_info=&#8220;{}&#8220;][\/et_pb_wc_add_to_cart][et_pb_wc_meta _builder_version=&#8220;4.16&#8243; global_colors_info=&#8220;{}&#8220;][\/et_pb_wc_meta][\/et_pb_column][\/et_pb_row][et_pb_row column_structure=&#8220;1_2,1_2&#8243; _builder_version=&#8220;4.25.0&#8243; _module_preset=&#8220;default&#8220; width=&#8220;100%&#8220; locked=&#8220;off&#8220; global_colors_info=&#8220;{}&#8220; custom_css_main_element_phone=&#8220;display: flex;||flex-wrap: wrap;&#8220; custom_css_main_element_last_edited=&#8220;on|phone&#8220;][et_pb_column type=&#8220;1_2&#8243; _builder_version=&#8220;4.25.0&#8243; _module_preset=&#8220;default&#8220; global_colors_info=&#8220;{}&#8220; custom_css_main_element_last_edited=&#8220;on|phone&#8220; custom_css_main_element_phone=&#8220;order:2;&#8220;][et_pb_text admin_label=&#8220;ANGEBOT&#8220; _builder_version=&#8220;4.25.1&#8243; _module_preset=&#8220;default&#8220; ul_font_size=&#8220;16px&#8220; ul_line_height=&#8220;1.7em&#8220; header_2_line_height=&#8220;1.5em&#8220; header_3_line_height=&#8220;1.5em&#8220; background_color=&#8220;#ebebeb&#8220; width_tablet=&#8220;&#8220; width_phone=&#8220;100%&#8220; width_last_edited=&#8220;on|phone&#8220; max_width=&#8220;100%&#8220; custom_margin_tablet=&#8220;&#8220; custom_margin_phone=&#8220;30px||||false|false&#8220; custom_margin_last_edited=&#8220;on|phone&#8220; custom_padding=&#8220;30px|30px|30px|30px|true|true&#8220; custom_padding_tablet=&#8220;30px|30px|30px|30px|true|true&#8220; custom_padding_phone=&#8220;0px|0px|0px|0px|true|true&#8220; custom_padding_last_edited=&#8220;on|phone&#8220; background_color_phone=&#8220;RGBA(255,255,255,0)&#8220; background_last_edited=&#8220;on|phone&#8220; background_enable_color_phone=&#8220;on&#8220; global_colors_info=&#8220;{}&#8220;]<\/p>\n<p><strong>V\u00fdhody aktivace vody UMH<\/strong><\/p>\n<ul>\n<li>Zru\u0161en\u00ed frekvenc\u00ed zne\u010di\u0161\u0165uj\u00edc\u00edch l\u00e1tek<\/li>\n<li>Zlep\u0161en\u00ed schopnosti bun\u011bk vst\u0159eb\u00e1vat vodu a \u017eiviny<\/li>\n<li>Krystalick\u00e1 a hexagon\u00e1ln\u00ed struktura vody<\/li>\n<li>Stabiln\u00ed bioenergie<\/li>\n<li>P\u0159enos regenera\u010dn\u00edch energi\u00ed p\u0159i pit\u00ed<\/li>\n<li>V\u00fdrazn\u011b jemn\u011bj\u0161\u00ed a sv\u011b\u017eej\u0161\u00ed chu\u0165<\/li>\n<li>bez elekt\u0159iny, bez chemik\u00e1li\u00ed, bez magnet\u016f<\/li>\n<\/ul>\n<p><strong>2 varianty filtr\u016f<\/strong><\/p>\n<ul>\n<li>Blok aktivn\u00edho uhl\u00ed bez redukce vodn\u00edho kamene 0,5 \u03bcm<\/li>\n<li>Membr\u00e1na z aktivn\u00edho uhl\u00ed s redukc\u00ed v\u00e1pna 0,5 \u03bcm<\/li>\n<\/ul>\n<p>V\u00fdsledky v\u00fdzkumu \u00fa\u010dink\u016f a dopad\u016f aktivace vody UMH naleznete zde: <a href=\"https:\/\/umh.at\/umh-forschungsergebnisse\/\" target=\"_blank\" rel=\"noopener\"><br \/>\n  <span class=\"s1\"><br \/>\n    <strong>Odkaz<\/strong><br \/>\n  <\/span><br \/>\n<\/a><br \/>K <a href=\"https:\/\/trimedea.com\/wp-content\/uploads\/2024\/04\/Hexagonales-Wasser_Gutachten_Dr.-Ludwig.pdf\" target=\"_blank\" rel=\"noopener\">odborn\u00e9mu n\u00e1zoru na hexagon\u00e1ln\u00ed strukturu vody v UHM<\/a>, Dr. Wolfgang Ludwig<\/p>\n<p>[\/et_pb_text][\/et_pb_column][et_pb_column type=&#8220;1_2&#8243; _builder_version=&#8220;4.25.0&#8243; _module_preset=&#8220;default&#8220; global_colors_info=&#8220;{}&#8220; custom_css_main_element_last_edited=&#8220;on|phone&#8220; custom_css_main_element_phone=&#8220;order:1;&#8220;][et_pb_text admin_label=&#8220;PRODUKTDETAILS&#8220; _builder_version=&#8220;4.25.1&#8243; _module_preset=&#8220;default&#8220; global_colors_info=&#8220;{}&#8220;]<\/p>\n<p>Dvoustup\u0148ov\u00e1 filtrace zaji\u0161\u0165uje del\u0161\u00ed \u017eivotnost a vysok\u00fd pr\u016ftok 3-4 litry za minutu. \u00darove\u0148 1. je sedimenta\u010dn\u00ed filtr s jemnost\u00ed 1 \u03bcm pro odstra\u0148ov\u00e1n\u00ed nejmen\u0161\u00edch \u010d\u00e1stic, jako je p\u00edsek, rez a dal\u0161\u00ed suspendovan\u00e9 \u010d\u00e1stice. Na str\u00e1nk\u00e1ch 2. stupe\u0148 je k dispozici ve verzi bez redukce vodn\u00edho kamene a s redukc\u00ed vodn\u00edho kamene (vyberte verzi v obchod\u011b). Krom\u011b toho lze voliteln\u011b integrovat syst\u00e9m Aqua Stop, kter\u00fd v p\u0159\u00edpad\u011b \u00faniku vody automaticky zastav\u00ed cel\u00fd p\u0159\u00edvod vody na \u00fahlov\u00e9m ventilu studen\u00e9 vody. Bezpe\u010dn\u011b odstra\u0148uje z kohoutkov\u00e9 vody b\u011b\u017en\u00e9 t\u011b\u017ek\u00e9 kovy, hormony, pesticidy, bakterie, mikroorganismy, pl\u00edsn\u011b, kvasinky, chlor, DDT, zbytky l\u00e9k\u016f, mikroplasty a mnoho dal\u0161\u00edho. Miner\u00e1ly ve vod\u011b se v\u0161ak zachov\u00e1vaj\u00ed. Verze s redukc\u00ed vodn\u00edho kamene odstra\u0148uje tak\u00e9 vodn\u00ed k\u00e1men \/ v\u00e1pn\u00edk.<\/p>\n<div>\n<p>Po p\u0159efiltrov\u00e1n\u00ed je voda aktivov\u00e1na a nap\u00e1jena pomoc\u00ed UMH Pure. Ru\u010dn\u011b vyr\u00e1b\u011bn\u00e9 sklen\u011bn\u00e9 lahvi\u010dky vytv\u00e1\u0159ej\u00ed vysoce stabiln\u00ed energetick\u00e9 pole, kter\u00e9 se p\u0159en\u00e1\u0161\u00ed na vodu, je\u017e jimi prot\u00e9k\u00e1. Voda m\u00e1 hexagon\u00e1ln\u00ed strukturu a je optim\u00e1ln\u011b dostupn\u00e1 bu\u0148k\u00e1m.<\/p>\n<p>Zv\u00fd\u0161en\u00e9 mno\u017estv\u00ed <strong>fluorid\u016f, dusi\u010dnan\u016f nebo dusitan\u016f<\/strong> v pitn\u00e9 vod\u011b lze odstranit pouze pomoc\u00ed osm\u00f3zn\u00edch membr\u00e1n.  <br \/>z. B. <a href=\"https:\/\/trimedea.com\/produkt\/aquna-osmose-light-stromlos-wasserfiltersystem-mit-umh-wasseraktivierung\/\" target=\"_blank\" rel=\"noopener\"><br \/>\n  <strong>AQUNA Osmose Light<\/strong><br \/>\n<\/a> &#8211; lze odfiltrovat.<\/p>\n<\/div>\n<p>[\/et_pb_text][\/et_pb_column][\/et_pb_row][et_pb_row custom_padding_last_edited=&#8220;on|phone&#8220; _builder_version=&#8220;4.25.0&#8243; background_size=&#8220;initial&#8220; background_position=&#8220;top_left&#8220; background_repeat=&#8220;repeat&#8220; width=&#8220;100%&#8220; custom_margin_tablet=&#8220;&#8220; custom_margin_phone=&#8220;||||false|false&#8220; custom_margin_last_edited=&#8220;on|phone&#8220; custom_padding_tablet=&#8220;&#8220; custom_padding_phone=&#8220;0px||||false|false&#8220; global_colors_info=&#8220;{}&#8220;][et_pb_column type=&#8220;4_4&#8243; _builder_version=&#8220;4.16&#8243; custom_padding=&#8220;|||&#8220; global_colors_info=&#8220;{}&#8220; custom_padding__hover=&#8220;|||&#8220;][et_pb_wc_upsells _builder_version=&#8220;4.16&#8243; global_colors_info=&#8220;{}&#8220;][\/et_pb_wc_upsells][et_pb_wc_related_products posts_number=&#8220;4&#8243; columns_number=&#8220;4&#8243; include_categories=&#8220;92&#8243; _builder_version=&#8220;4.25.1&#8243; global_colors_info=&#8220;{}&#8220;][\/et_pb_wc_related_products][\/et_pb_column][\/et_pb_row][\/et_pb_section]<\/p>\n","protected":false},"excerpt":{"rendered":"<p><strong>AQUNA Basic Duo<\/strong> je snadno instalovateln\u00fd <strong>syst\u00e9m plug-and-play<\/strong> <strong>bez samostatn\u00e9ho vodovodn\u00edho kohoutku<\/strong>. Lze jej b\u011bhem chvilky nainstalovat pod jak\u00fdkoli kuchy\u0148sk\u00fd d\u0159ez, do ob\u00fdvac\u00edho pokoje, cvi\u010debn\u00edho prostoru, kancel\u00e1\u0159e nebo firemn\u00ed kuchy\u0148ky.<\/p>\n","protected":false},"featured_media":64769,"template":"","meta":{"_et_pb_use_builder":"on","_et_pb_old_content":"","_et_gb_content_width":"","footnotes":""},"product_brand":[],"product_cat":[183,186],"product_tag":[],"class_list":{"0":"post-64760","1":"product","2":"type-product","3":"status-publish","4":"has-post-thumbnail","6":"product_cat-aktivace-vody-umh","7":"product_cat-aqua-naturalis-cs","9":"first","10":"instock","11":"taxable","12":"shipping-taxable","13":"purchasable","14":"product-type-simple"},"yoast_head":"<!-- This site is optimized with the Yoast SEO plugin v27.3 - https:\/\/yoast.com\/product\/yoast-seo-wordpress\/ -->\n<title>Vodn\u00ed filtr AQUNA Basic Duo s aktivac\u00ed vody UMH 10 palc\u016f<\/title>\n<meta name=\"description\" content=\"1. stupe\u0148 sedimenta\u010dn\u00edho filtru s jemnost\u00ed p\u00f3r\u016f 1 \u03bcm pro ochranu a del\u0161\u00ed \u017eivotnost filtru 2. stupe\u0148 filtru s aktivn\u00edm uhl\u00edm o jemnosti 0,5 \u03bcm s aktivac\u00ed vody UMH\" \/>\n<meta name=\"robots\" content=\"index, follow, max-snippet:-1, max-image-preview:large, max-video-preview:-1\" \/>\n<link rel=\"canonical\" href=\"https:\/\/trimedea.com\/cs\/produkt\/vodni-filtr-aquna-basic-duo-10-palcu-kopie-kopie-kopie\/\" \/>\n<meta property=\"og:locale\" content=\"cs_CZ\" \/>\n<meta property=\"og:type\" content=\"article\" \/>\n<meta property=\"og:title\" content=\"Vodn\u00ed filtr AQUNA Basic Duo s aktivac\u00ed vody UMH 10 palc\u016f\" \/>\n<meta property=\"og:description\" content=\"1. stupe\u0148 sedimenta\u010dn\u00edho filtru s jemnost\u00ed p\u00f3r\u016f 1 \u03bcm pro ochranu a del\u0161\u00ed \u017eivotnost filtru 2. stupe\u0148 filtru s aktivn\u00edm uhl\u00edm o jemnosti 0,5 \u03bcm s aktivac\u00ed vody UMH\" \/>\n<meta property=\"og:url\" content=\"https:\/\/trimedea.com\/cs\/produkt\/vodni-filtr-aquna-basic-duo-10-palcu-kopie-kopie-kopie\/\" \/>\n<meta property=\"og:site_name\" content=\"TRIMEDEA\" \/>\n<meta property=\"article:modified_time\" content=\"2024-12-20T10:30:33+00:00\" \/>\n<meta property=\"og:image\" content=\"https:\/\/trimedea.com\/wp-content\/uploads\/2024\/12\/10-Zoll-Green.001.jpeg\" \/>\n\t<meta property=\"og:image:width\" content=\"768\" \/>\n\t<meta property=\"og:image:height\" content=\"768\" \/>\n\t<meta property=\"og:image:type\" content=\"image\/jpeg\" \/>\n<meta name=\"twitter:card\" content=\"summary_large_image\" \/>\n<script type=\"application\/ld+json\" class=\"yoast-schema-graph\">{\"@context\":\"https:\\\/\\\/schema.org\",\"@graph\":[{\"@type\":\"WebPage\",\"@id\":\"https:\\\/\\\/trimedea.com\\\/cs\\\/produkt\\\/vodni-filtr-aquna-basic-duo-10-palcu-kopie-kopie-kopie\\\/\",\"url\":\"https:\\\/\\\/trimedea.com\\\/cs\\\/produkt\\\/vodni-filtr-aquna-basic-duo-10-palcu-kopie-kopie-kopie\\\/\",\"name\":\"Vodn\u00ed filtr AQUNA Basic Duo s aktivac\u00ed vody UMH 10 palc\u016f\",\"isPartOf\":{\"@id\":\"https:\\\/\\\/trimedea.com\\\/cs\\\/#website\"},\"primaryImageOfPage\":{\"@id\":\"https:\\\/\\\/trimedea.com\\\/cs\\\/produkt\\\/vodni-filtr-aquna-basic-duo-10-palcu-kopie-kopie-kopie\\\/#primaryimage\"},\"image\":{\"@id\":\"https:\\\/\\\/trimedea.com\\\/cs\\\/produkt\\\/vodni-filtr-aquna-basic-duo-10-palcu-kopie-kopie-kopie\\\/#primaryimage\"},\"thumbnailUrl\":\"https:\\\/\\\/trimedea.com\\\/wp-content\\\/uploads\\\/2024\\\/12\\\/20_Zoll_Aktivkohleblock_Filter_CTO-600x664-1.jpeg\",\"datePublished\":\"2024-12-20T10:22:13+00:00\",\"dateModified\":\"2024-12-20T10:30:33+00:00\",\"description\":\"1. stupe\u0148 sedimenta\u010dn\u00edho filtru s jemnost\u00ed p\u00f3r\u016f 1 \u03bcm pro ochranu a del\u0161\u00ed \u017eivotnost filtru 2. stupe\u0148 filtru s aktivn\u00edm uhl\u00edm o jemnosti 0,5 \u03bcm s aktivac\u00ed vody UMH\",\"breadcrumb\":{\"@id\":\"https:\\\/\\\/trimedea.com\\\/cs\\\/produkt\\\/vodni-filtr-aquna-basic-duo-10-palcu-kopie-kopie-kopie\\\/#breadcrumb\"},\"inLanguage\":\"cs\",\"potentialAction\":[{\"@type\":\"ReadAction\",\"target\":[\"https:\\\/\\\/trimedea.com\\\/cs\\\/produkt\\\/vodni-filtr-aquna-basic-duo-10-palcu-kopie-kopie-kopie\\\/\"]}]},{\"@type\":\"ImageObject\",\"inLanguage\":\"cs\",\"@id\":\"https:\\\/\\\/trimedea.com\\\/cs\\\/produkt\\\/vodni-filtr-aquna-basic-duo-10-palcu-kopie-kopie-kopie\\\/#primaryimage\",\"url\":\"https:\\\/\\\/trimedea.com\\\/wp-content\\\/uploads\\\/2024\\\/12\\\/20_Zoll_Aktivkohleblock_Filter_CTO-600x664-1.jpeg\",\"contentUrl\":\"https:\\\/\\\/trimedea.com\\\/wp-content\\\/uploads\\\/2024\\\/12\\\/20_Zoll_Aktivkohleblock_Filter_CTO-600x664-1.jpeg\",\"width\":600,\"height\":664},{\"@type\":\"BreadcrumbList\",\"@id\":\"https:\\\/\\\/trimedea.com\\\/cs\\\/produkt\\\/vodni-filtr-aquna-basic-duo-10-palcu-kopie-kopie-kopie\\\/#breadcrumb\",\"itemListElement\":[{\"@type\":\"ListItem\",\"position\":1,\"name\":\"Startseite\",\"item\":\"https:\\\/\\\/trimedea.com\\\/cs\\\/\"},{\"@type\":\"ListItem\",\"position\":2,\"name\":\"TRIMEDEA SHOP\",\"item\":\"https:\\\/\\\/trimedea.com\\\/cs\\\/trimedea-shop\\\/\"},{\"@type\":\"ListItem\",\"position\":3,\"name\":\"Vodn\u00ed filtr AQUNA Basic Duo 10 palc\u016f (Kopie) (Kopie) (Kopie)\"}]},{\"@type\":\"WebSite\",\"@id\":\"https:\\\/\\\/trimedea.com\\\/cs\\\/#website\",\"url\":\"https:\\\/\\\/trimedea.com\\\/cs\\\/\",\"name\":\"TRIMEDEA\",\"description\":\"F\u00fcr einen gesunden K\u00f6rper und Geist\",\"publisher\":{\"@id\":\"https:\\\/\\\/trimedea.com\\\/cs\\\/#organization\"},\"potentialAction\":[{\"@type\":\"SearchAction\",\"target\":{\"@type\":\"EntryPoint\",\"urlTemplate\":\"https:\\\/\\\/trimedea.com\\\/cs\\\/?s={search_term_string}\"},\"query-input\":{\"@type\":\"PropertyValueSpecification\",\"valueRequired\":true,\"valueName\":\"search_term_string\"}}],\"inLanguage\":\"cs\"},{\"@type\":\"Organization\",\"@id\":\"https:\\\/\\\/trimedea.com\\\/cs\\\/#organization\",\"name\":\"TRIMEDEA\",\"url\":\"https:\\\/\\\/trimedea.com\\\/cs\\\/\",\"logo\":{\"@type\":\"ImageObject\",\"inLanguage\":\"cs\",\"@id\":\"https:\\\/\\\/trimedea.com\\\/cs\\\/#\\\/schema\\\/logo\\\/image\\\/\",\"url\":\"https:\\\/\\\/trimedea.com\\\/wp-content\\\/uploads\\\/2024\\\/04\\\/TRIMEDEA_LOGO.png\",\"contentUrl\":\"https:\\\/\\\/trimedea.com\\\/wp-content\\\/uploads\\\/2024\\\/04\\\/TRIMEDEA_LOGO.png\",\"width\":540,\"height\":248,\"caption\":\"TRIMEDEA\"},\"image\":{\"@id\":\"https:\\\/\\\/trimedea.com\\\/cs\\\/#\\\/schema\\\/logo\\\/image\\\/\"}}]}<\/script>\n<!-- \/ Yoast SEO plugin. -->","yoast_head_json":{"title":"Vodn\u00ed filtr AQUNA Basic Duo s aktivac\u00ed vody UMH 10 palc\u016f","description":"1. stupe\u0148 sedimenta\u010dn\u00edho filtru s jemnost\u00ed p\u00f3r\u016f 1 \u03bcm pro ochranu a del\u0161\u00ed \u017eivotnost filtru 2. stupe\u0148 filtru s aktivn\u00edm uhl\u00edm o jemnosti 0,5 \u03bcm s aktivac\u00ed vody UMH","robots":{"index":"index","follow":"follow","max-snippet":"max-snippet:-1","max-image-preview":"max-image-preview:large","max-video-preview":"max-video-preview:-1"},"canonical":"https:\/\/trimedea.com\/cs\/produkt\/vodni-filtr-aquna-basic-duo-10-palcu-kopie-kopie-kopie\/","og_locale":"cs_CZ","og_type":"article","og_title":"Vodn\u00ed filtr AQUNA Basic Duo s aktivac\u00ed vody UMH 10 palc\u016f","og_description":"1. stupe\u0148 sedimenta\u010dn\u00edho filtru s jemnost\u00ed p\u00f3r\u016f 1 \u03bcm pro ochranu a del\u0161\u00ed \u017eivotnost filtru 2. stupe\u0148 filtru s aktivn\u00edm uhl\u00edm o jemnosti 0,5 \u03bcm s aktivac\u00ed vody UMH","og_url":"https:\/\/trimedea.com\/cs\/produkt\/vodni-filtr-aquna-basic-duo-10-palcu-kopie-kopie-kopie\/","og_site_name":"TRIMEDEA","article_modified_time":"2024-12-20T10:30:33+00:00","og_image":[{"width":768,"height":768,"url":"https:\/\/trimedea.com\/wp-content\/uploads\/2024\/12\/10-Zoll-Green.001.jpeg","type":"image\/jpeg"}],"twitter_card":"summary_large_image","schema":{"@context":"https:\/\/schema.org","@graph":[{"@type":"WebPage","@id":"https:\/\/trimedea.com\/cs\/produkt\/vodni-filtr-aquna-basic-duo-10-palcu-kopie-kopie-kopie\/","url":"https:\/\/trimedea.com\/cs\/produkt\/vodni-filtr-aquna-basic-duo-10-palcu-kopie-kopie-kopie\/","name":"Vodn\u00ed filtr AQUNA Basic Duo s aktivac\u00ed vody UMH 10 palc\u016f","isPartOf":{"@id":"https:\/\/trimedea.com\/cs\/#website"},"primaryImageOfPage":{"@id":"https:\/\/trimedea.com\/cs\/produkt\/vodni-filtr-aquna-basic-duo-10-palcu-kopie-kopie-kopie\/#primaryimage"},"image":{"@id":"https:\/\/trimedea.com\/cs\/produkt\/vodni-filtr-aquna-basic-duo-10-palcu-kopie-kopie-kopie\/#primaryimage"},"thumbnailUrl":"https:\/\/trimedea.com\/wp-content\/uploads\/2024\/12\/20_Zoll_Aktivkohleblock_Filter_CTO-600x664-1.jpeg","datePublished":"2024-12-20T10:22:13+00:00","dateModified":"2024-12-20T10:30:33+00:00","description":"1. stupe\u0148 sedimenta\u010dn\u00edho filtru s jemnost\u00ed p\u00f3r\u016f 1 \u03bcm pro ochranu a del\u0161\u00ed \u017eivotnost filtru 2. stupe\u0148 filtru s aktivn\u00edm uhl\u00edm o jemnosti 0,5 \u03bcm s aktivac\u00ed vody UMH","breadcrumb":{"@id":"https:\/\/trimedea.com\/cs\/produkt\/vodni-filtr-aquna-basic-duo-10-palcu-kopie-kopie-kopie\/#breadcrumb"},"inLanguage":"cs","potentialAction":[{"@type":"ReadAction","target":["https:\/\/trimedea.com\/cs\/produkt\/vodni-filtr-aquna-basic-duo-10-palcu-kopie-kopie-kopie\/"]}]},{"@type":"ImageObject","inLanguage":"cs","@id":"https:\/\/trimedea.com\/cs\/produkt\/vodni-filtr-aquna-basic-duo-10-palcu-kopie-kopie-kopie\/#primaryimage","url":"https:\/\/trimedea.com\/wp-content\/uploads\/2024\/12\/20_Zoll_Aktivkohleblock_Filter_CTO-600x664-1.jpeg","contentUrl":"https:\/\/trimedea.com\/wp-content\/uploads\/2024\/12\/20_Zoll_Aktivkohleblock_Filter_CTO-600x664-1.jpeg","width":600,"height":664},{"@type":"BreadcrumbList","@id":"https:\/\/trimedea.com\/cs\/produkt\/vodni-filtr-aquna-basic-duo-10-palcu-kopie-kopie-kopie\/#breadcrumb","itemListElement":[{"@type":"ListItem","position":1,"name":"Startseite","item":"https:\/\/trimedea.com\/cs\/"},{"@type":"ListItem","position":2,"name":"TRIMEDEA SHOP","item":"https:\/\/trimedea.com\/cs\/trimedea-shop\/"},{"@type":"ListItem","position":3,"name":"Vodn\u00ed filtr AQUNA Basic Duo 10 palc\u016f (Kopie) (Kopie) (Kopie)"}]},{"@type":"WebSite","@id":"https:\/\/trimedea.com\/cs\/#website","url":"https:\/\/trimedea.com\/cs\/","name":"TRIMEDEA","description":"F\u00fcr einen gesunden K\u00f6rper und Geist","publisher":{"@id":"https:\/\/trimedea.com\/cs\/#organization"},"potentialAction":[{"@type":"SearchAction","target":{"@type":"EntryPoint","urlTemplate":"https:\/\/trimedea.com\/cs\/?s={search_term_string}"},"query-input":{"@type":"PropertyValueSpecification","valueRequired":true,"valueName":"search_term_string"}}],"inLanguage":"cs"},{"@type":"Organization","@id":"https:\/\/trimedea.com\/cs\/#organization","name":"TRIMEDEA","url":"https:\/\/trimedea.com\/cs\/","logo":{"@type":"ImageObject","inLanguage":"cs","@id":"https:\/\/trimedea.com\/cs\/#\/schema\/logo\/image\/","url":"https:\/\/trimedea.com\/wp-content\/uploads\/2024\/04\/TRIMEDEA_LOGO.png","contentUrl":"https:\/\/trimedea.com\/wp-content\/uploads\/2024\/04\/TRIMEDEA_LOGO.png","width":540,"height":248,"caption":"TRIMEDEA"},"image":{"@id":"https:\/\/trimedea.com\/cs\/#\/schema\/logo\/image\/"}}]}},"_links":{"self":[{"href":"https:\/\/trimedea.com\/cs\/wp-json\/wp\/v2\/product\/64760","targetHints":{"allow":["GET"]}}],"collection":[{"href":"https:\/\/trimedea.com\/cs\/wp-json\/wp\/v2\/product"}],"about":[{"href":"https:\/\/trimedea.com\/cs\/wp-json\/wp\/v2\/types\/product"}],"version-history":[{"count":1,"href":"https:\/\/trimedea.com\/cs\/wp-json\/wp\/v2\/product\/64760\/revisions"}],"predecessor-version":[{"id":64766,"href":"https:\/\/trimedea.com\/cs\/wp-json\/wp\/v2\/product\/64760\/revisions\/64766"}],"wp:featuredmedia":[{"embeddable":true,"href":"https:\/\/trimedea.com\/cs\/wp-json\/wp\/v2\/media\/64769"}],"wp:attachment":[{"href":"https:\/\/trimedea.com\/cs\/wp-json\/wp\/v2\/media?parent=64760"}],"wp:term":[{"taxonomy":"product_brand","embeddable":true,"href":"https:\/\/trimedea.com\/cs\/wp-json\/wp\/v2\/product_brand?post=64760"},{"taxonomy":"product_cat","embeddable":true,"href":"https:\/\/trimedea.com\/cs\/wp-json\/wp\/v2\/product_cat?post=64760"},{"taxonomy":"product_tag","embeddable":true,"href":"https:\/\/trimedea.com\/cs\/wp-json\/wp\/v2\/product_tag?post=64760"}],"curies":[{"name":"wp","href":"https:\/\/api.w.org\/{rel}","templated":true}]}}