{"id":53532,"date":"2024-05-01T11:02:57","date_gmt":"2024-05-01T10:02:57","guid":{"rendered":"https:\/\/test.trimedea.com\/general-terms-and-conditions\/"},"modified":"2025-07-25T11:44:20","modified_gmt":"2025-07-25T10:44:20","slug":"general-terms-and-conditions","status":"publish","type":"page","link":"https:\/\/trimedea.com\/en\/general-terms-and-conditions\/","title":{"rendered":"General Terms and Conditions"},"content":{"rendered":"<p>[et_pb_section fb_built=&#8221;1&#8243; admin_label=&#8221;section&#8221; _builder_version=&#8221;4.16&#8243; global_colors_info=&#8221;{}&#8221;][et_pb_row admin_label=&#8221;row&#8221; _builder_version=&#8221;4.16&#8243; background_size=&#8221;initial&#8221; background_position=&#8221;top_left&#8221; background_repeat=&#8221;repeat&#8221; global_colors_info=&#8221;{}&#8221;][et_pb_column type=&#8221;4_4&#8243; _builder_version=&#8221;4.16&#8243; custom_padding=&#8221;|||&#8221; global_colors_info=&#8221;{}&#8221; custom_padding__hover=&#8221;|||&#8221;][et_pb_text admin_label=&#8221;Text&#8221; _builder_version=&#8221;4.27.4&#8243; background_size=&#8221;initial&#8221; background_position=&#8221;top_left&#8221; background_repeat=&#8221;repeat&#8221; global_colors_info=&#8221;{}&#8221;]<\/p>\n<div class=\"et_pb_module et_pb_text et_pb_text_0 et_pb_text_align_left et_pb_bg_layout_light\">\n<div class=\"et_pb_text_inner\">\n<h1>General Terms and Conditions<\/h1>\n<h3>Scope of application<\/h3>\n<p>These terms and conditions apply to all your current and future purchases in our online store, www.trimedea.com. This online store is operated by the FG EWIV for International Economic Development &amp; Communication, CEO Silko G\u00fcnzel. All deliveries, services and offers of FG EWIV for international economic development &amp; communication are made exclusively on the basis of these terms and conditions. Deviating, conflicting or supplementary General Terms and Conditions shall not become part of the contract, even if we are aware of them, unless their validity is expressly agreed to in writing.<\/p>\n<\/div>\n<\/div>\n<div class=\"et_pb_module et_pb_text et_pb_text_1 et_pb_text_align_left et_pb_bg_layout_light\">\n<div class=\"et_pb_text_inner\">\n<h3>Formation of the contract<\/h3>\n<p>The purchase contract is concluded with the <strong>FG EWIV f\u00fcr internationale Wirtschaftsentwicklung und Kommunikation<\/strong>.<\/p>\n<p>The presentation of the products in the online store does not constitute a legally binding offer, but a non-binding online catalogue. You can initially place our products in the shopping cart without obligation and correct your entries at any time before sending your non-binding request by using the correction aids provided and explained for this purpose in the order process. By clicking on the request button, you submit a non-binding request for the goods contained in the shopping cart. Confirmation of receipt of your request will be sent by e-mail immediately after the order has been sent. After a short processing time, you will receive a written offer by e-mail in which we will inform you of the current delivery time and your payment options. If you return the signed offer to us, the contract is considered binding.<\/p>\n<h3>Contract language, contract text storage<\/h3>\n<p>The language available for the conclusion of the contract is German. We save the text of the contract and send you the order data and our general terms and conditions by e-mail.<\/p>\n<\/div>\n<\/div>\n<div class=\"et_pb_module et_pb_text et_pb_text_2 et_pb_text_align_left et_pb_bg_layout_light\">\n<div class=\"et_pb_text_inner\">\n<h3>Prices<\/h3>\n<p>The prices quoted include VAT and, unless otherwise stated, do not include shipping costs. Additional services, such as shipping costs to other European countries or surcharges for express shipments, will be charged separately.<\/p>\n<\/div>\n<\/div>\n<div class=\"et_pb_module et_pb_text et_pb_text_3 et_pb_text_align_left et_pb_bg_layout_light\">\n<div class=\"et_pb_text_inner\">\n<h3>Cancellation policy<\/h3>\n<p>For the right of withdrawal, please refer to our <a href=\"https:\/\/trimedea.com\/en\/cancellation-policy\/\">declaration of withdrawal<\/a><\/p>\n<h3>Due date\/payment<\/h3>\n<p>Unless otherwise agreed in writing, Trimedea&#8217;s invoices are due immediately and are part of the payment processing in the store. Various payment methods are available to you in our store. In individual cases, not all payment methods may be available; you can find more details in the payment modalities.<\/p>\n<h3>Payment in advance:<\/h3>\n<p>If you select the payment method Direct Bank Transfer, you will receive a separate email with the bank details. We deliver the ordered goods after receipt of payment.<\/p>\n<\/div>\n<\/div>\n<div class=\"et_pb_module et_pb_text et_pb_text_4 et_pb_text_align_left et_pb_bg_layout_light\">\n<div class=\"et_pb_text_inner\">\n<h3>Delivery and delays<\/h3>\n<p>We only deliver by mail order. It is not possible to collect the goods yourself. Shipping costs may apply in addition to the indicated product prices. You can find out more about any shipping costs during the ordering process after entering your delivery address.<\/p>\n<p>We are entitled to make partial deliveries and render partial services. We are not responsible for delays in delivery and performance due to force majeure and due to events that make delivery considerably more difficult or impossible for us &#8211; this includes in particular strikes, lockouts, official orders, etc., even if they occur at Trimedea&#8217;s suppliers or subcontractors &#8211; even in the case of bindingly agreed deadlines and dates. In these cases, we are entitled to extend the delivery or service by the duration of the hindrance plus a reasonable start-up time. We reserve the right to cancel the order in whole or in part in the event of non-payment over a longer period of time, for example in the case of advance payment and the other payment options specified by us. If the customer is in default of acceptance, Trimedea reserves the right to sell the goods to a third party.<\/p>\n<h3>Transfer of risk<\/h3>\n<p>If the customer is the end consumer, the risk of accidental loss or accidental deterioration of the sold item shall not pass to the buyer until the item is handed over, even in the case of sale by dispatch. If the buyer is in default of acceptance, this shall be deemed equivalent to handover.<\/p>\n<h3>Warranty and guarantees<\/h3>\n<p>The statutory liability for defects shall apply. Information on any additional guarantees that may apply, and their exact conditions can be found with the product and on special information pages in the online store.<\/p>\n<p>If you are an end consumer, you must inspect the goods or services immediately upon receipt. Complaints about obvious defects will only be recognized and are only admissible if they are made in writing within one week of receipt of the goods. If you are a consumer, you are entitled to the statutory warranty claims, unless otherwise stated below. In the event of justified complaints, we shall be obliged to repair and\/or replace the goods at our discretion. However, in the event of delayed, omitted or unsuccessful rectification or replacement delivery, you have the right to reduce the purchase price or withdraw from the contract. All warranty rights of the customer shall expire at the latest one year after delivery of the contractual services.<\/p>\n<h3>Retention of title<\/h3>\n<p>The goods remain our property until full payment has been made.<\/p>\n<h3>Liability<\/h3>\n<p>We are always liable without limitation for claims based on damage caused by us, our legal representatives or vicarious agents<\/p>\n<ul>\n<li>in the event of injury to life, limb or health,<\/li>\n<li>in the event of intentional or grossly negligent breach of duty,<\/li>\n<li>for guarantee promises, if agreed, or<\/li>\n<li>insofar as the scope of application of the Product Liability Act is opened.<\/li>\n<\/ul>\n<p>In the event of a breach of essential contractual obligations, the fulfilment of which is essential for the proper execution of the contract and on the observance of which the contractual partner may regularly rely on (cardinal obligations), due to slight negligence on our part, our legal representatives or vicarious agents, the amount of liability shall be limited to the damage foreseeable at the time of conclusion of the contract, the occurrence of which must typically be expected. Otherwise, claims for damages are excluded.<\/p>\n<h3>Data protection<\/h3>\n<p>Please refer to our data protection declaration.<\/p>\n<h3>Dispute resolution<\/h3>\n<p>In order to settle disputes arising from a contractual relationship with a consumer or whether such a contractual relationship exists at all, we are obliged to participate in dispute resolution proceedings before a consumer arbitration board. The General Consumer Arbitration Board of the Zentrum f\u00fcr Schlichtung e.V., Stra\u00dfburger Stra\u00dfe 8, 77694 Kehl am Rhein, www.verbraucher-schlichter.de is responsible. We will participate in a dispute resolution procedure before this body.<\/p>\n<h3>Final provisions<\/h3>\n<p>German law shall apply to the exclusion of the UN Convention on Contracts for the International Sale of Goods. Should a provision of these GTC be or become ineffective, the remaining part of the contract shall remain unaffected and effective. In this case, the parties hereby undertake to reach an agreement that comes as close as possible in economic terms to the invalid provision.<\/p>\n<\/div>\n<\/div>\n<p>[\/et_pb_text][\/et_pb_column][\/et_pb_row][\/et_pb_section]<\/p>\n","protected":false},"excerpt":{"rendered":"<p>General Terms and Conditions Scope of application These terms and conditions apply to all your current and future purchases in our online store, www.trimedea.com. This online store is operated by the FG EWIV for International Economic Development &amp; Communication, CEO Silko G\u00fcnzel. All deliveries, services and offers of FG EWIV for international economic development &amp; [&hellip;]<\/p>\n","protected":false},"author":2,"featured_media":0,"parent":0,"menu_order":0,"comment_status":"closed","ping_status":"closed","template":"","meta":{"_et_pb_use_builder":"on","_et_pb_old_content":"","_et_gb_content_width":"","footnotes":""},"class_list":["post-53532","page","type-page","status-publish","hentry"],"yoast_head":"<!-- This site is optimized with the Yoast SEO plugin v27.4 - https:\/\/yoast.com\/product\/yoast-seo-wordpress\/ -->\n<title>General Terms and Conditions - TRIMEDEA<\/title>\n<meta name=\"description\" content=\"These terms and conditions apply to all your current and future purchases in our online store www.trimedea.com.\" \/>\n<meta name=\"robots\" content=\"index, follow, max-snippet:-1, max-image-preview:large, max-video-preview:-1\" \/>\n<link rel=\"canonical\" href=\"https:\/\/trimedea.com\/en\/general-terms-and-conditions\/\" \/>\n<meta property=\"og:locale\" content=\"en_US\" \/>\n<meta property=\"og:type\" content=\"article\" \/>\n<meta property=\"og:title\" content=\"General Terms and Conditions - TRIMEDEA\" \/>\n<meta property=\"og:description\" content=\"These terms and conditions apply to all your current and future purchases in our online store www.trimedea.com.\" \/>\n<meta property=\"og:url\" content=\"https:\/\/trimedea.com\/en\/general-terms-and-conditions\/\" \/>\n<meta property=\"og:site_name\" content=\"TRIMEDEA\" \/>\n<meta property=\"article:modified_time\" content=\"2025-07-25T10:44:20+00:00\" \/>\n<meta name=\"twitter:card\" content=\"summary_large_image\" \/>\n<script type=\"application\/ld+json\" class=\"yoast-schema-graph\">{\"@context\":\"https:\\\/\\\/schema.org\",\"@graph\":[{\"@type\":\"WebPage\",\"@id\":\"https:\\\/\\\/trimedea.com\\\/en\\\/general-terms-and-conditions\\\/\",\"url\":\"https:\\\/\\\/trimedea.com\\\/en\\\/general-terms-and-conditions\\\/\",\"name\":\"General Terms and Conditions - TRIMEDEA\",\"isPartOf\":{\"@id\":\"https:\\\/\\\/trimedea.com\\\/en\\\/#website\"},\"datePublished\":\"2024-05-01T10:02:57+00:00\",\"dateModified\":\"2025-07-25T10:44:20+00:00\",\"description\":\"These terms and conditions apply to all your current and future purchases in our online store www.trimedea.com.\",\"breadcrumb\":{\"@id\":\"https:\\\/\\\/trimedea.com\\\/en\\\/general-terms-and-conditions\\\/#breadcrumb\"},\"inLanguage\":\"en-US\",\"potentialAction\":[{\"@type\":\"ReadAction\",\"target\":[\"https:\\\/\\\/trimedea.com\\\/en\\\/general-terms-and-conditions\\\/\"]}]},{\"@type\":\"BreadcrumbList\",\"@id\":\"https:\\\/\\\/trimedea.com\\\/en\\\/general-terms-and-conditions\\\/#breadcrumb\",\"itemListElement\":[{\"@type\":\"ListItem\",\"position\":1,\"name\":\"Startseite\",\"item\":\"https:\\\/\\\/trimedea.com\\\/en\\\/\"},{\"@type\":\"ListItem\",\"position\":2,\"name\":\"General Terms and Conditions\"}]},{\"@type\":\"WebSite\",\"@id\":\"https:\\\/\\\/trimedea.com\\\/en\\\/#website\",\"url\":\"https:\\\/\\\/trimedea.com\\\/en\\\/\",\"name\":\"TRIMEDEA\",\"description\":\"F\u00fcr einen gesunden K\u00f6rper und Geist\",\"publisher\":{\"@id\":\"https:\\\/\\\/trimedea.com\\\/en\\\/#organization\"},\"potentialAction\":[{\"@type\":\"SearchAction\",\"target\":{\"@type\":\"EntryPoint\",\"urlTemplate\":\"https:\\\/\\\/trimedea.com\\\/en\\\/?s={search_term_string}\"},\"query-input\":{\"@type\":\"PropertyValueSpecification\",\"valueRequired\":true,\"valueName\":\"search_term_string\"}}],\"inLanguage\":\"en-US\"},{\"@type\":\"Organization\",\"@id\":\"https:\\\/\\\/trimedea.com\\\/en\\\/#organization\",\"name\":\"TRIMEDEA\",\"url\":\"https:\\\/\\\/trimedea.com\\\/en\\\/\",\"logo\":{\"@type\":\"ImageObject\",\"inLanguage\":\"en-US\",\"@id\":\"https:\\\/\\\/trimedea.com\\\/en\\\/#\\\/schema\\\/logo\\\/image\\\/\",\"url\":\"https:\\\/\\\/trimedea.com\\\/wp-content\\\/uploads\\\/2024\\\/04\\\/TRIMEDEA_LOGO.png\",\"contentUrl\":\"https:\\\/\\\/trimedea.com\\\/wp-content\\\/uploads\\\/2024\\\/04\\\/TRIMEDEA_LOGO.png\",\"width\":540,\"height\":248,\"caption\":\"TRIMEDEA\"},\"image\":{\"@id\":\"https:\\\/\\\/trimedea.com\\\/en\\\/#\\\/schema\\\/logo\\\/image\\\/\"}}]}<\/script>\n<!-- \/ Yoast SEO plugin. -->","yoast_head_json":{"title":"General Terms and Conditions - TRIMEDEA","description":"These terms and conditions apply to all your current and future purchases in our online store www.trimedea.com.","robots":{"index":"index","follow":"follow","max-snippet":"max-snippet:-1","max-image-preview":"max-image-preview:large","max-video-preview":"max-video-preview:-1"},"canonical":"https:\/\/trimedea.com\/en\/general-terms-and-conditions\/","og_locale":"en_US","og_type":"article","og_title":"General Terms and Conditions - TRIMEDEA","og_description":"These terms and conditions apply to all your current and future purchases in our online store www.trimedea.com.","og_url":"https:\/\/trimedea.com\/en\/general-terms-and-conditions\/","og_site_name":"TRIMEDEA","article_modified_time":"2025-07-25T10:44:20+00:00","twitter_card":"summary_large_image","schema":{"@context":"https:\/\/schema.org","@graph":[{"@type":"WebPage","@id":"https:\/\/trimedea.com\/en\/general-terms-and-conditions\/","url":"https:\/\/trimedea.com\/en\/general-terms-and-conditions\/","name":"General Terms and Conditions - TRIMEDEA","isPartOf":{"@id":"https:\/\/trimedea.com\/en\/#website"},"datePublished":"2024-05-01T10:02:57+00:00","dateModified":"2025-07-25T10:44:20+00:00","description":"These terms and conditions apply to all your current and future purchases in our online store www.trimedea.com.","breadcrumb":{"@id":"https:\/\/trimedea.com\/en\/general-terms-and-conditions\/#breadcrumb"},"inLanguage":"en-US","potentialAction":[{"@type":"ReadAction","target":["https:\/\/trimedea.com\/en\/general-terms-and-conditions\/"]}]},{"@type":"BreadcrumbList","@id":"https:\/\/trimedea.com\/en\/general-terms-and-conditions\/#breadcrumb","itemListElement":[{"@type":"ListItem","position":1,"name":"Startseite","item":"https:\/\/trimedea.com\/en\/"},{"@type":"ListItem","position":2,"name":"General Terms and Conditions"}]},{"@type":"WebSite","@id":"https:\/\/trimedea.com\/en\/#website","url":"https:\/\/trimedea.com\/en\/","name":"TRIMEDEA","description":"F\u00fcr einen gesunden K\u00f6rper und Geist","publisher":{"@id":"https:\/\/trimedea.com\/en\/#organization"},"potentialAction":[{"@type":"SearchAction","target":{"@type":"EntryPoint","urlTemplate":"https:\/\/trimedea.com\/en\/?s={search_term_string}"},"query-input":{"@type":"PropertyValueSpecification","valueRequired":true,"valueName":"search_term_string"}}],"inLanguage":"en-US"},{"@type":"Organization","@id":"https:\/\/trimedea.com\/en\/#organization","name":"TRIMEDEA","url":"https:\/\/trimedea.com\/en\/","logo":{"@type":"ImageObject","inLanguage":"en-US","@id":"https:\/\/trimedea.com\/en\/#\/schema\/logo\/image\/","url":"https:\/\/trimedea.com\/wp-content\/uploads\/2024\/04\/TRIMEDEA_LOGO.png","contentUrl":"https:\/\/trimedea.com\/wp-content\/uploads\/2024\/04\/TRIMEDEA_LOGO.png","width":540,"height":248,"caption":"TRIMEDEA"},"image":{"@id":"https:\/\/trimedea.com\/en\/#\/schema\/logo\/image\/"}}]}},"_links":{"self":[{"href":"https:\/\/trimedea.com\/en\/wp-json\/wp\/v2\/pages\/53532","targetHints":{"allow":["GET"]}}],"collection":[{"href":"https:\/\/trimedea.com\/en\/wp-json\/wp\/v2\/pages"}],"about":[{"href":"https:\/\/trimedea.com\/en\/wp-json\/wp\/v2\/types\/page"}],"author":[{"embeddable":true,"href":"https:\/\/trimedea.com\/en\/wp-json\/wp\/v2\/users\/2"}],"replies":[{"embeddable":true,"href":"https:\/\/trimedea.com\/en\/wp-json\/wp\/v2\/comments?post=53532"}],"version-history":[{"count":2,"href":"https:\/\/trimedea.com\/en\/wp-json\/wp\/v2\/pages\/53532\/revisions"}],"predecessor-version":[{"id":68771,"href":"https:\/\/trimedea.com\/en\/wp-json\/wp\/v2\/pages\/53532\/revisions\/68771"}],"wp:attachment":[{"href":"https:\/\/trimedea.com\/en\/wp-json\/wp\/v2\/media?parent=53532"}],"curies":[{"name":"wp","href":"https:\/\/api.w.org\/{rel}","templated":true}]}}