{"id":69414,"date":"2025-06-12T09:01:02","date_gmt":"2025-06-12T08:01:02","guid":{"rendered":"https:\/\/trimedea.com\/comparison-of-production-processes-for-colloids-and-ionic-solutions\/"},"modified":"2025-09-11T09:40:58","modified_gmt":"2025-09-11T08:40:58","slug":"comparison-of-production-processes-for-colloids-and-ionic-solutions","status":"publish","type":"page","link":"https:\/\/trimedea.com\/en\/comparison-of-production-processes-for-colloids-and-ionic-solutions\/","title":{"rendered":"Comparison of production processes for colloids and ionic solutions"},"content":{"rendered":"<p>[et_pb_section fb_built=&#8221;1&#8243; _builder_version=&#8221;4.27.4&#8243; _module_preset=&#8221;default&#8221; global_colors_info=&#8221;{}&#8221;][et_pb_row _builder_version=&#8221;4.27.4&#8243; _module_preset=&#8221;default&#8221; background_color=&#8221;RGBA(255,255,255,0)&#8221; custom_margin=&#8221;||0px||false|false&#8221; custom_padding=&#8221;30px||0px||false|false&#8221; global_colors_info=&#8221;{}&#8221;][et_pb_column type=&#8221;4_4&#8243; _builder_version=&#8221;4.27.4&#8243; _module_preset=&#8221;default&#8221; global_colors_info=&#8221;{}&#8221;][et_pb_text _builder_version=&#8221;4.27.4&#8243; _module_preset=&#8221;default&#8221; header_text_color=&#8221;#C0A000&#8243; header_line_height=&#8221;1.3em&#8221; header_3_font=&#8221;|700||on|||||&#8221; header_3_text_color=&#8221;#C0A000&#8243; background_color=&#8221;RGBA(255,255,255,0)&#8221; custom_padding=&#8221;10px||10px||true|false&#8221; hover_enabled=&#8221;0&#8243; global_colors_info=&#8221;{}&#8221; sticky_enabled=&#8221;0&#8243;]<\/p>\n<h1>Comparison of manufacturing processes:<br \/>electrolysis, proton resonance process and high-voltage plasma process<\/h1>\n<p><strong>Colloidal metals and ionic solutions are produced using various manufacturing processes. Each method has its <a href=\"https:\/\/gesundheit-und-sport.com\/herstellungsverfahren-von-kolloidalen-metallen-im-ueberblick\/\" target=\"_blank\" rel=\"noopener\">specific advantages and disadvantages<\/a>, possible applications in the hobby sector and potential risks. One crucial difference has now been independently tested: How reliable are manufacturers&#8217; ppm claims?  <\/strong><\/p>\n<p>[\/et_pb_text][\/et_pb_column][\/et_pb_row][et_pb_row column_structure=&#8221;1_3,1_3,1_3&#8243; use_custom_gutter=&#8221;on&#8221; gutter_width=&#8221;1&#8243; _builder_version=&#8221;4.27.4&#8243; _module_preset=&#8221;default&#8221; background_color=&#8221;#ebebeb&#8221; custom_padding=&#8221;0px||0px||true|false&#8221; global_colors_info=&#8221;{}&#8221;][et_pb_column type=&#8221;1_3&#8243; _builder_version=&#8221;4.27.4&#8243; _module_preset=&#8221;default&#8221; global_colors_info=&#8221;{}&#8221;][et_pb_text _builder_version=&#8221;4.27.4&#8243; _module_preset=&#8221;default&#8221; header_2_text_color=&#8221;#C0A000&#8243; custom_padding=&#8221;30px||30px||true|false&#8221; global_colors_info=&#8221;{}&#8221;]<\/p>\n<h2 style=\"text-align: center\">Electrolysis<\/h2>\n<p style=\"text-align: center\"><strong>(Ionic solutions)<br \/><\/strong>TEST REPORT No. 29039<\/p>\n<p>[\/et_pb_text][et_pb_text _builder_version=&#8221;4.27.4&#8243; _module_preset=&#8221;default&#8221; header_3_font=&#8221;|700||on|||||&#8221; header_3_text_color=&#8221;#C0A000&#8243; background_color=&#8221;#d1d1d1&#8243; custom_padding=&#8221;20px||20px||true|false&#8221; global_colors_info=&#8221;{}&#8221;]<\/p>\n<h3 style=\"text-align: center\">Silver<\/h3>\n<p style=\"text-align: center\">Specification according to manufacturer <strong>200ppm<\/strong><br \/>Laboratory measured value <strong>10ppm<\/strong><br \/>Deviation <span style=\"color: #ff0000\"><strong>-95 %<\/strong><\/span> from 100<\/p>\n<p>[\/et_pb_text][et_pb_text _builder_version=&#8221;4.27.4&#8243; _module_preset=&#8221;default&#8221; header_3_font=&#8221;|700||on|||||&#8221; header_3_text_color=&#8221;#C0A000&#8243; custom_padding=&#8221;20px||20px||true|false&#8221; global_colors_info=&#8221;{}&#8221;]<\/p>\n<h3 style=\"text-align: center\">Gold<\/h3>\n<p style=\"text-align: center\">Specification according to manufacturer <strong>50ppm<\/strong><br \/>Laboratory measured value <strong>0.04ppm<\/strong><br \/>Deviation <span style=\"color: #ff0000\"><strong>-99,2 %<\/strong><\/span> from 100<\/p>\n<p>[\/et_pb_text][et_pb_text _builder_version=&#8221;4.27.4&#8243; _module_preset=&#8221;default&#8221; header_3_font=&#8221;|700||on|||||&#8221; header_3_text_color=&#8221;#C0A000&#8243; background_color=&#8221;#d1d1d1&#8243; custom_padding=&#8221;20px||20px||true|false&#8221; global_colors_info=&#8221;{}&#8221;]<\/p>\n<h3 style=\"text-align: center\">Platinum<\/h3>\n<p style=\"text-align: center\">Specification according to manufacturer <strong>25ppm<\/strong><br \/>Laboratory measured value <strong>0.001ppm<\/strong><br \/>Deviation <span style=\"color: #ff0000\"><strong>-99,9 %<\/strong><\/span> from 100<\/p>\n<p>[\/et_pb_text][\/et_pb_column][et_pb_column type=&#8221;1_3&#8243; _builder_version=&#8221;4.27.4&#8243; _module_preset=&#8221;default&#8221; global_colors_info=&#8221;{}&#8221;][et_pb_text _builder_version=&#8221;4.27.4&#8243; _module_preset=&#8221;default&#8221; header_2_text_color=&#8221;#C0A000&#8243; custom_padding=&#8221;30px||30px||true|false&#8221; global_colors_info=&#8221;{}&#8221;]<\/p>\n<h2 style=\"text-align: center\">  Proton resonance method<\/h2>\n<p style=\"text-align: center\"><strong>(secret manufacturing process)<br \/><\/strong>TEST REPORT No. 23889<\/p>\n<p>[\/et_pb_text][et_pb_text _builder_version=&#8221;4.27.4&#8243; _module_preset=&#8221;default&#8221; header_3_font=&#8221;|700||on|||||&#8221; header_3_text_color=&#8221;#C0A000&#8243; background_color=&#8221;#d1d1d1&#8243; custom_padding=&#8221;20px||20px||true|false&#8221; global_colors_info=&#8221;{}&#8221;]<\/p>\n<h3 style=\"text-align: center\">Silver<\/h3>\n<p style=\"text-align: center\">Specification according to manufacturer <strong>50ppm<\/strong><br \/>Laboratory measured value <strong> 0.7ppm<\/strong><br \/>Deviation <span style=\"color: #ff0000\"><strong>-98,6 %<\/strong><\/span> from 100<\/p>\n<p>[\/et_pb_text][et_pb_text _builder_version=&#8221;4.27.4&#8243; _module_preset=&#8221;default&#8221; header_3_font=&#8221;|700||on|||||&#8221; header_3_text_color=&#8221;#C0A000&#8243; custom_padding=&#8221;20px||20px||true|false&#8221; global_colors_info=&#8221;{}&#8221;]<\/p>\n<h3 style=\"text-align: center\">Gold<\/h3>\n<p style=\"text-align: center\">Specification according to manufacturer <strong>55ppm<\/strong><br \/>Laboratory measured value <strong>0.8ppm<\/strong><br \/>Deviation <strong><span style=\"color: #ff0000\">-98,5 %<\/span> <\/strong>from 100<\/p>\n<p>[\/et_pb_text][et_pb_text _builder_version=&#8221;4.27.4&#8243; _module_preset=&#8221;default&#8221; header_3_font=&#8221;|700||on|||||&#8221; header_3_text_color=&#8221;#C0A000&#8243; background_color=&#8221;#d1d1d1&#8243; custom_padding=&#8221;20px||20px||true|false&#8221; global_colors_info=&#8221;{}&#8221;]<\/p>\n<h3 style=\"text-align: center\">Platinum<\/h3>\n<p style=\"text-align: center\">Specification according to manufacturer <strong>50ppm<\/strong><br \/>Laboratory measured value <strong>0.0006ppm<\/strong><br \/>Deviation <span style=\"color: #ff0000\"><strong>-99,9 % <\/strong><\/span>from 100<\/p>\n<p>[\/et_pb_text][\/et_pb_column][et_pb_column type=&#8221;1_3&#8243; _builder_version=&#8221;4.27.4&#8243; _module_preset=&#8221;default&#8221; global_colors_info=&#8221;{}&#8221;][et_pb_text _builder_version=&#8221;4.27.4&#8243; _module_preset=&#8221;default&#8221; header_2_text_color=&#8221;#C0A000&#8243; custom_padding=&#8221;30px||30px||true|false&#8221; global_colors_info=&#8221;{}&#8221;]<\/p>\n<h2 style=\"text-align: center\">High-voltage plasma process<\/h2>\n<p style=\"text-align: center\"><strong>(HVAC\/Bredig manufacturing process)<br \/><\/strong>TEST REPORT No. 4242 \/ 22590 \/ 4242 \/ 32655<\/p>\n<p>[\/et_pb_text][et_pb_text _builder_version=&#8221;4.27.4&#8243; _module_preset=&#8221;default&#8221; header_3_font=&#8221;|700||on|||||&#8221; header_3_text_color=&#8221;#C0A000&#8243; background_color=&#8221;#d1d1d1&#8243; custom_padding=&#8221;20px||20px||true|false&#8221; global_colors_info=&#8221;{}&#8221;]<\/p>\n<h3 style=\"text-align: center\">Silver<\/h3>\n<p style=\"text-align: center\">Specification according to manufacturer <strong>10ppm<\/strong><br \/>Laboratory measured value <strong>11.4ppm<\/strong><br \/>Deviation <strong>114 %<\/strong> from 100 %<\/p>\n<p>[\/et_pb_text][et_pb_text _builder_version=&#8221;4.27.4&#8243; _module_preset=&#8221;default&#8221; header_3_font=&#8221;|700||on|||||&#8221; header_3_text_color=&#8221;#C0A000&#8243; custom_padding=&#8221;20px||20px||true|false&#8221; global_colors_info=&#8221;{}&#8221;]<\/p>\n<h3 style=\"text-align: center\">Gold<\/h3>\n<p style=\"text-align: center\">Specification according to manufacturer <strong>10ppm<\/strong><br \/>Laboratory measured value <strong>7ppm<\/strong><br \/>Deviation <strong><span style=\"color: #ff0000\">-30 %<\/span> <\/strong>from 100<\/p>\n<p>[\/et_pb_text][et_pb_text _builder_version=&#8221;4.27.4&#8243; _module_preset=&#8221;default&#8221; header_3_font=&#8221;|700||on|||||&#8221; header_3_text_color=&#8221;#C0A000&#8243; background_color=&#8221;#d1d1d1&#8243; custom_padding=&#8221;20px||20px||true|false&#8221; global_colors_info=&#8221;{}&#8221;]<\/p>\n<h3 style=\"text-align: center\">Platinum<\/h3>\n<p style=\"text-align: center\">Specification according to manufacturer <strong>5ppm<\/strong><br \/>Laboratory measured value<strong> 5.7ppm<\/strong><br \/>Deviation <strong>114 % <\/strong>from 100 %<\/p>\n<p>[\/et_pb_text][\/et_pb_column][\/et_pb_row][et_pb_row _builder_version=&#8221;4.27.4&#8243; _module_preset=&#8221;default&#8221; global_colors_info=&#8221;{}&#8221;][et_pb_column type=&#8221;4_4&#8243; _builder_version=&#8221;4.27.4&#8243; _module_preset=&#8221;default&#8221; global_colors_info=&#8221;{}&#8221;][et_pb_text _builder_version=&#8221;4.27.4&#8243; _module_preset=&#8221;default&#8221; min_height=&#8221;235.2px&#8221; custom_margin=&#8221;46px|||||&#8221; global_colors_info=&#8221;{}&#8221;]<\/p>\n<h3 style=\"text-align: left\"><strong>Explanation of the results: Only one method delivers what it promises<\/strong><\/h3>\n<p style=\"text-align: left\">The significant deviations in the stated ppm (parts per million) make it easy to see that neither electrolysis nor the mysterious proton resonance process are suitable for the production of high-quality colloidal solutions. The quantities in the liquids usually differ by almost 100 % from the advertised values &#8211; only a tiny fraction of the metals are actually present in these &#8220;colloids&#8221;. <\/p>\n<p style=\"text-align: left\">This is because electrolysis should not actually be referred to as colloidal metals, they are only ionic solutions. There is a chemical-physical difference between ionic metal solutions and colloids, which influences the quality, particle size, concentration, coloration and effect in the metabolism. <\/p>\n<ul>\n<li style=\"text-align: left\"><strong>Electrolysis<\/strong> produces ionic solutions (reactive) and not colloidal dispersions. Read more: <a href=\"https:\/\/gesundheit-und-sport.com\/unterschiede-zwischen-elektrolyse-und-hochvolt-plasmaverfahren\/\" target=\"_blank\" rel=\"noopener\">Differences between electrolysis and the high-voltage plasma process<\/a> <\/li>\n<li style=\"text-align: left\">No statements are made about the manufacturing process for the <strong>proton resonance method<\/strong> and there is no scientifically verifiable literature. Read more: <a href=\"https:\/\/gesundheit-und-sport.com\/protonenresonanz-ein-fragwuerdiges-verfahren\/\" target=\"_blank\" rel=\"noopener\">Proton resonance &#8211; a questionable procedure<\/a> <\/li>\n<li style=\"text-align: left\">The <strong>high-voltage plasma process<\/strong> produces colloidal dispersions = real colloids. There is extensive scientific literature and various studies on this. Read more: <a href=\"https:\/\/gesundheit-und-sport.com\/kolloidales-gold-silber-und-platin-im-hochvolt-plasma-verfahren\/\" target=\"_blank\" rel=\"noopener\">Colloidal metals in the high-voltage plasma process<\/a>  <\/li>\n<\/ul>\n<p>&nbsp;<\/p>\n<p style=\"text-align: left\">The<strong> ICP-MS (Inductively Coupled Plasma Mass Spectrometry)<\/strong> analysis method is a state-of-the-art method for determining metal concentrations in colloidal solutions.<\/p>\n<p><img loading=\"lazy\" decoding=\"async\" class=\"wp-image-67710 alignnone size-full\" style=\"float: left\" src=\"https:\/\/trimedea.com\/wp-content\/uploads\/2025\/06\/ostrava.png\" alt=\"\" width=\"66\" height=\"68\">The studies were conducted by the <a href=\"https:\/\/en.zuova.cz\/\"><strong>Institute of Public Health in Ostrava,<\/strong><\/a> Czech Republic.<br \/>Partyz\u00e1nsk\u00e9 n\u00e1m\u011bst\u00ed 2633\/7, Moravsk\u00e1 Ostrava, 702 00 Ostrava<\/p>\n<p>[\/et_pb_text][\/et_pb_column][\/et_pb_row][\/et_pb_section]<\/p>\n","protected":false},"excerpt":{"rendered":"<p>Production processes for colloids and ionic solutions: How well do proton resonance processes and electrolysis compare with the high-voltage plasma process?<\/p>\n","protected":false},"author":2,"featured_media":0,"parent":0,"menu_order":0,"comment_status":"closed","ping_status":"closed","template":"","meta":{"_et_pb_use_builder":"on","_et_pb_old_content":"","_et_gb_content_width":"","footnotes":""},"class_list":["post-69414","page","type-page","status-publish","hentry"],"yoast_head":"<!-- This site is optimized with the Yoast SEO plugin v27.3 - https:\/\/yoast.com\/product\/yoast-seo-wordpress\/ -->\n<title>Comparison of production processes for colloids and ionic solutions<\/title>\n<meta name=\"description\" content=\"Production processes for colloids: how good are proton resonance and electrolysis compared to the high-voltage plasma process?\" \/>\n<meta name=\"robots\" content=\"index, follow, max-snippet:-1, max-image-preview:large, max-video-preview:-1\" \/>\n<link rel=\"canonical\" href=\"https:\/\/trimedea.com\/en\/comparison-of-production-processes-for-colloids-and-ionic-solutions\/\" \/>\n<meta property=\"og:locale\" content=\"en_US\" \/>\n<meta property=\"og:type\" content=\"article\" \/>\n<meta property=\"og:title\" content=\"Comparison of production processes for colloids and ionic solutions\" \/>\n<meta property=\"og:description\" content=\"Production processes for colloids: how good are proton resonance and electrolysis compared to the high-voltage plasma process?\" \/>\n<meta property=\"og:url\" content=\"https:\/\/trimedea.com\/en\/comparison-of-production-processes-for-colloids-and-ionic-solutions\/\" \/>\n<meta property=\"og:site_name\" content=\"TRIMEDEA\" \/>\n<meta property=\"article:modified_time\" content=\"2025-09-11T08:40:58+00:00\" \/>\n<meta property=\"og:image\" content=\"https:\/\/trimedea.com\/wp-content\/uploads\/2025\/06\/ostrava.png\" \/>\n\t<meta property=\"og:image:width\" content=\"268\" \/>\n\t<meta property=\"og:image:height\" content=\"215\" \/>\n\t<meta property=\"og:image:type\" content=\"image\/png\" \/>\n<meta name=\"twitter:card\" content=\"summary_large_image\" \/>\n<script type=\"application\/ld+json\" class=\"yoast-schema-graph\">{\"@context\":\"https:\\\/\\\/schema.org\",\"@graph\":[{\"@type\":\"WebPage\",\"@id\":\"https:\\\/\\\/trimedea.com\\\/en\\\/comparison-of-production-processes-for-colloids-and-ionic-solutions\\\/\",\"url\":\"https:\\\/\\\/trimedea.com\\\/en\\\/comparison-of-production-processes-for-colloids-and-ionic-solutions\\\/\",\"name\":\"Comparison of production processes for colloids and ionic solutions\",\"isPartOf\":{\"@id\":\"https:\\\/\\\/trimedea.com\\\/en\\\/#website\"},\"primaryImageOfPage\":{\"@id\":\"https:\\\/\\\/trimedea.com\\\/en\\\/comparison-of-production-processes-for-colloids-and-ionic-solutions\\\/#primaryimage\"},\"image\":{\"@id\":\"https:\\\/\\\/trimedea.com\\\/en\\\/comparison-of-production-processes-for-colloids-and-ionic-solutions\\\/#primaryimage\"},\"thumbnailUrl\":\"https:\\\/\\\/trimedea.com\\\/wp-content\\\/uploads\\\/2025\\\/06\\\/ostrava.png\",\"datePublished\":\"2025-06-12T08:01:02+00:00\",\"dateModified\":\"2025-09-11T08:40:58+00:00\",\"description\":\"Production processes for colloids: how good are proton resonance and electrolysis compared to the high-voltage plasma process?\",\"breadcrumb\":{\"@id\":\"https:\\\/\\\/trimedea.com\\\/en\\\/comparison-of-production-processes-for-colloids-and-ionic-solutions\\\/#breadcrumb\"},\"inLanguage\":\"en-US\",\"potentialAction\":[{\"@type\":\"ReadAction\",\"target\":[\"https:\\\/\\\/trimedea.com\\\/en\\\/comparison-of-production-processes-for-colloids-and-ionic-solutions\\\/\"]}]},{\"@type\":\"ImageObject\",\"inLanguage\":\"en-US\",\"@id\":\"https:\\\/\\\/trimedea.com\\\/en\\\/comparison-of-production-processes-for-colloids-and-ionic-solutions\\\/#primaryimage\",\"url\":\"https:\\\/\\\/trimedea.com\\\/wp-content\\\/uploads\\\/2025\\\/06\\\/ostrava.png\",\"contentUrl\":\"https:\\\/\\\/trimedea.com\\\/wp-content\\\/uploads\\\/2025\\\/06\\\/ostrava.png\"},{\"@type\":\"BreadcrumbList\",\"@id\":\"https:\\\/\\\/trimedea.com\\\/en\\\/comparison-of-production-processes-for-colloids-and-ionic-solutions\\\/#breadcrumb\",\"itemListElement\":[{\"@type\":\"ListItem\",\"position\":1,\"name\":\"Startseite\",\"item\":\"https:\\\/\\\/trimedea.com\\\/en\\\/\"},{\"@type\":\"ListItem\",\"position\":2,\"name\":\"Comparison of production processes for colloids and ionic solutions\"}]},{\"@type\":\"WebSite\",\"@id\":\"https:\\\/\\\/trimedea.com\\\/en\\\/#website\",\"url\":\"https:\\\/\\\/trimedea.com\\\/en\\\/\",\"name\":\"TRIMEDEA\",\"description\":\"F\u00fcr einen gesunden K\u00f6rper und Geist\",\"publisher\":{\"@id\":\"https:\\\/\\\/trimedea.com\\\/en\\\/#organization\"},\"potentialAction\":[{\"@type\":\"SearchAction\",\"target\":{\"@type\":\"EntryPoint\",\"urlTemplate\":\"https:\\\/\\\/trimedea.com\\\/en\\\/?s={search_term_string}\"},\"query-input\":{\"@type\":\"PropertyValueSpecification\",\"valueRequired\":true,\"valueName\":\"search_term_string\"}}],\"inLanguage\":\"en-US\"},{\"@type\":\"Organization\",\"@id\":\"https:\\\/\\\/trimedea.com\\\/en\\\/#organization\",\"name\":\"TRIMEDEA\",\"url\":\"https:\\\/\\\/trimedea.com\\\/en\\\/\",\"logo\":{\"@type\":\"ImageObject\",\"inLanguage\":\"en-US\",\"@id\":\"https:\\\/\\\/trimedea.com\\\/en\\\/#\\\/schema\\\/logo\\\/image\\\/\",\"url\":\"https:\\\/\\\/trimedea.com\\\/wp-content\\\/uploads\\\/2024\\\/04\\\/TRIMEDEA_LOGO.png\",\"contentUrl\":\"https:\\\/\\\/trimedea.com\\\/wp-content\\\/uploads\\\/2024\\\/04\\\/TRIMEDEA_LOGO.png\",\"width\":540,\"height\":248,\"caption\":\"TRIMEDEA\"},\"image\":{\"@id\":\"https:\\\/\\\/trimedea.com\\\/en\\\/#\\\/schema\\\/logo\\\/image\\\/\"}}]}<\/script>\n<!-- \/ Yoast SEO plugin. -->","yoast_head_json":{"title":"Comparison of production processes for colloids and ionic solutions","description":"Production processes for colloids: how good are proton resonance and electrolysis compared to the high-voltage plasma process?","robots":{"index":"index","follow":"follow","max-snippet":"max-snippet:-1","max-image-preview":"max-image-preview:large","max-video-preview":"max-video-preview:-1"},"canonical":"https:\/\/trimedea.com\/en\/comparison-of-production-processes-for-colloids-and-ionic-solutions\/","og_locale":"en_US","og_type":"article","og_title":"Comparison of production processes for colloids and ionic solutions","og_description":"Production processes for colloids: how good are proton resonance and electrolysis compared to the high-voltage plasma process?","og_url":"https:\/\/trimedea.com\/en\/comparison-of-production-processes-for-colloids-and-ionic-solutions\/","og_site_name":"TRIMEDEA","article_modified_time":"2025-09-11T08:40:58+00:00","og_image":[{"width":268,"height":215,"url":"https:\/\/trimedea.com\/wp-content\/uploads\/2025\/06\/ostrava.png","type":"image\/png"}],"twitter_card":"summary_large_image","schema":{"@context":"https:\/\/schema.org","@graph":[{"@type":"WebPage","@id":"https:\/\/trimedea.com\/en\/comparison-of-production-processes-for-colloids-and-ionic-solutions\/","url":"https:\/\/trimedea.com\/en\/comparison-of-production-processes-for-colloids-and-ionic-solutions\/","name":"Comparison of production processes for colloids and ionic solutions","isPartOf":{"@id":"https:\/\/trimedea.com\/en\/#website"},"primaryImageOfPage":{"@id":"https:\/\/trimedea.com\/en\/comparison-of-production-processes-for-colloids-and-ionic-solutions\/#primaryimage"},"image":{"@id":"https:\/\/trimedea.com\/en\/comparison-of-production-processes-for-colloids-and-ionic-solutions\/#primaryimage"},"thumbnailUrl":"https:\/\/trimedea.com\/wp-content\/uploads\/2025\/06\/ostrava.png","datePublished":"2025-06-12T08:01:02+00:00","dateModified":"2025-09-11T08:40:58+00:00","description":"Production processes for colloids: how good are proton resonance and electrolysis compared to the high-voltage plasma process?","breadcrumb":{"@id":"https:\/\/trimedea.com\/en\/comparison-of-production-processes-for-colloids-and-ionic-solutions\/#breadcrumb"},"inLanguage":"en-US","potentialAction":[{"@type":"ReadAction","target":["https:\/\/trimedea.com\/en\/comparison-of-production-processes-for-colloids-and-ionic-solutions\/"]}]},{"@type":"ImageObject","inLanguage":"en-US","@id":"https:\/\/trimedea.com\/en\/comparison-of-production-processes-for-colloids-and-ionic-solutions\/#primaryimage","url":"https:\/\/trimedea.com\/wp-content\/uploads\/2025\/06\/ostrava.png","contentUrl":"https:\/\/trimedea.com\/wp-content\/uploads\/2025\/06\/ostrava.png"},{"@type":"BreadcrumbList","@id":"https:\/\/trimedea.com\/en\/comparison-of-production-processes-for-colloids-and-ionic-solutions\/#breadcrumb","itemListElement":[{"@type":"ListItem","position":1,"name":"Startseite","item":"https:\/\/trimedea.com\/en\/"},{"@type":"ListItem","position":2,"name":"Comparison of production processes for colloids and ionic solutions"}]},{"@type":"WebSite","@id":"https:\/\/trimedea.com\/en\/#website","url":"https:\/\/trimedea.com\/en\/","name":"TRIMEDEA","description":"F\u00fcr einen gesunden K\u00f6rper und Geist","publisher":{"@id":"https:\/\/trimedea.com\/en\/#organization"},"potentialAction":[{"@type":"SearchAction","target":{"@type":"EntryPoint","urlTemplate":"https:\/\/trimedea.com\/en\/?s={search_term_string}"},"query-input":{"@type":"PropertyValueSpecification","valueRequired":true,"valueName":"search_term_string"}}],"inLanguage":"en-US"},{"@type":"Organization","@id":"https:\/\/trimedea.com\/en\/#organization","name":"TRIMEDEA","url":"https:\/\/trimedea.com\/en\/","logo":{"@type":"ImageObject","inLanguage":"en-US","@id":"https:\/\/trimedea.com\/en\/#\/schema\/logo\/image\/","url":"https:\/\/trimedea.com\/wp-content\/uploads\/2024\/04\/TRIMEDEA_LOGO.png","contentUrl":"https:\/\/trimedea.com\/wp-content\/uploads\/2024\/04\/TRIMEDEA_LOGO.png","width":540,"height":248,"caption":"TRIMEDEA"},"image":{"@id":"https:\/\/trimedea.com\/en\/#\/schema\/logo\/image\/"}}]}},"_links":{"self":[{"href":"https:\/\/trimedea.com\/en\/wp-json\/wp\/v2\/pages\/69414","targetHints":{"allow":["GET"]}}],"collection":[{"href":"https:\/\/trimedea.com\/en\/wp-json\/wp\/v2\/pages"}],"about":[{"href":"https:\/\/trimedea.com\/en\/wp-json\/wp\/v2\/types\/page"}],"author":[{"embeddable":true,"href":"https:\/\/trimedea.com\/en\/wp-json\/wp\/v2\/users\/2"}],"replies":[{"embeddable":true,"href":"https:\/\/trimedea.com\/en\/wp-json\/wp\/v2\/comments?post=69414"}],"version-history":[{"count":4,"href":"https:\/\/trimedea.com\/en\/wp-json\/wp\/v2\/pages\/69414\/revisions"}],"predecessor-version":[{"id":69418,"href":"https:\/\/trimedea.com\/en\/wp-json\/wp\/v2\/pages\/69414\/revisions\/69418"}],"wp:attachment":[{"href":"https:\/\/trimedea.com\/en\/wp-json\/wp\/v2\/media?parent=69414"}],"curies":[{"name":"wp","href":"https:\/\/api.w.org\/{rel}","templated":true}]}}