{"id":55198,"date":"2024-07-03T08:20:38","date_gmt":"2024-07-03T07:20:38","guid":{"rendered":"https:\/\/test.trimedea.com\/?post_type=product&#038;p=55198"},"modified":"2025-09-11T09:40:58","modified_gmt":"2025-09-11T08:40:58","slug":"booster-starter-set","status":"publish","type":"product","link":"https:\/\/trimedea.com\/en\/product\/booster-starter-set\/","title":{"rendered":"Booster Starter Set"},"content":{"rendered":"<p>[et_pb_section fb_built=&#8221;1&#8243; _builder_version=&#8221;4.26.0&#8243; custom_margin=&#8221;||||false|false&#8221; custom_padding=&#8221;0px||3px||false|false&#8221; global_colors_info=&#8221;{}&#8221;][et_pb_row _builder_version=&#8221;4.26.0&#8243; background_size=&#8221;initial&#8221; background_position=&#8221;top_left&#8221; background_repeat=&#8221;repeat&#8221; width=&#8221;100%&#8221; custom_margin=&#8221;||||false|false&#8221; custom_padding=&#8221;0px||0px||false|false&#8221; global_colors_info=&#8221;{}&#8221;][et_pb_column type=&#8221;4_4&#8243; _builder_version=&#8221;4.16&#8243; custom_padding=&#8221;|||&#8221; global_colors_info=&#8221;{}&#8221; custom_padding__hover=&#8221;|||&#8221;][et_pb_wc_breadcrumb breadcrumb_home_text=&#8221;TRIMEDEA SHOP&#8221; breadcrumb_home_url=&#8221;https:\/\/trimedea.com\/trimedea-shop&#8221; breadcrumb_separator=&#8221;|&#8221; admin_label=&#8221;WOO BREADCRUMBS DE&#8221; _builder_version=&#8221;4.26.0&#8243; custom_margin=&#8221;||||false|false&#8221; custom_margin_tablet=&#8221;||||false|false&#8221; custom_margin_phone=&#8221;||||false|false&#8221; custom_margin_last_edited=&#8221;on|phone&#8221; custom_padding=&#8221;0px||30px||false|false&#8221; saved_tabs=&#8221;all&#8221; global_colors_info=&#8221;{}&#8221;][\/et_pb_wc_breadcrumb][et_pb_wc_cart_notice _builder_version=&#8221;4.16&#8243; custom_button=&#8221;on&#8221; button_border_width=&#8221;1px&#8221; button_border_color=&#8221;#FFFFFF&#8221; global_colors_info=&#8221;{}&#8221;][\/et_pb_wc_cart_notice][\/et_pb_column][\/et_pb_row][et_pb_row column_structure=&#8221;1_2,1_2&#8243; _builder_version=&#8221;4.25.0&#8243; background_size=&#8221;initial&#8221; background_position=&#8221;top_left&#8221; background_repeat=&#8221;repeat&#8221; width=&#8221;100%&#8221; custom_margin=&#8221;0px||||false|false&#8221; custom_padding=&#8221;||||false|false&#8221; global_colors_info=&#8221;{}&#8221;][et_pb_column type=&#8221;1_2&#8243; _builder_version=&#8221;4.25.0&#8243; custom_padding=&#8221;|||&#8221; custom_padding_tablet=&#8221;|||&#8221; custom_padding_phone=&#8221;|0px||0px|false|false&#8221; custom_padding_last_edited=&#8221;on|phone&#8221; global_colors_info=&#8221;{}&#8221; custom_padding__hover=&#8221;|||&#8221;][et_pb_wc_images _builder_version=&#8221;4.25.0&#8243; custom_margin_tablet=&#8221;&#8221; custom_margin_phone=&#8221;||||false|false&#8221; custom_margin_last_edited=&#8221;on|phone&#8221; custom_padding_tablet=&#8221;&#8221; custom_padding_phone=&#8221;30px||||false|false&#8221; custom_padding_last_edited=&#8221;on|phone&#8221; global_colors_info=&#8221;{}&#8221;][\/et_pb_wc_images][\/et_pb_column][et_pb_column type=&#8221;1_2&#8243; _builder_version=&#8221;4.16&#8243; custom_padding=&#8221;|||&#8221; global_colors_info=&#8221;{}&#8221; custom_padding__hover=&#8221;|||&#8221;][et_pb_wc_title _builder_version=&#8221;4.16&#8243; global_colors_info=&#8221;{}&#8221;][\/et_pb_wc_title][et_pb_wc_description _builder_version=&#8221;4.26.0&#8243; global_colors_info=&#8221;{}&#8221;][\/et_pb_wc_description][et_pb_wc_price _builder_version=&#8221;4.24.3&#8243; body_font=&#8221;|600|||||||&#8221; global_colors_info=&#8221;{}&#8221;][\/et_pb_wc_price][et_pb_wc_add_to_cart _builder_version=&#8221;4.16&#8243; global_colors_info=&#8221;{}&#8221;][\/et_pb_wc_add_to_cart][et_pb_wc_meta _builder_version=&#8221;4.16&#8243; global_colors_info=&#8221;{}&#8221;][\/et_pb_wc_meta][\/et_pb_column][\/et_pb_row][et_pb_row column_structure=&#8221;1_2,1_2&#8243; _builder_version=&#8221;4.25.0&#8243; _module_preset=&#8221;default&#8221; width=&#8221;100%&#8221; global_colors_info=&#8221;{}&#8221; custom_css_main_element_phone=&#8221;display: flex;||flex-wrap: wrap;&#8221; custom_css_main_element_last_edited=&#8221;on|phone&#8221;][et_pb_column type=&#8221;1_2&#8243; _builder_version=&#8221;4.25.0&#8243; _module_preset=&#8221;default&#8221; global_colors_info=&#8221;{}&#8221; custom_css_main_element_last_edited=&#8221;on|phone&#8221; custom_css_main_element_phone=&#8221;order:2;&#8221;][et_pb_text admin_label=&#8221;ANGEBOT&#8221; _builder_version=&#8221;4.26.0&#8243; _module_preset=&#8221;default&#8221; ul_font_size=&#8221;16px&#8221; ul_line_height=&#8221;1.7em&#8221; header_2_line_height=&#8221;1.5em&#8221; header_3_line_height=&#8221;1.5em&#8221; background_color=&#8221;#ebebeb&#8221; width_tablet=&#8221;&#8221; width_phone=&#8221;100%&#8221; width_last_edited=&#8221;on|phone&#8221; max_width=&#8221;100%&#8221; custom_margin_tablet=&#8221;&#8221; custom_margin_phone=&#8221;30px||||false|false&#8221; custom_margin_last_edited=&#8221;on|phone&#8221; custom_padding=&#8221;30px|30px|30px|30px|true|true&#8221; custom_padding_tablet=&#8221;30px|30px|30px|30px|true|true&#8221; custom_padding_phone=&#8221;0px|0px|0px|0px|true|true&#8221; custom_padding_last_edited=&#8221;on|phone&#8221; background_color_phone=&#8221;RGBA(255,255,255,0)&#8221; background_last_edited=&#8221;on|phone&#8221; background_enable_color_phone=&#8221;on&#8221; global_colors_info=&#8221;{}&#8221;]<\/p>\n<h2><span style=\"color: #c0a000\"><strong>Booster starter set:<br \/>\n<\/strong><\/strong><\/span><strong>Only 199 euros<\/strong><br \/>\nYou save 80 euros*!<\/h2>\n<p>[\/et_pb_text][\/et_pb_column][et_pb_column type=&#8221;1_2&#8243; _builder_version=&#8221;4.25.0&#8243; _module_preset=&#8221;default&#8221; global_colors_info=&#8221;{}&#8221; custom_css_main_element_last_edited=&#8221;on|phone&#8221; custom_css_main_element_phone=&#8221;order:1;&#8221;][et_pb_text admin_label=&#8221;PRODUKTDETAILS&#8221; _builder_version=&#8221;4.26.0&#8243; _module_preset=&#8221;default&#8221; global_colors_info=&#8221;{}&#8221;]<\/p>\n<p>Fill up <strong>your precious metal reserves now with the affordable booster starter set<\/strong>:<\/p>\n<ul>\n<li>3 x 500 ml colloidal gold, silver, platinum<\/li>\n<li>1 x 100 ml spray bottle of your choice (silver, copper, zinc, gold, cobalt)<\/li>\n<li>1 x 1000 ml gold or platinum: the choice is yours<\/li>\n<li>40 ml measuring glass<\/li>\n<\/ul>\n<p>[\/et_pb_text][\/et_pb_column][\/et_pb_row][et_pb_row custom_padding_last_edited=&#8221;on|phone&#8221; _builder_version=&#8221;4.25.0&#8243; background_size=&#8221;initial&#8221; background_position=&#8221;top_left&#8221; background_repeat=&#8221;repeat&#8221; width=&#8221;100%&#8221; custom_margin_tablet=&#8221;&#8221; custom_margin_phone=&#8221;||||false|false&#8221; custom_margin_last_edited=&#8221;on|phone&#8221; custom_padding_tablet=&#8221;&#8221; custom_padding_phone=&#8221;0px||||false|false&#8221; global_colors_info=&#8221;{}&#8221;][et_pb_column type=&#8221;4_4&#8243; _builder_version=&#8221;4.16&#8243; custom_padding=&#8221;|||&#8221; global_colors_info=&#8221;{}&#8221; custom_padding__hover=&#8221;|||&#8221;][et_pb_wc_upsells _builder_version=&#8221;4.16&#8243; global_colors_info=&#8221;{}&#8221;][\/et_pb_wc_upsells][et_pb_wc_related_products posts_number=&#8221;4&#8243; columns_number=&#8221;4&#8243; include_categories=&#8221;87&#8243; _builder_version=&#8221;4.25.1&#8243; global_colors_info=&#8221;{}&#8221;][\/et_pb_wc_related_products][\/et_pb_column][\/et_pb_row][et_pb_row _builder_version=&#8221;4.25.0&#8243; _module_preset=&#8221;default&#8221; background_color=&#8221;RGBA(255,255,255,0)&#8221; width=&#8221;100%&#8221; max_width=&#8221;100%&#8221; custom_margin=&#8221;0px||||false|false&#8221; custom_padding=&#8221;||||false|false&#8221; global_colors_info=&#8221;{}&#8221;][et_pb_column type=&#8221;4_4&#8243; _builder_version=&#8221;4.25.0&#8243; _module_preset=&#8221;default&#8221; background_color=&#8221;RGBA(255,255,255,0)&#8221; global_colors_info=&#8221;{}&#8221;][et_pb_text _builder_version=&#8221;4.26.0&#8243; _module_preset=&#8221;default&#8221; header_text_color=&#8221;#C0A000&#8243; header_2_font=&#8221;|600|||||||&#8221; header_2_text_color=&#8221;#C0A000&#8243; header_2_font_size=&#8221;28px&#8221; header_2_line_height=&#8221;1.5em&#8221; global_colors_info=&#8221;{}&#8221;]<\/p>\n<h2 style=\"text-align: center\">Booster Starter Set<\/h2>\n<h3 style=\"text-align: center\">Our affordable starter package<\/h3>\n<p>[\/et_pb_text][et_pb_text admin_label=&#8221;DETAILS&#8221; _builder_version=&#8221;4.27.4&#8243; _module_preset=&#8221;default&#8221; header_2_line_height=&#8221;1.5em&#8221; header_5_text_color=&#8221;#C0A000&#8243; background_color=&#8221;RGBA(255,255,255,0)&#8221; width_tablet=&#8221;&#8221; width_phone=&#8221;&#8221; width_last_edited=&#8221;on|desktop&#8221; hover_enabled=&#8221;0&#8243; global_module=&#8221;57633&#8243; saved_tabs=&#8221;all&#8221; locked=&#8221;off&#8221; global_colors_info=&#8221;{}&#8221; sticky_enabled=&#8221;0&#8243;]<\/p>\n<h3>Was sind kolloidale Metalle und wie nimmt man sie ein?<\/h3>\n<p>Bei echten kolloidalen Metallen handelt es sich um sehr feine Metallpartikel, die in Wasser schweben und keine Verbindung mit dem Wasser eingehen \u2013 im Gegensatz zu ionischen L\u00f6sungen (elektrolytische Herstellung). Die Gr\u00f6\u00dfe der einzelnen Teilchen liegt zwischen 1 und 20 Nanometer (1 nm = ein milliardstel Meter). Die Partikel dieser fl\u00fcssigen Dispersion k\u00f6nnen durch verschiedene Herstellungsverfahren entstehen, die je nach Verfahren einen erheblichen Einfluss auf die Eigenschaften und Qualit\u00e4t haben. Mehr \u00fcber <a href=\"https:\/\/gesundheit-und-sport.com\/anwendung-und-dosierung-von-kolloidalen-metallen\/\" target=\"_blank\" rel=\"noopener\">Anwendung und Dosierung von Kolloiden<\/a>\u00a0erfahren Sie in dem Info-Portal der FGS. Weitere Informationen zu Teilchengr\u00f6\u00dfe (nm), Konzentration (ppm), Wirksamkeit und Bioverf\u00fcgbarkeit finden Sie in <a href=\"https:\/\/trimedea.com\/faq-kolloidale-metalle\/\" target=\"_blank\" rel=\"noopener\">unseren FAQ hier. <\/a><strong>Warum kolloidale Metalle als Katalysatoren und Stoffwechselbeschleuniger so wichtig sind,<\/strong> erfahren Sie <a href=\"https:\/\/gesundheit-und-sport.com\/katalytisch-aktive-metalle-wichtige-elemente-fuer-unsere-gesundheit\/\" target=\"_blank\" rel=\"noopener\">hier<\/a>.<\/p>\n<p>Zur Herstellung von echten kolloidalen Metallen eignet sich das Hochvolt-Plasmaverfahren aus bio-logischer Sicht am besten. Warum die Herstellung mittels Elektrolyse (= ionische L\u00f6sung \/ wenig echte Kolloide) oder dem geheimnisumwobenen Prototenresonanzverfahren mehr Risiken als Vorteile hat und <a href=\"https:\/\/gesundheit-und-sport.com\/herstellungsverfahren-von-kolloidalen-metallen-im-ueberblick\/\" target=\"_blank\" rel=\"noopener\">was genau die Unterschiede zwischen den Verfahren sind<\/a>, erfahren Sie. Wir haben auch getestet, wie zuverl\u00e4ssig die ppm-Angaben der Verfahren sind, hier finden Sie die <a href=\"https:\/\/trimedea.com\/herstellungsverfahren-fuer-kolloide-und-ionische-loesungen-im-vergleich\/\" target=\"_blank\" rel=\"noopener\">Ergebnisse der Untersuchungen<\/a>.\u00a0<\/p>\n<p>[\/et_pb_text][et_pb_video _builder_version=&#8221;4.25.2&#8243; _module_preset=&#8221;default&#8221; global_colors_info=&#8221;{}&#8221;][\/et_pb_video][\/et_pb_column][\/et_pb_row][\/et_pb_section]<\/p>\n","protected":false},"excerpt":{"rendered":"<p><strong>Your Booster Starter Set<\/strong> made from 99.9 &#8211; 99.99 % pure metal. <strong>Many metals also occur in the human body as highly catalytically active trace elements and fulfill very important functions there.<\/strong> Especially in brain metabolism, enzyme and hormone metabolism and in repair processes. The brain-active metals gold and platinum should be raised to a higher level quickly so that all processes controlled by the brain run more smoothly.<\/p>\n","protected":false},"featured_media":55250,"template":"","meta":{"_et_pb_use_builder":"on","_et_pb_old_content":"","_et_gb_content_width":"","footnotes":""},"product_brand":[],"product_cat":[122],"product_tag":[127,249,248,241,242],"class_list":{"0":"post-55198","1":"product","2":"type-product","3":"status-publish","4":"has-post-thumbnail","6":"product_cat-starter-sets-en","7":"product_tag-bestseller-en","8":"product_tag-fitness-energy","9":"product_tag-immune-system","10":"product_tag-mind-brain","11":"product_tag-stress-exhaustion","13":"first","14":"instock","15":"sale","16":"taxable","17":"shipping-taxable","18":"purchasable","19":"product-type-variable"},"yoast_head":"<!-- This site is optimized with the Yoast SEO plugin v27.4 - https:\/\/yoast.com\/product\/yoast-seo-wordpress\/ -->\n<title>Booster Starter Set - TRIMEDEA<\/title>\n<meta name=\"description\" content=\"Booster starter set with 500 ml each of colloidal gold, silver and platinum, 1 liter of gold or platinum, 100 ml of your choice of gold, silver, copper, zinc or cobalt\" \/>\n<meta name=\"robots\" content=\"index, follow, max-snippet:-1, max-image-preview:large, max-video-preview:-1\" \/>\n<link rel=\"canonical\" href=\"https:\/\/trimedea.com\/en\/product\/booster-starter-set\/\" \/>\n<meta property=\"og:locale\" content=\"en_US\" \/>\n<meta property=\"og:type\" content=\"article\" \/>\n<meta property=\"og:title\" content=\"Booster Starter Set - TRIMEDEA\" \/>\n<meta property=\"og:description\" content=\"Booster starter set with 500 ml each of colloidal gold, silver and platinum, 1 liter of gold or platinum, 100 ml of your choice of gold, silver, copper, zinc or cobalt\" \/>\n<meta property=\"og:url\" content=\"https:\/\/trimedea.com\/en\/product\/booster-starter-set\/\" \/>\n<meta property=\"og:site_name\" content=\"TRIMEDEA\" \/>\n<meta property=\"article:modified_time\" content=\"2025-09-11T08:40:58+00:00\" \/>\n<meta property=\"og:image\" content=\"https:\/\/trimedea.com\/wp-content\/uploads\/2024\/07\/starter-set-booster.jpg\" \/>\n\t<meta property=\"og:image:width\" content=\"1000\" \/>\n\t<meta property=\"og:image:height\" content=\"1000\" \/>\n\t<meta property=\"og:image:type\" content=\"image\/jpeg\" \/>\n<meta name=\"twitter:card\" content=\"summary_large_image\" \/>\n<script type=\"application\/ld+json\" class=\"yoast-schema-graph\">{\"@context\":\"https:\\\/\\\/schema.org\",\"@graph\":[{\"@type\":\"WebPage\",\"@id\":\"https:\\\/\\\/trimedea.com\\\/en\\\/product\\\/booster-starter-set\\\/\",\"url\":\"https:\\\/\\\/trimedea.com\\\/en\\\/product\\\/booster-starter-set\\\/\",\"name\":\"Booster Starter Set - TRIMEDEA\",\"isPartOf\":{\"@id\":\"https:\\\/\\\/trimedea.com\\\/en\\\/#website\"},\"primaryImageOfPage\":{\"@id\":\"https:\\\/\\\/trimedea.com\\\/en\\\/product\\\/booster-starter-set\\\/#primaryimage\"},\"image\":{\"@id\":\"https:\\\/\\\/trimedea.com\\\/en\\\/product\\\/booster-starter-set\\\/#primaryimage\"},\"thumbnailUrl\":\"https:\\\/\\\/trimedea.com\\\/wp-content\\\/uploads\\\/2024\\\/07\\\/starter-set-booster.jpg\",\"datePublished\":\"2024-07-03T07:20:38+00:00\",\"dateModified\":\"2025-09-11T08:40:58+00:00\",\"description\":\"Booster starter set with 500 ml each of colloidal gold, silver and platinum, 1 liter of gold or platinum, 100 ml of your choice of gold, silver, copper, zinc or cobalt\",\"breadcrumb\":{\"@id\":\"https:\\\/\\\/trimedea.com\\\/en\\\/product\\\/booster-starter-set\\\/#breadcrumb\"},\"inLanguage\":\"en-US\",\"potentialAction\":[{\"@type\":\"ReadAction\",\"target\":[\"https:\\\/\\\/trimedea.com\\\/en\\\/product\\\/booster-starter-set\\\/\"]}]},{\"@type\":\"ImageObject\",\"inLanguage\":\"en-US\",\"@id\":\"https:\\\/\\\/trimedea.com\\\/en\\\/product\\\/booster-starter-set\\\/#primaryimage\",\"url\":\"https:\\\/\\\/trimedea.com\\\/wp-content\\\/uploads\\\/2024\\\/07\\\/starter-set-booster.jpg\",\"contentUrl\":\"https:\\\/\\\/trimedea.com\\\/wp-content\\\/uploads\\\/2024\\\/07\\\/starter-set-booster.jpg\",\"width\":1000,\"height\":1000,\"caption\":\"Booster Starter Set\"},{\"@type\":\"BreadcrumbList\",\"@id\":\"https:\\\/\\\/trimedea.com\\\/en\\\/product\\\/booster-starter-set\\\/#breadcrumb\",\"itemListElement\":[{\"@type\":\"ListItem\",\"position\":1,\"name\":\"Startseite\",\"item\":\"https:\\\/\\\/trimedea.com\\\/en\\\/\"},{\"@type\":\"ListItem\",\"position\":2,\"name\":\"TRIMEDEA SHOP\",\"item\":\"https:\\\/\\\/trimedea.com\\\/en\\\/trimedea-shop\\\/\"},{\"@type\":\"ListItem\",\"position\":3,\"name\":\"Booster Starter Set\"}]},{\"@type\":\"WebSite\",\"@id\":\"https:\\\/\\\/trimedea.com\\\/en\\\/#website\",\"url\":\"https:\\\/\\\/trimedea.com\\\/en\\\/\",\"name\":\"TRIMEDEA\",\"description\":\"F\u00fcr einen gesunden K\u00f6rper und Geist\",\"publisher\":{\"@id\":\"https:\\\/\\\/trimedea.com\\\/en\\\/#organization\"},\"potentialAction\":[{\"@type\":\"SearchAction\",\"target\":{\"@type\":\"EntryPoint\",\"urlTemplate\":\"https:\\\/\\\/trimedea.com\\\/en\\\/?s={search_term_string}\"},\"query-input\":{\"@type\":\"PropertyValueSpecification\",\"valueRequired\":true,\"valueName\":\"search_term_string\"}}],\"inLanguage\":\"en-US\"},{\"@type\":\"Organization\",\"@id\":\"https:\\\/\\\/trimedea.com\\\/en\\\/#organization\",\"name\":\"TRIMEDEA\",\"url\":\"https:\\\/\\\/trimedea.com\\\/en\\\/\",\"logo\":{\"@type\":\"ImageObject\",\"inLanguage\":\"en-US\",\"@id\":\"https:\\\/\\\/trimedea.com\\\/en\\\/#\\\/schema\\\/logo\\\/image\\\/\",\"url\":\"https:\\\/\\\/trimedea.com\\\/wp-content\\\/uploads\\\/2024\\\/04\\\/TRIMEDEA_LOGO.png\",\"contentUrl\":\"https:\\\/\\\/trimedea.com\\\/wp-content\\\/uploads\\\/2024\\\/04\\\/TRIMEDEA_LOGO.png\",\"width\":540,\"height\":248,\"caption\":\"TRIMEDEA\"},\"image\":{\"@id\":\"https:\\\/\\\/trimedea.com\\\/en\\\/#\\\/schema\\\/logo\\\/image\\\/\"}}]}<\/script>\n<!-- \/ Yoast SEO plugin. -->","yoast_head_json":{"title":"Booster Starter Set - TRIMEDEA","description":"Booster starter set with 500 ml each of colloidal gold, silver and platinum, 1 liter of gold or platinum, 100 ml of your choice of gold, silver, copper, zinc or cobalt","robots":{"index":"index","follow":"follow","max-snippet":"max-snippet:-1","max-image-preview":"max-image-preview:large","max-video-preview":"max-video-preview:-1"},"canonical":"https:\/\/trimedea.com\/en\/product\/booster-starter-set\/","og_locale":"en_US","og_type":"article","og_title":"Booster Starter Set - TRIMEDEA","og_description":"Booster starter set with 500 ml each of colloidal gold, silver and platinum, 1 liter of gold or platinum, 100 ml of your choice of gold, silver, copper, zinc or cobalt","og_url":"https:\/\/trimedea.com\/en\/product\/booster-starter-set\/","og_site_name":"TRIMEDEA","article_modified_time":"2025-09-11T08:40:58+00:00","og_image":[{"width":1000,"height":1000,"url":"https:\/\/trimedea.com\/wp-content\/uploads\/2024\/07\/starter-set-booster.jpg","type":"image\/jpeg"}],"twitter_card":"summary_large_image","schema":{"@context":"https:\/\/schema.org","@graph":[{"@type":"WebPage","@id":"https:\/\/trimedea.com\/en\/product\/booster-starter-set\/","url":"https:\/\/trimedea.com\/en\/product\/booster-starter-set\/","name":"Booster Starter Set - TRIMEDEA","isPartOf":{"@id":"https:\/\/trimedea.com\/en\/#website"},"primaryImageOfPage":{"@id":"https:\/\/trimedea.com\/en\/product\/booster-starter-set\/#primaryimage"},"image":{"@id":"https:\/\/trimedea.com\/en\/product\/booster-starter-set\/#primaryimage"},"thumbnailUrl":"https:\/\/trimedea.com\/wp-content\/uploads\/2024\/07\/starter-set-booster.jpg","datePublished":"2024-07-03T07:20:38+00:00","dateModified":"2025-09-11T08:40:58+00:00","description":"Booster starter set with 500 ml each of colloidal gold, silver and platinum, 1 liter of gold or platinum, 100 ml of your choice of gold, silver, copper, zinc or cobalt","breadcrumb":{"@id":"https:\/\/trimedea.com\/en\/product\/booster-starter-set\/#breadcrumb"},"inLanguage":"en-US","potentialAction":[{"@type":"ReadAction","target":["https:\/\/trimedea.com\/en\/product\/booster-starter-set\/"]}]},{"@type":"ImageObject","inLanguage":"en-US","@id":"https:\/\/trimedea.com\/en\/product\/booster-starter-set\/#primaryimage","url":"https:\/\/trimedea.com\/wp-content\/uploads\/2024\/07\/starter-set-booster.jpg","contentUrl":"https:\/\/trimedea.com\/wp-content\/uploads\/2024\/07\/starter-set-booster.jpg","width":1000,"height":1000,"caption":"Booster Starter Set"},{"@type":"BreadcrumbList","@id":"https:\/\/trimedea.com\/en\/product\/booster-starter-set\/#breadcrumb","itemListElement":[{"@type":"ListItem","position":1,"name":"Startseite","item":"https:\/\/trimedea.com\/en\/"},{"@type":"ListItem","position":2,"name":"TRIMEDEA SHOP","item":"https:\/\/trimedea.com\/en\/trimedea-shop\/"},{"@type":"ListItem","position":3,"name":"Booster Starter Set"}]},{"@type":"WebSite","@id":"https:\/\/trimedea.com\/en\/#website","url":"https:\/\/trimedea.com\/en\/","name":"TRIMEDEA","description":"F\u00fcr einen gesunden K\u00f6rper und Geist","publisher":{"@id":"https:\/\/trimedea.com\/en\/#organization"},"potentialAction":[{"@type":"SearchAction","target":{"@type":"EntryPoint","urlTemplate":"https:\/\/trimedea.com\/en\/?s={search_term_string}"},"query-input":{"@type":"PropertyValueSpecification","valueRequired":true,"valueName":"search_term_string"}}],"inLanguage":"en-US"},{"@type":"Organization","@id":"https:\/\/trimedea.com\/en\/#organization","name":"TRIMEDEA","url":"https:\/\/trimedea.com\/en\/","logo":{"@type":"ImageObject","inLanguage":"en-US","@id":"https:\/\/trimedea.com\/en\/#\/schema\/logo\/image\/","url":"https:\/\/trimedea.com\/wp-content\/uploads\/2024\/04\/TRIMEDEA_LOGO.png","contentUrl":"https:\/\/trimedea.com\/wp-content\/uploads\/2024\/04\/TRIMEDEA_LOGO.png","width":540,"height":248,"caption":"TRIMEDEA"},"image":{"@id":"https:\/\/trimedea.com\/en\/#\/schema\/logo\/image\/"}}]}},"_links":{"self":[{"href":"https:\/\/trimedea.com\/en\/wp-json\/wp\/v2\/product\/55198","targetHints":{"allow":["GET"]}}],"collection":[{"href":"https:\/\/trimedea.com\/en\/wp-json\/wp\/v2\/product"}],"about":[{"href":"https:\/\/trimedea.com\/en\/wp-json\/wp\/v2\/types\/product"}],"version-history":[{"count":1,"href":"https:\/\/trimedea.com\/en\/wp-json\/wp\/v2\/product\/55198\/revisions"}],"predecessor-version":[{"id":69420,"href":"https:\/\/trimedea.com\/en\/wp-json\/wp\/v2\/product\/55198\/revisions\/69420"}],"wp:featuredmedia":[{"embeddable":true,"href":"https:\/\/trimedea.com\/en\/wp-json\/wp\/v2\/media\/55250"}],"wp:attachment":[{"href":"https:\/\/trimedea.com\/en\/wp-json\/wp\/v2\/media?parent=55198"}],"wp:term":[{"taxonomy":"product_brand","embeddable":true,"href":"https:\/\/trimedea.com\/en\/wp-json\/wp\/v2\/product_brand?post=55198"},{"taxonomy":"product_cat","embeddable":true,"href":"https:\/\/trimedea.com\/en\/wp-json\/wp\/v2\/product_cat?post=55198"},{"taxonomy":"product_tag","embeddable":true,"href":"https:\/\/trimedea.com\/en\/wp-json\/wp\/v2\/product_tag?post=55198"}],"curies":[{"name":"wp","href":"https:\/\/api.w.org\/{rel}","templated":true}]}}